{"id":3011,"date":"2025-01-26T03:15:11","date_gmt":"2025-01-26T03:15:11","guid":{"rendered":"https:\/\/rmvapesale.com\/?post_type=product&#038;p=3011"},"modified":"2025-01-23T03:29:52","modified_gmt":"2025-01-23T03:29:52","slug":"vapsolo-dg-18000-puffs-smart-screen-puff-18k-disposable-vape-wholesale-electronic-cigarette-discount-price","status":"publish","type":"product","link":"https:\/\/rmvapesale.com\/ro\/product\/vapsolo-dg-18000-puffs-smart-screen-puff-18k-disposable-vape-wholesale-electronic-cigarette-discount-price\/","title":{"rendered":"Vapsolo DG 18000 Puffs Ecran Inteligent Puff 18k Tigara Electronica De Unica Folosinta Vanzare En-gros Pret Redus"},"content":{"rendered":"<div class=\"B2VR9 CJHX3e\">\n<div class=\"wyccme\">\n<div class=\"flex-shrink-0 flex flex-col relative items-end\">\n<div class=\"pt-0\">\n<div class=\"gizmo-bot-avatar flex h-8 w-8 items-center justify-center overflow-hidden rounded-full\">\n<div class=\"relative p-1 rounded-sm flex items-center justify-center bg-token-main-surface-primary text-token-text-primary h-8 w-8\">\n<div class=\"flex-shrink-0 flex flex-col relative items-end\">\n<div class=\"pt-0\">\n<div class=\"gizmo-bot-avatar flex h-8 w-8 items-center justify-center overflow-hidden rounded-full\">\n<h1 class=\"relative p-1 rounded-sm flex items-center justify-center bg-token-main-surface-primary text-token-text-primary h-8 w-8\">Vapsolo DG 18000 Puffs Ecran Inteligent Puff 18k Tigara Electronica De Unica Folosinta Vanzare En-gros Pret Redus<\/h1>\n<\/div>\n<\/div>\n<\/div>\n<\/div>\n<\/div>\n<\/div>\n<\/div>\n<div class=\"group\/conversation-turn relative flex w-full min-w-0 flex-col agent-turn\">\n<div class=\"flex-col gap-1 md:gap-3\">\n<div class=\"flex max-w-full flex-col flex-grow\">\n<div class=\"min-h-8 text-message flex w-full flex-col items-end gap-2 whitespace-normal break-words text-start [.text-message+&amp;]:mt-5\" dir=\"auto\" data-message-author-role=\"assistant\" data-message-id=\"80ece0c4-ead1-4ed9-a9f0-ddc22582b4f4\" data-message-model-slug=\"gpt-4o\">\n<p>C\u0103uta\u021bi un dispozitiv de \u00eenalt\u0103 performan\u021b\u0103 <strong>vape de unic\u0103 folosin\u021b\u0103<\/strong> cu un num\u0103r impresionant de puf-uri \u0219i cele mai noi caracteristici? <strong>\u021aigara electronic\u0103 de unic\u0103 folosin\u021b\u0103 Vapsolo DG 18000 Puffs Smart Screen<\/strong> este potrivirea perfect\u0103! Proiectat pentru vaperi care doresc o satisfac\u021bie de lung\u0103 durat\u0103, acest dispozitiv ofer\u0103 un num\u0103r uimitor de <strong>18.000 de puf-uri<\/strong>, <strong>de flux de aer reglabil<\/strong>, un <strong>ecran inteligent<\/strong>de ultim\u0103 genera\u021bie, toate la un <strong>pre\u021b de en-gros<\/strong>.<\/p>\n<p>accesibil. Aceast\u0103 \u021bigar\u0103 electronic\u0103 dispune de un <strong>Mod inteligent<\/strong> care ajusteaz\u0103 automat puterea \u0219i set\u0103rile \u00een func\u021bie de obiceiurile dumneavoastr\u0103 de vapat, asigur\u00e2nd o experien\u021b\u0103 optim\u0103 de fiecare dat\u0103. Ave\u021bi nevoie de un impact mai puternic? Activa\u021bi <strong>Modul Boost<\/strong> pentru un impuls suplimentar de intensitate \u0219i satisfac\u021bie.<\/p>\n<p>The <strong>control reglabil al fluxului de aer<\/strong> v\u0103 permite s\u0103 v\u0103 regla\u021bi fin experien\u021ba de vapat, indiferent dac\u0103 prefera\u021bi o inhalare str\u00e2ns\u0103, intens\u0103 sau una lin\u0103, aerisit\u0103. \u00cen plus, <strong>afi\u0219ajul cu ecran inteligent<\/strong> ofer\u0103 informa\u021bii \u00een timp real despre durata de via\u021b\u0103 a bateriei \u0219i num\u0103rul de pufuri, astfel \u00eenc\u00e2t ve\u021bi \u0219ti \u00eentotdeauna c\u00e2nd este timpul s\u0103 o re\u00eenc\u0103rca\u021bi.<\/p>\n<p>Echipat cu o <strong>baterie re\u00eenc\u0103rcabil\u0103 de 650 mAh<\/strong> \u0219i \u00eenc\u0103rcare rapid\u0103 Type-C, v\u0103 pute\u021bi bucura de vapat ne\u00eentrerupt cu \u00eenc\u0103rc\u0103ri rapide \u0219i eficiente. Alege\u021bi din <strong>concentra\u021bii de nicotin\u0103 de 2% sau 5%<\/strong>, potrivite at\u00e2t pentru vaperii ocazionali, c\u00e2t \u0219i pentru cei care caut\u0103 o lovitur\u0103 mai puternic\u0103 de nicotin\u0103.<\/p>\n<p>Pentru cump\u0103r\u0103torii angro, Vapsolo DG 18000 ofer\u0103 o valoare imbatabil\u0103 cu <strong>pre\u021buri de en-gros<\/strong>, fiind o alegere ideal\u0103 pentru comercian\u021bii cu am\u0103nuntul \u0219i distribuitori.<\/p>\n<\/div>\n<\/div>\n<\/div>\n<\/div>\n<div class=\"flex-shrink-0 flex flex-col relative items-end\">\n<div class=\"pt-0\">\n<div class=\"gizmo-bot-avatar flex h-8 w-8 items-center justify-center overflow-hidden rounded-full\">\n<p>&nbsp;<\/p>\n<\/div>\n<\/div>\n<\/div>\n<\/div>\n<\/div>\n<p><strong>Contacta\u021bi-o pe Amy pentru a ob\u021bine un r\u0103spuns prompt \u0219i un cupon pentru vape!<\/strong><\/p>\n<p><img loading=\"lazy\" decoding=\"async\" class=\"size-full wp-image-1978\" src=\"https:\/\/rmvapesale.com\/wp-content\/uploads\/2024\/09\/Disposable-Vape-Wholesale.jpg\" alt=\"\u021aig\u0103ri electronice de unic\u0103 folosin\u021b\u0103 en-gros\" width=\"229\" height=\"300\" \/><\/p>\n<h3><a href=\"https:\/\/wa.me\/8617776015835\" target=\"_blank\" rel=\"noopener\"><span style=\"color: #ff0000\"><strong>WhatsApp: +86 17776015835<\/strong><\/span><\/a><\/h3>\n<p>&nbsp;<\/p>\n<h3><strong style=\"font-size: 1.7em\">Caracteristici cheie ale produsului Vapsolo DG 18000 Pufuri<\/strong><\/h3>\n<p>\u2611 Nicotin\u0103:2% 5%<br \/>\n\u2611 Mod inteligent: 18000 Pufuri<br \/>\nMod Boost: 9000 Pufuri<br \/>\n\u2611 Capacitate:28ml<br \/>\n\u2611 650mah re\u00eenc\u0103rcabil\u0103<br \/>\n\u2611 Rezisten\u021b\u0103 de 0,90\u03a9 Mesh<br \/>\n\u2611 Flux de aer reglabil<br \/>\n\u2611 Afi\u0219aj cu ecran inteligent: capacitate baterie\/ capacitate e-lichid<br \/>\n\u2611 10 arome disponibile<\/p>\n<p>&nbsp;<\/p>\n<figure id=\"attachment_3007\" aria-describedby=\"caption-attachment-3007\" style=\"width: 300px\" class=\"wp-caption alignnone\"><img loading=\"lazy\" decoding=\"async\" class=\"size-medium wp-image-3007\" src=\"https:\/\/rmvapesale.com\/wp-content\/uploads\/2025\/01\/Vapsolo-DG-18000-Puffs-Disposable-Vape-Bulk-Buy-300x300.webp\" alt=\"Vapsolo DG 18000 Puffs Vape de unic\u0103 folosin\u021b\u0103 Cump\u0103rare \u00een vrac\" width=\"300\" height=\"300\" srcset=\"https:\/\/rmvapesale.com\/wp-content\/uploads\/2025\/01\/Vapsolo-DG-18000-Puffs-Disposable-Vape-Bulk-Buy-300x300.webp 300w, https:\/\/rmvapesale.com\/wp-content\/uploads\/2025\/01\/Vapsolo-DG-18000-Puffs-Disposable-Vape-Bulk-Buy-150x150.webp 150w, https:\/\/rmvapesale.com\/wp-content\/uploads\/2025\/01\/Vapsolo-DG-18000-Puffs-Disposable-Vape-Bulk-Buy-768x768.webp 768w, https:\/\/rmvapesale.com\/wp-content\/uploads\/2025\/01\/Vapsolo-DG-18000-Puffs-Disposable-Vape-Bulk-Buy-600x600.webp 600w, https:\/\/rmvapesale.com\/wp-content\/uploads\/2025\/01\/Vapsolo-DG-18000-Puffs-Disposable-Vape-Bulk-Buy-100x100.webp 100w, https:\/\/rmvapesale.com\/wp-content\/uploads\/2025\/01\/Vapsolo-DG-18000-Puffs-Disposable-Vape-Bulk-Buy.webp 1000w\" sizes=\"auto, (max-width: 300px) 100vw, 300px\" \/><figcaption id=\"caption-attachment-3007\" class=\"wp-caption-text\">Vapsolo DG 18000 Puffs Vape de unic\u0103 folosin\u021b\u0103 Cump\u0103rare \u00een vrac<\/figcaption><\/figure>\n<h3><strong style=\"font-size: 1.7em\">Arom\u0103 de top pentru Vapsolo DG 18000 Puffs<\/strong><strong style=\"font-size: 1.7em\">\u00a0Vap\u0103<\/strong><\/h3>\n<p>1.Piersic\u0103 Mango Ananas <span style=\"color: #ff0000\"><strong>&gt;&gt;&gt; Fierbinte!<\/strong><\/span><br \/>\n2.Fructul pasiunii cu kiwi \u0219i ghea\u021b\u0103<br \/>\n3.Afine, cire\u0219e \u0219i meri\u0219oare <span style=\"color: #ff0000\"><strong>&gt;&gt;&gt; Fierbinte!<\/strong><\/span><br \/>\n4.Pepene ro\u0219u cu ghea\u021b\u0103<br \/>\n5. C\u0103p\u0219uni Kiwi<br \/>\n6.L\u0103m\u00e2ie \u0219i lime<br \/>\n7.C\u0103p\u0219uni \u0219i banane<br \/>\n8.Red Bull<br \/>\n9.Fructe de p\u0103dure asortate <span style=\"color: #ff0000\"><strong>&gt;&gt;&gt; Cel mai bun!<\/strong><\/span><br \/>\n10.Prime c\u0103p\u0219uni pepene verde<\/p>\n<p>&nbsp;<\/p>\n<h3><strong>De ce s\u0103 alege\u021bi Rmvapesale pentru Vapsolo DG 18000 Puffs <\/strong><strong>V<\/strong><strong>V\u00e2nz\u0103ri en-gros de \u021big\u0103ri electronice<\/strong><strong>?<\/strong><\/h3>\n<div class=\"flex-shrink-0 flex flex-col relative items-end\">\n<div class=\"pt-0\">\n<div class=\"gizmo-bot-avatar flex h-8 w-8 items-center justify-center overflow-hidden rounded-full\">\n<p>Pe m\u0103sur\u0103 ce concuren\u021ba pe pia\u021ba \u021bigaretelor electronice de unic\u0103 folosin\u021b\u0103 se intensific\u0103, Rmvapesale, un lider global \u00een solu\u021bii en-gros de vape de unic\u0103 folosin\u021b\u0103, a lansat Vapsolo DG 18000 Puffs Disposable Vape. Acest produs inovator atrage aten\u021bia cu designul s\u0103u estetic \u0219i la mod\u0103 unic. Dispun\u00e2nd de o gam\u0103 larg\u0103 de arome de fructe, acesta se adreseaz\u0103 unui spectru larg de gusturi ale consumatorilor, pun\u00e2nd accent pe inova\u021bie \u0219i versatilitate.<\/p>\n<p class=\"relative p-1 rounded-sm flex items-center justify-center bg-token-main-surface-primary text-token-text-primary h-8 w-8\">Rmvapesale este magazinul dumneavoastr\u0103 de \u00eencredere pentru vape-uri de unic\u0103 folosin\u021b\u0103 premium. Cu o experien\u021b\u0103 de peste 5 ani, v\u0103 oferim m\u0103rci populare de vape de unic\u0103 folosin\u021b\u0103, cum ar fi Al Fakher, JNR Vape, Vapsolo Vape, Vapme Vape, <a href=\"https:\/\/rmvapesale.com\/ro\/product-category\/bang-vapes\/\">Bang Vape<\/a>, Waspe Vape, WGA Vape \u0219i<a href=\"https:\/\/rmvapesale.com\/ro\/product-category\/randm-fumot-vape\/\"> RandM Vape<\/a>. Gama noastr\u0103 include vape-uri de unic\u0103 folosin\u021b\u0103 la cald, cum ar fi <a href=\"https:\/\/rmvapesale.com\/ro\/product\/waspe-crystal-40000-puffs-double-flavor-led-display-disposable-vape-bulk-buy\/\">WASPE Crystal 40000 Puffs<\/a> \u0219i op\u021biuni bogate \u00een arome, cum ar fi<a href=\"https:\/\/rmvapesale.com\/ro\/product\/aivono-fatman-15000-puffs-vape-disposable-e-cigarettes-mtl\/\"> AIVONO Shisha Hoohak 15000<\/a>. Fiecare produs este ales cu accent pe calitate, valoare \u0219i varietate, asigur\u00e2ndu-v\u0103 c\u0103 g\u0103si\u021bi potrivirea perfect\u0103 pentru nevoile dumneavoastr\u0103. Descoperi\u021bi servicii excep\u021bionale \u0219i o gam\u0103 larg\u0103 de produse de top la Rmvapesale.<\/p>\n<p>&nbsp;<\/p>\n<p class=\"relative p-1 rounded-sm flex items-center justify-center bg-token-main-surface-primary text-token-text-primary h-8 w-8\"><b style=\"font-size: 1.5em;font-style: inherit\">\u00centreb\u0103ri frecvente pentru Vapsolo DG 18k Puffs <\/b><b style=\"font-size: 1.5em;font-style: inherit\">\u021aigar\u0103 electronic\u0103 de unic\u0103 folosin\u021b\u0103 re\u00eenc\u0103rcabil\u0103<\/b><\/p>\n<ol>\n<li><strong>De unde pot cump\u0103ra Vapsolo DG 18000 Puffs Disposable Vape la pre\u021buri en-gros?<\/strong>\n<ul>\n<li>\u00cel pute\u021bi cump\u0103ra la pre\u021buri en-gros de la <a href=\"https:\/\/rmvapesale.com\/ro\/\" target=\"_new\" rel=\"noopener\">Rmvapesale<\/a>, care ofer\u0103 reduceri pentru cump\u0103r\u0103ri \u00een vrac \u0219i transport \u00een toat\u0103 lumea.<\/li>\n<\/ul>\n<\/li>\n<li><strong>Cum ajut\u0103 afi\u0219ajul inteligent?<\/strong>\n<ul>\n<li>Afi\u0219ajul arat\u0103 \u00een timp real procentul bateriei \u0219i num\u0103rul de pufuri, \u021bin\u00e2ndu-v\u0103 informat \u00een permanen\u021b\u0103.<\/li>\n<\/ul>\n<\/li>\n<li><strong>Pot ajusta fluxul de aer pe Vapsolo 18000 Puffs?<\/strong>\n<ul>\n<li>Da, fluxul de aer reglabil v\u0103 permite s\u0103 v\u0103 personaliza\u021bi experien\u021ba de vapat, de la trageri str\u00e2nse la cele line.<\/li>\n<\/ul>\n<\/li>\n<li><strong>Ce niveluri de nicotin\u0103 sunt disponibile?<\/strong>\n<ul>\n<li>Acest dispozitiv vine \u00een concentra\u021bii de nicotin\u0103 de 2% \u0219i 5% pentru a satisface diferite preferin\u021be.<\/li>\n<\/ul>\n<\/li>\n<li><strong>C\u00e2t dureaz\u0103 bateria de 650 mAh?<\/strong>\n<ul>\n<li>Bateria re\u00eenc\u0103rcabil\u0103 ofer\u0103 perioade lungi de utilizare \u0219i poate fi re\u00eenc\u0103rcat\u0103 rapid prin Type-C pentru sesiuni extinse de vapat.<\/li>\n<\/ul>\n<\/li>\n<\/ol>\n<\/div>\n<\/div>\n<\/div>\n<h2>Cum se comand\u0103?<\/h2>\n<div class=\"flex-shrink-0 flex flex-col relative items-end\">\n<div class=\"pt-0\">\n<div class=\"gizmo-bot-avatar flex h-8 w-8 items-center justify-center overflow-hidden rounded-full\">\n<div>\n<p><strong>1. Ce metode de plat\u0103 accepta\u021bi?<\/strong><br \/>\n<span class=\"selectable-text copyable-text false\">Pentru plat\u0103, oferim transfer bancar \u0219i Western Union. Majoritatea clien\u021bilor no\u0219tri din Europa aleg transferul bancar, avem un cont bancar local la care pute\u021bi pl\u0103ti prin contul nostru IBAN f\u0103r\u0103 tax\u0103 de manipulare. <\/span>.<\/p>\n<p><strong>2. Cum \u00eemi pot urm\u0103ri comanda?<\/strong><br \/>\nDup\u0103 expedierea pachetului, <span class=\"selectable-text copyable-text false\">v\u0103 vom oferi un num\u0103r de urm\u0103rire pentru referin\u021b\u0103, de asemenea, v\u0103 vom \u021bine la curent cu statusul p\u00e2n\u0103 la primirea m\u0103rfurilor.<\/span>.<\/p>\n<p><strong>3. C\u00e2t dureaz\u0103 livrarea?<\/strong><\/p>\n<ul>\n<li>Livrarea din <strong>depozitele din China<\/strong> dureaz\u0103 aproximativ <strong>7-14 zile lucr\u0103toare<\/strong>.<\/li>\n<li>Livrarea din <strong>depozitele europene<\/strong> dureaz\u0103 de obicei <strong>3-6 zile lucr\u0103toare<\/strong>.<\/li>\n<\/ul>\n<p><strong>4. Cum pot ob\u021bine o livrare mai rapid\u0103?<\/strong><br \/>\nPentru o livrare mai rapid\u0103, v\u0103 recomand\u0103m s\u0103 comanda\u021bi din <strong>depozitul nostru european<\/strong>, care ofer\u0103 timpi de expediere mai rapizi.<\/p>\n<p><strong>5. Ce se \u00eent\u00e2mpl\u0103 dac\u0103 primesc un produs deteriorat sau defect?<\/strong><br \/>\nDac\u0103 articolul dvs. este deteriorat sau defect, contacta\u021bi serviciul clien\u021bi pentru o <strong>\u00eenlocuire sau rambursare<\/strong>.<\/p>\n<p><strong>6. Cum pot contacta serviciul de asisten\u021b\u0103 pentru clien\u021bi?<\/strong><br \/>\nNe pute\u021bi contacta prin<strong>\u00a0WhatsApp, sau live chat<\/strong> pe site-ul nostru pentru orice asisten\u021b\u0103.<\/p>\n<\/div>\n<div class=\"relative p-1 rounded-sm flex items-center justify-center bg-token-main-surface-primary text-token-text-primary h-8 w-8\"><strong>7. Ce metode de expediere sunt folosite?<\/strong><\/div>\n<\/div>\n<\/div>\n<\/div>\n<div class=\"group\/conversation-turn relative flex w-full min-w-0 flex-col agent-turn\">\n<div class=\"flex-col gap-1 md:gap-3\">\n<div class=\"flex max-w-full flex-col flex-grow\">\n<div class=\"min-h-[20px] text-message flex w-full flex-col items-end gap-2 whitespace-normal break-words [.text-message+&amp;]:mt-5 overflow-x-auto\" dir=\"auto\" data-message-author-role=\"assistant\" data-message-id=\"22f8283b-3233-46ff-89a5-c7a41b33abda\">\n<div class=\"flex w-full flex-col gap-1 empty:hidden first:pt-[3px]\">\n<div class=\"markdown prose w-full break-words dark:prose-invert light\">\n<p>Colabor\u0103m cu UPS, DHL, FedEx, DPD \u0219i al\u021bi transportatori de top. Vom selecta cea mai bun\u0103 metod\u0103 de expediere \u00een func\u021bie de loca\u021bia dvs. de livrare pentru a ne asigura c\u0103 ve\u021bi primi produsele c\u00e2t mai repede posibil.<\/p>\n<\/div>\n<\/div>\n<\/div>\n<\/div>\n<\/div>\n<\/div>\n<p>G\u0103si\u021bi mai multe produse de vapat care v-ar putea pl\u0103cea:<strong><em><a href=\"https:\/\/rmvapesale.com\/ro\/shop-2\/\">cump\u0103r\u0103 acum &gt;&gt;&gt;<\/a><\/em><\/strong><\/p>","protected":false},"excerpt":{"rendered":"<p>Vapsolo DG 18000 Puffs \u021aig\u0103ri electronice de unic\u0103 folosin\u021b\u0103 re\u00eenc\u0103rcabile cu arome duble<br \/>\nVapsolo DG 18k Puff \u021aig\u0103ri electronice de unic\u0103 folosin\u021b\u0103 la cald, cump\u0103rare \u00een vrac<br \/>\nVapsolo DG 18000 Puffs \u021aig\u0103ri de unic\u0103 folosin\u021b\u0103 cu ecran LED inteligent, pre\u021b de en-gros<\/p>\n<p><strong>Contacta\u021bi-o pe Amy pentru a ob\u021bine un r\u0103spuns prompt \u0219i un cupon pentru vape!<\/strong><\/p>\n<p><img loading=\"lazy\" decoding=\"async\" class=\"size-full wp-image-2375\" src=\"https:\/\/rmvapesale.com\/wp-content\/uploads\/2024\/10\/image.png\" alt=\"Cea mai bun\u0103 \u021bigar\u0103 electronic\u0103 de unic\u0103 folosin\u021b\u0103\" width=\"229\" height=\"300\" \/><\/p>\n<h3><a href=\"https:\/\/wa.me\/8617776015835\"><span style=\"color: #ff0000\"><strong>WhatsApp: +86 17776015835<\/strong><\/span><\/a><\/h3>\n<p>&nbsp;<\/p>","protected":false},"featured_media":3006,"comment_status":"open","ping_status":"closed","template":"","meta":{"_uag_custom_page_level_css":"","_lmt_disableupdate":"no","_lmt_disable":"","site-sidebar-layout":"default","site-content-layout":"content-boxed-container","ast-site-content-layout":"normal-width-container","site-content-style":"boxed","site-sidebar-style":"unboxed","ast-global-header-display":"","ast-banner-title-visibility":"","ast-main-header-display":"","ast-hfb-above-header-display":"","ast-hfb-below-header-display":"","ast-hfb-mobile-header-display":"","site-post-title":"","ast-breadcrumbs-content":"","ast-featured-img":"","footer-sml-layout":"","theme-transparent-header-meta":"default","adv-header-id-meta":"","stick-header-meta":"","header-above-stick-meta":"","header-main-stick-meta":"","header-below-stick-meta":"","astra-migrate-meta-layouts":"set","ast-page-background-enabled":"default","ast-page-background-meta":{"desktop":{"background-color":"var(--ast-global-color-4)","background-image":"","background-repeat":"repeat","background-position":"center center","background-size":"auto","background-attachment":"scroll","background-type":"","background-media":"","overlay-type":"","overlay-color":"","overlay-opacity":"","overlay-gradient":""},"tablet":{"background-color":"","background-image":"","background-repeat":"repeat","background-position":"center center","background-size":"auto","background-attachment":"scroll","background-type":"","background-media":"","overlay-type":"","overlay-color":"","overlay-opacity":"","overlay-gradient":""},"mobile":{"background-color":"","background-image":"","background-repeat":"repeat","background-position":"center center","background-size":"auto","background-attachment":"scroll","background-type":"","background-media":"","overlay-type":"","overlay-color":"","overlay-opacity":"","overlay-gradient":""}},"ast-content-background-meta":{"desktop":{"background-color":"var(--ast-global-color-5)","background-image":"","background-repeat":"repeat","background-position":"center center","background-size":"auto","background-attachment":"scroll","background-type":"","background-media":"","overlay-type":"","overlay-color":"","overlay-opacity":"","overlay-gradient":""},"tablet":{"background-color":"var(--ast-global-color-5)","background-image":"","background-repeat":"repeat","background-position":"center center","background-size":"auto","background-attachment":"scroll","background-type":"","background-media":"","overlay-type":"","overlay-color":"","overlay-opacity":"","overlay-gradient":""},"mobile":{"background-color":"var(--ast-global-color-5)","background-image":"","background-repeat":"repeat","background-position":"center center","background-size":"auto","background-attachment":"scroll","background-type":"","background-media":"","overlay-type":"","overlay-color":"","overlay-opacity":"","overlay-gradient":""}},"_joinchat":[]},"product_brand":[],"product_cat":[15,289,290,291,292,298,293,295,299,275,25,123,26,28,135,27,137,136,30],"product_tag":[146,222,64,40,111,302,301],"class_list":{"0":"post-3011","1":"product","2":"type-product","3":"status-publish","4":"has-post-thumbnail","6":"product_cat-new-vape-this-week","7":"product_cat-big-puffs-disposable-vapes","8":"product_cat-crystal-disposable-vapes","9":"product_cat-dual-mesh-disposable-vapes","10":"product_cat-digital-disposable-vapes","11":"product_cat-double-flavor-disposable-vapes","12":"product_cat-low-nicotine-disposable-vapes","13":"product_cat-rechargeable-disposable-vapes","14":"product_cat-smart-screen-disposable-vapes","15":"product_cat-vapsolo-vape","16":"product_cat-germany-best-selling-vape","17":"product_cat-italy-wholesale-vape","18":"product_cat-netherlands-hot-sale-vape","19":"product_cat-poland-hot-sale-vape","20":"product_cat-spain-best-hot-sale-vape","21":"product_cat-fance-hot-sale-vape","22":"product_cat-rechargeable-vapes","23":"product_cat-smart-screen-vapes","24":"product_cat-minimum-order-quantity-50pcs","25":"product_tag-best-hot-sale-vape","26":"product_tag-double-flavor-vape","27":"product_tag-dual-flavour-vape","28":"product_tag-hot-sale-vape","29":"product_tag-low-nicotine-disposable-vape","30":"product_tag-vapsolo-dg-18000","31":"product_tag-vapsolo-vape","32":"desktop-align-left","33":"tablet-align-left","34":"mobile-align-left","36":"first","37":"instock","38":"sale","39":"shipping-taxable","40":"purchasable","41":"product-type-simple"},"uagb_featured_image_src":{"full":["https:\/\/rmvapesale.com\/wp-content\/uploads\/2025\/01\/Vapsolo-DG-18000-Puff-Disposable-Vape-Cheap-Price.webp",1000,1000,false],"thumbnail":["https:\/\/rmvapesale.com\/wp-content\/uploads\/2025\/01\/Vapsolo-DG-18000-Puff-Disposable-Vape-Cheap-Price-150x150.webp",150,150,true],"medium":["https:\/\/rmvapesale.com\/wp-content\/uploads\/2025\/01\/Vapsolo-DG-18000-Puff-Disposable-Vape-Cheap-Price-300x300.webp",300,300,true],"medium_large":["https:\/\/rmvapesale.com\/wp-content\/uploads\/2025\/01\/Vapsolo-DG-18000-Puff-Disposable-Vape-Cheap-Price-768x768.webp",768,768,true],"large":["https:\/\/rmvapesale.com\/wp-content\/uploads\/2025\/01\/Vapsolo-DG-18000-Puff-Disposable-Vape-Cheap-Price.webp",1000,1000,false],"1536x1536":["https:\/\/rmvapesale.com\/wp-content\/uploads\/2025\/01\/Vapsolo-DG-18000-Puff-Disposable-Vape-Cheap-Price.webp",1000,1000,false],"2048x2048":["https:\/\/rmvapesale.com\/wp-content\/uploads\/2025\/01\/Vapsolo-DG-18000-Puff-Disposable-Vape-Cheap-Price.webp",1000,1000,false],"trp-custom-language-flag":["https:\/\/rmvapesale.com\/wp-content\/uploads\/2025\/01\/Vapsolo-DG-18000-Puff-Disposable-Vape-Cheap-Price.webp",12,12,false],"woocommerce_thumbnail":["https:\/\/rmvapesale.com\/wp-content\/uploads\/2025\/01\/Vapsolo-DG-18000-Puff-Disposable-Vape-Cheap-Price-300x300.webp",300,300,true],"woocommerce_single":["https:\/\/rmvapesale.com\/wp-content\/uploads\/2025\/01\/Vapsolo-DG-18000-Puff-Disposable-Vape-Cheap-Price-600x600.webp",600,600,true],"woocommerce_gallery_thumbnail":["https:\/\/rmvapesale.com\/wp-content\/uploads\/2025\/01\/Vapsolo-DG-18000-Puff-Disposable-Vape-Cheap-Price-100x100.webp",100,100,true],"wcpr-photo-reviews":["https:\/\/rmvapesale.com\/wp-content\/uploads\/2025\/01\/Vapsolo-DG-18000-Puff-Disposable-Vape-Cheap-Price.webp",500,500,false]},"uagb_author_info":{"display_name":"AMY","author_link":"https:\/\/rmvapesale.com\/ro\/author\/"},"uagb_comment_info":0,"uagb_excerpt":"Vapsolo DG 18000 Puffs Twins Flavor Rechargeable Disposable Vape Vapsolo DG 18k Puff Hot Sale\u00a0Disposable Vape Bulk Buy Vapsolo DG 18000 Puffs LED Display\u00a0Smart Screen Wholesale Disposable Contact Amy to get right reply and vape coupon! WhatsApp: +86 17776015835 &nbsp;","_links":{"self":[{"href":"https:\/\/rmvapesale.com\/ro\/wp-json\/wp\/v2\/product\/3011","targetHints":{"allow":["GET"]}}],"collection":[{"href":"https:\/\/rmvapesale.com\/ro\/wp-json\/wp\/v2\/product"}],"about":[{"href":"https:\/\/rmvapesale.com\/ro\/wp-json\/wp\/v2\/types\/product"}],"replies":[{"embeddable":true,"href":"https:\/\/rmvapesale.com\/ro\/wp-json\/wp\/v2\/comments?post=3011"}],"wp:featuredmedia":[{"embeddable":true,"href":"https:\/\/rmvapesale.com\/ro\/wp-json\/wp\/v2\/media\/3006"}],"wp:attachment":[{"href":"https:\/\/rmvapesale.com\/ro\/wp-json\/wp\/v2\/media?parent=3011"}],"wp:term":[{"taxonomy":"product_brand","embeddable":true,"href":"https:\/\/rmvapesale.com\/ro\/wp-json\/wp\/v2\/product_brand?post=3011"},{"taxonomy":"product_cat","embeddable":true,"href":"https:\/\/rmvapesale.com\/ro\/wp-json\/wp\/v2\/product_cat?post=3011"},{"taxonomy":"product_tag","embeddable":true,"href":"https:\/\/rmvapesale.com\/ro\/wp-json\/wp\/v2\/product_tag?post=3011"}],"curies":[{"name":"wp","href":"https:\/\/api.w.org\/{rel}","templated":true}]}}