{"id":3013,"date":"2025-01-29T07:27:53","date_gmt":"2025-01-29T07:27:53","guid":{"rendered":"https:\/\/rmvapesale.com\/?post_type=product&#038;p=3013"},"modified":"2025-01-23T07:39:23","modified_gmt":"2025-01-23T07:39:23","slug":"bood-vape-30000-puff-bar-disposable-vape-wholesale-vape-pen-at-a-cheap-price","status":"publish","type":"product","link":"https:\/\/rmvapesale.com\/ro\/product\/bood-vape-30000-puff-bar-disposable-vape-wholesale-vape-pen-at-a-cheap-price\/","title":{"rendered":"Bood Vape 30000 Pufuri Bar\u0103 Vape de Unic\u0103 Folosin\u021b\u0103, Stilou Vape En Gros la un Pre\u021b Mic"},"content":{"rendered":"<div class=\"B2VR9 CJHX3e\">\n<div class=\"wyccme\">\n<div class=\"flex-shrink-0 flex flex-col relative items-end\">\n<div class=\"pt-0\">\n<div class=\"gizmo-bot-avatar flex h-8 w-8 items-center justify-center overflow-hidden rounded-full\">\n<div class=\"relative p-1 rounded-sm flex items-center justify-center bg-token-main-surface-primary text-token-text-primary h-8 w-8\">\n<div class=\"flex-shrink-0 flex flex-col relative items-end\">\n<div class=\"pt-0\">\n<div class=\"gizmo-bot-avatar flex h-8 w-8 items-center justify-center overflow-hidden rounded-full\">\n<div class=\"flex-shrink-0 flex flex-col relative items-end\">\n<div class=\"pt-0\">\n<div class=\"gizmo-bot-avatar flex h-8 w-8 items-center justify-center overflow-hidden rounded-full\">\n<h1 class=\"relative p-1 rounded-sm flex items-center justify-center bg-token-main-surface-primary text-token-text-primary h-8 w-8\">Bood Vape 30000 Pufuri Bar\u0103 Vape de Unic\u0103 Folosin\u021b\u0103, Stilou Vape En Gros la un Pre\u021b Mic<\/h1>\n<\/div>\n<\/div>\n<\/div>\n<\/div>\n<\/div>\n<\/div>\n<\/div>\n<\/div>\n<\/div>\n<\/div>\n<div class=\"group\/conversation-turn relative flex w-full min-w-0 flex-col agent-turn\">\n<div class=\"flex-col gap-1 md:gap-3\">\n<div class=\"flex max-w-full flex-col flex-grow\">\n<div class=\"min-h-8 text-message flex w-full flex-col items-end gap-2 whitespace-normal break-words text-start [.text-message+&amp;]:mt-5\" dir=\"auto\" data-message-author-role=\"assistant\" data-message-id=\"80ece0c4-ead1-4ed9-a9f0-ddc22582b4f4\" data-message-model-slug=\"gpt-4o\">\n<p>The <strong>Bood Vape 30000 Puff Bar, vape de unic\u0103 folosin\u021b\u0103<\/strong> este conceput pentru vapori care cer <strong>performan\u021b\u0103 de durat\u0103, flux de aer ajustabil \u0219i tehnologie de afi\u0219are inteligent\u0103<\/strong>, toate la un <strong>pre\u021b en-gros accesibil<\/strong>. Cu o impresionant\u0103 <strong>capacitate de 30.000 de pufuri<\/strong>, acest stilou de vapare re\u00eenc\u0103rcabil este perfect pentru cei care caut\u0103 comoditate f\u0103r\u0103 a compromite calitatea.<\/p>\n<p>\u00cenc\u0103rcat cu <strong>20ml de lichid electronic preumplut<\/strong>, Bood Vape asigur\u0103 sesiuni extinse de vaping f\u0103r\u0103 nevoie de reumplere constant\u0103. Acesta <strong>tehnologia dual\u0103 a rezisten\u021bei tip mesh<\/strong> ofer\u0103 vapori netezi \u0219i aromatiza\u021bi la fiecare puf, \u00een timp ce <strong>rezisten\u021ba bobinei de 1.0\u03a9<\/strong> optimizeaz\u0103 at\u00e2t produc\u021bia de vapori, c\u00e2t \u0219i gustul.<\/p>\n<p>The <strong>control reglabil al fluxului de aer<\/strong> \u00ee\u021bi permite s\u0103 personalizezi experien\u021ba\u2014fie c\u0103 preferi o inhalare str\u00e2ns\u0103 \u0219i intens\u0103 sau una mai relaxat\u0103 \u0219i aerisit\u0103. \u00cen plus, <strong>ecran inteligent<\/strong> ecranul ofer\u0103 actualiz\u0103ri \u00een timp real despre num\u0103rul de pufuri \u0219i durata de via\u021b\u0103 a bateriei, men\u021bin\u00e2ndu-v\u0103 informat pe tot parcursul c\u0103l\u0103toriei dvs. de vaping.<\/p>\n<p>Alimentat de un <strong>baterie re\u00eenc\u0103rcabil\u0103 de 650 mAh<\/strong>, dispozitivul dispune de un <strong>Port de \u00eenc\u0103rcare rapid\u0103 Type-C<\/strong>, asigur\u00e2nd o alimentare rapid\u0103 \u0219i eficient\u0103 atunci c\u00e2nd este necesar. Cu <strong>trei op\u021biuni de intensitate a nicotinei (0%, 2% \u0219i 5%)<\/strong>, acest <strong>vape de unic\u0103 folosin\u021b\u0103 cu nicotin\u0103 redus\u0103<\/strong> se adreseaz\u0103 tuturor preferin\u021belor, de la f\u0103r\u0103 nicotine p\u00e2n\u0103 la o lovitur\u0103 puternic\u0103 \u0219i satisf\u0103c\u0103toare.<\/p>\n<p>Ideal pentru comercian\u021bi cu am\u0103nuntul \u0219i distribuitori, <strong>Bood Vape 30000 Puff Bar<\/strong> este disponibil la un pre\u021b de <strong>vape de unic\u0103 folosin\u021b\u0103 en gros imbatabil<\/strong>, fiind o op\u021biune excelent\u0103 pentru cump\u0103r\u0103turi \u00een cantit\u0103\u021bi mari. Alege din <strong>10 arome interesante<\/strong>, oferind ceva pentru fiecare.<\/p>\n<\/div>\n<\/div>\n<\/div>\n<\/div>\n<div class=\"flex-shrink-0 flex flex-col relative items-end\">\n<div class=\"pt-0\">\n<div class=\"gizmo-bot-avatar flex h-8 w-8 items-center justify-center overflow-hidden rounded-full\">\n<p>&nbsp;<\/p>\n<\/div>\n<\/div>\n<\/div>\n<\/div>\n<\/div>\n<p><strong>Contacta\u021bi-o pe Amy pentru a ob\u021bine un r\u0103spuns prompt \u0219i un cupon pentru vape!<\/strong><\/p>\n<p><img loading=\"lazy\" decoding=\"async\" class=\"size-full wp-image-1978\" src=\"https:\/\/rmvapesale.com\/wp-content\/uploads\/2024\/09\/Disposable-Vape-Wholesale.jpg\" alt=\"\u021aig\u0103ri electronice de unic\u0103 folosin\u021b\u0103 en-gros\" width=\"229\" height=\"300\" \/><\/p>\n<h3><a href=\"https:\/\/wa.me\/8617776015835\" target=\"_blank\" rel=\"noopener\"><span style=\"color: #ff0000\"><strong>WhatsApp: +86 17776015835<\/strong><\/span><\/a><\/h3>\n<h3><\/h3>\n<h3><strong style=\"font-size: 1.7em\">Caracteristici principale ale produsului Bood Vape 30000 Puffs<\/strong><\/h3>\n<ul>\n<li><strong>Num\u0103r mare de pufuri:<\/strong> Bucura\u021bi-v\u0103 de p\u00e2n\u0103 la 30.000 de pufuri pentru satisfac\u021bie de durat\u0103.<\/li>\n<li><strong>E-Lichid preumplut de 20ml:<\/strong> Asigur\u0103 o experien\u021b\u0103 de vaping extins\u0103 f\u0103r\u0103 reumplere.<\/li>\n<li><strong>Baterie re\u00eenc\u0103rcabil\u0103 de 650mAh:<\/strong> Performan\u021b\u0103 consistent\u0103 cu \u00eenc\u0103rcare rapid\u0103 Type-C.<\/li>\n<li><strong>Flux de aer reglabil:<\/strong> Personalizeaz\u0103 stilul t\u0103u de vaping cu control precis al fluxului de aer.<\/li>\n<li><strong>Ecran inteligent de afi\u0219are:<\/strong> Monitorizeaz\u0103 num\u0103rul de pufuri \u0219i durata de via\u021b\u0103 a bateriei \u00een timp real.<\/li>\n<\/ul>\n<figure id=\"attachment_2978\" aria-describedby=\"caption-attachment-2978\" style=\"width: 1000px\" class=\"wp-caption alignnone\"><img loading=\"lazy\" decoding=\"async\" class=\"wp-image-2978 size-full\" src=\"https:\/\/rmvapesale.com\/wp-content\/uploads\/2025\/01\/BOOD-Infinity-30k-Vape-Price.webp\" alt=\"Pre\u021bul vape-ului BOOD Infinity 30k\" width=\"1000\" height=\"1000\" srcset=\"https:\/\/rmvapesale.com\/wp-content\/uploads\/2025\/01\/BOOD-Infinity-30k-Vape-Price.webp 1000w, https:\/\/rmvapesale.com\/wp-content\/uploads\/2025\/01\/BOOD-Infinity-30k-Vape-Price-300x300.webp 300w, https:\/\/rmvapesale.com\/wp-content\/uploads\/2025\/01\/BOOD-Infinity-30k-Vape-Price-150x150.webp 150w, https:\/\/rmvapesale.com\/wp-content\/uploads\/2025\/01\/BOOD-Infinity-30k-Vape-Price-768x768.webp 768w, https:\/\/rmvapesale.com\/wp-content\/uploads\/2025\/01\/BOOD-Infinity-30k-Vape-Price-600x600.webp 600w, https:\/\/rmvapesale.com\/wp-content\/uploads\/2025\/01\/BOOD-Infinity-30k-Vape-Price-100x100.webp 100w\" sizes=\"auto, (max-width: 1000px) 100vw, 1000px\" \/><figcaption id=\"caption-attachment-2978\" class=\"wp-caption-text\">Pre\u021bul vape-ului BOOD Infinity 30k<\/figcaption><\/figure>\n<h3><strong style=\"font-size: 1.7em\">Arome de top pentru Bood Vape 30000 Pufuri<\/strong><strong style=\"font-size: 1.7em\"> Vap\u0103<\/strong><\/h3>\n<p>The <strong>Bood Vape 30000 Puff Bar, vape de unic\u0103 folosin\u021b\u0103<\/strong> combin\u0103 performan\u021b\u0103 impresionant\u0103, func\u021bii inteligente \u0219i accesibilitate, f\u0103c\u00e2ndu-l unul dintre cele <strong>mai populare vapes de unic\u0103 folosin\u021b\u0103<\/strong> disponibile. Comand\u0103 ast\u0103zi \u0219i experimenteaz\u0103 vapingul la cel mai \u00eenalt nivel!<\/p>\n<p>1 C\u0102P\u0218UN\u0102 MANGO <span style=\"color: #ff0000\"><strong>&gt;&gt;&gt;&gt; Fierbinte !<\/strong><\/span><br \/>\n2 PEACHY MANGO PINEAPPLE<br \/>\n3 LUSH ICE<br \/>\n4 BERRY BURST <span style=\"color: #ff0000\"><strong>&gt;&gt;&gt;&gt; Fierbinte !<\/strong><\/span><br \/>\n5 STRAWBERRY KIWI<br \/>\n6 HAWAII<br \/>\n7 BLUE RAZZ ICE <span style=\"color: #ff0000\"><strong>&gt;&gt;&gt;&gt; Cel mai bun !<\/strong><\/span><br \/>\n8 BLUEBERRY LEMONADE<br \/>\n9 BLACK ICE<br \/>\n10 TIFFANY<\/p>\n<h3><strong>De ce s\u0103 alegi Rmvapesale pentru Bood Vape 30000 Puff\u00a0 <\/strong><strong>V<\/strong><strong>V\u00e2nz\u0103ri en-gros de \u021big\u0103ri electronice<\/strong><strong>?<\/strong><\/h3>\n<div class=\"flex-shrink-0 flex flex-col relative items-end\">\n<div class=\"pt-0\">\n<div class=\"gizmo-bot-avatar flex h-8 w-8 items-center justify-center overflow-hidden rounded-full\">\n<p>Pe m\u0103sur\u0103 ce competi\u021bia pe pia\u021ba \u021bigaretelor electronice de unic\u0103 folosin\u021b\u0103 se intensific\u0103, Rmvapesale, lider global \u00een solu\u021bii en gros pentru vape-uri de unic\u0103 folosin\u021b\u0103, a lansat Bood Vape 30000 Puff Bar. Acest produs inovator atrage aten\u021bia prin estetica \u0219i designul s\u0103u de mod\u0103 unic\u0103. Cu o gam\u0103 extins\u0103 de arome fructate, satisface o gam\u0103 larg\u0103 de gusturi ale consumatorilor, pun\u00e2nd accent pe inova\u021bie \u0219i versatilitate.<\/p>\n<p class=\"relative p-1 rounded-sm flex items-center justify-center bg-token-main-surface-primary text-token-text-primary h-8 w-8\">Rmvapesale este magazinul dumneavoastr\u0103 de \u00eencredere pentru vape-uri de unic\u0103 folosin\u021b\u0103 premium. Cu o experien\u021b\u0103 de peste 5 ani, v\u0103 oferim m\u0103rci populare de vape de unic\u0103 folosin\u021b\u0103, cum ar fi Al Fakher, JNR Vape, Vapsolo Vape, Vapme Vape, <a href=\"https:\/\/rmvapesale.com\/ro\/product-category\/bang-vapes\/\">Bang Vape<\/a>, Waspe Vape, WGA Vape \u0219i<a href=\"https:\/\/rmvapesale.com\/ro\/product-category\/randm-fumot-vape\/\"> RandM Vape<\/a>. Gama noastr\u0103 include vape-uri de unic\u0103 folosin\u021b\u0103 la cald, cum ar fi <a href=\"https:\/\/rmvapesale.com\/ro\/product\/waspe-crystal-40000-puffs-double-flavor-led-display-disposable-vape-bulk-buy\/\">WASPE Crystal 40000 Puffs<\/a> \u0219i op\u021biuni bogate \u00een arome, cum ar fi<a href=\"https:\/\/rmvapesale.com\/ro\/product\/aivono-fatman-15000-puffs-vape-disposable-e-cigarettes-mtl\/\"> AIVONO Shisha Hoohak 15000<\/a>. Fiecare produs este ales cu accent pe calitate, valoare \u0219i varietate, asigur\u00e2ndu-v\u0103 c\u0103 g\u0103si\u021bi potrivirea perfect\u0103 pentru nevoile dumneavoastr\u0103. Descoperi\u021bi servicii excep\u021bionale \u0219i o gam\u0103 larg\u0103 de produse de top la Rmvapesale.<\/p>\n<p class=\"relative p-1 rounded-sm flex items-center justify-center bg-token-main-surface-primary text-token-text-primary h-8 w-8\"><b style=\"font-size: 1.5em;font-style: inherit\">\u00ceNTREB\u0102RI FRECVENTE PENTRU Bood Vape 30000 <\/b><b style=\"font-size: 1.5em;font-style: inherit\">\u021aigar\u0103 electronic\u0103 de unic\u0103 folosin\u021b\u0103 re\u00eenc\u0103rcabil\u0103<\/b><\/p>\n<ol>\n<li><strong>Unde pot cump\u0103ra Bood Vape 30000 Puff Bar la pre\u021buri en gros?<\/strong>\n<ul>\n<li>\u00cel pute\u021bi achizi\u021biona la cele mai bune tarife en gros de la <a href=\"https:\/\/rmvapesale.com\/ro\/\" target=\"_new\" rel=\"noopener\">Rmvapesale<\/a>, oferind reduceri mari pentru achizi\u021bii \u00een volum.<\/li>\n<\/ul>\n<\/li>\n<li><strong>Ce niveluri de nicotin\u0103 sunt disponibile pentru Bood Vape 30000?<\/strong>\n<ul>\n<li>Este disponibil \u00een nivelurile de nicotin\u0103 0%, 2% \u0219i 5%, pentru diverse nevoi de vaping.<\/li>\n<\/ul>\n<\/li>\n<li><strong>Cum func\u021bioneaz\u0103 controlul ajustabil al fluxului de aer?<\/strong>\n<ul>\n<li>Controlul fluxului de aer v\u0103 permite s\u0103 personaliza\u021bi inhalarea, de la una str\u00e2ns\u0103 la una aerisit\u0103, pentru o experien\u021b\u0103 personalizat\u0103.<\/li>\n<\/ul>\n<\/li>\n<li><strong>C\u00e2t timp dureaz\u0103 bateria re\u00eenc\u0103rcabil\u0103?<\/strong>\n<ul>\n<li>Bateria de 650mAh ofer\u0103 performan\u021b\u0103 de durat\u0103 lung\u0103 \u0219i poate fi re\u00eenc\u0103rcat\u0103 rapid prin portul Type-C.<\/li>\n<\/ul>\n<\/li>\n<li><strong>Ce arome sunt disponibile \u00een Bood Vape 30000 Puff Bar?<\/strong>\n<ul>\n<li>Exist\u0103 10 arome delicioase din care s\u0103 alegi, oferind o varietate de op\u021biuni pentru diferite preferin\u021be de gust.<\/li>\n<\/ul>\n<\/li>\n<\/ol>\n<\/div>\n<\/div>\n<\/div>\n<h2>Cum se comand\u0103?<\/h2>\n<div class=\"flex-shrink-0 flex flex-col relative items-end\">\n<div class=\"pt-0\">\n<div class=\"gizmo-bot-avatar flex h-8 w-8 items-center justify-center overflow-hidden rounded-full\">\n<div>\n<p><strong>1. Ce metode de plat\u0103 accepta\u021bi?<\/strong><br \/>\n<span class=\"selectable-text copyable-text false\">Pentru plat\u0103, oferim transfer bancar \u0219i Western Union. Majoritatea clien\u021bilor no\u0219tri din Europa aleg transferul bancar, avem un cont bancar local la care pute\u021bi pl\u0103ti prin contul nostru IBAN f\u0103r\u0103 tax\u0103 de manipulare. <\/span>.<\/p>\n<p><strong>2. Cum \u00eemi pot urm\u0103ri comanda?<\/strong><br \/>\nDup\u0103 expedierea pachetului, <span class=\"selectable-text copyable-text false\">v\u0103 vom oferi un num\u0103r de urm\u0103rire pentru referin\u021b\u0103, de asemenea, v\u0103 vom \u021bine la curent cu statusul p\u00e2n\u0103 la primirea m\u0103rfurilor.<\/span>.<\/p>\n<p><strong>3. C\u00e2t dureaz\u0103 livrarea?<\/strong><\/p>\n<ul>\n<li>Livrarea din <strong>depozitele din China<\/strong> dureaz\u0103 aproximativ <strong>7-14 zile lucr\u0103toare<\/strong>.<\/li>\n<li>Livrarea din <strong>depozitele europene<\/strong> dureaz\u0103 de obicei <strong>3-6 zile lucr\u0103toare<\/strong>.<\/li>\n<\/ul>\n<p><strong>4. Cum pot ob\u021bine o livrare mai rapid\u0103?<\/strong><br \/>\nPentru o livrare mai rapid\u0103, v\u0103 recomand\u0103m s\u0103 comanda\u021bi din <strong>depozitul nostru european<\/strong>, care ofer\u0103 timpi de expediere mai rapizi.<\/p>\n<p><strong>5. Ce se \u00eent\u00e2mpl\u0103 dac\u0103 primesc un produs deteriorat sau defect?<\/strong><br \/>\nDac\u0103 articolul dvs. este deteriorat sau defect, contacta\u021bi serviciul clien\u021bi pentru o <strong>\u00eenlocuire sau rambursare<\/strong>.<\/p>\n<p><strong>6. Cum pot contacta serviciul de asisten\u021b\u0103 pentru clien\u021bi?<\/strong><br \/>\nNe pute\u021bi contacta prin<strong>\u00a0WhatsApp, sau live chat<\/strong> pe site-ul nostru pentru orice asisten\u021b\u0103.<\/p>\n<\/div>\n<div class=\"relative p-1 rounded-sm flex items-center justify-center bg-token-main-surface-primary text-token-text-primary h-8 w-8\"><strong>7. Ce metode de expediere sunt folosite?<\/strong><\/div>\n<\/div>\n<\/div>\n<\/div>\n<div class=\"group\/conversation-turn relative flex w-full min-w-0 flex-col agent-turn\">\n<div class=\"flex-col gap-1 md:gap-3\">\n<div class=\"flex max-w-full flex-col flex-grow\">\n<div class=\"min-h-[20px] text-message flex w-full flex-col items-end gap-2 whitespace-normal break-words [.text-message+&amp;]:mt-5 overflow-x-auto\" dir=\"auto\" data-message-author-role=\"assistant\" data-message-id=\"22f8283b-3233-46ff-89a5-c7a41b33abda\">\n<div class=\"flex w-full flex-col gap-1 empty:hidden first:pt-[3px]\">\n<div class=\"markdown prose w-full break-words dark:prose-invert light\">\n<p>Colabor\u0103m cu UPS, DHL, FedEx, DPD \u0219i al\u021bi transportatori de top. Vom selecta cea mai bun\u0103 metod\u0103 de expediere \u00een func\u021bie de loca\u021bia dvs. de livrare pentru a ne asigura c\u0103 ve\u021bi primi produsele c\u00e2t mai repede posibil.<\/p>\n<\/div>\n<\/div>\n<\/div>\n<\/div>\n<\/div>\n<\/div>\n<p>G\u0103si\u021bi mai multe produse de vapat care v-ar putea pl\u0103cea:<strong><em><a href=\"https:\/\/rmvapesale.com\/ro\/shop-2\/\">cump\u0103r\u0103 acum &gt;&gt;&gt;<\/a><\/em><\/strong><\/p>","protected":false},"excerpt":{"rendered":"<p>Bood Vape 30000 30k Puff Bar Vape re\u00eenc\u0103rcabil de unic\u0103 folosin\u021b\u0103, pre\u021b redus<br \/>\nBood Vape 30000 Vaping de v\u00e2nzare fierbinte, stilou de vapare de unic\u0103 folosin\u021b\u0103, cump\u0103rare en-gros<br \/>\nBood Vape 30000 Afi\u0219aj LED, ecran inteligent, vape de unic\u0103 folosin\u021b\u0103 en-gros<\/p>\n<p><strong>Contacta\u021bi-o pe Amy pentru a ob\u021bine un r\u0103spuns prompt \u0219i un cupon pentru vape!<\/strong><\/p>\n<p><img loading=\"lazy\" decoding=\"async\" class=\"size-full wp-image-2375\" src=\"https:\/\/rmvapesale.com\/wp-content\/uploads\/2024\/10\/image.png\" alt=\"Cea mai bun\u0103 \u021bigar\u0103 electronic\u0103 de unic\u0103 folosin\u021b\u0103\" width=\"229\" height=\"300\" \/><\/p>\n<h3><a href=\"https:\/\/wa.me\/8617776015835\"><span style=\"color: #ff0000\"><strong>WhatsApp: +86 17776015835<\/strong><\/span><\/a><\/h3>\n<p>&nbsp;<\/p>","protected":false},"featured_media":2977,"comment_status":"open","ping_status":"closed","template":"","meta":{"_uag_custom_page_level_css":"","_lmt_disableupdate":"no","_lmt_disable":"","site-sidebar-layout":"default","site-content-layout":"content-boxed-container","ast-site-content-layout":"normal-width-container","site-content-style":"boxed","site-sidebar-style":"unboxed","ast-global-header-display":"","ast-banner-title-visibility":"","ast-main-header-display":"","ast-hfb-above-header-display":"","ast-hfb-below-header-display":"","ast-hfb-mobile-header-display":"","site-post-title":"","ast-breadcrumbs-content":"","ast-featured-img":"","footer-sml-layout":"","theme-transparent-header-meta":"default","adv-header-id-meta":"","stick-header-meta":"","header-above-stick-meta":"","header-main-stick-meta":"","header-below-stick-meta":"","astra-migrate-meta-layouts":"set","ast-page-background-enabled":"default","ast-page-background-meta":{"desktop":{"background-color":"var(--ast-global-color-4)","background-image":"","background-repeat":"repeat","background-position":"center center","background-size":"auto","background-attachment":"scroll","background-type":"","background-media":"","overlay-type":"","overlay-color":"","overlay-opacity":"","overlay-gradient":""},"tablet":{"background-color":"","background-image":"","background-repeat":"repeat","background-position":"center center","background-size":"auto","background-attachment":"scroll","background-type":"","background-media":"","overlay-type":"","overlay-color":"","overlay-opacity":"","overlay-gradient":""},"mobile":{"background-color":"","background-image":"","background-repeat":"repeat","background-position":"center center","background-size":"auto","background-attachment":"scroll","background-type":"","background-media":"","overlay-type":"","overlay-color":"","overlay-opacity":"","overlay-gradient":""}},"ast-content-background-meta":{"desktop":{"background-color":"var(--ast-global-color-5)","background-image":"","background-repeat":"repeat","background-position":"center center","background-size":"auto","background-attachment":"scroll","background-type":"","background-media":"","overlay-type":"","overlay-color":"","overlay-opacity":"","overlay-gradient":""},"tablet":{"background-color":"var(--ast-global-color-5)","background-image":"","background-repeat":"repeat","background-position":"center center","background-size":"auto","background-attachment":"scroll","background-type":"","background-media":"","overlay-type":"","overlay-color":"","overlay-opacity":"","overlay-gradient":""},"mobile":{"background-color":"var(--ast-global-color-5)","background-image":"","background-repeat":"repeat","background-position":"center center","background-size":"auto","background-attachment":"scroll","background-type":"","background-media":"","overlay-type":"","overlay-color":"","overlay-opacity":"","overlay-gradient":""}},"_joinchat":[]},"product_brand":[],"product_cat":[15,289,290,291,292,293,295,299,265,253,25,123,26,28,135,27,137,136,30],"product_tag":[146,305,222,64,40,111,306],"class_list":{"0":"post-3013","1":"product","2":"type-product","3":"status-publish","4":"has-post-thumbnail","6":"product_cat-new-vape-this-week","7":"product_cat-big-puffs-disposable-vapes","8":"product_cat-crystal-disposable-vapes","9":"product_cat-dual-mesh-disposable-vapes","10":"product_cat-digital-disposable-vapes","11":"product_cat-low-nicotine-disposable-vapes","12":"product_cat-rechargeable-disposable-vapes","13":"product_cat-smart-screen-disposable-vapes","14":"product_cat-bood-disposable-vape","15":"product_cat-15000-puff-disposable-vape","16":"product_cat-germany-best-selling-vape","17":"product_cat-italy-wholesale-vape","18":"product_cat-netherlands-hot-sale-vape","19":"product_cat-poland-hot-sale-vape","20":"product_cat-spain-best-hot-sale-vape","21":"product_cat-fance-hot-sale-vape","22":"product_cat-rechargeable-vapes","23":"product_cat-smart-screen-vapes","24":"product_cat-minimum-order-quantity-50pcs","25":"product_tag-best-hot-sale-vape","26":"product_tag-bood-vape-30000","27":"product_tag-double-flavor-vape","28":"product_tag-dual-flavour-vape","29":"product_tag-hot-sale-vape","30":"product_tag-low-nicotine-disposable-vape","31":"product_tag-puff-bar","32":"desktop-align-left","33":"tablet-align-left","34":"mobile-align-left","36":"first","37":"instock","38":"sale","39":"shipping-taxable","40":"purchasable","41":"product-type-simple"},"uagb_featured_image_src":{"full":["https:\/\/rmvapesale.com\/wp-content\/uploads\/2025\/01\/Best-Bood-Infinity-30000-Puff-Rechargeable-Disposable-Vape.webp",1000,1000,false],"thumbnail":["https:\/\/rmvapesale.com\/wp-content\/uploads\/2025\/01\/Best-Bood-Infinity-30000-Puff-Rechargeable-Disposable-Vape-150x150.webp",150,150,true],"medium":["https:\/\/rmvapesale.com\/wp-content\/uploads\/2025\/01\/Best-Bood-Infinity-30000-Puff-Rechargeable-Disposable-Vape-300x300.webp",300,300,true],"medium_large":["https:\/\/rmvapesale.com\/wp-content\/uploads\/2025\/01\/Best-Bood-Infinity-30000-Puff-Rechargeable-Disposable-Vape-768x768.webp",768,768,true],"large":["https:\/\/rmvapesale.com\/wp-content\/uploads\/2025\/01\/Best-Bood-Infinity-30000-Puff-Rechargeable-Disposable-Vape.webp",1000,1000,false],"1536x1536":["https:\/\/rmvapesale.com\/wp-content\/uploads\/2025\/01\/Best-Bood-Infinity-30000-Puff-Rechargeable-Disposable-Vape.webp",1000,1000,false],"2048x2048":["https:\/\/rmvapesale.com\/wp-content\/uploads\/2025\/01\/Best-Bood-Infinity-30000-Puff-Rechargeable-Disposable-Vape.webp",1000,1000,false],"trp-custom-language-flag":["https:\/\/rmvapesale.com\/wp-content\/uploads\/2025\/01\/Best-Bood-Infinity-30000-Puff-Rechargeable-Disposable-Vape.webp",12,12,false],"woocommerce_thumbnail":["https:\/\/rmvapesale.com\/wp-content\/uploads\/2025\/01\/Best-Bood-Infinity-30000-Puff-Rechargeable-Disposable-Vape-300x300.webp",300,300,true],"woocommerce_single":["https:\/\/rmvapesale.com\/wp-content\/uploads\/2025\/01\/Best-Bood-Infinity-30000-Puff-Rechargeable-Disposable-Vape-600x600.webp",600,600,true],"woocommerce_gallery_thumbnail":["https:\/\/rmvapesale.com\/wp-content\/uploads\/2025\/01\/Best-Bood-Infinity-30000-Puff-Rechargeable-Disposable-Vape-100x100.webp",100,100,true],"wcpr-photo-reviews":["https:\/\/rmvapesale.com\/wp-content\/uploads\/2025\/01\/Best-Bood-Infinity-30000-Puff-Rechargeable-Disposable-Vape.webp",500,500,false]},"uagb_author_info":{"display_name":"AMY","author_link":"https:\/\/rmvapesale.com\/ro\/author\/"},"uagb_comment_info":0,"uagb_excerpt":"Bood Vape 30000 30k Puff Bar Rechargeable Disposable Vape Cheap Price Bood Vape 30000 Hot Sale Disposable Vape Pen Bulk Buy Bood Vape 30000 LED Display Smart Screen Disposable Vape Wholesale Contact Amy to get right reply and vape coupon! WhatsApp: +86 17776015835 &nbsp;","_links":{"self":[{"href":"https:\/\/rmvapesale.com\/ro\/wp-json\/wp\/v2\/product\/3013","targetHints":{"allow":["GET"]}}],"collection":[{"href":"https:\/\/rmvapesale.com\/ro\/wp-json\/wp\/v2\/product"}],"about":[{"href":"https:\/\/rmvapesale.com\/ro\/wp-json\/wp\/v2\/types\/product"}],"replies":[{"embeddable":true,"href":"https:\/\/rmvapesale.com\/ro\/wp-json\/wp\/v2\/comments?post=3013"}],"wp:featuredmedia":[{"embeddable":true,"href":"https:\/\/rmvapesale.com\/ro\/wp-json\/wp\/v2\/media\/2977"}],"wp:attachment":[{"href":"https:\/\/rmvapesale.com\/ro\/wp-json\/wp\/v2\/media?parent=3013"}],"wp:term":[{"taxonomy":"product_brand","embeddable":true,"href":"https:\/\/rmvapesale.com\/ro\/wp-json\/wp\/v2\/product_brand?post=3013"},{"taxonomy":"product_cat","embeddable":true,"href":"https:\/\/rmvapesale.com\/ro\/wp-json\/wp\/v2\/product_cat?post=3013"},{"taxonomy":"product_tag","embeddable":true,"href":"https:\/\/rmvapesale.com\/ro\/wp-json\/wp\/v2\/product_tag?post=3013"}],"curies":[{"name":"wp","href":"https:\/\/api.w.org\/{rel}","templated":true}]}}