{"id":3014,"date":"2025-01-30T07:39:46","date_gmt":"2025-01-30T07:39:46","guid":{"rendered":"https:\/\/rmvapesale.com\/?post_type=product&#038;p=3014"},"modified":"2025-01-23T08:01:17","modified_gmt":"2025-01-23T08:01:17","slug":"bang-box-30000-30k-puffs-double-taste-rechargeable-disposable-vape-0-2-5-nicotine-led-display-factory-price","status":"publish","type":"product","link":"https:\/\/rmvapesale.com\/ro\/product\/bang-box-30000-30k-puffs-double-taste-rechargeable-disposable-vape-0-2-5-nicotine-led-display-factory-price\/","title":{"rendered":"Bang Box 30000 30k pufuri, \u021bigar\u0103 electronic\u0103 de unic\u0103 folosin\u021b\u0103 re\u00eenc\u0103rcabil\u0103, cu gust dublu, 0%, 2%, 5% nicotin\u0103, afi\u0219aj LED, pre\u021b de fabric\u0103"},"content":{"rendered":"<div class=\"B2VR9 CJHX3e\">\n<div class=\"wyccme\">\n<div class=\"flex-shrink-0 flex flex-col relative items-end\">\n<div class=\"pt-0\">\n<div class=\"gizmo-bot-avatar flex h-8 w-8 items-center justify-center overflow-hidden rounded-full\">\n<div class=\"relative p-1 rounded-sm flex items-center justify-center bg-token-main-surface-primary text-token-text-primary h-8 w-8\">\n<div class=\"flex-shrink-0 flex flex-col relative items-end\">\n<div class=\"pt-0\">\n<div class=\"gizmo-bot-avatar flex h-8 w-8 items-center justify-center overflow-hidden rounded-full\">\n<div class=\"flex-shrink-0 flex flex-col relative items-end\">\n<div class=\"pt-0\">\n<div class=\"gizmo-bot-avatar flex h-8 w-8 items-center justify-center overflow-hidden rounded-full\">\n<h1 class=\"relative p-1 rounded-sm flex items-center justify-center bg-token-main-surface-primary text-token-text-primary h-8 w-8\">Bang Box 30000 30k pufuri, \u021bigar\u0103 electronic\u0103 de unic\u0103 folosin\u021b\u0103 re\u00eenc\u0103rcabil\u0103, cu gust dublu, 0%, 2%, 5% nicotin\u0103, afi\u0219aj LED, pre\u021b de fabric\u0103<\/h1>\n<\/div>\n<\/div>\n<\/div>\n<\/div>\n<\/div>\n<\/div>\n<\/div>\n<\/div>\n<\/div>\n<\/div>\n<div class=\"group\/conversation-turn relative flex w-full min-w-0 flex-col agent-turn\">\n<div class=\"flex-col gap-1 md:gap-3\">\n<div class=\"flex max-w-full flex-col flex-grow\">\n<div class=\"min-h-8 text-message flex w-full flex-col items-end gap-2 whitespace-normal break-words text-start [.text-message+&amp;]:mt-5\" dir=\"auto\" data-message-author-role=\"assistant\" data-message-id=\"80ece0c4-ead1-4ed9-a9f0-ddc22582b4f4\" data-message-model-slug=\"gpt-4o\">\n<p>The <strong>Vap\u0103 de unic\u0103 folosin\u021b\u0103 re\u00eenc\u0103rcabil\u0103 Bang Box 30000 Puffs cu gust dublu<\/strong> este alegerea suprem\u0103 pentru vaperii care caut\u0103 <strong>performan\u021b\u0103 de lung\u0103 durat\u0103, caracteristici personalizabile \u0219i un pre\u021b angro imbatabil<\/strong>. Conceput pentru a oferi p\u00e2n\u0103 la <strong>30.000 de pufuri<\/strong>, acest <strong>vape re\u00eenc\u0103rcabil<\/strong> ofer\u0103 o experien\u021b\u0103 de vaping extins\u0103 cu o caracteristic\u0103 inovatoare <strong>Gust Dublu<\/strong> , permi\u021b\u00e2ndu-v\u0103 s\u0103 v\u0103 bucura\u021bi de <strong>dou\u0103 arome \u00eentr-un singur dispozitiv<\/strong>.<\/p>\n<p>Pre-umplut cu o cantitate masiv\u0103 de <strong>36ml de e-lichid<\/strong>, Bang 30K asigur\u0103 o pl\u0103cere continu\u0103 f\u0103r\u0103 b\u0103taia de cap a reumplerilor frecvente. Indiferent dac\u0103 sunte\u021bi un fan al <strong>vape-urilor cu nicotin\u0103 sc\u0103zut\u0103<\/strong> sau prefera\u021bi o lovitur\u0103 mai puternic\u0103, acest dispozitiv ofer\u0103 op\u021biuni versatile de <strong>concentra\u021bie de nicotin\u0103<\/strong>, disponibile \u00een <strong>0%, 2%, 3% \u0219i 5%<\/strong>, satisf\u0103c\u00e2nd fiecare preferin\u021b\u0103.<\/p>\n<p>Echipat cu o <strong>Rezistenta mesh de 1.0\u03a9<\/strong>, vapa ofer\u0103 vapori fini \u0219i aroma\u021bi la fiecare puf. The <strong>de flux de aer reglabil<\/strong> sistemul v\u0103 permite s\u0103 personaliza\u021bi inhalarea, oferind fie o experien\u021b\u0103 intens\u0103 \u0219i str\u00e2ns\u0103, fie una mai lejer\u0103 \u0219i plin\u0103 de vapori.<\/p>\n<p>Sistemul inteligent <strong>ecran de afi\u0219are LED<\/strong> v\u0103 \u021bine la curent cu nivelurile bateriei \u0219i ale e-lichidului, asigur\u00e2ndu-v\u0103 c\u0103 ave\u021bi mereu controlul. Cu o <strong>baterie re\u00eenc\u0103rcabil\u0103 de 550mAh<\/strong> \u0219i o <strong>portul de \u00eenc\u0103rcare Type-C<\/strong>, v\u0103 ve\u021bi bucura de o re\u00eenc\u0103rcare rapid\u0103 \u0219i eficient\u0103 pentru a v\u0103 men\u021bine vapa preg\u0103tit\u0103 oric\u00e2nd.<\/p>\n<p>Perfect pentru <strong>cump\u0103r\u0103torii angro de vape-uri de unic\u0103 folosin\u021b\u0103<\/strong>, acest dispozitiv este disponibil la un <strong>pre\u021b de fabric\u0103<\/strong>, fiind o alegere excelent\u0103 at\u00e2t pentru comercian\u021bii cu am\u0103nuntul, c\u00e2t \u0219i pentru vaperii individuali care doresc s\u0103 <strong>cumpere \u00een vrac<\/strong>.<\/p>\n<\/div>\n<\/div>\n<\/div>\n<\/div>\n<div class=\"flex-shrink-0 flex flex-col relative items-end\">\n<div class=\"pt-0\">\n<div class=\"gizmo-bot-avatar flex h-8 w-8 items-center justify-center overflow-hidden rounded-full\">\n<p>&nbsp;<\/p>\n<\/div>\n<\/div>\n<\/div>\n<\/div>\n<\/div>\n<p><strong>Contacta\u021bi-o pe Amy pentru a ob\u021bine un r\u0103spuns prompt \u0219i un cupon pentru vape!<\/strong><\/p>\n<p><img loading=\"lazy\" decoding=\"async\" class=\"size-full wp-image-1978\" src=\"https:\/\/rmvapesale.com\/wp-content\/uploads\/2024\/09\/Disposable-Vape-Wholesale.jpg\" alt=\"\u021aig\u0103ri electronice de unic\u0103 folosin\u021b\u0103 en-gros\" width=\"229\" height=\"300\" \/><\/p>\n<h3><a href=\"https:\/\/wa.me\/8617776015835\" target=\"_blank\" rel=\"noopener\"><span style=\"color: #ff0000\"><strong>WhatsApp: +86 17776015835<\/strong><\/span><\/a><\/h3>\n<h3><\/h3>\n<h3><strong style=\"font-size: 1.7em\">Bang Box 30000 30k Puffs Caracteristici Cheie ale Produsului<\/strong><\/h3>\n<ul>\n<li><strong>Capacitate de 30.000 de Pufuri:<\/strong> Bucura\u021bi-v\u0103 de o vapare de lung\u0103 durat\u0103 f\u0103r\u0103 \u00eenlocuiri constante.<\/li>\n<li><strong>36ml E-lichid Pre-umplut:<\/strong> Capacitate generoas\u0103 pentru o experien\u021b\u0103 de vapare ne\u00eentrerupt\u0103.<\/li>\n<li><strong>Func\u021bie de Arom\u0103 Dubl\u0103:<\/strong> Comuta\u021bi \u00eentre dou\u0103 arome distincte pentru varietate la fiecare puf.<\/li>\n<li><strong>Op\u021biuni de Nicotin\u0103:<\/strong> Disponibil \u00een concentra\u021bii de 0%, 2%, 3% \u0219i 5% pentru a se potrivi diferitelor preferin\u021be.<\/li>\n<li><strong>Baterie re\u00eenc\u0103rcabil\u0103:<\/strong> Baterie de 550mAh cu \u00eenc\u0103rcare rapid\u0103 Type-C pentru comoditate.<\/li>\n<li><strong>Ecran LED inteligent:<\/strong> Monitoriza\u021bi u\u0219or durata de via\u021b\u0103 a bateriei \u0219i nivelurile e-lichidului.<\/li>\n<li><strong>Flux de aer reglabil:<\/strong> Personalizeaz\u0103-\u021bi inhalarea cu diferite set\u0103ri de flux de aer<\/li>\n<\/ul>\n<p><img loading=\"lazy\" decoding=\"async\" class=\"wp-image-2984 size-full\" src=\"https:\/\/rmvapesale.com\/wp-content\/uploads\/2025\/01\/Bang-Box-30000-Puffs-Disposable-Vape-Bulk-Buy.webp\" alt=\"Bang Box 30000 Pufuri Vape de Unic\u0103 Folosin\u021b\u0103 Cump\u0103rare \u00een Vrac\" width=\"1000\" height=\"1000\" srcset=\"https:\/\/rmvapesale.com\/wp-content\/uploads\/2025\/01\/Bang-Box-30000-Puffs-Disposable-Vape-Bulk-Buy.webp 1000w, https:\/\/rmvapesale.com\/wp-content\/uploads\/2025\/01\/Bang-Box-30000-Puffs-Disposable-Vape-Bulk-Buy-300x300.webp 300w, https:\/\/rmvapesale.com\/wp-content\/uploads\/2025\/01\/Bang-Box-30000-Puffs-Disposable-Vape-Bulk-Buy-150x150.webp 150w, https:\/\/rmvapesale.com\/wp-content\/uploads\/2025\/01\/Bang-Box-30000-Puffs-Disposable-Vape-Bulk-Buy-768x768.webp 768w, https:\/\/rmvapesale.com\/wp-content\/uploads\/2025\/01\/Bang-Box-30000-Puffs-Disposable-Vape-Bulk-Buy-600x600.webp 600w, https:\/\/rmvapesale.com\/wp-content\/uploads\/2025\/01\/Bang-Box-30000-Puffs-Disposable-Vape-Bulk-Buy-100x100.webp 100w\" sizes=\"auto, (max-width: 1000px) 100vw, 1000px\" \/><\/p>\n<h3><strong style=\"font-size: 1.7em\">Arom\u0103 de top pentru Bang Box 30000 30k Puff<\/strong><strong style=\"font-size: 1.7em\">\u00a0Vap\u0103<\/strong><\/h3>\n<p>1.C\u0103p\u0219uni kiwi\/Pepene verde cu ghea\u021b\u0103<br \/>\n2.C\u0103p\u0219uni kiwi\/C\u0103p\u0219uni pepene verde <span style=\"color: #ff0000\"><strong>&gt;&gt;&gt;&gt; Fierbinte !<\/strong><\/span><br \/>\n3.Suc de piersici\/Afine cu ghea\u021b\u0103<br \/>\n4.Afine cu ghea\u021b\u0103\/KiWi Fructul Pasiunii Guava<br \/>\n5.Afine acri\u0219oare Zmeur\u0103 cu ghea\u021b\u0103\/Fructe mixte <span style=\"color: #ff0000\"><strong>&gt;&gt;&gt;&gt; Fierbinte !<\/strong><\/span><br \/>\n6.Triple fructe de p\u0103dure cu ghea\u021b\u0103\/C\u0103p\u0219uni mango<br \/>\n7.Gum\u0103 de mestecat cu pepene verde\/C\u0103p\u0219uni pepene verde<br \/>\n8.Afine cu ghea\u021b\u0103\/Pepene ro\u0219u cu ghea\u021b\u0103<br \/>\n9.C\u0103p\u0219uni cu pepene ro\u0219u\/Kiwi, fructul pasiunii \u0219i guava<br \/>\n10.Dragon negru cu ghea\u021b\u0103\/Mango, piersici \u0219i pepene ro\u0219u<br \/>\n11.Zmeur\u0103 albastr\u0103 cu ghea\u021b\u0103\/Struguri dubli<br \/>\n12.Zmeur\u0103 albastr\u0103 cu ghea\u021b\u0103\/C\u0103p\u0219uni cu mango <span style=\"color: #ff0000\"><strong>&gt;&gt;&gt;&gt; Cel mai bun !<\/strong><\/span><\/p>\n<h3><strong>De ce s\u0103 alegi Rmvapesale pentru Bang Box 30k pufuri <\/strong><strong>V<\/strong><strong>V\u00e2nz\u0103ri en-gros de \u021big\u0103ri electronice<\/strong><strong>?<\/strong><\/h3>\n<div class=\"flex-shrink-0 flex flex-col relative items-end\">\n<div class=\"pt-0\">\n<div class=\"gizmo-bot-avatar flex h-8 w-8 items-center justify-center overflow-hidden rounded-full\">\n<p>Pe m\u0103sur\u0103 ce competi\u021bia pe pia\u021ba de \u021big\u0103ri electronice de unic\u0103 folosin\u021b\u0103 se intensific\u0103, Rmvapesale, un lider mondial \u00een solu\u021bii en-gros pentru vapat de unic\u0103 folosin\u021b\u0103, a lansat \u021bigara electronic\u0103 de unic\u0103 folosin\u021b\u0103 re\u00eenc\u0103rcabil\u0103 Bang Box 30000 30k Puffs, cu gust dublu. Acest produs inovator atrage aten\u021bia prin estetica sa unic\u0103 \u0219i designul la mod\u0103. Cu o gam\u0103 extins\u0103 de arome fructate, se adreseaz\u0103 unui spectru larg de gusturi ale consumatorilor, pun\u00e2nd accent pe inova\u021bie \u0219i versatilitate.<\/p>\n<p class=\"relative p-1 rounded-sm flex items-center justify-center bg-token-main-surface-primary text-token-text-primary h-8 w-8\">Rmvapesale este magazinul dumneavoastr\u0103 de \u00eencredere pentru vape-uri de unic\u0103 folosin\u021b\u0103 premium. Cu o experien\u021b\u0103 de peste 5 ani, v\u0103 oferim m\u0103rci populare de vape de unic\u0103 folosin\u021b\u0103, cum ar fi Al Fakher, JNR Vape, Vapsolo Vape, Vapme Vape, <a href=\"https:\/\/rmvapesale.com\/ro\/product-category\/bang-vapes\/\">Bang Vape<\/a>, Waspe Vape, WGA Vape \u0219i<a href=\"https:\/\/rmvapesale.com\/ro\/product-category\/randm-fumot-vape\/\"> RandM Vape<\/a>. Gama noastr\u0103 include vape-uri de unic\u0103 folosin\u021b\u0103 la cald, cum ar fi <a href=\"https:\/\/rmvapesale.com\/ro\/product\/vopk-tornado-15000-puffs-disposable-vape-led-display\/\">VOPK Tornado 15000 Pufuri<\/a> \u0219i op\u021biuni bogate \u00een arome, cum ar fi<a href=\"https:\/\/rmvapesale.com\/ro\/product\/waspe-15000-puffs-digital-box-original-wholesale\/\"> WASPE 15000 PUFURI<\/a>. Fiecare produs este ales cu accent pe calitate, valoare \u0219i varietate, asigur\u00e2ndu-v\u0103 c\u0103 g\u0103si\u021bi potrivirea perfect\u0103 pentru nevoile dumneavoastr\u0103. Descoperi\u021bi servicii excep\u021bionale \u0219i o gam\u0103 larg\u0103 de produse de top la Rmvapesale.<\/p>\n<p class=\"relative p-1 rounded-sm flex items-center justify-center bg-token-main-surface-primary text-token-text-primary h-8 w-8\"><b style=\"font-size: 1.5em;font-style: inherit\">\u00centreb\u0103ri frecvente pentru BangBox 30000 30k pufuri <\/b><b style=\"font-size: 1.5em;font-style: inherit\">\u021aigar\u0103 electronic\u0103 de unic\u0103 folosin\u021b\u0103 re\u00eenc\u0103rcabil\u0103<\/b><\/p>\n<ol>\n<li><strong>De unde pot cump\u0103ra \u021bigara electronic\u0103 de unic\u0103 folosin\u021b\u0103 Bang 30000 Puffs la pre\u021buri en-gros?<\/strong>\n<ul>\n<li>O pute\u021bi cump\u0103ra la pre\u021buri de fabric\u0103 de la <a href=\"https:\/\/rmvapesale.com\/ro\/\" target=\"_new\" rel=\"noopener\">Rmvapesale<\/a>, oferind cele mai bune oferte pentru comercian\u021bii cu am\u0103nuntul \u0219i distribuitori.<\/li>\n<\/ul>\n<\/li>\n<li><strong>Cum func\u021bioneaz\u0103 func\u021bia de gust dublu?<\/strong>\n<ul>\n<li>Dispozitivul v\u0103 permite s\u0103 comuta\u021bi \u00eentre dou\u0103 arome, oferind o experien\u021b\u0103 de vapat unic\u0103 \u0219i dinamic\u0103.<\/li>\n<\/ul>\n<\/li>\n<li><strong>Ce niveluri de nicotin\u0103 sunt disponibile \u00een aceast\u0103 \u021bigar\u0103 electronic\u0103 de unic\u0103 folosin\u021b\u0103?<\/strong>\n<ul>\n<li>Bang 30K vine cu concentra\u021bii de nicotin\u0103 de 0%, 2%, 3% \u0219i 5%, potrivite pentru diferite preferin\u021be de vapat.<\/li>\n<\/ul>\n<\/li>\n<li><strong>\u021aigara electronic\u0103 Bang 30000 Puffs este re\u00eenc\u0103rcabil\u0103?<\/strong>\n<ul>\n<li>Da, dispune de o baterie re\u00eenc\u0103rcabil\u0103 de 550mAh cu un port de \u00eenc\u0103rcare Type-C pentru re\u00eenc\u0103rc\u0103ri rapide \u0219i eficiente.<\/li>\n<\/ul>\n<\/li>\n<li><strong>Dispozitivul are o func\u021bie de reglare a fluxului de aer?<\/strong>\n<ul>\n<li>Da, controlul reglabil al fluxului de aer v\u0103 permite s\u0103 personaliza\u021bi stilul de vapat, de la trageri scurte la nori aerisi\u021bi.<\/li>\n<\/ul>\n<\/li>\n<\/ol>\n<\/div>\n<\/div>\n<\/div>\n<h2>Cum se comand\u0103?<\/h2>\n<div class=\"flex-shrink-0 flex flex-col relative items-end\">\n<div class=\"pt-0\">\n<div class=\"gizmo-bot-avatar flex h-8 w-8 items-center justify-center overflow-hidden rounded-full\">\n<div>\n<p><strong>1. Ce metode de plat\u0103 accepta\u021bi?<\/strong><br \/>\n<span class=\"selectable-text copyable-text false\">Pentru plat\u0103, oferim transfer bancar \u0219i Western Union. Majoritatea clien\u021bilor no\u0219tri din Europa aleg transferul bancar, avem un cont bancar local la care pute\u021bi pl\u0103ti prin contul nostru IBAN f\u0103r\u0103 tax\u0103 de manipulare. <\/span>.<\/p>\n<p><strong>2. Cum \u00eemi pot urm\u0103ri comanda?<\/strong><br \/>\nDup\u0103 expedierea pachetului, <span class=\"selectable-text copyable-text false\">v\u0103 vom oferi un num\u0103r de urm\u0103rire pentru referin\u021b\u0103, de asemenea, v\u0103 vom \u021bine la curent cu statusul p\u00e2n\u0103 la primirea m\u0103rfurilor.<\/span>.<\/p>\n<p><strong>3. C\u00e2t dureaz\u0103 livrarea?<\/strong><\/p>\n<ul>\n<li>Livrarea din <strong>depozitele din China<\/strong> dureaz\u0103 aproximativ <strong>7-14 zile lucr\u0103toare<\/strong>.<\/li>\n<li>Livrarea din <strong>depozitele europene<\/strong> dureaz\u0103 de obicei <strong>3-6 zile lucr\u0103toare<\/strong>.<\/li>\n<\/ul>\n<p><strong>4. Cum pot ob\u021bine o livrare mai rapid\u0103?<\/strong><br \/>\nPentru o livrare mai rapid\u0103, v\u0103 recomand\u0103m s\u0103 comanda\u021bi din <strong>depozitul nostru european<\/strong>, care ofer\u0103 timpi de expediere mai rapizi.<\/p>\n<p><strong>5. Ce se \u00eent\u00e2mpl\u0103 dac\u0103 primesc un produs deteriorat sau defect?<\/strong><br \/>\nDac\u0103 articolul dvs. este deteriorat sau defect, contacta\u021bi serviciul clien\u021bi pentru o <strong>\u00eenlocuire sau rambursare<\/strong>.<\/p>\n<p><strong>6. Cum pot contacta serviciul de asisten\u021b\u0103 pentru clien\u021bi?<\/strong><br \/>\nNe pute\u021bi contacta prin<strong>\u00a0WhatsApp, sau live chat<\/strong> pe site-ul nostru pentru orice asisten\u021b\u0103.<\/p>\n<\/div>\n<div class=\"relative p-1 rounded-sm flex items-center justify-center bg-token-main-surface-primary text-token-text-primary h-8 w-8\"><strong>7. Ce metode de expediere sunt folosite?<\/strong><\/div>\n<\/div>\n<\/div>\n<\/div>\n<div class=\"group\/conversation-turn relative flex w-full min-w-0 flex-col agent-turn\">\n<div class=\"flex-col gap-1 md:gap-3\">\n<div class=\"flex max-w-full flex-col flex-grow\">\n<div class=\"min-h-[20px] text-message flex w-full flex-col items-end gap-2 whitespace-normal break-words [.text-message+&amp;]:mt-5 overflow-x-auto\" dir=\"auto\" data-message-author-role=\"assistant\" data-message-id=\"22f8283b-3233-46ff-89a5-c7a41b33abda\">\n<div class=\"flex w-full flex-col gap-1 empty:hidden first:pt-[3px]\">\n<div class=\"markdown prose w-full break-words dark:prose-invert light\">\n<p>Colabor\u0103m cu UPS, DHL, FedEx, DPD \u0219i al\u021bi transportatori de top. Vom selecta cea mai bun\u0103 metod\u0103 de expediere \u00een func\u021bie de loca\u021bia dvs. de livrare pentru a ne asigura c\u0103 ve\u021bi primi produsele c\u00e2t mai repede posibil.<\/p>\n<\/div>\n<\/div>\n<\/div>\n<\/div>\n<\/div>\n<\/div>\n<p>G\u0103si\u021bi mai multe produse de vapat care v-ar putea pl\u0103cea:<strong><em><a href=\"https:\/\/rmvapesale.com\/ro\/shop-2\/\">cump\u0103r\u0103 acum &gt;&gt;&gt;<\/a><\/em><\/strong><\/p>","protected":false},"excerpt":{"rendered":"<p>Vap\u0103 de unic\u0103 folosin\u021b\u0103 Bang Box 30000 30k Puff Bar re\u00eenc\u0103rcabil\u0103 Pre\u021b ieftin<br \/>\nTigar\u0103 electronic\u0103 de unic\u0103 folosin\u021b\u0103 Bang Box 30000 30k Puffs V\u00e2nzare fierbinte Cump\u0103rare \u00een vrac<br \/>\nTigar\u0103 electronic\u0103 de unic\u0103 folosin\u021b\u0103 BangBox 30000 Puffs cu ecran inteligent cu afi\u0219aj LED Angro<\/p>\n<p><strong>Contacta\u021bi-o pe Amy pentru a ob\u021bine un r\u0103spuns prompt \u0219i un cupon pentru vape!<\/strong><\/p>\n<p><img loading=\"lazy\" decoding=\"async\" class=\"size-full wp-image-2375\" src=\"https:\/\/rmvapesale.com\/wp-content\/uploads\/2024\/10\/image.png\" alt=\"Cea mai bun\u0103 \u021bigar\u0103 electronic\u0103 de unic\u0103 folosin\u021b\u0103\" width=\"229\" height=\"300\" \/><\/p>\n<h3><a href=\"https:\/\/wa.me\/8617776015835\"><span style=\"color: #ff0000\"><strong>WhatsApp: +86 17776015835<\/strong><\/span><\/a><\/h3>\n<p>&nbsp;<\/p>","protected":false},"featured_media":2983,"comment_status":"open","ping_status":"closed","template":"","meta":{"_uag_custom_page_level_css":"","_lmt_disableupdate":"no","_lmt_disable":"","site-sidebar-layout":"default","site-content-layout":"content-boxed-container","ast-site-content-layout":"normal-width-container","site-content-style":"boxed","site-sidebar-style":"unboxed","ast-global-header-display":"","ast-banner-title-visibility":"","ast-main-header-display":"","ast-hfb-above-header-display":"","ast-hfb-below-header-display":"","ast-hfb-mobile-header-display":"","site-post-title":"","ast-breadcrumbs-content":"","ast-featured-img":"","footer-sml-layout":"","theme-transparent-header-meta":"default","adv-header-id-meta":"","stick-header-meta":"","header-above-stick-meta":"","header-main-stick-meta":"","header-below-stick-meta":"","astra-migrate-meta-layouts":"set","ast-page-background-enabled":"default","ast-page-background-meta":{"desktop":{"background-color":"var(--ast-global-color-4)","background-image":"","background-repeat":"repeat","background-position":"center center","background-size":"auto","background-attachment":"scroll","background-type":"","background-media":"","overlay-type":"","overlay-color":"","overlay-opacity":"","overlay-gradient":""},"tablet":{"background-color":"","background-image":"","background-repeat":"repeat","background-position":"center center","background-size":"auto","background-attachment":"scroll","background-type":"","background-media":"","overlay-type":"","overlay-color":"","overlay-opacity":"","overlay-gradient":""},"mobile":{"background-color":"","background-image":"","background-repeat":"repeat","background-position":"center center","background-size":"auto","background-attachment":"scroll","background-type":"","background-media":"","overlay-type":"","overlay-color":"","overlay-opacity":"","overlay-gradient":""}},"ast-content-background-meta":{"desktop":{"background-color":"var(--ast-global-color-5)","background-image":"","background-repeat":"repeat","background-position":"center center","background-size":"auto","background-attachment":"scroll","background-type":"","background-media":"","overlay-type":"","overlay-color":"","overlay-opacity":"","overlay-gradient":""},"tablet":{"background-color":"var(--ast-global-color-5)","background-image":"","background-repeat":"repeat","background-position":"center center","background-size":"auto","background-attachment":"scroll","background-type":"","background-media":"","overlay-type":"","overlay-color":"","overlay-opacity":"","overlay-gradient":""},"mobile":{"background-color":"var(--ast-global-color-5)","background-image":"","background-repeat":"repeat","background-position":"center center","background-size":"auto","background-attachment":"scroll","background-type":"","background-media":"","overlay-type":"","overlay-color":"","overlay-opacity":"","overlay-gradient":""}},"_joinchat":[]},"product_brand":[],"product_cat":[15,289,290,291,292,293,295,299,273,253,25,123,26,28,135,27,60,137,136,30],"product_tag":[307,146,222,64,40,111,306],"class_list":{"0":"post-3014","1":"product","2":"type-product","3":"status-publish","4":"has-post-thumbnail","6":"product_cat-new-vape-this-week","7":"product_cat-big-puffs-disposable-vapes","8":"product_cat-crystal-disposable-vapes","9":"product_cat-dual-mesh-disposable-vapes","10":"product_cat-digital-disposable-vapes","11":"product_cat-low-nicotine-disposable-vapes","12":"product_cat-rechargeable-disposable-vapes","13":"product_cat-smart-screen-disposable-vapes","14":"product_cat-bang-box-vape","15":"product_cat-15000-puff-disposable-vape","16":"product_cat-germany-best-selling-vape","17":"product_cat-italy-wholesale-vape","18":"product_cat-netherlands-hot-sale-vape","19":"product_cat-poland-hot-sale-vape","20":"product_cat-spain-best-hot-sale-vape","21":"product_cat-fance-hot-sale-vape","22":"product_cat-bang-vapes","23":"product_cat-rechargeable-vapes","24":"product_cat-smart-screen-vapes","25":"product_cat-minimum-order-quantity-50pcs","26":"product_tag-bang-box-30000","27":"product_tag-best-hot-sale-vape","28":"product_tag-double-flavor-vape","29":"product_tag-dual-flavour-vape","30":"product_tag-hot-sale-vape","31":"product_tag-low-nicotine-disposable-vape","32":"product_tag-puff-bar","33":"desktop-align-left","34":"tablet-align-left","35":"mobile-align-left","37":"first","38":"instock","39":"sale","40":"shipping-taxable","41":"purchasable","42":"product-type-simple"},"uagb_featured_image_src":{"full":["https:\/\/rmvapesale.com\/wp-content\/uploads\/2025\/01\/Bang-Box-30000-30k-Puffs-Double-Rechargeable-Disposable-Vape-Wholesale.webp",1000,1000,false],"thumbnail":["https:\/\/rmvapesale.com\/wp-content\/uploads\/2025\/01\/Bang-Box-30000-30k-Puffs-Double-Rechargeable-Disposable-Vape-Wholesale-150x150.webp",150,150,true],"medium":["https:\/\/rmvapesale.com\/wp-content\/uploads\/2025\/01\/Bang-Box-30000-30k-Puffs-Double-Rechargeable-Disposable-Vape-Wholesale-300x300.webp",300,300,true],"medium_large":["https:\/\/rmvapesale.com\/wp-content\/uploads\/2025\/01\/Bang-Box-30000-30k-Puffs-Double-Rechargeable-Disposable-Vape-Wholesale-768x768.webp",768,768,true],"large":["https:\/\/rmvapesale.com\/wp-content\/uploads\/2025\/01\/Bang-Box-30000-30k-Puffs-Double-Rechargeable-Disposable-Vape-Wholesale.webp",1000,1000,false],"1536x1536":["https:\/\/rmvapesale.com\/wp-content\/uploads\/2025\/01\/Bang-Box-30000-30k-Puffs-Double-Rechargeable-Disposable-Vape-Wholesale.webp",1000,1000,false],"2048x2048":["https:\/\/rmvapesale.com\/wp-content\/uploads\/2025\/01\/Bang-Box-30000-30k-Puffs-Double-Rechargeable-Disposable-Vape-Wholesale.webp",1000,1000,false],"trp-custom-language-flag":["https:\/\/rmvapesale.com\/wp-content\/uploads\/2025\/01\/Bang-Box-30000-30k-Puffs-Double-Rechargeable-Disposable-Vape-Wholesale.webp",12,12,false],"woocommerce_thumbnail":["https:\/\/rmvapesale.com\/wp-content\/uploads\/2025\/01\/Bang-Box-30000-30k-Puffs-Double-Rechargeable-Disposable-Vape-Wholesale-300x300.webp",300,300,true],"woocommerce_single":["https:\/\/rmvapesale.com\/wp-content\/uploads\/2025\/01\/Bang-Box-30000-30k-Puffs-Double-Rechargeable-Disposable-Vape-Wholesale-600x600.webp",600,600,true],"woocommerce_gallery_thumbnail":["https:\/\/rmvapesale.com\/wp-content\/uploads\/2025\/01\/Bang-Box-30000-30k-Puffs-Double-Rechargeable-Disposable-Vape-Wholesale-100x100.webp",100,100,true],"wcpr-photo-reviews":["https:\/\/rmvapesale.com\/wp-content\/uploads\/2025\/01\/Bang-Box-30000-30k-Puffs-Double-Rechargeable-Disposable-Vape-Wholesale.webp",500,500,false]},"uagb_author_info":{"display_name":"AMY","author_link":"https:\/\/rmvapesale.com\/ro\/author\/"},"uagb_comment_info":0,"uagb_excerpt":"Bang Box 30000 30k Puff\u00a0 Bar Rechargeable Disposable Vape Cheap Price Bang Box 30000 30k Puffs Hot Sale Disposable Vape Pen Bulk Buy BangBox 30000 Puffs\u00a0 LED Display Smart Screen Disposable Vape Wholesale Contact Amy to get right reply and vape coupon! WhatsApp: +86 17776015835 &nbsp;","_links":{"self":[{"href":"https:\/\/rmvapesale.com\/ro\/wp-json\/wp\/v2\/product\/3014","targetHints":{"allow":["GET"]}}],"collection":[{"href":"https:\/\/rmvapesale.com\/ro\/wp-json\/wp\/v2\/product"}],"about":[{"href":"https:\/\/rmvapesale.com\/ro\/wp-json\/wp\/v2\/types\/product"}],"replies":[{"embeddable":true,"href":"https:\/\/rmvapesale.com\/ro\/wp-json\/wp\/v2\/comments?post=3014"}],"wp:featuredmedia":[{"embeddable":true,"href":"https:\/\/rmvapesale.com\/ro\/wp-json\/wp\/v2\/media\/2983"}],"wp:attachment":[{"href":"https:\/\/rmvapesale.com\/ro\/wp-json\/wp\/v2\/media?parent=3014"}],"wp:term":[{"taxonomy":"product_brand","embeddable":true,"href":"https:\/\/rmvapesale.com\/ro\/wp-json\/wp\/v2\/product_brand?post=3014"},{"taxonomy":"product_cat","embeddable":true,"href":"https:\/\/rmvapesale.com\/ro\/wp-json\/wp\/v2\/product_cat?post=3014"},{"taxonomy":"product_tag","embeddable":true,"href":"https:\/\/rmvapesale.com\/ro\/wp-json\/wp\/v2\/product_tag?post=3014"}],"curies":[{"name":"wp","href":"https:\/\/api.w.org\/{rel}","templated":true}]}}