{"id":3015,"date":"2025-02-02T08:01:52","date_gmt":"2025-02-02T08:01:52","guid":{"rendered":"https:\/\/rmvapesale.com\/?post_type=product&#038;p=3015"},"modified":"2025-01-23T08:19:44","modified_gmt":"2025-01-23T08:19:44","slug":"smart-screen-disposable-vape-bang-king-35000-puff-35k-rechargeable-disposable-vape-0-2-5-nicotine-factory-price","status":"publish","type":"product","link":"https:\/\/rmvapesale.com\/ro\/product\/smart-screen-disposable-vape-bang-king-35000-puff-35k-rechargeable-disposable-vape-0-2-5-nicotine-factory-price\/","title":{"rendered":"Vap\u0103 de unic\u0103 folosin\u021b\u0103 cu ecran inteligent Bang King 35000 pufuri 35k re\u00eenc\u0103rcabil\u0103 de unic\u0103 folosin\u021b\u0103 0% 2% 5% nicotin\u0103 Pre\u021b de fabric\u0103"},"content":{"rendered":"<div class=\"B2VR9 CJHX3e\">\n<div class=\"wyccme\">\n<div class=\"flex-shrink-0 flex flex-col relative items-end\">\n<div class=\"pt-0\">\n<div class=\"gizmo-bot-avatar flex h-8 w-8 items-center justify-center overflow-hidden rounded-full\">\n<div class=\"relative p-1 rounded-sm flex items-center justify-center bg-token-main-surface-primary text-token-text-primary h-8 w-8\">\n<div class=\"flex-shrink-0 flex flex-col relative items-end\">\n<div class=\"pt-0\">\n<div class=\"gizmo-bot-avatar flex h-8 w-8 items-center justify-center overflow-hidden rounded-full\">\n<div class=\"flex-shrink-0 flex flex-col relative items-end\">\n<div class=\"pt-0\">\n<div class=\"gizmo-bot-avatar flex h-8 w-8 items-center justify-center overflow-hidden rounded-full\">\n<h1 class=\"relative p-1 rounded-sm flex items-center justify-center bg-token-main-surface-primary text-token-text-primary h-8 w-8\">Vap\u0103 de unic\u0103 folosin\u021b\u0103 cu ecran inteligent Bang King 35000 pufuri 35k re\u00eenc\u0103rcabil\u0103 de unic\u0103 folosin\u021b\u0103 0% 2% 5% nicotin\u0103 Pre\u021b de fabric\u0103<\/h1>\n<\/div>\n<\/div>\n<\/div>\n<\/div>\n<\/div>\n<\/div>\n<\/div>\n<\/div>\n<\/div>\n<\/div>\n<div class=\"group\/conversation-turn relative flex w-full min-w-0 flex-col agent-turn\">\n<div class=\"flex-col gap-1 md:gap-3\">\n<div class=\"flex max-w-full flex-col flex-grow\">\n<div class=\"min-h-8 text-message flex w-full flex-col items-end gap-2 whitespace-normal break-words text-start [.text-message+&amp;]:mt-5\" dir=\"auto\" data-message-author-role=\"assistant\" data-message-id=\"80ece0c4-ead1-4ed9-a9f0-ddc22582b4f4\" data-message-model-slug=\"gpt-4o\">\n<p>C\u0103uta\u021bi o <strong>vap\u0103 de unic\u0103 folosin\u021b\u0103 re\u00eenc\u0103rcabil\u0103 cu num\u0103r mare de pufuri<\/strong> cu func\u021bii inteligente? Vapa <strong>Bang King 35000 Puffs Smart Screen de unic\u0103 folosin\u021b\u0103<\/strong> este alegerea perfect\u0103 pentru vaperii care doresc <strong>o capacitate mare de pufuri, flux de aer reglabil \u0219i multiple niveluri de nicotin\u0103<\/strong>, toate la un <strong>pre\u021b mic de en-gros<\/strong>. Cu o capacitate incredibil\u0103 de <strong>35.000 de pufuri<\/strong>, aceast\u0103 vap\u0103 ofer\u0103 o pl\u0103cere de lung\u0103 durat\u0103, fiind una dintre cele mai bune <strong>mai populare vapes de unic\u0103 folosin\u021b\u0103<\/strong> de pe pia\u021b\u0103.<\/p>\n<p>Pre-umplut\u0103 cu <strong>23 ml de e-lichid<\/strong>, Bang King asigur\u0103 o experien\u021b\u0103 de vaping aromat\u0103 \u0219i f\u0103r\u0103 b\u0103t\u0103i de cap, f\u0103r\u0103 a fi nevoie de reumpleri frecvente. Rezisten\u021ba avansat\u0103 a bobinei de <strong>0,6\u03a9<\/strong> ofer\u0103 o produc\u021bie de vapori lin\u0103 \u0219i satisf\u0103c\u0103toare, \u00een timp ce inova\u021bia <strong>afi\u0219ajul cu ecran inteligent<\/strong> te men\u021bine informat cu actualiz\u0103ri \u00een timp real despre nivelurile de e-lichid \u0219i baterie.<\/p>\n<p>Proiectat pentru confort, <strong>Baterie re\u00eenc\u0103rcabil\u0103 de 850mAh<\/strong> sus\u021bine <strong>\u00eenc\u0103rcare rapid\u0103 Type-C<\/strong>, permi\u021b\u00e2ndu-\u021bi s\u0103 revii rapid la vaping. Indiferent dac\u0103 preferi o <strong>vape cu nicotin\u0103 sc\u0103zut\u0103<\/strong> sau o lovitur\u0103 mai puternic\u0103, Bang King ofer\u0103 multiple niveluri de nicotin\u0103, inclusiv <strong>0%, 2%, 3% \u0219i 5%<\/strong>, satisf\u0103c\u00e2nd toate preferin\u021bele.<\/p>\n<p>Dotat cu <strong>de flux de aer reglabil<\/strong>, po\u021bi ajusta experien\u021ba de vaping pentru o tragere mai str\u00e2ns\u0103 sau o lovitur\u0103 mai neted\u0103 \u0219i aerisit\u0103. \u00cen plus, cu <strong>12 arome delicioase<\/strong> din care s\u0103 alegi, exist\u0103 ceva pentru fiecare gust.<\/p>\n<p>Ideal pentru <strong>cump\u0103r\u0103tori en-gros \u0219i distribuitori de vape-uri<\/strong>, acest dispozitiv vine la un <strong>pre\u021b direct de la fabric\u0103<\/strong>\u0219i f\u0103c\u00e2ndu-l o op\u021biune excelent\u0103 pentru cei care doresc s\u0103 <strong>cump\u0103r\u0103 vape-uri de unic\u0103 folosin\u021b\u0103 en-gros<\/strong>.<\/p>\n<\/div>\n<\/div>\n<\/div>\n<\/div>\n<div class=\"flex-shrink-0 flex flex-col relative items-end\">\n<div class=\"pt-0\">\n<div class=\"gizmo-bot-avatar flex h-8 w-8 items-center justify-center overflow-hidden rounded-full\">\n<p>&nbsp;<\/p>\n<\/div>\n<\/div>\n<\/div>\n<\/div>\n<\/div>\n<p><strong>Contacta\u021bi-o pe Amy pentru a ob\u021bine un r\u0103spuns prompt \u0219i un cupon pentru vape!<\/strong><\/p>\n<p><img loading=\"lazy\" decoding=\"async\" class=\"size-full wp-image-1978\" src=\"https:\/\/rmvapesale.com\/wp-content\/uploads\/2024\/09\/Disposable-Vape-Wholesale.jpg\" alt=\"\u021aig\u0103ri electronice de unic\u0103 folosin\u021b\u0103 en-gros\" width=\"229\" height=\"300\" \/><\/p>\n<h3><a href=\"https:\/\/wa.me\/8617776015835\" target=\"_blank\" rel=\"noopener\"><span style=\"color: #ff0000\"><strong>WhatsApp: +86 17776015835<\/strong><\/span><\/a><\/h3>\n<h3><\/h3>\n<h3><strong style=\"font-size: 1.7em\">Caracteristici principale ale produsului Bang King 35000 Pufuri<\/strong><\/h3>\n<ul>\n<li><strong>Pufuri uria\u0219e de 35.000:<\/strong> Bucur\u0103-te de vaping extins f\u0103r\u0103 \u00eenlocuiri frecvente.<\/li>\n<li><strong>Capacitate de 23ml e-lichid:<\/strong> Ofer\u0103 o experien\u021b\u0103 de durat\u0103 lung\u0103 f\u0103r\u0103 nevoie de reumpleri.<\/li>\n<li><strong>Afi\u0219aj cu ecran inteligent:<\/strong> Monitorizeaz\u0103 num\u0103rul de pufuri \u0219i nivelul bateriei \u00een timp real.<\/li>\n<li><strong>Op\u021biuni de Nicotin\u0103:<\/strong> Disponibil \u00een 0%, 2%, 3% \u0219i 5% pentru a satisface to\u021bi utilizatorii.<\/li>\n<li><strong>Baterie re\u00eenc\u0103rcabil\u0103 de 850mAh:<\/strong> Performan\u021b\u0103 de durat\u0103 cu \u00eenc\u0103rcare rapid\u0103 Type-C.<\/li>\n<li><strong>Control ajustabil al fluxului de aer:<\/strong> Personalizeaz\u0103-\u021bi inhalarea pentru o experien\u021b\u0103 perfect\u0103.<\/li>\n<li><strong>Protec\u021bie \u00eempotriva arderii uscate:<\/strong> Asigur\u0103 o experien\u021b\u0103 de vaping lin\u0103 \u0219i constant\u0103.<\/li>\n<li><strong>12 op\u021biuni de arom\u0103:<\/strong> Gam\u0103 larg\u0103 de arome pentru a satisface orice palat.<\/li>\n<\/ul>\n<figure id=\"attachment_2996\" aria-describedby=\"caption-attachment-2996\" style=\"width: 800px\" class=\"wp-caption alignnone\"><img loading=\"lazy\" decoding=\"async\" class=\"wp-image-2996 size-full\" src=\"https:\/\/rmvapesale.com\/wp-content\/uploads\/2025\/01\/Bang-King-Vape-35000-Puffs-Disposable-Vapes-Bulk-Buy.webp\" alt=\"Bang King Vape 35000 Pufuri Vape de unic\u0103 folosin\u021b\u0103 Achizi\u021bie en gros\" width=\"800\" height=\"800\" srcset=\"https:\/\/rmvapesale.com\/wp-content\/uploads\/2025\/01\/Bang-King-Vape-35000-Puffs-Disposable-Vapes-Bulk-Buy.webp 800w, https:\/\/rmvapesale.com\/wp-content\/uploads\/2025\/01\/Bang-King-Vape-35000-Puffs-Disposable-Vapes-Bulk-Buy-300x300.webp 300w, https:\/\/rmvapesale.com\/wp-content\/uploads\/2025\/01\/Bang-King-Vape-35000-Puffs-Disposable-Vapes-Bulk-Buy-150x150.webp 150w, https:\/\/rmvapesale.com\/wp-content\/uploads\/2025\/01\/Bang-King-Vape-35000-Puffs-Disposable-Vapes-Bulk-Buy-768x768.webp 768w, https:\/\/rmvapesale.com\/wp-content\/uploads\/2025\/01\/Bang-King-Vape-35000-Puffs-Disposable-Vapes-Bulk-Buy-600x600.webp 600w, https:\/\/rmvapesale.com\/wp-content\/uploads\/2025\/01\/Bang-King-Vape-35000-Puffs-Disposable-Vapes-Bulk-Buy-100x100.webp 100w\" sizes=\"auto, (max-width: 800px) 100vw, 800px\" \/><figcaption id=\"caption-attachment-2996\" class=\"wp-caption-text\">Bang King Vape 35000 Pufuri Vape de unic\u0103 folosin\u021b\u0103 Achizi\u021bie en gros<\/figcaption><\/figure>\n<h3><strong style=\"font-size: 1.7em\">Top v\u00e2nzare Arom\u0103 pentru Bang King 35000 Pufuri<\/strong><strong style=\"font-size: 1.7em\">\u00a0Vap\u0103<\/strong><\/h3>\n<p>The <strong>Bang King 35000 Pufuri Vape de unic\u0103 folosin\u021b\u0103 Re\u00eenc\u0103rcabil<\/strong> ofer\u0103 o <strong>experien\u021b\u0103 de vaping premium<\/strong> cu <strong>tehnologie inteligent\u0103<\/strong>, f\u0103c\u00e2ndu-l o alegere de top at\u00e2t pentru uz personal, c\u00e2t \u0219i pentru distribu\u021bie en gros. Comand\u0103 acum \u0219i bucur\u0103-te de experien\u021ba suprem\u0103 \u00een vaping de unic\u0103 folosin\u021b\u0103!<\/p>\n<ol>\n<li>C\u0103p\u0219un\u0103 Mango<\/li>\n<li>Love66<\/li>\n<li>Zmeura Albastra cu gheata<\/li>\n<li>C\u0103p\u0219uni Pepene Ro\u0219u<\/li>\n<li>L\u0103m\u00e2ie Ment\u0103<\/li>\n<li>Mere Duble<\/li>\n<li>B\u0103utur\u0103 energizant\u0103<\/li>\n<li>Peach Ice (Ghea\u021b\u0103 de Piersici)<\/li>\n<li>C\u0103p\u0219uni Kiwi<\/li>\n<li>Ghea\u021b\u0103 de struguri<\/li>\n<li>Ghea\u021b\u0103 de afine<\/li>\n<li>Pepene Verde<\/li>\n<\/ol>\n<h3><strong>De ce s\u0103 alegi Rmvapesale pentru Bang King 35000 Pufuri\u00a0 <\/strong><strong>V<\/strong><strong>V\u00e2nz\u0103ri en-gros de \u021big\u0103ri electronice<\/strong><strong>?<\/strong><\/h3>\n<div class=\"flex-shrink-0 flex flex-col relative items-end\">\n<div class=\"pt-0\">\n<div class=\"gizmo-bot-avatar flex h-8 w-8 items-center justify-center overflow-hidden rounded-full\">\n<p>Pe m\u0103sur\u0103 ce competi\u021bia pe pia\u021ba \u021bigaretelor electronice de unic\u0103 folosin\u021b\u0103 se intensific\u0103, Rmvapesale, lider global \u00een solu\u021bii en gros pentru vape-uri de unic\u0103 folosin\u021b\u0103, a lansat Vape-ul de unic\u0103 folosin\u021b\u0103 cu Ecran Inteligent Bang King 35000. Acest produs inovator atrage aten\u021bia prin estetica \u0219i designul s\u0103u de mod\u0103. Dispun\u00e2nd de o gam\u0103 extins\u0103 de arome fructate, satisface o gam\u0103 larg\u0103 de gusturi ale consumatorilor, pun\u00e2nd accent pe inova\u021bie \u0219i versatilitate.<\/p>\n<p class=\"relative p-1 rounded-sm flex items-center justify-center bg-token-main-surface-primary text-token-text-primary h-8 w-8\">Rmvapesale este magazinul dumneavoastr\u0103 de \u00eencredere pentru vape-uri de unic\u0103 folosin\u021b\u0103 premium. Cu o experien\u021b\u0103 de peste 5 ani, v\u0103 oferim m\u0103rci populare de vape de unic\u0103 folosin\u021b\u0103, cum ar fi Al Fakher, JNR Vape, Vapsolo Vape, Vapme Vape, <a href=\"https:\/\/rmvapesale.com\/ro\/product-category\/bang-vapes\/\">Bang Vape<\/a>, Waspe Vape, WGA Vape \u0219i<a href=\"https:\/\/rmvapesale.com\/ro\/product-category\/randm-fumot-vape\/\"> RandM Vape<\/a>. Gama noastr\u0103 include vape-uri de unic\u0103 folosin\u021b\u0103 la cald, cum ar fi <a href=\"https:\/\/rmvapesale.com\/ro\/product\/vopk-tornado-15000-puffs-disposable-vape-led-display\/\">VOPK Tornado 15000 Pufuri<\/a> \u0219i op\u021biuni bogate \u00een arome, cum ar fi<a href=\"https:\/\/rmvapesale.com\/ro\/product\/elf-box-ls15000-puffs-shisha-hookah-disposable-vape\/\"> Hookah ELF BOX shisha 15000 PUFURI<\/a>. Fiecare produs este ales cu accent pe calitate, valoare \u0219i varietate, asigur\u00e2ndu-v\u0103 c\u0103 g\u0103si\u021bi potrivirea perfect\u0103 pentru nevoile dumneavoastr\u0103. Descoperi\u021bi servicii excep\u021bionale \u0219i o gam\u0103 larg\u0103 de produse de top la Rmvapesale.<\/p>\n<p class=\"relative p-1 rounded-sm flex items-center justify-center bg-token-main-surface-primary text-token-text-primary h-8 w-8\"><b style=\"font-size: 1.5em;font-style: inherit\">\u00ceNTREB\u0102RI FRECVENTE pentru Bang King 35000 Pufuri <\/b><b style=\"font-size: 1.5em;font-style: inherit\">\u021aigar\u0103 electronic\u0103 de unic\u0103 folosin\u021b\u0103 re\u00eenc\u0103rcabil\u0103<\/b><\/p>\n<ol>\n<li><strong>Unde pot cump\u0103ra Vape-ul de unic\u0103 folosin\u021b\u0103 Bang King 35000 la pre\u021buri en gros?<\/strong>\n<ul>\n<li>Po\u021bi ob\u021bine cele mai bune pre\u021buri direct de la fabric\u0103 la <a href=\"https:\/\/rmvapesale.com\/ro\/\" target=\"_new\" rel=\"noopener\">Rmvapesale<\/a>, sursa ta de \u00eencredere pentru vape-uri de unic\u0103 folosin\u021b\u0103 en gros.<\/li>\n<\/ul>\n<\/li>\n<li><strong>Este vape-ul Bang King 35000 re\u00eenc\u0103rcabil?<\/strong>\n<ul>\n<li>Da, vine cu o baterie re\u00eenc\u0103rcabil\u0103 de 850mAh \u0219i suport\u0103 \u00eenc\u0103rcare rapid\u0103 Type-C.<\/li>\n<\/ul>\n<\/li>\n<li><strong>Ce niveluri de nicotin\u0103 sunt disponibile?<\/strong>\n<ul>\n<li>Acest vape este disponibil \u00een nivelurile de nicotin\u0103 0%, 2%, 3% \u0219i 5% pentru a se potrivi diferitelor preferin\u021be.<\/li>\n<\/ul>\n<\/li>\n<li><strong>Cum func\u021bioneaz\u0103 afi\u0219ajul cu ecran inteligent?<\/strong>\n<ul>\n<li>Afi\u0219ajul ofer\u0103 informa\u021bii \u00een timp real despre durata de via\u021b\u0103 a bateriei \u0219i nivelul lichidului pentru vapare, asigur\u00e2ndu-v\u0103 c\u0103 sunte\u021bi \u00eentotdeauna informat.<\/li>\n<\/ul>\n<\/li>\n<li><strong>Ofer\u0103 Bang King 35K flux de aer reglabil?<\/strong>\n<ul>\n<li>Da, func\u021bia de flux de aer reglabil v\u0103 permite s\u0103 personaliza\u021bi stilul de vapare pentru o tragere mai str\u00e2ns\u0103 sau mai lejer\u0103.<\/li>\n<\/ul>\n<\/li>\n<\/ol>\n<\/div>\n<\/div>\n<\/div>\n<h2>Cum se comand\u0103?<\/h2>\n<div class=\"flex-shrink-0 flex flex-col relative items-end\">\n<div class=\"pt-0\">\n<div class=\"gizmo-bot-avatar flex h-8 w-8 items-center justify-center overflow-hidden rounded-full\">\n<div>\n<p><strong>1. Ce metode de plat\u0103 accepta\u021bi?<\/strong><br \/>\n<span class=\"selectable-text copyable-text false\">Pentru plat\u0103, oferim transfer bancar \u0219i Western Union. Majoritatea clien\u021bilor no\u0219tri din Europa aleg transferul bancar, avem un cont bancar local la care pute\u021bi pl\u0103ti prin contul nostru IBAN f\u0103r\u0103 tax\u0103 de manipulare. <\/span>.<\/p>\n<p><strong>2. Cum \u00eemi pot urm\u0103ri comanda?<\/strong><br \/>\nDup\u0103 expedierea pachetului, <span class=\"selectable-text copyable-text false\">v\u0103 vom oferi un num\u0103r de urm\u0103rire pentru referin\u021b\u0103, de asemenea, v\u0103 vom \u021bine la curent cu statusul p\u00e2n\u0103 la primirea m\u0103rfurilor.<\/span>.<\/p>\n<p><strong>3. C\u00e2t dureaz\u0103 livrarea?<\/strong><\/p>\n<ul>\n<li>Livrarea din <strong>depozitele din China<\/strong> dureaz\u0103 aproximativ <strong>7-14 zile lucr\u0103toare<\/strong>.<\/li>\n<li>Livrarea din <strong>depozitele europene<\/strong> dureaz\u0103 de obicei <strong>3-6 zile lucr\u0103toare<\/strong>.<\/li>\n<\/ul>\n<p><strong>4. Cum pot ob\u021bine o livrare mai rapid\u0103?<\/strong><br \/>\nPentru o livrare mai rapid\u0103, v\u0103 recomand\u0103m s\u0103 comanda\u021bi din <strong>depozitul nostru european<\/strong>, care ofer\u0103 timpi de expediere mai rapizi.<\/p>\n<p><strong>5. Ce se \u00eent\u00e2mpl\u0103 dac\u0103 primesc un produs deteriorat sau defect?<\/strong><br \/>\nDac\u0103 articolul dvs. este deteriorat sau defect, contacta\u021bi serviciul clien\u021bi pentru o <strong>\u00eenlocuire sau rambursare<\/strong>.<\/p>\n<p><strong>6. Cum pot contacta serviciul de asisten\u021b\u0103 pentru clien\u021bi?<\/strong><br \/>\nNe pute\u021bi contacta prin<strong>\u00a0WhatsApp, sau live chat<\/strong> pe site-ul nostru pentru orice asisten\u021b\u0103.<\/p>\n<\/div>\n<div class=\"relative p-1 rounded-sm flex items-center justify-center bg-token-main-surface-primary text-token-text-primary h-8 w-8\"><strong>7. Ce metode de expediere sunt folosite?<\/strong><\/div>\n<\/div>\n<\/div>\n<\/div>\n<div class=\"group\/conversation-turn relative flex w-full min-w-0 flex-col agent-turn\">\n<div class=\"flex-col gap-1 md:gap-3\">\n<div class=\"flex max-w-full flex-col flex-grow\">\n<div class=\"min-h-[20px] text-message flex w-full flex-col items-end gap-2 whitespace-normal break-words [.text-message+&amp;]:mt-5 overflow-x-auto\" dir=\"auto\" data-message-author-role=\"assistant\" data-message-id=\"22f8283b-3233-46ff-89a5-c7a41b33abda\">\n<div class=\"flex w-full flex-col gap-1 empty:hidden first:pt-[3px]\">\n<div class=\"markdown prose w-full break-words dark:prose-invert light\">\n<p>Colabor\u0103m cu UPS, DHL, FedEx, DPD \u0219i al\u021bi transportatori de top. Vom selecta cea mai bun\u0103 metod\u0103 de expediere \u00een func\u021bie de loca\u021bia dvs. de livrare pentru a ne asigura c\u0103 ve\u021bi primi produsele c\u00e2t mai repede posibil.<\/p>\n<\/div>\n<\/div>\n<\/div>\n<\/div>\n<\/div>\n<\/div>\n<p>G\u0103si\u021bi mai multe produse de vapat care v-ar putea pl\u0103cea:<strong><em><a href=\"https:\/\/rmvapesale.com\/ro\/shop-2\/\">cump\u0103r\u0103 acum &gt;&gt;&gt;<\/a><\/em><\/strong><\/p>","protected":false},"excerpt":{"rendered":"<p>Bang King 35000 Puff Bar Vap\u0103 de unic\u0103 folosin\u021b\u0103 re\u00eenc\u0103rcabil\u0103 Pre\u021b ieftin<br \/>\nBang King 35k Puff Vap\u0103 popular\u0103 de unic\u0103 folosin\u021b\u0103 Cump\u0103rare \u00een vrac<br \/>\nBangKing 35000 Puff Display LED Ecran inteligent Vap\u0103 de unic\u0103 folosin\u021b\u0103 Engros<\/p>\n<p><strong>Contacta\u021bi-o pe Amy pentru a ob\u021bine un r\u0103spuns prompt \u0219i un cupon pentru vape!<\/strong><\/p>\n<p><img loading=\"lazy\" decoding=\"async\" class=\"size-full wp-image-2375\" src=\"https:\/\/rmvapesale.com\/wp-content\/uploads\/2024\/10\/image.png\" alt=\"Cea mai bun\u0103 \u021bigar\u0103 electronic\u0103 de unic\u0103 folosin\u021b\u0103\" width=\"229\" height=\"300\" \/><\/p>\n<h3><a href=\"https:\/\/wa.me\/8617776015835\"><span style=\"color: #ff0000\"><strong>WhatsApp: +86 17776015835<\/strong><\/span><\/a><\/h3>\n<p>&nbsp;<\/p>","protected":false},"featured_media":2995,"comment_status":"open","ping_status":"closed","template":"","meta":{"_uag_custom_page_level_css":"","_lmt_disableupdate":"no","_lmt_disable":"","site-sidebar-layout":"default","site-content-layout":"content-boxed-container","ast-site-content-layout":"normal-width-container","site-content-style":"boxed","site-sidebar-style":"unboxed","ast-global-header-display":"","ast-banner-title-visibility":"","ast-main-header-display":"","ast-hfb-above-header-display":"","ast-hfb-below-header-display":"","ast-hfb-mobile-header-display":"","site-post-title":"","ast-breadcrumbs-content":"","ast-featured-img":"","footer-sml-layout":"","theme-transparent-header-meta":"default","adv-header-id-meta":"","stick-header-meta":"","header-above-stick-meta":"","header-main-stick-meta":"","header-below-stick-meta":"","astra-migrate-meta-layouts":"set","ast-page-background-enabled":"default","ast-page-background-meta":{"desktop":{"background-color":"var(--ast-global-color-4)","background-image":"","background-repeat":"repeat","background-position":"center center","background-size":"auto","background-attachment":"scroll","background-type":"","background-media":"","overlay-type":"","overlay-color":"","overlay-opacity":"","overlay-gradient":""},"tablet":{"background-color":"","background-image":"","background-repeat":"repeat","background-position":"center center","background-size":"auto","background-attachment":"scroll","background-type":"","background-media":"","overlay-type":"","overlay-color":"","overlay-opacity":"","overlay-gradient":""},"mobile":{"background-color":"","background-image":"","background-repeat":"repeat","background-position":"center center","background-size":"auto","background-attachment":"scroll","background-type":"","background-media":"","overlay-type":"","overlay-color":"","overlay-opacity":"","overlay-gradient":""}},"ast-content-background-meta":{"desktop":{"background-color":"var(--ast-global-color-5)","background-image":"","background-repeat":"repeat","background-position":"center center","background-size":"auto","background-attachment":"scroll","background-type":"","background-media":"","overlay-type":"","overlay-color":"","overlay-opacity":"","overlay-gradient":""},"tablet":{"background-color":"var(--ast-global-color-5)","background-image":"","background-repeat":"repeat","background-position":"center center","background-size":"auto","background-attachment":"scroll","background-type":"","background-media":"","overlay-type":"","overlay-color":"","overlay-opacity":"","overlay-gradient":""},"mobile":{"background-color":"var(--ast-global-color-5)","background-image":"","background-repeat":"repeat","background-position":"center center","background-size":"auto","background-attachment":"scroll","background-type":"","background-media":"","overlay-type":"","overlay-color":"","overlay-opacity":"","overlay-gradient":""}},"_joinchat":[]},"product_brand":[],"product_cat":[15,289,291,292,293,295,299,279,246,25,123,26,28,135,27,60,137,136,30],"product_tag":[308,76,199,146,64,40,111,306],"class_list":{"0":"post-3015","1":"product","2":"type-product","3":"status-publish","4":"has-post-thumbnail","6":"product_cat-new-vape-this-week","7":"product_cat-big-puffs-disposable-vapes","8":"product_cat-dual-mesh-disposable-vapes","9":"product_cat-digital-disposable-vapes","10":"product_cat-low-nicotine-disposable-vapes","11":"product_cat-rechargeable-disposable-vapes","12":"product_cat-smart-screen-disposable-vapes","13":"product_cat-bang-king-vape","14":"product_cat-35000-puffs-disposable-vape","15":"product_cat-germany-best-selling-vape","16":"product_cat-italy-wholesale-vape","17":"product_cat-netherlands-hot-sale-vape","18":"product_cat-poland-hot-sale-vape","19":"product_cat-spain-best-hot-sale-vape","20":"product_cat-fance-hot-sale-vape","21":"product_cat-bang-vapes","22":"product_cat-rechargeable-vapes","23":"product_cat-smart-screen-vapes","24":"product_cat-minimum-order-quantity-50pcs","25":"product_tag-bang-king-35000","26":"product_tag-bang-king-vape","27":"product_tag-bang-vape","28":"product_tag-best-hot-sale-vape","29":"product_tag-dual-flavour-vape","30":"product_tag-hot-sale-vape","31":"product_tag-low-nicotine-disposable-vape","32":"product_tag-puff-bar","33":"desktop-align-left","34":"tablet-align-left","35":"mobile-align-left","37":"first","38":"instock","39":"sale","40":"shipping-taxable","41":"purchasable","42":"product-type-simple"},"uagb_featured_image_src":{"full":["https:\/\/rmvapesale.com\/wp-content\/uploads\/2025\/01\/Bang-King-35k-Puffs-Disposable-Vapes-Wholesale.webp",800,800,false],"thumbnail":["https:\/\/rmvapesale.com\/wp-content\/uploads\/2025\/01\/Bang-King-35k-Puffs-Disposable-Vapes-Wholesale-150x150.webp",150,150,true],"medium":["https:\/\/rmvapesale.com\/wp-content\/uploads\/2025\/01\/Bang-King-35k-Puffs-Disposable-Vapes-Wholesale-300x300.webp",300,300,true],"medium_large":["https:\/\/rmvapesale.com\/wp-content\/uploads\/2025\/01\/Bang-King-35k-Puffs-Disposable-Vapes-Wholesale-768x768.webp",768,768,true],"large":["https:\/\/rmvapesale.com\/wp-content\/uploads\/2025\/01\/Bang-King-35k-Puffs-Disposable-Vapes-Wholesale.webp",800,800,false],"1536x1536":["https:\/\/rmvapesale.com\/wp-content\/uploads\/2025\/01\/Bang-King-35k-Puffs-Disposable-Vapes-Wholesale.webp",800,800,false],"2048x2048":["https:\/\/rmvapesale.com\/wp-content\/uploads\/2025\/01\/Bang-King-35k-Puffs-Disposable-Vapes-Wholesale.webp",800,800,false],"trp-custom-language-flag":["https:\/\/rmvapesale.com\/wp-content\/uploads\/2025\/01\/Bang-King-35k-Puffs-Disposable-Vapes-Wholesale.webp",12,12,false],"woocommerce_thumbnail":["https:\/\/rmvapesale.com\/wp-content\/uploads\/2025\/01\/Bang-King-35k-Puffs-Disposable-Vapes-Wholesale-300x300.webp",300,300,true],"woocommerce_single":["https:\/\/rmvapesale.com\/wp-content\/uploads\/2025\/01\/Bang-King-35k-Puffs-Disposable-Vapes-Wholesale-600x600.webp",600,600,true],"woocommerce_gallery_thumbnail":["https:\/\/rmvapesale.com\/wp-content\/uploads\/2025\/01\/Bang-King-35k-Puffs-Disposable-Vapes-Wholesale-100x100.webp",100,100,true],"wcpr-photo-reviews":["https:\/\/rmvapesale.com\/wp-content\/uploads\/2025\/01\/Bang-King-35k-Puffs-Disposable-Vapes-Wholesale.webp",500,500,false]},"uagb_author_info":{"display_name":"AMY","author_link":"https:\/\/rmvapesale.com\/ro\/author\/"},"uagb_comment_info":0,"uagb_excerpt":"Bang King 35000 Puff\u00a0 Bar Rechargeable Disposable Vape Cheap Price Bang King 35k Puff Popular Disposable Vape Pen Bulk Buy BangKing 35000 Puff LED Display Smart Screen Disposable Vape Wholesale Contact Amy to get right reply and vape coupon! WhatsApp: +86 17776015835 &nbsp;","_links":{"self":[{"href":"https:\/\/rmvapesale.com\/ro\/wp-json\/wp\/v2\/product\/3015","targetHints":{"allow":["GET"]}}],"collection":[{"href":"https:\/\/rmvapesale.com\/ro\/wp-json\/wp\/v2\/product"}],"about":[{"href":"https:\/\/rmvapesale.com\/ro\/wp-json\/wp\/v2\/types\/product"}],"replies":[{"embeddable":true,"href":"https:\/\/rmvapesale.com\/ro\/wp-json\/wp\/v2\/comments?post=3015"}],"wp:featuredmedia":[{"embeddable":true,"href":"https:\/\/rmvapesale.com\/ro\/wp-json\/wp\/v2\/media\/2995"}],"wp:attachment":[{"href":"https:\/\/rmvapesale.com\/ro\/wp-json\/wp\/v2\/media?parent=3015"}],"wp:term":[{"taxonomy":"product_brand","embeddable":true,"href":"https:\/\/rmvapesale.com\/ro\/wp-json\/wp\/v2\/product_brand?post=3015"},{"taxonomy":"product_cat","embeddable":true,"href":"https:\/\/rmvapesale.com\/ro\/wp-json\/wp\/v2\/product_cat?post=3015"},{"taxonomy":"product_tag","embeddable":true,"href":"https:\/\/rmvapesale.com\/ro\/wp-json\/wp\/v2\/product_tag?post=3015"}],"curies":[{"name":"wp","href":"https:\/\/api.w.org\/{rel}","templated":true}]}}