{"id":370,"date":"2021-08-20T11:50:58","date_gmt":"2021-08-20T11:50:58","guid":{"rendered":"https:\/\/rmvapesale.com\/product\/hybrid-cleansing-balm\/"},"modified":"2025-01-20T03:10:16","modified_gmt":"2025-01-20T03:10:16","slug":"randm-vape-al-fakher-10000-puffs-vape-wholesale","status":"publish","type":"product","link":"https:\/\/rmvapesale.com\/ro\/product\/randm-vape-al-fakher-10000-puffs-vape-wholesale\/","title":{"rendered":"Randm Vape Al Fakher 10000 PUFFS VAPE Pre\u021b en-gros Fumot SHISHA 10K"},"content":{"rendered":"<h1><strong>Randm Vape Al Fakher 10000 PUFFS VAPE Pre\u021b en-gros Fumot SHISHA 10K<\/strong><\/h1>\n<p>Randm Vape Al Fakher 10000 este un Vape revolu\u021bionar re\u00eenc\u0103rcabil DTL (Direct To Lung) care redefine\u0219te excelen\u021ba vapingului. Dispun\u00e2nd de un indicator LED, ofer\u0103 actualiz\u0103ri \u00een timp real cu privire la nivelurile de e-lichid \u0219i putere, asigur\u00e2ndu-v\u0103 c\u0103 sunte\u021bi \u00eentotdeauna \u00een control. Cu un port Type-C convenabil situat pe baza sa, \u00eenc\u0103rcarea acestui vape este u\u0219oar\u0103 \u0219i rapid\u0103.<\/p>\n<p>Pre-umplut cu 18 ml de e-lichid, Shisha bar 10000 ofer\u0103 o concentra\u021bie de nicotin\u0103 de 0,5%, oferind p\u00e2n\u0103 la uimitoarele 10.000 de pufuri \u00eentr-un mediu de testare. Dar nu este vorba doar de cantitate \u2013 acest vape se m\u00e2ndre\u0219te cu tehnologia Mesh Coil, integr\u00e2nd o bobin\u0103 de 0,6 ohmi cu rezisten\u021b\u0103 sc\u0103zut\u0103 pentru o suprafa\u021b\u0103 maxim\u0103 de \u00eenc\u0103lzire. Spune\u021bi adio loviturilor uscate \u0219i distribu\u021biei neuniforme a aromei; designul Mesh Coil asigur\u0103 o \u00eenc\u0103lzire consistent\u0103, rezult\u00e2nd extrageri mai fine \u0219i o produc\u021bie mai bogat\u0103 de vapori.<\/p>\n<p>Acum, acest vape Randm Vape Al Fakher este la mare c\u0103utare \u00een majoritatea \u021b\u0103rilor din Europa, cum ar fi Germania, Olanda, Fran\u021ba, Italia, Elve\u021bia, Suedia, Spania, Polonia, Belgia, Austria, Norvegia, Danemarca, etc., ceea ce este o alegere bun\u0103 pentru comercian\u021bii cu am\u0103nuntul care caut\u0103 vape de unic\u0103 folosin\u021b\u0103 rentabile, cu pre\u021buri en-gros pentru achizi\u021bii \u00een vrac.<\/p>\n<p><strong>Adaug\u0103 managerul de v\u00e2nz\u0103ri AMY pe whatsapp <a href=\"https:\/\/wa.me\/8617776015835\" target=\"_blank\" rel=\"noopener\">+86-17776015835<\/a> ob\u021bine mai multe reduceri!<\/strong><\/p>\n<p><img loading=\"lazy\" decoding=\"async\" class=\"size-medium wp-image-1814\" src=\"https:\/\/rmvapesale.com\/wp-content\/uploads\/2024\/04\/whatsapp-amy-229x300.jpg\" alt=\"whatsapp amy\" width=\"229\" height=\"300\" srcset=\"https:\/\/rmvapesale.com\/wp-content\/uploads\/2024\/04\/whatsapp-amy-229x300.jpg 229w, https:\/\/rmvapesale.com\/wp-content\/uploads\/2024\/04\/whatsapp-amy-783x1024.jpg 783w, https:\/\/rmvapesale.com\/wp-content\/uploads\/2024\/04\/whatsapp-amy-768x1005.jpg 768w, https:\/\/rmvapesale.com\/wp-content\/uploads\/2024\/04\/whatsapp-amy-600x785.jpg 600w, https:\/\/rmvapesale.com\/wp-content\/uploads\/2024\/04\/whatsapp-amy.jpg 990w\" sizes=\"auto, (max-width: 229px) 100vw, 229px\" \/><\/p>\n<h2>Randm Vape Al Fakher 10000 puff \u00centreb\u0103ri frecvente<\/h2>\n<p><strong>1. Ce este inclus \u00een pachetul Randm Vape Al Fakher 10000 PUFFS VAPE &amp; Fumot SHISHA 10K?<\/strong><\/p>\n<ul>\n<li>Fiecare pachet include un dispozitiv Vape DTL (Direct To Lung) re\u00eenc\u0103rcabil, pre-umplut cu 18 ml de e-lichid \u0219i cu un indicator LED. \u00cen plus, pachetul con\u021bine un cablu de \u00eenc\u0103rcare Type-C pentru o \u00eenc\u0103rcare convenabil\u0103.<\/li>\n<\/ul>\n<p><strong>2. C\u00e2te pufuri m\u0103 pot a\u0219tepta de la Fumot Vape Shisha 10000 Puff?<\/strong><\/p>\n<ul>\n<li>Shisha 10000 se m\u00e2ndre\u0219te cu un num\u0103r impresionant de 10.000 de pufuri (\u00eentr-un mediu de testare), oferind o utilizare extins\u0103 \u0219i o satisfac\u021bie de durat\u0103.<\/li>\n<\/ul>\n<p><strong>3. Ce concentra\u021bie de nicotin\u0103 ofer\u0103 Randm Shisha 10000 pufuri?<\/strong><\/p>\n<ul>\n<li>Shisha 10000 vine pre-umplut cu e-lichid cu o concentra\u021bie de nicotin\u0103 de 0,5%, oferind o experien\u021b\u0103 de vaping echilibrat\u0103.<\/li>\n<\/ul>\n<p><strong>4. Pot s\u0103-mi aleg aroma preferat\u0103 cu Shisha 10k vape Fumot?<\/strong><\/p>\n<ul>\n<li>Da, absolut! Shisha 10000 ofer\u0103 o selec\u021bie de 34 de arome pentru a satisface diverse preferin\u021be, asigur\u00e2ndu-v\u0103 c\u0103 exist\u0103 ceva pentru toat\u0103 lumea.<\/li>\n<\/ul>\n<p><strong>3. Cum \u00eembun\u0103t\u0103\u021be\u0219te tehnologia Mesh Coil experien\u021ba de vaping?<\/strong><\/p>\n<ul>\n<li>Tehnologia Mesh Coil integrat\u0103 \u00een Randm Vape Fumot Shisha 10000 dispune de o bobin\u0103 de 0,6 ohmi cu rezisten\u021b\u0103 sc\u0103zut\u0103, maximiz\u00e2nd suprafa\u021ba de \u00eenc\u0103lzire pentru extrageri mai fine \u0219i o produc\u021bie mai bogat\u0103 de vapori. Aceast\u0103 tehnologie asigur\u0103 o \u00eenc\u0103lzire consistent\u0103 \u0219i uniform\u0103 a e-lichidului, oferind o experien\u021b\u0103 de arom\u0103 impecabil\u0103.<\/li>\n<\/ul>\n<p><strong>6. Este Fumot AI FAKHER <\/strong><strong>Shisha 10000 PUFFS u\u0219or de \u00eenc\u0103rcat?<\/strong><\/p>\n<ul>\n<li>Da, RANDM Shisha 10000 PUFFS dispune de un port Type-C pe baza sa pentru o \u00eenc\u0103rcare rapid\u0103 \u0219i convenabil\u0103. Pur \u0219i simplu conecta\u021bi cablul de \u00eenc\u0103rcare Type-C furnizat la o surs\u0103 de alimentare pentru o re\u00eenc\u0103rcare rapid\u0103 a energiei bateriei.<\/li>\n<\/ul>\n<p><strong>7. Pot controla fluxul de aer cu FUMOT VAPE Shisha 10K PUFFS WHOLESALE?<\/strong><\/p>\n<ul>\n<li>Da, Shisha 10000 este echipat cu control al fluxului de aer, permi\u021b\u00e2nd utilizatorilor s\u0103 ajusteze fluxul de aer dup\u0103 preferin\u021be pentru o experien\u021b\u0103 de vaping personalizat\u0103.<\/li>\n<\/ul>\n<p><strong>8. Este FUMOT RANDM VAPE Shisha 10000 potrivit at\u00e2t pentru \u00eencep\u0103tori, c\u00e2t \u0219i pentru vapori experimenta\u021bi?<\/strong><\/p>\n<ul>\n<li>Absolut! Shisha 10000 este conceput pentru a satisface nevoile at\u00e2t ale \u00eencep\u0103torilor, c\u00e2t \u0219i ale vapori experimenta\u021bi, oferind u\u0219urin\u021b\u0103 \u00een utilizare, func\u021bii avansate \u0219i performan\u021b\u0103 excep\u021bional\u0103 pentru to\u021bi.<\/li>\n<\/ul>\n<p><strong>9. Ce trebuie s\u0103 fac dac\u0103 am \u00eentreb\u0103ri suplimentare sau am nevoie de asisten\u021b\u0103?<\/strong><\/p>\n<ul>\n<li>Dac\u0103 ave\u021bi \u00eentreb\u0103ri suplimentare sau ave\u021bi nevoie de asisten\u021b\u0103 cu Randm Vape Al Fakher 10000 PUFFS VAPE &amp; Fumot SHISHA 10K, nu ezita\u021bi s\u0103 contacta\u021bi echipa noastr\u0103 de servicii pentru clien\u021bi. Suntem aici pentru a v\u0103 ajuta \u0219i pentru a asigura c\u0103 experien\u021ba dvs. de vaping este una excep\u021bional\u0103.<\/li>\n<\/ul>\n<p>G\u0103si\u021bi mai multe produse de vapat care v-ar putea pl\u0103cea:<em><a href=\"https:\/\/rmvapesale.com\/ro\/shop-2\/\">cump\u0103r\u0103 acum\u00a0<\/a><\/em><\/p>\n<p>alte produse de vapat populare care v-ar putea pl\u0103cea:<\/p>","protected":false},"excerpt":{"rendered":"<p class=\"LC20lb MBeuO DKV0Md\">Fumot Shisha 10000 DTL Vape de unic\u0103 folosin\u021b\u0103<br \/>\nRANDM SHISHA 10000 PUFF Vape AI FAKHER<br \/>\nFumot Crown Bar 10k Vape Re\u00eenc\u0103rcabil en-gros<br \/>\n<strong>Contacta\u021bi-o pe Amy pentru mai multe reduceri \u0219i un MOQ mai mic pentru Vape<\/strong><\/p>\n<p><img loading=\"lazy\" decoding=\"async\" class=\"size-medium wp-image-1814\" src=\"https:\/\/rmvapesale.com\/wp-content\/uploads\/2024\/04\/whatsapp-amy-229x300.jpg\" alt=\"whatsapp amy\" width=\"229\" height=\"300\" srcset=\"https:\/\/rmvapesale.com\/wp-content\/uploads\/2024\/04\/whatsapp-amy-229x300.jpg 229w, https:\/\/rmvapesale.com\/wp-content\/uploads\/2024\/04\/whatsapp-amy-783x1024.jpg 783w, https:\/\/rmvapesale.com\/wp-content\/uploads\/2024\/04\/whatsapp-amy-768x1005.jpg 768w, https:\/\/rmvapesale.com\/wp-content\/uploads\/2024\/04\/whatsapp-amy-600x785.jpg 600w, https:\/\/rmvapesale.com\/wp-content\/uploads\/2024\/04\/whatsapp-amy.jpg 990w\" sizes=\"auto, (max-width: 229px) 100vw, 229px\" \/><\/p>\n<h3><span style=\"color: #ff0000\"><strong>WhatsApp: +86 17776015835<\/strong><\/span><\/h3>","protected":false},"featured_media":1852,"comment_status":"open","ping_status":"closed","template":"","meta":{"_uag_custom_page_level_css":"","_lmt_disableupdate":"no","_lmt_disable":"","site-sidebar-layout":"default","site-content-layout":"content-boxed-container","ast-site-content-layout":"normal-width-container","site-content-style":"boxed","site-sidebar-style":"unboxed","ast-global-header-display":"","ast-banner-title-visibility":"","ast-main-header-display":"","ast-hfb-above-header-display":"","ast-hfb-below-header-display":"","ast-hfb-mobile-header-display":"","site-post-title":"","ast-breadcrumbs-content":"","ast-featured-img":"","footer-sml-layout":"","ast-disable-related-posts":"","theme-transparent-header-meta":"default","adv-header-id-meta":"","stick-header-meta":"","header-above-stick-meta":"","header-main-stick-meta":"","header-below-stick-meta":"","astra-migrate-meta-layouts":"set","ast-page-background-enabled":"default","ast-page-background-meta":{"desktop":{"background-color":"var(--ast-global-color-4)","background-image":"","background-repeat":"repeat","background-position":"center center","background-size":"auto","background-attachment":"scroll","background-type":"","background-media":"","overlay-type":"","overlay-color":"","overlay-opacity":"","overlay-gradient":""},"tablet":{"background-color":"","background-image":"","background-repeat":"repeat","background-position":"center center","background-size":"auto","background-attachment":"scroll","background-type":"","background-media":"","overlay-type":"","overlay-color":"","overlay-opacity":"","overlay-gradient":""},"mobile":{"background-color":"","background-image":"","background-repeat":"repeat","background-position":"center center","background-size":"auto","background-attachment":"scroll","background-type":"","background-media":"","overlay-type":"","overlay-color":"","overlay-opacity":"","overlay-gradient":""}},"ast-content-background-meta":{"desktop":{"background-color":"var(--ast-global-color-5)","background-image":"","background-repeat":"repeat","background-position":"center center","background-size":"auto","background-attachment":"scroll","background-type":"","background-media":"","overlay-type":"","overlay-color":"","overlay-opacity":"","overlay-gradient":""},"tablet":{"background-color":"var(--ast-global-color-5)","background-image":"","background-repeat":"repeat","background-position":"center center","background-size":"auto","background-attachment":"scroll","background-type":"","background-media":"","overlay-type":"","overlay-color":"","overlay-opacity":"","overlay-gradient":""},"mobile":{"background-color":"var(--ast-global-color-5)","background-image":"","background-repeat":"repeat","background-position":"center center","background-size":"auto","background-attachment":"scroll","background-type":"","background-media":"","overlay-type":"","overlay-color":"","overlay-opacity":"","overlay-gradient":""}},"_joinchat":[]},"product_brand":[],"product_cat":[25,271,289,27,51,123,293,30,26,15,28,31,295,137,299,136,135],"product_tag":[39,40,41,38,37],"class_list":{"0":"post-370","1":"product","2":"type-product","3":"status-publish","4":"has-post-thumbnail","6":"product_cat-germany-best-selling-vape","7":"product_cat-10000-puff-disposable-vape","8":"product_cat-big-puffs-disposable-vapes","9":"product_cat-fance-hot-sale-vape","10":"product_cat-fumot-vape","11":"product_cat-italy-wholesale-vape","12":"product_cat-low-nicotine-disposable-vapes","13":"product_cat-minimum-order-quantity-50pcs","14":"product_cat-netherlands-hot-sale-vape","15":"product_cat-new-vape-this-week","16":"product_cat-poland-hot-sale-vape","17":"product_cat-randm-fumot-vape","18":"product_cat-rechargeable-disposable-vapes","19":"product_cat-rechargeable-vapes","20":"product_cat-smart-screen-disposable-vapes","21":"product_cat-smart-screen-vapes","22":"product_cat-spain-best-hot-sale-vape","23":"product_tag-fumot-vape","24":"product_tag-hot-sale-vape","25":"product_tag-original-factory-vape","26":"product_tag-randm-vape","27":"product_tag-wholesale-vape-price","28":"desktop-align-left","29":"tablet-align-left","30":"mobile-align-left","32":"first","33":"instock","34":"sale","35":"shipping-taxable","36":"purchasable","37":"product-type-simple"},"uagb_featured_image_src":{"full":["https:\/\/rmvapesale.com\/wp-content\/uploads\/2024\/04\/FUMOT-VAPE-SHISHA-AL-FAKHER-10K-PUFFS-VAPE.jpg",375,666,false],"thumbnail":["https:\/\/rmvapesale.com\/wp-content\/uploads\/2024\/04\/FUMOT-VAPE-SHISHA-AL-FAKHER-10K-PUFFS-VAPE-150x150.jpg",150,150,true],"medium":["https:\/\/rmvapesale.com\/wp-content\/uploads\/2024\/04\/FUMOT-VAPE-SHISHA-AL-FAKHER-10K-PUFFS-VAPE-169x300.jpg",169,300,true],"medium_large":["https:\/\/rmvapesale.com\/wp-content\/uploads\/2024\/04\/FUMOT-VAPE-SHISHA-AL-FAKHER-10K-PUFFS-VAPE.jpg",375,666,false],"large":["https:\/\/rmvapesale.com\/wp-content\/uploads\/2024\/04\/FUMOT-VAPE-SHISHA-AL-FAKHER-10K-PUFFS-VAPE.jpg",375,666,false],"1536x1536":["https:\/\/rmvapesale.com\/wp-content\/uploads\/2024\/04\/FUMOT-VAPE-SHISHA-AL-FAKHER-10K-PUFFS-VAPE.jpg",375,666,false],"2048x2048":["https:\/\/rmvapesale.com\/wp-content\/uploads\/2024\/04\/FUMOT-VAPE-SHISHA-AL-FAKHER-10K-PUFFS-VAPE.jpg",375,666,false],"trp-custom-language-flag":["https:\/\/rmvapesale.com\/wp-content\/uploads\/2024\/04\/FUMOT-VAPE-SHISHA-AL-FAKHER-10K-PUFFS-VAPE.jpg",7,12,false],"woocommerce_thumbnail":["https:\/\/rmvapesale.com\/wp-content\/uploads\/2024\/04\/FUMOT-VAPE-SHISHA-AL-FAKHER-10K-PUFFS-VAPE-300x300.jpg",300,300,true],"woocommerce_single":["https:\/\/rmvapesale.com\/wp-content\/uploads\/2024\/04\/FUMOT-VAPE-SHISHA-AL-FAKHER-10K-PUFFS-VAPE.jpg",375,666,false],"woocommerce_gallery_thumbnail":["https:\/\/rmvapesale.com\/wp-content\/uploads\/2024\/04\/FUMOT-VAPE-SHISHA-AL-FAKHER-10K-PUFFS-VAPE-100x100.jpg",100,100,true],"wcpr-photo-reviews":["https:\/\/rmvapesale.com\/wp-content\/uploads\/2024\/04\/FUMOT-VAPE-SHISHA-AL-FAKHER-10K-PUFFS-VAPE.jpg",282,500,false]},"uagb_author_info":{"display_name":"yannazhan","author_link":"https:\/\/rmvapesale.com\/ro\/author\/"},"uagb_comment_info":0,"uagb_excerpt":"Fumot Shisha 10000 DTL Disposable Vape RANDM SHISHA 10000 PUFF Vape AI FAKHER Fumot Crown Bar 10k Wholesale Vape Rechargeable Contact Amy For More Discount And Lower MOQ Vape WhatsApp: +86 17776015835","_links":{"self":[{"href":"https:\/\/rmvapesale.com\/ro\/wp-json\/wp\/v2\/product\/370","targetHints":{"allow":["GET"]}}],"collection":[{"href":"https:\/\/rmvapesale.com\/ro\/wp-json\/wp\/v2\/product"}],"about":[{"href":"https:\/\/rmvapesale.com\/ro\/wp-json\/wp\/v2\/types\/product"}],"replies":[{"embeddable":true,"href":"https:\/\/rmvapesale.com\/ro\/wp-json\/wp\/v2\/comments?post=370"}],"wp:featuredmedia":[{"embeddable":true,"href":"https:\/\/rmvapesale.com\/ro\/wp-json\/wp\/v2\/media\/1852"}],"wp:attachment":[{"href":"https:\/\/rmvapesale.com\/ro\/wp-json\/wp\/v2\/media?parent=370"}],"wp:term":[{"taxonomy":"product_brand","embeddable":true,"href":"https:\/\/rmvapesale.com\/ro\/wp-json\/wp\/v2\/product_brand?post=370"},{"taxonomy":"product_cat","embeddable":true,"href":"https:\/\/rmvapesale.com\/ro\/wp-json\/wp\/v2\/product_cat?post=370"},{"taxonomy":"product_tag","embeddable":true,"href":"https:\/\/rmvapesale.com\/ro\/wp-json\/wp\/v2\/product_tag?post=370"}],"curies":[{"name":"wp","href":"https:\/\/api.w.org\/{rel}","templated":true}]}}