{"id":1869,"date":"2024-04-29T08:45:44","date_gmt":"2024-04-29T08:45:44","guid":{"rendered":"https:\/\/rmvapesale.com\/?post_type=product&#038;p=1869"},"modified":"2025-01-20T03:11:06","modified_gmt":"2025-01-20T03:11:06","slug":"jnr-shisha-vape-15000-puffs-wholesale-price-with-screen-vape","status":"publish","type":"product","link":"https:\/\/rmvapesale.com\/sk\/product\/jnr-shisha-vape-15000-puffs-wholesale-price-with-screen-vape\/","title":{"rendered":"VOPK SHISHA VAPE 15000 \u0164AHOV VE\u013dKOOBCHODN\u00c1 CENA JNR S OBRAZOVKOU VAPE"},"content":{"rendered":"<h1>VOPK SHISHA VAPE 15000 \u0164AHOV VE\u013dKOOBCHODN\u00c1 CENA JNR S OBRAZOVKOU VAPE<\/h1>\n<p>VOPK SHISHA VAPE 15000 PUFFS JNR je pr\u00e9miov\u00e9 jednorazov\u00e9 vape pero navrhnut\u00e9 \u0161peci\u00e1lne pre nad\u0161encov vapovania priamo do p\u013e\u00fac (DTL). S p\u00f4sobivou kapacitou 15 000 po\u0165ahov zaru\u010duje toto zariadenie dlhotrvaj\u00faci a uspokojiv\u00fd z\u00e1\u017eitok z vapovania. Vn\u00fatorn\u00e1 \u0161trukt\u00fara obsahuje 0,6-ohmov\u00fa sie\u0165ov\u00fa cievku, ktor\u00e1 poskytuje vynikaj\u00facu produkciu pary a bohat\u00e9 chute, v\u010faka \u010domu je ide\u00e1lna pre t\u00fdch, ktor\u00ed oce\u0148uj\u00fa hlbok\u00e9 po\u0165ahy. Zariadenie je vybaven\u00e9 20ml e-liquidom, \u010do umo\u017e\u0148uje dlh\u00e9 vapovacie sedenia.<\/p>\n<p>Pou\u017e\u00edvatelia si m\u00f4\u017eu vybra\u0165 z r\u00f4znych s\u00edl nikot\u00ednu, vr\u00e1tane 0%, 2%, 3% alebo 5%, \u010do vyhovuje r\u00f4znym preferenci\u00e1m. Nab\u00edjate\u013en\u00e9 vape VOPK Shisha Hookah je nap\u00e1jan\u00e9 spo\u013eahlivou 600mAh bat\u00e9riou, ktor\u00e1 zais\u0165uje konzistentn\u00fd v\u00fdkon po cel\u00fa dobu jej \u017eivotnosti a je vybaven\u00e9 nab\u00edjac\u00edm portom Type-C pre r\u00fdchle nab\u00edjanie.<\/p>\n<p>VOPK Shisha bar 15000, dostupn\u00fd v desiatich lahodn\u00fdch pr\u00edchutiach, ako s\u00fa Dvojit\u00e9 jablko a Vodn\u00fd mel\u00f3n s \u013eadom, kombinuje \u0161t\u00fdl, funk\u010dnos\u0165 a v\u0161estrannos\u0165, v\u010faka \u010domu je najlep\u0161ou vo\u013ebou pre vaperov, ktor\u00ed h\u013eadaj\u00fa vysokokvalitn\u00fd z\u00e1\u017eitok.<\/p>\n<p><strong>Pridajte obchodn\u00fa mana\u017e\u00e9rku AMY, z\u00edskajte vape kup\u00f3n!<\/strong><\/p>\n<p><img loading=\"lazy\" decoding=\"async\" class=\"size-medium wp-image-1814\" src=\"https:\/\/rmvapesale.com\/wp-content\/uploads\/2024\/04\/whatsapp-amy-229x300.jpg\" alt=\"whatsapp amy\" width=\"229\" height=\"300\" srcset=\"https:\/\/rmvapesale.com\/wp-content\/uploads\/2024\/04\/whatsapp-amy-229x300.jpg 229w, https:\/\/rmvapesale.com\/wp-content\/uploads\/2024\/04\/whatsapp-amy-783x1024.jpg 783w, https:\/\/rmvapesale.com\/wp-content\/uploads\/2024\/04\/whatsapp-amy-768x1005.jpg 768w, https:\/\/rmvapesale.com\/wp-content\/uploads\/2024\/04\/whatsapp-amy-600x785.jpg 600w, https:\/\/rmvapesale.com\/wp-content\/uploads\/2024\/04\/whatsapp-amy.jpg 990w\" sizes=\"auto, (max-width: 229px) 100vw, 229px\" \/><\/p>\n<p><span style=\"color: #ff0000\"><strong>whatsapp <a style=\"color: #ff0000\" href=\"https:\/\/wa.me\/8617776015835\" target=\"_blank\" rel=\"noopener\">+86-17776015835<\/a><\/strong><\/span><\/p>\n<h2>VOPK Shisha Hookah 15000 15K Puffs Zoznam pr\u00edchut\u00ed:<\/h2>\n<p>1. Dvojit\u00e9 jablko<br \/>\n2. Dvojit\u00fd mel\u00f3n s m\u00e4tou<br \/>\n3. Hrozno s m\u00e4tou<br \/>\n4. \u0160\u0165avnat\u00e1 brosky\u0148a<br \/>\n5. Lady Killa<br \/>\n6. Mix bobu\u013eov\u00e9 ovocie s \u013eadom<br \/>\n7. Anan\u00e1s s kokosom<br \/>\n8. \u010cerven\u00e9 bobu\u013eov\u00e9 ovocie<br \/>\n9. Vodn\u00fd mel\u00f3n s \u013eadom<br \/>\n10. Biela mamba<\/p>\n<h2>VOPK JNR SHISHA VAPE 15000 PUFF: Ve\u013ekoobchodn\u00e1 cena s displejom \u2013 \u010cast\u00e9 ot\u00e1zky o produkte<\/h2>\n<p>1. V \u010dom je VOPK JNR SHISHA VAPE 15000 Puffs tak\u00fd \u0161peci\u00e1lny?<\/p>\n<p>VOPK JNR SHISHA VAPE 15K PUFF<span style=\"font-size: 16px\">\u00a0vynik\u00e1 vysokou kapacitou potiahnut\u00ed, ktor\u00e1 pon\u00faka a\u017e 15 000 potiahnut\u00ed na jedno zariadenie, \u010do zaru\u010duje dlh\u0161\u00ed p\u00f4\u017eitok.<\/span><\/p>\n<p>2. Ak\u00e9 remeseln\u00e9 spracovanie m\u00e1 zariadenie VOPK JNR SHISHA VAPE 15K PUFFS?<\/p>\n<p>Zariadenie VOPK VAPE SHISHA 15000 PUFF sa m\u00f4\u017ee pochv\u00e1li\u0165 dvojfarebn\u00fdm dizajnom doplnen\u00fdm UV tla\u010dou, \u010do poskytuje vizu\u00e1lne p\u00f4sobiv\u00fd vzh\u013ead a starostliv\u00e9 remeseln\u00e9 spracovanie.<br \/>\n3. Ak\u00fd typ \u0161pir\u00e1lky pou\u017e\u00edva VOPK VAPE SHISHA 15000 Puffs a ak\u00fd je odpor VOPK VAPE SHISHA 15K PUFF?<\/p>\n<p>VOPK VAPE SHISHA 15K PUFFS vyu\u017e\u00edva technol\u00f3giu mesh coil s odporom 0,6 ohmu\/m, \u010do zais\u0165uje stabiln\u00fd v\u00fdkon a hladk\u00fd z\u00e1\u017eitok z vapovania.<br \/>\n4. Ko\u013eko e-liquidu VOPK JNR SHISHA 15000 PUFF sa zmest\u00ed do atomiz\u00e9ra?<\/p>\n<p>Atomiz\u00e9r VOPK JNR SHISHA 15000 Puffs m\u00e1 kapacitu 20 ml, \u010do umo\u017e\u0148uje dlhotrvaj\u00face vapovanie bez \u010dast\u00e9ho dop\u013a\u0148ania.<br \/>\n5. Z ak\u00e9ho materi\u00e1lu je vyroben\u00e1 \u0161pir\u00e1lka VOPK JNR SHISHA 15K PUFF?<\/p>\n<p>\u0160pir\u00e1lka VOPK JNR SHISHA 15K PUFFS je vyroben\u00e1 z vysokokvalitn\u00e9ho materi\u00e1lu mesh coil, \u010do zais\u0165uje vynikaj\u00facu vaporiz\u00e1ciu a \u010dist\u00fa chu\u0165.<br \/>\n6. Ak\u00e1 je kapacita bat\u00e9rie zariadenia VOPK JNR VAPE 15000 PUFF?<\/p>\n<p>VOPK JNR VAPE 15000 Puffs m\u00e1 v\u00fdkonn\u00fa 600 mAh bat\u00e9riu, ktor\u00e1 poskytuje dlhotrvaj\u00facu a spo\u013eahliv\u00fa podporu nap\u00e1jania pre nepreru\u0161ovan\u00e9 vapovanie.<br \/>\n7. Ak\u00fd typ bat\u00e9rie pou\u017e\u00edva VOPK JNR VAPE 15K PUFF?<\/p>\n<p>Zariadenie VOPK JNR VAPE 15K PUFFS pou\u017e\u00edva model bat\u00e9rie 18250, ktor\u00fd je zn\u00e1my svojou odolnos\u0165ou a dlhou \u017eivotnos\u0165ou.<br \/>\n8. Ako dlho by som mal nab\u00edja\u0165 svoj 15000 PUFF JNR SHISHA VAPE VOPK?<\/p>\n<p>15000 PUFF VAPE SHISHA VOPK je vybaven\u00fd pohodln\u00fdm nab\u00edjac\u00edm portom Type-C, ktor\u00fd umo\u017e\u0148uje r\u00fdchle a efekt\u00edvne nab\u00edjanie, \u010d\u00edm sa minimalizuje doba odst\u00e1vky.<br \/>\n9. Ak\u00fd \u0161t\u00fdl vapovania je vhodn\u00fd pre 15000 PUFF JNR SHISHA VOPK?<\/p>\n<p>VOPK SHISHA VAPE 15000 PUFFS je vhodn\u00fd pre vapovanie Direct-To-Lung (DTL), ktor\u00e9 pon\u00faka bohat\u00fd a uspokojiv\u00fd z\u00e1\u017eitok z vapovania.<br \/>\n10. Ako 15000 PUFF JNR VAPE VOPK zais\u0165uje pohodlie pre pou\u017e\u00edvate\u013ea?<\/p>\n<p>V\u010faka svojej vysokej kapacite po\u0165ahov, vizu\u00e1lne pr\u00ed\u0165a\u017eliv\u00e9mu dizajnu a pokro\u010dilej technol\u00f3gii cievok, VOPK SHISHA VAPE 15000 PUFFS uprednost\u0148uje spokojnos\u0165 a pohodlie pou\u017e\u00edvate\u013ea, \u010do z neho rob\u00ed ide\u00e1lnu vo\u013ebu pre za\u010d\u00ednaj\u00facich aj sk\u00fasen\u00fdch vaperov.<\/p>\n<p>&nbsp;<\/p>\n<p>N\u00e1jdite \u010fal\u0161ie vape produkty, ktor\u00e9 by sa v\u00e1m mohli p\u00e1\u010di\u0165:<em><a href=\"https:\/\/rmvapesale.com\/sk\/shop-2\/\">nakupova\u0165 teraz\u00a0<\/a><\/em><\/p>\n<p>\u010eal\u0161ie hor\u00face predajn\u00e9 vape, ktor\u00e9 by sa v\u00e1m mohli p\u00e1\u010di\u0165:<\/p>","protected":false},"excerpt":{"rendered":"<p class=\"LC20lb MBeuO DKV0Md\">15K PUFFS JNR VAPE VOPK Ve\u013ekoobchodn\u00e1 Cena<br \/>\n15K PUFFS JNR SHISHA VOPK Tov\u00e1rensk\u00e1 Cena<br \/>\n15K PUFFS VAPE SHISHA VOPK Z\u013eavnen\u00e1 Cena<br \/>\n<strong>Kontaktujte Amy pre viac zliav a ni\u017e\u0161iu MOQ Vape<\/strong><\/p>\n<p><img loading=\"lazy\" decoding=\"async\" class=\"size-medium wp-image-1814\" src=\"https:\/\/rmvapesale.com\/wp-content\/uploads\/2024\/04\/whatsapp-amy-229x300.jpg\" alt=\"whatsapp amy\" width=\"229\" height=\"300\" srcset=\"https:\/\/rmvapesale.com\/wp-content\/uploads\/2024\/04\/whatsapp-amy-229x300.jpg 229w, https:\/\/rmvapesale.com\/wp-content\/uploads\/2024\/04\/whatsapp-amy-783x1024.jpg 783w, https:\/\/rmvapesale.com\/wp-content\/uploads\/2024\/04\/whatsapp-amy-768x1005.jpg 768w, https:\/\/rmvapesale.com\/wp-content\/uploads\/2024\/04\/whatsapp-amy-600x785.jpg 600w, https:\/\/rmvapesale.com\/wp-content\/uploads\/2024\/04\/whatsapp-amy.jpg 990w\" sizes=\"auto, (max-width: 229px) 100vw, 229px\" \/><\/p>\n<h3><span style=\"color: #ff0000\"><strong>WhatsApp: +86 17776015835<\/strong><\/span><\/h3>","protected":false},"featured_media":1864,"comment_status":"open","ping_status":"closed","template":"","meta":{"_uag_custom_page_level_css":"","_lmt_disableupdate":"no","_lmt_disable":"","site-sidebar-layout":"default","site-content-layout":"content-boxed-container","ast-site-content-layout":"normal-width-container","site-content-style":"boxed","site-sidebar-style":"unboxed","ast-global-header-display":"","ast-banner-title-visibility":"","ast-main-header-display":"","ast-hfb-above-header-display":"","ast-hfb-below-header-display":"","ast-hfb-mobile-header-display":"","site-post-title":"","ast-breadcrumbs-content":"","ast-featured-img":"","footer-sml-layout":"","ast-disable-related-posts":"","theme-transparent-header-meta":"default","adv-header-id-meta":"","stick-header-meta":"","header-above-stick-meta":"","header-main-stick-meta":"","header-below-stick-meta":"","astra-migrate-meta-layouts":"set","ast-page-background-enabled":"default","ast-page-background-meta":{"desktop":{"background-color":"var(--ast-global-color-4)","background-image":"","background-repeat":"repeat","background-position":"center center","background-size":"auto","background-attachment":"scroll","background-type":"","background-media":"","overlay-type":"","overlay-color":"","overlay-opacity":"","overlay-gradient":""},"tablet":{"background-color":"","background-image":"","background-repeat":"repeat","background-position":"center center","background-size":"auto","background-attachment":"scroll","background-type":"","background-media":"","overlay-type":"","overlay-color":"","overlay-opacity":"","overlay-gradient":""},"mobile":{"background-color":"","background-image":"","background-repeat":"repeat","background-position":"center center","background-size":"auto","background-attachment":"scroll","background-type":"","background-media":"","overlay-type":"","overlay-color":"","overlay-opacity":"","overlay-gradient":""}},"ast-content-background-meta":{"desktop":{"background-color":"var(--ast-global-color-5)","background-image":"","background-repeat":"repeat","background-position":"center center","background-size":"auto","background-attachment":"scroll","background-type":"","background-media":"","overlay-type":"","overlay-color":"","overlay-opacity":"","overlay-gradient":""},"tablet":{"background-color":"var(--ast-global-color-5)","background-image":"","background-repeat":"repeat","background-position":"center center","background-size":"auto","background-attachment":"scroll","background-type":"","background-media":"","overlay-type":"","overlay-color":"","overlay-opacity":"","overlay-gradient":""},"mobile":{"background-color":"var(--ast-global-color-5)","background-image":"","background-repeat":"repeat","background-position":"center center","background-size":"auto","background-attachment":"scroll","background-type":"","background-media":"","overlay-type":"","overlay-color":"","overlay-opacity":"","overlay-gradient":""}},"_joinchat":[]},"product_brand":[],"product_cat":[25,61,289,27,293,30,26,15,28,31,295,137,296,136,280],"product_tag":[44,40,41,43,42,37],"class_list":{"0":"post-1869","1":"product","2":"type-product","3":"status-publish","4":"has-post-thumbnail","6":"product_cat-germany-best-selling-vape","7":"product_cat-15000-puffs-disposable-vapes","8":"product_cat-big-puffs-disposable-vapes","9":"product_cat-fance-hot-sale-vape","10":"product_cat-low-nicotine-disposable-vapes","11":"product_cat-minimum-order-quantity-50pcs","12":"product_cat-netherlands-hot-sale-vape","13":"product_cat-new-vape-this-week","14":"product_cat-poland-hot-sale-vape","15":"product_cat-randm-fumot-vape","16":"product_cat-rechargeable-disposable-vapes","17":"product_cat-rechargeable-vapes","18":"product_cat-shisha-hookah-disposable-vapes","19":"product_cat-smart-screen-vapes","20":"product_cat-vopk-vape","21":"product_tag-15k-puffs-15000-vape-wholesale","22":"product_tag-hot-sale-vape","23":"product_tag-original-factory-vape","24":"product_tag-shisha-vape","25":"product_tag-vopk-vape","26":"product_tag-wholesale-vape-price","27":"desktop-align-left","28":"tablet-align-left","29":"mobile-align-left","31":"first","32":"instock","33":"sale","34":"shipping-taxable","35":"purchasable","36":"product-type-simple"},"uagb_featured_image_src":{"full":["https:\/\/rmvapesale.com\/wp-content\/uploads\/2024\/04\/VOPK-SHISHA-VAPE-15K-PUFFS-PRICE.jpg",500,500,false],"thumbnail":["https:\/\/rmvapesale.com\/wp-content\/uploads\/2024\/04\/VOPK-SHISHA-VAPE-15K-PUFFS-PRICE-150x150.jpg",150,150,true],"medium":["https:\/\/rmvapesale.com\/wp-content\/uploads\/2024\/04\/VOPK-SHISHA-VAPE-15K-PUFFS-PRICE-300x300.jpg",300,300,true],"medium_large":["https:\/\/rmvapesale.com\/wp-content\/uploads\/2024\/04\/VOPK-SHISHA-VAPE-15K-PUFFS-PRICE.jpg",500,500,false],"large":["https:\/\/rmvapesale.com\/wp-content\/uploads\/2024\/04\/VOPK-SHISHA-VAPE-15K-PUFFS-PRICE.jpg",500,500,false],"1536x1536":["https:\/\/rmvapesale.com\/wp-content\/uploads\/2024\/04\/VOPK-SHISHA-VAPE-15K-PUFFS-PRICE.jpg",500,500,false],"2048x2048":["https:\/\/rmvapesale.com\/wp-content\/uploads\/2024\/04\/VOPK-SHISHA-VAPE-15K-PUFFS-PRICE.jpg",500,500,false],"trp-custom-language-flag":["https:\/\/rmvapesale.com\/wp-content\/uploads\/2024\/04\/VOPK-SHISHA-VAPE-15K-PUFFS-PRICE.jpg",12,12,false],"woocommerce_thumbnail":["https:\/\/rmvapesale.com\/wp-content\/uploads\/2024\/04\/VOPK-SHISHA-VAPE-15K-PUFFS-PRICE-300x300.jpg",300,300,true],"woocommerce_single":["https:\/\/rmvapesale.com\/wp-content\/uploads\/2024\/04\/VOPK-SHISHA-VAPE-15K-PUFFS-PRICE.jpg",500,500,false],"woocommerce_gallery_thumbnail":["https:\/\/rmvapesale.com\/wp-content\/uploads\/2024\/04\/VOPK-SHISHA-VAPE-15K-PUFFS-PRICE-100x100.jpg",100,100,true],"wcpr-photo-reviews":["https:\/\/rmvapesale.com\/wp-content\/uploads\/2024\/04\/VOPK-SHISHA-VAPE-15K-PUFFS-PRICE.jpg",500,500,false]},"uagb_author_info":{"display_name":"yannazhan","author_link":"https:\/\/rmvapesale.com\/sk\/author\/"},"uagb_comment_info":0,"uagb_excerpt":"15K PUFFS JNR VAPE VOPK Wholesale Price 15K PUFFS JNR SHISHA VOPK Factory Price 15K PUFFS VAPE SHISHA VOPK Discount Price Contact Amy For More Discount And Lower MOQ Vape WhatsApp: +86 17776015835","_links":{"self":[{"href":"https:\/\/rmvapesale.com\/sk\/wp-json\/wp\/v2\/product\/1869","targetHints":{"allow":["GET"]}}],"collection":[{"href":"https:\/\/rmvapesale.com\/sk\/wp-json\/wp\/v2\/product"}],"about":[{"href":"https:\/\/rmvapesale.com\/sk\/wp-json\/wp\/v2\/types\/product"}],"replies":[{"embeddable":true,"href":"https:\/\/rmvapesale.com\/sk\/wp-json\/wp\/v2\/comments?post=1869"}],"wp:featuredmedia":[{"embeddable":true,"href":"https:\/\/rmvapesale.com\/sk\/wp-json\/wp\/v2\/media\/1864"}],"wp:attachment":[{"href":"https:\/\/rmvapesale.com\/sk\/wp-json\/wp\/v2\/media?parent=1869"}],"wp:term":[{"taxonomy":"product_brand","embeddable":true,"href":"https:\/\/rmvapesale.com\/sk\/wp-json\/wp\/v2\/product_brand?post=1869"},{"taxonomy":"product_cat","embeddable":true,"href":"https:\/\/rmvapesale.com\/sk\/wp-json\/wp\/v2\/product_cat?post=1869"},{"taxonomy":"product_tag","embeddable":true,"href":"https:\/\/rmvapesale.com\/sk\/wp-json\/wp\/v2\/product_tag?post=1869"}],"curies":[{"name":"wp","href":"https:\/\/api.w.org\/{rel}","templated":true}]}}