{"id":1874,"date":"2024-05-09T07:00:52","date_gmt":"2024-05-09T07:00:52","guid":{"rendered":"https:\/\/rmvapesale.com\/?post_type=product&#038;p=1874"},"modified":"2024-10-21T08:04:35","modified_gmt":"2024-10-21T08:04:35","slug":"randm-tornado-15000-puffs-15k-vape-recharge-fumot-original-vape-factory-price","status":"publish","type":"product","link":"https:\/\/rmvapesale.com\/sk\/product\/randm-tornado-15000-puffs-15k-vape-recharge-fumot-original-vape-factory-price\/","title":{"rendered":"RANDM TORNADO 15000 PUFFS 15K VAPE NAB\u00cdJATE\u013dN\u00dd FUMOT ORIGIN\u00c1L VAPE TOV\u00c1RENSK\u00c1 CENA"},"content":{"rendered":"<h1>RANDM TORNADO 15000 PUFFS 15K VAPE NAB\u00cdJATE\u013dN\u00dd FUMOT ORIGIN\u00c1L VAPE TOV\u00c1RENSK\u00c1 CENA<\/h1>\n<p>RANDM TORNADO VAPE 15000 P\u00c1LIKOV Dob\u00edjate\u013en\u00e1 vape je teraz popul\u00e1rna v v\u00e4\u010d\u0161ine eur\u00f3pskych kraj\u00edn, ako Nemecko, Holandsko, Franc\u00fazsko, Taliansko, \u0160panielsko, \u0160vaj\u010diarsko, \u0160v\u00e9dsko, Po\u013esko a \u010fal\u0161ie. Ako k\u00fapi\u0165 Randm Tornado 15k Vapes? \u010co je Fumot tornado 15k vape? Povedzte ahoj k RANDM Tornado 15K Vape \u2013 \u0161pi\u010dkov\u00e9mu v\u00fdrobku od Fumot. Tento k\u00fasok m\u00e1 kapacitu 15 000 pufov, \u010do nastavuje vysok\u00fa latku vo svete vapingu. Vyroben\u00e9 majstrami zo Shenzhen Fumot Technology, tento vape nielen vyzer\u00e1 skvelo, ale aj pod\u00e1va skvel\u00e9 v\u00fdkony.<\/p>\n<p>S mo\u017enos\u0165ami obsahu nikot\u00ednu od 0% do 5% a prednabit\u00fd 25 ml e tekutiny, m\u00e1 \u0161irok\u00fd v\u00fdber chut\u00ed. Poh\u00e1\u0148an\u00fd 850mAh dob\u00edjate\u013enou bat\u00e9riou a vybaven\u00fd mesh cievkou s odporom 0,9\u03a9, zaru\u010duje hladk\u00e9 \u0165ahy zaka\u017ed\u00fdm. Sledujte \u00farove\u0148 svojej \u0161\u0165avy a bat\u00e9rie pomocou LED indik\u00e1tora \u2013 je to jednoduch\u00e9. Pripravte sa na najlep\u0161\u00ed z\u00e1\u017eitok z vapingu s RANDM Tornado 15K Vape<\/p>\n<p>&nbsp;<\/p>\n<p><strong>Prida\u0165 mana\u017e\u00e9rku predaja AMY whatsapp <a href=\"https:\/\/wa.me\/8617776015835\" target=\"_blank\" rel=\"noopener\">+86-17776015835<\/a> z\u00edskajte v\u00e4\u010d\u0161iu z\u013eavu!<\/strong><\/p>\n<p><img loading=\"lazy\" decoding=\"async\" class=\"size-medium wp-image-1814\" src=\"https:\/\/rmvapesale.com\/wp-content\/uploads\/2024\/04\/whatsapp-amy-229x300.jpg\" alt=\"whatsapp amy\" width=\"229\" height=\"300\" srcset=\"https:\/\/rmvapesale.com\/wp-content\/uploads\/2024\/04\/whatsapp-amy-229x300.jpg 229w, https:\/\/rmvapesale.com\/wp-content\/uploads\/2024\/04\/whatsapp-amy-783x1024.jpg 783w, https:\/\/rmvapesale.com\/wp-content\/uploads\/2024\/04\/whatsapp-amy-768x1005.jpg 768w, https:\/\/rmvapesale.com\/wp-content\/uploads\/2024\/04\/whatsapp-amy-600x785.jpg 600w, https:\/\/rmvapesale.com\/wp-content\/uploads\/2024\/04\/whatsapp-amy.jpg 990w\" sizes=\"auto, (max-width: 229px) 100vw, 229px\" \/><\/p>\n<h2>\u0160pecifik\u00e1cie FUMOT TORNADO 15000 Jednorazov\u00fd vaporiz\u00e9r:<\/h2>\n<p>Mo\u017enosti obsahu nikot\u00ednu: 0 %, 2 %, 3 % a 5 %<br \/>\nA\u017e 15000 potiahnut\u00ed<br \/>\nPredplnen\u00e9 25 ml e-liquidom<br \/>\n850 mAh nab\u00edjate\u013en\u00e1 bat\u00e9ria<br \/>\n0.9\u03a9 Sie\u0165ov\u00e1 cievka<br \/>\n41 dostupn\u00fdch pr\u00edchut\u00ed<\/p>\n<h2>Najlep\u0161ia pr\u00edchu\u0165 Randm 15000 Pufov<\/h2>\n<p>1 Blue Razz Lemonade<br \/>\n2 Peach Ice<br \/>\n3 Sour Apple<br \/>\n4 Watermelon Ice<br \/>\n5 Blueberry On Ice<br \/>\n6 \u010cu\u010doriedka Malina<br \/>\n7 Anan\u00e1sov\u00fd \u013ead<br \/>\n8 \u010cere\u0161\u0148a<br \/>\n9 Jahodov\u00e1 zmrzlina<br \/>\n10 Vimto\u00a0 <span style=\"color: #ff0000\"><strong>&gt;&gt;&gt;&gt; Hor\u00face!<\/strong><\/span><br \/>\n11 Hroznov\u00fd \u013ead<br \/>\n12 Kolov\u00fd \u013ead<br \/>\n13 Jahoda Vodn\u00fd mel\u00f3n<br \/>\n14 Ru\u017eov\u00e1 limon\u00e1da <span style=\"color: #ff0000\"><strong>&gt;&gt;&gt;&gt; Najlep\u0161ie!<\/strong><\/span><br \/>\n15 Zmes bobu\u013eov\u00e9ho ovocia <span style=\"color: #ff0000\"><strong>&gt;&gt;&gt;&gt; Hor\u00face!<\/strong><\/span><br \/>\n16 Brosky\u0148a Mango<br \/>\n17.Dra\u010die ovocie<br \/>\n18.Jahoda hrozno<br \/>\n19.Mr blue <span style=\"color: #ff0000\"><strong>&gt;&gt;&gt;&gt; Hor\u00face!<\/strong><\/span><br \/>\n20.Svie\u017ei \u013ead<br \/>\n21.Zmrzlina na pali\u010dke<br \/>\n22.Jahoda kivi<br \/>\n23.Kivi marakuja guava<br \/>\n24.Trojit\u00e9 bobu\u013eov\u00e9 ovocie <span style=\"color: #ff0000\"><strong>&gt;&gt;&gt;&gt; Hor\u00face!<\/strong><\/span><br \/>\n25.Ban\u00e1nov\u00fd \u013ead<br \/>\n26.Brosky\u0148a \u010du\u010doriedkov\u00fd cukr\u00edk<br \/>\n27.Jablko, brosky\u0148a, hru\u0161ka<br \/>\n28.Bobu\u013eov\u00e1 limon\u00e1da<br \/>\n29.Modr\u00e1 malina, \u010dere\u0161\u0148a<br \/>\n30.\u010cu\u010doriedkov\u00e1 \u017euva\u010dka<br \/>\n31.\u010cu\u010doriedka, \u010dere\u0161\u0148a, brusnica<br \/>\n32.\u010cu\u010doriedka, gran\u00e1tov\u00e9 jablko<br \/>\n33.Modr\u00e1 kysl\u00e1 malina<br \/>\n34.\u010cere\u0161\u0148ov\u00e1 kola<br \/>\n35.Gumen\u00fd medved\u00edk<br \/>\n36.Citr\u00f3n<br \/>\n37.Mango Na \u013eade<br \/>\n38.\u010cerven\u00e1 energia \u013ead<br \/>\n39.Jahodov\u00fd ban\u00e1n<br \/>\n40.Jahodov\u00fd Red Bull<br \/>\n41.Jahodov\u00e1 mel\u00f3nov\u00e1 limon\u00e1da<\/p>\n<p>&nbsp;<\/p>\n<h2>\u010casto kladen\u00e9 ot\u00e1zky k Randm Tornado 15000<\/h2>\n<p>1. \u010co je RANDM VAPE 15K TORNADO Origin\u00e1l?<br \/>\nRANDM VAPE 15K TORNADO Origin\u00e1l je hor\u00faco pred\u00e1van\u00e9 jednorazov\u00e9 zariadenie od Fumot Vape Tech. Je pomenovan\u00e9 pod\u013ea jeho p\u00f4sobivej kapacity 15 000 pufov.<\/p>\n<p>2. Kto vyr\u00e1ba RANDM VAPE 15K TORNADO Origin\u00e1l?<br \/>\nOdpove\u010f: RANDM VAPE 15K TORNADO Genuine vyr\u00e1ba spolo\u010dnos\u0165 Shenzhen Fumot Technology, popredn\u00e1 spolo\u010dnos\u0165 vo vapovacom priemysle zn\u00e1ma svojimi inovat\u00edvnymi produktmi.<\/p>\n<p>3. \u010co rob\u00ed RANDM VAPE 15K TORNADO Origin\u00e1l jedine\u010dn\u00fdm?<\/p>\n<p>S kapacitou 15 000 pufov vynik\u00e1 RANDM VAPE 15K TORNADO Origin\u00e1l ako jedno z najvy\u0161\u0161\u00edch kapacitn\u00fdch jednorazov\u00fdch vapov na trhu. Je to dobr\u00e1 vo\u013eba pre t\u00fdch, ktor\u00ed chc\u00fa dlh\u0161ie vydr\u017ea\u0165 zariadenia.<\/p>\n<p>4. Ak\u00e9 pr\u00edchute s\u00fa dostupn\u00e9 pre RANDM VAPE 15K TORNADO Origin\u00e1l?<br \/>\nRANDM VAPE 15K TORNADO Origin\u00e1l je dostupn\u00fd v r\u00f4znych pr\u00edchutiach, vr\u00e1tane Jablko Brosky\u0148a Hru\u0161ka, Ban\u00e1n \u013dad, Bobu\u013eov\u00e1 Limetka, Modr\u00fd Razz \u010cere\u0161\u0148a a mnoho \u010fal\u0161\u00edch. S 41 pr\u00edchu\u0165ami na v\u00fdber je tu nie\u010do pre ka\u017ed\u00fd vkus.<\/p>\n<p>5. Ako dlho vydr\u017e\u00ed bat\u00e9ria na RANDM VAPE 15K TORNADO Origin\u00e1l?<br \/>\nOdpove\u010f: RANDM VAPE 15K TORNADO Authentic je vybaven\u00e9 vstavanou bat\u00e9riou s kapacitou 850mAh, ktor\u00e1 pon\u00faka dlh\u0161ie pou\u017e\u00edvanie na jedno nabitie. Presn\u00e1 v\u00fddr\u017e bat\u00e9rie v\u0161ak z\u00e1vis\u00ed od individu\u00e1lnych vzorcov pou\u017e\u00edvania.<\/p>\n<p>6. Je RANDM VAPE 15000 TORNADO Origin\u00e1l dob\u00edjate\u013en\u00fd?<br \/>\nNie, RANDM VAPE 15000 TORNADO Origin\u00e1l je jednorazov\u00e9 zariadenie a nie je dob\u00edjate\u013en\u00e9. Po vybit\u00ed bat\u00e9rie alebo vy\u010derpan\u00ed e tekutiny je zariadenie ur\u010den\u00e9 na zodpovedn\u00e9 likvidovanie.<\/p>\n<p>7. Ako m\u00f4\u017eem zak\u00fapi\u0165 RANDM VAPE 15000 Origin\u00e1l?<br \/>\nThe RANDM VAPE 15000 Origin\u00e1lny je dostupn\u00fd na k\u00fapu prostredn\u00edctvom autorizovan\u00fdch distrib\u00fatorov. Pre ve\u013ekoobchodn\u00e9 dopyty m\u00f4\u017eu distrib\u00fatori <a href=\"https:\/\/wa.me\/8617776015835\" target=\"_blank\" rel=\"noopener\">kontaktujte n\u00e1s<\/a> priamo. Maloobchodn\u00ed z\u00e1kazn\u00edci m\u00f4\u017eu n\u00e1js\u0165 produkt u vybran\u00fdch predajcov alebo v internetov\u00fdch obchodoch.<\/p>\n<p>&nbsp;<\/p>\n<p>N\u00e1jdite \u010fal\u0161ie vape produkty, ktor\u00e9 by sa v\u00e1m mohli p\u00e1\u010di\u0165:<em><a href=\"https:\/\/rmvapesale.com\/sk\/shop-2\/\">nakupova\u0165 teraz\u00a0<\/a><\/em><\/p>\n<p>\u010eal\u0161ie hor\u00face predajn\u00e9 vape, ktor\u00e9 by sa v\u00e1m mohli p\u00e1\u010di\u0165:<\/p>\n<p><a href=\"https:\/\/rmvapesale.com\/sk\/product\/jnr-shisha-vape-15000-puffs-wholesale-price-with-screen-vape\/\">VOPK SHISHA 15K<\/a><\/p>\n<p><a href=\"https:\/\/rmvapesale.com\/sk\/product\/randm-vape-al-fakher-10000-puffs-vape-wholesale\/\">randm vejp AI FAKHER 15k vejp<\/a><\/p>","protected":false},"excerpt":{"rendered":"<p class=\"LC20lb MBeuO DKV0Md\">15K P\u00c1LIKOV FUMOT VAPE RANDM Ve\u013ekoobchodn\u00e1 cena<br \/>\n15K P\u00c1LIKOV FUMOT ORIGIN\u00c1LNA RANDM Factory cena<br \/>\n15K P\u00c1LIKOV Origin\u00e1lny FUMOT VAPE TORNADO RANDM Z\u013eavov\u00e1 cena<br \/>\n<strong>Kontaktujte Amy pre viac zliav a ni\u017e\u0161iu MOQ Vape<\/strong><\/p>\n<p><img loading=\"lazy\" decoding=\"async\" class=\"size-medium wp-image-1814\" src=\"https:\/\/rmvapesale.com\/wp-content\/uploads\/2024\/04\/whatsapp-amy-229x300.jpg\" alt=\"whatsapp amy\" width=\"229\" height=\"300\" srcset=\"https:\/\/rmvapesale.com\/wp-content\/uploads\/2024\/04\/whatsapp-amy-229x300.jpg 229w, https:\/\/rmvapesale.com\/wp-content\/uploads\/2024\/04\/whatsapp-amy-783x1024.jpg 783w, https:\/\/rmvapesale.com\/wp-content\/uploads\/2024\/04\/whatsapp-amy-768x1005.jpg 768w, https:\/\/rmvapesale.com\/wp-content\/uploads\/2024\/04\/whatsapp-amy-600x785.jpg 600w, https:\/\/rmvapesale.com\/wp-content\/uploads\/2024\/04\/whatsapp-amy.jpg 990w\" sizes=\"auto, (max-width: 229px) 100vw, 229px\" \/><\/p>\n<h3><span style=\"color: #ff0000\"><strong>WhatsApp: +86 17776015835<\/strong><\/span><\/h3>","protected":false},"featured_media":1877,"comment_status":"open","ping_status":"closed","template":"","meta":{"_uag_custom_page_level_css":"","_lmt_disableupdate":"no","_lmt_disable":"","site-sidebar-layout":"default","site-content-layout":"content-boxed-container","ast-site-content-layout":"normal-width-container","site-content-style":"boxed","site-sidebar-style":"unboxed","ast-global-header-display":"","ast-banner-title-visibility":"","ast-main-header-display":"","ast-hfb-above-header-display":"","ast-hfb-below-header-display":"","ast-hfb-mobile-header-display":"","site-post-title":"","ast-breadcrumbs-content":"","ast-featured-img":"","footer-sml-layout":"","theme-transparent-header-meta":"default","adv-header-id-meta":"","stick-header-meta":"","header-above-stick-meta":"","header-main-stick-meta":"","header-below-stick-meta":"","astra-migrate-meta-layouts":"set","ast-page-background-enabled":"default","ast-page-background-meta":{"desktop":{"background-color":"var(--ast-global-color-4)","background-image":"","background-repeat":"repeat","background-position":"center center","background-size":"auto","background-attachment":"scroll","background-type":"","background-media":"","overlay-type":"","overlay-color":"","overlay-opacity":"","overlay-gradient":""},"tablet":{"background-color":"","background-image":"","background-repeat":"repeat","background-position":"center center","background-size":"auto","background-attachment":"scroll","background-type":"","background-media":"","overlay-type":"","overlay-color":"","overlay-opacity":"","overlay-gradient":""},"mobile":{"background-color":"","background-image":"","background-repeat":"repeat","background-position":"center center","background-size":"auto","background-attachment":"scroll","background-type":"","background-media":"","overlay-type":"","overlay-color":"","overlay-opacity":"","overlay-gradient":""}},"ast-content-background-meta":{"desktop":{"background-color":"var(--ast-global-color-5)","background-image":"","background-repeat":"repeat","background-position":"center center","background-size":"auto","background-attachment":"scroll","background-type":"","background-media":"","overlay-type":"","overlay-color":"","overlay-opacity":"","overlay-gradient":""},"tablet":{"background-color":"var(--ast-global-color-5)","background-image":"","background-repeat":"repeat","background-position":"center center","background-size":"auto","background-attachment":"scroll","background-type":"","background-media":"","overlay-type":"","overlay-color":"","overlay-opacity":"","overlay-gradient":""},"mobile":{"background-color":"var(--ast-global-color-5)","background-image":"","background-repeat":"repeat","background-position":"center center","background-size":"auto","background-attachment":"scroll","background-type":"","background-media":"","overlay-type":"","overlay-color":"","overlay-opacity":"","overlay-gradient":""}},"_joinchat":[]},"product_brand":[],"product_cat":[25,51,123,26,28,135,27,31,61,137,15,30],"product_tag":[44,39,40,41,171,38,37],"class_list":{"0":"post-1874","1":"product","2":"type-product","3":"status-publish","4":"has-post-thumbnail","6":"product_cat-germany-best-selling-vape","7":"product_cat-fumot-vape","8":"product_cat-italy-wholesale-vape","9":"product_cat-netherlands-hot-sale-vape","10":"product_cat-poland-hot-sale-vape","11":"product_cat-spain-best-hot-sale-vape","12":"product_cat-fance-hot-sale-vape","13":"product_cat-randm-fumot-vape","14":"product_cat-15000-puffs-disposable-vapes","15":"product_cat-rechargeable-vapes","16":"product_cat-new-vape-this-week","17":"product_cat-minimum-order-quantity-50pcs","18":"product_tag-15k-puffs-15000-vape-wholesale","19":"product_tag-fumot-vape","20":"product_tag-hot-sale-vape","21":"product_tag-original-factory-vape","22":"product_tag-randm-15000","23":"product_tag-randm-vape","24":"product_tag-wholesale-vape-price","25":"desktop-align-left","26":"tablet-align-left","27":"mobile-align-left","29":"first","30":"instock","31":"sale","32":"shipping-taxable","33":"purchasable","34":"product-type-simple"},"uagb_featured_image_src":{"full":["https:\/\/rmvapesale.com\/wp-content\/uploads\/2024\/05\/randm-vape-tornado-15k-fumot.jpg",424,589,false],"thumbnail":["https:\/\/rmvapesale.com\/wp-content\/uploads\/2024\/05\/randm-vape-tornado-15k-fumot-150x150.jpg",150,150,true],"medium":["https:\/\/rmvapesale.com\/wp-content\/uploads\/2024\/05\/randm-vape-tornado-15k-fumot-216x300.jpg",216,300,true],"medium_large":["https:\/\/rmvapesale.com\/wp-content\/uploads\/2024\/05\/randm-vape-tornado-15k-fumot.jpg",424,589,false],"large":["https:\/\/rmvapesale.com\/wp-content\/uploads\/2024\/05\/randm-vape-tornado-15k-fumot.jpg",424,589,false],"1536x1536":["https:\/\/rmvapesale.com\/wp-content\/uploads\/2024\/05\/randm-vape-tornado-15k-fumot.jpg",424,589,false],"2048x2048":["https:\/\/rmvapesale.com\/wp-content\/uploads\/2024\/05\/randm-vape-tornado-15k-fumot.jpg",424,589,false],"trp-custom-language-flag":["https:\/\/rmvapesale.com\/wp-content\/uploads\/2024\/05\/randm-vape-tornado-15k-fumot.jpg",9,12,false],"woocommerce_thumbnail":["https:\/\/rmvapesale.com\/wp-content\/uploads\/2024\/05\/randm-vape-tornado-15k-fumot-300x300.jpg",300,300,true],"woocommerce_single":["https:\/\/rmvapesale.com\/wp-content\/uploads\/2024\/05\/randm-vape-tornado-15k-fumot.jpg",424,589,false],"woocommerce_gallery_thumbnail":["https:\/\/rmvapesale.com\/wp-content\/uploads\/2024\/05\/randm-vape-tornado-15k-fumot-100x100.jpg",100,100,true],"wcpr-photo-reviews":["https:\/\/rmvapesale.com\/wp-content\/uploads\/2024\/05\/randm-vape-tornado-15k-fumot.jpg",360,500,false]},"uagb_author_info":{"display_name":"yannazhan","author_link":"https:\/\/rmvapesale.com\/sk\/author\/"},"uagb_comment_info":0,"uagb_excerpt":"15K PUFFS FUMOT VAPE RANDM Wholesale Price 15K PUFFS FUMOT ORIGINAL RANDM\u00a0 Factory Price 15K PUFFS Genuine FUMOT VAPE TORNADO RANDM Discount Price Contact Amy For More Discount And Lower MOQ Vape WhatsApp: +86 17776015835","_links":{"self":[{"href":"https:\/\/rmvapesale.com\/sk\/wp-json\/wp\/v2\/product\/1874","targetHints":{"allow":["GET"]}}],"collection":[{"href":"https:\/\/rmvapesale.com\/sk\/wp-json\/wp\/v2\/product"}],"about":[{"href":"https:\/\/rmvapesale.com\/sk\/wp-json\/wp\/v2\/types\/product"}],"replies":[{"embeddable":true,"href":"https:\/\/rmvapesale.com\/sk\/wp-json\/wp\/v2\/comments?post=1874"}],"wp:featuredmedia":[{"embeddable":true,"href":"https:\/\/rmvapesale.com\/sk\/wp-json\/wp\/v2\/media\/1877"}],"wp:attachment":[{"href":"https:\/\/rmvapesale.com\/sk\/wp-json\/wp\/v2\/media?parent=1874"}],"wp:term":[{"taxonomy":"product_brand","embeddable":true,"href":"https:\/\/rmvapesale.com\/sk\/wp-json\/wp\/v2\/product_brand?post=1874"},{"taxonomy":"product_cat","embeddable":true,"href":"https:\/\/rmvapesale.com\/sk\/wp-json\/wp\/v2\/product_cat?post=1874"},{"taxonomy":"product_tag","embeddable":true,"href":"https:\/\/rmvapesale.com\/sk\/wp-json\/wp\/v2\/product_tag?post=1874"}],"curies":[{"name":"wp","href":"https:\/\/api.w.org\/{rel}","templated":true}]}}