{"id":1886,"date":"2024-05-15T08:46:17","date_gmt":"2024-05-15T08:46:17","guid":{"rendered":"https:\/\/rmvapesale.com\/?post_type=product&#038;p=1886"},"modified":"2024-10-21T08:52:11","modified_gmt":"2024-10-21T08:52:11","slug":"original-randm-vape-digital-puff-12000-fumot-factory-price","status":"publish","type":"product","link":"https:\/\/rmvapesale.com\/sk\/product\/original-randm-vape-digital-puff-12000-fumot-factory-price\/","title":{"rendered":"Origin\u00e1l Randm Vape Digital Puff 12000 FUMOT Tov\u00e1rna Cena"},"content":{"rendered":"<h1>Origin\u00e1l Randm Vape Digital Puff 12000 FUMOT Tov\u00e1rna Cena<\/h1>\n<p>Najnov\u0161ie <strong>Origin\u00e1l Randm Vape Digital Puff 12000<\/strong>, perfektn\u00e1 vo\u013eba na roz\u0161\u00edrenie v\u00e1\u0161ho trhu v Eur\u00f3pe, ako je Nemecko, Holandsko, Franc\u00fazsko, Taliansko, \u0160panielsko, \u0160vaj\u010diarsko, \u0160v\u00e9dsko, Po\u013esko, at\u010f. Toto pokro\u010dil\u00e9 vapovacie zariadenie sa m\u00f4\u017ee pochv\u00e1li\u0165 nielen vynikaj\u00facim v\u00fdkonom, ale pon\u00faka aj r\u00f4zne pr\u00edchute, aby vyhovovali preferenci\u00e1m r\u00f4znych spotrebite\u013eov.<\/p>\n<p>The <strong>Fumot Digital Box 12000 jednorazov\u00e1 vape<\/strong> je vybaven\u00fd 20ml kapacitou e-liquidu, ktor\u00e1 poskytuje a\u017e 12 000 po\u0165ahov na jedno zariadenie, \u010do zais\u0165uje dlhotrvaj\u00faci p\u00f4\u017eitok pre u\u017e\u00edvate\u013eov. Obsahuje integrovan\u00fa 850mAh nab\u00edjate\u013en\u00fa bat\u00e9riu s praktick\u00fdm displejom bat\u00e9rie a e-liquidu, \u010do umo\u017e\u0148uje u\u017e\u00edvate\u013eom \u013eahko sledova\u0165 zost\u00e1vaj\u00facu energiu a hladiny e-liquidu pre bezprobl\u00e9mov\u00e9 vapovanie.<\/p>\n<p>Pon\u00fakame \u0161irok\u00fa \u0161k\u00e1lu pr\u00edchut\u00ed, vr\u00e1tane Cool Mint, Watermelon Ice, Grape Ice, Blueberry Raspberry, Strawberry Watermelon a mnoho \u010fal\u0161\u00edch, celkovo 24 jedine\u010dn\u00fdch mo\u017enost\u00ed. Napr\u00edklad Cool Mint prin\u00e1\u0161a osvie\u017euj\u00faci a chladiv\u00fd pocit, zatia\u013e \u010do Watermelon Ice kombinuje sladk\u00e9 a \u013eadov\u00e9 t\u00f3ny pre n\u00e1dhern\u00fd z\u00e1\u017eitok, ide\u00e1lny pre hor\u00face letn\u00e9 dni.<\/p>\n<p>Navy\u0161e, <strong>Jednorazov\u00e1 Vape Fumot Digital Randm 12000<\/strong> vyu\u017e\u00edva pokro\u010dil\u00fa technol\u00f3giu nikot\u00ednovej soli, dostupn\u00fa v koncentr\u00e1ci\u00e1ch nikot\u00ednu 0%, 2%, 3% a 5%, \u010do umo\u017e\u0148uje u\u017e\u00edvate\u013eom zvoli\u0165 si \u00farove\u0148, ktor\u00e1 najlep\u0161ie vyhovuje ich potreb\u00e1m.<\/p>\n<p>Ako ve\u013ekoobchodn\u00edk s VAPE m\u00f4\u017eete \u0165a\u017ei\u0165 z na\u0161ich priamych tov\u00e1rensk\u00fdch cien, \u010do zais\u0165uje maxim\u00e1lnu n\u00e1kladov\u00fa efekt\u00edvnos\u0165. Na\u0161e minim\u00e1lne mno\u017estvo objedn\u00e1vky je len 50 kusov, ide\u00e1lne pre ve\u013ekoobchodn\u00edkov, ktor\u00ed prv\u00fdkr\u00e1t dov\u00e1\u017eaj\u00fa e-cigarety zo Slovenska. Poskytujeme tie\u017e 24-hodinov\u00fa z\u00e1kazn\u00edcku podporu a vybavujeme v\u0161etky coln\u00e9 z\u00e1le\u017eitosti, v\u010faka \u010domu je v\u00e1\u0161 n\u00e1kupn\u00fd proces hladk\u00fd a bezstarostn\u00fd.<\/p>\n<p><strong>Prida\u0165 mana\u017e\u00e9rku predaja AMY whatsapp <a href=\"https:\/\/wa.me\/8617776015835\" target=\"_blank\" rel=\"noopener\">+86-17776015835<\/a> z\u00edskajte v\u00e4\u010d\u0161iu z\u013eavu!<\/strong><\/p>\n<p><img loading=\"lazy\" decoding=\"async\" class=\"size-medium wp-image-1814\" src=\"https:\/\/rmvapesale.com\/wp-content\/uploads\/2024\/04\/whatsapp-amy-229x300.jpg\" alt=\"whatsapp amy\" width=\"229\" height=\"300\" srcset=\"https:\/\/rmvapesale.com\/wp-content\/uploads\/2024\/04\/whatsapp-amy-229x300.jpg 229w, https:\/\/rmvapesale.com\/wp-content\/uploads\/2024\/04\/whatsapp-amy-783x1024.jpg 783w, https:\/\/rmvapesale.com\/wp-content\/uploads\/2024\/04\/whatsapp-amy-768x1005.jpg 768w, https:\/\/rmvapesale.com\/wp-content\/uploads\/2024\/04\/whatsapp-amy-600x785.jpg 600w, https:\/\/rmvapesale.com\/wp-content\/uploads\/2024\/04\/whatsapp-amy.jpg 990w\" sizes=\"auto, (max-width: 229px) 100vw, 229px\" \/><\/p>\n<h2>\u0160pecifik\u00e1cie FUMOT PUFF 12000 Jednorazov\u00e1 Vape:<\/h2>\n<p>Mo\u017enosti obsahu nikot\u00ednu: 0 %, 2 %, 3 % a 5 %<br \/>\nA\u017e 12000 po\u0165ahov<br \/>\nPredplnen\u00e9 20ml e-liquidom<br \/>\n850 mAh nab\u00edjate\u013en\u00e1 bat\u00e9ria<br \/>\n0.9\u03a9 Sie\u0165ov\u00e1 cievka<br \/>\n40 dostupn\u00fdch pr\u00edchut\u00ed<\/p>\n<h2>Popul\u00e1rna Pr\u00edchu\u0165 pre randm vape Digital 12000 Puff<\/h2>\n<p>1 Chladiv\u00e1 m\u00e4ta<br \/>\n2 Vodn\u00fd mel\u00f3n \u013ead<br \/>\n3 Hrozno \u013ead<br \/>\n4 \u010co\u010dnica a malina <strong><span style=\"color: #ff0000\">&gt;&gt;&gt;Hor\u00face!<\/span><\/strong><br \/>\n5 Jahoda a vodn\u00fd mel\u00f3n<br \/>\n6 Jahoda a ban\u00e1n<br \/>\n7 Svie\u017ei \u013ead<br \/>\n8 \u010cere\u0161\u0148a<br \/>\n9 Jahodov\u00e1 zmrzlina<br \/>\n10 Nanuk<br \/>\n11 Ru\u017eov\u00e1 limon\u00e1da <strong><span style=\"color: #ff0000\">&gt;&gt;&gt;Najlep\u0161ie!<\/span><\/strong><br \/>\n12 Mangov\u00e1 \u013eadov\u00e1<br \/>\n13 Zmes bob\u00fa\u013e<br \/>\n14 Jahodov\u00e1 \u0161i\u0161ka<br \/>\n15 Jahodov\u00e9 hrozno<br \/>\n16 \u010cere\u0161\u0148ov\u00e1 kola<br \/>\n17 Dr. modr\u00e1<br \/>\n18 \u010cu\u010doriedkov\u00e1 \u013eadov\u00e1<br \/>\n19 Kivi, marakuja a guava<br \/>\n20 Jahodov\u00e9 kivi<br \/>\n21 Brosky\u0148ov\u00e9 mango<br \/>\n22 Brosky\u0148ov\u00e1 \u013eadov\u00e1<br \/>\n23 \u010cerven\u00e9 jablko s \u013eadom<br \/>\n24 \u010cu\u010doriedkov\u00e1 \u017euva\u010dka<br \/>\n25 Bobu\u013eov\u00e1 limon\u00e1da<br \/>\n26 Modr\u00e1 malinov\u00e1 limon\u00e1da<br \/>\n27 Modr\u00e1 kysl\u00e1 malina <strong><span style=\"color: #ff0000\">&gt;&gt;&gt;Hor\u00face!<\/span><\/strong><br \/>\n28 Jahodov\u00fd Red bull<br \/>\n29 Jablkov\u00fd bobu\u013eov\u00fd v\u00fdbuch<br \/>\n30 Mel\u00f3nov\u00e1 \u017euva\u010dka<br \/>\n31 Malina mel\u00f3n<br \/>\n32 \u010cierna \u013eadov\u00e1<br \/>\n33 \u010cu\u010doriedka \u010dere\u0161\u0148a brusnica <strong><span style=\"color: #ff0000\">&gt;&gt;&gt;Hor\u00face!<\/span><\/strong><br \/>\n34 Jahodov\u00e9 gran\u00e1tov\u00e9 jablko<br \/>\n35 Vimto <strong><span style=\"color: #ff0000\">&gt;&gt;&gt;Hor\u00face!<\/span><\/strong><br \/>\n36 \u010cere\u0161\u0148a bobule<br \/>\n37 Citr\u00f3n<br \/>\n38 Bingo Crush<br \/>\n39 \u010cu\u010doriedkov\u00e9 kiwi<br \/>\n40 Jabl\u010dn\u00e1 \u0161korica<\/p>\n<figure id=\"attachment_2480\" aria-describedby=\"caption-attachment-2480\" style=\"width: 600px\" class=\"wp-caption alignnone\"><img loading=\"lazy\" decoding=\"async\" class=\"wp-image-2480 size-full\" src=\"https:\/\/rmvapesale.com\/wp-content\/uploads\/2024\/10\/Fumot-Digital-Box-12000-Disposable-Vape.jpg\" alt=\"Fumot Digital Box 12000 jednorazov\u00e1 vape\" width=\"600\" height=\"600\" srcset=\"https:\/\/rmvapesale.com\/wp-content\/uploads\/2024\/10\/Fumot-Digital-Box-12000-Disposable-Vape.jpg 600w, https:\/\/rmvapesale.com\/wp-content\/uploads\/2024\/10\/Fumot-Digital-Box-12000-Disposable-Vape-300x300.jpg 300w, https:\/\/rmvapesale.com\/wp-content\/uploads\/2024\/10\/Fumot-Digital-Box-12000-Disposable-Vape-150x150.jpg 150w, https:\/\/rmvapesale.com\/wp-content\/uploads\/2024\/10\/Fumot-Digital-Box-12000-Disposable-Vape-100x100.jpg 100w\" sizes=\"auto, (max-width: 600px) 100vw, 600px\" \/><figcaption id=\"caption-attachment-2480\" class=\"wp-caption-text\">Fumot Digital Box 12000 jednorazov\u00e1 vape<\/figcaption><\/figure>\n<h2>Veci, ktor\u00e9 by ste mali vedie\u0165 o Fumot Digital Puff 12000 Vape predt\u00fdm, ako nak\u00fapite vo ve\u013ekom.<\/h2>\n<p><strong>Q1: Ak\u00e9 s\u00fa dostupn\u00e9 mo\u017enosti nikot\u00ednu pre Fumot Randm Digital 12000 Puffs Vape?<\/strong><\/p>\n<ul>\n<li>The <strong>Origin\u00e1lny Fumot Vape Digital 12000 Puffs<\/strong> pon\u00faka koncentr\u00e1cie nikot\u00ednovej soli 0%, 2%, 3% a 5%.<\/li>\n<\/ul>\n<p><strong>Q2: Ko\u013eko pr\u00edchut\u00ed je k dispoz\u00edcii pre tento produkt?<\/strong><\/p>\n<ul>\n<li>The <strong>Origin\u00e1lny Randm Digital Vape 12k Puffs<\/strong> je dod\u00e1van\u00fd v 24 r\u00f4znych pr\u00edchutiach, vr\u00e1tane Cool Mint, Watermelon Ice, Grape Ice a \u010fal\u0161\u00edch.<\/li>\n<\/ul>\n<p><strong>Q3: Ak\u00e1 je kapacita e-liquidu a po\u010det po\u0165ahov pre toto zariadenie?<\/strong><\/p>\n<ul>\n<li>The <strong>Origin\u00e1lny Randm Vape Digital Puffs 12000<\/strong> m\u00e1 kapacitu e-liquidu 20 ml a poskytuje a\u017e 12 000 po\u0165ahov na jedno zariadenie.<\/li>\n<\/ul>\n<p><strong>Q4: Je bat\u00e9ria nab\u00edjate\u013en\u00e1 a ako m\u00f4\u017eem sledova\u0165 jej stav?<\/strong><\/p>\n<ul>\n<li>\u00c1no, <strong>Origin\u00e1lny Randm Digital Vape 12k Puffs<\/strong> m\u00e1 integrovan\u00fa 850mAh nab\u00edjate\u013en\u00fa bat\u00e9riu s displejom na sledovanie stavu bat\u00e9rie a e-liquidu.<\/li>\n<\/ul>\n<p><strong>Q5: Ak\u00e9 je minim\u00e1lne mno\u017estvo objedn\u00e1vky a ak\u00fa podporu pon\u00fakate pre nov\u00fdch dovozcov?<\/strong><\/p>\n<ul>\n<li>Na\u0161e minim\u00e1lne mno\u017estvo objedn\u00e1vky je 50 kusov. Pon\u00fakame nepretr\u017eit\u00fa z\u00e1kazn\u00edcku podporu a vybavujeme v\u0161etky coln\u00e9 z\u00e1le\u017eitosti, v\u010faka \u010domu je to ide\u00e1lne pre dovozcov, ktor\u00ed dov\u00e1\u017eaj\u00fa zo Slovenska prv\u00fdkr\u00e1t.<\/li>\n<\/ul>\n<p><strong>Q6: Ako je produkt balen\u00fd na ve\u013ekoobchodn\u00fd predaj?<\/strong><\/p>\n<ul>\n<li>The <strong>Origin\u00e1lny Fumot Digital Vape 12k Puffs<\/strong> je balen\u00fd po 10 kusoch v jednej krabici a po 200 kusoch v kart\u00f3ne.<\/li>\n<\/ul>\n<p><strong>Q7: S\u00fa k dispoz\u00edcii nejak\u00e9 mo\u017enosti tov\u00e1rensk\u00fdch cien pre hromadn\u00e9 n\u00e1kupy?<\/strong><\/p>\n<ul>\n<li>\u00c1no, pon\u00fakame <strong>Origin\u00e1l Fumot Vape Digital 12k potiahnut\u00ed, tov\u00e1rensk\u00e1 cena<\/strong> mo\u017enosti hromadn\u00e9ho n\u00e1kupu, aby ste si zaistili najlep\u0161iu hodnotu.<\/li>\n<\/ul>\n<p><strong>Q8: M\u00f4\u017eem z\u00edska\u0165 konkurencieschopn\u00e9 ceny pri ve\u013ek\u00fdch objedn\u00e1vkach?<\/strong><\/p>\n<ul>\n<li>Ur\u010dite, poskytujeme <strong>Origin\u00e1l Randm Digital Vape 12k potiahnut\u00ed, hromadn\u00e1 cena<\/strong> aby sme v\u00e1m pomohli maximalizova\u0165 ziskov\u00e9 mar\u017ee v\u00e1\u0161ho vape podnikania.<\/li>\n<\/ul>\n<p>N\u00e1jdite \u010fal\u0161ie vape produkty, ktor\u00e9 by sa v\u00e1m mohli p\u00e1\u010di\u0165:<em><a href=\"https:\/\/rmvapesale.com\/sk\/shop-2\/\">nakupova\u0165 teraz\u00a0<\/a><\/em><\/p>\n<p>\u010eal\u0161ie hor\u00face predajn\u00e9 vape, ktor\u00e9 by sa v\u00e1m mohli p\u00e1\u010di\u0165:<\/p>\n<p><a href=\"https:\/\/rmvapesale.com\/sk\/product\/jnr-shisha-vape-15000-puffs-wholesale-price-with-screen-vape\/\">VOPK SHISHA 15K<\/a><\/p>\n<p><a href=\"https:\/\/rmvapesale.com\/sk\/product\/randm-vape-al-fakher-10000-puffs-vape-wholesale\/\">randm vejp AI FAKHER 15k vejp<\/a><\/p>\n<p><a href=\"https:\/\/rmvapesale.com\/sk\/product\/randm-tornado-15000-puffs-15k-vape-recharge-fumot-original-vape-factory-price\/\">Fumot digital box potiahnut\u00ed 12000<\/a><\/p>","protected":false},"excerpt":{"rendered":"<p class=\"LC20lb MBeuO DKV0Md\">Origin\u00e1l Fumot Vape Digital 12ooo Puffs Tov\u00e1rensk\u00e1 Cena<br \/>\nOrigin\u00e1l Fumot Vape Digital 12k Puffs Cena Hromadn\u00fd N\u00e1kup<br \/>\nFumot Vape RandM Digital 12000 Cena Lacn\u00e9<br \/>\n<strong>Kontaktujte Amy pre viac zliav a ni\u017e\u0161iu MOQ Vape<\/strong><\/p>\n<p><img loading=\"lazy\" decoding=\"async\" class=\"size-medium wp-image-1814\" src=\"https:\/\/rmvapesale.com\/wp-content\/uploads\/2024\/04\/whatsapp-amy-229x300.jpg\" alt=\"whatsapp amy\" width=\"229\" height=\"300\" srcset=\"https:\/\/rmvapesale.com\/wp-content\/uploads\/2024\/04\/whatsapp-amy-229x300.jpg 229w, https:\/\/rmvapesale.com\/wp-content\/uploads\/2024\/04\/whatsapp-amy-783x1024.jpg 783w, https:\/\/rmvapesale.com\/wp-content\/uploads\/2024\/04\/whatsapp-amy-768x1005.jpg 768w, https:\/\/rmvapesale.com\/wp-content\/uploads\/2024\/04\/whatsapp-amy-600x785.jpg 600w, https:\/\/rmvapesale.com\/wp-content\/uploads\/2024\/04\/whatsapp-amy.jpg 990w\" sizes=\"auto, (max-width: 229px) 100vw, 229px\" \/><\/p>\n<h3><span style=\"color: #ff0000\"><strong>WhatsApp: +86 17776015835<\/strong><\/span><\/h3>","protected":false},"featured_media":2485,"comment_status":"open","ping_status":"closed","template":"","meta":{"_uag_custom_page_level_css":"","_lmt_disableupdate":"no","_lmt_disable":"","site-sidebar-layout":"default","site-content-layout":"content-boxed-container","ast-site-content-layout":"normal-width-container","site-content-style":"boxed","site-sidebar-style":"unboxed","ast-global-header-display":"","ast-banner-title-visibility":"","ast-main-header-display":"","ast-hfb-above-header-display":"","ast-hfb-below-header-display":"","ast-hfb-mobile-header-display":"","site-post-title":"","ast-breadcrumbs-content":"","ast-featured-img":"","footer-sml-layout":"","theme-transparent-header-meta":"default","adv-header-id-meta":"","stick-header-meta":"","header-above-stick-meta":"","header-main-stick-meta":"","header-below-stick-meta":"","astra-migrate-meta-layouts":"set","ast-page-background-enabled":"default","ast-page-background-meta":{"desktop":{"background-color":"var(--ast-global-color-4)","background-image":"","background-repeat":"repeat","background-position":"center center","background-size":"auto","background-attachment":"scroll","background-type":"","background-media":"","overlay-type":"","overlay-color":"","overlay-opacity":"","overlay-gradient":""},"tablet":{"background-color":"","background-image":"","background-repeat":"repeat","background-position":"center center","background-size":"auto","background-attachment":"scroll","background-type":"","background-media":"","overlay-type":"","overlay-color":"","overlay-opacity":"","overlay-gradient":""},"mobile":{"background-color":"","background-image":"","background-repeat":"repeat","background-position":"center center","background-size":"auto","background-attachment":"scroll","background-type":"","background-media":"","overlay-type":"","overlay-color":"","overlay-opacity":"","overlay-gradient":""}},"ast-content-background-meta":{"desktop":{"background-color":"var(--ast-global-color-5)","background-image":"","background-repeat":"repeat","background-position":"center center","background-size":"auto","background-attachment":"scroll","background-type":"","background-media":"","overlay-type":"","overlay-color":"","overlay-opacity":"","overlay-gradient":""},"tablet":{"background-color":"var(--ast-global-color-5)","background-image":"","background-repeat":"repeat","background-position":"center center","background-size":"auto","background-attachment":"scroll","background-type":"","background-media":"","overlay-type":"","overlay-color":"","overlay-opacity":"","overlay-gradient":""},"mobile":{"background-color":"var(--ast-global-color-5)","background-image":"","background-repeat":"repeat","background-position":"center center","background-size":"auto","background-attachment":"scroll","background-type":"","background-media":"","overlay-type":"","overlay-color":"","overlay-opacity":"","overlay-gradient":""}},"_joinchat":[]},"product_brand":[],"product_cat":[25,26,28,27,31,15,30],"product_tag":[45,46,39,40,111,41,38,165,37],"class_list":{"0":"post-1886","1":"product","2":"type-product","3":"status-publish","4":"has-post-thumbnail","6":"product_cat-germany-best-selling-vape","7":"product_cat-netherlands-hot-sale-vape","8":"product_cat-poland-hot-sale-vape","9":"product_cat-fance-hot-sale-vape","10":"product_cat-randm-fumot-vape","11":"product_cat-new-vape-this-week","12":"product_cat-minimum-order-quantity-50pcs","13":"product_tag-12k-vape-puff-12000","14":"product_tag-digital-box-12000-puff-original","15":"product_tag-fumot-vape","16":"product_tag-hot-sale-vape","17":"product_tag-low-nicotine-disposable-vape","18":"product_tag-original-factory-vape","19":"product_tag-randm-vape","20":"product_tag-rechargeable-vapes","21":"product_tag-wholesale-vape-price","22":"desktop-align-left","23":"tablet-align-left","24":"mobile-align-left","26":"first","27":"instock","28":"sale","29":"shipping-taxable","30":"purchasable","31":"product-type-simple"},"uagb_featured_image_src":{"full":["https:\/\/rmvapesale.com\/wp-content\/uploads\/2024\/10\/Randm-Vape-12000-Puffs.jpg",600,600,false],"thumbnail":["https:\/\/rmvapesale.com\/wp-content\/uploads\/2024\/10\/Randm-Vape-12000-Puffs-150x150.jpg",150,150,true],"medium":["https:\/\/rmvapesale.com\/wp-content\/uploads\/2024\/10\/Randm-Vape-12000-Puffs-300x300.jpg",300,300,true],"medium_large":["https:\/\/rmvapesale.com\/wp-content\/uploads\/2024\/10\/Randm-Vape-12000-Puffs.jpg",600,600,false],"large":["https:\/\/rmvapesale.com\/wp-content\/uploads\/2024\/10\/Randm-Vape-12000-Puffs.jpg",600,600,false],"1536x1536":["https:\/\/rmvapesale.com\/wp-content\/uploads\/2024\/10\/Randm-Vape-12000-Puffs.jpg",600,600,false],"2048x2048":["https:\/\/rmvapesale.com\/wp-content\/uploads\/2024\/10\/Randm-Vape-12000-Puffs.jpg",600,600,false],"trp-custom-language-flag":["https:\/\/rmvapesale.com\/wp-content\/uploads\/2024\/10\/Randm-Vape-12000-Puffs.jpg",12,12,false],"woocommerce_thumbnail":["https:\/\/rmvapesale.com\/wp-content\/uploads\/2024\/10\/Randm-Vape-12000-Puffs-300x300.jpg",300,300,true],"woocommerce_single":["https:\/\/rmvapesale.com\/wp-content\/uploads\/2024\/10\/Randm-Vape-12000-Puffs.jpg",600,600,false],"woocommerce_gallery_thumbnail":["https:\/\/rmvapesale.com\/wp-content\/uploads\/2024\/10\/Randm-Vape-12000-Puffs-100x100.jpg",100,100,true],"wcpr-photo-reviews":["https:\/\/rmvapesale.com\/wp-content\/uploads\/2024\/10\/Randm-Vape-12000-Puffs.jpg",500,500,false]},"uagb_author_info":{"display_name":"yannazhan","author_link":"https:\/\/rmvapesale.com\/sk\/author\/"},"uagb_comment_info":0,"uagb_excerpt":"Original Fumot Vape Digital 12ooo Puffs Factory Price Original Fumot Vape Digital 12k Puffs Price Bulk Buy Fumot Vape RandM Digital 12000 Price Cheap Contact Amy For More Discount And Lower MOQ Vape WhatsApp: +86 17776015835","_links":{"self":[{"href":"https:\/\/rmvapesale.com\/sk\/wp-json\/wp\/v2\/product\/1886","targetHints":{"allow":["GET"]}}],"collection":[{"href":"https:\/\/rmvapesale.com\/sk\/wp-json\/wp\/v2\/product"}],"about":[{"href":"https:\/\/rmvapesale.com\/sk\/wp-json\/wp\/v2\/types\/product"}],"replies":[{"embeddable":true,"href":"https:\/\/rmvapesale.com\/sk\/wp-json\/wp\/v2\/comments?post=1886"}],"wp:featuredmedia":[{"embeddable":true,"href":"https:\/\/rmvapesale.com\/sk\/wp-json\/wp\/v2\/media\/2485"}],"wp:attachment":[{"href":"https:\/\/rmvapesale.com\/sk\/wp-json\/wp\/v2\/media?parent=1886"}],"wp:term":[{"taxonomy":"product_brand","embeddable":true,"href":"https:\/\/rmvapesale.com\/sk\/wp-json\/wp\/v2\/product_brand?post=1886"},{"taxonomy":"product_cat","embeddable":true,"href":"https:\/\/rmvapesale.com\/sk\/wp-json\/wp\/v2\/product_cat?post=1886"},{"taxonomy":"product_tag","embeddable":true,"href":"https:\/\/rmvapesale.com\/sk\/wp-json\/wp\/v2\/product_tag?post=1886"}],"curies":[{"name":"wp","href":"https:\/\/api.w.org\/{rel}","templated":true}]}}