{"id":1893,"date":"2024-09-18T08:33:25","date_gmt":"2024-09-18T08:33:25","guid":{"rendered":"https:\/\/rmvapesale.com\/?post_type=product&#038;p=1893"},"modified":"2025-01-20T03:56:18","modified_gmt":"2025-01-20T03:56:18","slug":"wga-crystal-plus-20000-puff-dual-flavour-disposable-vape","status":"publish","type":"product","link":"https:\/\/rmvapesale.com\/sk\/product\/wga-crystal-plus-20000-puff-dual-flavour-disposable-vape\/","title":{"rendered":"WGA Crystal Plus 20000 potiahnut\u00ed Dual Flavour Jednorazov\u00fd Vape"},"content":{"rendered":"<h1>WGA Crystal Plus 20000 potiahnut\u00ed Dual Flavour Jednorazov\u00fd Vape<\/h1>\n<p>Predstavujeme WGA Crystal Plus 20000 \u0165ahov Vape, revolu\u010dn\u00e9 zariadenie navrhnut\u00e9 pre maxim\u00e1lne pohodlie a v\u0161estrannos\u0165. Vybaven\u00e9 dob\u00edjate\u013enou 650mAh bat\u00e9riou a p\u00f4sobiv\u00fdm po\u010dtom \u0165ahov okolo 20 000, t\u00e1to e-cigareta pon\u00faka dlhotrvaj\u00face pote\u0161enie bez \u010dast\u00e9ho dob\u00edjania. Jej inovat\u00edvny du\u00e1lny sie\u0165ov\u00fd syst\u00e9m v\u00e1m umo\u017en\u00ed bez n\u00e1mahy prep\u00edna\u0165 medzi dvoma pr\u00edchu\u0165ami posunut\u00edm n\u00e1ustku, \u010do zaru\u010duje, \u017ee ka\u017ed\u00fd \u0165ah je hladk\u00fd a pln\u00fd chuti. S displejom a USB Type-C nab\u00edjan\u00edm, WGA Crystal Plus 20K povy\u0161uje v\u00e1\u0161 z\u00e1\u017eitok z vapovania. Rozl\u00fa\u010dte sa s priemern\u00fdmi jednorazov\u00fdmi e-cigaretami a prijmite pote\u0161enie 2-v-1 s WGA Crystal Plus!<\/p>\n<p><strong>Prida\u0165 AMY whatsapp <a href=\"https:\/\/wa.me\/8617776015835\" target=\"_blank\" rel=\"noopener\">+86-17776015835<\/a> z\u00edskajte v\u00e4\u010d\u0161iu z\u013eavu!<\/strong><\/p>\n<p><img loading=\"lazy\" decoding=\"async\" class=\"size-full wp-image-1978\" src=\"https:\/\/rmvapesale.com\/wp-content\/uploads\/2024\/09\/Disposable-Vape-Wholesale.jpg\" alt=\"Jednorazov\u00fd vape ve\u013ekoobchod\" width=\"229\" height=\"300\" \/><\/p>\n<h2>\u0160pecifik\u00e1cie WGA Crystal Plus 20000<\/h2>\n<p>\u0164ahy: 20000 \u0165ahov<br \/>\nBat\u00e9ria: 650mAh<br \/>\nE-Liquid: 15ml*2<br \/>\nSila nikot\u00ednu: 2% 5%<br \/>\nType C Dob\u00edjate\u013en\u00e9<\/p>\n<h2><\/h2>\n<p>&nbsp;<\/p>\n<h2>Zoznam pr\u00edchut\u00ed<\/h2>\n<p>&nbsp;<\/p>\n<p>1. Modr\u00e1 malina \u010dere\u0161\u0148a<br \/>\n2. Modr\u00e1 malinov\u00e1 guma<br \/>\n3. Modr\u00e1 malinov\u00e1 limon\u00e1da<br \/>\n4. \u010cu\u010doriedkov\u00e1 cukrov\u00e1 vata<br \/>\n5. Svie\u017ea m\u00e4ta<br \/>\n6. Gumov\u00fd medved\u00edk<br \/>\n7. Heisenberg<br \/>\n8. Jolly Ranger<br \/>\n9. \u0160\u0165avnat\u00e1 brosky\u0148a<br \/>\n10. Citr\u00f3n<br \/>\n11. Anan\u00e1sov\u00fd \u013ead<br \/>\n12. Anan\u00e1sov\u00fd citr\u00f3n<br \/>\n13. Letn\u00fd sen<br \/>\n14. Jahodov\u00e1 zmrzlina<br \/>\n15. Jahodov\u00fd malinov\u00fd \u013ead<br \/>\n16. Trojit\u00e9 mango<br \/>\n17. Mel\u00f3nov\u00fd \u013ead<br \/>\n18. Mel\u00f3nov\u00e1 Hubba Bubba<\/p>\n<figure id=\"attachment_2030\" aria-describedby=\"caption-attachment-2030\" style=\"width: 788px\" class=\"wp-caption alignnone\"><img loading=\"lazy\" decoding=\"async\" class=\"wp-image-2030 size-full\" src=\"https:\/\/rmvapesale.com\/wp-content\/uploads\/2024\/09\/WGA-Crystal-Plus-20K-Vape.jpg\" alt=\"WGA Crystal Plus 20K Vape\" width=\"788\" height=\"788\" srcset=\"https:\/\/rmvapesale.com\/wp-content\/uploads\/2024\/09\/WGA-Crystal-Plus-20K-Vape.jpg 788w, https:\/\/rmvapesale.com\/wp-content\/uploads\/2024\/09\/WGA-Crystal-Plus-20K-Vape-300x300.jpg 300w, https:\/\/rmvapesale.com\/wp-content\/uploads\/2024\/09\/WGA-Crystal-Plus-20K-Vape-150x150.jpg 150w, https:\/\/rmvapesale.com\/wp-content\/uploads\/2024\/09\/WGA-Crystal-Plus-20K-Vape-768x768.jpg 768w, https:\/\/rmvapesale.com\/wp-content\/uploads\/2024\/09\/WGA-Crystal-Plus-20K-Vape-600x600.jpg 600w, https:\/\/rmvapesale.com\/wp-content\/uploads\/2024\/09\/WGA-Crystal-Plus-20K-Vape-100x100.jpg 100w\" sizes=\"auto, (max-width: 788px) 100vw, 788px\" \/><figcaption id=\"caption-attachment-2030\" class=\"wp-caption-text\">WGA Crystal Plus 20K Vape<\/figcaption><\/figure>\n<h4><\/h4>\n<h4>FAQ:<\/h4>\n<p>&nbsp;<\/p>\n<p><strong>1. Ako dlho vydr\u017e\u00ed jedno zariadenie WGA Crystal Plus 20000?<\/strong><br \/>\nPri spr\u00e1vnom pou\u017e\u00edvan\u00ed m\u00f4\u017ee ka\u017ed\u00e9 zariadenie poskytn\u00fa\u0165 pribli\u017ene 20 000 po\u0165ahov, \u010do v\u00e4\u010d\u0161ine pou\u017e\u00edvate\u013eov vydr\u017e\u00ed nieko\u013eko t\u00fd\u017ed\u0148ov.<\/p>\n<p><strong>2. M\u00f4\u017eem nabi\u0165 WGA Crystal Plus 20K?<\/strong><br \/>\nZatia\u013e \u010do v\u00e4\u010d\u0161ina verzi\u00ed nie je nab\u00edjate\u013en\u00e1, niektor\u00e9 nov\u0161ie modely m\u00f4\u017eu ma\u0165 nab\u00edjate\u013en\u00fa bat\u00e9riu.<\/p>\n<p><strong>3. Ako prep\u00ednam medzi dvoma pr\u00edchu\u0165ami?<\/strong><br \/>\nJednoducho posu\u0148te n\u00e1ustok, aby ste striedali dve n\u00e1dobky s pr\u00edchu\u0165ami.<\/p>\n<p><strong>4. Je WGA Crystal Plus 20000 vhodn\u00fd pre za\u010diato\u010dn\u00edkov?<\/strong><br \/>\nUr\u010dite! Jeho u\u017e\u00edvate\u013esky pr\u00edvetiv\u00fd dizajn ho rob\u00ed ide\u00e1lnym pre nov\u00fdch aj sk\u00fasen\u00fdch vaperov.<\/p>\n<p>&nbsp;<\/p>\n<p>\u010eal\u0161ie hor\u00face vapy, ktor\u00e9 by sa v\u00e1m mohli p\u00e1\u010di\u0165:<\/p>\n<p><a href=\"https:\/\/rmvapesale.com\/sk\/product\/waspe-12000-puffs-disposable-vape-pen\/\"><strong>Waspe 12000 12K Puffs<\/strong><\/a><em><a href=\"https:\/\/rmvapesale.com\/sk\/product\/waspe-12000-puffs-disposable-vape-pen\/\"><strong> &gt;&gt;&gt;Nakupova\u0165<\/strong><\/a><\/em><\/p>\n<p><a href=\"https:\/\/rmvapesale.com\/sk\/product\/vapme-shisha-hookah-15000-puffs-vape-0-2-nicotine\/\"><strong>Vapme Shisha Hookah 15k potiahnut\u00ed<\/strong><\/a><em><strong><a href=\"https:\/\/rmvapesale.com\/sk\/product\/waspe-12000-puffs-disposable-vape-pen\/\">&gt;&gt;&gt;Nakupova\u0165<\/a><\/strong><\/em><\/p>\n<p><a href=\"https:\/\/rmvapesale.com\/sk\/product\/fihp-shisha-hookah-15000-pro-disposable-vape-wholesale\/\"><strong>FIHP 15000 potiahnut\u00ed <\/strong><\/a><strong><em><a href=\"https:\/\/rmvapesale.com\/sk\/product\/waspe-12000-puffs-disposable-vape-pen\/\">&gt;&gt;&gt;Nakupova\u0165<\/a><\/em><\/strong><\/p>\n<p>&nbsp;<\/p>\n<p>&nbsp;<\/p>\n<p>N\u00e1jdite \u010fal\u0161ie vape produkty, ktor\u00e9 by sa v\u00e1m mohli p\u00e1\u010di\u0165:<em><a href=\"https:\/\/rmvapesale.com\/sk\/shop-2\/\">nakupova\u0165 teraz\u00a0<\/a><\/em><\/p>\n<p>&nbsp;<\/p>","protected":false},"excerpt":{"rendered":"<p class=\"LC20lb MBeuO DKV0Md\">WGA Crystal Plus 20000 Vape 2-v-1 dob\u00edjate\u013en\u00e1 e-cigareta<br \/>\nWGA Crystal Plus 20000 jednorazov\u00e1 e-cigareta 2-v-1 pr\u00edchute<br \/>\nWGA Crystal Plus 20000 \u0165ahov \u2013 Jednorazov\u00e1 e-cigareta s dvojitou pr\u00edchu\u0165ou<br \/>\n<strong>Kontaktujte Amy pre viac zliav a ni\u017e\u0161iu MOQ Vape<\/strong><\/p>\n<p><img loading=\"lazy\" decoding=\"async\" class=\"size-medium wp-image-1814\" src=\"https:\/\/rmvapesale.com\/wp-content\/uploads\/2024\/04\/whatsapp-amy-229x300.jpg\" alt=\"whatsapp amy\" width=\"229\" height=\"300\" srcset=\"https:\/\/rmvapesale.com\/wp-content\/uploads\/2024\/04\/whatsapp-amy-229x300.jpg 229w, https:\/\/rmvapesale.com\/wp-content\/uploads\/2024\/04\/whatsapp-amy-783x1024.jpg 783w, https:\/\/rmvapesale.com\/wp-content\/uploads\/2024\/04\/whatsapp-amy-768x1005.jpg 768w, https:\/\/rmvapesale.com\/wp-content\/uploads\/2024\/04\/whatsapp-amy-600x785.jpg 600w, https:\/\/rmvapesale.com\/wp-content\/uploads\/2024\/04\/whatsapp-amy.jpg 990w\" sizes=\"auto, (max-width: 229px) 100vw, 229px\" \/><\/p>\n<h3><span style=\"color: #ff0000\"><strong>WhatsApp: +86 17776015835<\/strong><\/span><\/h3>","protected":false},"featured_media":2036,"comment_status":"open","ping_status":"closed","template":"","meta":{"_uag_custom_page_level_css":"","_lmt_disableupdate":"no","_lmt_disable":"","site-sidebar-layout":"default","site-content-layout":"content-boxed-container","ast-site-content-layout":"normal-width-container","site-content-style":"boxed","site-sidebar-style":"unboxed","ast-global-header-display":"","ast-banner-title-visibility":"","ast-main-header-display":"","ast-hfb-above-header-display":"","ast-hfb-below-header-display":"","ast-hfb-mobile-header-display":"","site-post-title":"","ast-breadcrumbs-content":"","ast-featured-img":"","footer-sml-layout":"","theme-transparent-header-meta":"default","adv-header-id-meta":"","stick-header-meta":"","header-above-stick-meta":"","header-main-stick-meta":"","header-below-stick-meta":"","astra-migrate-meta-layouts":"set","ast-page-background-enabled":"default","ast-page-background-meta":{"desktop":{"background-color":"var(--ast-global-color-4)","background-image":"","background-repeat":"repeat","background-position":"center center","background-size":"auto","background-attachment":"scroll","background-type":"","background-media":"","overlay-type":"","overlay-color":"","overlay-opacity":"","overlay-gradient":""},"tablet":{"background-color":"","background-image":"","background-repeat":"repeat","background-position":"center center","background-size":"auto","background-attachment":"scroll","background-type":"","background-media":"","overlay-type":"","overlay-color":"","overlay-opacity":"","overlay-gradient":""},"mobile":{"background-color":"","background-image":"","background-repeat":"repeat","background-position":"center center","background-size":"auto","background-attachment":"scroll","background-type":"","background-media":"","overlay-type":"","overlay-color":"","overlay-opacity":"","overlay-gradient":""}},"ast-content-background-meta":{"desktop":{"background-color":"var(--ast-global-color-5)","background-image":"","background-repeat":"repeat","background-position":"center center","background-size":"auto","background-attachment":"scroll","background-type":"","background-media":"","overlay-type":"","overlay-color":"","overlay-opacity":"","overlay-gradient":""},"tablet":{"background-color":"var(--ast-global-color-5)","background-image":"","background-repeat":"repeat","background-position":"center center","background-size":"auto","background-attachment":"scroll","background-type":"","background-media":"","overlay-type":"","overlay-color":"","overlay-opacity":"","overlay-gradient":""},"mobile":{"background-color":"var(--ast-global-color-5)","background-image":"","background-repeat":"repeat","background-position":"center center","background-size":"auto","background-attachment":"scroll","background-type":"","background-media":"","overlay-type":"","overlay-color":"","overlay-opacity":"","overlay-gradient":""}},"_joinchat":[]},"product_brand":[],"product_cat":[25,289,290,291,292,298,293,295,299,283,255,123,26,28,135,27,137,136,15,30],"product_tag":[66,64,40,41,65,37],"class_list":{"0":"post-1893","1":"product","2":"type-product","3":"status-publish","4":"has-post-thumbnail","6":"product_cat-germany-best-selling-vape","7":"product_cat-big-puffs-disposable-vapes","8":"product_cat-crystal-disposable-vapes","9":"product_cat-dual-mesh-disposable-vapes","10":"product_cat-digital-disposable-vapes","11":"product_cat-double-flavor-disposable-vapes","12":"product_cat-low-nicotine-disposable-vapes","13":"product_cat-rechargeable-disposable-vapes","14":"product_cat-smart-screen-disposable-vapes","15":"product_cat-wga-vape","16":"product_cat-20000-puff-disposable-vape","17":"product_cat-italy-wholesale-vape","18":"product_cat-netherlands-hot-sale-vape","19":"product_cat-poland-hot-sale-vape","20":"product_cat-spain-best-hot-sale-vape","21":"product_cat-fance-hot-sale-vape","22":"product_cat-rechargeable-vapes","23":"product_cat-smart-screen-vapes","24":"product_cat-new-vape-this-week","25":"product_cat-minimum-order-quantity-50pcs","26":"product_tag-disposable-vape","27":"product_tag-dual-flavour-vape","28":"product_tag-hot-sale-vape","29":"product_tag-original-factory-vape","30":"product_tag-wga-crystal-plus-20000","31":"product_tag-wholesale-vape-price","32":"desktop-align-left","33":"tablet-align-left","34":"mobile-align-left","36":"first","37":"instock","38":"sale","39":"shipping-taxable","40":"purchasable","41":"product-type-simple"},"uagb_featured_image_src":{"full":["https:\/\/rmvapesale.com\/wp-content\/uploads\/2024\/09\/WGA-Crystal-Plus-20000-Vape.png",800,800,false],"thumbnail":["https:\/\/rmvapesale.com\/wp-content\/uploads\/2024\/09\/WGA-Crystal-Plus-20000-Vape-150x150.png",150,150,true],"medium":["https:\/\/rmvapesale.com\/wp-content\/uploads\/2024\/09\/WGA-Crystal-Plus-20000-Vape-300x300.png",300,300,true],"medium_large":["https:\/\/rmvapesale.com\/wp-content\/uploads\/2024\/09\/WGA-Crystal-Plus-20000-Vape-768x768.png",768,768,true],"large":["https:\/\/rmvapesale.com\/wp-content\/uploads\/2024\/09\/WGA-Crystal-Plus-20000-Vape.png",800,800,false],"1536x1536":["https:\/\/rmvapesale.com\/wp-content\/uploads\/2024\/09\/WGA-Crystal-Plus-20000-Vape.png",800,800,false],"2048x2048":["https:\/\/rmvapesale.com\/wp-content\/uploads\/2024\/09\/WGA-Crystal-Plus-20000-Vape.png",800,800,false],"trp-custom-language-flag":["https:\/\/rmvapesale.com\/wp-content\/uploads\/2024\/09\/WGA-Crystal-Plus-20000-Vape.png",12,12,false],"woocommerce_thumbnail":["https:\/\/rmvapesale.com\/wp-content\/uploads\/2024\/09\/WGA-Crystal-Plus-20000-Vape-300x300.png",300,300,true],"woocommerce_single":["https:\/\/rmvapesale.com\/wp-content\/uploads\/2024\/09\/WGA-Crystal-Plus-20000-Vape-600x600.png",600,600,true],"woocommerce_gallery_thumbnail":["https:\/\/rmvapesale.com\/wp-content\/uploads\/2024\/09\/WGA-Crystal-Plus-20000-Vape-100x100.png",100,100,true],"wcpr-photo-reviews":["https:\/\/rmvapesale.com\/wp-content\/uploads\/2024\/09\/WGA-Crystal-Plus-20000-Vape.png",500,500,false]},"uagb_author_info":{"display_name":"yannazhan","author_link":"https:\/\/rmvapesale.com\/sk\/author\/"},"uagb_comment_info":0,"uagb_excerpt":"WGA Crystal Plus 20000 Vape 2-in-1 Rechargeable Vape WGA Crystal Plus 20000 Disposable Vape 2-in-1 Flavours WGA Crystal Plus 20000 Puff \u2013 Dual Flavour Disposable Vape Contact Amy For More Discount And Lower MOQ Vape WhatsApp: +86 17776015835","_links":{"self":[{"href":"https:\/\/rmvapesale.com\/sk\/wp-json\/wp\/v2\/product\/1893","targetHints":{"allow":["GET"]}}],"collection":[{"href":"https:\/\/rmvapesale.com\/sk\/wp-json\/wp\/v2\/product"}],"about":[{"href":"https:\/\/rmvapesale.com\/sk\/wp-json\/wp\/v2\/types\/product"}],"replies":[{"embeddable":true,"href":"https:\/\/rmvapesale.com\/sk\/wp-json\/wp\/v2\/comments?post=1893"}],"wp:featuredmedia":[{"embeddable":true,"href":"https:\/\/rmvapesale.com\/sk\/wp-json\/wp\/v2\/media\/2036"}],"wp:attachment":[{"href":"https:\/\/rmvapesale.com\/sk\/wp-json\/wp\/v2\/media?parent=1893"}],"wp:term":[{"taxonomy":"product_brand","embeddable":true,"href":"https:\/\/rmvapesale.com\/sk\/wp-json\/wp\/v2\/product_brand?post=1893"},{"taxonomy":"product_cat","embeddable":true,"href":"https:\/\/rmvapesale.com\/sk\/wp-json\/wp\/v2\/product_cat?post=1893"},{"taxonomy":"product_tag","embeddable":true,"href":"https:\/\/rmvapesale.com\/sk\/wp-json\/wp\/v2\/product_tag?post=1893"}],"curies":[{"name":"wp","href":"https:\/\/api.w.org\/{rel}","templated":true}]}}