{"id":1894,"date":"2024-05-24T08:08:12","date_gmt":"2024-05-24T08:08:12","guid":{"rendered":"https:\/\/rmvapesale.com\/?post_type=product&#038;p=1894"},"modified":"2024-10-22T08:49:55","modified_gmt":"2024-10-22T08:49:55","slug":"randm-tornado-7000-puffs-original-cheap-price-vapes-fumot-factory","status":"publish","type":"product","link":"https:\/\/rmvapesale.com\/sk\/product\/randm-tornado-7000-puffs-original-cheap-price-vapes-fumot-factory\/","title":{"rendered":"RANDM TORNADO 7000 potiahnut\u00ed P\u00f4vodn\u00e9 lacn\u00e9 vapes Fumot tov\u00e1re\u0148"},"content":{"rendered":"<h1>RANDM TORNADO 7000 potiahnut\u00ed P\u00f4vodn\u00e9 lacn\u00e9 vapes Fumot tov\u00e1re\u0148<\/h1>\n<p>The <strong>Fumot Vape RANDM TORNADO 7000<\/strong> je vizu\u00e1lne inovat\u00edvne zariadenie na jednorazov\u00e9 vapovanie, navrhnut\u00e9 s jedine\u010dn\u00fdm oddelen\u00edm olejovej n\u00e1dr\u017ee a jadra, ktor\u00e9 uspokojuje dopyt eur\u00f3pskych ve\u013ekoobchodn\u00edkov.<\/p>\n<p>, \u010do v\u00e1m poskytne dlhotrvaj\u00face uspokojenie bez potreby neust\u00e1lych v\u00fdmen. Ide\u00e1lne pre ka\u017edodenn\u00e9 pou\u017eitie, je navrhnut\u00e9 pre pohodlie aj v\u00fdkon. <strong>Kapacita oleja 14 ml<\/strong>, ten <strong>RANDM vape 7000<\/strong> poskytuje a\u017e <strong>7000 potiahnut\u00ed<\/strong>, \u010do pon\u00faka dlh\u0161\u00ed a uspokojiv\u00fd z\u00e1\u017eitok z vapovania. Nap\u00e1janie prostredn\u00edctvom <strong>850mAh bat\u00e9riou<\/strong>, toto zariadenie zais\u0165uje dlhotrvaj\u00faci v\u00fdkon. \u00dapln\u00e9 nabitie prostredn\u00edctvom <strong>nab\u00edjac\u00edm portom typu C<\/strong>.<\/p>\n<p>trv\u00e1 len tri hodiny. Jednou z k\u013e\u00fa\u010dov\u00fdch vlastnost\u00ed zariadenia <strong>RANDM TORNADO 7000<\/strong> je jeho pokro\u010dil\u00e1 technol\u00f3gia <strong>mesh cievkou<\/strong>, ktor\u00e1 zaru\u010duje hladk\u00e9 a chutn\u00e9 potiahnutie. Pou\u017e\u00edvatelia si m\u00f4\u017eu vybra\u0165 z p\u00f4sobiv\u00e9ho v\u00fdberu <strong>56 ovocn\u00fdch pr\u00edchut\u00ed<\/strong>, \u010do zaru\u010duje, \u017ee si ka\u017ed\u00fd n\u00e1jde nie\u010do pre seba. \u010ci u\u017e je to sladk\u00e1 chu\u0165 bob\u00fa\u013e alebo osvie\u017euj\u00faca citrusov\u00e1 k\u00f4ra.<\/p>\n<p>Toto zariadenie je v\u00fdnimo\u010dn\u00e9 v kateg\u00f3rii <strong>popul\u00e1rne vapy<\/strong> trh a je ve\u013emi vyh\u013ead\u00e1van\u00fd v <strong>Fumot jednorazov\u00e9 vape zna\u010dky<\/strong> kolekcia. \u010ci u\u017e h\u013ead\u00e1te <strong>jednorazov\u00fd vape s n\u00edzkym obsahom nikot\u00ednu<\/strong> alebo len objavujete nov\u00e9 pr\u00edchute, <strong>TORNADO 7000<\/strong> poskytuje prvotriedny z\u00e1\u017eitok z vapovania za dostupn\u00fa cenu.<\/p>\n<p>Presk\u00famajte to najlep\u0161ie z <strong>randm vapes<\/strong> a vychutnajte si \u0161pi\u010dkov\u00fa chu\u0165, pohodlie a cenov\u00fa dostupnos\u0165 s <strong>RANDM TORNADO 7000<\/strong>.<\/p>\n<p><img loading=\"lazy\" decoding=\"async\" class=\"alignnone size-medium wp-image-1896\" src=\"https:\/\/rmvapesale.com\/wp-content\/uploads\/2024\/05\/RANDM-TORNADO-7000-hit-hot-sale-300x273.jpg\" alt=\"RANDM TORNADO 7000 hor\u00faci predaj\" width=\"300\" height=\"273\" srcset=\"https:\/\/rmvapesale.com\/wp-content\/uploads\/2024\/05\/RANDM-TORNADO-7000-hit-hot-sale-300x273.jpg 300w, https:\/\/rmvapesale.com\/wp-content\/uploads\/2024\/05\/RANDM-TORNADO-7000-hit-hot-sale-768x699.jpg 768w, https:\/\/rmvapesale.com\/wp-content\/uploads\/2024\/05\/RANDM-TORNADO-7000-hit-hot-sale-600x546.jpg 600w, https:\/\/rmvapesale.com\/wp-content\/uploads\/2024\/05\/RANDM-TORNADO-7000-hit-hot-sale.jpg 800w\" sizes=\"auto, (max-width: 300px) 100vw, 300px\" \/><\/p>\n<p><strong>Prida\u0165 mana\u017e\u00e9rku predaja AMY whatsapp <a href=\"https:\/\/wa.me\/8617776015835\" target=\"_blank\" rel=\"noopener\">+86-17776015835<\/a> z\u00edskajte v\u00e4\u010d\u0161iu z\u013eavu!<\/strong><\/p>\n<p><img loading=\"lazy\" decoding=\"async\" class=\"size-medium wp-image-1814\" src=\"https:\/\/rmvapesale.com\/wp-content\/uploads\/2024\/04\/whatsapp-amy-229x300.jpg\" alt=\"whatsapp amy\" width=\"229\" height=\"300\" srcset=\"https:\/\/rmvapesale.com\/wp-content\/uploads\/2024\/04\/whatsapp-amy-229x300.jpg 229w, https:\/\/rmvapesale.com\/wp-content\/uploads\/2024\/04\/whatsapp-amy-783x1024.jpg 783w, https:\/\/rmvapesale.com\/wp-content\/uploads\/2024\/04\/whatsapp-amy-768x1005.jpg 768w, https:\/\/rmvapesale.com\/wp-content\/uploads\/2024\/04\/whatsapp-amy-600x785.jpg 600w, https:\/\/rmvapesale.com\/wp-content\/uploads\/2024\/04\/whatsapp-amy.jpg 990w\" sizes=\"auto, (max-width: 229px) 100vw, 229px\" \/><\/p>\n<h2>\u0160pecifik\u00e1cie jednorazov\u00e9ho vapera FUMOT PUFF 7000:<\/h2>\n<p>Mo\u017enosti obsahu nikot\u00ednu: 0 %, 2 %, 3 % a 5 %<br \/>\nA\u017e 7000 \u0161lukov<br \/>\nVopred naplnen\u00e9 14 ml e-liquidu<br \/>\n850 mAh nab\u00edjate\u013en\u00e1 bat\u00e9ria<br \/>\n0.9\u03a9 Sie\u0165ov\u00e1 cievka<br \/>\nSkladom je 56 dostupn\u00fdch pr\u00edchut\u00ed<\/p>\n<h2>\u010casto kladen\u00e9 ot\u00e1zky o FUMOT Randm 7000 Vape:<\/h2>\n<p>1. \u010c\u00edm sa RANDM 7000 odli\u0161uje od ostatn\u00fdch jednorazov\u00fdch vaperov?<\/p>\n<p>RANDM 7000 pon\u00faka bezkonkuren\u010dn\u00fd po\u010det \u0165ahov 7000, \u0161irok\u00fa \u0161k\u00e1lu 56 ovocn\u00fdch pr\u00edchut\u00ed a vyu\u017e\u00edva sie\u0165ov\u00fa cievku pre vynikaj\u00facu chu\u0165 a produkciu pary.<br \/>\n2. Ako dlho trv\u00e1 \u00fapln\u00e9 nabitie zariadenia?<\/p>\n<p>Zariadenie tornado 7k puffs Original randm fumot Vape Wholesale je mo\u017en\u00e9 plne nabi\u0165 len za tri hodiny pomocou nab\u00edjacieho portu typu C.<br \/>\n3. Ak\u00e1 je kapacita bat\u00e9rie tornado 7k puffs Original randm fumot?<\/p>\n<p>Tornado 7k puffs Original randm fumot je vybaven\u00e9 850 mAh bat\u00e9riou (17350), ktor\u00e1 zais\u0165uje dlhotrvaj\u00faci v\u00fdkon.<br \/>\n4. S\u00fa k dispoz\u00edcii nejak\u00e9 mo\u017enosti hromadnej ceny pre Original fumot Vape Wholesale tornado 7000 puffs?<\/p>\n<p>\u00c1no, pre ve\u013ekoobchodn\u00edkov pon\u00fakame konkurencieschopn\u00fa hromadn\u00fa cenu randm fumot tornado 7k puffs. Kontaktujte n\u00e1s pre viac podrobnost\u00ed o na\u0161ich mo\u017enostiach hromadnej ceny fumot tornado 7000 puffs.<br \/>\n5. Ako si m\u00f4\u017eem objedna\u0165? Ako k\u00fapi\u0165 fumot Tornado 7000 potiahnut\u00ed za ve\u013ekoobchodn\u00fa cenu?<\/p>\n<p>Ak chcete zada\u0165 objedn\u00e1vku, jednoducho<a href=\"https:\/\/wa.me\/8617776015835\" target=\"_blank\" rel=\"noopener\"> kontaktujte n\u00e1s.<\/a> N\u00e1\u0161 t\u00edm je k dispoz\u00edcii 24 hod\u00edn denne, 7 dn\u00ed v t\u00fd\u017edni, aby v\u00e1m pomohol s n\u00e1kupom a zabezpe\u010dil profesion\u00e1lny z\u00e1\u017eitok.<br \/>\n6. Existuje minim\u00e1lne mno\u017estvo objedn\u00e1vky na n\u00e1kup fumot Vape Wholesale Tornado 7000 potiahnut\u00ed?<\/p>\n<p>\u00c1no, minim\u00e1lne mno\u017estvo na n\u00e1kup Fumot RandM Tornado 7000 potiahnut\u00ed za ve\u013ekoobchodn\u00fa cenu je 50 kusov, \u010do je ide\u00e1lne pre ve\u013ekoobchodn\u00edkov, ktor\u00ed chc\u00fa za\u010da\u0165 so zvl\u00e1dnute\u013en\u00fdm mno\u017estvom.<\/p>\n<p>N\u00e1jdite \u010fal\u0161ie vape produkty, ktor\u00e9 by sa v\u00e1m mohli p\u00e1\u010di\u0165:<em><a href=\"https:\/\/rmvapesale.com\/sk\/shop-2\/\">nakupova\u0165 teraz\u00a0<\/a><\/em><\/p>\n<p>\u010eal\u0161ie hor\u00face predajn\u00e9 vape, ktor\u00e9 by sa v\u00e1m mohli p\u00e1\u010di\u0165:<\/p>\n<p><a href=\"https:\/\/rmvapesale.com\/sk\/product\/jnr-shisha-vape-15000-puffs-wholesale-price-with-screen-vape\/\">VOPK SHISHA 15K\/ <\/a><a href=\"https:\/\/rmvapesale.com\/sk\/product\/randm-vape-al-fakher-10000-puffs-vape-wholesale\/\">randm vape AI FAKHER 15k vape\/<\/a><a href=\"https:\/\/rmvapesale.com\/sk\/product\/randm-tornado-15000-puffs-15k-vape-recharge-fumot-original-vape-factory-price\/\">Fumot digital box Puff 12000\/<\/a><\/p>\n<p><a href=\"https:\/\/rmvapesale.com\/sk\/product\/original-randm-tornado-9000-puffs-vape-fumot-factory-price-cheap\/\">RandM Tornado 9000 potiahnut\u00ed<\/a><\/p>","protected":false},"excerpt":{"rendered":"<p>Ve\u013ekoobchod s jednorazov\u00fdmi e-cigaretami Funot Vape 7000<br \/>\nJednorazov\u00e1 e-cigareta RandM Vape 7000 Puff s n\u00edzkym obsahom nikot\u00ednu<br class=\"yoast-text-mark\" \/>RandM Tornado 7000 V\u0161etky pr\u00edchute na sklade<\/p>\n<p><img loading=\"lazy\" decoding=\"async\" width=\"229\" height=\"300\" class=\"size-medium wp-image-1814\" src=\"https:\/\/rmvapesale.com\/wp-content\/uploads\/2024\/04\/whatsapp-amy-229x300.jpg\" alt=\"whatsapp amy\" srcset=\"https:\/\/rmvapesale.com\/wp-content\/uploads\/2024\/04\/whatsapp-amy-229x300.jpg 229w, https:\/\/rmvapesale.com\/wp-content\/uploads\/2024\/04\/whatsapp-amy-783x1024.jpg 783w, https:\/\/rmvapesale.com\/wp-content\/uploads\/2024\/04\/whatsapp-amy-768x1005.jpg 768w, https:\/\/rmvapesale.com\/wp-content\/uploads\/2024\/04\/whatsapp-amy-600x785.jpg 600w, https:\/\/rmvapesale.com\/wp-content\/uploads\/2024\/04\/whatsapp-amy.jpg 990w\" sizes=\"auto, (max-width: 229px) 100vw, 229px\" \/><\/p>\n<h3><span style=\"color: #ff0000\"><strong>WhatsApp: +86 17776015835<\/strong><\/span><\/h3>","protected":false},"featured_media":1895,"comment_status":"open","ping_status":"closed","template":"","meta":{"_uag_custom_page_level_css":"","_lmt_disableupdate":"no","_lmt_disable":"","site-sidebar-layout":"default","site-content-layout":"content-boxed-container","ast-site-content-layout":"normal-width-container","site-content-style":"boxed","site-sidebar-style":"unboxed","ast-global-header-display":"","ast-banner-title-visibility":"","ast-main-header-display":"","ast-hfb-above-header-display":"","ast-hfb-below-header-display":"","ast-hfb-mobile-header-display":"","site-post-title":"","ast-breadcrumbs-content":"","ast-featured-img":"","footer-sml-layout":"","theme-transparent-header-meta":"default","adv-header-id-meta":"","stick-header-meta":"","header-above-stick-meta":"","header-main-stick-meta":"","header-below-stick-meta":"","astra-migrate-meta-layouts":"set","ast-page-background-enabled":"default","ast-page-background-meta":{"desktop":{"background-color":"var(--ast-global-color-4)","background-image":"","background-repeat":"repeat","background-position":"center center","background-size":"auto","background-attachment":"scroll","background-type":"","background-media":"","overlay-type":"","overlay-color":"","overlay-opacity":"","overlay-gradient":""},"tablet":{"background-color":"","background-image":"","background-repeat":"repeat","background-position":"center center","background-size":"auto","background-attachment":"scroll","background-type":"","background-media":"","overlay-type":"","overlay-color":"","overlay-opacity":"","overlay-gradient":""},"mobile":{"background-color":"","background-image":"","background-repeat":"repeat","background-position":"center center","background-size":"auto","background-attachment":"scroll","background-type":"","background-media":"","overlay-type":"","overlay-color":"","overlay-opacity":"","overlay-gradient":""}},"ast-content-background-meta":{"desktop":{"background-color":"var(--ast-global-color-5)","background-image":"","background-repeat":"repeat","background-position":"center center","background-size":"auto","background-attachment":"scroll","background-type":"","background-media":"","overlay-type":"","overlay-color":"","overlay-opacity":"","overlay-gradient":""},"tablet":{"background-color":"var(--ast-global-color-5)","background-image":"","background-repeat":"repeat","background-position":"center center","background-size":"auto","background-attachment":"scroll","background-type":"","background-media":"","overlay-type":"","overlay-color":"","overlay-opacity":"","overlay-gradient":""},"mobile":{"background-color":"var(--ast-global-color-5)","background-image":"","background-repeat":"repeat","background-position":"center center","background-size":"auto","background-attachment":"scroll","background-type":"","background-media":"","overlay-type":"","overlay-color":"","overlay-opacity":"","overlay-gradient":""}},"_joinchat":[]},"product_brand":[],"product_cat":[25,123,26,28,135,27,31,137,15,30],"product_tag":[48,39,40,41,183,182,38,37],"class_list":{"0":"post-1894","1":"product","2":"type-product","3":"status-publish","4":"has-post-thumbnail","6":"product_cat-germany-best-selling-vape","7":"product_cat-italy-wholesale-vape","8":"product_cat-netherlands-hot-sale-vape","9":"product_cat-poland-hot-sale-vape","10":"product_cat-spain-best-hot-sale-vape","11":"product_cat-fance-hot-sale-vape","12":"product_cat-randm-fumot-vape","13":"product_cat-rechargeable-vapes","14":"product_cat-new-vape-this-week","15":"product_cat-minimum-order-quantity-50pcs","16":"product_tag-7000-puffs-vape","17":"product_tag-fumot-vape","18":"product_tag-hot-sale-vape","19":"product_tag-original-factory-vape","20":"product_tag-randm-7000","21":"product_tag-randm-tornado-7000","22":"product_tag-randm-vape","23":"product_tag-wholesale-vape-price","24":"desktop-align-left","25":"tablet-align-left","26":"mobile-align-left","28":"first","29":"instock","30":"sale","31":"shipping-taxable","32":"purchasable","33":"product-type-simple"},"uagb_featured_image_src":{"full":["https:\/\/rmvapesale.com\/wp-content\/uploads\/2024\/05\/Ricky-Morty-Tornado-7000-Vape-Flavors.jpg",1200,1200,false],"thumbnail":["https:\/\/rmvapesale.com\/wp-content\/uploads\/2024\/05\/Ricky-Morty-Tornado-7000-Vape-Flavors-150x150.jpg",150,150,true],"medium":["https:\/\/rmvapesale.com\/wp-content\/uploads\/2024\/05\/Ricky-Morty-Tornado-7000-Vape-Flavors-300x300.jpg",300,300,true],"medium_large":["https:\/\/rmvapesale.com\/wp-content\/uploads\/2024\/05\/Ricky-Morty-Tornado-7000-Vape-Flavors-768x768.jpg",768,768,true],"large":["https:\/\/rmvapesale.com\/wp-content\/uploads\/2024\/05\/Ricky-Morty-Tornado-7000-Vape-Flavors-1024x1024.jpg",1024,1024,true],"1536x1536":["https:\/\/rmvapesale.com\/wp-content\/uploads\/2024\/05\/Ricky-Morty-Tornado-7000-Vape-Flavors.jpg",1200,1200,false],"2048x2048":["https:\/\/rmvapesale.com\/wp-content\/uploads\/2024\/05\/Ricky-Morty-Tornado-7000-Vape-Flavors.jpg",1200,1200,false],"trp-custom-language-flag":["https:\/\/rmvapesale.com\/wp-content\/uploads\/2024\/05\/Ricky-Morty-Tornado-7000-Vape-Flavors.jpg",12,12,false],"woocommerce_thumbnail":["https:\/\/rmvapesale.com\/wp-content\/uploads\/2024\/05\/Ricky-Morty-Tornado-7000-Vape-Flavors-300x300.jpg",300,300,true],"woocommerce_single":["https:\/\/rmvapesale.com\/wp-content\/uploads\/2024\/05\/Ricky-Morty-Tornado-7000-Vape-Flavors-600x600.jpg",600,600,true],"woocommerce_gallery_thumbnail":["https:\/\/rmvapesale.com\/wp-content\/uploads\/2024\/05\/Ricky-Morty-Tornado-7000-Vape-Flavors-100x100.jpg",100,100,true],"wcpr-photo-reviews":["https:\/\/rmvapesale.com\/wp-content\/uploads\/2024\/05\/Ricky-Morty-Tornado-7000-Vape-Flavors.jpg",500,500,false]},"uagb_author_info":{"display_name":"yannazhan","author_link":"https:\/\/rmvapesale.com\/sk\/author\/"},"uagb_comment_info":0,"uagb_excerpt":"Funot Vape\u00a0 7000 wholesale Disposable RandM Vape 7000 Puff Low Nicotine Disposable VapeRandM Tornado 7000 All Flavours in stock WhatsApp: +86 17776015835","_links":{"self":[{"href":"https:\/\/rmvapesale.com\/sk\/wp-json\/wp\/v2\/product\/1894","targetHints":{"allow":["GET"]}}],"collection":[{"href":"https:\/\/rmvapesale.com\/sk\/wp-json\/wp\/v2\/product"}],"about":[{"href":"https:\/\/rmvapesale.com\/sk\/wp-json\/wp\/v2\/types\/product"}],"replies":[{"embeddable":true,"href":"https:\/\/rmvapesale.com\/sk\/wp-json\/wp\/v2\/comments?post=1894"}],"wp:featuredmedia":[{"embeddable":true,"href":"https:\/\/rmvapesale.com\/sk\/wp-json\/wp\/v2\/media\/1895"}],"wp:attachment":[{"href":"https:\/\/rmvapesale.com\/sk\/wp-json\/wp\/v2\/media?parent=1894"}],"wp:term":[{"taxonomy":"product_brand","embeddable":true,"href":"https:\/\/rmvapesale.com\/sk\/wp-json\/wp\/v2\/product_brand?post=1894"},{"taxonomy":"product_cat","embeddable":true,"href":"https:\/\/rmvapesale.com\/sk\/wp-json\/wp\/v2\/product_cat?post=1894"},{"taxonomy":"product_tag","embeddable":true,"href":"https:\/\/rmvapesale.com\/sk\/wp-json\/wp\/v2\/product_tag?post=1894"}],"curies":[{"name":"wp","href":"https:\/\/api.w.org\/{rel}","templated":true}]}}