{"id":1928,"date":"2024-08-22T15:15:42","date_gmt":"2024-08-22T15:15:42","guid":{"rendered":"https:\/\/rmvapesale.com\/?post_type=product&#038;p=1928"},"modified":"2025-01-20T03:40:57","modified_gmt":"2025-01-20T03:40:57","slug":"original-randm-tornado-9000-puffs-disposable-vape-factory-price","status":"publish","type":"product","link":"https:\/\/rmvapesale.com\/sk\/product\/original-randm-tornado-9000-puffs-disposable-vape-factory-price\/","title":{"rendered":"Origin\u00e1lna jednorazov\u00e1 e-cigareta RANDM TORNADO 9000 \u0164ahov za v\u00fdrobn\u00fa cenu"},"content":{"rendered":"<h1>Origin\u00e1lna jednorazov\u00e1 e-cigareta RANDM TORNADO 9000 \u0164ahov za v\u00fdrobn\u00fa cenu<\/h1>\n<p>Fumot RANDM TORNADO 9000 je pokro\u010dil\u00e1 jednorazov\u00e1 e-cigareta navrhnut\u00e1 tak, aby sp\u013a\u0148ala pr\u00edsne normy pre slovensk\u00fdch ve\u013ekoobchodn\u00edkov. Vytvoren\u00e1 s prec\u00edznos\u0165ou a inov\u00e1ciou, t\u00e1to e-cigareta prin\u00e1\u0161a vynikaj\u00faci z\u00e1\u017eitok z vapovania, kombinuj\u00fac vysok\u00fd v\u00fdkon s p\u00f4sobivou \u0161k\u00e1lou pr\u00edchut\u00ed.<\/p>\n<p>Fumot RANDM TORNADO 9000 disponuje \u0161pi\u010dkovou technol\u00f3giou, vr\u00e1tane mesh cievky a vstavanej 850mAh nab\u00edjate\u013enej bat\u00e9rie, \u010do zais\u0165uje plynul\u00fa a konzistentn\u00fa produkciu pary pre dlhodob\u00fd p\u00f4\u017eitok. Pon\u00faka koncentr\u00e1cie nikot\u00ednovej soli od 0 % do 5 %, \u010d\u00edm vyhovuje r\u00f4znym preferenci\u00e1m.<\/p>\n<p>\u010co skuto\u010dne odli\u0161uje Fumot RANDM TORNADO 9000, je rozsiahly v\u00fdber pr\u00edchut\u00ed. So 43 l\u00e1kav\u00fdmi mo\u017enos\u0165ami, od klasick\u00fdch ob\u013e\u00faben\u00fdch, ako Lush Ice a Strawberry Lemonade, po jedine\u010dn\u00e9 zmesi, ako Honeydew Ice Cream a Pina Colada, existuje pr\u00edchu\u0165, ktor\u00e1 uspokoj\u00ed ka\u017ed\u00e9ho.<\/p>\n<p>Pre predajcov Vape Randm, ktor\u00ed h\u013eadaj\u00fa pr\u00e9miov\u00e9 produkty za konkurencieschopn\u00e9 ceny, je Fumot RANDM TORNADO 9000 ide\u00e1lna vo\u013eba.<\/p>\n<p><strong>Prida\u0165 mana\u017e\u00e9rku predaja AMY whatsapp <a href=\"https:\/\/wa.me\/8617776015835\" target=\"_blank\" rel=\"noopener\">+86-17776015835<\/a> z\u00edskajte v\u00e4\u010d\u0161iu z\u013eavu!<\/strong><\/p>\n<p><img loading=\"lazy\" decoding=\"async\" class=\"size-medium wp-image-1814\" src=\"https:\/\/rmvapesale.com\/wp-content\/uploads\/2024\/04\/whatsapp-amy-229x300.jpg\" alt=\"whatsapp amy\" width=\"229\" height=\"300\" srcset=\"https:\/\/rmvapesale.com\/wp-content\/uploads\/2024\/04\/whatsapp-amy-229x300.jpg 229w, https:\/\/rmvapesale.com\/wp-content\/uploads\/2024\/04\/whatsapp-amy-783x1024.jpg 783w, https:\/\/rmvapesale.com\/wp-content\/uploads\/2024\/04\/whatsapp-amy-768x1005.jpg 768w, https:\/\/rmvapesale.com\/wp-content\/uploads\/2024\/04\/whatsapp-amy-600x785.jpg 600w, https:\/\/rmvapesale.com\/wp-content\/uploads\/2024\/04\/whatsapp-amy.jpg 990w\" sizes=\"auto, (max-width: 229px) 100vw, 229px\" \/><\/p>\n<h3>\u0160pecifik\u00e1cie jednorazovej e-cigarety FUMOT PUFF 9000:<\/h3>\n<p>Mo\u017enosti obsahu nikot\u00ednu: 0 %, 2 %, 3 % a 5 %<br \/>\nA\u017e 9000 potiahnut\u00ed<br \/>\nVopred naplnen\u00e9 18 ml e-liquidu<br \/>\n850 mAh nab\u00edjate\u013en\u00e1 bat\u00e9ria<br \/>\n0.9\u03a9 Sie\u0165ov\u00e1 cievka<br \/>\n43 dostupn\u00fdch pr\u00edchut\u00ed skladom<\/p>\n<p>\u010co by ste mohli chcie\u0165 vedie\u0165 o e-cigarete Fumot Randm 9000, predt\u00fdm ako nak\u00fapite vo ve\u013ekom.<\/p>\n<h4>FAQ:<\/h4>\n<p><strong>Ot\u00e1zka: Ak\u00e9 s\u00fa cenov\u00e9 mo\u017enosti pre Fumot RANDM TORNADO 9000?<\/strong><\/p>\n<p>Odpove\u010f: Pon\u00fakame konkurencieschopn\u00e9 v\u00fdrobn\u00e9 ceny pre origin\u00e1lnu jednorazov\u00fa e-cigaretu Randm Vape 9000 Puffs, a to pre jednotliv\u00e9 kusy aj pre hromadn\u00e9 objedn\u00e1vky.<\/p>\n<p><strong>Ot\u00e1zka: S\u00fa dostupn\u00e9 mo\u017enosti ve\u013ekoobchodn\u00fdch cien pre Fumot RANDM TORNADO 9000?<\/strong><\/p>\n<p>Odpove\u010f: \u00c1no, poskytujeme mo\u017enosti ve\u013ekoobchodn\u00fdch cien pre origin\u00e1lnu s\u00fapravu e-cigariet Randm Vape Kit 9000 Puffs, pre ve\u013ekoobchodn\u00edkov, ktor\u00ed chc\u00fa nakupova\u0165 vo v\u00e4\u010d\u0161om mno\u017estve.<\/p>\n<p><strong>Ot\u00e1zka: Ak\u00e9 s\u00fa cenov\u00e9 \u00farovne pre hromadn\u00e9 objedn\u00e1vky Fumot RANDM TORNADO 9000?<\/strong><\/p>\n<p>A: Pon\u00fakame atrakt\u00edvne ve\u013ekoobjemov\u00e9 ceny pre origin\u00e1lne Randm Vape Pod Puffs 9000, \u010do zais\u0165uje \u00fasporu n\u00e1kladov pre ve\u013ekoobchodn\u00edkov nakupuj\u00facich vo v\u00e4\u010d\u0161om mno\u017estve.<\/p>\n<p><strong>Q: Pon\u00fakate \u0161peci\u00e1lne ceny pre dovozcov, ktor\u00ed nakupuj\u00fa po prv\u00fdkr\u00e1t?<\/strong><\/p>\n<p>A: \u00c1no, poskytujeme konkuren\u010dn\u00e9 ceny pre Fumot RANDM TORNADO 9000, \u010do z neho rob\u00ed ide\u00e1lnu vo\u013ebu pre dovozcov e-cigariet zo Slovenska, ktor\u00ed nakupuj\u00fa po prv\u00fdkr\u00e1t.<\/p>\n<p>N\u00e1jdite \u010fal\u0161ie vape produkty, ktor\u00e9 by sa v\u00e1m mohli p\u00e1\u010di\u0165:<em><a href=\"https:\/\/rmvapesale.com\/sk\/shop-2\/\">nakupova\u0165 teraz\u00a0<\/a><\/em><\/p>\n<p>\u010eal\u0161ie hor\u00face predajn\u00e9 vape, ktor\u00e9 by sa v\u00e1m mohli p\u00e1\u010di\u0165:<\/p>\n<p><a href=\"https:\/\/rmvapesale.com\/sk\/product\/jnr-shisha-vape-15000-puffs-wholesale-price-with-screen-vape\/\">VOPK SHISHA 15K\/ <\/a><a href=\"https:\/\/rmvapesale.com\/sk\/product\/randm-vape-al-fakher-10000-puffs-vape-wholesale\/\">randm vape AI FAKHER 15k vape\/<\/a><a href=\"https:\/\/rmvapesale.com\/sk\/product\/randm-tornado-15000-puffs-15k-vape-recharge-fumot-original-vape-factory-price\/\">Fumot digital box potiahnut\u00ed 12000<\/a><\/p>","protected":false},"excerpt":{"rendered":"<p class=\"LC20lb MBeuO DKV0Md\">Najlep\u0161ia pr\u00edchu\u0165 RandM Tornado Vape 9000 Puffs<br \/>\nOrigin\u00e1lna jednorazov\u00e1 e-cigareta Randm 9000 Puffs<br \/>\nVe\u013ekoobchodn\u00e1 cena s\u00fapravy e-cigariet RandM 9000 Puffs<br \/>\n<strong>Kontaktujte Amy pre spr\u00e1vnu odpove\u010f a v\u00e4\u010d\u0161iu z\u013eavu<\/strong><\/p>\n<p><img loading=\"lazy\" decoding=\"async\" class=\"size-medium wp-image-1814\" src=\"https:\/\/rmvapesale.com\/wp-content\/uploads\/2024\/04\/whatsapp-amy-229x300.jpg\" alt=\"whatsapp amy\" width=\"229\" height=\"300\" srcset=\"https:\/\/rmvapesale.com\/wp-content\/uploads\/2024\/04\/whatsapp-amy-229x300.jpg 229w, https:\/\/rmvapesale.com\/wp-content\/uploads\/2024\/04\/whatsapp-amy-783x1024.jpg 783w, https:\/\/rmvapesale.com\/wp-content\/uploads\/2024\/04\/whatsapp-amy-768x1005.jpg 768w, https:\/\/rmvapesale.com\/wp-content\/uploads\/2024\/04\/whatsapp-amy-600x785.jpg 600w, https:\/\/rmvapesale.com\/wp-content\/uploads\/2024\/04\/whatsapp-amy.jpg 990w\" sizes=\"auto, (max-width: 229px) 100vw, 229px\" \/><\/p>\n<h3><span style=\"color: #ff0000\"><strong>WhatsApp: +86 17776015835<\/strong><\/span><\/h3>","protected":false},"featured_media":1887,"comment_status":"open","ping_status":"closed","template":"","meta":{"_uag_custom_page_level_css":"","_lmt_disableupdate":"no","_lmt_disable":"","site-sidebar-layout":"default","site-content-layout":"content-boxed-container","ast-site-content-layout":"normal-width-container","site-content-style":"boxed","site-sidebar-style":"unboxed","ast-global-header-display":"","ast-banner-title-visibility":"","ast-main-header-display":"","ast-hfb-above-header-display":"","ast-hfb-below-header-display":"","ast-hfb-mobile-header-display":"","site-post-title":"","ast-breadcrumbs-content":"","ast-featured-img":"","footer-sml-layout":"","theme-transparent-header-meta":"default","adv-header-id-meta":"","stick-header-meta":"","header-above-stick-meta":"","header-main-stick-meta":"","header-below-stick-meta":"","astra-migrate-meta-layouts":"set","ast-page-background-enabled":"default","ast-page-background-meta":{"desktop":{"background-color":"var(--ast-global-color-4)","background-image":"","background-repeat":"repeat","background-position":"center center","background-size":"auto","background-attachment":"scroll","background-type":"","background-media":"","overlay-type":"","overlay-color":"","overlay-opacity":"","overlay-gradient":""},"tablet":{"background-color":"","background-image":"","background-repeat":"repeat","background-position":"center center","background-size":"auto","background-attachment":"scroll","background-type":"","background-media":"","overlay-type":"","overlay-color":"","overlay-opacity":"","overlay-gradient":""},"mobile":{"background-color":"","background-image":"","background-repeat":"repeat","background-position":"center center","background-size":"auto","background-attachment":"scroll","background-type":"","background-media":"","overlay-type":"","overlay-color":"","overlay-opacity":"","overlay-gradient":""}},"ast-content-background-meta":{"desktop":{"background-color":"var(--ast-global-color-5)","background-image":"","background-repeat":"repeat","background-position":"center center","background-size":"auto","background-attachment":"scroll","background-type":"","background-media":"","overlay-type":"","overlay-color":"","overlay-opacity":"","overlay-gradient":""},"tablet":{"background-color":"var(--ast-global-color-5)","background-image":"","background-repeat":"repeat","background-position":"center center","background-size":"auto","background-attachment":"scroll","background-type":"","background-media":"","overlay-type":"","overlay-color":"","overlay-opacity":"","overlay-gradient":""},"mobile":{"background-color":"var(--ast-global-color-5)","background-image":"","background-repeat":"repeat","background-position":"center center","background-size":"auto","background-attachment":"scroll","background-type":"","background-media":"","overlay-type":"","overlay-color":"","overlay-opacity":"","overlay-gradient":""}},"_joinchat":[]},"product_brand":[],"product_cat":[25,289,293,295,52,51,123,26,28,135,27,31,137,136,15,30],"product_tag":[47,39,40,41,38,37],"class_list":{"0":"post-1928","1":"product","2":"type-product","3":"status-publish","4":"has-post-thumbnail","6":"product_cat-germany-best-selling-vape","7":"product_cat-big-puffs-disposable-vapes","8":"product_cat-low-nicotine-disposable-vapes","9":"product_cat-rechargeable-disposable-vapes","10":"product_cat-9000-puffs-disposable-vapes","11":"product_cat-fumot-vape","12":"product_cat-italy-wholesale-vape","13":"product_cat-netherlands-hot-sale-vape","14":"product_cat-poland-hot-sale-vape","15":"product_cat-spain-best-hot-sale-vape","16":"product_cat-fance-hot-sale-vape","17":"product_cat-randm-fumot-vape","18":"product_cat-rechargeable-vapes","19":"product_cat-smart-screen-vapes","20":"product_cat-new-vape-this-week","21":"product_cat-minimum-order-quantity-50pcs","22":"product_tag-9000-puffs-vape","23":"product_tag-fumot-vape","24":"product_tag-hot-sale-vape","25":"product_tag-original-factory-vape","26":"product_tag-randm-vape","27":"product_tag-wholesale-vape-price","28":"desktop-align-left","29":"tablet-align-left","30":"mobile-align-left","32":"first","33":"instock","34":"sale","35":"shipping-taxable","36":"purchasable","37":"product-type-simple"},"uagb_featured_image_src":{"full":["https:\/\/rmvapesale.com\/wp-content\/uploads\/2024\/05\/RM-TORNADO-VAPE-DISPOSABEL-9000-PUFFS.png",600,600,false],"thumbnail":["https:\/\/rmvapesale.com\/wp-content\/uploads\/2024\/05\/RM-TORNADO-VAPE-DISPOSABEL-9000-PUFFS-150x150.png",150,150,true],"medium":["https:\/\/rmvapesale.com\/wp-content\/uploads\/2024\/05\/RM-TORNADO-VAPE-DISPOSABEL-9000-PUFFS-300x300.png",300,300,true],"medium_large":["https:\/\/rmvapesale.com\/wp-content\/uploads\/2024\/05\/RM-TORNADO-VAPE-DISPOSABEL-9000-PUFFS.png",600,600,false],"large":["https:\/\/rmvapesale.com\/wp-content\/uploads\/2024\/05\/RM-TORNADO-VAPE-DISPOSABEL-9000-PUFFS.png",600,600,false],"1536x1536":["https:\/\/rmvapesale.com\/wp-content\/uploads\/2024\/05\/RM-TORNADO-VAPE-DISPOSABEL-9000-PUFFS.png",600,600,false],"2048x2048":["https:\/\/rmvapesale.com\/wp-content\/uploads\/2024\/05\/RM-TORNADO-VAPE-DISPOSABEL-9000-PUFFS.png",600,600,false],"trp-custom-language-flag":["https:\/\/rmvapesale.com\/wp-content\/uploads\/2024\/05\/RM-TORNADO-VAPE-DISPOSABEL-9000-PUFFS.png",12,12,false],"woocommerce_thumbnail":["https:\/\/rmvapesale.com\/wp-content\/uploads\/2024\/05\/RM-TORNADO-VAPE-DISPOSABEL-9000-PUFFS-300x300.png",300,300,true],"woocommerce_single":["https:\/\/rmvapesale.com\/wp-content\/uploads\/2024\/05\/RM-TORNADO-VAPE-DISPOSABEL-9000-PUFFS.png",600,600,false],"woocommerce_gallery_thumbnail":["https:\/\/rmvapesale.com\/wp-content\/uploads\/2024\/05\/RM-TORNADO-VAPE-DISPOSABEL-9000-PUFFS-100x100.png",100,100,true],"wcpr-photo-reviews":["https:\/\/rmvapesale.com\/wp-content\/uploads\/2024\/05\/RM-TORNADO-VAPE-DISPOSABEL-9000-PUFFS.png",500,500,false]},"uagb_author_info":{"display_name":"AMY","author_link":"https:\/\/rmvapesale.com\/sk\/author\/"},"uagb_comment_info":0,"uagb_excerpt":"Best RandM Tornado Vape 9000 Puffs Flavor Original Randm 9ooo Puffs Vape Device Wholesale Price RandM 9ooo Puffs Vape Kit Contact Amy For Right Reply and More Discount WhatsApp: +86 17776015835","_links":{"self":[{"href":"https:\/\/rmvapesale.com\/sk\/wp-json\/wp\/v2\/product\/1928","targetHints":{"allow":["GET"]}}],"collection":[{"href":"https:\/\/rmvapesale.com\/sk\/wp-json\/wp\/v2\/product"}],"about":[{"href":"https:\/\/rmvapesale.com\/sk\/wp-json\/wp\/v2\/types\/product"}],"replies":[{"embeddable":true,"href":"https:\/\/rmvapesale.com\/sk\/wp-json\/wp\/v2\/comments?post=1928"}],"wp:featuredmedia":[{"embeddable":true,"href":"https:\/\/rmvapesale.com\/sk\/wp-json\/wp\/v2\/media\/1887"}],"wp:attachment":[{"href":"https:\/\/rmvapesale.com\/sk\/wp-json\/wp\/v2\/media?parent=1928"}],"wp:term":[{"taxonomy":"product_brand","embeddable":true,"href":"https:\/\/rmvapesale.com\/sk\/wp-json\/wp\/v2\/product_brand?post=1928"},{"taxonomy":"product_cat","embeddable":true,"href":"https:\/\/rmvapesale.com\/sk\/wp-json\/wp\/v2\/product_cat?post=1928"},{"taxonomy":"product_tag","embeddable":true,"href":"https:\/\/rmvapesale.com\/sk\/wp-json\/wp\/v2\/product_tag?post=1928"}],"curies":[{"name":"wp","href":"https:\/\/api.w.org\/{rel}","templated":true}]}}