{"id":1940,"date":"2024-08-27T07:55:11","date_gmt":"2024-08-27T07:55:11","guid":{"rendered":"https:\/\/rmvapesale.com\/?post_type=product&#038;p=1940"},"modified":"2024-11-04T09:58:31","modified_gmt":"2024-11-04T09:58:31","slug":"randm-tornado-15000-puffs-vape-wholesale","status":"publish","type":"product","link":"https:\/\/rmvapesale.com\/sk\/product\/randm-tornado-15000-puffs-vape-wholesale\/","title":{"rendered":"RandM Tornado 15000 Puffs Vape Ve\u013ekoobchod"},"content":{"rendered":"<h1>RandM Tornado 15000 Puffs Vape Ve\u013ekoobchod<\/h1>\n<p>Jednorazov\u00e9 elektronick\u00e9 cigarety sa st\u00e1vaj\u00fa popul\u00e1rnymi v\u010faka \u0161irokej \u0161k\u00e1le pr\u00edchut\u00ed a jednoduchosti pou\u017eitia. H\u013ead\u00e1te jednorazov\u00fa elektronick\u00fa cigaretu za najlep\u0161iu cenu? RandM Tornado 15000 Puffs je vysoko odpor\u00fa\u010dan\u00fd pre svoje p\u00f4sobiv\u00e9 vlastnosti. Navrhnut\u00fd s 850mAh dob\u00edjacou bat\u00e9riou, ktor\u00e1 dok\u00e1\u017ee poskytn\u00fa\u0165 a\u017e 15000 potiahnut\u00ed. V na\u0161om obchode si m\u00f4\u017eete k\u00fapi\u0165 elektronick\u00fa cigaretu RandM Tornado 15000 Puffs za ve\u013ekoobchodn\u00fa cenu.<\/p>\n<p>Tornado 15000 m\u00e1 nov\u00fd dizajn s 850mAh dob\u00edjacou bat\u00e9riou, ktor\u00e1 sa r\u00fdchlo nab\u00edja cez USB-C port, \u010do umo\u017e\u0148uje efekt\u00edvne nab\u00edjanie. Jednorazov\u00e9 elektronick\u00e9 cigarety RandM Tornado 15000 s\u00fa vybaven\u00e9 technol\u00f3giou mesh coil, a preto poskytuj\u00fa hlad\u0161\u00ed a pr\u00edjemnej\u0161\u00ed z\u00e1\u017eitok z vapovania v celom spektre pr\u00edchut\u00ed.<\/p>\n<p>Predov\u0161etk\u00fdm, RM 15000 je naozaj cenovo v\u00fdhodn\u00e1 elektronick\u00e1 cigareta, ktor\u00fa sa oplat\u00ed vysk\u00fa\u0161a\u0165!<\/p>\n<p><strong>Kontaktujte Amy pre spr\u00e1vnu odpove\u010f a ve\u013ekoobchodn\u00fa cenu!<\/strong><\/p>\n<p><img loading=\"lazy\" decoding=\"async\" class=\"size-medium wp-image-1814\" src=\"https:\/\/rmvapesale.com\/wp-content\/uploads\/2024\/04\/whatsapp-amy-229x300.jpg\" alt=\"whatsapp amy\" width=\"229\" height=\"300\" srcset=\"https:\/\/rmvapesale.com\/wp-content\/uploads\/2024\/04\/whatsapp-amy-229x300.jpg 229w, https:\/\/rmvapesale.com\/wp-content\/uploads\/2024\/04\/whatsapp-amy-783x1024.jpg 783w, https:\/\/rmvapesale.com\/wp-content\/uploads\/2024\/04\/whatsapp-amy-768x1005.jpg 768w, https:\/\/rmvapesale.com\/wp-content\/uploads\/2024\/04\/whatsapp-amy-600x785.jpg 600w, https:\/\/rmvapesale.com\/wp-content\/uploads\/2024\/04\/whatsapp-amy.jpg 990w\" sizes=\"auto, (max-width: 229px) 100vw, 229px\" \/><\/p>\n<h2><strong>\u010co rob\u00ed FUMOT RandM Tornado 15000 jedine\u010dnou jednorazovou elektronickou cigaretou?<\/strong><\/h2>\n<p>S vynikaj\u00facimi \u0161pecifik\u00e1ciami sa RANDM VAPE 15K TORNADO Authentic odli\u0161uje ako jedna z najkapacitnej\u0161\u00edch jednorazov\u00fdch elektronick\u00fdch cigariet na trhu.<\/p>\n<p>Mo\u017enosti obsahu nikot\u00ednu: 0 %, 2 %, 3 % a 5 %<br \/>\nA\u017e 15000 potiahnut\u00ed<br \/>\nPredplnen\u00e9 25 ml e-liquidom<br \/>\n850 mAh nab\u00edjate\u013en\u00e1 bat\u00e9ria<br \/>\n0.9\u03a9 Sie\u0165ov\u00e1 cievka<br \/>\n41 dostupn\u00fdch pr\u00edchut\u00ed<\/p>\n<h2><strong>Ak\u00e1 je najlep\u0161ia pr\u00edchu\u0165 pre elektronick\u00fa cigaretu RandM Tornado 15k Puffs?<\/strong><\/h2>\n<p>Mr Blue je bezpochyby najpopul\u00e1rnej\u0161ou pr\u00edchu\u0165ou pre RandM Tornado 15000, mali by ste to vysk\u00fa\u0161a\u0165!<\/p>\n<p>RandM Tornado 15000 Puffs poskytuje celkom 41 dostupn\u00fdch pr\u00edchut\u00ed na v\u00fdber, n\u00e1jde sa nie\u010do pre ka\u017ed\u00e9ho.<\/p>\n<p>1 Blue Razz Lemonade<br \/>\n2 Peach Ice<br \/>\n3 Sour Apple<br \/>\n4 Watermelon Ice<br \/>\n5 Blueberry On Ice<br \/>\n6 \u010cu\u010doriedka Malina<br \/>\n7 Anan\u00e1sov\u00fd \u013ead<br \/>\n8 \u010cere\u0161\u0148a<br \/>\n9 Jahodov\u00e1 zmrzlina<br \/>\n10 Vimto<br \/>\n11 Hroznov\u00fd \u013ead<br \/>\n12 Kolov\u00fd \u013ead<br \/>\n13 Jahoda Vodn\u00fd mel\u00f3n<br \/>\n14 Ru\u017eov\u00e1 limon\u00e1da<br \/>\n15 Zmes bobu\u013eov\u00e9ho ovocia<br \/>\n16 Brosky\u0148a Mango<br \/>\n17.Dra\u010die ovocie<br \/>\n18.Jahoda hrozno<br \/>\n19.Mr blue<br \/>\n20.Svie\u017ei \u013ead<br \/>\n21.Zmrzlina na pali\u010dke<br \/>\n22.Jahoda kivi<br \/>\n23.Kivi marakuja guava<br \/>\n24.Trojit\u00e9 bobu\u013eov\u00e9 ovocie<br \/>\n25.Ban\u00e1nov\u00fd \u013ead<br \/>\n26.Brosky\u0148a \u010du\u010doriedkov\u00fd cukr\u00edk<br \/>\n27.Jablko, brosky\u0148a, hru\u0161ka<br \/>\n28.Bobu\u013eov\u00e1 limon\u00e1da<br \/>\n29.Modr\u00e1 malina, \u010dere\u0161\u0148a<br \/>\n30.\u010cu\u010doriedkov\u00e1 \u017euva\u010dka<br \/>\n31.\u010cu\u010doriedka, \u010dere\u0161\u0148a, brusnica<br \/>\n32.\u010cu\u010doriedka, gran\u00e1tov\u00e9 jablko<br \/>\n33.Modr\u00e1 kysl\u00e1 malina<br \/>\n34.\u010cere\u0161\u0148ov\u00e1 kola<br \/>\n35.Gumen\u00fd medved\u00edk<br \/>\n36.Citr\u00f3n<br \/>\n37.Mango Na \u013eade<br \/>\n38.\u010cerven\u00e1 energia \u013ead<br \/>\n39.Jahodov\u00fd ban\u00e1n<br \/>\n40.Jahodov\u00fd Red Bull<br \/>\n41.Jahodov\u00e1 mel\u00f3nov\u00e1 limon\u00e1da<\/p>\n<h2><strong>Ot\u00e1zky, ktor\u00e9 by ste chceli vedie\u0165 o vape RandM Tornado 15000 \u0165ahov<\/strong><\/h2>\n<p>&nbsp;<\/p>\n<h3>Q1. \u010co je to RM Tornado 15000 Puffs Vape Original?<\/h3>\n<p>Odpove\u010f: RANDM VAPE 15K TORNADO Original je jednorazov\u00e9 zariadenie na vaping, navrhnut\u00e9 pre dlh\u0161ie vapovacie sedenia. Svoj n\u00e1zov dostalo v\u010faka svojej p\u00f4sobivej kapacite 15 000 \u0165ahov.<\/p>\n<h3>Q2. Kto vyr\u00e1ba origin\u00e1lny vape RandM Tornado 15k Puffs?<\/h3>\n<p>Odpove\u010f: RANDM VAPE 15K TORNADO Genuine vyr\u00e1ba spolo\u010dnos\u0165 Shenzhen Fumot Technology, popredn\u00e1 spolo\u010dnos\u0165 vo vapovacom priemysle zn\u00e1ma svojimi inovat\u00edvnymi produktmi.<\/p>\n<h3>Q3. Ako dlho vydr\u017e\u00ed autentick\u00fd vape RandM Tornado 15K?<\/h3>\n<p>Odpove\u010f: RANDM VAPE 15K TORNADO Authentic je vybaven\u00e9 vstavanou bat\u00e9riou s kapacitou 850mAh, ktor\u00e1 pon\u00faka dlh\u0161ie pou\u017e\u00edvanie na jedno nabitie. Presn\u00e1 v\u00fddr\u017e bat\u00e9rie v\u0161ak z\u00e1vis\u00ed od individu\u00e1lnych vzorcov pou\u017e\u00edvania.<\/p>\n<h3>Q4. Je Fumot RandM Tornado 15000 Puffs Vape Original nab\u00edjate\u013en\u00fd?<\/h3>\n<p><span style=\"font-size: 16px\">Odpove\u010f: \u00c1no, RANDM VAPE 15K TORNADO Original sa dod\u00e1va s nab\u00edjate\u013enou bat\u00e9riou, ktor\u00e1 je nab\u00edjate\u013en\u00e1.<\/span><\/p>\n<h3>Q5. Ako si m\u00f4\u017eem k\u00fapi\u0165 origin\u00e1lny vape Fumot RandM Tornado 15000 Puffs?<\/h3>\n<p>A: Origin\u00e1lny RANDM VAPE 15K TORNADO je k dispoz\u00edcii na zak\u00fapenie u autorizovan\u00fdch distrib\u00fatorov. V pr\u00edpade ve\u013ekoobchodn\u00fdch dopytov m\u00f4\u017eu distrib\u00fatori <a href=\"https:\/\/wa.me\/8617776015835\" target=\"_blank\" rel=\"noopener\">kontaktujte n\u00e1s<\/a> priamo. Maloobchodn\u00ed z\u00e1kazn\u00edci m\u00f4\u017eu n\u00e1js\u0165 produkt u vybran\u00fdch predajcov alebo v internetov\u00fdch obchodoch.<\/p>\n<p><strong>Detail prepravy:<\/strong><br \/>\n\u010cas v\u00fdroby: 5-10 pracovn\u00fdch dn\u00ed<br \/>\n\u010cas dodania: 8-14 pracovn\u00fdch dn\u00ed<\/p>\n<p>V\u0161etky produkty v na\u0161om obchode s\u00fa 100% origin\u00e1lne a autentick\u00e9, tak\u017ee Desa\u0165n\u00e1sobn\u00e1 kompenz\u00e1cia za falo\u0161n\u00fd tovar je na\u0161ou obchodnou politikou. Na doru\u010denie tovaru v\u00e1m pou\u017e\u00edvame logistick\u00e9 kan\u00e1ly ako UPS\/DHL\/FEDEX\/DPD.<\/p>\n<p>Pri bal\u00edkoch odoslan\u00fdch na Slovensko zvy\u010dajne trv\u00e1 10 pracovn\u00fdch dn\u00ed, k\u00fdm dorazia. Dodanie do eur\u00f3pskych kraj\u00edn zvy\u010dajne trv\u00e1 pribli\u017ene 12-15 pracovn\u00fdch dn\u00ed. Logistick\u00e9 inform\u00e1cie pre v\u00e1s budeme aktualizova\u0165 v re\u00e1lnom \u010dase.<\/p>\n<p>N\u00e1jdite \u010fal\u0161ie vape produkty, ktor\u00e9 by sa v\u00e1m mohli p\u00e1\u010di\u0165:<em><a href=\"https:\/\/rmvapesale.com\/sk\/shop-2\/\">nakupova\u0165 teraz\u00a0<\/a><\/em><\/p>\n<p>\u010eal\u0161ie hor\u00face predajn\u00e9 vape, ktor\u00e9 by sa v\u00e1m mohli p\u00e1\u010di\u0165:<\/p>\n<p><a href=\"https:\/\/rmvapesale.com\/sk\/product\/randm-vape-al-fakher-10000-puffs-vape-wholesale\/\">randm vejp AI FAKHER 15k vejp<\/a><\/p>\n<p><a href=\"https:\/\/rmvapesale.com\/sk\/product\/original-randm-tornado-9000-puffs-disposable-vape-factory-price\/\">RandM Tornado 9000<\/a><\/p>","protected":false},"excerpt":{"rendered":"<p>Fumot Tornado 15000 VAPE Ve\u013ekoobchodn\u00e1 cena<br \/>\nORIGIN\u00c1L RandM Tornado 15000 Tov\u00e1rensk\u00fd ve\u013ekoobchod na sklade<br \/>\nOrigin\u00e1lna RANDM Vape FUMOT TORNADO 15000 Akciov\u00e1 cena<\/p>\n<p><strong>Kontaktujte Amy pre viac zliav a ni\u017e\u0161iu MOQ Vape<\/strong><\/p>\n<p><img loading=\"lazy\" decoding=\"async\" class=\"size-medium wp-image-1814\" src=\"https:\/\/rmvapesale.com\/wp-content\/uploads\/2024\/04\/whatsapp-amy-229x300.jpg\" alt=\"whatsapp amy\" width=\"229\" height=\"300\" srcset=\"https:\/\/rmvapesale.com\/wp-content\/uploads\/2024\/04\/whatsapp-amy-229x300.jpg 229w, https:\/\/rmvapesale.com\/wp-content\/uploads\/2024\/04\/whatsapp-amy-783x1024.jpg 783w, https:\/\/rmvapesale.com\/wp-content\/uploads\/2024\/04\/whatsapp-amy-768x1005.jpg 768w, https:\/\/rmvapesale.com\/wp-content\/uploads\/2024\/04\/whatsapp-amy-600x785.jpg 600w, https:\/\/rmvapesale.com\/wp-content\/uploads\/2024\/04\/whatsapp-amy.jpg 990w\" sizes=\"auto, (max-width: 229px) 100vw, 229px\" \/><\/p>\n<h3><span style=\"color: #ff0000\"><strong>WhatsApp: +86 17776015835<\/strong><\/span><\/h3>","protected":false},"featured_media":1937,"comment_status":"open","ping_status":"closed","template":"","meta":{"_uag_custom_page_level_css":"","_lmt_disableupdate":"no","_lmt_disable":"","site-sidebar-layout":"default","site-content-layout":"content-boxed-container","ast-site-content-layout":"normal-width-container","site-content-style":"boxed","site-sidebar-style":"unboxed","ast-global-header-display":"","ast-banner-title-visibility":"","ast-main-header-display":"","ast-hfb-above-header-display":"","ast-hfb-below-header-display":"","ast-hfb-mobile-header-display":"","site-post-title":"","ast-breadcrumbs-content":"","ast-featured-img":"","footer-sml-layout":"","ast-disable-related-posts":"","theme-transparent-header-meta":"default","adv-header-id-meta":"","stick-header-meta":"","header-above-stick-meta":"","header-main-stick-meta":"","header-below-stick-meta":"","astra-migrate-meta-layouts":"set","ast-page-background-enabled":"default","ast-page-background-meta":{"desktop":{"background-color":"var(--ast-global-color-4)","background-image":"","background-repeat":"repeat","background-position":"center center","background-size":"auto","background-attachment":"scroll","background-type":"","background-media":"","overlay-type":"","overlay-color":"","overlay-opacity":"","overlay-gradient":""},"tablet":{"background-color":"","background-image":"","background-repeat":"repeat","background-position":"center center","background-size":"auto","background-attachment":"scroll","background-type":"","background-media":"","overlay-type":"","overlay-color":"","overlay-opacity":"","overlay-gradient":""},"mobile":{"background-color":"","background-image":"","background-repeat":"repeat","background-position":"center center","background-size":"auto","background-attachment":"scroll","background-type":"","background-media":"","overlay-type":"","overlay-color":"","overlay-opacity":"","overlay-gradient":""}},"ast-content-background-meta":{"desktop":{"background-color":"var(--ast-global-color-5)","background-image":"","background-repeat":"repeat","background-position":"center center","background-size":"auto","background-attachment":"scroll","background-type":"","background-media":"","overlay-type":"","overlay-color":"","overlay-opacity":"","overlay-gradient":""},"tablet":{"background-color":"var(--ast-global-color-5)","background-image":"","background-repeat":"repeat","background-position":"center center","background-size":"auto","background-attachment":"scroll","background-type":"","background-media":"","overlay-type":"","overlay-color":"","overlay-opacity":"","overlay-gradient":""},"mobile":{"background-color":"var(--ast-global-color-5)","background-image":"","background-repeat":"repeat","background-position":"center center","background-size":"auto","background-attachment":"scroll","background-type":"","background-media":"","overlay-type":"","overlay-color":"","overlay-opacity":"","overlay-gradient":""}},"_joinchat":[]},"product_brand":[],"product_cat":[25,27,51,195,30,26,15,28,31,137,136],"product_tag":[44,39,40,41,38,37],"class_list":{"0":"post-1940","1":"product","2":"type-product","3":"status-publish","4":"has-post-thumbnail","6":"product_cat-germany-best-selling-vape","7":"product_cat-fance-hot-sale-vape","8":"product_cat-fumot-vape","9":"product_cat-germany-warehouse","10":"product_cat-minimum-order-quantity-50pcs","11":"product_cat-netherlands-hot-sale-vape","12":"product_cat-new-vape-this-week","13":"product_cat-poland-hot-sale-vape","14":"product_cat-randm-fumot-vape","15":"product_cat-rechargeable-vapes","16":"product_cat-smart-screen-vapes","17":"product_tag-15k-puffs-15000-vape-wholesale","18":"product_tag-fumot-vape","19":"product_tag-hot-sale-vape","20":"product_tag-original-factory-vape","21":"product_tag-randm-vape","22":"product_tag-wholesale-vape-price","23":"desktop-align-left","24":"tablet-align-left","25":"mobile-align-left","27":"first","28":"instock","29":"sale","30":"shipping-taxable","31":"purchasable","32":"product-type-simple"},"uagb_featured_image_src":{"full":["https:\/\/rmvapesale.com\/wp-content\/uploads\/2024\/08\/RandM-Tornado-15000-Wholesale-Blue-Razz-Lemonade.jpg",800,800,false],"thumbnail":["https:\/\/rmvapesale.com\/wp-content\/uploads\/2024\/08\/RandM-Tornado-15000-Wholesale-Blue-Razz-Lemonade-150x150.jpg",150,150,true],"medium":["https:\/\/rmvapesale.com\/wp-content\/uploads\/2024\/08\/RandM-Tornado-15000-Wholesale-Blue-Razz-Lemonade-300x300.jpg",300,300,true],"medium_large":["https:\/\/rmvapesale.com\/wp-content\/uploads\/2024\/08\/RandM-Tornado-15000-Wholesale-Blue-Razz-Lemonade-768x768.jpg",768,768,true],"large":["https:\/\/rmvapesale.com\/wp-content\/uploads\/2024\/08\/RandM-Tornado-15000-Wholesale-Blue-Razz-Lemonade.jpg",800,800,false],"1536x1536":["https:\/\/rmvapesale.com\/wp-content\/uploads\/2024\/08\/RandM-Tornado-15000-Wholesale-Blue-Razz-Lemonade.jpg",800,800,false],"2048x2048":["https:\/\/rmvapesale.com\/wp-content\/uploads\/2024\/08\/RandM-Tornado-15000-Wholesale-Blue-Razz-Lemonade.jpg",800,800,false],"trp-custom-language-flag":["https:\/\/rmvapesale.com\/wp-content\/uploads\/2024\/08\/RandM-Tornado-15000-Wholesale-Blue-Razz-Lemonade.jpg",12,12,false],"woocommerce_thumbnail":["https:\/\/rmvapesale.com\/wp-content\/uploads\/2024\/08\/RandM-Tornado-15000-Wholesale-Blue-Razz-Lemonade-300x300.jpg",300,300,true],"woocommerce_single":["https:\/\/rmvapesale.com\/wp-content\/uploads\/2024\/08\/RandM-Tornado-15000-Wholesale-Blue-Razz-Lemonade-600x600.jpg",600,600,true],"woocommerce_gallery_thumbnail":["https:\/\/rmvapesale.com\/wp-content\/uploads\/2024\/08\/RandM-Tornado-15000-Wholesale-Blue-Razz-Lemonade-100x100.jpg",100,100,true],"wcpr-photo-reviews":["https:\/\/rmvapesale.com\/wp-content\/uploads\/2024\/08\/RandM-Tornado-15000-Wholesale-Blue-Razz-Lemonade.jpg",500,500,false]},"uagb_author_info":{"display_name":"AMY","author_link":"https:\/\/rmvapesale.com\/sk\/author\/"},"uagb_comment_info":0,"uagb_excerpt":"Fumot Tornado 15000 VAPE Wholesale Price ORIGINAL RandM Tornado 15000 Factory Wholesale in Stock Genuine RANDM Vape FUMOT TORNADO 15000 Discount Price Contact Amy For More Discount And Lower MOQ Vape WhatsApp: +86 17776015835","_links":{"self":[{"href":"https:\/\/rmvapesale.com\/sk\/wp-json\/wp\/v2\/product\/1940","targetHints":{"allow":["GET"]}}],"collection":[{"href":"https:\/\/rmvapesale.com\/sk\/wp-json\/wp\/v2\/product"}],"about":[{"href":"https:\/\/rmvapesale.com\/sk\/wp-json\/wp\/v2\/types\/product"}],"replies":[{"embeddable":true,"href":"https:\/\/rmvapesale.com\/sk\/wp-json\/wp\/v2\/comments?post=1940"}],"wp:featuredmedia":[{"embeddable":true,"href":"https:\/\/rmvapesale.com\/sk\/wp-json\/wp\/v2\/media\/1937"}],"wp:attachment":[{"href":"https:\/\/rmvapesale.com\/sk\/wp-json\/wp\/v2\/media?parent=1940"}],"wp:term":[{"taxonomy":"product_brand","embeddable":true,"href":"https:\/\/rmvapesale.com\/sk\/wp-json\/wp\/v2\/product_brand?post=1940"},{"taxonomy":"product_cat","embeddable":true,"href":"https:\/\/rmvapesale.com\/sk\/wp-json\/wp\/v2\/product_cat?post=1940"},{"taxonomy":"product_tag","embeddable":true,"href":"https:\/\/rmvapesale.com\/sk\/wp-json\/wp\/v2\/product_tag?post=1940"}],"curies":[{"name":"wp","href":"https:\/\/api.w.org\/{rel}","templated":true}]}}