{"id":1942,"date":"2024-09-05T05:47:08","date_gmt":"2024-09-05T05:47:08","guid":{"rendered":"https:\/\/rmvapesale.com\/?post_type=product&#038;p=1942"},"modified":"2025-01-20T03:42:22","modified_gmt":"2025-01-20T03:42:22","slug":"vapme-crystal-7000-puffs-rechargeable-disposable-vape-price","status":"publish","type":"product","link":"https:\/\/rmvapesale.com\/sk\/product\/vapme-crystal-7000-puffs-rechargeable-disposable-vape-price\/","title":{"rendered":"Vapme Crystal 7000 Puffs Dob\u00edjate\u013en\u00fd jednorazov\u00fd vape Cena"},"content":{"rendered":"<h1>Vapme Crystal 7000 Puffs Dob\u00edjate\u013en\u00fd jednorazov\u00fd vape Cena<\/h1>\n<p>Predstavujeme Vapme Crystal 7000 puffs, nab\u00edjate\u013en\u00fd jednorazov\u00fd vape Original Edition \u2013 pr\u00e9miov\u00e9 zariadenie navrhnut\u00e9 pre vynikaj\u00faci z\u00e1\u017eitok z vapovania. Tento nab\u00edjate\u013en\u00fd jednorazov\u00fd vape pon\u00faka \u0161irok\u00fa \u0161k\u00e1lu pr\u00edchut\u00ed a prisp\u00f4sobite\u013en\u00e9 hladiny nikot\u00ednu. Vyberte si z 30 l\u00e1kav\u00fdch pr\u00edchut\u00ed, aby ste si prisp\u00f4sobili svoju cestu vapovania pod\u013ea va\u0161ich chu\u0165ov\u00fdch preferenci\u00ed. V na\u0161om obchode z\u00edskate ve\u013ekoobchodn\u00fa cenu za nab\u00edjate\u013en\u00fd jednorazov\u00fd vape Vapme Crystal 7000 puffs.<\/p>\n<p>Tento vape, ktor\u00fd je dostupn\u00fd v sil\u00e1ch nikot\u00ednu 0 %, 2 % a 5 %, v\u00e1m umo\u017e\u0148uje prisp\u00f4sobi\u0165 si z\u00e1\u017eitok tak, aby vyhovoval va\u0161im potreb\u00e1m.<\/p>\n<p>Vape ty\u010dinka VAPME Crystal je nap\u00e1jan\u00e1 robustnou 650 mAh kobaltovou bat\u00e9riou a je vybaven\u00e1 praktick\u00fdm portom typu C pre spo\u013eahliv\u00e9 nap\u00e1janie a jednoduch\u00e9 dob\u00edjanie.<\/p>\n<p>V\u010faka zna\u010dnej 14 ml kapacite e-liquidu a 1,0 ohmovej sie\u0165ovej cievke zais\u0165uje tento vape hladk\u00fa, chutn\u00fa paru pri ka\u017edom \u0161luku.<\/p>\n<p>Vychutnajte si a\u017e 7000 \u0161lukov spokojnosti s t\u00fdmto nab\u00edjate\u013en\u00fdm jednorazov\u00fdm vape, ktor\u00fd je ide\u00e1lny pre t\u00fdch, ktor\u00ed si cenia pohodlie aj kvalitu vo svojom z\u00e1\u017eitku z vapovania.<\/p>\n<p>&nbsp;<\/p>\n<p><strong>Kontaktujte Amy pre spr\u00e1vnu odpove\u010f a ve\u013ekoobchodn\u00fa cenu!<\/strong><\/p>\n<p><img loading=\"lazy\" decoding=\"async\" class=\"size-medium wp-image-1814\" src=\"https:\/\/rmvapesale.com\/wp-content\/uploads\/2024\/04\/whatsapp-amy-229x300.jpg\" alt=\"whatsapp amy\" width=\"229\" height=\"300\" srcset=\"https:\/\/rmvapesale.com\/wp-content\/uploads\/2024\/04\/whatsapp-amy-229x300.jpg 229w, https:\/\/rmvapesale.com\/wp-content\/uploads\/2024\/04\/whatsapp-amy-783x1024.jpg 783w, https:\/\/rmvapesale.com\/wp-content\/uploads\/2024\/04\/whatsapp-amy-768x1005.jpg 768w, https:\/\/rmvapesale.com\/wp-content\/uploads\/2024\/04\/whatsapp-amy-600x785.jpg 600w, https:\/\/rmvapesale.com\/wp-content\/uploads\/2024\/04\/whatsapp-amy.jpg 990w\" sizes=\"auto, (max-width: 229px) 100vw, 229px\" \/><\/p>\n<h2><\/h2>\n<h2><strong>\u010co rob\u00ed <\/strong><strong>PUFF <\/strong><strong>7000 <\/strong><strong>VAPME Crystal <\/strong><strong>hor\u00faci<\/strong>\u00a0<strong>jednorazov\u00fd vape?<\/strong><\/h2>\n<p>Mo\u017enosti obsahu nikot\u00ednu: 0 %, 2 %, 3 % a 5 %<br \/>\nA\u017e 7000 \u0161lukov<br \/>\nVopred naplnen\u00e9 14 ml e-liquidu<br \/>\n650mAh nab\u00edjate\u013enou bat\u00e9riou<br \/>\n1,0 \u03a9 sie\u0165ov\u00e1 cievka<br \/>\n30 dostupn\u00fdch pr\u00edchut\u00ed<\/p>\n<h2><strong>Ak\u00e1 je ob\u013e\u00faben\u00e1 pr\u00edchu\u0165 pre VAPME Crystal 7000 vape?<\/strong><\/h2>\n<p>VAPME Crystal 7000 Puffs pon\u00faka celkovo 30 dostupn\u00fdch pr\u00edchut\u00ed, z ktor\u00fdch si m\u00f4\u017eete vybra\u0165, pre ka\u017ed\u00e9ho sa nie\u010do n\u00e1jde.<\/p>\n<p>1.\u010cu\u010doriedka Malina<br \/>\n2.Hrozno a lesn\u00e9 plody<br \/>\n3.Jahoda, vodn\u00fd mel\u00f3n a \u017euva\u010dka<br \/>\n4.Jahoda, malina a cukr\u00edk<br \/>\n5.Jahoda ban\u00e1n<br \/>\n6.Jahoda a mango<br \/>\n7.Brosky\u0148a, mango a anan\u00e1s<br \/>\n8.Vodn\u00fd mel\u00f3n \u013ead<br \/>\n9.Trojit\u00e9 mango<br \/>\n10.\u010cere\u0161\u0148a a \u013ead<br \/>\n11.Mu\u010denka, mel\u00f3n a \u013ead<br \/>\n12.Kiwi, mu\u010denka a guava<br \/>\n13.Jahoda a \u013ead<br \/>\n14.Brosky\u0148a a \u013ead<br \/>\n15.Modr\u00e1 malinov\u00e1 limon\u00e1da<br \/>\n16.Jahoda a kiwi<br \/>\n17.Energetick\u00fd n\u00e1poj<br \/>\n18.\u010cere\u0161\u0148ov\u00e1 kola<br \/>\n19.Zmes lesn\u00fdch plodov a \u013ead<br \/>\n20.Citr\u00f3n<br \/>\n21.Jahoda a hrozno<br \/>\n22.\u010cierna r\u00edbez\u013ea a \u013ead<br \/>\n23.\u010du\u010doriedka Brusnica \u010dere\u0161\u0148a<br \/>\n24.vodn\u00fd mel\u00f3n kivi \u013ead<br \/>\n25.\u010dere\u0161\u0148ov\u00e1 bobu\u013ea<br \/>\n26.m\u00e4ta<br \/>\n27.tropick\u00fd ovocn\u00fd pun\u010d<br \/>\n28.P\u00e1n modr\u00fd<br \/>\n29.Dvojit\u00e9 jablko<br \/>\n30.ban\u00e1nov\u00fd \u013ead<\/p>\n<figure id=\"attachment_1945\" aria-describedby=\"caption-attachment-1945\" style=\"width: 500px\" class=\"wp-caption alignnone\"><img loading=\"lazy\" decoding=\"async\" class=\"wp-image-1945 size-full\" src=\"https:\/\/rmvapesale.com\/wp-content\/uploads\/2024\/09\/Vapme-Crystal-7000-Puffs-Disposable-Vape-Wholesale.jpg\" alt=\"Vapme Crystal 7000 Puffs Jednorazov\u00fd Vape Ve\u013ekoobchod\" width=\"500\" height=\"500\" srcset=\"https:\/\/rmvapesale.com\/wp-content\/uploads\/2024\/09\/Vapme-Crystal-7000-Puffs-Disposable-Vape-Wholesale.jpg 500w, https:\/\/rmvapesale.com\/wp-content\/uploads\/2024\/09\/Vapme-Crystal-7000-Puffs-Disposable-Vape-Wholesale-300x300.jpg 300w, https:\/\/rmvapesale.com\/wp-content\/uploads\/2024\/09\/Vapme-Crystal-7000-Puffs-Disposable-Vape-Wholesale-150x150.jpg 150w, https:\/\/rmvapesale.com\/wp-content\/uploads\/2024\/09\/Vapme-Crystal-7000-Puffs-Disposable-Vape-Wholesale-100x100.jpg 100w\" sizes=\"auto, (max-width: 500px) 100vw, 500px\" \/><figcaption id=\"caption-attachment-1945\" class=\"wp-caption-text\">Vapme Crystal 7000 Puffs Jednorazov\u00fd Vape Ve\u013ekoobchod<\/figcaption><\/figure>\n<h2><strong>Ot\u00e1zky, ktor\u00e9 by ste chceli vedie\u0165 o PUFF Vape VAPME Crystal 7000<\/strong><\/h2>\n<p>&nbsp;<\/p>\n<h3>Q 1. \u010co je VAPME Crystal 7000 Puffs Vape Original?<\/h3>\n<p>A: The <span style=\"font-size: 16px\">VAPME Crystal 7000 Puffs<\/span> je nab\u00edjate\u013en\u00e9 jednorazov\u00e9 vapovacie zariadenie, navrhnut\u00e9 pre dlh\u0161ie vapovanie. Je pomenovan\u00e9 pod\u013ea svojej p\u00f4sobivej kapacity 7000 potiahnut\u00ed a viacfarebn\u00fdch svetiel pripom\u00ednaj\u00facich osvetlen\u00fd kri\u0161t\u00e1\u013e.<\/p>\n<h3>Q 2. Ako dlho vydr\u017e\u00ed autentick\u00e9 VAPME Crystal 7000 Vape?<\/h3>\n<p>Odpove\u010f: Autentick\u00e9 <span style=\"font-size: 16px\">VAPME Crystal 7000 Puffs <\/span>obsahuje vstavan\u00fa bat\u00e9riu s kapacitou 650 mAh, ktor\u00e1 pon\u00faka pred\u013a\u017een\u00e9 pou\u017e\u00edvanie na jedno nabitie. Presn\u00e1 \u017eivotnos\u0165 bat\u00e9rie v\u0161ak z\u00e1vis\u00ed od individu\u00e1lnych sp\u00f4sobov pou\u017e\u00edvania.<\/p>\n<h3>Q 3. Je VAPME Crystal Original 7000 Puffs nab\u00edjate\u013en\u00fd?<\/h3>\n<p><span style=\"font-size: 16px\">Odpove\u010f: \u00c1no, VAPME Crystal 7000 Puffs Original prich\u00e1dza s nab\u00edjate\u013enou bat\u00e9riou, ktor\u00e1 je nab\u00edjate\u013en\u00e1. M\u00f4\u017eete si ho u\u017e\u00edva\u0165 a\u017e do poslednej kvapky.<\/span><\/p>\n<h3>Q 4. Kde m\u00f4\u017eem z\u00edska\u0165 ve\u013ekoobchodn\u00fa cenu na Vapme Crystal 7000 puffs nab\u00edjate\u013en\u00e9 jednorazov\u00e9 vape?<\/h3>\n<p>A: The <span style=\"font-size: 16px\">VAPME Crystal 7000 Puffs <\/span>je k dispoz\u00edcii na zak\u00fapenie u autorizovan\u00fdch distrib\u00fatorov. V pr\u00edpade ve\u013ekoobchodn\u00fdch dopytov m\u00f4\u017eu distrib\u00fatori <a href=\"https:\/\/wa.me\/8617776015835\" target=\"_blank\" rel=\"noopener\">kontaktujte n\u00e1s<\/a> priamo. Maloobchodn\u00ed z\u00e1kazn\u00edci m\u00f4\u017eu n\u00e1js\u0165 produkt u vybran\u00fdch predajcov alebo v internetov\u00fdch obchodoch.<\/p>\n<p>N\u00e1jdite \u010fal\u0161ie vape produkty, ktor\u00e9 by sa v\u00e1m mohli p\u00e1\u010di\u0165:<em><a href=\"https:\/\/rmvapesale.com\/sk\/shop-2\/\">nakupova\u0165 teraz\u00a0<\/a><\/em><\/p>\n<p>\u010eal\u0161ie hor\u00face predajn\u00e9 vape, ktor\u00e9 by sa v\u00e1m mohli p\u00e1\u010di\u0165:<\/p>\n<p><a href=\"https:\/\/rmvapesale.com\/sk\/product\/randm-vape-al-fakher-10000-puffs-vape-wholesale\/\">randm vejp AI FAKHER 15k vejp<\/a><\/p>\n<p><a href=\"https:\/\/rmvapesale.com\/sk\/product\/original-randm-tornado-9000-puffs-disposable-vape-factory-price\/\">RandM Tornado 9000<\/a><\/p>","protected":false},"excerpt":{"rendered":"<p>Vapme Crystal 7000 Puffs Nab\u00edjate\u013en\u00fd jednorazov\u00fd vape Cena hromadn\u00e9ho n\u00e1kupu<\/p>\n<p>Vapme Crystal 7000 Puff Jednorazov\u00fd vape s najlep\u0161ou p\u00f4vodnou pr\u00edchu\u0165ou<\/p>\n<p>VAPME CRYSTAL 7000 Puffs 2% Nikot\u00edn<\/p>\n<p><strong>Kontaktujte Amy pre viac zliav a ni\u017e\u0161iu MOQ Vape<\/strong><\/p>\n<p><img loading=\"lazy\" decoding=\"async\" class=\"size-medium wp-image-1814\" src=\"https:\/\/rmvapesale.com\/wp-content\/uploads\/2024\/04\/whatsapp-amy-229x300.jpg\" alt=\"whatsapp amy\" width=\"229\" height=\"300\" srcset=\"https:\/\/rmvapesale.com\/wp-content\/uploads\/2024\/04\/whatsapp-amy-229x300.jpg 229w, https:\/\/rmvapesale.com\/wp-content\/uploads\/2024\/04\/whatsapp-amy-783x1024.jpg 783w, https:\/\/rmvapesale.com\/wp-content\/uploads\/2024\/04\/whatsapp-amy-768x1005.jpg 768w, https:\/\/rmvapesale.com\/wp-content\/uploads\/2024\/04\/whatsapp-amy-600x785.jpg 600w, https:\/\/rmvapesale.com\/wp-content\/uploads\/2024\/04\/whatsapp-amy.jpg 990w\" sizes=\"auto, (max-width: 229px) 100vw, 229px\" \/><\/p>\n<h3><span style=\"color: #ff0000\"><strong>WhatsApp: +86 17776015835<\/strong><\/span><\/h3>","protected":false},"featured_media":2671,"comment_status":"open","ping_status":"closed","template":"","meta":{"_uag_custom_page_level_css":"","_lmt_disableupdate":"no","_lmt_disable":"","site-sidebar-layout":"default","site-content-layout":"content-boxed-container","ast-site-content-layout":"normal-width-container","site-content-style":"boxed","site-sidebar-style":"unboxed","ast-global-header-display":"","ast-banner-title-visibility":"","ast-main-header-display":"","ast-hfb-above-header-display":"","ast-hfb-below-header-display":"","ast-hfb-mobile-header-display":"","site-post-title":"","ast-breadcrumbs-content":"","ast-featured-img":"","footer-sml-layout":"","theme-transparent-header-meta":"default","adv-header-id-meta":"","stick-header-meta":"","header-above-stick-meta":"","header-main-stick-meta":"","header-below-stick-meta":"","astra-migrate-meta-layouts":"set","ast-page-background-enabled":"default","ast-page-background-meta":{"desktop":{"background-color":"var(--ast-global-color-4)","background-image":"","background-repeat":"repeat","background-position":"center center","background-size":"auto","background-attachment":"scroll","background-type":"","background-media":"","overlay-type":"","overlay-color":"","overlay-opacity":"","overlay-gradient":""},"tablet":{"background-color":"","background-image":"","background-repeat":"repeat","background-position":"center center","background-size":"auto","background-attachment":"scroll","background-type":"","background-media":"","overlay-type":"","overlay-color":"","overlay-opacity":"","overlay-gradient":""},"mobile":{"background-color":"","background-image":"","background-repeat":"repeat","background-position":"center center","background-size":"auto","background-attachment":"scroll","background-type":"","background-media":"","overlay-type":"","overlay-color":"","overlay-opacity":"","overlay-gradient":""}},"ast-content-background-meta":{"desktop":{"background-color":"var(--ast-global-color-5)","background-image":"","background-repeat":"repeat","background-position":"center center","background-size":"auto","background-attachment":"scroll","background-type":"","background-media":"","overlay-type":"","overlay-color":"","overlay-opacity":"","overlay-gradient":""},"tablet":{"background-color":"var(--ast-global-color-5)","background-image":"","background-repeat":"repeat","background-position":"center center","background-size":"auto","background-attachment":"scroll","background-type":"","background-media":"","overlay-type":"","overlay-color":"","overlay-opacity":"","overlay-gradient":""},"mobile":{"background-color":"var(--ast-global-color-5)","background-image":"","background-repeat":"repeat","background-position":"center center","background-size":"auto","background-attachment":"scroll","background-type":"","background-media":"","overlay-type":"","overlay-color":"","overlay-opacity":"","overlay-gradient":""}},"_joinchat":[]},"product_brand":[],"product_cat":[25,290,293,295,281,272,123,26,28,135,27,137,136,15,30],"product_tag":[48,40,41,54,53,37],"class_list":{"0":"post-1942","1":"product","2":"type-product","3":"status-publish","4":"has-post-thumbnail","6":"product_cat-germany-best-selling-vape","7":"product_cat-crystal-disposable-vapes","8":"product_cat-low-nicotine-disposable-vapes","9":"product_cat-rechargeable-disposable-vapes","10":"product_cat-vapme-vape","11":"product_cat-7000-puff-disposable-vape","12":"product_cat-italy-wholesale-vape","13":"product_cat-netherlands-hot-sale-vape","14":"product_cat-poland-hot-sale-vape","15":"product_cat-spain-best-hot-sale-vape","16":"product_cat-fance-hot-sale-vape","17":"product_cat-rechargeable-vapes","18":"product_cat-smart-screen-vapes","19":"product_cat-new-vape-this-week","20":"product_cat-minimum-order-quantity-50pcs","21":"product_tag-7000-puffs-vape","22":"product_tag-hot-sale-vape","23":"product_tag-original-factory-vape","24":"product_tag-rechargeable-disposable-vape","25":"product_tag-vapme-vape","26":"product_tag-wholesale-vape-price","27":"desktop-align-left","28":"tablet-align-left","29":"mobile-align-left","31":"first","32":"instock","33":"sale","34":"shipping-taxable","35":"purchasable","36":"product-type-simple"},"uagb_featured_image_src":{"full":["https:\/\/rmvapesale.com\/wp-content\/uploads\/2024\/11\/Vapme-Crystal-Rechareable-Vape-Wholesale.jpg",800,800,false],"thumbnail":["https:\/\/rmvapesale.com\/wp-content\/uploads\/2024\/11\/Vapme-Crystal-Rechareable-Vape-Wholesale-150x150.jpg",150,150,true],"medium":["https:\/\/rmvapesale.com\/wp-content\/uploads\/2024\/11\/Vapme-Crystal-Rechareable-Vape-Wholesale-300x300.jpg",300,300,true],"medium_large":["https:\/\/rmvapesale.com\/wp-content\/uploads\/2024\/11\/Vapme-Crystal-Rechareable-Vape-Wholesale-768x768.jpg",768,768,true],"large":["https:\/\/rmvapesale.com\/wp-content\/uploads\/2024\/11\/Vapme-Crystal-Rechareable-Vape-Wholesale.jpg",800,800,false],"1536x1536":["https:\/\/rmvapesale.com\/wp-content\/uploads\/2024\/11\/Vapme-Crystal-Rechareable-Vape-Wholesale.jpg",800,800,false],"2048x2048":["https:\/\/rmvapesale.com\/wp-content\/uploads\/2024\/11\/Vapme-Crystal-Rechareable-Vape-Wholesale.jpg",800,800,false],"trp-custom-language-flag":["https:\/\/rmvapesale.com\/wp-content\/uploads\/2024\/11\/Vapme-Crystal-Rechareable-Vape-Wholesale.jpg",12,12,false],"woocommerce_thumbnail":["https:\/\/rmvapesale.com\/wp-content\/uploads\/2024\/11\/Vapme-Crystal-Rechareable-Vape-Wholesale-300x300.jpg",300,300,true],"woocommerce_single":["https:\/\/rmvapesale.com\/wp-content\/uploads\/2024\/11\/Vapme-Crystal-Rechareable-Vape-Wholesale-600x600.jpg",600,600,true],"woocommerce_gallery_thumbnail":["https:\/\/rmvapesale.com\/wp-content\/uploads\/2024\/11\/Vapme-Crystal-Rechareable-Vape-Wholesale-100x100.jpg",100,100,true],"wcpr-photo-reviews":["https:\/\/rmvapesale.com\/wp-content\/uploads\/2024\/11\/Vapme-Crystal-Rechareable-Vape-Wholesale.jpg",500,500,false]},"uagb_author_info":{"display_name":"AMY","author_link":"https:\/\/rmvapesale.com\/sk\/author\/"},"uagb_comment_info":0,"uagb_excerpt":"Vapme Crystal 7000 Puffs Rechargeable Disposable Vape Bulk Buy Price Puff 7000 Vapme Crystal Original Disposable Vape Best Flavor VAPME CRYSTAL 7000 Puffs 2% Nicotine Contact Amy For More Discount And Lower MOQ Vape WhatsApp: +86 17776015835","_links":{"self":[{"href":"https:\/\/rmvapesale.com\/sk\/wp-json\/wp\/v2\/product\/1942","targetHints":{"allow":["GET"]}}],"collection":[{"href":"https:\/\/rmvapesale.com\/sk\/wp-json\/wp\/v2\/product"}],"about":[{"href":"https:\/\/rmvapesale.com\/sk\/wp-json\/wp\/v2\/types\/product"}],"replies":[{"embeddable":true,"href":"https:\/\/rmvapesale.com\/sk\/wp-json\/wp\/v2\/comments?post=1942"}],"wp:featuredmedia":[{"embeddable":true,"href":"https:\/\/rmvapesale.com\/sk\/wp-json\/wp\/v2\/media\/2671"}],"wp:attachment":[{"href":"https:\/\/rmvapesale.com\/sk\/wp-json\/wp\/v2\/media?parent=1942"}],"wp:term":[{"taxonomy":"product_brand","embeddable":true,"href":"https:\/\/rmvapesale.com\/sk\/wp-json\/wp\/v2\/product_brand?post=1942"},{"taxonomy":"product_cat","embeddable":true,"href":"https:\/\/rmvapesale.com\/sk\/wp-json\/wp\/v2\/product_cat?post=1942"},{"taxonomy":"product_tag","embeddable":true,"href":"https:\/\/rmvapesale.com\/sk\/wp-json\/wp\/v2\/product_tag?post=1942"}],"curies":[{"name":"wp","href":"https:\/\/api.w.org\/{rel}","templated":true}]}}