{"id":1950,"date":"2024-09-05T08:27:17","date_gmt":"2024-09-05T08:27:17","guid":{"rendered":"https:\/\/rmvapesale.com\/?post_type=product&#038;p=1950"},"modified":"2025-01-20T03:43:06","modified_gmt":"2025-01-20T03:43:06","slug":"bang-30k-puffs-disposable-vape-double-taste-wholesale-italy","status":"publish","type":"product","link":"https:\/\/rmvapesale.com\/sk\/product\/bang-30k-puffs-disposable-vape-double-taste-wholesale-italy\/","title":{"rendered":"Bang 30k potiahnut\u00ed jednorazov\u00fd vape dvojit\u00e1 chu\u0165 ve\u013ekoobchod Slovensko"},"content":{"rendered":"<h1>Bang 30k potiahnut\u00ed jednorazov\u00fd vape dvojit\u00e1 chu\u0165 ve\u013ekoobchod Slovensko<\/h1>\n<p>Bang 30000 30k Puffs Jednorazov\u00e1 e-cigareta s dvojitou pr\u00edchu\u0165ou je pr\u00e9miov\u00e9 zariadenie vytvoren\u00e9 pre mimoriadny z\u00e1\u017eitok z vapovania. S p\u00f4sobiv\u00fdmi 30 000 po\u0165ahmi pon\u00faka neprekonate\u013en\u00fa \u017eivotnos\u0165 a pohodlie. S 1,0-ohmovou sie\u0165ovou cievkou poskytuje hladk\u00fa a konzistentn\u00fa paru, ktor\u00e1 zv\u00fdraz\u0148uje chu\u0165 s ka\u017ed\u00fdm po\u0165ahom. Jej 36 ml kapacita e-liquidu zais\u0165uje dlhodob\u00e9 pou\u017e\u00edvanie bez \u010dast\u00e9ho dop\u013a\u0148ania. Vyberte si z \u00farovn\u00ed nikot\u00ednu 0%, 2%, 3% alebo 5%, aby zodpovedali va\u0161im preferenci\u00e1m.<\/p>\n<p>Bat\u00e9ria s kapacitou 550 mAh poskytuje spo\u013eahliv\u00fd v\u00fdkon, zatia\u013e \u010do funkcia nab\u00edjania Type-C umo\u017e\u0148uje r\u00fdchle a efekt\u00edvne dob\u00edjanie. Pokro\u010dil\u00fd LCD displej v\u00e1s informuje o \u017eivotnosti bat\u00e9rie a hladine e-liquidu, \u010do zais\u0165uje bezprobl\u00e9mov\u00fd z\u00e1\u017eitok.<\/p>\n<p>Bang 30000 po\u0165ahov sa tie\u017e p\u00fd\u0161i funkcionalitou Dvojitej chuti, ktor\u00e1 v\u00e1m umo\u017en\u00ed prep\u00edna\u0165 medzi dvoma odli\u0161n\u00fdmi pr\u00edchu\u0165ami pre v\u0161estrann\u00fa vapovaciu rel\u00e1ciu. Je ide\u00e1lna pre za\u010diato\u010dn\u00edkov aj sk\u00fasen\u00fdch vaperov, kombinuje vysok\u00fa kapacitu, jednoduchos\u0165 pou\u017eitia a \u0161pi\u010dkov\u00fa technol\u00f3giu pre pr\u00e9miov\u00fd z\u00e1\u017eitok z vapovania.<\/p>\n<p><strong>Kontaktujte Amy pre spr\u00e1vnu odpove\u010f a ve\u013ekoobchodn\u00fa cenu!<\/strong><\/p>\n<p><img loading=\"lazy\" decoding=\"async\" class=\"size-medium wp-image-1814\" src=\"https:\/\/rmvapesale.com\/wp-content\/uploads\/2024\/04\/whatsapp-amy-229x300.jpg\" alt=\"whatsapp amy\" width=\"229\" height=\"300\" srcset=\"https:\/\/rmvapesale.com\/wp-content\/uploads\/2024\/04\/whatsapp-amy-229x300.jpg 229w, https:\/\/rmvapesale.com\/wp-content\/uploads\/2024\/04\/whatsapp-amy-783x1024.jpg 783w, https:\/\/rmvapesale.com\/wp-content\/uploads\/2024\/04\/whatsapp-amy-768x1005.jpg 768w, https:\/\/rmvapesale.com\/wp-content\/uploads\/2024\/04\/whatsapp-amy-600x785.jpg 600w, https:\/\/rmvapesale.com\/wp-content\/uploads\/2024\/04\/whatsapp-amy.jpg 990w\" sizes=\"auto, (max-width: 229px) 100vw, 229px\" \/><\/p>\n<h2><strong>\u010co rob\u00ed Bang 30000 Puffs<\/strong><strong>\u00a0najpred\u00e1vanej\u0161ou jednorazovou e-cigaretou?<\/strong><\/h2>\n<p>V\u010faka super \u0161pecifik\u00e1cii, autentick\u00e1 Bang 30000 Puffs Jednorazov\u00e1 e-cigareta s dvojitou pr\u00edchu\u0165ou vynik\u00e1 ako jedna z najvy\u0161\u0161\u00edch kapac\u00edt jednorazov\u00fdch e-cigariet na trhu.<\/p>\n<p>Potiahnutia: 30000 potiahnut\u00ed<br \/>\nJadro: Sie\u0165ov\u00e1 cievka 1.0ohm<br \/>\nE-liquid: 36ml<br \/>\nNikot\u00edn: 0%\/2%\/3%\/5%<br \/>\nBat\u00e9ria: 550mAh<br \/>\nDob\u00edjac\u00ed: Typ-C<br \/>\nLCD Digit\u00e1lny displej<br \/>\nDvojit\u00e1 chu\u0165<\/p>\n<h2><strong>Ak\u00e1 je najlep\u0161ia pr\u00edchu\u0165 pre <\/strong><strong>Bang 30k <\/strong><strong>e-cigaretu s po\u0165ahmi?<\/strong><\/h2>\n<p>\u010cu\u010doriedka malina a brosky\u0148a mango mel\u00f3n je nepochybne najob\u013e\u00fabenej\u0161ia pr\u00edchu\u0165 pre Bang 30000 Puffs Jednorazov\u00fa e-cigaretu s dvojitou pr\u00edchu\u0165ou, mali by ste ju vysk\u00fa\u0161a\u0165!<\/p>\n<p>T\u00e1to Bang 30000 E-cigareta pon\u00faka celkom 12 dostupn\u00fdch pr\u00edchut\u00ed, z ktor\u00fdch si m\u00f4\u017eete vybra\u0165, je tu nie\u010do pre v\u00e1s.<\/p>\n<p>1. vodn\u00fd mel\u00f3n \u013ead &amp; \u010du\u010doriedkov\u00e1 m\u00e4ta<br \/>\n2. vodn\u00fd mel\u00f3n \u013ead &amp; jahoda a mango<br \/>\n3. jahoda vodn\u00fd mel\u00f3n &amp; kiwi passion fruit guava<br \/>\n4. jahoda a vodn\u00fd mel\u00f3n &amp; hroznov\u00fd \u013ead<br \/>\n5. \u010du\u010doriedkov\u00fd \u013ead &amp; \u010dierny drak \u013ead<br \/>\n6. \u010du\u010doriedkov\u00fd \u013ead &amp; jahoda a ban\u00e1n<br \/>\n7. Red Bull &amp; \u010du\u010doriedkov\u00fd vodn\u00fd mel\u00f3n<br \/>\n8. Red Bull &amp; vodn\u00fd mel\u00f3n bublinkov\u00e1 cukrovinka<br \/>\n9. \u010du\u010doriedka malina &amp; brosky\u0148a mango vodn\u00fd mel\u00f3n<br \/>\n10. \u010du\u010doriedka malina &amp; zmie\u0161an\u00e9 plesniv\u00e9 ovocie<br \/>\n11. jahoda kiwi &amp; brosky\u0148a \u013ead<br \/>\n12. jahoda kiwi &amp; kysl\u00e9 jablko malina<\/p>\n<h2><strong>Ot\u00e1zky, ktor\u00e9 by ste mohli chcie\u0165 vedie\u0165 o Bang 30000 Jednorazovom vapingu<\/strong><\/h2>\n<h3>Q1. \u010co je Bang30k Puffs Vape?<\/h3>\n<p>A: Bang 30k Puffs Original je jednorazov\u00e9 vapovanie navrhnut\u00e9 pre dlh\u00e9 vapingov\u00e9 sedenia. N\u00e1zov je odvoden\u00fd od jeho p\u00f4sobivej kapacity 15 000 potiahnut\u00ed.<\/p>\n<h3>Q2. Ako dlho vydr\u017e\u00ed autentick\u00fd BangKing 30000 Puffs 15K Vape?<\/h3>\n<p>A: Bang 30k Puffs Authentic m\u00e1 zabudovan\u00fa bat\u00e9riu s kapacitou 550mAh, ktor\u00e1 umo\u017e\u0148uje dlh\u0161ie pou\u017e\u00edvanie na jedno nabitie. Presn\u00e1 v\u00fddr\u017e bat\u00e9rie z\u00e1vis\u00ed od individu\u00e1lneho sp\u00f4sobu pou\u017e\u00edvania.<\/p>\n<h3>Q3. Je Bang 30000 Vape Origin\u00e1l dob\u00edjate\u013en\u00fd?<\/h3>\n<p><span style=\"font-size: 16px\">A: \u00c1no, Bang 30k Puffs Original m\u00e1 dob\u00edjate\u013en\u00fa bat\u00e9riu, tak\u017ee ju m\u00f4\u017eete pou\u017e\u00edva\u0165 a\u017e do poslednej kvapky.<\/span><\/p>\n<h3>Q4. Kde si m\u00f4\u017eem zak\u00fapi\u0165 origin\u00e1lny Bang 30000 Puffs Vape?<\/h3>\n<p>A: Origin\u00e1lny Bang 30k Puffs Genuine je dostupn\u00fd na k\u00fapu prostredn\u00edctvom autorizovan\u00fdch distrib\u00fatorov. Pre ve\u013ekoobchodn\u00e9 dopyty m\u00f4\u017eu distrib\u00fatori <a href=\"https:\/\/wa.me\/8617776015835\" target=\"_blank\" rel=\"noopener\">kontaktujte n\u00e1s<\/a> priamo. Maloobchodn\u00ed z\u00e1kazn\u00edci n\u00e1jdu produkt u vybran\u00fdch predajcov alebo v online obchodoch. V\u0161etky produkty v na\u0161om obchode s\u00fa 100% origin\u00e1lne a autentick\u00e9, desa\u0165n\u00e1sobn\u00e9 od\u0161kodnenie za falo\u0161n\u00fd tovar je na\u0161a politika obchodu.<\/p>\n<p>&nbsp;<\/p>\n<p><strong>Detail prepravy:<\/strong><\/p>\n<div class=\"flex-shrink-0 flex flex-col relative items-end\">\n<div>\n<div class=\"pt-0\">\n<div class=\"gizmo-bot-avatar flex h-8 w-8 items-center justify-center overflow-hidden rounded-full\">\n<div class=\"relative p-1 rounded-sm flex items-center justify-center bg-token-main-surface-primary text-token-text-primary h-8 w-8\"><strong>Ak\u00e9 sp\u00f4soby doru\u010denia sa pou\u017e\u00edvaj\u00fa?<\/strong><\/div>\n<\/div>\n<\/div>\n<\/div>\n<\/div>\n<div class=\"group\/conversation-turn relative flex w-full min-w-0 flex-col agent-turn\">\n<div class=\"flex-col gap-1 md:gap-3\">\n<div class=\"flex max-w-full flex-col flex-grow\">\n<div class=\"min-h-[20px] text-message flex w-full flex-col items-end gap-2 whitespace-normal break-words [.text-message+&amp;]:mt-5 overflow-x-auto\" dir=\"auto\" data-message-author-role=\"assistant\" data-message-id=\"22f8283b-3233-46ff-89a5-c7a41b33abda\">\n<div class=\"flex w-full flex-col gap-1 empty:hidden first:pt-[3px]\">\n<div class=\"markdown prose w-full break-words dark:prose-invert light\">\n<p>Spolupracujeme so spolo\u010dnos\u0165ami UPS, DHL, FedEx, DPD a \u010fal\u0161\u00edmi popredn\u00fdmi dopravcami. Vyberieme najlep\u0161\u00ed sp\u00f4sob doru\u010denia na z\u00e1klade va\u0161ej adresy, aby sme zaistili, \u017ee svoje produkty dostanete \u010do najr\u00fdchlej\u0161ie.<\/p>\n<\/div>\n<p><strong>Ako dlho trv\u00e1, k\u00fdm z\u00e1sielka doraz\u00ed?<\/strong><\/p>\n<p>Bal\u00edky doru\u010dovan\u00e9 na Slovensko zvy\u010dajne dorazia do 10 pracovn\u00fdch dn\u00ed. Doru\u010denie do eur\u00f3pskych kraj\u00edn zvy\u010dajne trv\u00e1 asi 12-15 pracovn\u00fdch dn\u00ed. Budeme v\u00e1s informova\u0165 o stave doru\u010denia v re\u00e1lnom \u010dase.<\/p>\n<p>&nbsp;<\/p>\n<\/div>\n<\/div>\n<\/div>\n<\/div>\n<\/div>\n<p>N\u00e1jdite \u010fal\u0161ie vape produkty, ktor\u00e9 by sa v\u00e1m mohli p\u00e1\u010di\u0165:<em><a href=\"https:\/\/rmvapesale.com\/sk\/shop-2\/\">nakupova\u0165 teraz\u00a0<\/a><\/em><\/p>\n<p>\u010eal\u0161ie hor\u00face predajn\u00e9 vape, ktor\u00e9 by sa v\u00e1m mohli p\u00e1\u010di\u0165:<\/p>\n<p><a href=\"https:\/\/rmvapesale.com\/sk\/product\/randm-vape-al-fakher-10000-puffs-vape-wholesale\/\">randm vejp AI FAKHER 15k vejp<\/a><\/p>\n<p><a href=\"https:\/\/rmvapesale.com\/sk\/product\/original-randm-tornado-9000-puffs-disposable-vape-factory-price\/\">RandM Tornado 9000<\/a><\/p>","protected":false},"excerpt":{"rendered":"<p>Bang 30000 30k Puffs Jednorazov\u00e1 e-cigareta s dvojitou pr\u00edchu\u0165ou, ve\u013ekoobchodn\u00e1 cena<br \/>\nORIGIN\u00c1LNA Bang 30000 Puffs Jednorazov\u00e1 e-cigareta, tov\u00e1rensk\u00fd ve\u013ekoobchod na sklade<br \/>\nBANG 30000 Dvojit\u00e1 pr\u00edchu\u0165 30K Jednorazov\u00e1 e-cigareta Z\u013eavnen\u00e1 cena<\/p>\n<p><strong>Kontaktujte Amy pre viac zliav a ni\u017e\u0161iu MOQ Vape<\/strong><\/p>\n<p><img loading=\"lazy\" decoding=\"async\" class=\"size-medium wp-image-1814\" src=\"https:\/\/rmvapesale.com\/wp-content\/uploads\/2024\/04\/whatsapp-amy-229x300.jpg\" alt=\"whatsapp amy\" width=\"229\" height=\"300\" srcset=\"https:\/\/rmvapesale.com\/wp-content\/uploads\/2024\/04\/whatsapp-amy-229x300.jpg 229w, https:\/\/rmvapesale.com\/wp-content\/uploads\/2024\/04\/whatsapp-amy-783x1024.jpg 783w, https:\/\/rmvapesale.com\/wp-content\/uploads\/2024\/04\/whatsapp-amy-768x1005.jpg 768w, https:\/\/rmvapesale.com\/wp-content\/uploads\/2024\/04\/whatsapp-amy-600x785.jpg 600w, https:\/\/rmvapesale.com\/wp-content\/uploads\/2024\/04\/whatsapp-amy.jpg 990w\" sizes=\"auto, (max-width: 229px) 100vw, 229px\" \/><\/p>\n<h3><span style=\"color: #ff0000\"><strong>WhatsApp: +86 17776015835<\/strong><\/span><\/h3>","protected":false},"featured_media":1951,"comment_status":"open","ping_status":"closed","template":"","meta":{"_uag_custom_page_level_css":"","_lmt_disableupdate":"no","_lmt_disable":"","site-sidebar-layout":"default","site-content-layout":"content-boxed-container","ast-site-content-layout":"normal-width-container","site-content-style":"boxed","site-sidebar-style":"unboxed","ast-global-header-display":"","ast-banner-title-visibility":"","ast-main-header-display":"","ast-hfb-above-header-display":"","ast-hfb-below-header-display":"","ast-hfb-mobile-header-display":"","site-post-title":"","ast-breadcrumbs-content":"","ast-featured-img":"","footer-sml-layout":"","theme-transparent-header-meta":"default","adv-header-id-meta":"","stick-header-meta":"","header-above-stick-meta":"","header-main-stick-meta":"","header-below-stick-meta":"","astra-migrate-meta-layouts":"set","ast-page-background-enabled":"default","ast-page-background-meta":{"desktop":{"background-color":"var(--ast-global-color-4)","background-image":"","background-repeat":"repeat","background-position":"center center","background-size":"auto","background-attachment":"scroll","background-type":"","background-media":"","overlay-type":"","overlay-color":"","overlay-opacity":"","overlay-gradient":""},"tablet":{"background-color":"","background-image":"","background-repeat":"repeat","background-position":"center center","background-size":"auto","background-attachment":"scroll","background-type":"","background-media":"","overlay-type":"","overlay-color":"","overlay-opacity":"","overlay-gradient":""},"mobile":{"background-color":"","background-image":"","background-repeat":"repeat","background-position":"center center","background-size":"auto","background-attachment":"scroll","background-type":"","background-media":"","overlay-type":"","overlay-color":"","overlay-opacity":"","overlay-gradient":""}},"ast-content-background-meta":{"desktop":{"background-color":"var(--ast-global-color-5)","background-image":"","background-repeat":"repeat","background-position":"center center","background-size":"auto","background-attachment":"scroll","background-type":"","background-media":"","overlay-type":"","overlay-color":"","overlay-opacity":"","overlay-gradient":""},"tablet":{"background-color":"var(--ast-global-color-5)","background-image":"","background-repeat":"repeat","background-position":"center center","background-size":"auto","background-attachment":"scroll","background-type":"","background-media":"","overlay-type":"","overlay-color":"","overlay-opacity":"","overlay-gradient":""},"mobile":{"background-color":"var(--ast-global-color-5)","background-image":"","background-repeat":"repeat","background-position":"center center","background-size":"auto","background-attachment":"scroll","background-type":"","background-media":"","overlay-type":"","overlay-color":"","overlay-opacity":"","overlay-gradient":""}},"_joinchat":[]},"product_brand":[],"product_cat":[25,289,291,292,298,293,295,299,279,253,123,26,28,135,27,60,137,136,15,30],"product_tag":[55,56,57,58,40,41,59,37],"class_list":{"0":"post-1950","1":"product","2":"type-product","3":"status-publish","4":"has-post-thumbnail","6":"product_cat-germany-best-selling-vape","7":"product_cat-big-puffs-disposable-vapes","8":"product_cat-dual-mesh-disposable-vapes","9":"product_cat-digital-disposable-vapes","10":"product_cat-double-flavor-disposable-vapes","11":"product_cat-low-nicotine-disposable-vapes","12":"product_cat-rechargeable-disposable-vapes","13":"product_cat-smart-screen-disposable-vapes","14":"product_cat-bang-king-vape","15":"product_cat-15000-puff-disposable-vape","16":"product_cat-italy-wholesale-vape","17":"product_cat-netherlands-hot-sale-vape","18":"product_cat-poland-hot-sale-vape","19":"product_cat-spain-best-hot-sale-vape","20":"product_cat-fance-hot-sale-vape","21":"product_cat-bang-vapes","22":"product_cat-rechargeable-vapes","23":"product_cat-smart-screen-vapes","24":"product_cat-new-vape-this-week","25":"product_cat-minimum-order-quantity-50pcs","26":"product_tag-buy-vape-pods","27":"product_tag-disposable-vape-wholesale-near-me","28":"product_tag-disposable-vape-wholesale-supplier","29":"product_tag-electric-cigarettes","30":"product_tag-hot-sale-vape","31":"product_tag-original-factory-vape","32":"product_tag-puffs-vape","33":"product_tag-wholesale-vape-price","34":"desktop-align-left","35":"tablet-align-left","36":"mobile-align-left","38":"first","39":"instock","40":"sale","41":"shipping-taxable","42":"purchasable","43":"product-type-simple"},"uagb_featured_image_src":{"full":["https:\/\/rmvapesale.com\/wp-content\/uploads\/2024\/09\/Bang-30000-Disposable-Vape.jpg",800,800,false],"thumbnail":["https:\/\/rmvapesale.com\/wp-content\/uploads\/2024\/09\/Bang-30000-Disposable-Vape-150x150.jpg",150,150,true],"medium":["https:\/\/rmvapesale.com\/wp-content\/uploads\/2024\/09\/Bang-30000-Disposable-Vape-300x300.jpg",300,300,true],"medium_large":["https:\/\/rmvapesale.com\/wp-content\/uploads\/2024\/09\/Bang-30000-Disposable-Vape-768x768.jpg",768,768,true],"large":["https:\/\/rmvapesale.com\/wp-content\/uploads\/2024\/09\/Bang-30000-Disposable-Vape.jpg",800,800,false],"1536x1536":["https:\/\/rmvapesale.com\/wp-content\/uploads\/2024\/09\/Bang-30000-Disposable-Vape.jpg",800,800,false],"2048x2048":["https:\/\/rmvapesale.com\/wp-content\/uploads\/2024\/09\/Bang-30000-Disposable-Vape.jpg",800,800,false],"trp-custom-language-flag":["https:\/\/rmvapesale.com\/wp-content\/uploads\/2024\/09\/Bang-30000-Disposable-Vape.jpg",12,12,false],"woocommerce_thumbnail":["https:\/\/rmvapesale.com\/wp-content\/uploads\/2024\/09\/Bang-30000-Disposable-Vape-300x300.jpg",300,300,true],"woocommerce_single":["https:\/\/rmvapesale.com\/wp-content\/uploads\/2024\/09\/Bang-30000-Disposable-Vape-600x600.jpg",600,600,true],"woocommerce_gallery_thumbnail":["https:\/\/rmvapesale.com\/wp-content\/uploads\/2024\/09\/Bang-30000-Disposable-Vape-100x100.jpg",100,100,true],"wcpr-photo-reviews":["https:\/\/rmvapesale.com\/wp-content\/uploads\/2024\/09\/Bang-30000-Disposable-Vape.jpg",500,500,false]},"uagb_author_info":{"display_name":"AMY","author_link":"https:\/\/rmvapesale.com\/sk\/author\/"},"uagb_comment_info":0,"uagb_excerpt":"Bang 30000 30k Puffs Double Taste Disposable Vape Wholesale Price ORIGINAL Bang 30000 Puffs Disposable Vape Factory Wholesale in Stock BANG 30000 double flavor 30K Disposable Vape Discount Price Contact Amy For More Discount And Lower MOQ Vape WhatsApp: +86 17776015835","_links":{"self":[{"href":"https:\/\/rmvapesale.com\/sk\/wp-json\/wp\/v2\/product\/1950","targetHints":{"allow":["GET"]}}],"collection":[{"href":"https:\/\/rmvapesale.com\/sk\/wp-json\/wp\/v2\/product"}],"about":[{"href":"https:\/\/rmvapesale.com\/sk\/wp-json\/wp\/v2\/types\/product"}],"replies":[{"embeddable":true,"href":"https:\/\/rmvapesale.com\/sk\/wp-json\/wp\/v2\/comments?post=1950"}],"wp:featuredmedia":[{"embeddable":true,"href":"https:\/\/rmvapesale.com\/sk\/wp-json\/wp\/v2\/media\/1951"}],"wp:attachment":[{"href":"https:\/\/rmvapesale.com\/sk\/wp-json\/wp\/v2\/media?parent=1950"}],"wp:term":[{"taxonomy":"product_brand","embeddable":true,"href":"https:\/\/rmvapesale.com\/sk\/wp-json\/wp\/v2\/product_brand?post=1950"},{"taxonomy":"product_cat","embeddable":true,"href":"https:\/\/rmvapesale.com\/sk\/wp-json\/wp\/v2\/product_cat?post=1950"},{"taxonomy":"product_tag","embeddable":true,"href":"https:\/\/rmvapesale.com\/sk\/wp-json\/wp\/v2\/product_tag?post=1950"}],"curies":[{"name":"wp","href":"https:\/\/api.w.org\/{rel}","templated":true}]}}