{"id":1963,"date":"2024-09-11T02:04:13","date_gmt":"2024-09-11T02:04:13","guid":{"rendered":"https:\/\/rmvapesale.com\/?post_type=product&#038;p=1963"},"modified":"2025-01-20T03:46:36","modified_gmt":"2025-01-20T03:46:36","slug":"fihp-shisha-hookah-15000-pro-disposable-vape-wholesale","status":"publish","type":"product","link":"https:\/\/rmvapesale.com\/sk\/product\/fihp-shisha-hookah-15000-pro-disposable-vape-wholesale\/","title":{"rendered":"FIHP Shisha Hookah 15000 Pro Jednorazov\u00e9 Vape Ve\u013ekoobchod"},"content":{"rendered":"<h1>FIHP Shisha Hookah 15000 jednorazov\u00e9 vapy ve\u013ekoobchod<\/h1>\n<p>Vylep\u0161ite si svoj z\u00e1\u017eitok z vapovania s jednorazov\u00fdm vapom FIHP Shisha Hookah 15000 Pro. S p\u00f4sobiv\u00fdm po\u010dtom 15000 \u0165ahov toto zariadenie zaru\u010duje dlhotrvaj\u00faci a uspokojiv\u00fd vape bez potreby \u010dastej v\u00fdmeny.<\/p>\n<p>FIHP Shisha 15000, vybaven\u00fd \u0161pi\u010dkovou sie\u0165ovou cievkou s odporom 0,6 ohmu, poskytuje v\u00fdnimo\u010dn\u00fa chu\u0165 a hladk\u00fd, konzistentn\u00fd z\u00e1\u017eitok z vapovania. Dod\u00e1va sa vopred naplnen\u00fd 22 ml pr\u00e9miov\u00e9ho e-liquidu, odborne namie\u0161an\u00e9ho tak, aby pon\u00fakal bohat\u00e9 a \u017eiv\u00e9 pr\u00edchute, ku ktor\u00fdm sa budete radi vraca\u0165.<\/p>\n<p>S miernym obsahom nikot\u00ednu 6 mg tento vape poskytuje hladk\u00fd a jemn\u00fd \u0165ah. Robustn\u00e1 650 mAh bat\u00e9ria pon\u00faka dlhodob\u00e9 pou\u017e\u00edvanie medzi nabitiami a port typu C umo\u017e\u0148uje r\u00fdchle a pohodln\u00e9 nab\u00edjanie.<\/p>\n<p>Okrem toho m\u00e1 zariadenie LED displej, ktor\u00fd v\u00e1s informuje o stave bat\u00e9rie a pou\u017e\u00edvan\u00ed. Vst\u00fapte do novej \u00farovne vapovania s vapom FFIHP 15,000 \u0165ahov a u\u017eite si spojenie dlhej \u017eivotnosti, chuti a pohodlia.<\/p>\n<p>Objednajte si vo ve\u013ekom, aby ste si u\u017eili najlep\u0161iu ve\u013ekoobchodn\u00fa cenu FIHP Shisha Hookah 15000 s r\u00fdchlou dopravou na Slovensko.<\/p>\n<p><strong>Kontaktujte Amy a z\u00edskajte spr\u00e1vnu odpove\u010f a v\u00e4\u010d\u0161iu z\u013eavu!<\/strong><\/p>\n<p><img loading=\"lazy\" decoding=\"async\" class=\"size-medium wp-image-1814\" src=\"https:\/\/rmvapesale.com\/wp-content\/uploads\/2024\/04\/whatsapp-amy-229x300.jpg\" alt=\"whatsapp amy\" width=\"229\" height=\"300\" srcset=\"https:\/\/rmvapesale.com\/wp-content\/uploads\/2024\/04\/whatsapp-amy-229x300.jpg 229w, https:\/\/rmvapesale.com\/wp-content\/uploads\/2024\/04\/whatsapp-amy-783x1024.jpg 783w, https:\/\/rmvapesale.com\/wp-content\/uploads\/2024\/04\/whatsapp-amy-768x1005.jpg 768w, https:\/\/rmvapesale.com\/wp-content\/uploads\/2024\/04\/whatsapp-amy-600x785.jpg 600w, https:\/\/rmvapesale.com\/wp-content\/uploads\/2024\/04\/whatsapp-amy.jpg 990w\" sizes=\"auto, (max-width: 229px) 100vw, 229px\" \/><\/p>\n<h3><span style=\"color: #ff0000\"><strong>WhatsApp: +86 17776015835<\/strong><\/span><\/h3>\n<p>&nbsp;<\/p>\n<h2><strong>FIHP 15000 \u0165ahov Shisha vlastnosti<\/strong><\/h2>\n<p>Nikot\u00edn: 6%<br \/>\nPo\u010det \u0165ahov: 15000<br \/>\nObjem: 22 ml<br \/>\n650 mAh bat\u00e9ria (nab\u00edjate\u013en\u00e1 typom C)<br \/>\nInteligentn\u00fd displej<br \/>\nMesh Coil (sie\u0165ov\u00e1 \u0161pir\u00e1lka)<\/p>\n<h2><strong>Ak\u00e1 je najlep\u0161ia pr\u00edchu\u0165 pre FIHP Shisha Hookah 15000 \u0165ahov<\/strong><strong>?<\/strong><\/h2>\n<p>Tento FIHP Shisha Hookah 15000 \u0165ahov s inteligentn\u00fdm displejom poskytuje celkom 10 dostupn\u00fdch pr\u00edchut\u00ed, z ktor\u00fdch si m\u00f4\u017eete vybra\u0165, ur\u010dite sa n\u00e1jde nie\u010do pre v\u00e1s.<\/p>\n<p>1. Mel\u00f3n s \u013eadom<br \/>\n2. Hrozno s \u013eadom<br \/>\n3. \u010cu\u010doriedka Malina<br \/>\n4. Strawberry Kiwi<br \/>\n5. Zmie\u0161an\u00e9 Bobu\u013eov\u00e9 Ovocie<br \/>\n6. Jahoda Vodn\u00fd Mel\u00f3n<br \/>\n7. Vodn\u00fd Mel\u00f3n \u017duva\u010dka<br \/>\n8. Brosky\u0148a Mango Anan\u00e1s<br \/>\n9. Kiwi Mu\u010denka Guava<br \/>\n10. Jahoda Malina \u010cere\u0161\u0148a<\/p>\n<h2><strong>Ot\u00e1zky, ktor\u00e9 by v\u00e1s mohli zauj\u00edma\u0165 o FIHP Shisha Hookah 15k Pro Puffs<\/strong><\/h2>\n<p>&nbsp;<\/p>\n<h3><strong>1. Ko\u013eko po\u0165ahov m\u00f4\u017eem o\u010dak\u00e1va\u0165 od FIHP Shisha Hookah 15k Puffs?<\/strong><\/h3>\n<p>FIHP Shisha Hookah 15k Puffs sa p\u00fd\u0161i p\u00f4sobiv\u00fdmi 15 000 po\u0165ahmi (v testovacom prostred\u00ed), \u010do poskytuje dlhodob\u00e9 pou\u017e\u00edvanie a trval\u00fa spokojnos\u0165.<\/p>\n<h3><strong>2. Ak\u00fa silu nikot\u00ednu pon\u00faka FIHP Shisha Hookah 15k Puffs?<\/strong><\/h3>\n<p>FIHP Shisha Hookah 15k Puffs sa dod\u00e1va vopred naplnen\u00fd e-liquidom so 6% silou nikot\u00ednu, \u010do pon\u00faka vyv\u00e1\u017een\u00fd z\u00e1\u017eitok z vapovania.<\/p>\n<h3><strong>3. Ako technol\u00f3gia Mesh Coil vylep\u0161uje z\u00e1\u017eitok z vapovania?<\/strong><\/h3>\n<p>Technol\u00f3gia sie\u0165ovej \u0161pir\u00e1ly integrovan\u00e1 vo FIHP Shisha Hookah 15k Smart Screen Vapes obsahuje n\u00edzkoodporov\u00fa 0,6-ohmov\u00fa \u0161pir\u00e1lu. Tento dizajn maximalizuje vyhrievaciu plochu, \u010do vedie k hlad\u0161\u00edm po\u0165ahom a zv\u00fd\u0161enej produkcii pary. Technol\u00f3gia zaru\u010duje rovnomern\u00e9 a konzistentn\u00e9 zahrievanie e-liquidu, \u010d\u00edm poskytuje vynikaj\u00faci chu\u0165ov\u00fd z\u00e1\u017eitok.<\/p>\n<h3><strong>4. Kde si m\u00f4\u017eem k\u00fapi\u0165 origin\u00e1lny FIHP Shisha Hookah 15k Puffs?<\/strong><\/h3>\n<p>Origin\u00e1lny FIHP Shisha Hookah 15k Puffs je mo\u017en\u00e9 zak\u00fapi\u0165 prostredn\u00edctvom autorizovan\u00fdch distrib\u00fatorov. Pre ve\u013ekoobchodn\u00e9 dopyty m\u00f4\u017eu distrib\u00fatori <a href=\"https:\/\/wa.me\/8617776015835\" target=\"_blank\" rel=\"noopener\">kontaktujte n\u00e1s<\/a> priamo. Maloobchodn\u00ed z\u00e1kazn\u00edci n\u00e1jdu produkt u vybran\u00fdch predajcov alebo v online obchodoch. V\u0161etky produkty v na\u0161om obchode s\u00fa 100% origin\u00e1lne a autentick\u00e9, desa\u0165n\u00e1sobn\u00e9 od\u0161kodnenie za falo\u0161n\u00fd tovar je na\u0161a politika obchodu.<\/p>\n<p>&nbsp;<\/p>\n<p><strong>Detail prepravy:<\/strong><\/p>\n<div class=\"flex-shrink-0 flex flex-col relative items-end\">\n<div>\n<div class=\"pt-0\">\n<div class=\"gizmo-bot-avatar flex h-8 w-8 items-center justify-center overflow-hidden rounded-full\">\n<div class=\"relative p-1 rounded-sm flex items-center justify-center bg-token-main-surface-primary text-token-text-primary h-8 w-8\"><strong>Ak\u00e9 sp\u00f4soby doru\u010denia sa pou\u017e\u00edvaj\u00fa?<\/strong><\/div>\n<\/div>\n<\/div>\n<\/div>\n<\/div>\n<div class=\"group\/conversation-turn relative flex w-full min-w-0 flex-col agent-turn\">\n<div class=\"flex-col gap-1 md:gap-3\">\n<div class=\"flex max-w-full flex-col flex-grow\">\n<div class=\"min-h-[20px] text-message flex w-full flex-col items-end gap-2 whitespace-normal break-words [.text-message+&amp;]:mt-5 overflow-x-auto\" dir=\"auto\" data-message-author-role=\"assistant\" data-message-id=\"22f8283b-3233-46ff-89a5-c7a41b33abda\">\n<div class=\"flex w-full flex-col gap-1 empty:hidden first:pt-[3px]\">\n<div class=\"markdown prose w-full break-words dark:prose-invert light\">\n<p>Spolupracujeme so spolo\u010dnos\u0165ami UPS, DHL, FedEx, DPD a \u010fal\u0161\u00edmi popredn\u00fdmi dopravcami. Vyberieme najlep\u0161\u00ed sp\u00f4sob doru\u010denia na z\u00e1klade va\u0161ej adresy, aby sme zaistili, \u017ee svoje produkty dostanete \u010do najr\u00fdchlej\u0161ie.<\/p>\n<\/div>\n<p><strong>Ako dlho trv\u00e1, k\u00fdm z\u00e1sielka doraz\u00ed?<\/strong><\/p>\n<p>Bal\u00edky doru\u010dovan\u00e9 na Slovensko zvy\u010dajne dorazia do 10 pracovn\u00fdch dn\u00ed. Doru\u010denie do eur\u00f3pskych kraj\u00edn zvy\u010dajne trv\u00e1 asi 12-15 pracovn\u00fdch dn\u00ed. Budeme v\u00e1s informova\u0165 o stave doru\u010denia v re\u00e1lnom \u010dase.<\/p>\n<p>&nbsp;<\/p>\n<\/div>\n<\/div>\n<\/div>\n<\/div>\n<\/div>\n<p>N\u00e1jdite \u010fal\u0161ie vape produkty, ktor\u00e9 by sa v\u00e1m mohli p\u00e1\u010di\u0165:<em><a href=\"https:\/\/rmvapesale.com\/sk\/shop-2\/\">nakupova\u0165 teraz\u00a0<\/a><\/em><\/p>\n<p>\u010eal\u0161ie hor\u00face predajn\u00e9 vape, ktor\u00e9 by sa v\u00e1m mohli p\u00e1\u010di\u0165:<\/p>\n<p><a href=\"https:\/\/rmvapesale.com\/sk\/product\/randm-vape-al-fakher-10000-puffs-vape-wholesale\/\">randm vejp AI FAKHER 15k vejp<\/a><\/p>\n<p><a href=\"https:\/\/rmvapesale.com\/sk\/product\/original-randm-tornado-9000-puffs-disposable-vape-factory-price\/\">RandM Tornado 9000<\/a><\/p>\n<p><a href=\"https:\/\/rmvapesale.com\/sk\/product\/bang-30k-puffs-disposable-vape-double-taste-wholesale-italy\/\">Bang 30k potiahnut\u00ed<\/a><\/p>\n<p><a href=\"https:\/\/rmvapesale.com\/sk\/product\/bang-beach-22000-puffs-smart-screen-vapes-factory-price\/\">Bang 22000 Puffs<\/a><\/p>","protected":false},"excerpt":{"rendered":"<p>FIHP Shisha Hookah 15000 \u0165ahov tov\u00e1rensk\u00e1 ve\u013ekoobchodn\u00e1 cena<br \/>\nNajlep\u0161ia pr\u00edchu\u0165 FIHP 15000 \u0165ahov shisha hookah na sklade<br \/>\nHromadn\u00fd n\u00e1kup vapy FIHP 15000 \u0165ahov s n\u00edzkym MOQ<\/p>\n<p><strong>Kontaktujte Amy pre viac zliav a ni\u017e\u0161iu MOQ Vape<\/strong><\/p>\n<p><img loading=\"lazy\" decoding=\"async\" class=\"size-medium wp-image-1814\" src=\"https:\/\/rmvapesale.com\/wp-content\/uploads\/2024\/04\/whatsapp-amy-229x300.jpg\" alt=\"whatsapp amy\" width=\"229\" height=\"300\" srcset=\"https:\/\/rmvapesale.com\/wp-content\/uploads\/2024\/04\/whatsapp-amy-229x300.jpg 229w, https:\/\/rmvapesale.com\/wp-content\/uploads\/2024\/04\/whatsapp-amy-783x1024.jpg 783w, https:\/\/rmvapesale.com\/wp-content\/uploads\/2024\/04\/whatsapp-amy-768x1005.jpg 768w, https:\/\/rmvapesale.com\/wp-content\/uploads\/2024\/04\/whatsapp-amy-600x785.jpg 600w, https:\/\/rmvapesale.com\/wp-content\/uploads\/2024\/04\/whatsapp-amy.jpg 990w\" sizes=\"auto, (max-width: 229px) 100vw, 229px\" \/><\/p>\n<h3><span style=\"color: #ff0000\"><strong>WhatsApp: +86 17776015835<\/strong><\/span><\/h3>","protected":false},"featured_media":1964,"comment_status":"open","ping_status":"closed","template":"","meta":{"_uag_custom_page_level_css":"","_lmt_disableupdate":"no","_lmt_disable":"","site-sidebar-layout":"default","site-content-layout":"content-boxed-container","ast-site-content-layout":"normal-width-container","site-content-style":"boxed","site-sidebar-style":"unboxed","ast-global-header-display":"","ast-banner-title-visibility":"","ast-main-header-display":"","ast-hfb-above-header-display":"","ast-hfb-below-header-display":"","ast-hfb-mobile-header-display":"","site-post-title":"","ast-breadcrumbs-content":"","ast-featured-img":"","footer-sml-layout":"","theme-transparent-header-meta":"default","adv-header-id-meta":"","stick-header-meta":"","header-above-stick-meta":"","header-main-stick-meta":"","header-below-stick-meta":"","astra-migrate-meta-layouts":"set","ast-page-background-enabled":"default","ast-page-background-meta":{"desktop":{"background-color":"var(--ast-global-color-4)","background-image":"","background-repeat":"repeat","background-position":"center center","background-size":"auto","background-attachment":"scroll","background-type":"","background-media":"","overlay-type":"","overlay-color":"","overlay-opacity":"","overlay-gradient":""},"tablet":{"background-color":"","background-image":"","background-repeat":"repeat","background-position":"center center","background-size":"auto","background-attachment":"scroll","background-type":"","background-media":"","overlay-type":"","overlay-color":"","overlay-opacity":"","overlay-gradient":""},"mobile":{"background-color":"","background-image":"","background-repeat":"repeat","background-position":"center center","background-size":"auto","background-attachment":"scroll","background-type":"","background-media":"","overlay-type":"","overlay-color":"","overlay-opacity":"","overlay-gradient":""}},"ast-content-background-meta":{"desktop":{"background-color":"var(--ast-global-color-5)","background-image":"","background-repeat":"repeat","background-position":"center center","background-size":"auto","background-attachment":"scroll","background-type":"","background-media":"","overlay-type":"","overlay-color":"","overlay-opacity":"","overlay-gradient":""},"tablet":{"background-color":"var(--ast-global-color-5)","background-image":"","background-repeat":"repeat","background-position":"center center","background-size":"auto","background-attachment":"scroll","background-type":"","background-media":"","overlay-type":"","overlay-color":"","overlay-opacity":"","overlay-gradient":""},"mobile":{"background-color":"var(--ast-global-color-5)","background-image":"","background-repeat":"repeat","background-position":"center center","background-size":"auto","background-attachment":"scroll","background-type":"","background-media":"","overlay-type":"","overlay-color":"","overlay-opacity":"","overlay-gradient":""}},"_joinchat":[]},"product_brand":[],"product_cat":[25,292,293,295,296,299,274,123,26,28,135,27,61,138,137,136,15,30],"product_tag":[55,56,57,58,40,62,59,180,37],"class_list":{"0":"post-1963","1":"product","2":"type-product","3":"status-publish","4":"has-post-thumbnail","6":"product_cat-germany-best-selling-vape","7":"product_cat-digital-disposable-vapes","8":"product_cat-low-nicotine-disposable-vapes","9":"product_cat-rechargeable-disposable-vapes","10":"product_cat-shisha-hookah-disposable-vapes","11":"product_cat-smart-screen-disposable-vapes","12":"product_cat-waspe-fihp-vape","13":"product_cat-italy-wholesale-vape","14":"product_cat-netherlands-hot-sale-vape","15":"product_cat-poland-hot-sale-vape","16":"product_cat-spain-best-hot-sale-vape","17":"product_cat-fance-hot-sale-vape","18":"product_cat-15000-puffs-disposable-vapes","19":"product_cat-fihp-disposable-vapes","20":"product_cat-rechargeable-vapes","21":"product_cat-smart-screen-vapes","22":"product_cat-new-vape-this-week","23":"product_cat-minimum-order-quantity-50pcs","24":"product_tag-buy-vape-pods","25":"product_tag-disposable-vape-wholesale-near-me","26":"product_tag-disposable-vape-wholesale-supplier","27":"product_tag-electric-cigarettes","28":"product_tag-hot-sale-vape","29":"product_tag-puff-15000","30":"product_tag-puffs-vape","31":"product_tag-shisha-bar","32":"product_tag-wholesale-vape-price","33":"desktop-align-left","34":"tablet-align-left","35":"mobile-align-left","37":"first","38":"instock","39":"sale","40":"shipping-taxable","41":"purchasable","42":"product-type-simple"},"uagb_featured_image_src":{"full":["https:\/\/rmvapesale.com\/wp-content\/uploads\/2024\/09\/FIHP-15000-Wholesale.jpg",800,800,false],"thumbnail":["https:\/\/rmvapesale.com\/wp-content\/uploads\/2024\/09\/FIHP-15000-Wholesale-150x150.jpg",150,150,true],"medium":["https:\/\/rmvapesale.com\/wp-content\/uploads\/2024\/09\/FIHP-15000-Wholesale-300x300.jpg",300,300,true],"medium_large":["https:\/\/rmvapesale.com\/wp-content\/uploads\/2024\/09\/FIHP-15000-Wholesale-768x768.jpg",768,768,true],"large":["https:\/\/rmvapesale.com\/wp-content\/uploads\/2024\/09\/FIHP-15000-Wholesale.jpg",800,800,false],"1536x1536":["https:\/\/rmvapesale.com\/wp-content\/uploads\/2024\/09\/FIHP-15000-Wholesale.jpg",800,800,false],"2048x2048":["https:\/\/rmvapesale.com\/wp-content\/uploads\/2024\/09\/FIHP-15000-Wholesale.jpg",800,800,false],"trp-custom-language-flag":["https:\/\/rmvapesale.com\/wp-content\/uploads\/2024\/09\/FIHP-15000-Wholesale.jpg",12,12,false],"woocommerce_thumbnail":["https:\/\/rmvapesale.com\/wp-content\/uploads\/2024\/09\/FIHP-15000-Wholesale-300x300.jpg",300,300,true],"woocommerce_single":["https:\/\/rmvapesale.com\/wp-content\/uploads\/2024\/09\/FIHP-15000-Wholesale-600x600.jpg",600,600,true],"woocommerce_gallery_thumbnail":["https:\/\/rmvapesale.com\/wp-content\/uploads\/2024\/09\/FIHP-15000-Wholesale-100x100.jpg",100,100,true],"wcpr-photo-reviews":["https:\/\/rmvapesale.com\/wp-content\/uploads\/2024\/09\/FIHP-15000-Wholesale.jpg",500,500,false]},"uagb_author_info":{"display_name":"AMY","author_link":"https:\/\/rmvapesale.com\/sk\/author\/"},"uagb_comment_info":0,"uagb_excerpt":"FIHP Shisha Hookah 15000 Puff Factory Wholesale Price Best FIHP 15000 Puffs Shisha Hookah Flavor in Stock Bulk Buy FIHP 15000 Puffs Vape with Low MOQ Contact Amy For More Discount And Lower MOQ Vape WhatsApp: +86 17776015835","_links":{"self":[{"href":"https:\/\/rmvapesale.com\/sk\/wp-json\/wp\/v2\/product\/1963","targetHints":{"allow":["GET"]}}],"collection":[{"href":"https:\/\/rmvapesale.com\/sk\/wp-json\/wp\/v2\/product"}],"about":[{"href":"https:\/\/rmvapesale.com\/sk\/wp-json\/wp\/v2\/types\/product"}],"replies":[{"embeddable":true,"href":"https:\/\/rmvapesale.com\/sk\/wp-json\/wp\/v2\/comments?post=1963"}],"wp:featuredmedia":[{"embeddable":true,"href":"https:\/\/rmvapesale.com\/sk\/wp-json\/wp\/v2\/media\/1964"}],"wp:attachment":[{"href":"https:\/\/rmvapesale.com\/sk\/wp-json\/wp\/v2\/media?parent=1963"}],"wp:term":[{"taxonomy":"product_brand","embeddable":true,"href":"https:\/\/rmvapesale.com\/sk\/wp-json\/wp\/v2\/product_brand?post=1963"},{"taxonomy":"product_cat","embeddable":true,"href":"https:\/\/rmvapesale.com\/sk\/wp-json\/wp\/v2\/product_cat?post=1963"},{"taxonomy":"product_tag","embeddable":true,"href":"https:\/\/rmvapesale.com\/sk\/wp-json\/wp\/v2\/product_tag?post=1963"}],"curies":[{"name":"wp","href":"https:\/\/api.w.org\/{rel}","templated":true}]}}