{"id":1985,"date":"2024-09-12T07:42:12","date_gmt":"2024-09-12T07:42:12","guid":{"rendered":"https:\/\/rmvapesale.com\/?post_type=product&#038;p=1985"},"modified":"2025-01-20T03:52:04","modified_gmt":"2025-01-20T03:52:04","slug":"bang-vape-tornado-12000-puffs-disposable-pod-factory-price","status":"publish","type":"product","link":"https:\/\/rmvapesale.com\/sk\/product\/bang-vape-tornado-12000-puffs-disposable-pod-factory-price\/","title":{"rendered":"Bang Vape Tornado 12000 potiahnut\u00ed jednorazov\u00fd pod tov\u00e1rensk\u00e1 cena"},"content":{"rendered":"<h1>Bang Vape Tornado 12000 potiahnut\u00ed jednorazov\u00fd pod tov\u00e1rensk\u00e1 cena<\/h1>\n<p>Bang Vape Tornado 12000 Pufov je v\u00fdkonn\u00fd a vysoko v\u00fdkonn\u00fd jednorazov\u00fd podov\u00fd zariadenie. Obsahuje 20 ml e tekutiny a je dostupn\u00fd v nikot\u00ednov\u00fdch koncentr\u00e1ci\u00e1ch soli 0%, 2%, 3% a 5%, pon\u00faka a\u017e 12 000 pufov. Zariadenie m\u00e1 nab\u00edjate\u013en\u00fd port na spodnej strane, \u010do zabezpe\u010duje vyu\u017eitie ka\u017edej kvapky tekutiny. Bang Tornado 12000 vybaven\u00fd technol\u00f3giou sie\u0165ovej cievky, v\u00fdrazne zlep\u0161uje chu\u0165 a v\u00fdkon. Okrem toho je k dispoz\u00edcii \u0161irok\u00e1 \u0161k\u00e1la pr\u00edchut\u00ed, ktor\u00e9 vyhovuj\u00fa va\u0161im preferenci\u00e1m.<\/p>\n<p>Celkovo Bang Tornado 12000 Pufov poskytuje pohodln\u00fd a dlhodob\u00fd z\u00e1\u017eitok z vapovania, ide\u00e1lny na cest\u00e1ch aj na dlh\u0161ie rel\u00e1cie.<\/p>\n<p><strong>Kontaktujte Amy a z\u00edskajte spr\u00e1vnu odpove\u010f a v\u00e4\u010d\u0161iu z\u013eavu!<\/strong><\/p>\n<p><img loading=\"lazy\" decoding=\"async\" class=\"size-medium wp-image-1814\" src=\"https:\/\/rmvapesale.com\/wp-content\/uploads\/2024\/04\/whatsapp-amy-229x300.jpg\" alt=\"whatsapp amy\" width=\"229\" height=\"300\" srcset=\"https:\/\/rmvapesale.com\/wp-content\/uploads\/2024\/04\/whatsapp-amy-229x300.jpg 229w, https:\/\/rmvapesale.com\/wp-content\/uploads\/2024\/04\/whatsapp-amy-783x1024.jpg 783w, https:\/\/rmvapesale.com\/wp-content\/uploads\/2024\/04\/whatsapp-amy-768x1005.jpg 768w, https:\/\/rmvapesale.com\/wp-content\/uploads\/2024\/04\/whatsapp-amy-600x785.jpg 600w, https:\/\/rmvapesale.com\/wp-content\/uploads\/2024\/04\/whatsapp-amy.jpg 990w\" sizes=\"auto, (max-width: 229px) 100vw, 229px\" \/><\/p>\n<h3><span style=\"color: #ff0000\"><strong>WhatsApp: +86 17776015835<\/strong><\/span><\/h3>\n<p>&nbsp;<\/p>\n<h2><strong>K\u013e\u00fa\u010dov\u00e9 vlastnosti Bang Vape Tornado 12000 Pufov<\/strong><\/h2>\n<p>Nikot\u00edn: 0% 2% 3% 5%<br \/>\nPotiahnut\u00ed: 12000<br \/>\nKapacita: 20ml<br \/>\nK dispoz\u00edcii je 16 pr\u00edchut\u00ed<br \/>\n650mah Nab\u00edjate\u013en\u00e9<br \/>\nMesh Coil (sie\u0165ov\u00e1 \u0161pir\u00e1lka)<\/p>\n<h2><strong>Ak\u00e1 je najlep\u0161ia pr\u00edchu\u0165 pre Bang Tornado 12k Pufov<\/strong><strong>?<\/strong><\/h2>\n<p>Tento Bang Vape Tornado 12000 Pufov Jednorazov\u00fd Pod pon\u00faka celkovo viac ako 20 dostupn\u00fdch pr\u00edchut\u00ed na v\u00fdber, ur\u010dite si n\u00e1jdete t\u00fa najlep\u0161iu pre v\u00e1s.<\/p>\n<p>1. Malina Mel\u00f3n<br \/>\n2. Jahoda Mel\u00f3n<br \/>\n3. Jahodov\u00e1 \u0161\u0165ava<br \/>\n4. \u010cierny drak \u013ead<br \/>\n5.Brosky\u0148ov\u00fd \u013ead<br \/>\n6. \u010cu\u010doriedka Vi\u0161\u0148a Brusnica<br \/>\n7.Zmie\u0161an\u00e9 ovocie<br \/>\n8. \u010cere\u0161\u0148a Brosky\u0148a Lemongrass<br \/>\n9.Jahoda Mango<br \/>\n10. Jahoda Malina \u013ead<br \/>\n11. Amecicano<br \/>\n12. Kiwi Passion Fruit Guava<br \/>\n13.Jahoda Kiwi<br \/>\n14. Modr\u00fd Razz \u013ead<br \/>\n15. Kysl\u00e9 jablko malina<br \/>\n16. Mel\u00f3nov\u00e1 \u017euva\u010dka<br \/>\n17. Jahodov\u00e1 zmrzlina<br \/>\n18. Jahoda mel\u00f3n<br \/>\n19. Mel\u00f3nov\u00e1 \u013eadov\u00e1<br \/>\n20. \u010cu\u010doriedkov\u00e1 \u013eadov\u00e1<br \/>\n21. Marhu\u013ea Mango Mel\u00f3n<br \/>\n22. Kr\u00e1\u013eovsk\u00e1 hrozna<\/p>\n<h2><strong>Ot\u00e1zky, ktor\u00e9 by ste mohli ma\u0165 o Bang Tornado 12000<\/strong><\/h2>\n<p>&nbsp;<\/p>\n<p><strong>1. Ko\u013eko potiahnut\u00ed m\u00f4\u017eem o\u010dak\u00e1va\u0165 od Bang Tornado 12000?<\/strong><\/p>\n<p>Bang King Tornado 12000 potiahnut\u00ed sa p\u00fd\u0161i impozantn\u00fdmi 20000 potiahnutiami (v testovacom prostred\u00ed), \u010do zabezpe\u010duje dlhodob\u00e9 pou\u017e\u00edvanie a trval\u00fa spokojnos\u0165.<\/p>\n<p><strong>2. Ak\u00fa silu nikot\u00ednu pon\u00faka Bang Tornado 12000 Puffs?<\/strong><\/p>\n<p>Bang Tornado 12000 Puffs prich\u00e1dza predplnen\u00fd e-liquidom s nikot\u00ednovou silou 0% 2% 3% 5%, \u010do poskytuje vyv\u00e1\u017een\u00fd z\u00e1\u017eitok z vapovania.<\/p>\n<p><strong>3. Ako technol\u00f3gia Mesh Coil vylep\u0161uje z\u00e1\u017eitok z vapovania?<\/strong><\/p>\n<p>Technol\u00f3gia Mesh Coil integrovan\u00e1 do Vape Bang Vape 12000 Puffs s cievkou s n\u00edzkym odporom 1,0 ohm. Tento dizajn maximalizuje oblas\u0165 vykurovacej plochy, \u010do vedie k hlad\u0161\u00edm potiahnutiam a lep\u0161ej produkcii pary. Technol\u00f3gia zaru\u010duje rovnomern\u00e9 a konzistentn\u00e9 zahrievanie e-liquidu, \u010d\u00edm poskytuje vynikaj\u00faci chu\u0165ov\u00fd z\u00e1\u017eitok.<\/p>\n<p><strong>4. Pre\u010do si vybra\u0165 Bang Tornado 12000 Puffs?<\/strong><\/p>\n<p>U\u017eite si chu\u0165ov\u00e9 oblaky s ka\u017ed\u00fdm potiahnut\u00edm. Bang Tornado 12000 je navrhnut\u00fd tak, aby vylep\u0161il v\u00e1\u0161 z\u00e1\u017eitok z vapovania a poskytol spokojnos\u0165 pri ka\u017edom n\u00e1dychu.<\/p>\n<h3><strong>5. Kde si m\u00f4\u017eem zak\u00fapi\u0165 origin\u00e1lny Bang Tornado 12000 Puffs?<\/strong><\/h3>\n<p>Origin\u00e1lny Bang Tornado 12000 Puffs je dostupn\u00fd na n\u00e1kup prostredn\u00edctvom autorizovan\u00fdch distrib\u00fatorov. Pre ve\u013ekoobchodn\u00e9 dopyty m\u00f4\u017eu distrib\u00fatori <a href=\"https:\/\/wa.me\/8617776015835\" target=\"_blank\" rel=\"noopener\">kontaktujte n\u00e1s<\/a> priamo. Maloobchodn\u00ed z\u00e1kazn\u00edci n\u00e1jdu produkt u vybran\u00fdch predajcov alebo v online obchodoch. V\u0161etky produkty v na\u0161om obchode s\u00fa 100% origin\u00e1lne a autentick\u00e9, desa\u0165n\u00e1sobn\u00e9 od\u0161kodnenie za falo\u0161n\u00fd tovar je na\u0161a politika obchodu.<\/p>\n<p>&nbsp;<\/p>\n<p><strong>Detail prepravy:<\/strong><\/p>\n<div class=\"flex-shrink-0 flex flex-col relative items-end\">\n<div>\n<div class=\"pt-0\">\n<div class=\"gizmo-bot-avatar flex h-8 w-8 items-center justify-center overflow-hidden rounded-full\">\n<div class=\"relative p-1 rounded-sm flex items-center justify-center bg-token-main-surface-primary text-token-text-primary h-8 w-8\"><strong>Ak\u00e9 sp\u00f4soby doru\u010denia sa pou\u017e\u00edvaj\u00fa?<\/strong><\/div>\n<\/div>\n<\/div>\n<\/div>\n<\/div>\n<div class=\"group\/conversation-turn relative flex w-full min-w-0 flex-col agent-turn\">\n<div class=\"flex-col gap-1 md:gap-3\">\n<div class=\"flex max-w-full flex-col flex-grow\">\n<div class=\"min-h-[20px] text-message flex w-full flex-col items-end gap-2 whitespace-normal break-words [.text-message+&amp;]:mt-5 overflow-x-auto\" dir=\"auto\" data-message-author-role=\"assistant\" data-message-id=\"22f8283b-3233-46ff-89a5-c7a41b33abda\">\n<div class=\"flex w-full flex-col gap-1 empty:hidden first:pt-[3px]\">\n<div class=\"markdown prose w-full break-words dark:prose-invert light\">\n<p>Spolupracujeme so spolo\u010dnos\u0165ami UPS, DHL, FedEx, DPD a \u010fal\u0161\u00edmi popredn\u00fdmi dopravcami. Vyberieme najlep\u0161\u00ed sp\u00f4sob doru\u010denia na z\u00e1klade va\u0161ej adresy, aby sme zaistili, \u017ee svoje produkty dostanete \u010do najr\u00fdchlej\u0161ie.<\/p>\n<\/div>\n<p><strong>Ako dlho trv\u00e1, k\u00fdm z\u00e1sielka doraz\u00ed?<\/strong><\/p>\n<p>Bal\u00edky doru\u010dovan\u00e9 na Slovensko zvy\u010dajne dorazia do 10 pracovn\u00fdch dn\u00ed. Doru\u010denie do eur\u00f3pskych kraj\u00edn zvy\u010dajne trv\u00e1 asi 12-15 pracovn\u00fdch dn\u00ed. Budeme v\u00e1s informova\u0165 o stave doru\u010denia v re\u00e1lnom \u010dase.<\/p>\n<p>&nbsp;<\/p>\n<\/div>\n<\/div>\n<\/div>\n<\/div>\n<\/div>\n<p>N\u00e1jdite \u010fal\u0161ie vape produkty, ktor\u00e9 by sa v\u00e1m mohli p\u00e1\u010di\u0165:<em><a href=\"https:\/\/rmvapesale.com\/sk\/shop-2\/\">nakupova\u0165 teraz\u00a0<\/a><\/em><\/p>\n<p>\u010eal\u0161ie hor\u00face predajn\u00e9 vape, ktor\u00e9 by sa v\u00e1m mohli p\u00e1\u010di\u0165:<\/p>\n<p><a href=\"https:\/\/rmvapesale.com\/sk\/product\/bang-30k-puffs-disposable-vape-double-taste-wholesale-italy\/\">Bang 30k potiahnut\u00ed<\/a><\/p>\n<p><a href=\"https:\/\/rmvapesale.com\/sk\/product\/bang-beach-22000-puffs-smart-screen-vapes-factory-price\/\">Bang Beach 22000 potiahnut\u00ed<\/a><\/p>\n<p><a href=\"https:\/\/rmvapesale.com\/sk\/product\/randm-tornado-15000-puffs-vape-wholesale\/\">RandM Tornado 15000 \u0165ahov<\/a><\/p>\n<p><a href=\"https:\/\/rmvapesale.com\/sk\/product\/bang-20000-puffs-disposable-vape-wholesale-supplier\/\">Bang 20000 potiahnut\u00ed<\/a><\/p>","protected":false},"excerpt":{"rendered":"<p>Vape Bang Box Tornado Ve\u013ekoobchod Bang 12000 Pufov Najlep\u0161ia Chu\u0165<\/p>\n<p>BANG Tornado 12000 Pufov Jednorazov\u00e1 Vape Pod Ve\u013ekoobchodn\u00e1 Cena<\/p>\n<p>Bang tornado 12000 Pufov 0% 2% 3% 5% Nikot\u00edn na sklade<\/p>\n<p><strong>Kontaktujte Amy pre viac zliav a ni\u017e\u0161iu MOQ Vape<\/strong><\/p>\n<p><img loading=\"lazy\" decoding=\"async\" class=\"size-medium wp-image-1814\" src=\"https:\/\/rmvapesale.com\/wp-content\/uploads\/2024\/04\/whatsapp-amy-229x300.jpg\" alt=\"whatsapp amy\" width=\"229\" height=\"300\" srcset=\"https:\/\/rmvapesale.com\/wp-content\/uploads\/2024\/04\/whatsapp-amy-229x300.jpg 229w, https:\/\/rmvapesale.com\/wp-content\/uploads\/2024\/04\/whatsapp-amy-783x1024.jpg 783w, https:\/\/rmvapesale.com\/wp-content\/uploads\/2024\/04\/whatsapp-amy-768x1005.jpg 768w, https:\/\/rmvapesale.com\/wp-content\/uploads\/2024\/04\/whatsapp-amy-600x785.jpg 600w, https:\/\/rmvapesale.com\/wp-content\/uploads\/2024\/04\/whatsapp-amy.jpg 990w\" sizes=\"auto, (max-width: 229px) 100vw, 229px\" \/><\/p>\n<h3><span style=\"color: #ff0000\"><strong>WhatsApp: +86 17776015835<\/strong><\/span><\/h3>","protected":false},"featured_media":1981,"comment_status":"open","ping_status":"closed","template":"","meta":{"_uag_custom_page_level_css":"","_lmt_disableupdate":"no","_lmt_disable":"","site-sidebar-layout":"default","site-content-layout":"content-boxed-container","ast-site-content-layout":"normal-width-container","site-content-style":"boxed","site-sidebar-style":"unboxed","ast-global-header-display":"","ast-banner-title-visibility":"","ast-main-header-display":"","ast-hfb-above-header-display":"","ast-hfb-below-header-display":"","ast-hfb-mobile-header-display":"","site-post-title":"","ast-breadcrumbs-content":"","ast-featured-img":"","footer-sml-layout":"","theme-transparent-header-meta":"default","adv-header-id-meta":"","stick-header-meta":"","header-above-stick-meta":"","header-main-stick-meta":"","header-below-stick-meta":"","astra-migrate-meta-layouts":"set","ast-page-background-enabled":"default","ast-page-background-meta":{"desktop":{"background-color":"var(--ast-global-color-4)","background-image":"","background-repeat":"repeat","background-position":"center center","background-size":"auto","background-attachment":"scroll","background-type":"","background-media":"","overlay-type":"","overlay-color":"","overlay-opacity":"","overlay-gradient":""},"tablet":{"background-color":"","background-image":"","background-repeat":"repeat","background-position":"center center","background-size":"auto","background-attachment":"scroll","background-type":"","background-media":"","overlay-type":"","overlay-color":"","overlay-opacity":"","overlay-gradient":""},"mobile":{"background-color":"","background-image":"","background-repeat":"repeat","background-position":"center center","background-size":"auto","background-attachment":"scroll","background-type":"","background-media":"","overlay-type":"","overlay-color":"","overlay-opacity":"","overlay-gradient":""}},"ast-content-background-meta":{"desktop":{"background-color":"var(--ast-global-color-5)","background-image":"","background-repeat":"repeat","background-position":"center center","background-size":"auto","background-attachment":"scroll","background-type":"","background-media":"","overlay-type":"","overlay-color":"","overlay-opacity":"","overlay-gradient":""},"tablet":{"background-color":"var(--ast-global-color-5)","background-image":"","background-repeat":"repeat","background-position":"center center","background-size":"auto","background-attachment":"scroll","background-type":"","background-media":"","overlay-type":"","overlay-color":"","overlay-opacity":"","overlay-gradient":""},"mobile":{"background-color":"var(--ast-global-color-5)","background-image":"","background-repeat":"repeat","background-position":"center center","background-size":"auto","background-attachment":"scroll","background-type":"","background-media":"","overlay-type":"","overlay-color":"","overlay-opacity":"","overlay-gradient":""}},"_joinchat":[]},"product_brand":[],"product_cat":[60,293,295,297,273,279,254,25,123,26,28,135,27,137,136,15,30],"product_tag":[63,56,57,58,40,41,37],"class_list":{"0":"post-1985","1":"product","2":"type-product","3":"status-publish","4":"has-post-thumbnail","6":"product_cat-bang-vapes","7":"product_cat-low-nicotine-disposable-vapes","8":"product_cat-rechargeable-disposable-vapes","9":"product_cat-tornado-disposable-vapes","10":"product_cat-bang-box-vape","11":"product_cat-bang-king-vape","12":"product_cat-12000-puff-disposable-vape","13":"product_cat-germany-best-selling-vape","14":"product_cat-italy-wholesale-vape","15":"product_cat-netherlands-hot-sale-vape","16":"product_cat-poland-hot-sale-vape","17":"product_cat-spain-best-hot-sale-vape","18":"product_cat-fance-hot-sale-vape","19":"product_cat-rechargeable-vapes","20":"product_cat-smart-screen-vapes","21":"product_cat-new-vape-this-week","22":"product_cat-minimum-order-quantity-50pcs","23":"product_tag-bang-vapes","24":"product_tag-disposable-vape-wholesale-near-me","25":"product_tag-disposable-vape-wholesale-supplier","26":"product_tag-electric-cigarettes","27":"product_tag-hot-sale-vape","28":"product_tag-original-factory-vape","29":"product_tag-wholesale-vape-price","30":"desktop-align-left","31":"tablet-align-left","32":"mobile-align-left","34":"first","35":"instock","36":"sale","37":"shipping-taxable","38":"purchasable","39":"product-type-simple"},"uagb_featured_image_src":{"full":["https:\/\/rmvapesale.com\/wp-content\/uploads\/2024\/09\/Bang-Tornado-12000-Puffs-Disposable-Vape.jpg",800,800,false],"thumbnail":["https:\/\/rmvapesale.com\/wp-content\/uploads\/2024\/09\/Bang-Tornado-12000-Puffs-Disposable-Vape-150x150.jpg",150,150,true],"medium":["https:\/\/rmvapesale.com\/wp-content\/uploads\/2024\/09\/Bang-Tornado-12000-Puffs-Disposable-Vape-300x300.jpg",300,300,true],"medium_large":["https:\/\/rmvapesale.com\/wp-content\/uploads\/2024\/09\/Bang-Tornado-12000-Puffs-Disposable-Vape-768x768.jpg",768,768,true],"large":["https:\/\/rmvapesale.com\/wp-content\/uploads\/2024\/09\/Bang-Tornado-12000-Puffs-Disposable-Vape.jpg",800,800,false],"1536x1536":["https:\/\/rmvapesale.com\/wp-content\/uploads\/2024\/09\/Bang-Tornado-12000-Puffs-Disposable-Vape.jpg",800,800,false],"2048x2048":["https:\/\/rmvapesale.com\/wp-content\/uploads\/2024\/09\/Bang-Tornado-12000-Puffs-Disposable-Vape.jpg",800,800,false],"trp-custom-language-flag":["https:\/\/rmvapesale.com\/wp-content\/uploads\/2024\/09\/Bang-Tornado-12000-Puffs-Disposable-Vape.jpg",12,12,false],"woocommerce_thumbnail":["https:\/\/rmvapesale.com\/wp-content\/uploads\/2024\/09\/Bang-Tornado-12000-Puffs-Disposable-Vape-300x300.jpg",300,300,true],"woocommerce_single":["https:\/\/rmvapesale.com\/wp-content\/uploads\/2024\/09\/Bang-Tornado-12000-Puffs-Disposable-Vape-600x600.jpg",600,600,true],"woocommerce_gallery_thumbnail":["https:\/\/rmvapesale.com\/wp-content\/uploads\/2024\/09\/Bang-Tornado-12000-Puffs-Disposable-Vape-100x100.jpg",100,100,true],"wcpr-photo-reviews":["https:\/\/rmvapesale.com\/wp-content\/uploads\/2024\/09\/Bang-Tornado-12000-Puffs-Disposable-Vape.jpg",500,500,false]},"uagb_author_info":{"display_name":"AMY","author_link":"https:\/\/rmvapesale.com\/sk\/author\/"},"uagb_comment_info":0,"uagb_excerpt":"Vape Bang Box Tornado Wholesale Bang 12000 Puffs Best Flavor BANG Tornado 12000 Puffs Disposable Vape Pod Wholesale Price Bang tornado 12000 Puffs 0% 2% 3% 5% Nicotine in stock Contact Amy For More Discount And Lower MOQ Vape WhatsApp: +86 17776015835","_links":{"self":[{"href":"https:\/\/rmvapesale.com\/sk\/wp-json\/wp\/v2\/product\/1985","targetHints":{"allow":["GET"]}}],"collection":[{"href":"https:\/\/rmvapesale.com\/sk\/wp-json\/wp\/v2\/product"}],"about":[{"href":"https:\/\/rmvapesale.com\/sk\/wp-json\/wp\/v2\/types\/product"}],"replies":[{"embeddable":true,"href":"https:\/\/rmvapesale.com\/sk\/wp-json\/wp\/v2\/comments?post=1985"}],"wp:featuredmedia":[{"embeddable":true,"href":"https:\/\/rmvapesale.com\/sk\/wp-json\/wp\/v2\/media\/1981"}],"wp:attachment":[{"href":"https:\/\/rmvapesale.com\/sk\/wp-json\/wp\/v2\/media?parent=1985"}],"wp:term":[{"taxonomy":"product_brand","embeddable":true,"href":"https:\/\/rmvapesale.com\/sk\/wp-json\/wp\/v2\/product_brand?post=1985"},{"taxonomy":"product_cat","embeddable":true,"href":"https:\/\/rmvapesale.com\/sk\/wp-json\/wp\/v2\/product_cat?post=1985"},{"taxonomy":"product_tag","embeddable":true,"href":"https:\/\/rmvapesale.com\/sk\/wp-json\/wp\/v2\/product_tag?post=1985"}],"curies":[{"name":"wp","href":"https:\/\/api.w.org\/{rel}","templated":true}]}}