{"id":1995,"date":"2024-09-13T08:03:11","date_gmt":"2024-09-13T08:03:11","guid":{"rendered":"https:\/\/rmvapesale.com\/?post_type=product&#038;p=1995"},"modified":"2025-01-20T03:53:42","modified_gmt":"2025-01-20T03:53:42","slug":"vapme-shisha-hookah-15000-puffs-vape-0-2-nicotine","status":"publish","type":"product","link":"https:\/\/rmvapesale.com\/sk\/product\/vapme-shisha-hookah-15000-puffs-vape-0-2-nicotine\/","title":{"rendered":"Vapme Shisha Hookah 15000 \u0165ahov Vape 0% 2% Nikot\u00edn"},"content":{"rendered":"<h1>Vapme Shisha Hookah 15000 \u0165ahov Vape 0% 2% Nikot\u00edn<\/h1>\n<p>Predstavujeme Vapme Shisha Hookah 15000 Puffs, dob\u00edjate\u013en\u00e9 jednorazov\u00e9 vape navrhnut\u00e9 tak, aby pozdvihli v\u00e1\u0161 z\u00e1\u017eitok z vapovania. S pozoruhodnou kapacitou 15000 potiahnut\u00ed, toto zariadenie pon\u00faka pred\u013a\u017een\u00e9 pote\u0161enie a flexibilitu, dostupn\u00e9 s \u00farov\u0148ou nikot\u00ednu 0% alebo 2%, aby vyhovovalo va\u0161im preferenci\u00e1m.<\/p>\n<p>S ve\u013ekorysou kapacitou 25 ml e-d\u017e\u00fasu, Vapme Shisha Hookah zais\u0165uje, \u017ee m\u00e1te dostato\u010dn\u00fa z\u00e1sobu pre nepreru\u0161ovan\u00e9 vapovanie. Jeho 650mAh dob\u00edjate\u013en\u00e1 bat\u00e9ria a nab\u00edjac\u00ed port typu C poskytuj\u00fa efekt\u00edvne a pohodln\u00e9 nab\u00edjanie, \u010d\u00edm zais\u0165uj\u00fa, \u017ee si m\u00f4\u017eete vychutna\u0165 svoj vape bez preru\u0161enia.<\/p>\n<p>S 24 pr\u00edchu\u0165ami na v\u00fdber a odporom 0,6\u03a9 pre hladk\u00fa, aromatick\u00fa paru, tento jednorazov\u00fd dob\u00edjate\u013en\u00fd vape poskytuje konzistentne uspokojiv\u00fd z\u00e1\u017eitok. Zlep\u0161ite svoju cestu vapovania s Vapme Shisha Hookah 15000.<\/p>\n<p>&nbsp;<\/p>\n<p><strong>Kontaktujte Amy pre spr\u00e1vnu odpove\u010f a ve\u013ekoobchodn\u00fa cenu!<\/strong><\/p>\n<p><img loading=\"lazy\" decoding=\"async\" class=\"size-medium wp-image-1814\" src=\"https:\/\/rmvapesale.com\/wp-content\/uploads\/2024\/04\/whatsapp-amy-229x300.jpg\" alt=\"whatsapp amy\" width=\"229\" height=\"300\" srcset=\"https:\/\/rmvapesale.com\/wp-content\/uploads\/2024\/04\/whatsapp-amy-229x300.jpg 229w, https:\/\/rmvapesale.com\/wp-content\/uploads\/2024\/04\/whatsapp-amy-783x1024.jpg 783w, https:\/\/rmvapesale.com\/wp-content\/uploads\/2024\/04\/whatsapp-amy-768x1005.jpg 768w, https:\/\/rmvapesale.com\/wp-content\/uploads\/2024\/04\/whatsapp-amy-600x785.jpg 600w, https:\/\/rmvapesale.com\/wp-content\/uploads\/2024\/04\/whatsapp-amy.jpg 990w\" sizes=\"auto, (max-width: 229px) 100vw, 229px\" \/><\/p>\n<h2><\/h2>\n<h2>Vapme Shisha Hookah 15000 \u0160pecifik\u00e1cia<\/h2>\n<p>Potiahnutia: 15000 potiahnut\u00ed<br \/>\nNikot\u00edn: 0%, 2%<br \/>\nKapacita E-d\u017e\u00fasu: 25 ML<br \/>\nBat\u00e9ria: 650mAh (Dob\u00edjate\u013en\u00e1)<br \/>\nNab\u00edjac\u00ed Port: Typ C<br \/>\nOdpor: 0.6\u03a9<br \/>\nPr\u00edchute: 24 pr\u00edchut\u00ed<\/p>\n<h2><strong>Najlep\u0161ia popul\u00e1rna pr\u00edchu\u0165 pre Vapme Shisha 15000 Puffs?<\/strong><\/h2>\n<p>Vapme Shisha Hookah 15000 Puffs poskytuje celkovo 24 dostupn\u00fdch pr\u00edchut\u00ed na v\u00fdber, je tu nie\u010do pre ka\u017ed\u00e9ho.<\/p>\n<p>1. \u010cu\u010doriedka na \u013eade<br \/>\n2.Kiwi marakuja guava<br \/>\n3.Modr\u00e1 malinov\u00e1 limon\u00e1da<br \/>\n4.Jahoda kiwi<br \/>\n5.Zmie\u0161an\u00e9 bobule<br \/>\n6.Jahoda vodn\u00fd mel\u00f3n<br \/>\n7.Hroznov\u00fd \u013ead<br \/>\n8.Vodn\u00fd mel\u00f3n \u013ead<br \/>\n9.Brosky\u0148a mango anan\u00e1s<br \/>\n10.Jahodov\u00fd \u013ead<br \/>\n11.Brosky\u0148ov\u00fd \u013ead<br \/>\n12.Mango ban\u00e1n<br \/>\n13.\u010cere\u0161\u0148ov\u00e9 bobule<br \/>\n14.\u010cu\u010doriedka malina<br \/>\n15.L\u00e1ska 66<br \/>\n16.Vodn\u00fd mel\u00f3n bull<br \/>\n17.Jahoda hrozno<br \/>\n18.Jahodov\u00e1 malinov\u00e1 cukr\u00edk<br \/>\n19.Mamba<br \/>\n20.Vodn\u00fd mel\u00f3n \u010dere\u0161\u0148a<br \/>\n21.Mrazen\u00e9 jablko<br \/>\n22.Citr\u00f3nov\u00e1 m\u00e4ta<br \/>\n23.\u010ciernor\u00edbez\u013eov\u00fd \u013ead<br \/>\n24.Anan\u00e1sov\u00fd koktail<\/p>\n<h2><\/h2>\n<h2><strong>Ot\u00e1zky, ktor\u00e9 by ste chceli vedie\u0165 o Vapme Shisha Hookah 15000<\/strong><\/h2>\n<p>&nbsp;<\/p>\n<h3>Q 1. Ko\u013eko po\u0165ahov m\u00f4\u017eem o\u010dak\u00e1va\u0165 od Vapme Shisha Hookah 15000 Po\u0165ah?<\/h3>\n<p>A. Vapme Shisha Hookah 15000 sa m\u00f4\u017ee pochv\u00e1li\u0165 p\u00f4sobiv\u00fdmi 15 000 po\u0165ahmi (v testovacom prostred\u00ed), ktor\u00e9 poskytuj\u00fa pred\u013a\u017een\u00e9 pou\u017e\u00edvanie a trval\u00fa spokojnos\u0165.<\/p>\n<h3>Q 2. Ako dlho vydr\u017e\u00ed origin\u00e1lna Vapme Shisha Hookah 15000 Vape?<\/h3>\n<p>A: Origin\u00e1lny Vapme Shisha Hookah 15000<span style=\"font-size: 16px\">\u00a0<\/span>obsahuje vstavan\u00fa bat\u00e9riu s kapacitou 650 mAh, ktor\u00e1 pon\u00faka pred\u013a\u017een\u00e9 pou\u017e\u00edvanie na jedno nabitie. Presn\u00e1 \u017eivotnos\u0165 bat\u00e9rie v\u0161ak z\u00e1vis\u00ed od individu\u00e1lnych sp\u00f4sobov pou\u017e\u00edvania.<\/p>\n<h3>Q 3. Je Vapme Shisha Hookah 15000 Original nab\u00edjate\u013en\u00e1?<\/h3>\n<p><span style=\"font-size: 16px\">A: \u00c1no, Vapme Shisha Hookah 15000 Original sa dod\u00e1va s 650 mAh nab\u00edjate\u013enou bat\u00e9riou. M\u00f4\u017eete si ho vychutn\u00e1va\u0165 a\u017e do poslednej kvapky.<\/span><\/p>\n<h3>Q 4. Kde m\u00f4\u017eem z\u00edska\u0165 ve\u013ekoobchodn\u00fa cenu pre jednorazov\u00fd nab\u00edjate\u013en\u00fd vejp Vapme Shisha Hookah 15000?<\/h3>\n<p>A: Vapme Shisha Hookah 15000<span style=\"font-size: 16px\">\u00a0<\/span>je k dispoz\u00edcii na zak\u00fapenie u autorizovan\u00fdch distrib\u00fatorov. V pr\u00edpade ve\u013ekoobchodn\u00fdch dopytov m\u00f4\u017eu distrib\u00fatori <a href=\"https:\/\/wa.me\/8617776015835\" target=\"_blank\" rel=\"noopener\">kontaktujte n\u00e1s<\/a> priamo. Maloobchodn\u00ed z\u00e1kazn\u00edci m\u00f4\u017eu n\u00e1js\u0165 produkt u vybran\u00fdch predajcov alebo v internetov\u00fdch obchodoch.<\/p>\n<p>&nbsp;<\/p>\n<p>N\u00e1jdite \u010fal\u0161ie vape produkty, ktor\u00e9 by sa v\u00e1m mohli p\u00e1\u010di\u0165:<em><a href=\"https:\/\/rmvapesale.com\/sk\/shop-2\/\">nakupova\u0165 teraz\u00a0<\/a><\/em><\/p>\n<p>&nbsp;<\/p>\n<p>\u010eal\u0161ie hor\u00face predajn\u00e9 vape, ktor\u00e9 by sa v\u00e1m mohli p\u00e1\u010di\u0165:<\/p>\n<p><a href=\"https:\/\/rmvapesale.com\/sk\/product\/randm-vape-al-fakher-10000-puffs-vape-wholesale\/\">randm vejp AI FAKHER 15k vejp<\/a><\/p>\n<p><a href=\"https:\/\/rmvapesale.com\/sk\/product\/original-randm-tornado-9000-puffs-disposable-vape-factory-price\/\">RandM Tornado 9000<\/a><\/p>\n<p><a href=\"https:\/\/rmvapesale.com\/sk\/product\/vapme-crystal-7000-puffs-rechargeable-disposable-vape-price\/\">Vapme Crystal 7000 Potiahnut\u00ed<\/a><\/p>","protected":false},"excerpt":{"rendered":"<p>Vapme Shisha Hookah 15000 Puffs Dob\u00edjate\u013en\u00e9 Jednorazov\u00e9 Vape Hromadn\u00e1 Cena<\/p>\n<p>PUFF 15000 VAPME SHISHA HOOKAH Najlep\u0161ia Pr\u00edchu\u0165 na Sklade<\/p>\n<p>Vapme Shisha Hookah 15k Puffs 0% 2% Nikot\u00edn<\/p>\n<p><strong>Kontaktujte Amy pre viac zliav a ni\u017e\u0161iu MOQ Vape<\/strong><\/p>\n<p><img loading=\"lazy\" decoding=\"async\" class=\"size-medium wp-image-1814\" src=\"https:\/\/rmvapesale.com\/wp-content\/uploads\/2024\/04\/whatsapp-amy-229x300.jpg\" alt=\"whatsapp amy\" width=\"229\" height=\"300\" srcset=\"https:\/\/rmvapesale.com\/wp-content\/uploads\/2024\/04\/whatsapp-amy-229x300.jpg 229w, https:\/\/rmvapesale.com\/wp-content\/uploads\/2024\/04\/whatsapp-amy-783x1024.jpg 783w, https:\/\/rmvapesale.com\/wp-content\/uploads\/2024\/04\/whatsapp-amy-768x1005.jpg 768w, https:\/\/rmvapesale.com\/wp-content\/uploads\/2024\/04\/whatsapp-amy-600x785.jpg 600w, https:\/\/rmvapesale.com\/wp-content\/uploads\/2024\/04\/whatsapp-amy.jpg 990w\" sizes=\"auto, (max-width: 229px) 100vw, 229px\" \/><\/p>\n<h3><span style=\"color: #ff0000\"><strong>WhatsApp: +86 17776015835<\/strong><\/span><\/h3>","protected":false},"featured_media":2000,"comment_status":"open","ping_status":"closed","template":"","meta":{"_uag_custom_page_level_css":"","_lmt_disableupdate":"no","_lmt_disable":"","site-sidebar-layout":"default","site-content-layout":"content-boxed-container","ast-site-content-layout":"normal-width-container","site-content-style":"boxed","site-sidebar-style":"unboxed","ast-global-header-display":"","ast-banner-title-visibility":"","ast-main-header-display":"","ast-hfb-above-header-display":"","ast-hfb-below-header-display":"","ast-hfb-mobile-header-display":"","site-post-title":"","ast-breadcrumbs-content":"","ast-featured-img":"","footer-sml-layout":"","theme-transparent-header-meta":"default","adv-header-id-meta":"","stick-header-meta":"","header-above-stick-meta":"","header-main-stick-meta":"","header-below-stick-meta":"","astra-migrate-meta-layouts":"set","ast-page-background-enabled":"default","ast-page-background-meta":{"desktop":{"background-color":"var(--ast-global-color-4)","background-image":"","background-repeat":"repeat","background-position":"center center","background-size":"auto","background-attachment":"scroll","background-type":"","background-media":"","overlay-type":"","overlay-color":"","overlay-opacity":"","overlay-gradient":""},"tablet":{"background-color":"","background-image":"","background-repeat":"repeat","background-position":"center center","background-size":"auto","background-attachment":"scroll","background-type":"","background-media":"","overlay-type":"","overlay-color":"","overlay-opacity":"","overlay-gradient":""},"mobile":{"background-color":"","background-image":"","background-repeat":"repeat","background-position":"center center","background-size":"auto","background-attachment":"scroll","background-type":"","background-media":"","overlay-type":"","overlay-color":"","overlay-opacity":"","overlay-gradient":""}},"ast-content-background-meta":{"desktop":{"background-color":"var(--ast-global-color-5)","background-image":"","background-repeat":"repeat","background-position":"center center","background-size":"auto","background-attachment":"scroll","background-type":"","background-media":"","overlay-type":"","overlay-color":"","overlay-opacity":"","overlay-gradient":""},"tablet":{"background-color":"var(--ast-global-color-5)","background-image":"","background-repeat":"repeat","background-position":"center center","background-size":"auto","background-attachment":"scroll","background-type":"","background-media":"","overlay-type":"","overlay-color":"","overlay-opacity":"","overlay-gradient":""},"mobile":{"background-color":"var(--ast-global-color-5)","background-image":"","background-repeat":"repeat","background-position":"center center","background-size":"auto","background-attachment":"scroll","background-type":"","background-media":"","overlay-type":"","overlay-color":"","overlay-opacity":"","overlay-gradient":""}},"_joinchat":[]},"product_brand":[],"product_cat":[25,292,293,296,299,281,123,26,28,135,27,61,137,136,15,30],"product_tag":[56,57,40,41,62,54,53,37],"class_list":{"0":"post-1995","1":"product","2":"type-product","3":"status-publish","4":"has-post-thumbnail","6":"product_cat-germany-best-selling-vape","7":"product_cat-digital-disposable-vapes","8":"product_cat-low-nicotine-disposable-vapes","9":"product_cat-shisha-hookah-disposable-vapes","10":"product_cat-smart-screen-disposable-vapes","11":"product_cat-vapme-vape","12":"product_cat-italy-wholesale-vape","13":"product_cat-netherlands-hot-sale-vape","14":"product_cat-poland-hot-sale-vape","15":"product_cat-spain-best-hot-sale-vape","16":"product_cat-fance-hot-sale-vape","17":"product_cat-15000-puffs-disposable-vapes","18":"product_cat-rechargeable-vapes","19":"product_cat-smart-screen-vapes","20":"product_cat-new-vape-this-week","21":"product_cat-minimum-order-quantity-50pcs","22":"product_tag-disposable-vape-wholesale-near-me","23":"product_tag-disposable-vape-wholesale-supplier","24":"product_tag-hot-sale-vape","25":"product_tag-original-factory-vape","26":"product_tag-puff-15000","27":"product_tag-rechargeable-disposable-vape","28":"product_tag-vapme-vape","29":"product_tag-wholesale-vape-price","30":"desktop-align-left","31":"tablet-align-left","32":"mobile-align-left","34":"first","35":"instock","36":"sale","37":"shipping-taxable","38":"purchasable","39":"product-type-simple"},"uagb_featured_image_src":{"full":["https:\/\/rmvapesale.com\/wp-content\/uploads\/2024\/09\/Vapme-Shisha-Hookah-15000.jpg",788,788,false],"thumbnail":["https:\/\/rmvapesale.com\/wp-content\/uploads\/2024\/09\/Vapme-Shisha-Hookah-15000-150x150.jpg",150,150,true],"medium":["https:\/\/rmvapesale.com\/wp-content\/uploads\/2024\/09\/Vapme-Shisha-Hookah-15000-300x300.jpg",300,300,true],"medium_large":["https:\/\/rmvapesale.com\/wp-content\/uploads\/2024\/09\/Vapme-Shisha-Hookah-15000-768x768.jpg",768,768,true],"large":["https:\/\/rmvapesale.com\/wp-content\/uploads\/2024\/09\/Vapme-Shisha-Hookah-15000.jpg",788,788,false],"1536x1536":["https:\/\/rmvapesale.com\/wp-content\/uploads\/2024\/09\/Vapme-Shisha-Hookah-15000.jpg",788,788,false],"2048x2048":["https:\/\/rmvapesale.com\/wp-content\/uploads\/2024\/09\/Vapme-Shisha-Hookah-15000.jpg",788,788,false],"trp-custom-language-flag":["https:\/\/rmvapesale.com\/wp-content\/uploads\/2024\/09\/Vapme-Shisha-Hookah-15000.jpg",12,12,false],"woocommerce_thumbnail":["https:\/\/rmvapesale.com\/wp-content\/uploads\/2024\/09\/Vapme-Shisha-Hookah-15000-300x300.jpg",300,300,true],"woocommerce_single":["https:\/\/rmvapesale.com\/wp-content\/uploads\/2024\/09\/Vapme-Shisha-Hookah-15000-600x600.jpg",600,600,true],"woocommerce_gallery_thumbnail":["https:\/\/rmvapesale.com\/wp-content\/uploads\/2024\/09\/Vapme-Shisha-Hookah-15000-100x100.jpg",100,100,true],"wcpr-photo-reviews":["https:\/\/rmvapesale.com\/wp-content\/uploads\/2024\/09\/Vapme-Shisha-Hookah-15000.jpg",500,500,false]},"uagb_author_info":{"display_name":"AMY","author_link":"https:\/\/rmvapesale.com\/sk\/author\/"},"uagb_comment_info":0,"uagb_excerpt":"Vapme Shisha Hookah 15000 Puffs Rechargeable Disposable Vape Bulk Buy Price PUFF 15000 VAPME SHISHA HOOKAH Best Flavor in Stock Vapme Shisha Hookah 15k Puffs 0% 2% Nicotine Contact Amy For More Discount And Lower MOQ Vape WhatsApp: +86 17776015835","_links":{"self":[{"href":"https:\/\/rmvapesale.com\/sk\/wp-json\/wp\/v2\/product\/1995","targetHints":{"allow":["GET"]}}],"collection":[{"href":"https:\/\/rmvapesale.com\/sk\/wp-json\/wp\/v2\/product"}],"about":[{"href":"https:\/\/rmvapesale.com\/sk\/wp-json\/wp\/v2\/types\/product"}],"replies":[{"embeddable":true,"href":"https:\/\/rmvapesale.com\/sk\/wp-json\/wp\/v2\/comments?post=1995"}],"wp:featuredmedia":[{"embeddable":true,"href":"https:\/\/rmvapesale.com\/sk\/wp-json\/wp\/v2\/media\/2000"}],"wp:attachment":[{"href":"https:\/\/rmvapesale.com\/sk\/wp-json\/wp\/v2\/media?parent=1995"}],"wp:term":[{"taxonomy":"product_brand","embeddable":true,"href":"https:\/\/rmvapesale.com\/sk\/wp-json\/wp\/v2\/product_brand?post=1995"},{"taxonomy":"product_cat","embeddable":true,"href":"https:\/\/rmvapesale.com\/sk\/wp-json\/wp\/v2\/product_cat?post=1995"},{"taxonomy":"product_tag","embeddable":true,"href":"https:\/\/rmvapesale.com\/sk\/wp-json\/wp\/v2\/product_tag?post=1995"}],"curies":[{"name":"wp","href":"https:\/\/api.w.org\/{rel}","templated":true}]}}