{"id":2054,"date":"2024-09-20T02:34:42","date_gmt":"2024-09-20T02:34:42","guid":{"rendered":"https:\/\/rmvapesale.com\/?post_type=product&#038;p=2054"},"modified":"2025-01-21T09:14:46","modified_gmt":"2025-01-21T09:14:46","slug":"wga-crystal-plus-smart-16000-disposable-vape","status":"publish","type":"product","link":"https:\/\/rmvapesale.com\/sk\/product\/wga-crystal-plus-smart-16000-disposable-vape\/","title":{"rendered":"WGA Crystal Plus Smart 16000 Jednorazov\u00e1 Vape"},"content":{"rendered":"<h3 class=\"LC20lb MBeuO DKV0Md\">WGA Crystal Plus Smart 16000 Jednorazov\u00e1 Vape<\/h3>\n<p>Posu\u0148te svoj z\u00e1\u017eitok z vapovania na vy\u0161\u0161iu \u00farove\u0148 s jednorazov\u00fdm vape podom WGA Crystal Plus Smart 16000, ktor\u00fd je teraz k dispoz\u00edcii. Toto inovat\u00edvne vape zariadenie, navrhnut\u00e9 pre n\u00e1ro\u010dn\u00fdch vaperov, pon\u00faka p\u00f4sobiv\u00fdch 16 000 po\u0165ahov nepreru\u0161enej spokojnosti.<\/p>\n<p>\u010co odli\u0161uje Crystal Plus Smart na preplnenom trhu, je jeho kombin\u00e1cia pokro\u010dilej technol\u00f3gie a elegantn\u00e9ho dizajnu. V\u010faka \u0161pi\u010dkov\u00e9mu syst\u00e9mu mesh cievok poskytuje hladk\u00fa a konzistentn\u00fa produkciu pary pri ka\u017edom potiahnut\u00ed. Vychutnajte si bohat\u00e9 pr\u00edchute a hust\u00e9 oblaky v\u010faka optimalizovan\u00e9mu pr\u00fadeniu vzduchu a \u0161pi\u010dkovej technol\u00f3gii cievok.<\/p>\n<p>Crystal Plus Smart, vopred naplnen\u00fd pr\u00e9miov\u00fdm e-liquidom, pon\u00faka rozsiahlu \u0161k\u00e1lu lahodn\u00fdch pr\u00edchut\u00ed, ktor\u00e9 uspokoja ka\u017ed\u00e9ho\u2014\u010di u\u017e t\u00fa\u017eite po ovocn\u00fdch, mentolov\u00fdch, alebo dezertn\u00fdch variantoch, ka\u017ed\u00fd si n\u00e1jde nie\u010do pre seba.<\/p>\n<p>Prijmite bud\u00facnos\u0165 vapingu s jednorazov\u00fdm vape podom WGA Crystal Plus Smart, ktor\u00fd je k dispoz\u00edcii teraz, kde sa kvalita stret\u00e1va s pohodl\u00edm.<\/p>\n<p><strong>Ak chcete z\u00edska\u0165 viac z\u013eavy, kontaktujte Amy cez WhatsApp!<\/strong><\/p>\n<p><img loading=\"lazy\" decoding=\"async\" class=\"size-full wp-image-1978\" src=\"https:\/\/rmvapesale.com\/wp-content\/uploads\/2024\/09\/Disposable-Vape-Wholesale.jpg\" alt=\"Jednorazov\u00fd vape ve\u013ekoobchod\" width=\"229\" height=\"300\" \/><\/p>\n<h3><span style=\"color: #ff0000\"><strong>WhatsApp: +86 17776015835<\/strong><\/span><\/h3>\n<p>&nbsp;<\/p>\n<h2>\u0160pecifik\u00e1cie WGA Crystal Plus Smart 16000<\/h2>\n<p>\u0164ahy: 20000 \u0165ahov<br \/>\nBat\u00e9ria: 650mAh<br \/>\nE-Liquid: 15ml*2<br \/>\nSila nikot\u00ednu: 2% 5%<br \/>\nType C Dob\u00edjate\u013en\u00e9<\/p>\n<h2><\/h2>\n<p>&nbsp;<\/p>\n<h2>Zoznam pr\u00edchut\u00ed WGA Crystal Smart 16000<\/h2>\n<p>&nbsp;<\/p>\n<p>1.Banana Ice (Ban\u00e1n s \u013eadom)<br \/>\n2.Blue Razz Cherry (\u010cere\u0161\u0148a s modrou malinou)<br \/>\n3. Modr\u00e1 malinov\u00e1 \u013eadov\u00e1<br \/>\n4.Blueberry Cherry Cranberry (\u010cu\u010doriedka, \u010dere\u0161\u0148a a brusnica)<br \/>\n5.Blueberry Raspberry (\u010cu\u010doriedka s malinou)<br \/>\n6.Blueberry Sour Raspberry (\u010cu\u010doriedka s kyslou malinou)<br \/>\n7.Cherry Ice (\u010cere\u0161\u0148a s \u013eadom)<br \/>\n8.Fizzy Cherry (\u0160umiv\u00e1 \u010dere\u0161\u0148a)<br \/>\n9.\u010cerstv\u00e1 m\u00e4ta<br \/>\n10.Gumov\u00fd medved\u00edk<br \/>\n11.Hubba Bubba<br \/>\n12.\u0160\u0165avnat\u00e1 brosky\u0148a<br \/>\n13.Citr\u00f3n<br \/>\n14.P\u00e1n Modr\u00fd<br \/>\n15.\u013dadov\u00e9 \u010derven\u00e9 jablko<br \/>\n16.Skittles<br \/>\n17.Jahoda malina \u010dere\u0161\u0148a<br \/>\n18.Letn\u00fd sen<br \/>\n19.Vimto Bull<br \/>\n20.\u013dadov\u00fd mel\u00f3n<\/p>\n<div class=\"mceTemp\"><\/div>\n<h4><\/h4>\n<h4>FAQ:<\/h4>\n<p>&nbsp;<\/p>\n<p><strong>1. Ako dlho vydr\u017e\u00ed zariadenie WGA Crystal Plus Smart 16k?<\/strong><br \/>\nPri spr\u00e1vnom pou\u017e\u00edvan\u00ed m\u00f4\u017ee ka\u017ed\u00e9 zariadenie poskytn\u00fa\u0165 pribli\u017ene 20 000 po\u0165ahov, \u010do v\u00e4\u010d\u0161ine pou\u017e\u00edvate\u013eov vydr\u017e\u00ed nieko\u013eko t\u00fd\u017ed\u0148ov.<\/p>\n<p><strong>2. M\u00f4\u017eem nabi\u0165 WGA Crystal Smart 16000?<\/strong><br \/>\n\u00c1no, tento jednorazov\u00fd vape sa dod\u00e1va s nab\u00edjate\u013enou bat\u00e9riou, ktor\u00fa m\u00f4\u017eete nabi\u0165, ke\u010f sa vybije.<\/p>\n<p><strong>3. Je WGA Crystal Smart 16000 vhodn\u00fd pre za\u010diato\u010dn\u00edkov?<\/strong><br \/>\nUr\u010dite! Jeho u\u017e\u00edvate\u013esky pr\u00edvetiv\u00fd dizajn ho rob\u00ed ide\u00e1lnym pre nov\u00fdch aj sk\u00fasen\u00fdch vaperov.<\/p>\n<p>&nbsp;<\/p>\n<p>\u010eal\u0161ie hor\u00face vapy, ktor\u00e9 by sa v\u00e1m mohli p\u00e1\u010di\u0165:<\/p>\n<p><a href=\"https:\/\/rmvapesale.com\/sk\/product\/waspe-12000-puffs-disposable-vape-pen\/\"><strong>WGA Crystal Pro Max Extra 15000<\/strong><\/a><em><a href=\"https:\/\/rmvapesale.com\/sk\/product\/wga-crystal-pro-max-extra-15k-puffs-disposable-vape-wholesale\/\"><strong> &gt;&gt;&gt;Nakupova\u0165<\/strong><\/a><\/em><\/p>\n<p><strong><a href=\"https:\/\/rmvapesale.com\/sk\/product\/wga-crystal-plus-20000-puff-dual-flavour-disposable-vape\/\">WGA Crystal Plus 20000<\/a><\/strong><em><strong><a href=\"https:\/\/rmvapesale.com\/sk\/product\/wga-crystal-plus-20000-puff-dual-flavour-disposable-vape\/\">\u00a0 &gt;&gt;&gt;Nakupova\u0165<\/a><\/strong><\/em><\/p>\n<p><a href=\"https:\/\/rmvapesale.com\/sk\/product\/fihp-shisha-hookah-15000-pro-disposable-vape-wholesale\/\"><strong>FIHP 15000 potiahnut\u00ed <\/strong><\/a><strong><em><a href=\"https:\/\/rmvapesale.com\/sk\/product\/waspe-12000-puffs-disposable-vape-pen\/\">&gt;&gt;&gt;Nakupova\u0165<\/a><\/em><\/strong><\/p>\n<p>&nbsp;<\/p>\n<p>&nbsp;<\/p>\n<p>N\u00e1jdite \u010fal\u0161ie vape produkty, ktor\u00e9 by sa v\u00e1m mohli p\u00e1\u010di\u0165:<em><a href=\"https:\/\/rmvapesale.com\/sk\/shop-2\/\">nakupova\u0165 teraz\u00a0<\/a><\/em><\/p>\n<p>&nbsp;<\/p>","protected":false},"excerpt":{"rendered":"<p class=\"LC20lb MBeuO DKV0Md\">WGA Crystal Plus Smart 16000 Jednorazov\u00fd vape pod<br \/>\nWGA Crystal Plus Smart 16000 Jednorazov\u00e1 e-cigareta Ve\u013ekoobchod<br \/>\nWGA Crystal Plus Smart 16K Puffs Cena z tov\u00e1rne<\/p>\n<p class=\"LC20lb MBeuO DKV0Md\"><strong>Kontaktujte Amy pre viac zliav a ni\u017e\u0161iu MOQ Vape<\/strong><\/p>\n<p><img loading=\"lazy\" decoding=\"async\" class=\"size-medium wp-image-1814\" src=\"https:\/\/rmvapesale.com\/wp-content\/uploads\/2024\/04\/whatsapp-amy-229x300.jpg\" alt=\"whatsapp amy\" width=\"229\" height=\"300\" srcset=\"https:\/\/rmvapesale.com\/wp-content\/uploads\/2024\/04\/whatsapp-amy-229x300.jpg 229w, https:\/\/rmvapesale.com\/wp-content\/uploads\/2024\/04\/whatsapp-amy-783x1024.jpg 783w, https:\/\/rmvapesale.com\/wp-content\/uploads\/2024\/04\/whatsapp-amy-768x1005.jpg 768w, https:\/\/rmvapesale.com\/wp-content\/uploads\/2024\/04\/whatsapp-amy-600x785.jpg 600w, https:\/\/rmvapesale.com\/wp-content\/uploads\/2024\/04\/whatsapp-amy.jpg 990w\" sizes=\"auto, (max-width: 229px) 100vw, 229px\" \/><\/p>\n<h3><span style=\"color: #ff0000\"><strong>WhatsApp: +86 17776015835<\/strong><\/span><\/h3>","protected":false},"featured_media":2062,"comment_status":"open","ping_status":"closed","template":"","meta":{"_uag_custom_page_level_css":"","_lmt_disableupdate":"no","_lmt_disable":"","site-sidebar-layout":"default","site-content-layout":"content-boxed-container","ast-site-content-layout":"normal-width-container","site-content-style":"boxed","site-sidebar-style":"unboxed","ast-global-header-display":"","ast-banner-title-visibility":"","ast-main-header-display":"","ast-hfb-above-header-display":"","ast-hfb-below-header-display":"","ast-hfb-mobile-header-display":"","site-post-title":"","ast-breadcrumbs-content":"","ast-featured-img":"","footer-sml-layout":"","ast-disable-related-posts":"","theme-transparent-header-meta":"default","adv-header-id-meta":"","stick-header-meta":"","header-above-stick-meta":"","header-main-stick-meta":"","header-below-stick-meta":"","astra-migrate-meta-layouts":"set","ast-page-background-enabled":"default","ast-page-background-meta":{"desktop":{"background-color":"var(--ast-global-color-4)","background-image":"","background-repeat":"repeat","background-position":"center center","background-size":"auto","background-attachment":"scroll","background-type":"","background-media":"","overlay-type":"","overlay-color":"","overlay-opacity":"","overlay-gradient":""},"tablet":{"background-color":"","background-image":"","background-repeat":"repeat","background-position":"center center","background-size":"auto","background-attachment":"scroll","background-type":"","background-media":"","overlay-type":"","overlay-color":"","overlay-opacity":"","overlay-gradient":""},"mobile":{"background-color":"","background-image":"","background-repeat":"repeat","background-position":"center center","background-size":"auto","background-attachment":"scroll","background-type":"","background-media":"","overlay-type":"","overlay-color":"","overlay-opacity":"","overlay-gradient":""}},"ast-content-background-meta":{"desktop":{"background-color":"var(--ast-global-color-5)","background-image":"","background-repeat":"repeat","background-position":"center center","background-size":"auto","background-attachment":"scroll","background-type":"","background-media":"","overlay-type":"","overlay-color":"","overlay-opacity":"","overlay-gradient":""},"tablet":{"background-color":"var(--ast-global-color-5)","background-image":"","background-repeat":"repeat","background-position":"center center","background-size":"auto","background-attachment":"scroll","background-type":"","background-media":"","overlay-type":"","overlay-color":"","overlay-opacity":"","overlay-gradient":""},"mobile":{"background-color":"var(--ast-global-color-5)","background-image":"","background-repeat":"repeat","background-position":"center center","background-size":"auto","background-attachment":"scroll","background-type":"","background-media":"","overlay-type":"","overlay-color":"","overlay-opacity":"","overlay-gradient":""}},"_joinchat":[]},"product_brand":[],"product_cat":[25,289,290,292,291,27,123,293,30,26,15,28,295,137,296,299,136,135,283],"product_tag":[66,40,41,75,74,69,37],"class_list":{"0":"post-2054","1":"product","2":"type-product","3":"status-publish","4":"has-post-thumbnail","6":"product_cat-germany-best-selling-vape","7":"product_cat-big-puffs-disposable-vapes","8":"product_cat-crystal-disposable-vapes","9":"product_cat-digital-disposable-vapes","10":"product_cat-dual-mesh-disposable-vapes","11":"product_cat-fance-hot-sale-vape","12":"product_cat-italy-wholesale-vape","13":"product_cat-low-nicotine-disposable-vapes","14":"product_cat-minimum-order-quantity-50pcs","15":"product_cat-netherlands-hot-sale-vape","16":"product_cat-new-vape-this-week","17":"product_cat-poland-hot-sale-vape","18":"product_cat-rechargeable-disposable-vapes","19":"product_cat-rechargeable-vapes","20":"product_cat-shisha-hookah-disposable-vapes","21":"product_cat-smart-screen-disposable-vapes","22":"product_cat-smart-screen-vapes","23":"product_cat-spain-best-hot-sale-vape","24":"product_cat-wga-vape","25":"product_tag-disposable-vape","26":"product_tag-hot-sale-vape","27":"product_tag-original-factory-vape","28":"product_tag-wga-crystal-plus-smart-16000","29":"product_tag-wga-crystal-plus-smart-16k","30":"product_tag-wga-vape","31":"product_tag-wholesale-vape-price","32":"desktop-align-left","33":"tablet-align-left","34":"mobile-align-left","36":"first","37":"instock","38":"sale","39":"shipping-taxable","40":"purchasable","41":"product-type-simple"},"uagb_featured_image_src":{"full":["https:\/\/rmvapesale.com\/wp-content\/uploads\/2024\/09\/WGA-Crystal-Plus-Smart-16000-Watermelon-Ice.png",800,800,false],"thumbnail":["https:\/\/rmvapesale.com\/wp-content\/uploads\/2024\/09\/WGA-Crystal-Plus-Smart-16000-Watermelon-Ice-150x150.png",150,150,true],"medium":["https:\/\/rmvapesale.com\/wp-content\/uploads\/2024\/09\/WGA-Crystal-Plus-Smart-16000-Watermelon-Ice-300x300.png",300,300,true],"medium_large":["https:\/\/rmvapesale.com\/wp-content\/uploads\/2024\/09\/WGA-Crystal-Plus-Smart-16000-Watermelon-Ice-768x768.png",768,768,true],"large":["https:\/\/rmvapesale.com\/wp-content\/uploads\/2024\/09\/WGA-Crystal-Plus-Smart-16000-Watermelon-Ice.png",800,800,false],"1536x1536":["https:\/\/rmvapesale.com\/wp-content\/uploads\/2024\/09\/WGA-Crystal-Plus-Smart-16000-Watermelon-Ice.png",800,800,false],"2048x2048":["https:\/\/rmvapesale.com\/wp-content\/uploads\/2024\/09\/WGA-Crystal-Plus-Smart-16000-Watermelon-Ice.png",800,800,false],"trp-custom-language-flag":["https:\/\/rmvapesale.com\/wp-content\/uploads\/2024\/09\/WGA-Crystal-Plus-Smart-16000-Watermelon-Ice.png",12,12,false],"woocommerce_thumbnail":["https:\/\/rmvapesale.com\/wp-content\/uploads\/2024\/09\/WGA-Crystal-Plus-Smart-16000-Watermelon-Ice-300x300.png",300,300,true],"woocommerce_single":["https:\/\/rmvapesale.com\/wp-content\/uploads\/2024\/09\/WGA-Crystal-Plus-Smart-16000-Watermelon-Ice-600x600.png",600,600,true],"woocommerce_gallery_thumbnail":["https:\/\/rmvapesale.com\/wp-content\/uploads\/2024\/09\/WGA-Crystal-Plus-Smart-16000-Watermelon-Ice-100x100.png",100,100,true],"wcpr-photo-reviews":["https:\/\/rmvapesale.com\/wp-content\/uploads\/2024\/09\/WGA-Crystal-Plus-Smart-16000-Watermelon-Ice.png",500,500,false]},"uagb_author_info":{"display_name":"AMY","author_link":"https:\/\/rmvapesale.com\/sk\/author\/"},"uagb_comment_info":0,"uagb_excerpt":"WGA Crystal Plus Smart 16000 Puffs Disposable Vape Pod WGA Crystal Plus Smart 16000 Disposable Vape Wholesale WGA Crystal Plus Smart 16K Puffs Facotory Price Contact Amy For More Discount And Lower MOQ Vape WhatsApp: +86 17776015835","_links":{"self":[{"href":"https:\/\/rmvapesale.com\/sk\/wp-json\/wp\/v2\/product\/2054","targetHints":{"allow":["GET"]}}],"collection":[{"href":"https:\/\/rmvapesale.com\/sk\/wp-json\/wp\/v2\/product"}],"about":[{"href":"https:\/\/rmvapesale.com\/sk\/wp-json\/wp\/v2\/types\/product"}],"replies":[{"embeddable":true,"href":"https:\/\/rmvapesale.com\/sk\/wp-json\/wp\/v2\/comments?post=2054"}],"wp:featuredmedia":[{"embeddable":true,"href":"https:\/\/rmvapesale.com\/sk\/wp-json\/wp\/v2\/media\/2062"}],"wp:attachment":[{"href":"https:\/\/rmvapesale.com\/sk\/wp-json\/wp\/v2\/media?parent=2054"}],"wp:term":[{"taxonomy":"product_brand","embeddable":true,"href":"https:\/\/rmvapesale.com\/sk\/wp-json\/wp\/v2\/product_brand?post=2054"},{"taxonomy":"product_cat","embeddable":true,"href":"https:\/\/rmvapesale.com\/sk\/wp-json\/wp\/v2\/product_cat?post=2054"},{"taxonomy":"product_tag","embeddable":true,"href":"https:\/\/rmvapesale.com\/sk\/wp-json\/wp\/v2\/product_tag?post=2054"}],"curies":[{"name":"wp","href":"https:\/\/api.w.org\/{rel}","templated":true}]}}