{"id":2065,"date":"2024-09-20T06:15:37","date_gmt":"2024-09-20T06:15:37","guid":{"rendered":"https:\/\/rmvapesale.com\/?post_type=product&#038;p=2065"},"modified":"2025-01-21T09:15:27","modified_gmt":"2025-01-21T09:15:27","slug":"bang-box-12000-puffs-disposable-vape-best-price","status":"publish","type":"product","link":"https:\/\/rmvapesale.com\/sk\/product\/bang-box-12000-puffs-disposable-vape-best-price\/","title":{"rendered":"Bang Box 12000 potiahnut\u00ed Jednorazov\u00fd Vape Najlep\u0161ia Cena"},"content":{"rendered":"<h1>Bang Box 12000 potiahnut\u00ed Jednorazov\u00fd Vape Najlep\u0161ia Cena<\/h1>\n<p>Pozdvihnite svoj z\u00e1\u017eitok z vapovania s Bang Box 12000 Puffs Nab\u00edjac\u00edm Jednorazov\u00fdm Vape, sofistikovan\u00fdm zariaden\u00edm navrhnut\u00fdm pre maxim\u00e1lnu spokojnos\u0165. Tento inovat\u00edvny vape pod pon\u00faka p\u00f4sobiv\u00fdch 12000 \u0165ahov z 15ml vopred naplnen\u00e9ho rezervo\u00e1ru s nikot\u00ednovou so\u013eou, \u010do zais\u0165uje bohat\u00fa, pr\u00e9miov\u00fa chu\u0165 s ka\u017ed\u00fdm vd\u00fdchnut\u00edm.<\/p>\n<p>Bang Box, navrhnut\u00fd pre pohodlie a v\u00fdkon, je vybaven\u00fd robustnou 600mAh nab\u00edjate\u013enou bat\u00e9riou a sie\u0165ovou cievkou, ktor\u00e1 zais\u0165uje plynul\u00fa a konzistentn\u00fa produkciu pary. Prisp\u00f4sobte si svoj z\u00e1\u017eitok s nastavite\u013en\u00fdmi silami nikot\u00ednu od 0% do 5%, ktor\u00e9 vyhovuj\u00fa ka\u017ed\u00e9mu vkusu. V\u010faka priestrannej 20ml kapacite e-liquidu si m\u00f4\u017eete u\u017e\u00edva\u0165 dlh\u0161ie vapovacie sedenia bez probl\u00e9mov s \u010dast\u00fdm dop\u013a\u0148an\u00edm.<\/p>\n<p>Z\u00edskajte kvalitn\u00e9 ve\u013ekoobchodn\u00e9 ceny na Bang Box 12000 Puffs Nab\u00edjac\u00ed Jednorazov\u00fd Vape pr\u00e1ve teraz!<\/p>\n<p><strong>Kontaktujte Amy a z\u00edskajte spr\u00e1vnu odpove\u010f a v\u00e4\u010d\u0161iu z\u013eavu!<\/strong><\/p>\n<p><img loading=\"lazy\" decoding=\"async\" class=\"size-medium wp-image-1814\" src=\"https:\/\/rmvapesale.com\/wp-content\/uploads\/2024\/04\/whatsapp-amy-229x300.jpg\" alt=\"whatsapp amy\" width=\"229\" height=\"300\" srcset=\"https:\/\/rmvapesale.com\/wp-content\/uploads\/2024\/04\/whatsapp-amy-229x300.jpg 229w, https:\/\/rmvapesale.com\/wp-content\/uploads\/2024\/04\/whatsapp-amy-783x1024.jpg 783w, https:\/\/rmvapesale.com\/wp-content\/uploads\/2024\/04\/whatsapp-amy-768x1005.jpg 768w, https:\/\/rmvapesale.com\/wp-content\/uploads\/2024\/04\/whatsapp-amy-600x785.jpg 600w, https:\/\/rmvapesale.com\/wp-content\/uploads\/2024\/04\/whatsapp-amy.jpg 990w\" sizes=\"auto, (max-width: 229px) 100vw, 229px\" \/><\/p>\n<h3><span style=\"color: #ff0000\"><strong>WhatsApp: +86 17776015835<\/strong><\/span><\/h3>\n<p>&nbsp;<\/p>\n<h2><strong>Bang Box 12000 K\u013e\u00fa\u010dov\u00e9 Vlastnosti<\/strong><\/h2>\n<p>&nbsp;<\/p>\n<p>Zna\u010dka: Bang Vape<br \/>\nNikot\u00edn: 0% 2% 3% 5%<br \/>\nPotiahnutia: 12000<br \/>\nKapacita: 20ml<br \/>\nDostupn\u00fdch 12 pr\u00edchut\u00ed<br \/>\n650mah Nab\u00edjate\u013en\u00e9<br \/>\nMesh Coil (sie\u0165ov\u00e1 \u0161pir\u00e1lka)<br \/>\nType-C<\/p>\n<h2><strong>Ak\u00e1 je najlep\u0161ia pr\u00edchu\u0165 pre Vape Bang Box 12000 Puffs<\/strong><strong>?<\/strong><\/h2>\n<p>Tento Vape Bang Vape 12000 poskytuje celkovo 12 dostupn\u00fdch pr\u00edchut\u00ed, vyberte si z n\u00e1dhernej \u0161k\u00e1ly pr\u00edchut\u00ed, vr\u00e1tane Strawberry Banana, Blue Razz Ice a Strawberry Juice, at\u010f, a ponorte sa do sveta chuti a spokojnosti.<\/p>\n<p>1. Jahodov\u00fd ban\u00e1n<br \/>\n2. Kivi Mu\u010denka Guava<br \/>\n3. Jahodov\u00e9 kivi<br \/>\n4. Modr\u00e1 Razz Ice<br \/>\n5. Kysl\u00e9 jablko malina<br \/>\n6. Vodn\u00fd mel\u00f3n \u017euva\u010dka<br \/>\n7. Jahoda vodn\u00fd mel\u00f3n<br \/>\n8. Jahodov\u00e1 \u0161\u0165ava<br \/>\n9. \u010cierny drak \u013ead<br \/>\n10. Vodn\u00fd mel\u00f3n \u013ead<br \/>\n11. Brosky\u0148a mango vodn\u00fd mel\u00f3n<br \/>\n12. \u010cu\u010doriedka \u013ead<\/p>\n<p>&nbsp;<\/p>\n<p><img loading=\"lazy\" decoding=\"async\" class=\"size-medium wp-image-2070\" src=\"https:\/\/rmvapesale.com\/wp-content\/uploads\/2024\/09\/Bang-Vape-BOX-12000-300x300.png\" alt=\"Bang Vape BOX 12000\" width=\"300\" height=\"300\" srcset=\"https:\/\/rmvapesale.com\/wp-content\/uploads\/2024\/09\/Bang-Vape-BOX-12000-300x300.png 300w, https:\/\/rmvapesale.com\/wp-content\/uploads\/2024\/09\/Bang-Vape-BOX-12000-150x150.png 150w, https:\/\/rmvapesale.com\/wp-content\/uploads\/2024\/09\/Bang-Vape-BOX-12000-768x768.png 768w, https:\/\/rmvapesale.com\/wp-content\/uploads\/2024\/09\/Bang-Vape-BOX-12000-600x600.png 600w, https:\/\/rmvapesale.com\/wp-content\/uploads\/2024\/09\/Bang-Vape-BOX-12000-100x100.png 100w, https:\/\/rmvapesale.com\/wp-content\/uploads\/2024\/09\/Bang-Vape-BOX-12000.png 800w\" sizes=\"auto, (max-width: 300px) 100vw, 300px\" \/><\/p>\n<h2><strong>Ot\u00e1zky, ktor\u00e9 by ste sa mohli dozvedie\u0165 o Vape Bang Vape 12000 Puffs<\/strong><\/h2>\n<p>&nbsp;<\/p>\n<p><strong>1. Ko\u013eko potiahnut\u00ed m\u00f4\u017eem o\u010dak\u00e1va\u0165 od Vape Bang Vape 12000 Puffs?<\/strong><\/p>\n<p>Vape Bang Vape 12000 Puffs sa p\u00fd\u0161i p\u00f4sobiv\u00fdmi 12000 potiahnutiami (v testovacom prostred\u00ed), \u010do poskytuje roz\u0161\u00edren\u00e9 pou\u017e\u00edvanie a trval\u00fa spokojnos\u0165.<\/p>\n<p><strong>2. Ak\u00fa silu nikot\u00ednu pon\u00faka Bang King Vape 20000 Puffs?<\/strong><\/p>\n<p>Vape Bang Vape 12000 sa dod\u00e1va predplnen\u00fd s 20 ml e-liquidu v nikot\u00ednovej sile 0% 2% 3% 5%, \u010do pon\u00faka vyv\u00e1\u017een\u00fd z\u00e1\u017eitok z vapovania.<\/p>\n<p><strong>3. Ako technol\u00f3gia Mesh Coil vylep\u0161uje z\u00e1\u017eitok z vapovania?<\/strong><\/p>\n<p>Technol\u00f3gia Mesh Coil integrovan\u00e1 do Vape Bang Vape 12000 Puffs s cievkou s n\u00edzkym odporom 1,0 ohm. Tento dizajn maximalizuje oblas\u0165 vykurovacej plochy, \u010do vedie k hlad\u0161\u00edm potiahnutiam a lep\u0161ej produkcii pary. Technol\u00f3gia zaru\u010duje rovnomern\u00e9 a konzistentn\u00e9 zahrievanie e-liquidu, \u010d\u00edm poskytuje vynikaj\u00faci chu\u0165ov\u00fd z\u00e1\u017eitok.<\/p>\n<p><strong>4. Kde si m\u00f4\u017eem k\u00fapi\u0165 origin\u00e1lny Bang King Vape 20000 Puffs?<\/strong><\/p>\n<p>Origin\u00e1lny Vape Bang Vape 12000 je k dispoz\u00edcii na n\u00e1kup prostredn\u00edctvom autorizovan\u00fdch distrib\u00fatorov. Pre ve\u013ekoobchodn\u00e9 dopyty m\u00f4\u017eu distrib\u00fatori <a href=\"https:\/\/wa.me\/8617776015835\" target=\"_blank\" rel=\"noopener\">kontaktujte n\u00e1s<\/a> priamo. Maloobchodn\u00ed z\u00e1kazn\u00edci n\u00e1jdu produkt u vybran\u00fdch predajcov alebo v online obchodoch. V\u0161etky produkty v na\u0161om obchode s\u00fa 100% origin\u00e1lne a autentick\u00e9, desa\u0165n\u00e1sobn\u00e9 od\u0161kodnenie za falo\u0161n\u00fd tovar je na\u0161a politika obchodu.<\/p>\n<p>&nbsp;<\/p>\n<h2><b>\u010cast\u00e9 ot\u00e1zky<\/b><\/h2>\n<div class=\"flex-shrink-0 flex flex-col relative items-end\">\n<div>\n<div class=\"pt-0\">\n<div class=\"gizmo-bot-avatar flex h-8 w-8 items-center justify-center overflow-hidden rounded-full\">\n<div><\/div>\n<div class=\"relative p-1 rounded-sm flex items-center justify-center bg-token-main-surface-primary text-token-text-primary h-8 w-8\"><strong>Ak\u00e9 sp\u00f4soby doru\u010denia sa pou\u017e\u00edvaj\u00fa?<\/strong><\/div>\n<\/div>\n<\/div>\n<\/div>\n<\/div>\n<div class=\"group\/conversation-turn relative flex w-full min-w-0 flex-col agent-turn\">\n<div class=\"flex-col gap-1 md:gap-3\">\n<div class=\"flex max-w-full flex-col flex-grow\">\n<div class=\"min-h-[20px] text-message flex w-full flex-col items-end gap-2 whitespace-normal break-words [.text-message+&amp;]:mt-5 overflow-x-auto\" dir=\"auto\" data-message-author-role=\"assistant\" data-message-id=\"22f8283b-3233-46ff-89a5-c7a41b33abda\">\n<div class=\"flex w-full flex-col gap-1 empty:hidden first:pt-[3px]\">\n<div class=\"markdown prose w-full break-words dark:prose-invert light\">\n<p>Spolupracujeme so spolo\u010dnos\u0165ami UPS, DHL, FedEx, DPD a \u010fal\u0161\u00edmi popredn\u00fdmi dopravcami. Vyberieme najlep\u0161\u00ed sp\u00f4sob doru\u010denia na z\u00e1klade va\u0161ej adresy, aby sme zaistili, \u017ee svoje produkty dostanete \u010do najr\u00fdchlej\u0161ie.<\/p>\n<\/div>\n<p><strong>Ako dlho trv\u00e1, k\u00fdm z\u00e1sielka doraz\u00ed?<\/strong><\/p>\n<p>Na Slovensko zvy\u010dajne doraz\u00ed do 10 pracovn\u00fdch dn\u00ed.<\/p>\n<p>Do eur\u00f3pskych kraj\u00edn to zvy\u010dajne trv\u00e1 pribli\u017ene 12-15 pracovn\u00fdch dn\u00ed.<\/p>\n<p>Budeme poskytova\u0165 aktu\u00e1lne inform\u00e1cie o stave va\u0161ej z\u00e1sielky.<\/p>\n<\/div>\n<\/div>\n<\/div>\n<\/div>\n<\/div>\n<p>&nbsp;<\/p>\n<p>\u010eal\u0161ie hor\u00face predajn\u00e9 vape, ktor\u00e9 by sa v\u00e1m mohli p\u00e1\u010di\u0165:<\/p>\n<p><a href=\"https:\/\/rmvapesale.com\/sk\/product\/bang-20000-puffs-disposable-vape-wholesale-supplier\/\">Bang Vape 20000 Puffs<\/a><\/p>\n<p><a href=\"https:\/\/rmvapesale.com\/sk\/product\/randm-tornado-7000-puffs-original-cheap-price-vapes-fumot-factory\/\">RandM Tornado 7000 Puffs<\/a><\/p>\n<p><a href=\"https:\/\/rmvapesale.com\/sk\/product\/bang-vape-tornado-12000-puffs-disposable-pod-factory-price\/\">BANG Tornado 12000 Puffs<\/a><\/p>\n<p>&nbsp;<\/p>\n<p>&nbsp;<\/p>\n<p>N\u00e1jdite \u010fal\u0161ie vape produkty, ktor\u00e9 by sa v\u00e1m mohli p\u00e1\u010di\u0165:<em><a href=\"https:\/\/rmvapesale.com\/sk\/shop-2\/\">nakupova\u0165 teraz\u00a0<\/a><\/em><\/p>","protected":false},"excerpt":{"rendered":"<p>Vape Bang Box 12000 Puffs Ve\u013ekoobchod<br \/>\nBang Box 12000 Puffs Jednorazov\u00e9 E Cigaretov\u00e9 Vape<br \/>\nBang Box 12000 Puffs 0% 2% 3% 5% Nikot\u00edn Nab\u00edjac\u00ed<\/p>\n<p><strong>Kontaktujte Amy pre viac zliav a ni\u017e\u0161iu MOQ Vape<\/strong><\/p>\n<p><img loading=\"lazy\" decoding=\"async\" class=\"size-medium wp-image-1814\" src=\"https:\/\/rmvapesale.com\/wp-content\/uploads\/2024\/04\/whatsapp-amy-229x300.jpg\" alt=\"whatsapp amy\" width=\"229\" height=\"300\" srcset=\"https:\/\/rmvapesale.com\/wp-content\/uploads\/2024\/04\/whatsapp-amy-229x300.jpg 229w, https:\/\/rmvapesale.com\/wp-content\/uploads\/2024\/04\/whatsapp-amy-783x1024.jpg 783w, https:\/\/rmvapesale.com\/wp-content\/uploads\/2024\/04\/whatsapp-amy-768x1005.jpg 768w, https:\/\/rmvapesale.com\/wp-content\/uploads\/2024\/04\/whatsapp-amy-600x785.jpg 600w, https:\/\/rmvapesale.com\/wp-content\/uploads\/2024\/04\/whatsapp-amy.jpg 990w\" sizes=\"auto, (max-width: 229px) 100vw, 229px\" \/><\/p>\n<h3><span style=\"color: #ff0000\"><strong>WhatsApp: +86 17776015835<\/strong><\/span><\/h3>","protected":false},"featured_media":2072,"comment_status":"open","ping_status":"closed","template":"","meta":{"_uag_custom_page_level_css":"","_lmt_disableupdate":"no","_lmt_disable":"","site-sidebar-layout":"default","site-content-layout":"content-boxed-container","ast-site-content-layout":"normal-width-container","site-content-style":"boxed","site-sidebar-style":"unboxed","ast-global-header-display":"","ast-banner-title-visibility":"","ast-main-header-display":"","ast-hfb-above-header-display":"","ast-hfb-below-header-display":"","ast-hfb-mobile-header-display":"","site-post-title":"","ast-breadcrumbs-content":"","ast-featured-img":"","footer-sml-layout":"","theme-transparent-header-meta":"default","adv-header-id-meta":"","stick-header-meta":"","header-above-stick-meta":"","header-main-stick-meta":"","header-below-stick-meta":"","astra-migrate-meta-layouts":"set","ast-page-background-enabled":"default","ast-page-background-meta":{"desktop":{"background-color":"var(--ast-global-color-4)","background-image":"","background-repeat":"repeat","background-position":"center center","background-size":"auto","background-attachment":"scroll","background-type":"","background-media":"","overlay-type":"","overlay-color":"","overlay-opacity":"","overlay-gradient":""},"tablet":{"background-color":"","background-image":"","background-repeat":"repeat","background-position":"center center","background-size":"auto","background-attachment":"scroll","background-type":"","background-media":"","overlay-type":"","overlay-color":"","overlay-opacity":"","overlay-gradient":""},"mobile":{"background-color":"","background-image":"","background-repeat":"repeat","background-position":"center center","background-size":"auto","background-attachment":"scroll","background-type":"","background-media":"","overlay-type":"","overlay-color":"","overlay-opacity":"","overlay-gradient":""}},"ast-content-background-meta":{"desktop":{"background-color":"var(--ast-global-color-5)","background-image":"","background-repeat":"repeat","background-position":"center center","background-size":"auto","background-attachment":"scroll","background-type":"","background-media":"","overlay-type":"","overlay-color":"","overlay-opacity":"","overlay-gradient":""},"tablet":{"background-color":"var(--ast-global-color-5)","background-image":"","background-repeat":"repeat","background-position":"center center","background-size":"auto","background-attachment":"scroll","background-type":"","background-media":"","overlay-type":"","overlay-color":"","overlay-opacity":"","overlay-gradient":""},"mobile":{"background-color":"var(--ast-global-color-5)","background-image":"","background-repeat":"repeat","background-position":"center center","background-size":"auto","background-attachment":"scroll","background-type":"","background-media":"","overlay-type":"","overlay-color":"","overlay-opacity":"","overlay-gradient":""}},"_joinchat":[]},"product_brand":[],"product_cat":[25,293,295,273,279,254,123,26,28,135,27,60,137,136,15,30],"product_tag":[77,76,63,57,58,59,37],"class_list":{"0":"post-2065","1":"product","2":"type-product","3":"status-publish","4":"has-post-thumbnail","6":"product_cat-germany-best-selling-vape","7":"product_cat-low-nicotine-disposable-vapes","8":"product_cat-rechargeable-disposable-vapes","9":"product_cat-bang-box-vape","10":"product_cat-bang-king-vape","11":"product_cat-12000-puff-disposable-vape","12":"product_cat-italy-wholesale-vape","13":"product_cat-netherlands-hot-sale-vape","14":"product_cat-poland-hot-sale-vape","15":"product_cat-spain-best-hot-sale-vape","16":"product_cat-fance-hot-sale-vape","17":"product_cat-bang-vapes","18":"product_cat-rechargeable-vapes","19":"product_cat-smart-screen-vapes","20":"product_cat-new-vape-this-week","21":"product_cat-minimum-order-quantity-50pcs","22":"product_tag-bang-box-12000","23":"product_tag-bang-king-vape","24":"product_tag-bang-vapes","25":"product_tag-disposable-vape-wholesale-supplier","26":"product_tag-electric-cigarettes","27":"product_tag-puffs-vape","28":"product_tag-wholesale-vape-price","29":"desktop-align-left","30":"tablet-align-left","31":"mobile-align-left","33":"first","34":"instock","35":"sale","36":"shipping-taxable","37":"purchasable","38":"product-type-simple"},"uagb_featured_image_src":{"full":["https:\/\/rmvapesale.com\/wp-content\/uploads\/2024\/09\/Bang-Box-12000-Puffs-Disposable-Vape.png",800,800,false],"thumbnail":["https:\/\/rmvapesale.com\/wp-content\/uploads\/2024\/09\/Bang-Box-12000-Puffs-Disposable-Vape-150x150.png",150,150,true],"medium":["https:\/\/rmvapesale.com\/wp-content\/uploads\/2024\/09\/Bang-Box-12000-Puffs-Disposable-Vape-300x300.png",300,300,true],"medium_large":["https:\/\/rmvapesale.com\/wp-content\/uploads\/2024\/09\/Bang-Box-12000-Puffs-Disposable-Vape-768x768.png",768,768,true],"large":["https:\/\/rmvapesale.com\/wp-content\/uploads\/2024\/09\/Bang-Box-12000-Puffs-Disposable-Vape.png",800,800,false],"1536x1536":["https:\/\/rmvapesale.com\/wp-content\/uploads\/2024\/09\/Bang-Box-12000-Puffs-Disposable-Vape.png",800,800,false],"2048x2048":["https:\/\/rmvapesale.com\/wp-content\/uploads\/2024\/09\/Bang-Box-12000-Puffs-Disposable-Vape.png",800,800,false],"trp-custom-language-flag":["https:\/\/rmvapesale.com\/wp-content\/uploads\/2024\/09\/Bang-Box-12000-Puffs-Disposable-Vape.png",12,12,false],"woocommerce_thumbnail":["https:\/\/rmvapesale.com\/wp-content\/uploads\/2024\/09\/Bang-Box-12000-Puffs-Disposable-Vape-300x300.png",300,300,true],"woocommerce_single":["https:\/\/rmvapesale.com\/wp-content\/uploads\/2024\/09\/Bang-Box-12000-Puffs-Disposable-Vape-600x600.png",600,600,true],"woocommerce_gallery_thumbnail":["https:\/\/rmvapesale.com\/wp-content\/uploads\/2024\/09\/Bang-Box-12000-Puffs-Disposable-Vape-100x100.png",100,100,true],"wcpr-photo-reviews":["https:\/\/rmvapesale.com\/wp-content\/uploads\/2024\/09\/Bang-Box-12000-Puffs-Disposable-Vape.png",500,500,false]},"uagb_author_info":{"display_name":"AMY","author_link":"https:\/\/rmvapesale.com\/sk\/author\/"},"uagb_comment_info":0,"uagb_excerpt":"Vape Bang Box 12000 Puffs Wholesale Bang Box 12000 Puffs Disposable E Cigarettes Vape Bang Box 12000 Puffs 0% 2% 3% 5% Nicotine Rechargeable Contact Amy For More Discount And Lower MOQ Vape WhatsApp: +86 17776015835","_links":{"self":[{"href":"https:\/\/rmvapesale.com\/sk\/wp-json\/wp\/v2\/product\/2065","targetHints":{"allow":["GET"]}}],"collection":[{"href":"https:\/\/rmvapesale.com\/sk\/wp-json\/wp\/v2\/product"}],"about":[{"href":"https:\/\/rmvapesale.com\/sk\/wp-json\/wp\/v2\/types\/product"}],"replies":[{"embeddable":true,"href":"https:\/\/rmvapesale.com\/sk\/wp-json\/wp\/v2\/comments?post=2065"}],"wp:featuredmedia":[{"embeddable":true,"href":"https:\/\/rmvapesale.com\/sk\/wp-json\/wp\/v2\/media\/2072"}],"wp:attachment":[{"href":"https:\/\/rmvapesale.com\/sk\/wp-json\/wp\/v2\/media?parent=2065"}],"wp:term":[{"taxonomy":"product_brand","embeddable":true,"href":"https:\/\/rmvapesale.com\/sk\/wp-json\/wp\/v2\/product_brand?post=2065"},{"taxonomy":"product_cat","embeddable":true,"href":"https:\/\/rmvapesale.com\/sk\/wp-json\/wp\/v2\/product_cat?post=2065"},{"taxonomy":"product_tag","embeddable":true,"href":"https:\/\/rmvapesale.com\/sk\/wp-json\/wp\/v2\/product_tag?post=2065"}],"curies":[{"name":"wp","href":"https:\/\/api.w.org\/{rel}","templated":true}]}}