{"id":2095,"date":"2024-09-23T03:14:35","date_gmt":"2024-09-23T03:14:35","guid":{"rendered":"https:\/\/rmvapesale.com\/?post_type=product&#038;p=2095"},"modified":"2025-01-21T09:18:03","modified_gmt":"2025-01-21T09:18:03","slug":"wga-crystal-pro-max-10000-puffs-disposable-vape","status":"publish","type":"product","link":"https:\/\/rmvapesale.com\/sk\/product\/wga-crystal-pro-max-10000-puffs-disposable-vape\/","title":{"rendered":"WGA Crystal Pro Max 10000 \u0164ahov Jednorazov\u00e9 Vape"},"content":{"rendered":"<div class=\"B2VR9 CJHX3e\">\n<div class=\"wyccme\">\n<h1>WGA Crystal Pro Max 10000 \u0164ahov Jednorazov\u00e9 Vape<\/h1>\n<p class=\"oatEtb\"><span style=\"font-size: 16px\">Jednorazov\u00e1 e-cigareta WGA Crystal Pro Max Plus 10000 Puffs sa m\u00f4\u017ee pochv\u00e1li\u0165 ohromuj\u00facim, kri\u0161t\u00e1\u013eovo \u010dist\u00fdm dizajnom, ktor\u00fd odr\u00e1\u017ea eleganciu aj vysok\u00fd v\u00fdkon. Toto zariadenie je skuto\u010dnou inov\u00e1ciou vo svete vapovania, plynule zapad\u00e1 do v\u00e1\u0161ho \u017eivotn\u00e9ho \u0161t\u00fdlu a z\u00e1rove\u0148 rob\u00ed odv\u00e1\u017ene vyhl\u00e1senie. Jeho \u013eahk\u00e9 \u0161asi zvy\u0161uje prenosnos\u0165, \u010do v\u00e1m umo\u017en\u00ed nosi\u0165 ho bez n\u00e1mahy vo vrecku \u2013 ide\u00e1lne pre cestovate\u013eov.<\/span><\/p>\n<\/div>\n<\/div>\n<p>WGA Crystal Pro Max nielen\u017ee vizu\u00e1lne zap\u00f4sob\u00ed, ale poskytuje aj v\u00fdnimo\u010dn\u00fd z\u00e1\u017eitok z vapovania. Vybaven\u00e1 pokro\u010dilou technol\u00f3giou mesh coil, produkuje hladk\u00fa, chutn\u00fa paru pri ka\u017edom vd\u00fdchnut\u00ed. Funkcia aktiv\u00e1cie \u0165ahu, navrhnut\u00e1 pre jednoduchos\u0165, eliminuje tla\u010didl\u00e1 a nastavenia \u2013 sta\u010d\u00ed vd\u00fdchnu\u0165 a vychutna\u0165 si to. Toto jednorazov\u00e9 zariadenie na vapovanie skuto\u010dne vynik\u00e1 \u0161t\u00fdlom aj v\u00fdkonom.<\/p>\n<p>&nbsp;<\/p>\n<p><strong>Kontaktujte Amy a z\u00edskajte spr\u00e1vnu odpove\u010f a \u010fal\u0161ie vide\u00e1 o produktoch!<\/strong><\/p>\n<p><img loading=\"lazy\" decoding=\"async\" class=\"size-full wp-image-1978\" src=\"https:\/\/rmvapesale.com\/wp-content\/uploads\/2024\/09\/Disposable-Vape-Wholesale.jpg\" alt=\"Jednorazov\u00fd vape ve\u013ekoobchod\" width=\"229\" height=\"300\" \/><\/p>\n<h3><span style=\"color: #ff0000\"><strong>WhatsApp: +86 17776015835<\/strong><\/span><\/h3>\n<p>&nbsp;<\/p>\n<h2><\/h2>\n<h2><strong>WGA Crystal Pro Max 10000 K\u013e\u00fa\u010dov\u00e9 vlastnosti<\/strong><\/h2>\n<p>&nbsp;<\/p>\n<p>Nikot\u00edn: 2%<br \/>\nPotiahnut\u00ed: 10000<br \/>\nKapacita: 20ml<br \/>\nPort typu C Cool farebn\u00e9 svetl\u00e1 v spodnej \u010dasti<br \/>\n850mah dob\u00edjacia bat\u00e9ria<\/p>\n<h2><\/h2>\n<h2><\/h2>\n<h2><strong>Najlep\u0161ia pr\u00edchu\u0165 pre WGA Crystal Pro Max 10000 Puffs<\/strong><\/h2>\n<p>Jednorazov\u00e9 pero na vapovanie WGA Crystal Pro Max 10000 sa p\u00fd\u0161i 36 odborne vytvoren\u00fdmi pr\u00edchu\u0165ami, z ktor\u00fdch ka\u017ed\u00e1 je navrhnut\u00e1 tak, aby pon\u00fakla v\u00fdrazn\u00fd a uspokojuj\u00faci z\u00e1\u017eitok z vapovania, je tu nie\u010do najlep\u0161ie pre v\u00e1s!<\/p>\n<p>&nbsp;<\/p>\n<p>1.Vodn\u00fd mel\u00f3n \u013ead<br \/>\n2.\u010cu\u010doriedka malina<span style=\"color: #ff0000\"><strong>&gt;&gt;&gt;&gt;Hor\u00face!<\/strong><\/span><br \/>\n3.\u010cere\u0161\u0148a<br \/>\n4.Gumov\u00fd medved\u00edk<span style=\"color: #ff0000\"><strong>&gt;&gt;&gt;&gt;Hor\u00face!<\/strong><\/span><br \/>\n5.Citr\u00f3n limetka<br \/>\n6.Jahodov\u00fd \u013ead<br \/>\n7. \u010cu\u010doriedka kysl\u00e1 malina<br \/>\n8. Modr\u00e1 malina \u010dere\u0161\u0148a<br \/>\n9. Modr\u00e1 malina \u013ead<span style=\"color: #ff0000\"><strong>&gt;&gt;&gt;&gt;Hor\u00face!<\/strong><\/span><br \/>\n10. Modr\u00e1 malina limon\u00e1da<br \/>\n11. P\u00e1n modr\u00fd<br \/>\n12. Skittles<br \/>\n13. Ru\u017eov\u00e1 limon\u00e1da<br \/>\n14. \u010cu\u010doriedka \u010dere\u0161\u0148a brusnica<br \/>\n15. \u010cu\u010doriedka<br \/>\n16. Vimto b\u00fdk<span style=\"color: #ff0000\"><strong>&gt;&gt;&gt;&gt;Hor\u00face!<\/strong><\/span><br \/>\n17. \u010cere\u0161\u0148ov\u00fd \u013ead<br \/>\n18. \u010cerven\u00e9 jablko \u013ead<br \/>\n19. \u0160\u0165avnat\u00e1 brosky\u0148a<br \/>\n20. \u010cere\u0161\u0148a brosky\u0148a limon\u00e1da<br \/>\n21. Dvojit\u00e9 jablko<br \/>\n22. Trojit\u00e9 mango<br \/>\n23. Anan\u00e1sov\u00fd \u013ead<br \/>\n24. Jahoda \u010dere\u0161\u0148a malina \u013ead<br \/>\n25. Mel\u00f3n \u010dere\u0161\u0148a<br \/>\n26. \u010cere\u0161\u0148a limetka malina<span style=\"color: #ff0000\"><strong>&gt;&gt;&gt;&gt;Najlep\u0161ie!<\/strong><\/span><br \/>\n27.Anan\u00e1sov\u00fd citr\u00f3n<br \/>\n28.\u010cu\u010doriedka, malina, gran\u00e1tov\u00e9 jablko<br \/>\n29.\u010cu\u010doriedka, jahoda, \u010dernica<br \/>\n30.Meta moon<br \/>\n31.\u013dadov\u00fd nanuk<br \/>\n32.Kolalime<br \/>\n33.Ban\u00e1nov\u00e1 \u013eadov\u00e1<br \/>\n34.Letn\u00fd sen<br \/>\n35.Modr\u00e1 malina, gran\u00e1tov\u00e9 jablko<br \/>\n36.\u017duva\u010dka Hubba bubba<\/p>\n<h2><strong>Ot\u00e1zky, ktor\u00e9 by ste chceli vedie\u0165 o WGA Crystal Pro Max 10k Puffs <\/strong><\/h2>\n<p>&nbsp;<\/p>\n<p><strong>1. Ko\u013eko nikot\u00ednu obsahuje Crystal Pro Max 10k?<\/strong><br \/>\nWGA Crystal Pro Max 10000 obsahuje 2% nikot\u00ednov\u00fa so\u013e. V\u010faka pokro\u010dilej technol\u00f3gii mesh cievok pon\u00faka vynikaj\u00faci z\u00e1\u017eitok z vapovania pln\u00fd bohatej chuti.<\/p>\n<p><strong>2. S\u00fa WGA 10k crystal vapes nab\u00edjate\u013en\u00e9?<\/strong><br \/>\n\u00c1no, WGA Crystal Pro Max 10000 obsahuje 850 mAh nab\u00edjate\u013en\u00fa bat\u00e9riu, ktor\u00e1 poskytuje dlhotrvaj\u00faci p\u00f4\u017eitok.<\/p>\n<p><strong>3. Ko\u013eko \u0165ahov m\u00f4\u017eete z\u00edska\u0165 z WGA Crystal Pro Max 10000?<\/strong><br \/>\nWGA Crystal Pro Max 10000 poskytuje pribli\u017ene 10 000 \u0165ahov, v z\u00e1vislosti od pou\u017e\u00edvania, a je k dispoz\u00edcii vo viac ako 30 pr\u00edchutiach.<\/p>\n<p><strong>4. Ako dlho trv\u00e1 nabitie WGA Crystal 10k?<\/strong><br \/>\nWGA Crystal Pro Max 10000 aj 15000 sa daj\u00fa plne nabi\u0165 u\u017e za 30 a\u017e 35 min\u00fat, \u010do zaru\u010duje r\u00fdchlu pripravenos\u0165 na pou\u017eitie.<\/p>\n<p>&nbsp;<\/p>\n<h3><b>\u010cast\u00e9 ot\u00e1zky<\/b><\/h3>\n<p>&nbsp;<\/p>\n<div class=\"flex-shrink-0 flex flex-col relative items-end\">\n<div>\n<div class=\"pt-0\">\n<div class=\"gizmo-bot-avatar flex h-8 w-8 items-center justify-center overflow-hidden rounded-full\">\n<div class=\"relative p-1 rounded-sm flex items-center justify-center bg-token-main-surface-primary text-token-text-primary h-8 w-8\"><strong>Ak\u00e9 sp\u00f4soby doru\u010denia sa pou\u017e\u00edvaj\u00fa?<\/strong><\/div>\n<\/div>\n<\/div>\n<\/div>\n<\/div>\n<div class=\"group\/conversation-turn relative flex w-full min-w-0 flex-col agent-turn\">\n<div class=\"flex-col gap-1 md:gap-3\">\n<div class=\"flex max-w-full flex-col flex-grow\">\n<div class=\"min-h-[20px] text-message flex w-full flex-col items-end gap-2 whitespace-normal break-words [.text-message+&amp;]:mt-5 overflow-x-auto\" dir=\"auto\" data-message-author-role=\"assistant\" data-message-id=\"22f8283b-3233-46ff-89a5-c7a41b33abda\">\n<div class=\"flex w-full flex-col gap-1 empty:hidden first:pt-[3px]\">\n<div class=\"markdown prose w-full break-words dark:prose-invert light\">\n<p>Spolupracujeme so spolo\u010dnos\u0165ami UPS, DHL, FedEx, DPD a \u010fal\u0161\u00edmi popredn\u00fdmi dopravcami. Vyberieme najlep\u0161\u00ed sp\u00f4sob doru\u010denia na z\u00e1klade va\u0161ej adresy, aby sme zaistili, \u017ee svoje produkty dostanete \u010do najr\u00fdchlej\u0161ie.<\/p>\n<\/div>\n<p><strong>Ako dlho trv\u00e1, k\u00fdm z\u00e1sielka doraz\u00ed?<\/strong><\/p>\n<p>Bal\u00edky doru\u010dovan\u00e9 na Slovensko zvy\u010dajne dorazia do 10 pracovn\u00fdch dn\u00ed. Doru\u010denie do eur\u00f3pskych kraj\u00edn zvy\u010dajne trv\u00e1 asi 12-15 pracovn\u00fdch dn\u00ed. Budeme v\u00e1s informova\u0165 o stave doru\u010denia v re\u00e1lnom \u010dase.<\/p>\n<\/div>\n<p><strong>Z\u00e1ruka<\/strong><\/p>\n<p><span style=\"color: #ff0000\"><strong>V\u0161etky produkty v na\u0161om obchode s\u00fa 100% origin\u00e1lne a autentick\u00e9. Za falo\u0161n\u00fd tovar pon\u00fakame 10-n\u00e1sobn\u00fa kompenz\u00e1ciu!<\/strong><\/span><\/p>\n<div class=\"flex w-full flex-col gap-1 empty:hidden first:pt-[3px]\">\n<p>&nbsp;<\/p>\n<\/div>\n<\/div>\n<\/div>\n<\/div>\n<\/div>\n<p>&nbsp;<\/p>\n<p>\u010eal\u0161ie hor\u00face vapy, ktor\u00e9 by sa v\u00e1m mohli p\u00e1\u010di\u0165:<\/p>\n<p><strong><a href=\"https:\/\/rmvapesale.com\/sk\/product\/wga-crystal-plus-20000-puff-dual-flavour-disposable-vape\/\">WGA Crystal Plus 20000<\/a><\/strong><\/p>\n<p><a href=\"https:\/\/rmvapesale.com\/sk\/product\/waspe-tornado-15000-puffs-original-factory-price\/\"><strong>Waspe Tornado 15000 \u0165ahov<\/strong><\/a><\/p>\n<p><a href=\"https:\/\/rmvapesale.com\/sk\/product\/wga-crystal-pro-max-extra-15k-puffs-disposable-vape-wholesale\/\"><strong>WGA Crystal Pro Max Extra 15000<\/strong><\/a><\/p>\n<p>&nbsp;<\/p>\n<p>&nbsp;<\/p>\n<p>N\u00e1jdite \u010fal\u0161ie vape produkty, ktor\u00e9 by sa v\u00e1m mohli p\u00e1\u010di\u0165:<strong><em><a href=\"https:\/\/rmvapesale.com\/sk\/shop-2\/\">nakupova\u0165 teraz &gt;&gt;&gt;<\/a><\/em><\/strong><\/p>","protected":false},"excerpt":{"rendered":"<p>Crystal Pro Max Plus WGA 10000 Puffs Jednorazov\u00e1 e-cigareta<br \/>\nWga Crystal Pro Max 10000 2% Nikot\u00ednov\u00e1 so\u013e<br \/>\nWGA Crystal Pro Max 10000 10k Puffs Ve\u013ekoobchod<\/p>\n<p><strong>Kontaktujte Amy pre viac zliav a ni\u017e\u0161iu MOQ Vape<\/strong><\/p>\n<p><img loading=\"lazy\" decoding=\"async\" class=\"size-full wp-image-1978\" src=\"https:\/\/rmvapesale.com\/wp-content\/uploads\/2024\/09\/Disposable-Vape-Wholesale.jpg\" alt=\"Jednorazov\u00fd vape ve\u013ekoobchod\" width=\"229\" height=\"300\" \/><\/p>\n<h3><span style=\"color: #ff0000\"><strong>WhatsApp: +86 17776015835<\/strong><\/span><\/h3>","protected":false},"featured_media":2099,"comment_status":"open","ping_status":"closed","template":"","meta":{"_uag_custom_page_level_css":"","_lmt_disableupdate":"no","_lmt_disable":"","site-sidebar-layout":"default","site-content-layout":"content-boxed-container","ast-site-content-layout":"normal-width-container","site-content-style":"boxed","site-sidebar-style":"unboxed","ast-global-header-display":"","ast-banner-title-visibility":"","ast-main-header-display":"","ast-hfb-above-header-display":"","ast-hfb-below-header-display":"","ast-hfb-mobile-header-display":"","site-post-title":"","ast-breadcrumbs-content":"","ast-featured-img":"","footer-sml-layout":"","theme-transparent-header-meta":"default","adv-header-id-meta":"","stick-header-meta":"","header-above-stick-meta":"","header-main-stick-meta":"","header-below-stick-meta":"","astra-migrate-meta-layouts":"set","ast-page-background-enabled":"default","ast-page-background-meta":{"desktop":{"background-color":"var(--ast-global-color-4)","background-image":"","background-repeat":"repeat","background-position":"center center","background-size":"auto","background-attachment":"scroll","background-type":"","background-media":"","overlay-type":"","overlay-color":"","overlay-opacity":"","overlay-gradient":""},"tablet":{"background-color":"","background-image":"","background-repeat":"repeat","background-position":"center center","background-size":"auto","background-attachment":"scroll","background-type":"","background-media":"","overlay-type":"","overlay-color":"","overlay-opacity":"","overlay-gradient":""},"mobile":{"background-color":"","background-image":"","background-repeat":"repeat","background-position":"center center","background-size":"auto","background-attachment":"scroll","background-type":"","background-media":"","overlay-type":"","overlay-color":"","overlay-opacity":"","overlay-gradient":""}},"ast-content-background-meta":{"desktop":{"background-color":"var(--ast-global-color-5)","background-image":"","background-repeat":"repeat","background-position":"center center","background-size":"auto","background-attachment":"scroll","background-type":"","background-media":"","overlay-type":"","overlay-color":"","overlay-opacity":"","overlay-gradient":""},"tablet":{"background-color":"var(--ast-global-color-5)","background-image":"","background-repeat":"repeat","background-position":"center center","background-size":"auto","background-attachment":"scroll","background-type":"","background-media":"","overlay-type":"","overlay-color":"","overlay-opacity":"","overlay-gradient":""},"mobile":{"background-color":"var(--ast-global-color-5)","background-image":"","background-repeat":"repeat","background-position":"center center","background-size":"auto","background-attachment":"scroll","background-type":"","background-media":"","overlay-type":"","overlay-color":"","overlay-opacity":"","overlay-gradient":""}},"_joinchat":[]},"product_brand":[],"product_cat":[15,290,291,293,295,299,283,271,25,123,26,28,135,27,137,136,30],"product_tag":[57,58,82,81,69],"class_list":{"0":"post-2095","1":"product","2":"type-product","3":"status-publish","4":"has-post-thumbnail","6":"product_cat-new-vape-this-week","7":"product_cat-crystal-disposable-vapes","8":"product_cat-dual-mesh-disposable-vapes","9":"product_cat-low-nicotine-disposable-vapes","10":"product_cat-rechargeable-disposable-vapes","11":"product_cat-smart-screen-disposable-vapes","12":"product_cat-wga-vape","13":"product_cat-10000-puff-disposable-vape","14":"product_cat-germany-best-selling-vape","15":"product_cat-italy-wholesale-vape","16":"product_cat-netherlands-hot-sale-vape","17":"product_cat-poland-hot-sale-vape","18":"product_cat-spain-best-hot-sale-vape","19":"product_cat-fance-hot-sale-vape","20":"product_cat-rechargeable-vapes","21":"product_cat-smart-screen-vapes","22":"product_cat-minimum-order-quantity-50pcs","23":"product_tag-disposable-vape-wholesale-supplier","24":"product_tag-electric-cigarettes","25":"product_tag-wga-crystal-10000-puffs","26":"product_tag-wga-crystal-pro-max","27":"product_tag-wga-vape","28":"desktop-align-left","29":"tablet-align-left","30":"mobile-align-left","32":"first","33":"instock","34":"sale","35":"shipping-taxable","36":"purchasable","37":"product-type-simple"},"uagb_featured_image_src":{"full":["https:\/\/rmvapesale.com\/wp-content\/uploads\/2024\/09\/WGA-Crystal-Pro-Max-Plus-10000-Vape.png",788,788,false],"thumbnail":["https:\/\/rmvapesale.com\/wp-content\/uploads\/2024\/09\/WGA-Crystal-Pro-Max-Plus-10000-Vape-150x150.png",150,150,true],"medium":["https:\/\/rmvapesale.com\/wp-content\/uploads\/2024\/09\/WGA-Crystal-Pro-Max-Plus-10000-Vape-300x300.png",300,300,true],"medium_large":["https:\/\/rmvapesale.com\/wp-content\/uploads\/2024\/09\/WGA-Crystal-Pro-Max-Plus-10000-Vape-768x768.png",768,768,true],"large":["https:\/\/rmvapesale.com\/wp-content\/uploads\/2024\/09\/WGA-Crystal-Pro-Max-Plus-10000-Vape.png",788,788,false],"1536x1536":["https:\/\/rmvapesale.com\/wp-content\/uploads\/2024\/09\/WGA-Crystal-Pro-Max-Plus-10000-Vape.png",788,788,false],"2048x2048":["https:\/\/rmvapesale.com\/wp-content\/uploads\/2024\/09\/WGA-Crystal-Pro-Max-Plus-10000-Vape.png",788,788,false],"trp-custom-language-flag":["https:\/\/rmvapesale.com\/wp-content\/uploads\/2024\/09\/WGA-Crystal-Pro-Max-Plus-10000-Vape.png",12,12,false],"woocommerce_thumbnail":["https:\/\/rmvapesale.com\/wp-content\/uploads\/2024\/09\/WGA-Crystal-Pro-Max-Plus-10000-Vape-300x300.png",300,300,true],"woocommerce_single":["https:\/\/rmvapesale.com\/wp-content\/uploads\/2024\/09\/WGA-Crystal-Pro-Max-Plus-10000-Vape-600x600.png",600,600,true],"woocommerce_gallery_thumbnail":["https:\/\/rmvapesale.com\/wp-content\/uploads\/2024\/09\/WGA-Crystal-Pro-Max-Plus-10000-Vape-100x100.png",100,100,true],"wcpr-photo-reviews":["https:\/\/rmvapesale.com\/wp-content\/uploads\/2024\/09\/WGA-Crystal-Pro-Max-Plus-10000-Vape.png",500,500,false]},"uagb_author_info":{"display_name":"AMY","author_link":"https:\/\/rmvapesale.com\/sk\/author\/"},"uagb_comment_info":0,"uagb_excerpt":"Crystal Pro Max Plus WGA 10000 Puffs Disposable Vape Wga Crystal Pro Max 10000 2% Nic Salt WGA Crystal Pro Max 10000 10k Puffs Wholesale Contact Amy For More Discount And Lower MOQ Vape WhatsApp: +86 17776015835","_links":{"self":[{"href":"https:\/\/rmvapesale.com\/sk\/wp-json\/wp\/v2\/product\/2095","targetHints":{"allow":["GET"]}}],"collection":[{"href":"https:\/\/rmvapesale.com\/sk\/wp-json\/wp\/v2\/product"}],"about":[{"href":"https:\/\/rmvapesale.com\/sk\/wp-json\/wp\/v2\/types\/product"}],"replies":[{"embeddable":true,"href":"https:\/\/rmvapesale.com\/sk\/wp-json\/wp\/v2\/comments?post=2095"}],"wp:featuredmedia":[{"embeddable":true,"href":"https:\/\/rmvapesale.com\/sk\/wp-json\/wp\/v2\/media\/2099"}],"wp:attachment":[{"href":"https:\/\/rmvapesale.com\/sk\/wp-json\/wp\/v2\/media?parent=2095"}],"wp:term":[{"taxonomy":"product_brand","embeddable":true,"href":"https:\/\/rmvapesale.com\/sk\/wp-json\/wp\/v2\/product_brand?post=2095"},{"taxonomy":"product_cat","embeddable":true,"href":"https:\/\/rmvapesale.com\/sk\/wp-json\/wp\/v2\/product_cat?post=2095"},{"taxonomy":"product_tag","embeddable":true,"href":"https:\/\/rmvapesale.com\/sk\/wp-json\/wp\/v2\/product_tag?post=2095"}],"curies":[{"name":"wp","href":"https:\/\/api.w.org\/{rel}","templated":true}]}}