{"id":2107,"date":"2024-09-23T05:28:49","date_gmt":"2024-09-23T05:28:49","guid":{"rendered":"https:\/\/rmvapesale.com\/?post_type=product&#038;p=2107"},"modified":"2025-01-21T09:18:50","modified_gmt":"2025-01-21T09:18:50","slug":"bang-25000-puffs-0-2-3-5-nicotine-led-display-vape-pod","status":"publish","type":"product","link":"https:\/\/rmvapesale.com\/sk\/product\/bang-25000-puffs-0-2-3-5-nicotine-led-display-vape-pod\/","title":{"rendered":"Bang 25000 \u0164ahov 0% 2% 3% 5% Nikot\u00ednov\u00fd LED Displej Vape Pod"},"content":{"rendered":"<h1><strong>Bang 25000 \u0164ahov 0% 2% 3% 5% Nikot\u00ednov\u00fd LED Displej Vape Pod<\/strong><\/h1>\n<p>Origin\u00e1lna e-cigareta Bang 25000 Puffs Vape pon\u00faka impozantn\u00fdch 25 000 po\u0165ahov na jedno zariadenie, \u010do eliminuje potrebu \u010dast\u00e9ho dob\u00edjania alebo v\u00fdmeny \u2013 v\u010faka \u010domu je ide\u00e1lna pre be\u017en\u00fdch vaperov. S ve\u013ekorysou kapacitou 30 ml e-liquidu t\u00e1to elektronick\u00e1 cigareta zais\u0165uje dlhotrvaj\u00faci a pr\u00edjemn\u00fd z\u00e1\u017eitok bez neust\u00e1leho dop\u013a\u0148ania. Vyhovie va\u0161im preferenci\u00e1m nikot\u00ednu s mo\u017enos\u0165ami koncentr\u00e1cie nikot\u00ednu 0%, 2%, 3% a 5%, \u010do v\u00e1m umo\u017en\u00ed vybra\u0165 si \u00farove\u0148, ktor\u00e1 v\u00e1m najviac vyhovuje.<\/p>\n<p>Bang 25000 je poh\u00e1\u0148an\u00fd 650 mAh bat\u00e9riou, zais\u0165uje dlhotrvaj\u00faci v\u00fdkon a funkcia nab\u00edjania typu C umo\u017e\u0148uje r\u00fdchle nab\u00edjanie. Zosta\u0148te informovan\u00ed v\u010faka displeju e-liquidu a bat\u00e9rie, tak\u017ee v\u017edy viete, kedy je \u010das nabi\u0165 alebo doplni\u0165. Mrie\u017ekov\u00e1 cievka s odporom 1,0\u03a9 zlep\u0161uje chu\u0165 a produkciu pary, \u010d\u00edm poskytuje hladk\u00fd a konzistentn\u00fd z\u00e1\u017eitok z vapovania.<\/p>\n<p><strong>Kontaktujte Amy a z\u00edskajte spr\u00e1vnu odpove\u010f a \u010fal\u0161ie vide\u00e1 o produktoch!<\/strong><\/p>\n<p><img loading=\"lazy\" decoding=\"async\" class=\"size-medium wp-image-1814\" src=\"https:\/\/rmvapesale.com\/wp-content\/uploads\/2024\/04\/whatsapp-amy-229x300.jpg\" alt=\"whatsapp amy\" width=\"229\" height=\"300\" srcset=\"https:\/\/rmvapesale.com\/wp-content\/uploads\/2024\/04\/whatsapp-amy-229x300.jpg 229w, https:\/\/rmvapesale.com\/wp-content\/uploads\/2024\/04\/whatsapp-amy-783x1024.jpg 783w, https:\/\/rmvapesale.com\/wp-content\/uploads\/2024\/04\/whatsapp-amy-768x1005.jpg 768w, https:\/\/rmvapesale.com\/wp-content\/uploads\/2024\/04\/whatsapp-amy-600x785.jpg 600w, https:\/\/rmvapesale.com\/wp-content\/uploads\/2024\/04\/whatsapp-amy.jpg 990w\" sizes=\"auto, (max-width: 229px) 100vw, 229px\" \/><\/p>\n<h3><span style=\"color: #ff0000\"><strong>WhatsApp: +86 17776015835<\/strong><\/span><\/h3>\n<p>&nbsp;<\/p>\n<h2><strong>Bang 25000 Puffs Vape K\u013e\u00fa\u010dov\u00e9 vlastnosti<\/strong><\/h2>\n<p>Nikot\u00edn: 0% 2% 3% 5%<br \/>\nPotiahnutia: 25000<br \/>\nKapacita: 30 ml<br \/>\nDostupn\u00fdch 12 pr\u00edchut\u00ed<br \/>\n650mah Nab\u00edjate\u013en\u00e9<br \/>\nMesh Coil (sie\u0165ov\u00e1 \u0161pir\u00e1lka)<\/p>\n<figure id=\"attachment_2101\" aria-describedby=\"caption-attachment-2101\" style=\"width: 300px\" class=\"wp-caption alignnone\"><img loading=\"lazy\" decoding=\"async\" class=\"size-medium wp-image-2101\" src=\"https:\/\/rmvapesale.com\/wp-content\/uploads\/2024\/09\/Bang-25000-25k-Puffs-Vape-Original-300x300.png\" alt=\"Bang 25000 25k Puffs Vape origin\u00e1l\" width=\"300\" height=\"300\" srcset=\"https:\/\/rmvapesale.com\/wp-content\/uploads\/2024\/09\/Bang-25000-25k-Puffs-Vape-Original-300x300.png 300w, https:\/\/rmvapesale.com\/wp-content\/uploads\/2024\/09\/Bang-25000-25k-Puffs-Vape-Original-150x150.png 150w, https:\/\/rmvapesale.com\/wp-content\/uploads\/2024\/09\/Bang-25000-25k-Puffs-Vape-Original-768x768.png 768w, https:\/\/rmvapesale.com\/wp-content\/uploads\/2024\/09\/Bang-25000-25k-Puffs-Vape-Original-600x600.png 600w, https:\/\/rmvapesale.com\/wp-content\/uploads\/2024\/09\/Bang-25000-25k-Puffs-Vape-Original-100x100.png 100w, https:\/\/rmvapesale.com\/wp-content\/uploads\/2024\/09\/Bang-25000-25k-Puffs-Vape-Original.png 788w\" sizes=\"auto, (max-width: 300px) 100vw, 300px\" \/><figcaption id=\"caption-attachment-2101\" class=\"wp-caption-text\">Bang 25000 25k Puffs Vape origin\u00e1l<\/figcaption><\/figure>\n<h2><strong>Najlep\u0161ia chu\u0165 pre Bang 25000 Puffs<\/strong><\/h2>\n<p>Tento jednorazov\u00fd pod Bang 25000 Puffs sa m\u00f4\u017ee pochv\u00e1li\u0165 bohat\u00fdmi pr\u00edchu\u0165ami, vybra\u0165 si m\u00f4\u017eete z 12 lahodn\u00fdch pr\u00edchut\u00ed, od ovocn\u00fdch, cez m\u00e4tov\u00e9 a\u017e po klasick\u00e9 tabakov\u00e9, \u010d\u00edm sa zaist\u00ed, \u017ee si ka\u017ed\u00fd n\u00e1jde nie\u010do pre seba. Ni\u017e\u0161ie n\u00e1jdete pr\u00edchute, ktor\u00e9 s\u00fa najpred\u00e1vanej\u0161ie pod\u013ea na\u0161ich \u00fadajov.<\/p>\n<p>1.Vodn\u00fd mel\u00f3n \u013ead <span style=\"color: #ff0000\"><strong>&gt;&gt;&gt;&gt;Najlep\u0161ie!<\/strong><\/span><br \/>\n2. Jahoda kiwi<br \/>\n3. Jahodov\u00fd \u013ead<br \/>\n4. Mango Brosky\u0148a<br \/>\n5. \u010cu\u010doriedka Malina<span style=\"color: #ff0000\"><strong>&gt;&gt;&gt;&gt;Hor\u00face!<\/strong><\/span><br \/>\n6. \u010cu\u010doriedka M\u00e4ta<br \/>\n7. Mix OVOCIA<br \/>\n8.Jahodov\u00fd mel\u00f3n<br \/>\n9. Hroznov\u00e9 \u013eadov\u00e9<br \/>\n10. Mel\u00f3nov\u00e1 \u017euva\u010dka<br \/>\n11.Blueberry \u013ead<br \/>\n12. Tigria krv<span style=\"color: #ff0000\"><strong>&gt;&gt;&gt;&gt;Hor\u00face!<\/strong><\/span><\/p>\n<p>&nbsp;<\/p>\n<h2><strong>Ot\u00e1zky, ktor\u00e9 by ste mohli chcie\u0165 vedie\u0165 o Bang 25000 Puffs<\/strong><\/h2>\n<p>&nbsp;<\/p>\n<p><strong>1. Ako m\u00e1m pou\u017e\u00edva\u0165 Bang 25000 Puffs, ak som vo vapovan\u00ed nov\u00e1\u010dik?<\/strong><br \/>\nBang Digital 15000 Puffs je navrhnut\u00fd pre jednoduch\u00e9 pou\u017eitie. Jednoducho rozba\u013ete zariadenie a za\u010dnite \u0165aha\u0165, aby ste si vychutnali vami vybran\u00fa pr\u00edchu\u0165. Nie s\u00fa potrebn\u00e9 \u017eiadne zlo\u017eit\u00e9 nastavenia ani \u00fadr\u017eba, v\u010faka \u010domu je ide\u00e1lnou vo\u013ebou pre za\u010diato\u010dn\u00edkov.<\/p>\n<p><strong>2. Je Bang 25000<\/strong> <strong>Puffs ekologick\u00fd?<\/strong><br \/>\n\u00c1no, Vapes Slovakia sa zaviazala k udr\u017eate\u013enosti. Hoci je Bang Digital 15000 Puffs jednorazov\u00e9 zariadenie, odpor\u00fa\u010dame zodpovedn\u00fa likvid\u00e1ciu. Pou\u017e\u00edvajte na to ur\u010den\u00e9 zariadenia na recykl\u00e1ciu elektronick\u00e9ho odpadu, aby ste minimalizovali vplyv na \u017eivotn\u00e9 prostredie a zabezpe\u010dili spr\u00e1vnu manipul\u00e1ciu so s\u00fa\u010das\u0165ami zariadenia.<\/p>\n<p><strong>3. Ako m\u00e1m bezpe\u010dne zlikvidova\u0165 Bang 25000 Puffs?<\/strong><br \/>\nAk chcete zlikvidova\u0165 Bang Digital 15000 Puffs, najprv sa uistite, \u017ee je \u00faplne vybit\u00fd. Potom sa ria\u010fte miestnymi predpismi pre likvid\u00e1ciu elektronick\u00e9ho odpadu alebo recykla\u010dn\u00e9 centr\u00e1. Mnoh\u00e9 komunity pon\u00fakaj\u00fa \u0161pecifick\u00e9 zbern\u00e9 miesta pre elektronick\u00e9 zariadenia, aby sa zabezpe\u010dila spr\u00e1vna likvid\u00e1cia a zn\u00ed\u017eil sa vplyv na \u017eivotn\u00e9 prostredie.<\/p>\n<p><strong>4. Je Bang 25000 Puffs bezpe\u010dn\u00fd na pou\u017e\u00edvanie a likvid\u00e1ciu?<\/strong><br \/>\nUr\u010dite. Bang Digital Box 15000 je navrhnut\u00fd s oh\u013eadom na bezpe\u010dnos\u0165 a dodr\u017eiava priemyseln\u00e9 normy. Jeho jednorazov\u00e1 povaha eliminuje obavy z \u00fadr\u017eby a pri zodpovednej likvid\u00e1cii m\u00e1 minim\u00e1lny vplyv na \u017eivotn\u00e9 prostredie. V\u017edy dodr\u017eiavajte bezpe\u010dnostn\u00e9 pokyny a v pr\u00edpade ak\u00fdchko\u013evek konkr\u00e9tnych ot\u00e1zok sa nev\u00e1hajte obr\u00e1ti\u0165 na n\u00e1\u0161 t\u00edm z\u00e1kazn\u00edckej podpory.<\/p>\n<p>&nbsp;<\/p>\n<h3><b>\u010cast\u00e9 ot\u00e1zky<\/b><\/h3>\n<div class=\"flex-shrink-0 flex flex-col relative items-end\">\n<div>\n<div class=\"pt-0\">\n<div class=\"gizmo-bot-avatar flex h-8 w-8 items-center justify-center overflow-hidden rounded-full\">\n<div class=\"relative p-1 rounded-sm flex items-center justify-center bg-token-main-surface-primary text-token-text-primary h-8 w-8\"><strong>Ak\u00e9 sp\u00f4soby doru\u010denia sa pou\u017e\u00edvaj\u00fa?<\/strong><\/div>\n<\/div>\n<\/div>\n<\/div>\n<\/div>\n<div class=\"group\/conversation-turn relative flex w-full min-w-0 flex-col agent-turn\">\n<div class=\"flex-col gap-1 md:gap-3\">\n<div class=\"flex max-w-full flex-col flex-grow\">\n<div class=\"min-h-[20px] text-message flex w-full flex-col items-end gap-2 whitespace-normal break-words [.text-message+&amp;]:mt-5 overflow-x-auto\" dir=\"auto\" data-message-author-role=\"assistant\" data-message-id=\"22f8283b-3233-46ff-89a5-c7a41b33abda\">\n<div class=\"flex w-full flex-col gap-1 empty:hidden first:pt-[3px]\">\n<div class=\"markdown prose w-full break-words dark:prose-invert light\">\n<p>Spolupracujeme so spolo\u010dnos\u0165ami UPS, DHL, FedEx, DPD a \u010fal\u0161\u00edmi popredn\u00fdmi dopravcami. Vyberieme najlep\u0161\u00ed sp\u00f4sob doru\u010denia na z\u00e1klade va\u0161ej adresy, aby sme zaistili, \u017ee svoje produkty dostanete \u010do najr\u00fdchlej\u0161ie.<\/p>\n<\/div>\n<p><strong>Ako dlho trv\u00e1, k\u00fdm z\u00e1sielka doraz\u00ed?<\/strong><\/p>\n<p>Bal\u00edky doru\u010dovan\u00e9 na Slovensko zvy\u010dajne dorazia do 10 pracovn\u00fdch dn\u00ed. Doru\u010denie do eur\u00f3pskych kraj\u00edn zvy\u010dajne trv\u00e1 asi 12-15 pracovn\u00fdch dn\u00ed. Budeme v\u00e1s informova\u0165 o stave doru\u010denia v re\u00e1lnom \u010dase.<\/p>\n<\/div>\n<\/div>\n<\/div>\n<\/div>\n<\/div>\n<p>&nbsp;<\/p>\n<p>\u010eal\u0161ie hor\u00face predajn\u00e9 vape, ktor\u00e9 by sa v\u00e1m mohli p\u00e1\u010di\u0165:<\/p>\n<p><a href=\"https:\/\/rmvapesale.com\/sk\/product\/bang-30k-puffs-disposable-vape-double-taste-wholesale-italy\/\">Bang 30k potiahnut\u00ed<\/a><\/p>\n<p><a href=\"https:\/\/rmvapesale.com\/sk\/product\/bang-beach-22000-puffs-smart-screen-vapes-factory-price\/\">Bang Beach 22000 potiahnut\u00ed<\/a><\/p>\n<p><a href=\"https:\/\/rmvapesale.com\/sk\/product\/randm-tornado-15000-puffs-vape-wholesale\/\">RandM Tornado 15000 \u0165ahov<\/a><\/p>\n<p><a href=\"https:\/\/rmvapesale.com\/sk\/product\/bang-20000-puffs-disposable-vape-wholesale-supplier\/\">Bang 20000 potiahnut\u00ed<\/a><\/p>\n<p>&nbsp;<\/p>\n<p>N\u00e1jdite \u010fal\u0161ie vape produkty, ktor\u00e9 by sa v\u00e1m mohli p\u00e1\u010di\u0165:<em><a href=\"https:\/\/rmvapesale.com\/sk\/shop-2\/\">nakupova\u0165 teraz\u00a0<\/a><\/em><\/p>","protected":false},"excerpt":{"rendered":"<p class=\"LC20lb MBeuO DKV0Md\">Bang 25000 Pufov 0% 2% 3% 5% N\u00edzky obsah nikot\u00ednu Ve\u013ekoobchodn\u00e1 k\u00fapa<br \/>\nBang 25000 25k Pufov Vaporiz\u00e9r Origin\u00e1l E-Cigareta<br \/>\nBang 25000 \u00daderov Dvojit\u00e9 Pody Ve\u013ekoobchod<\/p>\n<p><strong>Kontaktujte Amy pre viac zliav a ni\u017e\u0161iu MOQ Vape<\/strong><\/p>\n<p><img loading=\"lazy\" decoding=\"async\" class=\"size-medium wp-image-1814\" src=\"https:\/\/rmvapesale.com\/wp-content\/uploads\/2024\/04\/whatsapp-amy-229x300.jpg\" alt=\"whatsapp amy\" width=\"229\" height=\"300\" srcset=\"https:\/\/rmvapesale.com\/wp-content\/uploads\/2024\/04\/whatsapp-amy-229x300.jpg 229w, https:\/\/rmvapesale.com\/wp-content\/uploads\/2024\/04\/whatsapp-amy-783x1024.jpg 783w, https:\/\/rmvapesale.com\/wp-content\/uploads\/2024\/04\/whatsapp-amy-768x1005.jpg 768w, https:\/\/rmvapesale.com\/wp-content\/uploads\/2024\/04\/whatsapp-amy-600x785.jpg 600w, https:\/\/rmvapesale.com\/wp-content\/uploads\/2024\/04\/whatsapp-amy.jpg 990w\" sizes=\"auto, (max-width: 229px) 100vw, 229px\" \/><\/p>\n<h3><span style=\"color: #ff0000\"><strong>WhatsApp: +86 17776015835<\/strong><\/span><\/h3>","protected":false},"featured_media":2105,"comment_status":"open","ping_status":"closed","template":"","meta":{"_uag_custom_page_level_css":"","_lmt_disableupdate":"no","_lmt_disable":"","site-sidebar-layout":"default","site-content-layout":"content-boxed-container","ast-site-content-layout":"normal-width-container","site-content-style":"boxed","site-sidebar-style":"unboxed","ast-global-header-display":"","ast-banner-title-visibility":"","ast-main-header-display":"","ast-hfb-above-header-display":"","ast-hfb-below-header-display":"","ast-hfb-mobile-header-display":"","site-post-title":"","ast-breadcrumbs-content":"","ast-featured-img":"","footer-sml-layout":"","theme-transparent-header-meta":"default","adv-header-id-meta":"","stick-header-meta":"","header-above-stick-meta":"","header-main-stick-meta":"","header-below-stick-meta":"","astra-migrate-meta-layouts":"set","ast-page-background-enabled":"default","ast-page-background-meta":{"desktop":{"background-color":"var(--ast-global-color-4)","background-image":"","background-repeat":"repeat","background-position":"center center","background-size":"auto","background-attachment":"scroll","background-type":"","background-media":"","overlay-type":"","overlay-color":"","overlay-opacity":"","overlay-gradient":""},"tablet":{"background-color":"","background-image":"","background-repeat":"repeat","background-position":"center center","background-size":"auto","background-attachment":"scroll","background-type":"","background-media":"","overlay-type":"","overlay-color":"","overlay-opacity":"","overlay-gradient":""},"mobile":{"background-color":"","background-image":"","background-repeat":"repeat","background-position":"center center","background-size":"auto","background-attachment":"scroll","background-type":"","background-media":"","overlay-type":"","overlay-color":"","overlay-opacity":"","overlay-gradient":""}},"ast-content-background-meta":{"desktop":{"background-color":"var(--ast-global-color-5)","background-image":"","background-repeat":"repeat","background-position":"center center","background-size":"auto","background-attachment":"scroll","background-type":"","background-media":"","overlay-type":"","overlay-color":"","overlay-opacity":"","overlay-gradient":""},"tablet":{"background-color":"var(--ast-global-color-5)","background-image":"","background-repeat":"repeat","background-position":"center center","background-size":"auto","background-attachment":"scroll","background-type":"","background-media":"","overlay-type":"","overlay-color":"","overlay-opacity":"","overlay-gradient":""},"mobile":{"background-color":"var(--ast-global-color-5)","background-image":"","background-repeat":"repeat","background-position":"center center","background-size":"auto","background-attachment":"scroll","background-type":"","background-media":"","overlay-type":"","overlay-color":"","overlay-opacity":"","overlay-gradient":""}},"_joinchat":[]},"product_brand":[],"product_cat":[60,289,291,292,293,295,299,273,279,256,25,123,26,28,135,27,137,136,15,30],"product_tag":[83,63,58,41,84,85,37],"class_list":{"0":"post-2107","1":"product","2":"type-product","3":"status-publish","4":"has-post-thumbnail","6":"product_cat-bang-vapes","7":"product_cat-big-puffs-disposable-vapes","8":"product_cat-dual-mesh-disposable-vapes","9":"product_cat-digital-disposable-vapes","10":"product_cat-low-nicotine-disposable-vapes","11":"product_cat-rechargeable-disposable-vapes","12":"product_cat-smart-screen-disposable-vapes","13":"product_cat-bang-box-vape","14":"product_cat-bang-king-vape","15":"product_cat-25000-puff-disposable-vape","16":"product_cat-germany-best-selling-vape","17":"product_cat-italy-wholesale-vape","18":"product_cat-netherlands-hot-sale-vape","19":"product_cat-poland-hot-sale-vape","20":"product_cat-spain-best-hot-sale-vape","21":"product_cat-fance-hot-sale-vape","22":"product_cat-rechargeable-vapes","23":"product_cat-smart-screen-vapes","24":"product_cat-new-vape-this-week","25":"product_cat-minimum-order-quantity-50pcs","26":"product_tag-bang-25000-puffs","27":"product_tag-bang-vapes","28":"product_tag-electric-cigarettes","29":"product_tag-original-factory-vape","30":"product_tag-rechargeable-disposable-vapes","31":"product_tag-smart-disposable-vape","32":"product_tag-wholesale-vape-price","33":"desktop-align-left","34":"tablet-align-left","35":"mobile-align-left","37":"first","38":"instock","39":"sale","40":"shipping-taxable","41":"purchasable","42":"product-type-simple"},"uagb_featured_image_src":{"full":["https:\/\/rmvapesale.com\/wp-content\/uploads\/2024\/09\/Bang-25000-Vape.png",788,788,false],"thumbnail":["https:\/\/rmvapesale.com\/wp-content\/uploads\/2024\/09\/Bang-25000-Vape-150x150.png",150,150,true],"medium":["https:\/\/rmvapesale.com\/wp-content\/uploads\/2024\/09\/Bang-25000-Vape-300x300.png",300,300,true],"medium_large":["https:\/\/rmvapesale.com\/wp-content\/uploads\/2024\/09\/Bang-25000-Vape-768x768.png",768,768,true],"large":["https:\/\/rmvapesale.com\/wp-content\/uploads\/2024\/09\/Bang-25000-Vape.png",788,788,false],"1536x1536":["https:\/\/rmvapesale.com\/wp-content\/uploads\/2024\/09\/Bang-25000-Vape.png",788,788,false],"2048x2048":["https:\/\/rmvapesale.com\/wp-content\/uploads\/2024\/09\/Bang-25000-Vape.png",788,788,false],"trp-custom-language-flag":["https:\/\/rmvapesale.com\/wp-content\/uploads\/2024\/09\/Bang-25000-Vape.png",12,12,false],"woocommerce_thumbnail":["https:\/\/rmvapesale.com\/wp-content\/uploads\/2024\/09\/Bang-25000-Vape-300x300.png",300,300,true],"woocommerce_single":["https:\/\/rmvapesale.com\/wp-content\/uploads\/2024\/09\/Bang-25000-Vape-600x600.png",600,600,true],"woocommerce_gallery_thumbnail":["https:\/\/rmvapesale.com\/wp-content\/uploads\/2024\/09\/Bang-25000-Vape-100x100.png",100,100,true],"wcpr-photo-reviews":["https:\/\/rmvapesale.com\/wp-content\/uploads\/2024\/09\/Bang-25000-Vape.png",500,500,false]},"uagb_author_info":{"display_name":"AMY","author_link":"https:\/\/rmvapesale.com\/sk\/author\/"},"uagb_comment_info":0,"uagb_excerpt":"Bang 25000 Puffs 0% 2% 3% 5% Low Nicotine Bulk Buy Bang 25000 25k Puffs Vape Original E-Cigarette Bang 25000 Hits Dual Pods Wholesale Contact Amy For More Discount And Lower MOQ Vape WhatsApp: +86 17776015835","_links":{"self":[{"href":"https:\/\/rmvapesale.com\/sk\/wp-json\/wp\/v2\/product\/2107","targetHints":{"allow":["GET"]}}],"collection":[{"href":"https:\/\/rmvapesale.com\/sk\/wp-json\/wp\/v2\/product"}],"about":[{"href":"https:\/\/rmvapesale.com\/sk\/wp-json\/wp\/v2\/types\/product"}],"replies":[{"embeddable":true,"href":"https:\/\/rmvapesale.com\/sk\/wp-json\/wp\/v2\/comments?post=2107"}],"wp:featuredmedia":[{"embeddable":true,"href":"https:\/\/rmvapesale.com\/sk\/wp-json\/wp\/v2\/media\/2105"}],"wp:attachment":[{"href":"https:\/\/rmvapesale.com\/sk\/wp-json\/wp\/v2\/media?parent=2107"}],"wp:term":[{"taxonomy":"product_brand","embeddable":true,"href":"https:\/\/rmvapesale.com\/sk\/wp-json\/wp\/v2\/product_brand?post=2107"},{"taxonomy":"product_cat","embeddable":true,"href":"https:\/\/rmvapesale.com\/sk\/wp-json\/wp\/v2\/product_cat?post=2107"},{"taxonomy":"product_tag","embeddable":true,"href":"https:\/\/rmvapesale.com\/sk\/wp-json\/wp\/v2\/product_tag?post=2107"}],"curies":[{"name":"wp","href":"https:\/\/api.w.org\/{rel}","templated":true}]}}