{"id":2138,"date":"2024-09-24T07:38:58","date_gmt":"2024-09-24T07:38:58","guid":{"rendered":"https:\/\/rmvapesale.com\/?post_type=product&#038;p=2138"},"modified":"2025-01-21T09:22:28","modified_gmt":"2025-01-21T09:22:28","slug":"bang-pulse-18000-puffs-18k-disposable-vape-factory-price","status":"publish","type":"product","link":"https:\/\/rmvapesale.com\/sk\/product\/bang-pulse-18000-puffs-18k-disposable-vape-factory-price\/","title":{"rendered":"Bang Pulse 18000 \u0164ahov 18k Jednorazov\u00e1 Vape Tov\u00e1rensk\u00e1 Cena"},"content":{"rendered":"<div class=\"B2VR9 CJHX3e\">\n<div class=\"wyccme\">\n<h1>Bang Pulse 18000 \u0164ahov 18k Jednorazov\u00e1 Vape Tov\u00e1rensk\u00e1 Cena<\/h1>\n<p>Bang Pulse 18000 Puffs je elegantn\u00e1 a vysoko funk\u010dn\u00e1 jednorazov\u00e1 e-cigareta, ktor\u00e1 pon\u00faka p\u00f4sobiv\u00fdch 18000 potiahnut\u00ed pri vapovan\u00ed. T\u00e1to jednorazov\u00e1 vapovacia zariadenie s ve\u013ek\u00fdm objemom 26 ml e tekutiny a v\u00fdkonnou bat\u00e9riou 650 mAh zabezpe\u010duje, \u017ee pou\u017e\u00edvatelia si m\u00f4\u017eu vychutna\u0165 uspokojiv\u00fd z\u00e1\u017eitok z vapovania bez \u010dast\u00e9ho dob\u00edjania alebo dop\u013a\u0148ania. \u010co je e\u0161te viac, toto zariadenie umo\u017e\u0148uje pou\u017e\u00edvate\u013eom upravi\u0165 prietok vzduchu pod\u013ea ich n\u00e1lady, \u010d\u00edm poskytuje prisp\u00f4soben\u00fd a pr\u00e9miov\u00fd z\u00e1\u017eitok z vapovania.<\/p>\n<\/div>\n<div class=\"wyccme\">\n<p>Kontaktujte n\u00e1s a za\u010dnite s vlastn\u00fdm Bang Pulse 18000 Puffs za v\u00fdrobn\u00fa cenu e\u0161te dnes!<\/p>\n<\/div>\n<\/div>\n<p><strong>Kontaktujte Amy a z\u00edskajte spr\u00e1vnu odpove\u010f a \u010fal\u0161ie vide\u00e1 o produktoch!<\/strong><\/p>\n<p><img loading=\"lazy\" decoding=\"async\" class=\"size-full wp-image-1978\" src=\"https:\/\/rmvapesale.com\/wp-content\/uploads\/2024\/09\/Disposable-Vape-Wholesale.jpg\" alt=\"Jednorazov\u00fd vape ve\u013ekoobchod\" width=\"229\" height=\"300\" \/><\/p>\n<h3><span style=\"color: #ff0000\"><strong>WhatsApp: +86 17776015835<\/strong><\/span><\/h3>\n<p>&nbsp;<\/p>\n<h2><\/h2>\n<h2><strong>K\u013e\u00fa\u010dov\u00e9 vlastnosti Bang Pulse 18000<\/strong><\/h2>\n<p>a\u017e 18000 potiahnut\u00ed<br \/>\nVstavan\u00e1 bat\u00e9ria 650mAh<br \/>\n26 ml prednaplnen\u00e9ho e-tekutiny<br \/>\n0%, 2%, 3%, 5% \u00farove\u0148 nikot\u00ednu<br \/>\nNab\u00edjate\u013en\u00e9 cez Type-C<br \/>\nLED displej v\u00fdkonu<\/p>\n<h2><\/h2>\n<h2><strong>Najlep\u0161ia chu\u0165 pre Bang Pulse 18000 Vape<\/strong><\/h2>\n<p>Jednorazov\u00fd vape pod Bang 18000 sa p\u00fd\u0161i 12 pr\u00edchu\u0165ami, z ktor\u00fdch ka\u017ed\u00e1 je navrhnut\u00e1 tak, aby pon\u00fakala jedine\u010dn\u00fd a uspokojiv\u00fd z\u00e1\u017eitok z vapovania, ur\u010dite sa pre v\u00e1s nie\u010do n\u00e1jde!<\/p>\n<p>1. Cheery Bomb<span style=\"color: #ff0000\"><strong>&gt;&gt;&gt;&gt;Hor\u00face!<\/strong><\/span><br \/>\n2. \u0160\u0165avnat\u00e1 brosky\u0148a s \u013eadom<br \/>\n3. Tropick\u00e9 ovocie<br \/>\n4.Hroznov\u00e1 \u013eadov\u00e1<br \/>\n5.Brosky\u0148a Mango<br \/>\n6. Jahodov\u00fd ban\u00e1n<span style=\"color: #ff0000\"><strong>&gt;&gt;&gt;&gt;Hor\u00face!<\/strong><\/span><br \/>\n7. Jahodovo-mango<br \/>\n8. Triple Berry Ice<br \/>\n9. Jahodov\u00e1 vodn\u00e1 mel\u00f3n<br \/>\n10. Vodn\u00fd mel\u00f3n \u013ead<br \/>\n11. Blue Razz Ice<span style=\"color: #ff0000\"><strong>&gt;&gt;&gt;&gt;Najlep\u0161ie!<\/strong><\/span><br \/>\n12. Kysl\u00e9 jablko Ice<\/p>\n<p>&nbsp;<\/p>\n<h2><strong>Ot\u00e1zky, ktor\u00e9 by ste mohli ma\u0165 o Bang Pulse 18000 Puffs<\/strong><\/h2>\n<p>&nbsp;<\/p>\n<p><strong>1. Ko\u013eko nikot\u00ednu je v Bang Pulse 18000?<\/strong><br \/>\nBang Pulse 18000 jednorazov\u00e1 vapovacia zariadenie obsahuje 0%2%3% 5% nikot\u00ednov\u00fdch sol\u00ed. S pokro\u010dilou technol\u00f3giou mrie\u017ekov\u00e9ho cievky pon\u00faka vynikaj\u00faci z\u00e1\u017eitok z pary pln\u00fd bohat\u00fdch chut\u00ed.<\/p>\n<p><strong>2. Je Bang Pulse 18000 jednorazov\u00e1 vapovacia zariadenie dob\u00edjate\u013en\u00e1?<\/strong><br \/>\n\u00c1no, Bang 18000 obsahuje 650 mAh dob\u00edjaciu bat\u00e9riu, ktor\u00e1 poskytuje dlhotrvaj\u00faci p\u00f4\u017eitok.<\/p>\n<p><strong>3. Ko\u013eko potiahnut\u00ed m\u00f4\u017eete z\u00edska\u0165 z Bang Pulse 18000Puffs?<\/strong><br \/>\nBang 18000 Puffs poskytuje okolo 18000 po\u0165ahov, v z\u00e1vislosti od pou\u017e\u00edvania, a je k dispoz\u00edcii v 16 pr\u00edchutiach.<\/p>\n<p><strong>4. Ako dlho trv\u00e1 nabitie Bang Pulse 18000?<\/strong><br \/>\nJednorazov\u00e1 vapa Bang 18000 sa dok\u00e1\u017ee plne nabi\u0165 u\u017e za 30 a\u017e 35 min\u00fat, \u010do zais\u0165uje jej r\u00fdchlu pripravenos\u0165 na pou\u017eitie.<\/p>\n<p>&nbsp;<\/p>\n<h3><b>\u010cast\u00e9 ot\u00e1zky<\/b><\/h3>\n<p>&nbsp;<\/p>\n<div class=\"flex-shrink-0 flex flex-col relative items-end\">\n<div>\n<div class=\"pt-0\">\n<div class=\"gizmo-bot-avatar flex h-8 w-8 items-center justify-center overflow-hidden rounded-full\">\n<div class=\"relative p-1 rounded-sm flex items-center justify-center bg-token-main-surface-primary text-token-text-primary h-8 w-8\"><strong>Ak\u00e9 sp\u00f4soby doru\u010denia sa pou\u017e\u00edvaj\u00fa?<\/strong><\/div>\n<\/div>\n<\/div>\n<\/div>\n<\/div>\n<div class=\"group\/conversation-turn relative flex w-full min-w-0 flex-col agent-turn\">\n<div class=\"flex-col gap-1 md:gap-3\">\n<div class=\"flex max-w-full flex-col flex-grow\">\n<div class=\"min-h-[20px] text-message flex w-full flex-col items-end gap-2 whitespace-normal break-words [.text-message+&amp;]:mt-5 overflow-x-auto\" dir=\"auto\" data-message-author-role=\"assistant\" data-message-id=\"22f8283b-3233-46ff-89a5-c7a41b33abda\">\n<div class=\"flex w-full flex-col gap-1 empty:hidden first:pt-[3px]\">\n<div class=\"markdown prose w-full break-words dark:prose-invert light\">\n<p>Spolupracujeme so spolo\u010dnos\u0165ami UPS, DHL, FedEx, DPD a \u010fal\u0161\u00edmi popredn\u00fdmi dopravcami. Vyberieme najlep\u0161\u00ed sp\u00f4sob doru\u010denia na z\u00e1klade va\u0161ej adresy, aby sme zaistili, \u017ee svoje produkty dostanete \u010do najr\u00fdchlej\u0161ie.<\/p>\n<\/div>\n<p><strong>Ako dlho trv\u00e1, k\u00fdm z\u00e1sielka doraz\u00ed?<\/strong><\/p>\n<p>Bal\u00edky doru\u010dovan\u00e9 na Slovensko zvy\u010dajne dorazia do 10 pracovn\u00fdch dn\u00ed. Doru\u010denie do eur\u00f3pskych kraj\u00edn zvy\u010dajne trv\u00e1 asi 12-15 pracovn\u00fdch dn\u00ed. Budeme v\u00e1s informova\u0165 o stave doru\u010denia v re\u00e1lnom \u010dase.<\/p>\n<\/div>\n<p><strong>Z\u00e1ruka<\/strong><\/p>\n<p><span style=\"color: #ff0000\"><strong>V\u0161etky produkty v na\u0161om obchode s\u00fa 100% origin\u00e1lne a autentick\u00e9. Za falo\u0161n\u00fd tovar pon\u00fakame 10-n\u00e1sobn\u00fa kompenz\u00e1ciu!<\/strong><\/span><\/p>\n<div class=\"flex w-full flex-col gap-1 empty:hidden first:pt-[3px]\">\n<p>&nbsp;<\/p>\n<\/div>\n<\/div>\n<\/div>\n<\/div>\n<\/div>\n<p>&nbsp;<\/p>\n<p>\u010eal\u0161ie hor\u00face vapy, ktor\u00e9 by sa v\u00e1m mohli p\u00e1\u010di\u0165:<\/p>\n<p><strong><a href=\"https:\/\/rmvapesale.com\/sk\/product\/wga-crystal-plus-20000-puff-dual-flavour-disposable-vape\/\">Bang King 30000 \u0165ahov<\/a><\/strong><\/p>\n<p><a href=\"https:\/\/rmvapesale.com\/sk\/product\/bang-20000-puffs-disposable-vape-wholesale-supplier\/\"><strong>WGA Crystal Pro Max Extra 15000<\/strong><\/a><\/p>\n<p><a href=\"https:\/\/rmvapesale.com\/sk\/product\/wga-crystal-pro-max-extra-15k-puffs-disposable-vape-wholesale\/\"><strong>Bang 25000 \u0165ahov<\/strong><\/a><\/p>\n<p><a href=\"https:\/\/rmvapesale.com\/sk\/product\/bang-beach-20000-puffs-vape-smart-screen-disposable-e-cig\/\"><strong>Bang Vape Beach 20000 \u0165ahov\u00a0<\/strong><\/a><\/p>\n<p>&nbsp;<\/p>\n<p>&nbsp;<\/p>\n<p>N\u00e1jdite \u010fal\u0161ie vape produkty, ktor\u00e9 by sa v\u00e1m mohli p\u00e1\u010di\u0165:<strong><em><a href=\"https:\/\/rmvapesale.com\/sk\/shop-2\/\">nakupova\u0165 teraz &gt;&gt;&gt;<\/a><\/em><\/strong><\/p>","protected":false},"excerpt":{"rendered":"<p>Bang Pulse 18000 Pufov LED Displej Jednorazn\u00fd Vaporiz\u00e9r Ve\u013ekoobchod<br \/>\nBang Vape Pulse 18000 Pufov 0% 2% 3% 5% Nikot\u00edn<br \/>\nBang Pulse 18000 Jednorazn\u00fd Vaporiz\u00e9r Hromadn\u00e1 Cena<\/p>\n<p><strong>Kontaktujte Amy pre viac zliav a ni\u017e\u0161iu MOQ Vape<\/strong><\/p>\n<p><img loading=\"lazy\" decoding=\"async\" class=\"size-full wp-image-1978\" src=\"https:\/\/rmvapesale.com\/wp-content\/uploads\/2024\/09\/Disposable-Vape-Wholesale.jpg\" alt=\"Jednorazov\u00fd vape ve\u013ekoobchod\" width=\"229\" height=\"300\" \/><\/p>\n<h3><span style=\"color: #ff0000\"><strong>WhatsApp: +86 17776015835<\/strong><\/span><\/h3>","protected":false},"featured_media":2135,"comment_status":"open","ping_status":"closed","template":"","meta":{"_uag_custom_page_level_css":"","_lmt_disableupdate":"no","_lmt_disable":"","site-sidebar-layout":"default","site-content-layout":"content-boxed-container","ast-site-content-layout":"normal-width-container","site-content-style":"boxed","site-sidebar-style":"unboxed","ast-global-header-display":"","ast-banner-title-visibility":"","ast-main-header-display":"","ast-hfb-above-header-display":"","ast-hfb-below-header-display":"","ast-hfb-mobile-header-display":"","site-post-title":"","ast-breadcrumbs-content":"","ast-featured-img":"","footer-sml-layout":"","theme-transparent-header-meta":"default","adv-header-id-meta":"","stick-header-meta":"","header-above-stick-meta":"","header-main-stick-meta":"","header-below-stick-meta":"","astra-migrate-meta-layouts":"set","ast-page-background-enabled":"default","ast-page-background-meta":{"desktop":{"background-color":"var(--ast-global-color-4)","background-image":"","background-repeat":"repeat","background-position":"center center","background-size":"auto","background-attachment":"scroll","background-type":"","background-media":"","overlay-type":"","overlay-color":"","overlay-opacity":"","overlay-gradient":""},"tablet":{"background-color":"","background-image":"","background-repeat":"repeat","background-position":"center center","background-size":"auto","background-attachment":"scroll","background-type":"","background-media":"","overlay-type":"","overlay-color":"","overlay-opacity":"","overlay-gradient":""},"mobile":{"background-color":"","background-image":"","background-repeat":"repeat","background-position":"center center","background-size":"auto","background-attachment":"scroll","background-type":"","background-media":"","overlay-type":"","overlay-color":"","overlay-opacity":"","overlay-gradient":""}},"ast-content-background-meta":{"desktop":{"background-color":"var(--ast-global-color-5)","background-image":"","background-repeat":"repeat","background-position":"center center","background-size":"auto","background-attachment":"scroll","background-type":"","background-media":"","overlay-type":"","overlay-color":"","overlay-opacity":"","overlay-gradient":""},"tablet":{"background-color":"var(--ast-global-color-5)","background-image":"","background-repeat":"repeat","background-position":"center center","background-size":"auto","background-attachment":"scroll","background-type":"","background-media":"","overlay-type":"","overlay-color":"","overlay-opacity":"","overlay-gradient":""},"mobile":{"background-color":"var(--ast-global-color-5)","background-image":"","background-repeat":"repeat","background-position":"center center","background-size":"auto","background-attachment":"scroll","background-type":"","background-media":"","overlay-type":"","overlay-color":"","overlay-opacity":"","overlay-gradient":""}},"_joinchat":[]},"product_brand":[],"product_cat":[15,289,291,292,293,295,299,273,279,25,123,26,28,135,27,60,137,136,30],"product_tag":[90,63,57,58,54,85],"class_list":{"0":"post-2138","1":"product","2":"type-product","3":"status-publish","4":"has-post-thumbnail","6":"product_cat-new-vape-this-week","7":"product_cat-big-puffs-disposable-vapes","8":"product_cat-dual-mesh-disposable-vapes","9":"product_cat-digital-disposable-vapes","10":"product_cat-low-nicotine-disposable-vapes","11":"product_cat-rechargeable-disposable-vapes","12":"product_cat-smart-screen-disposable-vapes","13":"product_cat-bang-box-vape","14":"product_cat-bang-king-vape","15":"product_cat-germany-best-selling-vape","16":"product_cat-italy-wholesale-vape","17":"product_cat-netherlands-hot-sale-vape","18":"product_cat-poland-hot-sale-vape","19":"product_cat-spain-best-hot-sale-vape","20":"product_cat-fance-hot-sale-vape","21":"product_cat-bang-vapes","22":"product_cat-rechargeable-vapes","23":"product_cat-smart-screen-vapes","24":"product_cat-minimum-order-quantity-50pcs","25":"product_tag-bang-pulse-18000","26":"product_tag-bang-vapes","27":"product_tag-disposable-vape-wholesale-supplier","28":"product_tag-electric-cigarettes","29":"product_tag-rechargeable-disposable-vape","30":"product_tag-smart-disposable-vape","31":"desktop-align-left","32":"tablet-align-left","33":"mobile-align-left","35":"first","36":"instock","37":"sale","38":"shipping-taxable","39":"purchasable","40":"product-type-simple"},"uagb_featured_image_src":{"full":["https:\/\/rmvapesale.com\/wp-content\/uploads\/2024\/09\/Bang-Pulse-18000-Puffs-Disposable-Vape.png",788,788,false],"thumbnail":["https:\/\/rmvapesale.com\/wp-content\/uploads\/2024\/09\/Bang-Pulse-18000-Puffs-Disposable-Vape-150x150.png",150,150,true],"medium":["https:\/\/rmvapesale.com\/wp-content\/uploads\/2024\/09\/Bang-Pulse-18000-Puffs-Disposable-Vape-300x300.png",300,300,true],"medium_large":["https:\/\/rmvapesale.com\/wp-content\/uploads\/2024\/09\/Bang-Pulse-18000-Puffs-Disposable-Vape-768x768.png",768,768,true],"large":["https:\/\/rmvapesale.com\/wp-content\/uploads\/2024\/09\/Bang-Pulse-18000-Puffs-Disposable-Vape.png",788,788,false],"1536x1536":["https:\/\/rmvapesale.com\/wp-content\/uploads\/2024\/09\/Bang-Pulse-18000-Puffs-Disposable-Vape.png",788,788,false],"2048x2048":["https:\/\/rmvapesale.com\/wp-content\/uploads\/2024\/09\/Bang-Pulse-18000-Puffs-Disposable-Vape.png",788,788,false],"trp-custom-language-flag":["https:\/\/rmvapesale.com\/wp-content\/uploads\/2024\/09\/Bang-Pulse-18000-Puffs-Disposable-Vape.png",12,12,false],"woocommerce_thumbnail":["https:\/\/rmvapesale.com\/wp-content\/uploads\/2024\/09\/Bang-Pulse-18000-Puffs-Disposable-Vape-300x300.png",300,300,true],"woocommerce_single":["https:\/\/rmvapesale.com\/wp-content\/uploads\/2024\/09\/Bang-Pulse-18000-Puffs-Disposable-Vape-600x600.png",600,600,true],"woocommerce_gallery_thumbnail":["https:\/\/rmvapesale.com\/wp-content\/uploads\/2024\/09\/Bang-Pulse-18000-Puffs-Disposable-Vape-100x100.png",100,100,true],"wcpr-photo-reviews":["https:\/\/rmvapesale.com\/wp-content\/uploads\/2024\/09\/Bang-Pulse-18000-Puffs-Disposable-Vape.png",500,500,false]},"uagb_author_info":{"display_name":"AMY","author_link":"https:\/\/rmvapesale.com\/sk\/author\/"},"uagb_comment_info":0,"uagb_excerpt":"Bang Pulse 18000 Puffs LED Display Dispsable Vape Wholesale Bang\u00a0 Vape Pulse 18000 Puffs 0% 2% 3% 5% Nicotine Bang Pulse 18000 Disposable Vape Bulk Buy Price Contact Amy For More Discount And Lower MOQ Vape WhatsApp: +86 17776015835","_links":{"self":[{"href":"https:\/\/rmvapesale.com\/sk\/wp-json\/wp\/v2\/product\/2138","targetHints":{"allow":["GET"]}}],"collection":[{"href":"https:\/\/rmvapesale.com\/sk\/wp-json\/wp\/v2\/product"}],"about":[{"href":"https:\/\/rmvapesale.com\/sk\/wp-json\/wp\/v2\/types\/product"}],"replies":[{"embeddable":true,"href":"https:\/\/rmvapesale.com\/sk\/wp-json\/wp\/v2\/comments?post=2138"}],"wp:featuredmedia":[{"embeddable":true,"href":"https:\/\/rmvapesale.com\/sk\/wp-json\/wp\/v2\/media\/2135"}],"wp:attachment":[{"href":"https:\/\/rmvapesale.com\/sk\/wp-json\/wp\/v2\/media?parent=2138"}],"wp:term":[{"taxonomy":"product_brand","embeddable":true,"href":"https:\/\/rmvapesale.com\/sk\/wp-json\/wp\/v2\/product_brand?post=2138"},{"taxonomy":"product_cat","embeddable":true,"href":"https:\/\/rmvapesale.com\/sk\/wp-json\/wp\/v2\/product_cat?post=2138"},{"taxonomy":"product_tag","embeddable":true,"href":"https:\/\/rmvapesale.com\/sk\/wp-json\/wp\/v2\/product_tag?post=2138"}],"curies":[{"name":"wp","href":"https:\/\/api.w.org\/{rel}","templated":true}]}}