{"id":2196,"date":"2024-09-27T02:26:25","date_gmt":"2024-09-27T02:26:25","guid":{"rendered":"https:\/\/rmvapesale.com\/?post_type=product&#038;p=2196"},"modified":"2025-01-21T09:38:41","modified_gmt":"2025-01-21T09:38:41","slug":"vapme-crown-bar-18000-pro-max-disposable-vape-original","status":"publish","type":"product","link":"https:\/\/rmvapesale.com\/sk\/product\/vapme-crown-bar-18000-pro-max-disposable-vape-original\/","title":{"rendered":"VAPME Crown Bar 18000 Pro Max jednorazov\u00e1 elektronick\u00e1 cigareta Origin\u00e1l"},"content":{"rendered":"<div class=\"B2VR9 CJHX3e\">\n<div class=\"wyccme\">\n<h3 class=\"LC20lb MBeuO DKV0Md\">VAPME Crown Bar 18000 Pro Max jednorazov\u00e1 elektronick\u00e1 cigareta Origin\u00e1l<\/h3>\n<p>Predstavujeme VAPME CROWN BAR 18000 Pufov PRO MAX \u2013 \u0161pi\u010dkov\u00fa jednorazov\u00fa vape pero, ktor\u00e1 pos\u00fava vaping na nov\u00fa \u00farove\u0148. K dispoz\u00edcii za ve\u013ekoobchodn\u00fa cenu na rmvapesale, toto pr\u00e9miov\u00e9 zariadenie pon\u00faka dokonal\u00e9 spojenie \u0161t\u00fdlu, sofistikovanosti a najmodernej\u0161ieho v\u00fdkonu pre vaperov h\u013eadaj\u00facich ultim\u00e1tny z\u00e1\u017eitok.<\/p>\n<p><strong>K\u013e\u00fa\u010dov\u00e9 vlastnosti:<\/strong><br \/>\n<strong>Elegantn\u00e9 ko\u017een\u00e9 prevedenie:<\/strong> VAPME CROWN BAR 18000 Pufov PRO MAX vynik\u00e1 svoj\u00edm luxusn\u00fdm ko\u017een\u00fdm preveden\u00edm, ktor\u00e9 je rovnako m\u00f3dne ako funk\u010dn\u00e9. Tento elegantn\u00fd dizajn je ide\u00e1lny pre t\u00fdch, ktor\u00ed ocenia estetiku aj v\u00fdkon.<\/p>\n<p><strong>V\u00fdkonn\u00e1 bat\u00e9ria:<\/strong> Nap\u00e1jan\u00e1 robustnou 850mAh dob\u00edjate\u013enou bat\u00e9riou, toto zariadenie pon\u00faka dlh\u00e9 pou\u017e\u00edvanie. S r\u00fdchlym nab\u00edjan\u00edm cez Type-C port ho m\u00f4\u017eete \u013eahko dobi\u0165 a pokra\u010dova\u0165 v vapingovej sk\u00fasenosti bez prest\u00e1vky.<\/p>\n<p><strong>Obrovsk\u00e1 kapacita vape \u0161\u0165avy:<\/strong> S kapacitou 25ml vape \u0161\u0165avy, VAPME CROWN BAR PRO MAX poskytuje a\u017e 18000 pufov, \u010d\u00edm zni\u017euje potrebu \u010dast\u00fdch dopl\u0148ovan\u00ed a zabezpe\u010duje dlhodob\u00fa spokojnos\u0165.<\/p>\n<p><strong>Pokro\u010dil\u00e1 technol\u00f3gia mesh cievky 0,6 Ohm:<\/strong> Vybaven\u00e1 najmodernej\u0161ou mesh cievkou, t\u00e1to vape zabezpe\u010duje hladk\u00fa produkciu pary a bohat\u00fa, pln\u00fa chu\u0165 pri ka\u017edom pufnut\u00ed.<\/p>\n<p><strong>Prisp\u00f4sobite\u013en\u00e9 \u00farovne nikot\u00ednu:<\/strong> Vyhovie r\u00f4znym preferenci\u00e1m, tento vape pon\u00faka mo\u017enosti s n\u00edzkym nikot\u00ednom aj bez nikot\u00ednu, \u010d\u00edm d\u00e1va pou\u017e\u00edvate\u013eom kontrolu nad ich z\u00e1\u017eitkom.<\/p>\n<\/div>\n<\/div>\n<p><strong>Kontaktujte Amy a z\u00edskajte spr\u00e1vnu odpove\u010f a \u010fal\u0161ie vide\u00e1 o produktoch!<\/strong><\/p>\n<p><img loading=\"lazy\" decoding=\"async\" class=\"size-full wp-image-1978\" src=\"https:\/\/rmvapesale.com\/wp-content\/uploads\/2024\/09\/Disposable-Vape-Wholesale.jpg\" alt=\"Jednorazov\u00fd vape ve\u013ekoobchod\" width=\"229\" height=\"300\" \/><\/p>\n<h3><span style=\"color: #ff0000\"><strong>WhatsApp: +86 17776015835<\/strong><\/span><\/h3>\n<p>&nbsp;<\/p>\n<h2><\/h2>\n<h2><strong>K\u013e\u00fa\u010dov\u00e9 vlastnosti VAPME CROWN BAR 18000 Pufov<\/strong><\/h2>\n<p>850mAh vstavan\u00e1 bat\u00e9ria<br \/>\nDob\u00edjate\u013en\u00fd<br \/>\nEfekt\u00edvne a konzistentn\u00e9 dod\u00e1vanie energie<br \/>\n25ml predplnen\u00e1 e-\u0161\u0165ava<br \/>\n0% 2% 3% 5% \u00darove\u0148 nikot\u00ednu<br \/>\nPr\u00edjem 18000 potiahnut\u00ed<br \/>\nMesh cievka<\/p>\n<h2><\/h2>\n<h2><strong>Najlep\u0161ia chu\u0165 pre VAPME CROWN BAR 18000 potiahnut\u00ed<\/strong><\/h2>\n<p>Vyberte si z 12 lahodn\u00fdch pr\u00edchut\u00ed, vr\u00e1tane klasick\u00fdch ob\u013e\u00faben\u00fdch ako Lush Ice a Berry Ice, alebo exotickej\u0161\u00edch zmes\u00ed ako Sweet Passionfruit a Love 66. Ka\u017ed\u00e1 pr\u00edchu\u0165 je navrhnut\u00e1 tak, aby poskytovala pr\u00edjemn\u00fd z\u00e1\u017eitok z vapovania prisp\u00f4soben\u00fd va\u0161im chu\u0165ov\u00fdm poh\u00e1rikom.<\/p>\n<p>1.Lush Ice<span style=\"color: #ff0000\"><strong>&gt;&gt;&gt;&gt;Hor\u00face!<\/strong><\/span><br \/>\n2. Berry Ice<br \/>\n3. Blueberry Gum<span style=\"color: #ff0000\"><strong>&gt;&gt;&gt;&gt;Najlep\u0161ie!<\/strong><\/span><br \/>\n4. Cherry Fiesta<br \/>\n5. Grape Punch<br \/>\n6. Strawberry Watermelon<br \/>\n7. Mango Freeze<br \/>\n8.Jahodov\u00fd pun\u010d<br \/>\n9. Sweet Passionfruit<br \/>\n10. Blueberry Raspberry<br \/>\n11. Two Apple<br \/>\n12. Love 66<\/p>\n<figure id=\"attachment_2193\" aria-describedby=\"caption-attachment-2193\" style=\"width: 300px\" class=\"wp-caption alignnone\"><img loading=\"lazy\" decoding=\"async\" class=\"size-medium wp-image-2193\" src=\"https:\/\/rmvapesale.com\/wp-content\/uploads\/2024\/09\/Vapme-Crown-Bar-18000-Puffs-300x268.png\" alt=\"Vapme Crown Bar 18000 potiahnut\u00ed\" width=\"300\" height=\"268\" srcset=\"https:\/\/rmvapesale.com\/wp-content\/uploads\/2024\/09\/Vapme-Crown-Bar-18000-Puffs-300x268.png 300w, https:\/\/rmvapesale.com\/wp-content\/uploads\/2024\/09\/Vapme-Crown-Bar-18000-Puffs-768x685.png 768w, https:\/\/rmvapesale.com\/wp-content\/uploads\/2024\/09\/Vapme-Crown-Bar-18000-Puffs-600x535.png 600w, https:\/\/rmvapesale.com\/wp-content\/uploads\/2024\/09\/Vapme-Crown-Bar-18000-Puffs.png 808w\" sizes=\"auto, (max-width: 300px) 100vw, 300px\" \/><figcaption id=\"caption-attachment-2193\" class=\"wp-caption-text\">Vapme Crown Bar 18000 potiahnut\u00ed<\/figcaption><\/figure>\n<h2><strong>Ot\u00e1zky, ktor\u00e9 by ste mohli ma\u0165 o VAPME CROWN BAR 18000<\/strong><\/h2>\n<p>&nbsp;<\/p>\n<div class=\"flex-shrink-0 flex flex-col relative items-end\">\n<div>\n<div class=\"pt-0\">\n<div class=\"gizmo-bot-avatar flex h-8 w-8 items-center justify-center overflow-hidden rounded-full\">\n<div class=\"relative p-1 rounded-sm flex items-center justify-center bg-token-main-surface-primary text-token-text-primary h-8 w-8\"><\/div>\n<\/div>\n<\/div>\n<\/div>\n<\/div>\n<div class=\"group\/conversation-turn relative flex w-full min-w-0 flex-col agent-turn\">\n<div class=\"flex-col gap-1 md:gap-3\">\n<div class=\"flex max-w-full flex-col flex-grow\">\n<div class=\"min-h-8 text-message flex w-full flex-col items-end gap-2 whitespace-normal break-words [.text-message+&amp;]:mt-5\" dir=\"auto\" data-message-author-role=\"assistant\" data-message-id=\"f226d3fc-81f3-46d5-8c46-31787fff0357\">\n<div class=\"flex w-full flex-col gap-1 empty:hidden first:pt-[3px]\">\n<div class=\"markdown prose w-full break-words dark:prose-invert light\">\n<p><strong>1. Ko\u013eko potiahnut\u00ed poskytuje jednorazov\u00e1 vaporiz\u00e9r VAPME CROWN BAR 18000?<\/strong><br \/>\nVAPME CROWN BAR 18000 poskytuje a\u017e 18000 potiahnut\u00ed, \u010do v\u00fdrazne prevy\u0161uje kapacitu be\u017en\u00fdch jednorazov\u00fdch vaporiz\u00e9rov.<\/p>\n<p><strong>2. Ak\u00e9 pr\u00edchute s\u00fa dostupn\u00e9 v jednorazovom vaporiz\u00e9ri VAPME CROWN BAR 18000?<\/strong><br \/>\nMedzi ob\u013e\u00faben\u00e9 pr\u00edchute patria \u010du\u010doriedkov\u00e1 \u013eadov\u00e1, mangov\u00e1 \u013eadov\u00e1, jahodov\u00fd mel\u00f3n, brosky\u0148ov\u00e1 limon\u00e1da a hroznov\u00e1 \u013eadov\u00e1.<\/p>\n<p><strong>3. Je VAPME CROWN BAR 18000 vhodn\u00fd pre za\u010diato\u010dn\u00edkov?<\/strong><br \/>\n\u00c1no, VAPME CROWN BAR 18000 je ide\u00e1lny pre za\u010diato\u010dn\u00edkov v\u010faka svojmu jednoduch\u00e9mu dizajnu bez tla\u010didiel \u2013 sta\u010d\u00ed vd\u00fdchnu\u0165 a za\u010da\u0165 vapova\u0165.<\/p>\n<p><strong>4. Ako by som mal skladova\u0165 svoj jednorazov\u00fd vaporiz\u00e9r VAPME CROWN BAR 18000?<\/strong><br \/>\nZariadenie skladujte na chladnom a suchom mieste, mimo priameho slne\u010dn\u00e9ho \u017eiarenia a mimo dosahu det\u00ed a dom\u00e1cich zvierat.<\/p>\n<p><strong>Ako dlho vydr\u017e\u00ed VAPME CROWN BAR 18000?<\/strong><br \/>\nS kapacitou 18 000 potiahnut\u00ed m\u00f4\u017ee VAPME CROWN BAR 18000 vydr\u017ea\u0165 nieko\u013eko t\u00fd\u017ed\u0148ov, v z\u00e1vislosti od pou\u017e\u00edvania.<\/p>\n<\/div>\n<\/div>\n<\/div>\n<\/div>\n<\/div>\n<\/div>\n<p>&nbsp;<\/p>\n<h3><b>\u010cast\u00e9 ot\u00e1zky<\/b><\/h3>\n<p>&nbsp;<\/p>\n<div class=\"flex-shrink-0 flex flex-col relative items-end\">\n<div>\n<div class=\"pt-0\">\n<div class=\"gizmo-bot-avatar flex h-8 w-8 items-center justify-center overflow-hidden rounded-full\">\n<div class=\"relative p-1 rounded-sm flex items-center justify-center bg-token-main-surface-primary text-token-text-primary h-8 w-8\"><strong>Ak\u00e9 sp\u00f4soby doru\u010denia sa pou\u017e\u00edvaj\u00fa?<\/strong><\/div>\n<\/div>\n<\/div>\n<\/div>\n<\/div>\n<div class=\"group\/conversation-turn relative flex w-full min-w-0 flex-col agent-turn\">\n<div class=\"flex-col gap-1 md:gap-3\">\n<div class=\"flex max-w-full flex-col flex-grow\">\n<div class=\"min-h-[20px] text-message flex w-full flex-col items-end gap-2 whitespace-normal break-words [.text-message+&amp;]:mt-5 overflow-x-auto\" dir=\"auto\" data-message-author-role=\"assistant\" data-message-id=\"22f8283b-3233-46ff-89a5-c7a41b33abda\">\n<div class=\"flex w-full flex-col gap-1 empty:hidden first:pt-[3px]\">\n<div class=\"markdown prose w-full break-words dark:prose-invert light\">\n<p>Spolupracujeme so spolo\u010dnos\u0165ami UPS, DHL, FedEx, DPD a \u010fal\u0161\u00edmi popredn\u00fdmi dopravcami. Vyberieme najlep\u0161\u00ed sp\u00f4sob doru\u010denia na z\u00e1klade va\u0161ej adresy, aby sme zaistili, \u017ee svoje produkty dostanete \u010do najr\u00fdchlej\u0161ie.<\/p>\n<\/div>\n<p><strong>Ako dlho trv\u00e1, k\u00fdm z\u00e1sielka doraz\u00ed?<\/strong><\/p>\n<p>Bal\u00edky doru\u010dovan\u00e9 na Slovensko zvy\u010dajne dorazia do 10 pracovn\u00fdch dn\u00ed. Doru\u010denie do eur\u00f3pskych kraj\u00edn zvy\u010dajne trv\u00e1 asi 12-15 pracovn\u00fdch dn\u00ed. Budeme v\u00e1s informova\u0165 o stave doru\u010denia v re\u00e1lnom \u010dase.<\/p>\n<\/div>\n<p><strong>Z\u00e1ruka<\/strong><\/p>\n<p><span style=\"color: #ff0000\"><strong>V\u0161etky produkty v na\u0161om obchode s\u00fa 100% origin\u00e1lne a autentick\u00e9. Za falo\u0161n\u00fd tovar pon\u00fakame 10-n\u00e1sobn\u00fa kompenz\u00e1ciu!<\/strong><\/span><\/p>\n<div class=\"flex w-full flex-col gap-1 empty:hidden first:pt-[3px]\">\n<p>&nbsp;<\/p>\n<\/div>\n<\/div>\n<\/div>\n<\/div>\n<\/div>\n<p>&nbsp;<\/p>\n<p>\u010eal\u0161ie hor\u00face vapy, ktor\u00e9 by sa v\u00e1m mohli p\u00e1\u010di\u0165:<\/p>\n<p>&nbsp;<\/p>\n<p><a href=\"https:\/\/rmvapesale.com\/sk\/product\/original-randm-vape-digital-puff-12000-fumot-factory-price\/\"><strong>Randm Digital 12000 Potiahnut\u00ed<\/strong><\/a><\/p>\n<p><strong><a href=\"https:\/\/rmvapesale.com\/sk\/product\/waspe-25000-puffs-disposable-vape-rechargeable-hot-sale\/\">Waspe 25000 Potiahnut\u00ed <\/a><\/strong><\/p>\n<p><a href=\"https:\/\/rmvapesale.com\/sk\/product\/waspe-12000-puffs-disposable-vape-pen\/\"><strong>WASPE 12000 Potiahnut\u00ed\u00a0<\/strong><\/a><\/p>\n<p><a href=\"https:\/\/rmvapesale.com\/sk\/product\/vapme-crystal-7000-puffs-rechargeable-disposable-vape-price\/\"><strong>Vapme Crystal 7000 Potiahnut\u00ed<\/strong><\/a><\/p>\n<p>&nbsp;<\/p>\n<p>&nbsp;<\/p>\n<p>N\u00e1jdite \u010fal\u0161ie vape produkty, ktor\u00e9 by sa v\u00e1m mohli p\u00e1\u010di\u0165:<strong><em><a href=\"https:\/\/rmvapesale.com\/sk\/shop-2\/\">nakupova\u0165 teraz &gt;&gt;&gt;<\/a><\/em><\/strong><\/p>","protected":false},"excerpt":{"rendered":"<p>Vapme Crown Bar Pro Max Shisha 18000 Jednorazov\u00e1 Vape<br \/>\nOrigin\u00e1l Vapme Crown Bar 18000 Pufov PRO Max<br \/>\nVapme Crown Bar 18000 Pufov N\u00edzkotu\u010dn\u00e1 Vape<\/p>\n<p><strong>Pre v\u00e4\u010d\u0161iu z\u013eavu a spr\u00e1vnu odpove\u010f kontaktujte Amy<\/strong><\/p>\n<p><img loading=\"lazy\" decoding=\"async\" class=\"size-full wp-image-1978\" src=\"https:\/\/rmvapesale.com\/wp-content\/uploads\/2024\/09\/Disposable-Vape-Wholesale.jpg\" alt=\"Jednorazov\u00fd vape ve\u013ekoobchod\" width=\"229\" height=\"300\" \/><\/p>\n<h3><span style=\"color: #ff0000\"><strong>WhatsApp: +86 17776015835<\/strong><\/span><\/h3>","protected":false},"featured_media":2191,"comment_status":"open","ping_status":"closed","template":"","meta":{"_uag_custom_page_level_css":"","_lmt_disableupdate":"no","_lmt_disable":"","site-sidebar-layout":"default","site-content-layout":"content-boxed-container","ast-site-content-layout":"normal-width-container","site-content-style":"boxed","site-sidebar-style":"unboxed","ast-global-header-display":"","ast-banner-title-visibility":"","ast-main-header-display":"","ast-hfb-above-header-display":"","ast-hfb-below-header-display":"","ast-hfb-mobile-header-display":"","site-post-title":"","ast-breadcrumbs-content":"","ast-featured-img":"","footer-sml-layout":"","theme-transparent-header-meta":"default","adv-header-id-meta":"","stick-header-meta":"","header-above-stick-meta":"","header-main-stick-meta":"","header-below-stick-meta":"","astra-migrate-meta-layouts":"set","ast-page-background-enabled":"default","ast-page-background-meta":{"desktop":{"background-color":"var(--ast-global-color-4)","background-image":"","background-repeat":"repeat","background-position":"center center","background-size":"auto","background-attachment":"scroll","background-type":"","background-media":"","overlay-type":"","overlay-color":"","overlay-opacity":"","overlay-gradient":""},"tablet":{"background-color":"","background-image":"","background-repeat":"repeat","background-position":"center center","background-size":"auto","background-attachment":"scroll","background-type":"","background-media":"","overlay-type":"","overlay-color":"","overlay-opacity":"","overlay-gradient":""},"mobile":{"background-color":"","background-image":"","background-repeat":"repeat","background-position":"center center","background-size":"auto","background-attachment":"scroll","background-type":"","background-media":"","overlay-type":"","overlay-color":"","overlay-opacity":"","overlay-gradient":""}},"ast-content-background-meta":{"desktop":{"background-color":"var(--ast-global-color-5)","background-image":"","background-repeat":"repeat","background-position":"center center","background-size":"auto","background-attachment":"scroll","background-type":"","background-media":"","overlay-type":"","overlay-color":"","overlay-opacity":"","overlay-gradient":""},"tablet":{"background-color":"var(--ast-global-color-5)","background-image":"","background-repeat":"repeat","background-position":"center center","background-size":"auto","background-attachment":"scroll","background-type":"","background-media":"","overlay-type":"","overlay-color":"","overlay-opacity":"","overlay-gradient":""},"mobile":{"background-color":"var(--ast-global-color-5)","background-image":"","background-repeat":"repeat","background-position":"center center","background-size":"auto","background-attachment":"scroll","background-type":"","background-media":"","overlay-type":"","overlay-color":"","overlay-opacity":"","overlay-gradient":""}},"_joinchat":[]},"product_brand":[],"product_cat":[15,289,291,292,293,295,296,299,281,25,123,26,28,135,27,137,136,30],"product_tag":[99,101,105,54,106],"class_list":{"0":"post-2196","1":"product","2":"type-product","3":"status-publish","4":"has-post-thumbnail","6":"product_cat-new-vape-this-week","7":"product_cat-big-puffs-disposable-vapes","8":"product_cat-dual-mesh-disposable-vapes","9":"product_cat-digital-disposable-vapes","10":"product_cat-low-nicotine-disposable-vapes","11":"product_cat-rechargeable-disposable-vapes","12":"product_cat-shisha-hookah-disposable-vapes","13":"product_cat-smart-screen-disposable-vapes","14":"product_cat-vapme-vape","15":"product_cat-germany-best-selling-vape","16":"product_cat-italy-wholesale-vape","17":"product_cat-netherlands-hot-sale-vape","18":"product_cat-poland-hot-sale-vape","19":"product_cat-spain-best-hot-sale-vape","20":"product_cat-fance-hot-sale-vape","21":"product_cat-rechargeable-vapes","22":"product_cat-smart-screen-vapes","23":"product_cat-minimum-order-quantity-50pcs","24":"product_tag-disposable-vape-wholesale","25":"product_tag-led-display-vape","26":"product_tag-nicotine-free-disposable-vape","27":"product_tag-rechargeable-disposable-vape","28":"product_tag-vapme-crown-bar-18000","29":"desktop-align-left","30":"tablet-align-left","31":"mobile-align-left","33":"first","34":"instock","35":"sale","36":"shipping-taxable","37":"purchasable","38":"product-type-simple"},"uagb_featured_image_src":{"full":["https:\/\/rmvapesale.com\/wp-content\/uploads\/2024\/09\/VAPME-Crown-Bar-18000-Disposable-Vape.jpg",800,800,false],"thumbnail":["https:\/\/rmvapesale.com\/wp-content\/uploads\/2024\/09\/VAPME-Crown-Bar-18000-Disposable-Vape-150x150.jpg",150,150,true],"medium":["https:\/\/rmvapesale.com\/wp-content\/uploads\/2024\/09\/VAPME-Crown-Bar-18000-Disposable-Vape-300x300.jpg",300,300,true],"medium_large":["https:\/\/rmvapesale.com\/wp-content\/uploads\/2024\/09\/VAPME-Crown-Bar-18000-Disposable-Vape-768x768.jpg",768,768,true],"large":["https:\/\/rmvapesale.com\/wp-content\/uploads\/2024\/09\/VAPME-Crown-Bar-18000-Disposable-Vape.jpg",800,800,false],"1536x1536":["https:\/\/rmvapesale.com\/wp-content\/uploads\/2024\/09\/VAPME-Crown-Bar-18000-Disposable-Vape.jpg",800,800,false],"2048x2048":["https:\/\/rmvapesale.com\/wp-content\/uploads\/2024\/09\/VAPME-Crown-Bar-18000-Disposable-Vape.jpg",800,800,false],"trp-custom-language-flag":["https:\/\/rmvapesale.com\/wp-content\/uploads\/2024\/09\/VAPME-Crown-Bar-18000-Disposable-Vape.jpg",12,12,false],"woocommerce_thumbnail":["https:\/\/rmvapesale.com\/wp-content\/uploads\/2024\/09\/VAPME-Crown-Bar-18000-Disposable-Vape-300x300.jpg",300,300,true],"woocommerce_single":["https:\/\/rmvapesale.com\/wp-content\/uploads\/2024\/09\/VAPME-Crown-Bar-18000-Disposable-Vape-600x600.jpg",600,600,true],"woocommerce_gallery_thumbnail":["https:\/\/rmvapesale.com\/wp-content\/uploads\/2024\/09\/VAPME-Crown-Bar-18000-Disposable-Vape-100x100.jpg",100,100,true],"wcpr-photo-reviews":["https:\/\/rmvapesale.com\/wp-content\/uploads\/2024\/09\/VAPME-Crown-Bar-18000-Disposable-Vape.jpg",500,500,false]},"uagb_author_info":{"display_name":"AMY","author_link":"https:\/\/rmvapesale.com\/sk\/author\/"},"uagb_comment_info":0,"uagb_excerpt":"Vapme Crown Bar Pro Max Shisha 18000 Disposable Vape Original Vapme Crown Bar 18000 Puff PRO Max Vapme Crown Bar 18000 Puffs Low Nicotine Vape Contact Amy For More Discount And Right Reply WhatsApp: +86 17776015835","_links":{"self":[{"href":"https:\/\/rmvapesale.com\/sk\/wp-json\/wp\/v2\/product\/2196","targetHints":{"allow":["GET"]}}],"collection":[{"href":"https:\/\/rmvapesale.com\/sk\/wp-json\/wp\/v2\/product"}],"about":[{"href":"https:\/\/rmvapesale.com\/sk\/wp-json\/wp\/v2\/types\/product"}],"replies":[{"embeddable":true,"href":"https:\/\/rmvapesale.com\/sk\/wp-json\/wp\/v2\/comments?post=2196"}],"wp:featuredmedia":[{"embeddable":true,"href":"https:\/\/rmvapesale.com\/sk\/wp-json\/wp\/v2\/media\/2191"}],"wp:attachment":[{"href":"https:\/\/rmvapesale.com\/sk\/wp-json\/wp\/v2\/media?parent=2196"}],"wp:term":[{"taxonomy":"product_brand","embeddable":true,"href":"https:\/\/rmvapesale.com\/sk\/wp-json\/wp\/v2\/product_brand?post=2196"},{"taxonomy":"product_cat","embeddable":true,"href":"https:\/\/rmvapesale.com\/sk\/wp-json\/wp\/v2\/product_cat?post=2196"},{"taxonomy":"product_tag","embeddable":true,"href":"https:\/\/rmvapesale.com\/sk\/wp-json\/wp\/v2\/product_tag?post=2196"}],"curies":[{"name":"wp","href":"https:\/\/api.w.org\/{rel}","templated":true}]}}