{"id":2211,"date":"2024-09-29T02:51:53","date_gmt":"2024-09-29T02:51:53","guid":{"rendered":"https:\/\/rmvapesale.com\/?post_type=product&#038;p=2211"},"modified":"2025-01-21T09:43:04","modified_gmt":"2025-01-21T09:43:04","slug":"waspe-15000-puffs-digital-box-original-wholesale","status":"publish","type":"product","link":"https:\/\/rmvapesale.com\/sk\/product\/waspe-15000-puffs-digital-box-original-wholesale\/","title":{"rendered":"WASPE 15000 \u0165ahov, digit\u00e1lna krabi\u010dka, origin\u00e1l, ve\u013ekoobchod"},"content":{"rendered":"<div class=\"B2VR9 CJHX3e\">\n<div class=\"wyccme\">\n<h1 class=\"LC20lb MBeuO DKV0Md\"><strong>WASPE 15000 \u0165ahov, digit\u00e1lna krabi\u010dka, origin\u00e1l, ve\u013ekoobchod<\/strong><\/h1>\n<p>Doprajte si ten najlep\u0161\u00ed z\u00e1\u017eitok z vapingu s jednorazov\u00fdm vapom WASPE 15000 PUFFS Digital Box, ktor\u00fd je k dispoz\u00edcii na ve\u013ekoobchodn\u00fd predaj na rmvapesale. Toto pr\u00e9miov\u00e9 zariadenie poskytuje p\u00f4sobiv\u00fdch 15 000 po\u0165ahov, \u010d\u00edm pon\u00faka pred\u013a\u017een\u00e9 uspokojenie a v\u00fdkon pre n\u00e1ro\u010dn\u00fdch nad\u0161encov vapingu.<\/p>\n<p>WASPE Digital Box, navrhnut\u00fd s prec\u00edznos\u0165ou, sa dod\u00e1va s r\u00f4znymi \u00farov\u0148ami nikot\u00ednu, vr\u00e1tane 0 % 2 % 3 % 5 %, \u010do zais\u0165uje jemn\u00e9 a chutn\u00e9 po\u0165ahovanie, ktor\u00e9 vyva\u017euje chu\u0165 a z\u00e1\u017eitok v krku. V\u010faka kvalite priamo z v\u00fdroby a u\u017e\u00edvate\u013esky pr\u00edvetiv\u00e9mu dizajnu je dokonalou zmesou pohodlia a \u0161pi\u010dkovej technol\u00f3gie.<\/p>\n<\/div>\n<\/div>\n<p><strong>Kontaktujte Amy a z\u00edskajte spr\u00e1vnu odpove\u010f a \u010fal\u0161ie vide\u00e1 o produktoch!<\/strong><\/p>\n<p><img loading=\"lazy\" decoding=\"async\" class=\"size-full wp-image-1978\" src=\"https:\/\/rmvapesale.com\/wp-content\/uploads\/2024\/09\/Disposable-Vape-Wholesale.jpg\" alt=\"Jednorazov\u00fd vape ve\u013ekoobchod\" width=\"229\" height=\"300\" \/><\/p>\n<h3><span style=\"color: #ff0000\"><strong>WhatsApp: +86 17776015835<\/strong><\/span><\/h3>\n<p>&nbsp;<\/p>\n<h2><\/h2>\n<h2><strong>\u00a0WASPE 15000 PUFFS Jednorazov\u00fd vape Hlavn\u00e9 vlastnosti<\/strong><\/h2>\n<p>\u00darove\u0148 nikot\u00ednu: 0 % 2 % 3 % 5 %<br \/>\nPo\u010det \u0165ahov: 15000<br \/>\nObjem: 22 ml<br \/>\nPr\u00edchute: 10 dostupn\u00fdch pr\u00edchut\u00ed<br \/>\nTyp nab\u00edjania: port typu C<br \/>\nKapacita bat\u00e9rie: 650 mAh nab\u00edjate\u013en\u00e1<br \/>\nOdpor: Mesh Coil 0.8\u03a9<\/p>\n<h2><\/h2>\n<h2><strong>Najlep\u0161ie pr\u00edchute pre WASPE 15000 PUFFS Jednorazov\u00fd vape<\/strong><\/h2>\n<p>Jednorazov\u00e1 vape VOPK Tornado 15000 Puffs pon\u00faka 10 lahodn\u00fdch pr\u00edchut\u00ed, vyberte si z r\u00f4znych pr\u00edchut\u00ed, vr\u00e1tane klasick\u00e9ho tabaku, osvie\u017euj\u00facej chladnej m\u00e4ty a exotickej sladkosti manga, z ktor\u00fdch ka\u017ed\u00e1 s\u013eubuje bohat\u00fa, uspokojuj\u00facu cestu s ka\u017ed\u00fdm po\u0165ahom.<\/p>\n<p>&nbsp;<\/p>\n<p>01. Mel\u00f3nov\u00fd \u013ead<span style=\"color: #ff0000\"><strong>&gt;&gt;&gt;&gt;Hor\u00face!<\/strong><\/span><br \/>\n02. \u010cu\u010doriedkov\u00fd \u013ead<br \/>\n03. Hroznov\u00fd Marshmallom<br \/>\n04. Jahoda malina \u010dere\u0161\u0148a<span style=\"color: #ff0000\"><strong>&gt;&gt;&gt;&gt;Najlep\u0161ie!<\/strong><\/span><br \/>\n05. Zmie\u0161an\u00e9 bobule<br \/>\n06.Jahoda vodn\u00fd mel\u00f3n<br \/>\n07.Jahoda kivi<br \/>\n08.Mango brosky\u0148a anan\u00e1s<br \/>\n09.Malina \u0161\u0165ava z gran\u00e1tov\u00e9ho jablka<span style=\"color: #ff0000\"><strong>&gt;&gt;&gt;&gt;Hor\u00face!<\/strong><\/span><br \/>\n10.Zelen\u00e9 jablko vodn\u00fd mel\u00f3n \u013ead<\/p>\n<figure id=\"attachment_2210\" aria-describedby=\"caption-attachment-2210\" style=\"width: 808px\" class=\"wp-caption alignnone\"><img loading=\"lazy\" decoding=\"async\" class=\"wp-image-2210 size-full\" src=\"https:\/\/rmvapesale.com\/wp-content\/uploads\/2024\/09\/Waspe-Digital-Box-15000.jpg\" alt=\"Waspe Digital Box 15000\" width=\"808\" height=\"808\" srcset=\"https:\/\/rmvapesale.com\/wp-content\/uploads\/2024\/09\/Waspe-Digital-Box-15000.jpg 808w, https:\/\/rmvapesale.com\/wp-content\/uploads\/2024\/09\/Waspe-Digital-Box-15000-300x300.jpg 300w, https:\/\/rmvapesale.com\/wp-content\/uploads\/2024\/09\/Waspe-Digital-Box-15000-150x150.jpg 150w, https:\/\/rmvapesale.com\/wp-content\/uploads\/2024\/09\/Waspe-Digital-Box-15000-768x768.jpg 768w, https:\/\/rmvapesale.com\/wp-content\/uploads\/2024\/09\/Waspe-Digital-Box-15000-600x600.jpg 600w, https:\/\/rmvapesale.com\/wp-content\/uploads\/2024\/09\/Waspe-Digital-Box-15000-100x100.jpg 100w\" sizes=\"auto, (max-width: 808px) 100vw, 808px\" \/><figcaption id=\"caption-attachment-2210\" class=\"wp-caption-text\">Waspe Digital Box 15000<\/figcaption><\/figure>\n<h2><strong>Ot\u00e1zky, ktor\u00e9 by ste mohli chcie\u0165 vedie\u0165 o WASPE 15000 Digital Box<\/strong><\/h2>\n<p>&nbsp;<\/p>\n<div class=\"flex-shrink-0 flex flex-col relative items-end\">\n<div>\n<div class=\"pt-0\">\n<div class=\"gizmo-bot-avatar flex h-8 w-8 items-center justify-center overflow-hidden rounded-full\">\n<div class=\"relative p-1 rounded-sm flex items-center justify-center bg-token-main-surface-primary text-token-text-primary h-8 w-8\"><\/div>\n<\/div>\n<\/div>\n<\/div>\n<\/div>\n<div class=\"group\/conversation-turn relative flex w-full min-w-0 flex-col agent-turn\">\n<div class=\"flex-col gap-1 md:gap-3\">\n<div class=\"flex max-w-full flex-col flex-grow\">\n<div class=\"min-h-8 text-message flex w-full flex-col items-end gap-2 whitespace-normal break-words [.text-message+&amp;]:mt-5\" dir=\"auto\" data-message-author-role=\"assistant\" data-message-id=\"f226d3fc-81f3-46d5-8c46-31787fff0357\">\n<div class=\"flex w-full flex-col gap-1 empty:hidden first:pt-[3px]\">\n<div class=\"markdown prose w-full break-words dark:prose-invert light\">\n<p><strong>1.Ko\u013eko potiahnut\u00ed poskytuje jednorazov\u00fd vape WASPE 15000 PUFFS Digital Box?<\/strong><br \/>\nWASPE 15000 Digital Box poskytuje a\u017e 15000 potiahnut\u00ed, \u010do v\u00fdrazne presahuje kapacitu be\u017en\u00fdch jednorazov\u00fdch vapov.<\/p>\n<p><strong>2.Ak\u00e9 pr\u00edchute s\u00fa dostupn\u00e9 v jednorazovom vape WASPE 15000 Digital Box?<\/strong><br \/>\nMedzi ob\u013e\u00faben\u00e9 pr\u00edchute patria Vodn\u00fd mel\u00f3n \u013ead, \u010cu\u010doriedka \u013ead, Jahoda malina \u010dere\u0161\u0148a, Zmie\u0161an\u00e9 bobule at\u010f.<\/p>\n<p><strong>3.Je WASPE 15000 Digital Box vhodn\u00fd pre za\u010diato\u010dn\u00edkov?<\/strong><br \/>\n\u00c1no, WASPE 15000 Digital Box je ide\u00e1lny pre za\u010diato\u010dn\u00edkov v\u010faka svojmu jednoduch\u00e9mu dizajnu bez tla\u010didiel \u2013 na za\u010datie vapovania sta\u010d\u00ed vd\u00fdchnu\u0165.<\/p>\n<p><strong>4.Ako m\u00e1m skladova\u0165 svoj jednorazov\u00fd vape WASPE 15000 Digital Box?<\/strong><br \/>\nZariadenie skladujte na chladnom a suchom mieste, mimo priameho slne\u010dn\u00e9ho \u017eiarenia a mimo dosahu det\u00ed a dom\u00e1cich zvierat.<\/p>\n<p><strong>5.Ako dlho vydr\u017e\u00ed WASPE 15000 Digital Box?<\/strong><br \/>\nS kapacitou 15 000 potiahnut\u00ed m\u00f4\u017ee WASPE 15000 Digital Box vydr\u017ea\u0165 nieko\u013eko t\u00fd\u017ed\u0148ov v z\u00e1vislosti od pou\u017e\u00edvania.<\/p>\n<\/div>\n<\/div>\n<\/div>\n<\/div>\n<\/div>\n<\/div>\n<p>&nbsp;<\/p>\n<h3><b>\u010cast\u00e9 ot\u00e1zky<\/b><\/h3>\n<p>&nbsp;<\/p>\n<div class=\"flex-shrink-0 flex flex-col relative items-end\">\n<div>\n<div class=\"pt-0\">\n<div class=\"gizmo-bot-avatar flex h-8 w-8 items-center justify-center overflow-hidden rounded-full\">\n<div class=\"relative p-1 rounded-sm flex items-center justify-center bg-token-main-surface-primary text-token-text-primary h-8 w-8\"><strong>Ak\u00e9 sp\u00f4soby doru\u010denia sa pou\u017e\u00edvaj\u00fa?<\/strong><\/div>\n<\/div>\n<\/div>\n<\/div>\n<\/div>\n<div class=\"group\/conversation-turn relative flex w-full min-w-0 flex-col agent-turn\">\n<div class=\"flex-col gap-1 md:gap-3\">\n<div class=\"flex max-w-full flex-col flex-grow\">\n<div class=\"min-h-[20px] text-message flex w-full flex-col items-end gap-2 whitespace-normal break-words [.text-message+&amp;]:mt-5 overflow-x-auto\" dir=\"auto\" data-message-author-role=\"assistant\" data-message-id=\"22f8283b-3233-46ff-89a5-c7a41b33abda\">\n<div class=\"flex w-full flex-col gap-1 empty:hidden first:pt-[3px]\">\n<div class=\"markdown prose w-full break-words dark:prose-invert light\">\n<p>Spolupracujeme so spolo\u010dnos\u0165ami UPS, DHL, FedEx, DPD a \u010fal\u0161\u00edmi popredn\u00fdmi dopravcami. Vyberieme najlep\u0161\u00ed sp\u00f4sob doru\u010denia na z\u00e1klade va\u0161ej adresy, aby sme zaistili, \u017ee svoje produkty dostanete \u010do najr\u00fdchlej\u0161ie.<\/p>\n<\/div>\n<p><strong>Ako dlho trv\u00e1, k\u00fdm z\u00e1sielka doraz\u00ed?<\/strong><\/p>\n<p>Bal\u00edky doru\u010dovan\u00e9 na Slovensko zvy\u010dajne dorazia do 10 pracovn\u00fdch dn\u00ed. Doru\u010denie do eur\u00f3pskych kraj\u00edn zvy\u010dajne trv\u00e1 asi 12-15 pracovn\u00fdch dn\u00ed. Budeme v\u00e1s informova\u0165 o stave doru\u010denia v re\u00e1lnom \u010dase.<\/p>\n<\/div>\n<p><strong>Z\u00e1ruka<\/strong><\/p>\n<p><span style=\"color: #ff0000\"><strong>V\u0161etky produkty v na\u0161om obchode s\u00fa 100% origin\u00e1lne a autentick\u00e9. Za falo\u0161n\u00fd tovar pon\u00fakame 10-n\u00e1sobn\u00fa kompenz\u00e1ciu!<\/strong><\/span><\/p>\n<div class=\"flex w-full flex-col gap-1 empty:hidden first:pt-[3px]\">\n<p>&nbsp;<\/p>\n<\/div>\n<\/div>\n<\/div>\n<\/div>\n<\/div>\n<p>&nbsp;<\/p>\n<p>\u010eal\u0161ie hor\u00face vapy, ktor\u00e9 by sa v\u00e1m mohli p\u00e1\u010di\u0165:<\/p>\n<p>&nbsp;<\/p>\n<p><a href=\"https:\/\/rmvapesale.com\/sk\/product\/original-randm-vape-digital-puff-12000-fumot-factory-price\/\"><strong>Randm Digital 12000 Potiahnut\u00ed<\/strong><\/a><\/p>\n<p><strong><a href=\"https:\/\/rmvapesale.com\/sk\/product\/waspe-25000-puffs-disposable-vape-rechargeable-hot-sale\/\">Waspe 25000 Potiahnut\u00ed <\/a><\/strong><\/p>\n<p><a href=\"https:\/\/rmvapesale.com\/sk\/product\/waspe-12000-puffs-disposable-vape-pen\/\"><strong>WASPE 12000 Potiahnut\u00ed\u00a0<\/strong><\/a><\/p>\n<p><a href=\"https:\/\/rmvapesale.com\/sk\/product\/vapme-crystal-7000-puffs-rechargeable-disposable-vape-price\/\"><strong>Vapme Crystal 7000 Potiahnut\u00ed<\/strong><\/a><\/p>\n<p>&nbsp;<\/p>\n<p>&nbsp;<\/p>\n<p>N\u00e1jdite \u010fal\u0161ie vape produkty, ktor\u00e9 by sa v\u00e1m mohli p\u00e1\u010di\u0165:<strong><em><a href=\"https:\/\/rmvapesale.com\/sk\/shop-2\/\">nakupova\u0165 teraz &gt;&gt;&gt;<\/a><\/em><\/strong><\/p>","protected":false},"excerpt":{"rendered":"<p>WASPE Digital 15000 Box pon\u00faka a\u017e 15 000 po\u0165ahov, zatia\u013e \u010do inteligentn\u00fd displej umo\u017e\u0148uje jednoduch\u00e9 sledovanie inform\u00e1ci\u00ed o bat\u00e9rii. Toto jednorazov\u00e9 zariadenie na vaping, poh\u00e1\u0148an\u00e9 nab\u00edjate\u013enou bat\u00e9riou s dlhou v\u00fddr\u017eou, poskytuje s ka\u017ed\u00fdm po\u0165ahom bohat\u00e9, \u017eiv\u00e9 pr\u00edchute a jemn\u00fa produkciu pary.<\/p>\n<p><strong>Pre v\u00e4\u010d\u0161iu z\u013eavu a spr\u00e1vnu odpove\u010f kontaktujte Amy<\/strong><\/p>\n<p><img loading=\"lazy\" decoding=\"async\" class=\"size-full wp-image-1978\" src=\"https:\/\/rmvapesale.com\/wp-content\/uploads\/2024\/09\/Disposable-Vape-Wholesale.jpg\" alt=\"Jednorazov\u00fd vape ve\u013ekoobchod\" width=\"229\" height=\"300\" \/><\/p>\n<h3><span style=\"color: #ff0000\"><strong>WhatsApp: +86 17776015835<\/strong><\/span><\/h3>","protected":false},"featured_media":2209,"comment_status":"open","ping_status":"closed","template":"","meta":{"_uag_custom_page_level_css":"","_lmt_disableupdate":"no","_lmt_disable":"","site-sidebar-layout":"default","site-content-layout":"content-boxed-container","ast-site-content-layout":"normal-width-container","site-content-style":"boxed","site-sidebar-style":"unboxed","ast-global-header-display":"","ast-banner-title-visibility":"","ast-main-header-display":"","ast-hfb-above-header-display":"","ast-hfb-below-header-display":"","ast-hfb-mobile-header-display":"","site-post-title":"","ast-breadcrumbs-content":"","ast-featured-img":"","footer-sml-layout":"","theme-transparent-header-meta":"default","adv-header-id-meta":"","stick-header-meta":"","header-above-stick-meta":"","header-main-stick-meta":"","header-below-stick-meta":"","astra-migrate-meta-layouts":"set","ast-page-background-enabled":"default","ast-page-background-meta":{"desktop":{"background-color":"var(--ast-global-color-4)","background-image":"","background-repeat":"repeat","background-position":"center center","background-size":"auto","background-attachment":"scroll","background-type":"","background-media":"","overlay-type":"","overlay-color":"","overlay-opacity":"","overlay-gradient":""},"tablet":{"background-color":"","background-image":"","background-repeat":"repeat","background-position":"center center","background-size":"auto","background-attachment":"scroll","background-type":"","background-media":"","overlay-type":"","overlay-color":"","overlay-opacity":"","overlay-gradient":""},"mobile":{"background-color":"","background-image":"","background-repeat":"repeat","background-position":"center center","background-size":"auto","background-attachment":"scroll","background-type":"","background-media":"","overlay-type":"","overlay-color":"","overlay-opacity":"","overlay-gradient":""}},"ast-content-background-meta":{"desktop":{"background-color":"var(--ast-global-color-5)","background-image":"","background-repeat":"repeat","background-position":"center center","background-size":"auto","background-attachment":"scroll","background-type":"","background-media":"","overlay-type":"","overlay-color":"","overlay-opacity":"","overlay-gradient":""},"tablet":{"background-color":"var(--ast-global-color-5)","background-image":"","background-repeat":"repeat","background-position":"center center","background-size":"auto","background-attachment":"scroll","background-type":"","background-media":"","overlay-type":"","overlay-color":"","overlay-opacity":"","overlay-gradient":""},"mobile":{"background-color":"var(--ast-global-color-5)","background-image":"","background-repeat":"repeat","background-position":"center center","background-size":"auto","background-attachment":"scroll","background-type":"","background-media":"","overlay-type":"","overlay-color":"","overlay-opacity":"","overlay-gradient":""}},"_joinchat":[]},"product_brand":[],"product_cat":[15,289,291,292,293,295,296,299,274,25,123,26,28,135,27,61,137,136,30],"product_tag":[108,99,101,105,54,109,107],"class_list":{"0":"post-2211","1":"product","2":"type-product","3":"status-publish","4":"has-post-thumbnail","6":"product_cat-new-vape-this-week","7":"product_cat-big-puffs-disposable-vapes","8":"product_cat-dual-mesh-disposable-vapes","9":"product_cat-digital-disposable-vapes","10":"product_cat-low-nicotine-disposable-vapes","11":"product_cat-rechargeable-disposable-vapes","12":"product_cat-shisha-hookah-disposable-vapes","13":"product_cat-smart-screen-disposable-vapes","14":"product_cat-waspe-fihp-vape","15":"product_cat-germany-best-selling-vape","16":"product_cat-italy-wholesale-vape","17":"product_cat-netherlands-hot-sale-vape","18":"product_cat-poland-hot-sale-vape","19":"product_cat-spain-best-hot-sale-vape","20":"product_cat-fance-hot-sale-vape","21":"product_cat-15000-puffs-disposable-vapes","22":"product_cat-rechargeable-vapes","23":"product_cat-smart-screen-vapes","24":"product_cat-minimum-order-quantity-50pcs","25":"product_tag-digital-disposable-vape","26":"product_tag-disposable-vape-wholesale","27":"product_tag-led-display-vape","28":"product_tag-nicotine-free-disposable-vape","29":"product_tag-rechargeable-disposable-vape","30":"product_tag-smart-screen-vape","31":"product_tag-waspe-15000-puffs-digital","32":"desktop-align-left","33":"tablet-align-left","34":"mobile-align-left","36":"first","37":"instock","38":"sale","39":"shipping-taxable","40":"purchasable","41":"product-type-simple"},"uagb_featured_image_src":{"full":["https:\/\/rmvapesale.com\/wp-content\/uploads\/2024\/09\/WASPE-Digital-Box-15000-Puffs-Vape.jpg",808,808,false],"thumbnail":["https:\/\/rmvapesale.com\/wp-content\/uploads\/2024\/09\/WASPE-Digital-Box-15000-Puffs-Vape-150x150.jpg",150,150,true],"medium":["https:\/\/rmvapesale.com\/wp-content\/uploads\/2024\/09\/WASPE-Digital-Box-15000-Puffs-Vape-300x300.jpg",300,300,true],"medium_large":["https:\/\/rmvapesale.com\/wp-content\/uploads\/2024\/09\/WASPE-Digital-Box-15000-Puffs-Vape-768x768.jpg",768,768,true],"large":["https:\/\/rmvapesale.com\/wp-content\/uploads\/2024\/09\/WASPE-Digital-Box-15000-Puffs-Vape.jpg",808,808,false],"1536x1536":["https:\/\/rmvapesale.com\/wp-content\/uploads\/2024\/09\/WASPE-Digital-Box-15000-Puffs-Vape.jpg",808,808,false],"2048x2048":["https:\/\/rmvapesale.com\/wp-content\/uploads\/2024\/09\/WASPE-Digital-Box-15000-Puffs-Vape.jpg",808,808,false],"trp-custom-language-flag":["https:\/\/rmvapesale.com\/wp-content\/uploads\/2024\/09\/WASPE-Digital-Box-15000-Puffs-Vape.jpg",12,12,false],"woocommerce_thumbnail":["https:\/\/rmvapesale.com\/wp-content\/uploads\/2024\/09\/WASPE-Digital-Box-15000-Puffs-Vape-300x300.jpg",300,300,true],"woocommerce_single":["https:\/\/rmvapesale.com\/wp-content\/uploads\/2024\/09\/WASPE-Digital-Box-15000-Puffs-Vape-600x600.jpg",600,600,true],"woocommerce_gallery_thumbnail":["https:\/\/rmvapesale.com\/wp-content\/uploads\/2024\/09\/WASPE-Digital-Box-15000-Puffs-Vape-100x100.jpg",100,100,true],"wcpr-photo-reviews":["https:\/\/rmvapesale.com\/wp-content\/uploads\/2024\/09\/WASPE-Digital-Box-15000-Puffs-Vape.jpg",500,500,false]},"uagb_author_info":{"display_name":"AMY","author_link":"https:\/\/rmvapesale.com\/sk\/author\/"},"uagb_comment_info":0,"uagb_excerpt":"The WASPE Digital 15000 Box offers up to 15000 puffs vaping, while the smart display allows easy tracking of battery info. Powered by a rechargeable, long-lasting battery, this disposable vape device delivers rich, vibrant flavors and smooth vapor production with every puff. Contact Amy For More Discount And Right Reply WhatsApp: +86 17776015835","_links":{"self":[{"href":"https:\/\/rmvapesale.com\/sk\/wp-json\/wp\/v2\/product\/2211","targetHints":{"allow":["GET"]}}],"collection":[{"href":"https:\/\/rmvapesale.com\/sk\/wp-json\/wp\/v2\/product"}],"about":[{"href":"https:\/\/rmvapesale.com\/sk\/wp-json\/wp\/v2\/types\/product"}],"replies":[{"embeddable":true,"href":"https:\/\/rmvapesale.com\/sk\/wp-json\/wp\/v2\/comments?post=2211"}],"wp:featuredmedia":[{"embeddable":true,"href":"https:\/\/rmvapesale.com\/sk\/wp-json\/wp\/v2\/media\/2209"}],"wp:attachment":[{"href":"https:\/\/rmvapesale.com\/sk\/wp-json\/wp\/v2\/media?parent=2211"}],"wp:term":[{"taxonomy":"product_brand","embeddable":true,"href":"https:\/\/rmvapesale.com\/sk\/wp-json\/wp\/v2\/product_brand?post=2211"},{"taxonomy":"product_cat","embeddable":true,"href":"https:\/\/rmvapesale.com\/sk\/wp-json\/wp\/v2\/product_cat?post=2211"},{"taxonomy":"product_tag","embeddable":true,"href":"https:\/\/rmvapesale.com\/sk\/wp-json\/wp\/v2\/product_tag?post=2211"}],"curies":[{"name":"wp","href":"https:\/\/api.w.org\/{rel}","templated":true}]}}