{"id":2218,"date":"2024-09-29T03:58:24","date_gmt":"2024-09-29T03:58:24","guid":{"rendered":"https:\/\/rmvapesale.com\/?post_type=product&#038;p=2218"},"modified":"2025-01-21T09:50:07","modified_gmt":"2025-01-21T09:50:07","slug":"vopk-tornado-15000-puffs-disposable-vape-led-display","status":"publish","type":"product","link":"https:\/\/rmvapesale.com\/sk\/product\/vopk-tornado-15000-puffs-disposable-vape-led-display\/","title":{"rendered":"VOPK Tornado 15000 \u0165ahov, jednorazov\u00fd vape s LED displejom"},"content":{"rendered":"<div class=\"B2VR9 CJHX3e\">\n<div class=\"wyccme\">\n<h1 class=\"LC20lb MBeuO DKV0Md\">VOPK Tornado 15000 Puffs Jednorazov\u00e1 Vape s LED displejom Ve\u013ekoobchod<\/h1>\n<p>Jednorazov\u00e1 vape VOPK Tornado 15000 Puffs je navrhnut\u00e1 pre dlhotrvaj\u00faci a uspokojuj\u00faci z\u00e1\u017eitok z vapovania. Vyzna\u010duje sa odoln\u00fdm povrchom z PC + matnej n\u00e1lepky, je vybaven\u00e1 1,0 ohmovou sie\u0165ovou cievkou pre hladk\u00fa produkciu pary, ve\u013ekorysou kapacitou atomiz\u00e9ra 25 ml a 850 mAh bat\u00e9riou. V\u010faka nab\u00edjaciemu portu typu C, nastavite\u013en\u00e9mu prietoku vzduchu a du\u00e1lnym displejom na sledovanie hladiny liquidu a bat\u00e9rie, toto jednorazov\u00e9 vape zariadenie poskytuje pohodlie aj v\u00fdkon. VOPK Tornado je k dispoz\u00edcii v 10 neodolate\u013en\u00fdch pr\u00edchutiach a pon\u00faka a\u017e 15 000 po\u0165ahov \u010distej radosti.<\/p>\n<\/div>\n<p>V spolo\u010dnosti rmvapesale ver\u00edme, \u017ee ka\u017ed\u00fd vaper si zasl\u00fa\u017ei personalizovan\u00fa cestu. \u010ci u\u017e d\u00e1vate prednos\u0165 vape bez nikot\u00ednu alebo s n\u00edzkym obsahom nikot\u00ednu, na\u0161a ponuka VOPK pon\u00faka luxusn\u00fd v\u00fdber navrhnut\u00fd tak, aby vyhovoval va\u0161im jedine\u010dn\u00fdm preferenci\u00e1m.<\/p>\n<\/div>\n<p><strong>Kontaktujte Amy a z\u00edskajte spr\u00e1vnu odpove\u010f a \u010fal\u0161ie vide\u00e1 o produktoch!<\/strong><\/p>\n<p><img loading=\"lazy\" decoding=\"async\" class=\"size-full wp-image-1978\" src=\"https:\/\/rmvapesale.com\/wp-content\/uploads\/2024\/09\/Disposable-Vape-Wholesale.jpg\" alt=\"Jednorazov\u00fd vape ve\u013ekoobchod\" width=\"229\" height=\"300\" \/><\/p>\n<h3><span style=\"color: #ff0000\"><strong>WhatsApp: +86 17776015835<\/strong><\/span><\/h3>\n<p>&nbsp;<\/p>\n<h2><\/h2>\n<h2><strong>K\u013e\u00fa\u010dov\u00e9 vlastnosti VOPK Tornado 15000 Puffs<\/strong><\/h2>\n<p>Po\u010det po\u0165ahov: A\u017e 15 000 po\u0165ahov<br \/>\nKapacita bat\u00e9rie: 8500mAh<br \/>\nOdpor: 1,0 ohm<br \/>\nKapacita e-liquidu: 25ml<br \/>\nSila nikot\u00ednu: 0% 2% 3% 5%<br \/>\nVzh\u013ead: Elegantn\u00fd a modern\u00fd dizajn s ergonomick\u00fdm \u00fachopom<\/p>\n<h2><\/h2>\n<h2><strong>\u0160pi\u010dkov\u00e9 pr\u00edchute pre VOPK Tornado 15000 Puffs Jednorazov\u00e1 Vape<\/strong><\/h2>\n<p>Jednorazov\u00e1 vape VOPK Tornado 15000 Puffs pon\u00faka 10 lahodn\u00fdch pr\u00edchut\u00ed, vyberte si z r\u00f4znych pr\u00edchut\u00ed, vr\u00e1tane klasick\u00e9ho tabaku, osvie\u017euj\u00facej chladnej m\u00e4ty a exotickej sladkosti manga, z ktor\u00fdch ka\u017ed\u00e1 s\u013eubuje bohat\u00fa, uspokojuj\u00facu cestu s ka\u017ed\u00fdm po\u0165ahom.<\/p>\n<p>1. Jahoda Malina<span style=\"color: #ff0000\"><strong>&gt;&gt;&gt;&gt;Hor\u00face!<\/strong><\/span><br \/>\n2.Strawberry Watermelon<br \/>\n3.Watermelon Ice<br \/>\n4. \u010cu\u010doriedka Malina<span style=\"color: #ff0000\"><strong>&gt;&gt;&gt;&gt;Najlep\u0161ie!<\/strong><\/span><br \/>\n5.Modr\u00e1 Razz Limon\u00e1da<br \/>\n6.Kiwi Mu\u010denka Guava<br \/>\n7.Mixd Berry<span style=\"color: #ff0000\"><strong>&gt;&gt;&gt;&gt;Hor\u00face!<\/strong><\/span><br \/>\n8.Ru\u017eov\u00e1 limon\u00e1da<br \/>\n9.Brosky\u0148a Mango<br \/>\n10.Kysl\u00e9 jablko<\/p>\n<figure id=\"attachment_2212\" aria-describedby=\"caption-attachment-2212\" style=\"width: 300px\" class=\"wp-caption alignnone\"><img loading=\"lazy\" decoding=\"async\" class=\"size-medium wp-image-2212\" src=\"https:\/\/rmvapesale.com\/wp-content\/uploads\/2024\/09\/Tornado-15000-Puffs-300x300.jpg\" alt=\"Tornado 15000 \u0165ahov\" width=\"300\" height=\"300\" srcset=\"https:\/\/rmvapesale.com\/wp-content\/uploads\/2024\/09\/Tornado-15000-Puffs-300x300.jpg 300w, https:\/\/rmvapesale.com\/wp-content\/uploads\/2024\/09\/Tornado-15000-Puffs-150x150.jpg 150w, https:\/\/rmvapesale.com\/wp-content\/uploads\/2024\/09\/Tornado-15000-Puffs-768x768.jpg 768w, https:\/\/rmvapesale.com\/wp-content\/uploads\/2024\/09\/Tornado-15000-Puffs-600x600.jpg 600w, https:\/\/rmvapesale.com\/wp-content\/uploads\/2024\/09\/Tornado-15000-Puffs-100x100.jpg 100w, https:\/\/rmvapesale.com\/wp-content\/uploads\/2024\/09\/Tornado-15000-Puffs.jpg 808w\" sizes=\"auto, (max-width: 300px) 100vw, 300px\" \/><figcaption id=\"caption-attachment-2212\" class=\"wp-caption-text\">Tornado 15000 \u0165ahov<\/figcaption><\/figure>\n<p>&nbsp;<\/p>\n<h2><strong>Ot\u00e1zky, ktor\u00e9 by ste mohli chcie\u0165 vedie\u0165 o VOPK Tornado 15000<\/strong><\/h2>\n<p>&nbsp;<\/p>\n<div class=\"flex-shrink-0 flex flex-col relative items-end\">\n<div>\n<div class=\"pt-0\">\n<div class=\"gizmo-bot-avatar flex h-8 w-8 items-center justify-center overflow-hidden rounded-full\">\n<div class=\"relative p-1 rounded-sm flex items-center justify-center bg-token-main-surface-primary text-token-text-primary h-8 w-8\"><\/div>\n<\/div>\n<\/div>\n<\/div>\n<\/div>\n<div class=\"group\/conversation-turn relative flex w-full min-w-0 flex-col agent-turn\">\n<div class=\"flex-col gap-1 md:gap-3\">\n<div class=\"flex max-w-full flex-col flex-grow\">\n<div class=\"min-h-8 text-message flex w-full flex-col items-end gap-2 whitespace-normal break-words [.text-message+&amp;]:mt-5\" dir=\"auto\" data-message-author-role=\"assistant\" data-message-id=\"f226d3fc-81f3-46d5-8c46-31787fff0357\">\n<div class=\"flex w-full flex-col gap-1 empty:hidden first:pt-[3px]\">\n<div class=\"markdown prose w-full break-words dark:prose-invert light\">\n<p><strong>1.Ko\u013eko \u0165ahov poskytuje VOPK Tornado 15000 Puffs Digital jednorazov\u00fd vape?<\/strong><br \/>\nVOPK Tornado 15000 poskytuje a\u017e 15000 \u0165ahov, \u010do v\u00fdrazne presahuje kapacitu be\u017en\u00fdch jednorazov\u00fdch vape.<\/p>\n<p><strong>2.Ak\u00e9 pr\u00edchute s\u00fa k dispoz\u00edcii v jednorazovom vape pere VOPK Tornado 15000?<\/strong><br \/>\nMedzi ob\u013e\u00faben\u00e9 pr\u00edchute patria Vodn\u00fd mel\u00f3n \u013ead, \u010cu\u010doriedka \u013ead, Jahoda malina \u010dere\u0161\u0148a, Zmie\u0161an\u00e9 bobule at\u010f.<\/p>\n<p><strong>3.Je VOPK Tornado 15000 vhodn\u00fd pre za\u010diato\u010dn\u00edkov?<\/strong><br \/>\n\u00c1no, VOPK Tornado 15000 je ide\u00e1lny pre za\u010diato\u010dn\u00edkov v\u010faka svojmu jednoduch\u00e9mu dizajnu bez tla\u010didiel \u2013 na za\u010diatok vapovania sta\u010d\u00ed vd\u00fdchnu\u0165.<\/p>\n<p><strong>4.Ako m\u00e1m skladova\u0165 svoj jednorazov\u00fd vape VOPK Tornado 15000?<\/strong><br \/>\nZariadenie skladujte na chladnom a suchom mieste, mimo priameho slne\u010dn\u00e9ho \u017eiarenia a mimo dosahu det\u00ed a dom\u00e1cich zvierat.<\/p>\n<p><strong>5.Ako dlho vydr\u017e\u00ed VOPK Tornado 15000?<\/strong><br \/>\nS kapacitou 15 000 \u0165ahov m\u00f4\u017ee VOPK Tornado 15000 vydr\u017ea\u0165 nieko\u013eko t\u00fd\u017ed\u0148ov, v z\u00e1vislosti od pou\u017e\u00edvania.<\/p>\n<\/div>\n<\/div>\n<\/div>\n<\/div>\n<\/div>\n<\/div>\n<p>&nbsp;<\/p>\n<h3><b>\u010cast\u00e9 ot\u00e1zky<\/b><\/h3>\n<p>&nbsp;<\/p>\n<div class=\"flex-shrink-0 flex flex-col relative items-end\">\n<div>\n<div class=\"pt-0\">\n<div class=\"gizmo-bot-avatar flex h-8 w-8 items-center justify-center overflow-hidden rounded-full\">\n<div class=\"relative p-1 rounded-sm flex items-center justify-center bg-token-main-surface-primary text-token-text-primary h-8 w-8\"><strong>Ak\u00e9 sp\u00f4soby doru\u010denia sa pou\u017e\u00edvaj\u00fa?<\/strong><\/div>\n<\/div>\n<\/div>\n<\/div>\n<\/div>\n<div class=\"group\/conversation-turn relative flex w-full min-w-0 flex-col agent-turn\">\n<div class=\"flex-col gap-1 md:gap-3\">\n<div class=\"flex max-w-full flex-col flex-grow\">\n<div class=\"min-h-[20px] text-message flex w-full flex-col items-end gap-2 whitespace-normal break-words [.text-message+&amp;]:mt-5 overflow-x-auto\" dir=\"auto\" data-message-author-role=\"assistant\" data-message-id=\"22f8283b-3233-46ff-89a5-c7a41b33abda\">\n<div class=\"flex w-full flex-col gap-1 empty:hidden first:pt-[3px]\">\n<div class=\"markdown prose w-full break-words dark:prose-invert light\">\n<p>Spolupracujeme so spolo\u010dnos\u0165ami UPS, DHL, FedEx, DPD a \u010fal\u0161\u00edmi popredn\u00fdmi dopravcami. Vyberieme najlep\u0161\u00ed sp\u00f4sob doru\u010denia na z\u00e1klade va\u0161ej adresy, aby sme zaistili, \u017ee svoje produkty dostanete \u010do najr\u00fdchlej\u0161ie.<\/p>\n<\/div>\n<p><strong>Ako dlho trv\u00e1, k\u00fdm z\u00e1sielka doraz\u00ed?<\/strong><\/p>\n<p>Bal\u00edky doru\u010dovan\u00e9 na Slovensko zvy\u010dajne dorazia do 10 pracovn\u00fdch dn\u00ed. Doru\u010denie do eur\u00f3pskych kraj\u00edn zvy\u010dajne trv\u00e1 asi 12-15 pracovn\u00fdch dn\u00ed. Budeme v\u00e1s informova\u0165 o stave doru\u010denia v re\u00e1lnom \u010dase.<\/p>\n<\/div>\n<p><strong>Z\u00e1ruka<\/strong><\/p>\n<p><span style=\"color: #ff0000\"><strong>V\u0161etky produkty v na\u0161om obchode s\u00fa 100% origin\u00e1lne a autentick\u00e9. Za falo\u0161n\u00fd tovar pon\u00fakame 10-n\u00e1sobn\u00fa kompenz\u00e1ciu!<\/strong><\/span><\/p>\n<div class=\"flex w-full flex-col gap-1 empty:hidden first:pt-[3px]\">\n<p>&nbsp;<\/p>\n<\/div>\n<\/div>\n<\/div>\n<\/div>\n<\/div>\n<p>&nbsp;<\/p>\n<p>\u010eal\u0161ie hor\u00face vapy, ktor\u00e9 by sa v\u00e1m mohli p\u00e1\u010di\u0165:<\/p>\n<p>&nbsp;<\/p>\n<p><a href=\"https:\/\/rmvapesale.com\/sk\/product\/original-randm-vape-digital-puff-12000-fumot-factory-price\/\"><strong>Randm Digital 12000 Potiahnut\u00ed<\/strong><\/a><\/p>\n<p><strong><a href=\"https:\/\/rmvapesale.com\/sk\/product\/randm-tornado-15000-puffs-15k-vape-recharge-fumot-original-vape-factory-price\/\">RANDM TORNADO 15000 \u0165ahov <\/a><\/strong><\/p>\n<p><a href=\"https:\/\/rmvapesale.com\/sk\/product\/waspe-12000-puffs-disposable-vape-pen\/\"><strong>WASPE 12000 Potiahnut\u00ed\u00a0<\/strong><\/a><\/p>\n<p><a href=\"https:\/\/rmvapesale.com\/sk\/product\/vapme-crystal-7000-puffs-rechargeable-disposable-vape-price\/\"><strong>Vapme Crystal 7000 Potiahnut\u00ed<\/strong><\/a><\/p>\n<p>&nbsp;<\/p>\n<p>&nbsp;<\/p>\n<p>N\u00e1jdite \u010fal\u0161ie vape produkty, ktor\u00e9 by sa v\u00e1m mohli p\u00e1\u010di\u0165:<strong><em><a href=\"https:\/\/rmvapesale.com\/sk\/shop-2\/\">nakupova\u0165 teraz &gt;&gt;&gt;<\/a><\/em><\/strong><\/p>","protected":false},"excerpt":{"rendered":"<p>VOPK Tornado 15000 15K Puffs Najnov\u0161\u00ed origin\u00e1lny Vape s LED displejom<br \/>\nVOPK Tornado 15000 Puffs Jednorazov\u00e1 Vape Ve\u013ekoobchod<br \/>\nVOPK TORNADO 15000 Puffs 0% 2% 3% 5% Nikot\u00edn Hromadn\u00fd n\u00e1kup<\/p>\n<p><strong>Pre v\u00e4\u010d\u0161iu z\u013eavu a spr\u00e1vnu odpove\u010f kontaktujte Amy<\/strong><\/p>\n<p><img loading=\"lazy\" decoding=\"async\" class=\"size-full wp-image-1978\" src=\"https:\/\/rmvapesale.com\/wp-content\/uploads\/2024\/09\/Disposable-Vape-Wholesale.jpg\" alt=\"Jednorazov\u00fd vape ve\u013ekoobchod\" width=\"229\" height=\"300\" \/><\/p>\n<h3><span style=\"color: #ff0000\"><strong>WhatsApp: +86 17776015835<\/strong><\/span><\/h3>","protected":false},"featured_media":2215,"comment_status":"open","ping_status":"closed","template":"","meta":{"_uag_custom_page_level_css":"","_lmt_disableupdate":"no","_lmt_disable":"","site-sidebar-layout":"default","site-content-layout":"content-boxed-container","ast-site-content-layout":"normal-width-container","site-content-style":"boxed","site-sidebar-style":"unboxed","ast-global-header-display":"","ast-banner-title-visibility":"","ast-main-header-display":"","ast-hfb-above-header-display":"","ast-hfb-below-header-display":"","ast-hfb-mobile-header-display":"","site-post-title":"","ast-breadcrumbs-content":"","ast-featured-img":"","footer-sml-layout":"","theme-transparent-header-meta":"default","adv-header-id-meta":"","stick-header-meta":"","header-above-stick-meta":"","header-main-stick-meta":"","header-below-stick-meta":"","astra-migrate-meta-layouts":"set","ast-page-background-enabled":"default","ast-page-background-meta":{"desktop":{"background-color":"var(--ast-global-color-4)","background-image":"","background-repeat":"repeat","background-position":"center center","background-size":"auto","background-attachment":"scroll","background-type":"","background-media":"","overlay-type":"","overlay-color":"","overlay-opacity":"","overlay-gradient":""},"tablet":{"background-color":"","background-image":"","background-repeat":"repeat","background-position":"center center","background-size":"auto","background-attachment":"scroll","background-type":"","background-media":"","overlay-type":"","overlay-color":"","overlay-opacity":"","overlay-gradient":""},"mobile":{"background-color":"","background-image":"","background-repeat":"repeat","background-position":"center center","background-size":"auto","background-attachment":"scroll","background-type":"","background-media":"","overlay-type":"","overlay-color":"","overlay-opacity":"","overlay-gradient":""}},"ast-content-background-meta":{"desktop":{"background-color":"var(--ast-global-color-5)","background-image":"","background-repeat":"repeat","background-position":"center center","background-size":"auto","background-attachment":"scroll","background-type":"","background-media":"","overlay-type":"","overlay-color":"","overlay-opacity":"","overlay-gradient":""},"tablet":{"background-color":"var(--ast-global-color-5)","background-image":"","background-repeat":"repeat","background-position":"center center","background-size":"auto","background-attachment":"scroll","background-type":"","background-media":"","overlay-type":"","overlay-color":"","overlay-opacity":"","overlay-gradient":""},"mobile":{"background-color":"var(--ast-global-color-5)","background-image":"","background-repeat":"repeat","background-position":"center center","background-size":"auto","background-attachment":"scroll","background-type":"","background-media":"","overlay-type":"","overlay-color":"","overlay-opacity":"","overlay-gradient":""}},"_joinchat":[]},"product_brand":[],"product_cat":[15,289,292,293,295,296,299,297,274,25,123,26,28,135,27,61,137,136,30],"product_tag":[99,101,105,54,110,42],"class_list":{"0":"post-2218","1":"product","2":"type-product","3":"status-publish","4":"has-post-thumbnail","6":"product_cat-new-vape-this-week","7":"product_cat-big-puffs-disposable-vapes","8":"product_cat-digital-disposable-vapes","9":"product_cat-low-nicotine-disposable-vapes","10":"product_cat-rechargeable-disposable-vapes","11":"product_cat-shisha-hookah-disposable-vapes","12":"product_cat-smart-screen-disposable-vapes","13":"product_cat-tornado-disposable-vapes","14":"product_cat-waspe-fihp-vape","15":"product_cat-germany-best-selling-vape","16":"product_cat-italy-wholesale-vape","17":"product_cat-netherlands-hot-sale-vape","18":"product_cat-poland-hot-sale-vape","19":"product_cat-spain-best-hot-sale-vape","20":"product_cat-fance-hot-sale-vape","21":"product_cat-15000-puffs-disposable-vapes","22":"product_cat-rechargeable-vapes","23":"product_cat-smart-screen-vapes","24":"product_cat-minimum-order-quantity-50pcs","25":"product_tag-disposable-vape-wholesale","26":"product_tag-led-display-vape","27":"product_tag-nicotine-free-disposable-vape","28":"product_tag-rechargeable-disposable-vape","29":"product_tag-tonado-15000-puffs","30":"product_tag-vopk-vape","31":"desktop-align-left","32":"tablet-align-left","33":"mobile-align-left","35":"first","36":"instock","37":"sale","38":"shipping-taxable","39":"purchasable","40":"product-type-simple"},"uagb_featured_image_src":{"full":["https:\/\/rmvapesale.com\/wp-content\/uploads\/2024\/09\/VOPK-Tornado-15000-Puffs-Vape.jpg",800,800,false],"thumbnail":["https:\/\/rmvapesale.com\/wp-content\/uploads\/2024\/09\/VOPK-Tornado-15000-Puffs-Vape-150x150.jpg",150,150,true],"medium":["https:\/\/rmvapesale.com\/wp-content\/uploads\/2024\/09\/VOPK-Tornado-15000-Puffs-Vape-300x300.jpg",300,300,true],"medium_large":["https:\/\/rmvapesale.com\/wp-content\/uploads\/2024\/09\/VOPK-Tornado-15000-Puffs-Vape-768x768.jpg",768,768,true],"large":["https:\/\/rmvapesale.com\/wp-content\/uploads\/2024\/09\/VOPK-Tornado-15000-Puffs-Vape.jpg",800,800,false],"1536x1536":["https:\/\/rmvapesale.com\/wp-content\/uploads\/2024\/09\/VOPK-Tornado-15000-Puffs-Vape.jpg",800,800,false],"2048x2048":["https:\/\/rmvapesale.com\/wp-content\/uploads\/2024\/09\/VOPK-Tornado-15000-Puffs-Vape.jpg",800,800,false],"trp-custom-language-flag":["https:\/\/rmvapesale.com\/wp-content\/uploads\/2024\/09\/VOPK-Tornado-15000-Puffs-Vape.jpg",12,12,false],"woocommerce_thumbnail":["https:\/\/rmvapesale.com\/wp-content\/uploads\/2024\/09\/VOPK-Tornado-15000-Puffs-Vape-300x300.jpg",300,300,true],"woocommerce_single":["https:\/\/rmvapesale.com\/wp-content\/uploads\/2024\/09\/VOPK-Tornado-15000-Puffs-Vape-600x600.jpg",600,600,true],"woocommerce_gallery_thumbnail":["https:\/\/rmvapesale.com\/wp-content\/uploads\/2024\/09\/VOPK-Tornado-15000-Puffs-Vape-100x100.jpg",100,100,true],"wcpr-photo-reviews":["https:\/\/rmvapesale.com\/wp-content\/uploads\/2024\/09\/VOPK-Tornado-15000-Puffs-Vape.jpg",500,500,false]},"uagb_author_info":{"display_name":"AMY","author_link":"https:\/\/rmvapesale.com\/sk\/author\/"},"uagb_comment_info":0,"uagb_excerpt":"VOPK Tornado 15000 15K Puffs Latest Original LED Display Vape VOPK Tornado 15000 Puffs Disposable Vape Wholesale VOPK TORNADO 15000 Puffs 0% 2% 3% 5% Nicotine Bulk Buy Contact Amy For More Discount And Right Reply WhatsApp: +86 17776015835","_links":{"self":[{"href":"https:\/\/rmvapesale.com\/sk\/wp-json\/wp\/v2\/product\/2218","targetHints":{"allow":["GET"]}}],"collection":[{"href":"https:\/\/rmvapesale.com\/sk\/wp-json\/wp\/v2\/product"}],"about":[{"href":"https:\/\/rmvapesale.com\/sk\/wp-json\/wp\/v2\/types\/product"}],"replies":[{"embeddable":true,"href":"https:\/\/rmvapesale.com\/sk\/wp-json\/wp\/v2\/comments?post=2218"}],"wp:featuredmedia":[{"embeddable":true,"href":"https:\/\/rmvapesale.com\/sk\/wp-json\/wp\/v2\/media\/2215"}],"wp:attachment":[{"href":"https:\/\/rmvapesale.com\/sk\/wp-json\/wp\/v2\/media?parent=2218"}],"wp:term":[{"taxonomy":"product_brand","embeddable":true,"href":"https:\/\/rmvapesale.com\/sk\/wp-json\/wp\/v2\/product_brand?post=2218"},{"taxonomy":"product_cat","embeddable":true,"href":"https:\/\/rmvapesale.com\/sk\/wp-json\/wp\/v2\/product_cat?post=2218"},{"taxonomy":"product_tag","embeddable":true,"href":"https:\/\/rmvapesale.com\/sk\/wp-json\/wp\/v2\/product_tag?post=2218"}],"curies":[{"name":"wp","href":"https:\/\/api.w.org\/{rel}","templated":true}]}}