{"id":2290,"date":"2024-10-07T08:22:06","date_gmt":"2024-10-07T08:22:06","guid":{"rendered":"https:\/\/rmvapesale.com\/?post_type=product&#038;p=2290"},"modified":"2025-01-21T10:00:27","modified_gmt":"2025-01-21T10:00:27","slug":"aivono-aim-magic-20000-20k-puffs-disposable-vape-pod","status":"publish","type":"product","link":"https:\/\/rmvapesale.com\/sk\/product\/aivono-aim-magic-20000-20k-puffs-disposable-vape-pod\/","title":{"rendered":"Aivono Aim Magic 20000 20K Puffs Jednorazov\u00fd Vape Pod"},"content":{"rendered":"<div class=\"B2VR9 CJHX3e\">\n<div class=\"wyccme\">\n<h1 class=\"LC20lb MBeuO DKV0Md\">Aivono Aim Magic 20000 20K Puffs Jednorazov\u00fd Vape Pod<\/h1>\n<div class=\"flex-shrink-0 flex flex-col relative items-end\">\n<div>\n<div class=\"pt-0\">\n<div class=\"gizmo-bot-avatar flex h-8 w-8 items-center justify-center overflow-hidden rounded-full\">\n<div class=\"relative p-1 rounded-sm flex items-center justify-center bg-token-main-surface-primary text-token-text-primary h-8 w-8\"><\/div>\n<\/div>\n<\/div>\n<\/div>\n<\/div>\n<div class=\"group\/conversation-turn relative flex w-full min-w-0 flex-col agent-turn\">\n<div class=\"flex-col gap-1 md:gap-3\">\n<div class=\"flex max-w-full flex-col flex-grow\">\n<div class=\"min-h-8 text-message flex w-full flex-col items-end gap-2 whitespace-normal break-words [.text-message+&amp;]:mt-5\" dir=\"auto\" data-message-author-role=\"assistant\" data-message-id=\"871c1362-82be-4876-894c-d28f37ffd3d3\">\n<div class=\"flex w-full flex-col gap-1 empty:hidden first:pt-[3px]\">\n<div class=\"markdown prose w-full break-words dark:prose-invert light\">\n<p>Predstavujeme v\u00e1m <strong>Aivono Aim Magic 20000 20K Puffs Jednorazov\u00fd Vape Pod<\/strong>, pr\u00e9miov\u00fa vo\u013ebu pre dlhotrvaj\u00face pote\u0161enie z vapovania. S p\u00f4sobiv\u00fdm po\u010dtom <strong>20 000 \u0165ahmi<\/strong> a 24 ml naplnenou kapacitou e-liquidu, toto zariadenie zaru\u010duje dlhotrvaj\u00faci a pr\u00edjemn\u00fd z\u00e1\u017eitok.<\/p>\n<p>S 1,0ohm mesh cievkou a nastavite\u013en\u00fdm prietokom vzduchu, <strong>AIVINO AIM MAGIC 20000<\/strong> poskytuje hladk\u00fa produkciu pary a prisp\u00f4sobite\u013en\u00e9 potiahnutia. Napriek svojmu v\u00fdnimo\u010dn\u00e9mu v\u00fdkonu, prich\u00e1dza za <strong>konkuren\u010dn\u00fa cenu<\/strong>, pon\u00fakaj\u00fac neprekonate\u013en\u00fa hodnotu bez kompromisov v kvalite.<\/p>\n<p>Ide\u00e1lne pre maloobchodn\u00edkov a ve\u013ekoobchodn\u00edkov, na\u0161e <strong>ve\u013ekoobchodn\u00e9 mo\u017enosti<\/strong> umo\u017e\u0148uj\u00fa firm\u00e1m naskladni\u0165 toto ob\u013e\u00faben\u00e9 zariadenie, aby efekt\u00edvne uspokojili po\u017eiadavky z\u00e1kazn\u00edkov. Navy\u0161e, u\u017eite si pohodlie <strong>r\u00fdchleho doru\u010denia<\/strong>, zais\u0165ujeme r\u00fdchle dodanie v\u00e1\u0161ho jednorazov\u00e9ho vapu AIVINO AIM MAGIC 20000 Puffs. \u010ci u\u017e ste nad\u0161enec vapovania, maloobchodn\u00edk alebo ve\u013ekoobchodn\u00edk, je to va\u0161a ide\u00e1lna vo\u013eba.<\/p>\n<p>&nbsp;<\/p>\n<\/div>\n<\/div>\n<\/div>\n<\/div>\n<\/div>\n<\/div>\n<\/div>\n<\/div>\n<p><strong>Kontaktujte Amy a z\u00edskajte spr\u00e1vnu odpove\u010f a \u010fal\u0161ie vide\u00e1 o produktoch!<\/strong><\/p>\n<p><img loading=\"lazy\" decoding=\"async\" class=\"size-full wp-image-1978\" src=\"https:\/\/rmvapesale.com\/wp-content\/uploads\/2024\/09\/Disposable-Vape-Wholesale.jpg\" alt=\"Jednorazov\u00fd vape ve\u013ekoobchod\" width=\"229\" height=\"300\" \/><\/p>\n<h3><span style=\"color: #ff0000\"><strong>WhatsApp: +86 17776015835<\/strong><\/span><\/h3>\n<p>&nbsp;<\/p>\n<h2><\/h2>\n<h2><strong>K\u013e\u00fa\u010dov\u00e9 vlastnosti vapu Aivono Aim Magic 20000 Puffs<\/strong><\/h2>\n<p>Potiahnutia: 20000 potiahnut\u00ed<br \/>\nKapacita e-liquidu: 24 ml<br \/>\nKapacita: 600 mA (dob\u00edjacia)<br \/>\nOdpor cievky: 1.0\u03a9 dvojit\u00e1 sie\u0165ovina<br \/>\n30 min\u00fat do pln\u00e9ho nabitia<br \/>\nNastavite\u013en\u00e9 n\u00edzke-norm\u00e1lne vysok\u00e9-zv\u00fd\u0161enie<br \/>\nBat\u00e9ria<br \/>\nV\u00fdber LED svetla<br \/>\nDu\u00e1lne sie\u0165ovan\u00e9 cievky<br \/>\nVe\u013ekos\u0165 produktu: 43*102 mm<br \/>\nObsah nikot\u00ednovej soli: 5%\/3%\/2%\/0%<br \/>\nDob\u00edjac\u00ed: Typ-C<\/p>\n<h2><\/h2>\n<h2><strong>Najlep\u0161ia pr\u00edchu\u0165 pre Aivono Aim Magic 20000 Puffs<\/strong><\/h2>\n<p>Jednorazov\u00fd vape pod Aivono Aim Magic 20000 20K Puffs pon\u00faka 15 lahodn\u00fdch pr\u00edchut\u00ed, vyberte si z r\u00f4znych pr\u00edchut\u00ed, vr\u00e1tane klasick\u00e9ho tabaku, osvie\u017euj\u00facej chladnej m\u00e4ty a exotickej sladkosti hrozna, pri\u010dom ka\u017ed\u00e1 z nich s\u013eubuje bohat\u00fa, uspokojiv\u00fa cestu s ka\u017ed\u00fdm potiahnut\u00edm.<\/p>\n<p>1. Blue Razz Ice<span style=\"color: #ff0000\"><strong>&gt;&gt;&gt;&gt; Hor\u00face!<\/strong><\/span><br \/>\n2. \u010cu\u010doriedkov\u00fd \u013ead<br \/>\n3. Chladn\u00e1 m\u00e4ta<span style=\"color: #ff0000\"><strong>&gt;&gt;&gt;&gt; Hor\u00face!<\/strong><\/span><br \/>\n4. Hroznov\u00fd \u013ead<br \/>\n5. Mangov\u00fd anan\u00e1s<br \/>\n6. Bobu\u013eov\u00e1 zmes<br \/>\n7. Brosky\u0148a s \u013eadom<br \/>\n8. Anan\u00e1s Kokos<br \/>\n9. Ru\u017eov\u00e1 limon\u00e1da s \u013eadom<br \/>\n10. Jahodov\u00e1 zmrzlina<span style=\"color: #ff0000\"><strong>&gt;&gt;&gt;&gt; Hor\u00face!<\/strong><\/span><br \/>\n11. Jahoda s \u013eadom<br \/>\n12. Jahoda Kiwi<br \/>\n13. Jahoda Mel\u00f3n<br \/>\n14. Mel\u00f3nov\u00e1 \u017euva\u010dka<span style=\"color: #ff0000\"><strong>&gt;&gt;&gt;&gt; Najlep\u0161ie!<\/strong><\/span><br \/>\n15. Mel\u00f3n s \u013eadom<\/p>\n<figure id=\"attachment_2288\" aria-describedby=\"caption-attachment-2288\" style=\"width: 808px\" class=\"wp-caption alignnone\"><img loading=\"lazy\" decoding=\"async\" class=\"wp-image-2288 size-full\" src=\"https:\/\/rmvapesale.com\/wp-content\/uploads\/2024\/09\/Aivono-Magic-20000-Puffs-Vape.jpg\" alt=\"Aivono Magic 20000 potiahnut\u00ed Vape\" width=\"808\" height=\"977\" srcset=\"https:\/\/rmvapesale.com\/wp-content\/uploads\/2024\/09\/Aivono-Magic-20000-Puffs-Vape.jpg 808w, https:\/\/rmvapesale.com\/wp-content\/uploads\/2024\/09\/Aivono-Magic-20000-Puffs-Vape-248x300.jpg 248w, https:\/\/rmvapesale.com\/wp-content\/uploads\/2024\/09\/Aivono-Magic-20000-Puffs-Vape-768x929.jpg 768w, https:\/\/rmvapesale.com\/wp-content\/uploads\/2024\/09\/Aivono-Magic-20000-Puffs-Vape-600x725.jpg 600w\" sizes=\"auto, (max-width: 808px) 100vw, 808px\" \/><figcaption id=\"caption-attachment-2288\" class=\"wp-caption-text\">Aivono Magic 20000 potiahnut\u00ed Vape<\/figcaption><\/figure>\n<h2><strong>Ot\u00e1zky, ktor\u00e9 by ste chceli vedie\u0165 o Aivono Aim Magic 20k Vape Pod<\/strong><\/h2>\n<p>&nbsp;<\/p>\n<div class=\"flex-shrink-0 flex flex-col relative items-end\">\n<div>\n<div class=\"pt-0\">\n<div class=\"gizmo-bot-avatar flex h-8 w-8 items-center justify-center overflow-hidden rounded-full\">\n<div class=\"relative p-1 rounded-sm flex items-center justify-center bg-token-main-surface-primary text-token-text-primary h-8 w-8\"><\/div>\n<\/div>\n<\/div>\n<\/div>\n<\/div>\n<div class=\"group\/conversation-turn relative flex w-full min-w-0 flex-col agent-turn\">\n<div class=\"flex-col gap-1 md:gap-3\">\n<div class=\"flex max-w-full flex-col flex-grow\">\n<div class=\"min-h-8 text-message flex w-full flex-col items-end gap-2 whitespace-normal break-words [.text-message+&amp;]:mt-5\" dir=\"auto\" data-message-author-role=\"assistant\" data-message-id=\"f226d3fc-81f3-46d5-8c46-31787fff0357\">\n<div class=\"flex w-full flex-col gap-1 empty:hidden first:pt-[3px]\">\n<div class=\"markdown prose w-full break-words dark:prose-invert light\">\n<p><strong>1.Ko\u013eko potiahnut\u00ed pon\u00faka Aivono Aim Magic 20k Puffs Vape<\/strong><strong>\u00a0poskytuje?<\/strong><br \/>\nAivono Aim Magic 20k Puffs Vape poskytuje a\u017e 20000 potiahnut\u00ed, \u010do \u010faleko presahuje kapacitu be\u017en\u00fdch jednorazov\u00fdch vape.<\/p>\n<p><strong>2.Ak\u00e9 pr\u00edchute s\u00fa dostupn\u00e9 v Aivono Aim Magic 20k Puffs Vape vape pere?<\/strong><br \/>\nMedzi ob\u013e\u00faben\u00e9 pr\u00edchute patria Blue Razz Ice, Blueberry Ice, Cool Mint, Strawberry Ice Cream, Watermelon Bubble Gum at\u010f.<\/p>\n<p><strong>3.Je Aivono Aim Magic 20k Puffs Vape vhodn\u00fd pre za\u010diato\u010dn\u00edkov?<\/strong><br \/>\n\u00c1no, je ide\u00e1lny pre za\u010diato\u010dn\u00edkov v\u010faka svojmu jednoduch\u00e9mu dizajnu bez tla\u010didiel \u2013 sta\u010d\u00ed sa nad\u00fdchnu\u0165 a za\u010da\u0165 vapova\u0165.<\/p>\n<p><strong>4.Ako m\u00e1m skladova\u0165 svoju jednorazov\u00fa vape?<\/strong><br \/>\nZariadenie skladujte na chladnom a suchom mieste, mimo priameho slne\u010dn\u00e9ho \u017eiarenia a mimo dosahu det\u00ed a dom\u00e1cich zvierat.<\/p>\n<p><strong>5.Ako dlho vydr\u017e\u00ed Aivono Aim Magic 20k Puffs Vape?<\/strong><br \/>\nS kapacitou 20000 potiahnut\u00ed m\u00f4\u017ee Aivono Aim Magic 20k Puffs Vape vydr\u017ea\u0165 nieko\u013eko dn\u00ed, v z\u00e1vislosti od pou\u017e\u00edvania.<\/p>\n<\/div>\n<\/div>\n<\/div>\n<\/div>\n<\/div>\n<\/div>\n<p>&nbsp;<\/p>\n<h3><b>\u010cast\u00e9 ot\u00e1zky<\/b><\/h3>\n<p>&nbsp;<\/p>\n<div class=\"flex-shrink-0 flex flex-col relative items-end\">\n<div>\n<div class=\"pt-0\">\n<div class=\"gizmo-bot-avatar flex h-8 w-8 items-center justify-center overflow-hidden rounded-full\">\n<div class=\"relative p-1 rounded-sm flex items-center justify-center bg-token-main-surface-primary text-token-text-primary h-8 w-8\"><strong>Ak\u00e9 sp\u00f4soby doru\u010denia sa pou\u017e\u00edvaj\u00fa?<\/strong><\/div>\n<\/div>\n<\/div>\n<\/div>\n<\/div>\n<div class=\"group\/conversation-turn relative flex w-full min-w-0 flex-col agent-turn\">\n<div class=\"flex-col gap-1 md:gap-3\">\n<div class=\"flex max-w-full flex-col flex-grow\">\n<div class=\"min-h-[20px] text-message flex w-full flex-col items-end gap-2 whitespace-normal break-words [.text-message+&amp;]:mt-5 overflow-x-auto\" dir=\"auto\" data-message-author-role=\"assistant\" data-message-id=\"22f8283b-3233-46ff-89a5-c7a41b33abda\">\n<div class=\"flex w-full flex-col gap-1 empty:hidden first:pt-[3px]\">\n<div class=\"markdown prose w-full break-words dark:prose-invert light\">\n<p>Spolupracujeme so spolo\u010dnos\u0165ami UPS, DHL, FedEx, DPD a \u010fal\u0161\u00edmi popredn\u00fdmi dopravcami. Vyberieme najlep\u0161\u00ed sp\u00f4sob doru\u010denia na z\u00e1klade va\u0161ej adresy, aby sme zaistili, \u017ee svoje produkty dostanete \u010do najr\u00fdchlej\u0161ie.<\/p>\n<\/div>\n<p><strong>Ako dlho trv\u00e1, k\u00fdm z\u00e1sielka doraz\u00ed?<\/strong><\/p>\n<p>Bal\u00edky doru\u010dovan\u00e9 na Slovensko zvy\u010dajne dorazia do 10 pracovn\u00fdch dn\u00ed. Doru\u010denie do eur\u00f3pskych kraj\u00edn zvy\u010dajne trv\u00e1 asi 12-15 pracovn\u00fdch dn\u00ed. Budeme v\u00e1s informova\u0165 o stave doru\u010denia v re\u00e1lnom \u010dase.<\/p>\n<\/div>\n<p><strong>Z\u00e1ruka<\/strong><\/p>\n<p><span style=\"color: #ff0000\"><strong>V\u0161etky produkty v na\u0161om obchode s\u00fa 100% origin\u00e1lne a autentick\u00e9. Za falo\u0161n\u00fd tovar pon\u00fakame 10-n\u00e1sobn\u00fa kompenz\u00e1ciu!<\/strong><\/span><\/p>\n<div class=\"flex w-full flex-col gap-1 empty:hidden first:pt-[3px]\">\n<p>&nbsp;<\/p>\n<\/div>\n<\/div>\n<\/div>\n<\/div>\n<\/div>\n<p>&nbsp;<\/p>\n<p>\u010eal\u0161ie hor\u00face vapy, ktor\u00e9 by sa v\u00e1m mohli p\u00e1\u010di\u0165:<\/p>\n<p>&nbsp;<\/p>\n<p><a href=\"https:\/\/rmvapesale.com\/sk\/product\/mesii-visual-box-16000-puffs-disposable-vape-full-screen\/\"><strong>MESii Visual Box 16000 potiahnut\u00ed\u00a0 <span style=\"color: #ff0000\">&gt;&gt;&gt;&gt; \u00eds\u0165!<\/span><\/strong><\/a><\/p>\n<p><strong><a href=\"https:\/\/rmvapesale.com\/sk\/product\/uzy-qute-800-puffs-disposable-vape-original-wholesale\/\">UZY QUTE 800 potiahnut\u00ed <span style=\"color: #ff0000\">&gt;&gt;&gt;&gt; \u00eds\u0165!<\/span><\/a>\u00a0<\/strong><\/p>\n<p><a href=\"https:\/\/rmvapesale.com\/sk\/product\/waspe-20000-puffs-dual-mesh-box-disposable-vape\/\"><strong>WASPE 20000 potiahnut\u00ed <span style=\"color: #ff0000\">&gt;&gt;&gt;&gt; \u00eds\u0165!<\/span><\/strong><\/a><\/p>\n<p>&nbsp;<\/p>\n<p>&nbsp;<\/p>\n<p>N\u00e1jdite \u010fal\u0161ie vape produkty, ktor\u00e9 by sa v\u00e1m mohli p\u00e1\u010di\u0165:<strong><em><a href=\"https:\/\/rmvapesale.com\/sk\/shop-2\/\">nakupova\u0165 teraz &gt;&gt;&gt;<\/a><\/em><\/strong><\/p>","protected":false},"excerpt":{"rendered":"<p>Ve\u013ekoobchod Aivono Vapes Aim Magic 20000 Puffs<br \/>\nVe\u013ekoobchod Aivono Aim Magic 20000 20K Puffs Bar<br \/>\nAIVONO AIM MAGIC 20000 Puffs 0% 2% 3% 5% Nikot\u00edn<\/p>\n<p><img loading=\"lazy\" decoding=\"async\" class=\"size-full wp-image-1978\" src=\"https:\/\/rmvapesale.com\/wp-content\/uploads\/2024\/09\/Disposable-Vape-Wholesale.jpg\" alt=\"Jednorazov\u00fd vape ve\u013ekoobchod\" width=\"229\" height=\"300\" \/><\/p>\n<h3><span style=\"color: #ff0000\"><strong>WhatsApp: +86 17776015835<\/strong><\/span><\/h3>\n<p>&nbsp;<\/p>","protected":false},"featured_media":2286,"comment_status":"open","ping_status":"closed","template":"","meta":{"_uag_custom_page_level_css":"","_lmt_disableupdate":"no","_lmt_disable":"","site-sidebar-layout":"default","site-content-layout":"content-boxed-container","ast-site-content-layout":"normal-width-container","site-content-style":"boxed","site-sidebar-style":"unboxed","ast-global-header-display":"","ast-banner-title-visibility":"","ast-main-header-display":"","ast-hfb-above-header-display":"","ast-hfb-below-header-display":"","ast-hfb-mobile-header-display":"","site-post-title":"","ast-breadcrumbs-content":"","ast-featured-img":"","footer-sml-layout":"","theme-transparent-header-meta":"default","adv-header-id-meta":"","stick-header-meta":"","header-above-stick-meta":"","header-main-stick-meta":"","header-below-stick-meta":"","astra-migrate-meta-layouts":"set","ast-page-background-enabled":"default","ast-page-background-meta":{"desktop":{"background-color":"var(--ast-global-color-4)","background-image":"","background-repeat":"repeat","background-position":"center center","background-size":"auto","background-attachment":"scroll","background-type":"","background-media":"","overlay-type":"","overlay-color":"","overlay-opacity":"","overlay-gradient":""},"tablet":{"background-color":"","background-image":"","background-repeat":"repeat","background-position":"center center","background-size":"auto","background-attachment":"scroll","background-type":"","background-media":"","overlay-type":"","overlay-color":"","overlay-opacity":"","overlay-gradient":""},"mobile":{"background-color":"","background-image":"","background-repeat":"repeat","background-position":"center center","background-size":"auto","background-attachment":"scroll","background-type":"","background-media":"","overlay-type":"","overlay-color":"","overlay-opacity":"","overlay-gradient":""}},"ast-content-background-meta":{"desktop":{"background-color":"var(--ast-global-color-5)","background-image":"","background-repeat":"repeat","background-position":"center center","background-size":"auto","background-attachment":"scroll","background-type":"","background-media":"","overlay-type":"","overlay-color":"","overlay-opacity":"","overlay-gradient":""},"tablet":{"background-color":"var(--ast-global-color-5)","background-image":"","background-repeat":"repeat","background-position":"center center","background-size":"auto","background-attachment":"scroll","background-type":"","background-media":"","overlay-type":"","overlay-color":"","overlay-opacity":"","overlay-gradient":""},"mobile":{"background-color":"var(--ast-global-color-5)","background-image":"","background-repeat":"repeat","background-position":"center center","background-size":"auto","background-attachment":"scroll","background-type":"","background-media":"","overlay-type":"","overlay-color":"","overlay-opacity":"","overlay-gradient":""}},"_joinchat":[]},"product_brand":[],"product_cat":[15,289,291,292,293,299,276,255,25,26,28,27,137,136,30],"product_tag":[122,66,101,121,115,120,116],"class_list":{"0":"post-2290","1":"product","2":"type-product","3":"status-publish","4":"has-post-thumbnail","6":"product_cat-new-vape-this-week","7":"product_cat-big-puffs-disposable-vapes","8":"product_cat-dual-mesh-disposable-vapes","9":"product_cat-digital-disposable-vapes","10":"product_cat-low-nicotine-disposable-vapes","11":"product_cat-smart-screen-disposable-vapes","12":"product_cat-aivono-vape","13":"product_cat-20000-puff-disposable-vape","14":"product_cat-germany-best-selling-vape","15":"product_cat-netherlands-hot-sale-vape","16":"product_cat-poland-hot-sale-vape","17":"product_cat-fance-hot-sale-vape","18":"product_cat-rechargeable-vapes","19":"product_cat-smart-screen-vapes","20":"product_cat-minimum-order-quantity-50pcs","21":"product_tag-aim-vapes","22":"product_tag-disposable-vape","23":"product_tag-led-display-vape","24":"product_tag-puff-20k","25":"product_tag-smart-screen-disposable-vape","26":"product_tag-vape-wholesale","27":"product_tag-vapes","28":"desktop-align-left","29":"tablet-align-left","30":"mobile-align-left","32":"first","33":"instock","34":"sale","35":"shipping-taxable","36":"purchasable","37":"product-type-simple"},"uagb_featured_image_src":{"full":["https:\/\/rmvapesale.com\/wp-content\/uploads\/2024\/09\/AIVONO-AIM-MAGIC20000-Puffs.jpg",808,808,false],"thumbnail":["https:\/\/rmvapesale.com\/wp-content\/uploads\/2024\/09\/AIVONO-AIM-MAGIC20000-Puffs-150x150.jpg",150,150,true],"medium":["https:\/\/rmvapesale.com\/wp-content\/uploads\/2024\/09\/AIVONO-AIM-MAGIC20000-Puffs-300x300.jpg",300,300,true],"medium_large":["https:\/\/rmvapesale.com\/wp-content\/uploads\/2024\/09\/AIVONO-AIM-MAGIC20000-Puffs-768x768.jpg",768,768,true],"large":["https:\/\/rmvapesale.com\/wp-content\/uploads\/2024\/09\/AIVONO-AIM-MAGIC20000-Puffs.jpg",808,808,false],"1536x1536":["https:\/\/rmvapesale.com\/wp-content\/uploads\/2024\/09\/AIVONO-AIM-MAGIC20000-Puffs.jpg",808,808,false],"2048x2048":["https:\/\/rmvapesale.com\/wp-content\/uploads\/2024\/09\/AIVONO-AIM-MAGIC20000-Puffs.jpg",808,808,false],"trp-custom-language-flag":["https:\/\/rmvapesale.com\/wp-content\/uploads\/2024\/09\/AIVONO-AIM-MAGIC20000-Puffs.jpg",12,12,false],"woocommerce_thumbnail":["https:\/\/rmvapesale.com\/wp-content\/uploads\/2024\/09\/AIVONO-AIM-MAGIC20000-Puffs-300x300.jpg",300,300,true],"woocommerce_single":["https:\/\/rmvapesale.com\/wp-content\/uploads\/2024\/09\/AIVONO-AIM-MAGIC20000-Puffs-600x600.jpg",600,600,true],"woocommerce_gallery_thumbnail":["https:\/\/rmvapesale.com\/wp-content\/uploads\/2024\/09\/AIVONO-AIM-MAGIC20000-Puffs-100x100.jpg",100,100,true],"wcpr-photo-reviews":["https:\/\/rmvapesale.com\/wp-content\/uploads\/2024\/09\/AIVONO-AIM-MAGIC20000-Puffs.jpg",500,500,false]},"uagb_author_info":{"display_name":"AMY","author_link":"https:\/\/rmvapesale.com\/sk\/author\/"},"uagb_comment_info":0,"uagb_excerpt":"Wholesale Aivono Vapes Aim Magic 20000 Puffs Wholesale Aivono Aim Magic 20000 20K Puffs Bar AIVONO AIM MAGIC 20000 Puffs 0% 2% 3% 5% Nicotine WhatsApp: +86 17776015835 &nbsp;","_links":{"self":[{"href":"https:\/\/rmvapesale.com\/sk\/wp-json\/wp\/v2\/product\/2290","targetHints":{"allow":["GET"]}}],"collection":[{"href":"https:\/\/rmvapesale.com\/sk\/wp-json\/wp\/v2\/product"}],"about":[{"href":"https:\/\/rmvapesale.com\/sk\/wp-json\/wp\/v2\/types\/product"}],"replies":[{"embeddable":true,"href":"https:\/\/rmvapesale.com\/sk\/wp-json\/wp\/v2\/comments?post=2290"}],"wp:featuredmedia":[{"embeddable":true,"href":"https:\/\/rmvapesale.com\/sk\/wp-json\/wp\/v2\/media\/2286"}],"wp:attachment":[{"href":"https:\/\/rmvapesale.com\/sk\/wp-json\/wp\/v2\/media?parent=2290"}],"wp:term":[{"taxonomy":"product_brand","embeddable":true,"href":"https:\/\/rmvapesale.com\/sk\/wp-json\/wp\/v2\/product_brand?post=2290"},{"taxonomy":"product_cat","embeddable":true,"href":"https:\/\/rmvapesale.com\/sk\/wp-json\/wp\/v2\/product_cat?post=2290"},{"taxonomy":"product_tag","embeddable":true,"href":"https:\/\/rmvapesale.com\/sk\/wp-json\/wp\/v2\/product_tag?post=2290"}],"curies":[{"name":"wp","href":"https:\/\/api.w.org\/{rel}","templated":true}]}}