{"id":2305,"date":"2024-10-09T03:30:01","date_gmt":"2024-10-09T03:30:01","guid":{"rendered":"https:\/\/rmvapesale.com\/?post_type=product&#038;p=2305"},"modified":"2024-10-09T04:01:03","modified_gmt":"2024-10-09T04:01:03","slug":"waspe-fihp-30000-puffs-led-display-disposable-vape-box","status":"publish","type":"product","link":"https:\/\/rmvapesale.com\/sk\/product\/waspe-fihp-30000-puffs-led-display-disposable-vape-box\/","title":{"rendered":"WASPE FIHP 30000 \u0164ahov LED Displej Jednorazov\u00e1 Vape Krabi\u010dka"},"content":{"rendered":"<div class=\"B2VR9 CJHX3e\">\n<div class=\"wyccme\">\n<h1 class=\"LC20lb MBeuO DKV0Md\">WASPE FIHP 30000 \u0164ahov LED Displej Jednorazov\u00e1 Vape Krabi\u010dka<\/h1>\n<div class=\"flex-shrink-0 flex flex-col relative items-end\">\n<div>\n<div class=\"pt-0\">\n<div class=\"gizmo-bot-avatar flex h-8 w-8 items-center justify-center overflow-hidden rounded-full\">\n<div class=\"relative p-1 rounded-sm flex items-center justify-center bg-token-main-surface-primary text-token-text-primary h-8 w-8\"><\/div>\n<\/div>\n<\/div>\n<\/div>\n<\/div>\n<div class=\"group\/conversation-turn relative flex w-full min-w-0 flex-col agent-turn\">\n<div class=\"flex-col gap-1 md:gap-3\">\n<div class=\"flex max-w-full flex-col flex-grow\">\n<div class=\"min-h-8 text-message flex w-full flex-col items-end gap-2 whitespace-normal break-words [.text-message+&amp;]:mt-5\" dir=\"auto\" data-message-author-role=\"assistant\" data-message-id=\"871c1362-82be-4876-894c-d28f37ffd3d3\">\n<div class=\"flex w-full flex-col gap-1 empty:hidden first:pt-[3px]\">\n<div class=\"markdown prose w-full break-words dark:prose-invert light\">\n<p>Stretnite sa s WASPE FIHP 30000 Puffs LED displej Jednor\u00e1zov\u00e1 vaporiz\u00e9rska krabi\u010dka \u2014 v\u00e1\u0161 dokonal\u00fd spolo\u010dn\u00edk na vapovanie! S ohromuj\u00facou kapacitou a\u017e 30 000 potiahnut\u00ed v re\u017eime Regular a 15 000 v re\u017eime Pulse, \u010dak\u00e1 v\u00e1s dlh\u00e1 a vydr\u017e\u00edca sk\u00fasenos\u0165.<\/p>\n<p>T\u00e1to vaporiz\u00e9rska kazeta m\u00e1 dvojit\u00fa sie\u0165ov\u00fa cievku pre bohat\u00fa chu\u0165 a p\u00f4sobiv\u00fa produkciu pary. S ve\u013ekorysou kapacitou 28 ml e-liquidu si m\u00f4\u017eete vychutn\u00e1va\u0165 svoje ob\u013e\u00faben\u00e9 chute a\u017e do 30 000 potiahnut\u00ed. Navy\u0161e, nastavite\u013en\u00fd prietok vzduchu v\u00e1m umo\u017e\u0148uje prisp\u00f4sobi\u0165 si z\u00e1\u017eitok do dokonalosti!<\/p>\n<p>\u010co odli\u0161uje WASPE FW 30000 krabi\u010dku s potiahnutiami je jej \u017eiv\u00fd LED displej, ktor\u00fd nielen\u017ee zobrazuje va\u0161e aktu\u00e1lne nastavenia, ale v\u00e1s aj informuje o \u00farovni bat\u00e9rie a e-liquidu. U\u017e \u017eiadne h\u00e1danie \u2014 zosta\u0148te informovan\u00ed!<\/p>\n<p>Vyberte si \u00farove\u0148 nikot\u00ednu \u2014 0%, 2% alebo 5% \u2014 aby ste zodpovedali svojmu n\u00e1ladov\u00e9mu rozpolo\u017eeniu. Ke\u010f je \u010das na nab\u00edjanie, pohodln\u00e9 nab\u00edjanie cez Type-C to u\u013eah\u010duje. V\u00e1\u017ei len 107 g, je \u013eahk\u00fd a prenosn\u00fd, ide\u00e1lny pre \u017eivot na cest\u00e1ch.<\/p>\n<p>Pripravte sa na zv\u00fd\u0161enie svojej vapovacej cesty s WASPE 30000 Puffs LED displej Jednor\u00e1zov\u00e1 vaporiz\u00e9rska krabi\u010dka!<\/p>\n<p>&nbsp;<\/p>\n<\/div>\n<\/div>\n<\/div>\n<\/div>\n<\/div>\n<\/div>\n<\/div>\n<\/div>\n<p><strong>Kontaktujte Amy a z\u00edskajte spr\u00e1vnu odpove\u010f a \u010fal\u0161ie vide\u00e1 o produktoch!<\/strong><\/p>\n<p><img loading=\"lazy\" decoding=\"async\" class=\"size-full wp-image-1978\" src=\"https:\/\/rmvapesale.com\/wp-content\/uploads\/2024\/09\/Disposable-Vape-Wholesale.jpg\" alt=\"Jednorazov\u00fd vape ve\u013ekoobchod\" width=\"229\" height=\"300\" \/><\/p>\n<h3><a href=\"https:\/\/wa.me\/8617776015835\" target=\"_blank\" rel=\"noopener\"><span style=\"color: #ff0000\"><strong>WhatsApp: +86 17776015835<\/strong><\/span><\/a><\/h3>\n<p>&nbsp;<\/p>\n<h2><\/h2>\n<h2><strong>K\u013e\u00fa\u010dov\u00e9 vlastnosti WASPE FIHP 30000 Puffs Vape Box<\/strong><\/h2>\n<p>&nbsp;<\/p>\n<p>Regular: 30000 potiahnut\u00ed<br \/>\nPulse: 15000 potiahnut\u00ed<br \/>\nDvojit\u00e1 sie\u0165ov\u00e1 cievka: 1ohm+1ohm<br \/>\nE-liquid: 28ml<br \/>\nNikot\u00edn: 0%\/2%\/5%<br \/>\nBat\u00e9ria: 850mAh<br \/>\nNastavite\u013en\u00fd prietok vzduchu<br \/>\nNab\u00edjate\u013en\u00e1: Typ-C<br \/>\nLED displej<\/p>\n<p>&nbsp;<\/p>\n<figure id=\"attachment_2300\" aria-describedby=\"caption-attachment-2300\" style=\"width: 808px\" class=\"wp-caption alignnone\"><img loading=\"lazy\" decoding=\"async\" class=\"wp-image-2300 size-full\" src=\"https:\/\/rmvapesale.com\/wp-content\/uploads\/2024\/10\/FIHP-WASPE-Tornado-30000-puffs-vape-Cheap-Price.jpg\" alt=\"FIHP WASPE Tornado 30000 potiahnut\u00ed vaporiz\u00e9r za n\u00edzku cenu\" width=\"808\" height=\"808\" srcset=\"https:\/\/rmvapesale.com\/wp-content\/uploads\/2024\/10\/FIHP-WASPE-Tornado-30000-puffs-vape-Cheap-Price.jpg 808w, https:\/\/rmvapesale.com\/wp-content\/uploads\/2024\/10\/FIHP-WASPE-Tornado-30000-puffs-vape-Cheap-Price-300x300.jpg 300w, https:\/\/rmvapesale.com\/wp-content\/uploads\/2024\/10\/FIHP-WASPE-Tornado-30000-puffs-vape-Cheap-Price-150x150.jpg 150w, https:\/\/rmvapesale.com\/wp-content\/uploads\/2024\/10\/FIHP-WASPE-Tornado-30000-puffs-vape-Cheap-Price-768x768.jpg 768w, https:\/\/rmvapesale.com\/wp-content\/uploads\/2024\/10\/FIHP-WASPE-Tornado-30000-puffs-vape-Cheap-Price-600x600.jpg 600w, https:\/\/rmvapesale.com\/wp-content\/uploads\/2024\/10\/FIHP-WASPE-Tornado-30000-puffs-vape-Cheap-Price-100x100.jpg 100w\" sizes=\"auto, (max-width: 808px) 100vw, 808px\" \/><figcaption id=\"caption-attachment-2300\" class=\"wp-caption-text\">FIHP WASPE Tornado 30000 potiahnut\u00ed vaporiz\u00e9r za n\u00edzku cenu<\/figcaption><\/figure>\n<h2><strong>Najlep\u0161ia chu\u0165 pre WASPE FIHP 30000 Puffs LED displej Jednor\u00e1zov\u00e1 vaporiz\u00e9rska krabi\u010dka<\/strong><\/h2>\n<p>WASPE 30000 Puffs LED displej Jednor\u00e1zov\u00e1 vaporiz\u00e9rska krabi\u010dka pon\u00faka 16 vynikaj\u00facich chut\u00ed, vyberte si z r\u00f4znych mo\u017enost\u00ed, vr\u00e1tane klasickej osvie\u017euj\u00facej chladnej m\u00e4ty a exotickej sladkosti hrozna, ka\u017ed\u00e1 s\u013eubuje bohat\u00fa a uspokojiv\u00fa cestu pri ka\u017edom potiahnut\u00ed.<\/p>\n<p>1. Jahodovo-mangov\u00e1<br \/>\n2. Zmie\u0161an\u00e9 Bobule<span style=\"color: #ff0000\"><strong>&gt;&gt;&gt;&gt; Hor\u00face!<\/strong><\/span><br \/>\n3.Watermelon Ice<br \/>\n4. Jahoda Mel\u00f3n<br \/>\n5. Jahodovo-Red Bull<span style=\"color: #ff0000\"><strong>&gt;&gt;&gt;&gt; Hor\u00face!<\/strong><\/span><br \/>\n6.Kivi Passion Fruit Guava<br \/>\n7.Hrozno \u013dad<br \/>\n8.Dvojit\u00e1 jablkov\u00e1 \u013eadov\u00e1<br \/>\n9.Blueberry Raspberry<br \/>\n10.Mel\u00f3n Mango \u013eadov\u00fd<br \/>\n11.Blueberry \u013ead<br \/>\n12. Marhu\u013ea, bobule<br \/>\n13.Jahoda Kiwi<br \/>\n14.Tre\u0161nja \u013eadov\u00e1<br \/>\n15.Jahoda Superburst Tre\u0161nja<br \/>\n16.Mel\u00f3nov\u00e1 \u017euva\u010dka<span style=\"color: #ff0000\"><strong>&gt;&gt;&gt;&gt; Najlep\u0161ie!<\/strong><\/span><\/p>\n<p>&nbsp;<\/p>\n<div class=\"flex-shrink-0 flex flex-col relative items-end\">\n<div>\n<div class=\"pt-0\">\n<div class=\"gizmo-bot-avatar flex h-8 w-8 items-center justify-center overflow-hidden rounded-full\">\n<div class=\"relative p-1 rounded-sm flex items-center justify-center bg-token-main-surface-primary text-token-text-primary h-8 w-8\">\n<h3><b>\u010cast\u00e9 ot\u00e1zky<\/b><\/h3>\n<p>&nbsp;<\/p>\n<\/div>\n<\/div>\n<\/div>\n<\/div>\n<\/div>\n<div class=\"group\/conversation-turn relative flex w-full min-w-0 flex-col agent-turn\">\n<div class=\"flex-col gap-1 md:gap-3\">\n<div class=\"flex max-w-full flex-col flex-grow\">\n<div class=\"min-h-8 text-message flex w-full flex-col items-end gap-2 whitespace-normal break-words [.text-message+&amp;]:mt-5\" dir=\"auto\" data-message-author-role=\"assistant\" data-message-id=\"f226d3fc-81f3-46d5-8c46-31787fff0357\">\n<div class=\"flex w-full flex-col gap-1 empty:hidden first:pt-[3px]\">\n<div class=\"markdown prose w-full break-words dark:prose-invert light\">\n<p><strong>Q1: Ak\u00e9 mo\u017enosti nikot\u00ednu s\u00fa dostupn\u00e9 pre WASPE 30000 Puffs Vape Box?<\/strong><br \/>\nA1: M\u00f4\u017eete si vybra\u0165 z \u00farovn\u00ed nikot\u00ednu 0%, 2% alebo 5% pod\u013ea svojich preferenci\u00ed.<\/p>\n<p><strong>Q2: Ko\u013eko potiahnut\u00ed m\u00f4\u017eem z\u00edska\u0165 z WASPE 30000 Puffs Vape Box?<\/strong><br \/>\nA2: U\u017e\u00edvajte si a\u017e 30 000 potiahnut\u00ed v re\u017eime Regular a 15 000 potiahnut\u00ed v re\u017eime Pulse, \u010do poskytuje dlhodob\u00fa spokojnos\u0165.<\/p>\n<p><strong>Q3: Ak\u00e9 pr\u00edchute s\u00fa pon\u00fakan\u00e9 pre jednorazov\u00fd vaporiz\u00e9r WASPE 30000 Puffs?<\/strong><br \/>\nA3: Vyberte si z pestrej \u0161k\u00e1ly pr\u00edchut\u00ed ako Jahoda Mango, Zmie\u0161an\u00e9 bobule, Mel\u00f3n \u013eadov\u00fd a mnoho \u010fal\u0161\u00edch!<\/p>\n<p><strong>Q4: Ako sledujem \u00farove\u0148 bat\u00e9rie a e-liquidu?<\/strong><br \/>\nA4: LED displej na WASPE Vape Box zobrazuje stav bat\u00e9rie aj \u00farove\u0148 e-liquidu, aby ste boli v\u017edy informovan\u00ed.<\/p>\n<p><strong>Q5: Je jednorazov\u00fd vaporiz\u00e9r WASPE 30000 Puffs dob\u00edjate\u013en\u00fd?<\/strong><br \/>\nA5: \u00c1no, m\u00e1 pohodln\u00e9 nab\u00edjanie cez Type-C pre jednoduch\u00e9 dob\u00edjanie pod\u013ea potreby.<\/p>\n<p><strong>Q6: Ak\u00e1 je konfigur\u00e1cia balenia pre ve\u013ekoobchodn\u00e9 objedn\u00e1vky?<\/strong><br \/>\nA6: Jednorazov\u00fd vaporiz\u00e9r WASPE 30000 Puffs je dostupn\u00fd na ve\u013ekoobchodn\u00fd n\u00e1kup, ide\u00e1lny pre ve\u013ekoobchodn\u00fdch z\u00e1kazn\u00edkov.<\/p>\n<p><strong>Q7: M\u00f4\u017eem k\u00fapi\u0165 ve\u013ekoobchodne jednorazov\u00fd vaporiz\u00e9r WASPE FIHP FW 30000?<\/strong><br \/>\nA7: Absol\u00fatne! Pon\u00fakame jednorazov\u00fd vaporiz\u00e9r WASPE FIHP FW 30000 na ve\u013ekoobchod a hromadn\u00fd n\u00e1kup.<\/p>\n<p><strong>Q8: Ko\u013eko stoj\u00ed ve\u013ekoobchodn\u00e1 cena za balenie vaporiz\u00e9ru WASPE 30000 Puffs?<\/strong><br \/>\nA8: Pre podrobnosti o cen\u00e1ch ve\u013ekoobchodn\u00e9ho n\u00e1kupu vaporiz\u00e9ru WASPE 30000 Puffs n\u00e1s kontaktujte priamo.<\/p>\n<p><strong>Q9: \u010co rob\u00ed balenie vaporiz\u00e9ru WASPE 30000 Puffs ide\u00e1lnym pre predajcov?<\/strong><br \/>\nA9: S jeho p\u00f4sobivou kapacitou na potiahnutia, r\u00f4znymi pr\u00edchu\u0165ami a atrakt\u00edvnym dizajnom je ide\u00e1lnou vo\u013ebou na pril\u00e1kanie z\u00e1kazn\u00edkov.<\/p>\n<p><strong>Q10: Ak\u00e1 je hmotnos\u0165 balenia vaporiz\u00e9ru WASPE?<\/strong><br \/>\nA10: Balenie vaporiz\u00e9ru WASPE je \u013eahk\u00e9, v\u00e1\u017ei iba 107 g, \u010do u\u013eah\u010duje jeho pren\u00e1\u0161anie na vapovanie na cest\u00e1ch.<\/p>\n<\/div>\n<\/div>\n<\/div>\n<\/div>\n<\/div>\n<\/div>\n<p>&nbsp;<\/p>\n<h3><\/h3>\n<h3>O doru\u010den\u00ed<\/h3>\n<div class=\"flex-shrink-0 flex flex-col relative items-end\">\n<div>\n<div class=\"pt-0\">\n<div class=\"gizmo-bot-avatar flex h-8 w-8 items-center justify-center overflow-hidden rounded-full\">\n<div><\/div>\n<div class=\"relative p-1 rounded-sm flex items-center justify-center bg-token-main-surface-primary text-token-text-primary h-8 w-8\"><strong>1. Ak\u00e9 sp\u00f4soby doru\u010denia pou\u017e\u00edvate?<\/strong><\/div>\n<\/div>\n<\/div>\n<\/div>\n<\/div>\n<div class=\"group\/conversation-turn relative flex w-full min-w-0 flex-col agent-turn\">\n<div class=\"flex-col gap-1 md:gap-3\">\n<div class=\"flex max-w-full flex-col flex-grow\">\n<div class=\"min-h-[20px] text-message flex w-full flex-col items-end gap-2 whitespace-normal break-words [.text-message+&amp;]:mt-5 overflow-x-auto\" dir=\"auto\" data-message-author-role=\"assistant\" data-message-id=\"22f8283b-3233-46ff-89a5-c7a41b33abda\">\n<div class=\"flex w-full flex-col gap-1 empty:hidden first:pt-[3px]\">\n<div class=\"markdown prose w-full break-words dark:prose-invert light\">\n<p>Spolupracujeme so spolo\u010dnos\u0165ami UPS, DHL, FedEx, DPD a \u010fal\u0161\u00edmi popredn\u00fdmi dopravcami. Vyberieme najlep\u0161\u00ed sp\u00f4sob doru\u010denia na z\u00e1klade va\u0161ej adresy, aby sme zaistili, \u017ee svoje produkty dostanete \u010do najr\u00fdchlej\u0161ie.<\/p>\n<\/div>\n<p><strong>2. Ako dlho trv\u00e1 doru\u010denie?<\/strong><\/p>\n<p>Bal\u00edky doru\u010dovan\u00e9 na Slovensko zvy\u010dajne dorazia do 10 pracovn\u00fdch dn\u00ed. Doru\u010denie do eur\u00f3pskych kraj\u00edn zvy\u010dajne trv\u00e1 asi 12-15 pracovn\u00fdch dn\u00ed. Budeme v\u00e1s informova\u0165 o stave doru\u010denia v re\u00e1lnom \u010dase.<\/p>\n<\/div>\n<p><strong>3. Z\u00e1ruka<\/strong><\/p>\n<p><span style=\"color: #ff0000\"><strong>V\u0161etky produkty v na\u0161om obchode s\u00fa 100% origin\u00e1lne a autentick\u00e9. Za falo\u0161n\u00fd tovar pon\u00fakame 10-n\u00e1sobn\u00fa kompenz\u00e1ciu!<\/strong><\/span><\/p>\n<div class=\"flex w-full flex-col gap-1 empty:hidden first:pt-[3px]\">\n<p>&nbsp;<\/p>\n<\/div>\n<\/div>\n<\/div>\n<\/div>\n<\/div>\n<p>&nbsp;<\/p>\n<p>\u010eal\u0161ie hor\u00face vapy, ktor\u00e9 by sa v\u00e1m mohli p\u00e1\u010di\u0165:<\/p>\n<p><a href=\"https:\/\/rmvapesale.com\/sk\/product\/uwin-crystal-10000-puff-disposable-vape-wholesale-price\/\"><strong>UWIN CRYSTAL 10000 Potiahnut\u00ed\u00a0 \u00a0<span style=\"color: #ff0000\">&gt;&gt;&gt;&gt; \u00eds\u0165!<\/span><\/strong><\/a><\/p>\n<p><strong><a href=\"https:\/\/rmvapesale.com\/sk\/product\/aivono-aim-boom-25000-puffs-smart-screen-disposable-vape\/\">Aivono Aim Boom 25000 Potiahnut\u00ed Smart Screen Potiahnut\u00ed <span style=\"color: #ff0000\">&gt;&gt;&gt;&gt; \u00eds\u0165!<\/span><\/a>\u00a0<\/strong><\/p>\n<p><a href=\"https:\/\/rmvapesale.com\/sk\/product\/uzy-crystal-pro-max-10k-puffs-disposable-vape-pen-wholesale\/\"><strong>UZY Crystal Pro Max 10k Puffs <span style=\"color: #ff0000\">&gt;&gt;&gt;&gt; \u00eds\u0165!<\/span><\/strong><\/a><\/p>\n<p>&nbsp;<\/p>\n<p>&nbsp;<\/p>\n<p>N\u00e1jdite \u010fal\u0161ie vape produkty, ktor\u00e9 by sa v\u00e1m mohli p\u00e1\u010di\u0165:<strong><em><a href=\"https:\/\/rmvapesale.com\/sk\/shop-2\/\">nakupova\u0165 teraz &gt;&gt;&gt;<\/a><\/em><\/strong><\/p>","protected":false},"excerpt":{"rendered":"<p>WASPE FIHP 30000 Puffs Jednor\u00e1zov\u00e1 vaporiz\u00e9rska ve\u013ekoobchod<br \/>\nWASPE FIHP FW 30000 Jednor\u00e1zov\u00e1 vaporiz\u00e9rska ve\u013ekoobchodn\u00e1 k\u00fapa<br \/>\nWASPE FW 30000 Jednor\u00e1zov\u00e1 vaporiz\u00e9rska krabi\u010dka bez nikot\u00ednu<\/p>\n<p><img loading=\"lazy\" decoding=\"async\" class=\"size-full wp-image-1978\" src=\"https:\/\/rmvapesale.com\/wp-content\/uploads\/2024\/09\/Disposable-Vape-Wholesale.jpg\" alt=\"Jednorazov\u00fd vape ve\u013ekoobchod\" width=\"229\" height=\"300\" \/><\/p>\n<h3><a href=\"https:\/\/wa.me\/8617776015835\"><span style=\"color: #ff0000\"><strong>WhatsApp: +86 17776015835<\/strong><\/span><\/a><\/h3>\n<p>&nbsp;<\/p>","protected":false},"featured_media":2304,"comment_status":"open","ping_status":"closed","template":"","meta":{"_uag_custom_page_level_css":"","_lmt_disableupdate":"","_lmt_disable":"","site-sidebar-layout":"default","site-content-layout":"content-boxed-container","ast-site-content-layout":"normal-width-container","site-content-style":"boxed","site-sidebar-style":"unboxed","ast-global-header-display":"","ast-banner-title-visibility":"","ast-main-header-display":"","ast-hfb-above-header-display":"","ast-hfb-below-header-display":"","ast-hfb-mobile-header-display":"","site-post-title":"","ast-breadcrumbs-content":"","ast-featured-img":"","footer-sml-layout":"","theme-transparent-header-meta":"default","adv-header-id-meta":"","stick-header-meta":"","header-above-stick-meta":"","header-main-stick-meta":"","header-below-stick-meta":"","astra-migrate-meta-layouts":"set","ast-page-background-enabled":"default","ast-page-background-meta":{"desktop":{"background-color":"var(--ast-global-color-4)","background-image":"","background-repeat":"repeat","background-position":"center center","background-size":"auto","background-attachment":"scroll","background-type":"","background-media":"","overlay-type":"","overlay-color":"","overlay-opacity":"","overlay-gradient":""},"tablet":{"background-color":"","background-image":"","background-repeat":"repeat","background-position":"center center","background-size":"auto","background-attachment":"scroll","background-type":"","background-media":"","overlay-type":"","overlay-color":"","overlay-opacity":"","overlay-gradient":""},"mobile":{"background-color":"","background-image":"","background-repeat":"repeat","background-position":"center center","background-size":"auto","background-attachment":"scroll","background-type":"","background-media":"","overlay-type":"","overlay-color":"","overlay-opacity":"","overlay-gradient":""}},"ast-content-background-meta":{"desktop":{"background-color":"var(--ast-global-color-5)","background-image":"","background-repeat":"repeat","background-position":"center center","background-size":"auto","background-attachment":"scroll","background-type":"","background-media":"","overlay-type":"","overlay-color":"","overlay-opacity":"","overlay-gradient":""},"tablet":{"background-color":"var(--ast-global-color-5)","background-image":"","background-repeat":"repeat","background-position":"center center","background-size":"auto","background-attachment":"scroll","background-type":"","background-media":"","overlay-type":"","overlay-color":"","overlay-opacity":"","overlay-gradient":""},"mobile":{"background-color":"var(--ast-global-color-5)","background-image":"","background-repeat":"repeat","background-position":"center center","background-size":"auto","background-attachment":"scroll","background-type":"","background-media":"","overlay-type":"","overlay-color":"","overlay-opacity":"","overlay-gradient":""}},"_joinchat":[]},"product_brand":[],"product_cat":[15,25,123,26,28,27,30],"product_tag":[66,125,96,101,105,120,116],"class_list":{"0":"post-2305","1":"product","2":"type-product","3":"status-publish","4":"has-post-thumbnail","6":"product_cat-new-vape-this-week","7":"product_cat-germany-best-selling-vape","8":"product_cat-italy-wholesale-vape","9":"product_cat-netherlands-hot-sale-vape","10":"product_cat-poland-hot-sale-vape","11":"product_cat-fance-hot-sale-vape","12":"product_cat-minimum-order-quantity-50pcs","13":"product_tag-disposable-vape","14":"product_tag-disposable-vape-italy","15":"product_tag-disposable-vape-wholesale-uk","16":"product_tag-led-display-vape","17":"product_tag-nicotine-free-disposable-vape","18":"product_tag-vape-wholesale","19":"product_tag-vapes","20":"desktop-align-left","21":"tablet-align-left","22":"mobile-align-left","24":"first","25":"instock","26":"sale","27":"shipping-taxable","28":"purchasable","29":"product-type-simple"},"uagb_featured_image_src":{"full":["https:\/\/rmvapesale.com\/wp-content\/uploads\/2024\/10\/WASPE-FIHP-30000-puffs-Tornado-vape-Wholesale-Price.jpg",808,808,false],"thumbnail":["https:\/\/rmvapesale.com\/wp-content\/uploads\/2024\/10\/WASPE-FIHP-30000-puffs-Tornado-vape-Wholesale-Price-150x150.jpg",150,150,true],"medium":["https:\/\/rmvapesale.com\/wp-content\/uploads\/2024\/10\/WASPE-FIHP-30000-puffs-Tornado-vape-Wholesale-Price-300x300.jpg",300,300,true],"medium_large":["https:\/\/rmvapesale.com\/wp-content\/uploads\/2024\/10\/WASPE-FIHP-30000-puffs-Tornado-vape-Wholesale-Price-768x768.jpg",768,768,true],"large":["https:\/\/rmvapesale.com\/wp-content\/uploads\/2024\/10\/WASPE-FIHP-30000-puffs-Tornado-vape-Wholesale-Price.jpg",808,808,false],"1536x1536":["https:\/\/rmvapesale.com\/wp-content\/uploads\/2024\/10\/WASPE-FIHP-30000-puffs-Tornado-vape-Wholesale-Price.jpg",808,808,false],"2048x2048":["https:\/\/rmvapesale.com\/wp-content\/uploads\/2024\/10\/WASPE-FIHP-30000-puffs-Tornado-vape-Wholesale-Price.jpg",808,808,false],"trp-custom-language-flag":["https:\/\/rmvapesale.com\/wp-content\/uploads\/2024\/10\/WASPE-FIHP-30000-puffs-Tornado-vape-Wholesale-Price.jpg",12,12,false],"woocommerce_thumbnail":["https:\/\/rmvapesale.com\/wp-content\/uploads\/2024\/10\/WASPE-FIHP-30000-puffs-Tornado-vape-Wholesale-Price-300x300.jpg",300,300,true],"woocommerce_single":["https:\/\/rmvapesale.com\/wp-content\/uploads\/2024\/10\/WASPE-FIHP-30000-puffs-Tornado-vape-Wholesale-Price-600x600.jpg",600,600,true],"woocommerce_gallery_thumbnail":["https:\/\/rmvapesale.com\/wp-content\/uploads\/2024\/10\/WASPE-FIHP-30000-puffs-Tornado-vape-Wholesale-Price-100x100.jpg",100,100,true],"wcpr-photo-reviews":["https:\/\/rmvapesale.com\/wp-content\/uploads\/2024\/10\/WASPE-FIHP-30000-puffs-Tornado-vape-Wholesale-Price.jpg",500,500,false]},"uagb_author_info":{"display_name":"AMY","author_link":"https:\/\/rmvapesale.com\/sk\/author\/"},"uagb_comment_info":0,"uagb_excerpt":"WASPE FIHP 30000 Puffs Disposable Vape Wholesale WASPE FIHP FW 30000 Disposable Vape Bulk Buy WASPE FW 30000 Disposable Vape Box Nicotine Free WhatsApp: +86 17776015835 &nbsp;","_links":{"self":[{"href":"https:\/\/rmvapesale.com\/sk\/wp-json\/wp\/v2\/product\/2305","targetHints":{"allow":["GET"]}}],"collection":[{"href":"https:\/\/rmvapesale.com\/sk\/wp-json\/wp\/v2\/product"}],"about":[{"href":"https:\/\/rmvapesale.com\/sk\/wp-json\/wp\/v2\/types\/product"}],"replies":[{"embeddable":true,"href":"https:\/\/rmvapesale.com\/sk\/wp-json\/wp\/v2\/comments?post=2305"}],"wp:featuredmedia":[{"embeddable":true,"href":"https:\/\/rmvapesale.com\/sk\/wp-json\/wp\/v2\/media\/2304"}],"wp:attachment":[{"href":"https:\/\/rmvapesale.com\/sk\/wp-json\/wp\/v2\/media?parent=2305"}],"wp:term":[{"taxonomy":"product_brand","embeddable":true,"href":"https:\/\/rmvapesale.com\/sk\/wp-json\/wp\/v2\/product_brand?post=2305"},{"taxonomy":"product_cat","embeddable":true,"href":"https:\/\/rmvapesale.com\/sk\/wp-json\/wp\/v2\/product_cat?post=2305"},{"taxonomy":"product_tag","embeddable":true,"href":"https:\/\/rmvapesale.com\/sk\/wp-json\/wp\/v2\/product_tag?post=2305"}],"curies":[{"name":"wp","href":"https:\/\/api.w.org\/{rel}","templated":true}]}}