{"id":2313,"date":"2024-10-09T09:34:18","date_gmt":"2024-10-09T09:34:18","guid":{"rendered":"https:\/\/rmvapesale.com\/?post_type=product&#038;p=2313"},"modified":"2024-10-09T09:51:33","modified_gmt":"2024-10-09T09:51:33","slug":"bang-box-30000-puff-smart-screen-disposable-vape-wholesale","status":"publish","type":"product","link":"https:\/\/rmvapesale.com\/sk\/product\/bang-box-30000-puff-smart-screen-disposable-vape-wholesale\/","title":{"rendered":"Bang Box 30000 \u0164ahov Inteligentn\u00fd Displej Jednorazov\u00e1 Vape Ve\u013ekoobchod"},"content":{"rendered":"<div class=\"B2VR9 CJHX3e\">\n<div class=\"wyccme\">\n<h1 class=\"LC20lb MBeuO DKV0Md\">Bang Box 30000 \u0164ahov Inteligentn\u00fd Displej Jednorazov\u00e1 Vape Ve\u013ekoobchod<\/h1>\n<div class=\"flex-shrink-0 flex flex-col relative items-end\">\n<div>\n<div class=\"pt-0\">\n<div class=\"gizmo-bot-avatar flex h-8 w-8 items-center justify-center overflow-hidden rounded-full\">\n<div class=\"relative p-1 rounded-sm flex items-center justify-center bg-token-main-surface-primary text-token-text-primary h-8 w-8\">\n<p>Jednorazov\u00fd vape Bang Box 30000 Puffs s inteligentnou obrazovkou je navrhnut\u00fd tak, aby poskytoval v\u00fdnimo\u010dn\u00fd z\u00e1\u017eitok z vapovania, pri\u010dom ve\u013ekoobchodn\u00e1 cena je teraz k dispoz\u00edcii na rmvapesale. S p\u00f4sobiv\u00fdm po\u010dtom 30 000 po\u0165ahov a ve\u013ekou kapacitou 35 ml e-liquidu je stvoren\u00fd na dlhodob\u00e9 pou\u017e\u00edvanie.<\/p>\n<p>Toto jednorazov\u00e9 zariadenie vape box pon\u00faka mo\u017enosti nikot\u00ednu 0 %, 2 %, 3 % alebo 5 %, v\u010faka \u010domu je vhodn\u00e9 pre nov\u00fdch aj sk\u00fasen\u00fdch pou\u017e\u00edvate\u013eov. Je vybaven\u00e9 850mAh dob\u00edjate\u013enou bat\u00e9riou a du\u00e1lnou sie\u0165ovou cievkou, \u010do zaru\u010duje bohat\u00fa chu\u0165 a konzistentn\u00fa produkciu pary pri ka\u017edom po\u0165ahu.<\/p>\n<p>To, \u010do odli\u0161uje Bang Box 30k, je jeho inteligentn\u00e1 obrazovka, ktor\u00e1 zobrazuje hladinu e-liquidu aj bat\u00e9rie, \u010do pou\u017e\u00edvate\u013eom umo\u017e\u0148uje jednoducho sledova\u0165 stav svojho vapu. K dispoz\u00edcii je 12 jedine\u010dn\u00fdch pr\u00edchut\u00ed, tak\u017ee si ka\u017ed\u00fd n\u00e1jde nie\u010do pre seba.<\/p>\n<p>Jednorazov\u00fd vape Bang Box 30000 Puffs s inteligentnou obrazovkou je ide\u00e1lny pre ve\u013ekoobchodn\u00fdch kupuj\u00facich, preto\u017ee kombinuje pohodlie, v\u00fdkon a rozmanitos\u0165, \u010do z neho rob\u00ed prvotriednu vo\u013ebu pre maloobchodn\u00edkov na Slovensku.<\/p>\n<\/div>\n<\/div>\n<\/div>\n<\/div>\n<\/div>\n<div class=\"group\/conversation-turn relative flex w-full min-w-0 flex-col agent-turn\">\n<div class=\"flex-col gap-1 md:gap-3\">\n<div class=\"flex max-w-full flex-col flex-grow\">\n<div class=\"min-h-8 text-message flex w-full flex-col items-end gap-2 whitespace-normal break-words [.text-message+&amp;]:mt-5\" dir=\"auto\" data-message-author-role=\"assistant\" data-message-id=\"871c1362-82be-4876-894c-d28f37ffd3d3\">\n<div class=\"flex w-full flex-col gap-1 empty:hidden first:pt-[3px]\">\n<div class=\"markdown prose w-full break-words dark:prose-invert light\">\n<p>&nbsp;<\/p>\n<\/div>\n<\/div>\n<\/div>\n<\/div>\n<\/div>\n<\/div>\n<\/div>\n<\/div>\n<p><strong>Kontaktujte Amy a z\u00edskajte spr\u00e1vnu odpove\u010f a \u010fal\u0161ie vide\u00e1 o produktoch!<\/strong><\/p>\n<p><img loading=\"lazy\" decoding=\"async\" class=\"size-full wp-image-1978\" src=\"https:\/\/rmvapesale.com\/wp-content\/uploads\/2024\/09\/Disposable-Vape-Wholesale.jpg\" alt=\"Jednorazov\u00fd vape ve\u013ekoobchod\" width=\"229\" height=\"300\" \/><\/p>\n<h3><a href=\"https:\/\/wa.me\/8617776015835\" target=\"_blank\" rel=\"noopener\"><span style=\"color: #ff0000\"><strong>WhatsApp: +86 17776015835<\/strong><\/span><\/a><\/h3>\n<p>&nbsp;<\/p>\n<h2><\/h2>\n<h2><strong>Bang Box 30000 Puffs Inteligentn\u00e1 obrazovka Vape K\u013e\u00fa\u010dov\u00e9 vlastnosti<\/strong><\/h2>\n<p>Nikot\u00edn: 0% 2% 3% 5%<br \/>\nPo\u0165ahy: 30000 po\u0165ahov<br \/>\nKapacita: 35ml<br \/>\nDostupn\u00fdch 12 pr\u00edchut\u00ed<br \/>\n850mah dob\u00edjacia bat\u00e9ria<br \/>\nDu\u00e1lna sie\u0165ovan\u00e1 cievka<br \/>\nInteligentn\u00e1 obrazovka: Indik\u00e1tor e-liquidu\/bat\u00e9rie<\/p>\n<figure id=\"attachment_2311\" aria-describedby=\"caption-attachment-2311\" style=\"width: 300px\" class=\"wp-caption alignnone\"><img loading=\"lazy\" decoding=\"async\" class=\"size-medium wp-image-2311\" src=\"https:\/\/rmvapesale.com\/wp-content\/uploads\/2024\/10\/Bang-Box-30000-Puff-Smart-Screen-E-Cigarettes-300x300.jpg\" alt=\"Bang Box 30000 Puffs Inteligentn\u00e1 obrazovka E Cigary\" width=\"300\" height=\"300\" srcset=\"https:\/\/rmvapesale.com\/wp-content\/uploads\/2024\/10\/Bang-Box-30000-Puff-Smart-Screen-E-Cigarettes-300x300.jpg 300w, https:\/\/rmvapesale.com\/wp-content\/uploads\/2024\/10\/Bang-Box-30000-Puff-Smart-Screen-E-Cigarettes-150x150.jpg 150w, https:\/\/rmvapesale.com\/wp-content\/uploads\/2024\/10\/Bang-Box-30000-Puff-Smart-Screen-E-Cigarettes-768x768.jpg 768w, https:\/\/rmvapesale.com\/wp-content\/uploads\/2024\/10\/Bang-Box-30000-Puff-Smart-Screen-E-Cigarettes-600x600.jpg 600w, https:\/\/rmvapesale.com\/wp-content\/uploads\/2024\/10\/Bang-Box-30000-Puff-Smart-Screen-E-Cigarettes-100x100.jpg 100w, https:\/\/rmvapesale.com\/wp-content\/uploads\/2024\/10\/Bang-Box-30000-Puff-Smart-Screen-E-Cigarettes.jpg 800w\" sizes=\"auto, (max-width: 300px) 100vw, 300px\" \/><figcaption id=\"caption-attachment-2311\" class=\"wp-caption-text\">Bang Box 30000 Puffs Inteligentn\u00e1 obrazovka E Cigary<\/figcaption><\/figure>\n<h2><strong>Najlep\u0161ia pr\u00edchu\u0165 pre Bang Box 30000 Puffs Inteligentn\u00e1 obrazovka E Cigary\u00a0<\/strong><\/h2>\n<p>Jednorazov\u00e1 vapa Bang Box 30000 Puff s dvojitou pr\u00edchu\u0165ou a inteligentnou obrazovkou pon\u00faka 12 lahodn\u00fdch pr\u00edchut\u00ed. Vyberte si z r\u00f4znych pr\u00edchut\u00ed vr\u00e1tane klasickej osvie\u017euj\u00facej chladivej m\u00e4ty a exotickej sladkosti hrozna, pri\u010dom ka\u017ed\u00e1 s\u013eubuje bohat\u00fa a uspokojuj\u00facu cestu s ka\u017ed\u00fdm potiahnut\u00edm.<\/p>\n<p>1.Jahoda Kiwi<br \/>\n2.\u010cernicov\u00e1 Expl\u00f3zia<span style=\"color: #ff0000\"><strong>&gt;&gt;&gt;&gt; Hor\u00face!<\/strong><\/span><br \/>\n3.Jahoda Mel\u00f3n<br \/>\n4.D\u017eung\u013eov\u00fd D\u017e\u00fas<br \/>\n5.\u010cu\u010doriedka Kysl\u00e1 Malina \u013dad<span style=\"color: #ff0000\"><strong>&gt;&gt;&gt;&gt; Hor\u00face!<\/strong><\/span><br \/>\n6.Mel\u00f3n \u013dad<br \/>\n7.\u010cu\u010doriedka \u013dad<br \/>\n8.\u010cu\u010doriedka Gran\u00e1tov\u00e9 jablko<br \/>\n9.Modr\u00e1 Expl\u00f3zia<span style=\"color: #ff0000\"><strong>&gt;&gt;&gt;&gt; Najlep\u0161ie!<\/strong><\/span><br \/>\n10.Jablko Brosky\u0148a<br \/>\n11.Marakuja<br \/>\n12.Dvojit\u00e9 Hrozno<\/p>\n<p>&nbsp;<\/p>\n<div class=\"flex-shrink-0 flex flex-col relative items-end\">\n<div>\n<div class=\"pt-0\">\n<div class=\"gizmo-bot-avatar flex h-8 w-8 items-center justify-center overflow-hidden rounded-full\">\n<div class=\"relative p-1 rounded-sm flex items-center justify-center bg-token-main-surface-primary text-token-text-primary h-8 w-8\">\n<h3><b>\u010cast\u00e9 ot\u00e1zky<\/b><\/h3>\n<p>&nbsp;<\/p>\n<\/div>\n<\/div>\n<\/div>\n<\/div>\n<\/div>\n<div class=\"group\/conversation-turn relative flex w-full min-w-0 flex-col agent-turn\">\n<div class=\"flex-col gap-1 md:gap-3\">\n<div class=\"flex max-w-full flex-col flex-grow\">\n<div class=\"min-h-8 text-message flex w-full flex-col items-end gap-2 whitespace-normal break-words [.text-message+&amp;]:mt-5\" dir=\"auto\" data-message-author-role=\"assistant\" data-message-id=\"f226d3fc-81f3-46d5-8c46-31787fff0357\">\n<div class=\"flex w-full flex-col gap-1 empty:hidden first:pt-[3px]\">\n<div class=\"markdown prose w-full break-words dark:prose-invert light\">\n<p><strong>Q1: Ak\u00e9 sily nikot\u00ednu s\u00fa k dispoz\u00edcii pre jednorazov\u00fd vape Bang Box 30000 Puffs s inteligentnou obrazovkou?<\/strong><br \/>\nA1: Bang Box pon\u00faka nikot\u00ednov\u00e9 mo\u017enosti 0 %, 2 %, 3 % a 5 %, \u010do umo\u017e\u0148uje pou\u017e\u00edvate\u013eom vybra\u0165 si pod\u013ea svojich preferenci\u00ed.<\/p>\n<p><strong>Q2: Ko\u013eko po\u0165ahov pon\u00faka jednorazov\u00fd vape Bang Box 30000 Puffs?<\/strong><br \/>\nA2: Toto zariadenie poskytuje a\u017e 30 000 po\u0165ahov, \u010do zaru\u010duje dlh\u0161\u00ed z\u00e1\u017eitok z vapovania.<\/p>\n<p><strong>Q3: Ak\u00e9 pr\u00edchute s\u00fa k dispoz\u00edcii pre e-cigarety Bang Box 30000 Puffs s LED displejom?<\/strong><br \/>\nA3: Vyberte si z 12 vzru\u0161uj\u00facich pr\u00edchut\u00ed vr\u00e1tane Jahoda Kivi, \u010cierny V\u00fdbuch, Mel\u00f3nov\u00fd \u013dad, \u010cu\u010doriedka Kysl\u00e1 Malina \u013dad a \u010fal\u0161ie!<\/p>\n<p><strong>Ot\u00e1zka 4: Ak\u00e1 je kapacita jednorazovej elektronickej cigarety Bang Box 30000 Puff s LED displejom?<\/strong><br \/>\nOdpove\u010f 4: Vape pojme 35 ml e-liquidu, \u010do zais\u0165uje dlhodob\u00e9 pou\u017e\u00edvanie bez \u010dast\u00e9ho dop\u013a\u0148ania.<\/p>\n<p><strong>Ot\u00e1zka 5: Ako funguje funkcia smart obrazovky na jednorazovej elektronickej cigarete Bang Box 30000 Puff?<\/strong><br \/>\nOdpove\u010f 5: Smart obrazovka zobrazuje \u00farove\u0148 oleja aj bat\u00e9rie, \u010do pou\u017e\u00edvate\u013eom pom\u00e1ha \u013eahko sledova\u0165 stav ich zariadenia.<\/p>\n<p><strong>Ot\u00e1zka 6: Je elektronick\u00e1 cigareta Bang Box 30k Puff s inteligentnou obrazovkou nab\u00edjate\u013en\u00e1?<\/strong><br \/>\nOdpove\u010f 6: \u00c1no, je dod\u00e1van\u00e1 s nab\u00edjate\u013enou bat\u00e9riou s kapacitou 850 mAh, ktor\u00e1 zais\u0165uje nepretr\u017eit\u00e9 pou\u017e\u00edvanie v pr\u00edpade potreby.<\/p>\n<p><strong>Ot\u00e1zka 7: \u010co rob\u00ed du\u00e1lna sie\u0165ovan\u00e1 cievka \u0161peci\u00e1lnou v elektronick\u00fdch cigaret\u00e1ch Bang Box 30000 Puff s LED displejom?<\/strong><br \/>\nOdpove\u010f 7: Du\u00e1lna sie\u0165ovan\u00e1 cievka zvy\u0161uje produkciu pary a poskytuje bohat\u0161iu a konzistentnej\u0161iu chu\u0165.<\/p>\n<p><strong>Ot\u00e1zka 8: M\u00f4\u017eem si k\u00fapi\u0165 jednorazov\u00fa elektronick\u00fa cigaretu Bang Box 30000 Puff vo ve\u013ekom?<\/strong><br \/>\nOdpove\u010f 8: \u00c1no, pon\u00fakame <strong>Ve\u013ekoobchodn\u00fd n\u00e1kup jednorazovej elektronickej cigarety Bang Box 30000 Puff s inteligentnou obrazovkou<\/strong> a ve\u013ekoobchodn\u00e9 mo\u017enosti pre maloobchodn\u00edkov.<\/p>\n<p><strong>Ot\u00e1zka 9: Ak\u00e1 je najlep\u0161ia mo\u017enos\u0165 pre ve\u013ekoobchodn\u00fd n\u00e1kup jednorazov\u00fdch elektronick\u00fdch cigariet Bang Box 30000 Puff s LED displejom?<\/strong><br \/>\nOdpove\u010f 9: Pre najkonkurencieschopnej\u0161ie ceny a mo\u017enosti ve\u013ekoobchodn\u00fdch n\u00e1kupov si m\u00f4\u017eete pozrie\u0165 ponuky <strong>Ve\u013ekoobchod s elektronick\u00fdmi cigaretami Bang Box 30000 Puff s LED displejom<\/strong> .<\/p>\n<\/div>\n<\/div>\n<\/div>\n<\/div>\n<\/div>\n<\/div>\n<p>&nbsp;<\/p>\n<h3><\/h3>\n<h3>O doru\u010den\u00ed<\/h3>\n<div class=\"flex-shrink-0 flex flex-col relative items-end\">\n<div>\n<div class=\"pt-0\">\n<div class=\"gizmo-bot-avatar flex h-8 w-8 items-center justify-center overflow-hidden rounded-full\">\n<div><\/div>\n<div class=\"relative p-1 rounded-sm flex items-center justify-center bg-token-main-surface-primary text-token-text-primary h-8 w-8\"><strong>1. Ak\u00e9 sp\u00f4soby doru\u010denia pou\u017e\u00edvate?<\/strong><\/div>\n<\/div>\n<\/div>\n<\/div>\n<\/div>\n<div class=\"group\/conversation-turn relative flex w-full min-w-0 flex-col agent-turn\">\n<div class=\"flex-col gap-1 md:gap-3\">\n<div class=\"flex max-w-full flex-col flex-grow\">\n<div class=\"min-h-[20px] text-message flex w-full flex-col items-end gap-2 whitespace-normal break-words [.text-message+&amp;]:mt-5 overflow-x-auto\" dir=\"auto\" data-message-author-role=\"assistant\" data-message-id=\"22f8283b-3233-46ff-89a5-c7a41b33abda\">\n<div class=\"flex w-full flex-col gap-1 empty:hidden first:pt-[3px]\">\n<div class=\"markdown prose w-full break-words dark:prose-invert light\">\n<p>Spolupracujeme so spolo\u010dnos\u0165ami UPS, DHL, FedEx, DPD a \u010fal\u0161\u00edmi popredn\u00fdmi dopravcami. Vyberieme najlep\u0161\u00ed sp\u00f4sob doru\u010denia na z\u00e1klade va\u0161ej adresy, aby sme zaistili, \u017ee svoje produkty dostanete \u010do najr\u00fdchlej\u0161ie.<\/p>\n<\/div>\n<p><strong>2. Ako dlho trv\u00e1 doru\u010denie?<\/strong><\/p>\n<p>Bal\u00edky doru\u010dovan\u00e9 na Slovensko zvy\u010dajne dorazia do 10 pracovn\u00fdch dn\u00ed. Doru\u010denie do eur\u00f3pskych kraj\u00edn zvy\u010dajne trv\u00e1 asi 12-15 pracovn\u00fdch dn\u00ed. Budeme v\u00e1s informova\u0165 o stave doru\u010denia v re\u00e1lnom \u010dase.<\/p>\n<\/div>\n<p><strong>3. Z\u00e1ruka<\/strong><\/p>\n<p><span style=\"color: #ff0000\"><strong>V\u0161etky produkty v na\u0161om obchode s\u00fa 100% origin\u00e1lne a autentick\u00e9. Za falo\u0161n\u00fd tovar pon\u00fakame 10-n\u00e1sobn\u00fa kompenz\u00e1ciu!<\/strong><\/span><\/p>\n<div class=\"flex w-full flex-col gap-1 empty:hidden first:pt-[3px]\">\n<p>&nbsp;<\/p>\n<\/div>\n<\/div>\n<\/div>\n<\/div>\n<\/div>\n<p>&nbsp;<\/p>\n<p>\u010eal\u0161ie hor\u00face vapy, ktor\u00e9 by sa v\u00e1m mohli p\u00e1\u010di\u0165:<\/p>\n<p><a href=\"https:\/\/rmvapesale.com\/sk\/product\/aivono-aim-magic-20000-20k-puffs-disposable-vape-pod\/\"><strong>Aivono Aim Magic 20000 potiahnut\u00ed\u00a0 \u00a0<span style=\"color: #ff0000\">&gt;&gt;&gt;&gt; \u00eds\u0165!<\/span><\/strong><\/a><\/p>\n<p><strong><a href=\"https:\/\/rmvapesale.com\/sk\/product\/waspe-fihp-30000-puffs-led-display-disposable-vape-box\/\">WASPE FIHP 30000 potiahnut\u00ed <span style=\"color: #ff0000\">&gt;&gt;&gt;&gt; \u00eds\u0165!<\/span><\/a>\u00a0<\/strong><\/p>\n<p><a href=\"https:\/\/rmvapesale.com\/sk\/product\/uzy-crystal-pro-max-10k-puffs-disposable-vape-pen-wholesale\/\"><strong>UZY Crystal Pro Max 10k Puffs <span style=\"color: #ff0000\">&gt;&gt;&gt;&gt; \u00eds\u0165!<\/span><\/strong><\/a><\/p>\n<p>&nbsp;<\/p>\n<p>&nbsp;<\/p>\n<p>N\u00e1jdite \u010fal\u0161ie vape produkty, ktor\u00e9 by sa v\u00e1m mohli p\u00e1\u010di\u0165:<strong><em><a href=\"https:\/\/rmvapesale.com\/sk\/shop-2\/\">nakupova\u0165 teraz &gt;&gt;&gt;<\/a><\/em><\/strong><\/p>","protected":false},"excerpt":{"rendered":"<p>Bang Box 30000 \u0165ahov s inteligentn\u00fdm displejom, jednorazov\u00e9 e-cigarety<br \/>\nBang Vape Box 30000 Puffs Jednorazov\u00fd vape Ve\u013ekoobchod<br \/>\nBang Box 30000 Puffs 0% 2% 3% 5% Nikot\u00edn bez hromadn\u00e9ho n\u00e1kupu<\/p>\n<p><img loading=\"lazy\" decoding=\"async\" class=\"size-full wp-image-1978\" src=\"https:\/\/rmvapesale.com\/wp-content\/uploads\/2024\/09\/Disposable-Vape-Wholesale.jpg\" alt=\"Jednorazov\u00fd vape ve\u013ekoobchod\" width=\"229\" height=\"300\" \/><\/p>\n<h3><a href=\"https:\/\/wa.me\/8617776015835\"><span style=\"color: #ff0000\"><strong>WhatsApp: +86 17776015835<\/strong><\/span><\/a><\/h3>\n<p>&nbsp;<\/p>","protected":false},"featured_media":2310,"comment_status":"open","ping_status":"closed","template":"","meta":{"_uag_custom_page_level_css":"","_lmt_disableupdate":"","_lmt_disable":"","site-sidebar-layout":"default","site-content-layout":"content-boxed-container","ast-site-content-layout":"normal-width-container","site-content-style":"boxed","site-sidebar-style":"unboxed","ast-global-header-display":"","ast-banner-title-visibility":"","ast-main-header-display":"","ast-hfb-above-header-display":"","ast-hfb-below-header-display":"","ast-hfb-mobile-header-display":"","site-post-title":"","ast-breadcrumbs-content":"","ast-featured-img":"","footer-sml-layout":"","ast-disable-related-posts":"","theme-transparent-header-meta":"default","adv-header-id-meta":"","stick-header-meta":"","header-above-stick-meta":"","header-main-stick-meta":"","header-below-stick-meta":"","astra-migrate-meta-layouts":"set","ast-page-background-enabled":"default","ast-page-background-meta":{"desktop":{"background-color":"var(--ast-global-color-4)","background-image":"","background-repeat":"repeat","background-position":"center center","background-size":"auto","background-attachment":"scroll","background-type":"","background-media":"","overlay-type":"","overlay-color":"","overlay-opacity":"","overlay-gradient":""},"tablet":{"background-color":"","background-image":"","background-repeat":"repeat","background-position":"center center","background-size":"auto","background-attachment":"scroll","background-type":"","background-media":"","overlay-type":"","overlay-color":"","overlay-opacity":"","overlay-gradient":""},"mobile":{"background-color":"","background-image":"","background-repeat":"repeat","background-position":"center center","background-size":"auto","background-attachment":"scroll","background-type":"","background-media":"","overlay-type":"","overlay-color":"","overlay-opacity":"","overlay-gradient":""}},"ast-content-background-meta":{"desktop":{"background-color":"var(--ast-global-color-5)","background-image":"","background-repeat":"repeat","background-position":"center center","background-size":"auto","background-attachment":"scroll","background-type":"","background-media":"","overlay-type":"","overlay-color":"","overlay-opacity":"","overlay-gradient":""},"tablet":{"background-color":"var(--ast-global-color-5)","background-image":"","background-repeat":"repeat","background-position":"center center","background-size":"auto","background-attachment":"scroll","background-type":"","background-media":"","overlay-type":"","overlay-color":"","overlay-opacity":"","overlay-gradient":""},"mobile":{"background-color":"var(--ast-global-color-5)","background-image":"","background-repeat":"repeat","background-position":"center center","background-size":"auto","background-attachment":"scroll","background-type":"","background-media":"","overlay-type":"","overlay-color":"","overlay-opacity":"","overlay-gradient":""}},"_joinchat":[]},"product_brand":[],"product_cat":[15,60,27,25,123,30,26,28],"product_tag":[63,66,125,96,101,105,120],"class_list":{"0":"post-2313","1":"product","2":"type-product","3":"status-publish","4":"has-post-thumbnail","6":"product_cat-new-vape-this-week","7":"product_cat-bang-vapes","8":"product_cat-fance-hot-sale-vape","9":"product_cat-germany-best-selling-vape","10":"product_cat-italy-wholesale-vape","11":"product_cat-minimum-order-quantity-50pcs","12":"product_cat-netherlands-hot-sale-vape","13":"product_cat-poland-hot-sale-vape","14":"product_tag-bang-vapes","15":"product_tag-disposable-vape","16":"product_tag-disposable-vape-italy","17":"product_tag-disposable-vape-wholesale-uk","18":"product_tag-led-display-vape","19":"product_tag-nicotine-free-disposable-vape","20":"product_tag-vape-wholesale","21":"desktop-align-left","22":"tablet-align-left","23":"mobile-align-left","25":"first","26":"instock","27":"sale","28":"shipping-taxable","29":"purchasable","30":"product-type-simple"},"uagb_featured_image_src":{"full":["https:\/\/rmvapesale.com\/wp-content\/uploads\/2024\/10\/Bang-Box-30000-Puff-Smart-Screen-Disposable-Vape.jpg",800,801,false],"thumbnail":["https:\/\/rmvapesale.com\/wp-content\/uploads\/2024\/10\/Bang-Box-30000-Puff-Smart-Screen-Disposable-Vape-150x150.jpg",150,150,true],"medium":["https:\/\/rmvapesale.com\/wp-content\/uploads\/2024\/10\/Bang-Box-30000-Puff-Smart-Screen-Disposable-Vape-300x300.jpg",300,300,true],"medium_large":["https:\/\/rmvapesale.com\/wp-content\/uploads\/2024\/10\/Bang-Box-30000-Puff-Smart-Screen-Disposable-Vape-768x769.jpg",768,769,true],"large":["https:\/\/rmvapesale.com\/wp-content\/uploads\/2024\/10\/Bang-Box-30000-Puff-Smart-Screen-Disposable-Vape.jpg",800,801,false],"1536x1536":["https:\/\/rmvapesale.com\/wp-content\/uploads\/2024\/10\/Bang-Box-30000-Puff-Smart-Screen-Disposable-Vape.jpg",800,801,false],"2048x2048":["https:\/\/rmvapesale.com\/wp-content\/uploads\/2024\/10\/Bang-Box-30000-Puff-Smart-Screen-Disposable-Vape.jpg",800,801,false],"trp-custom-language-flag":["https:\/\/rmvapesale.com\/wp-content\/uploads\/2024\/10\/Bang-Box-30000-Puff-Smart-Screen-Disposable-Vape.jpg",12,12,false],"woocommerce_thumbnail":["https:\/\/rmvapesale.com\/wp-content\/uploads\/2024\/10\/Bang-Box-30000-Puff-Smart-Screen-Disposable-Vape-300x300.jpg",300,300,true],"woocommerce_single":["https:\/\/rmvapesale.com\/wp-content\/uploads\/2024\/10\/Bang-Box-30000-Puff-Smart-Screen-Disposable-Vape-600x601.jpg",600,601,true],"woocommerce_gallery_thumbnail":["https:\/\/rmvapesale.com\/wp-content\/uploads\/2024\/10\/Bang-Box-30000-Puff-Smart-Screen-Disposable-Vape-100x100.jpg",100,100,true],"wcpr-photo-reviews":["https:\/\/rmvapesale.com\/wp-content\/uploads\/2024\/10\/Bang-Box-30000-Puff-Smart-Screen-Disposable-Vape.jpg",500,500,false]},"uagb_author_info":{"display_name":"AMY","author_link":"https:\/\/rmvapesale.com\/sk\/author\/"},"uagb_comment_info":0,"uagb_excerpt":"Bang Box 30000 Puffs Smart Screen Disposable E Cigarettes Bang Vape Box 30000 Puffs Disposable Vape Wholesale Bang Box 30000 Puffs 0% 2% 3% 5% Free Nicotine Bulk Buy WhatsApp: +86 17776015835 &nbsp;","_links":{"self":[{"href":"https:\/\/rmvapesale.com\/sk\/wp-json\/wp\/v2\/product\/2313","targetHints":{"allow":["GET"]}}],"collection":[{"href":"https:\/\/rmvapesale.com\/sk\/wp-json\/wp\/v2\/product"}],"about":[{"href":"https:\/\/rmvapesale.com\/sk\/wp-json\/wp\/v2\/types\/product"}],"replies":[{"embeddable":true,"href":"https:\/\/rmvapesale.com\/sk\/wp-json\/wp\/v2\/comments?post=2313"}],"wp:featuredmedia":[{"embeddable":true,"href":"https:\/\/rmvapesale.com\/sk\/wp-json\/wp\/v2\/media\/2310"}],"wp:attachment":[{"href":"https:\/\/rmvapesale.com\/sk\/wp-json\/wp\/v2\/media?parent=2313"}],"wp:term":[{"taxonomy":"product_brand","embeddable":true,"href":"https:\/\/rmvapesale.com\/sk\/wp-json\/wp\/v2\/product_brand?post=2313"},{"taxonomy":"product_cat","embeddable":true,"href":"https:\/\/rmvapesale.com\/sk\/wp-json\/wp\/v2\/product_cat?post=2313"},{"taxonomy":"product_tag","embeddable":true,"href":"https:\/\/rmvapesale.com\/sk\/wp-json\/wp\/v2\/product_tag?post=2313"}],"curies":[{"name":"wp","href":"https:\/\/api.w.org\/{rel}","templated":true}]}}