{"id":2320,"date":"2024-10-10T01:23:26","date_gmt":"2024-10-10T01:23:26","guid":{"rendered":"https:\/\/rmvapesale.com\/?post_type=product&#038;p=2320"},"modified":"2024-10-10T09:25:15","modified_gmt":"2024-10-10T09:25:15","slug":"elf-box-digital-12000-puffs-led-display-disposable-vape","status":"publish","type":"product","link":"https:\/\/rmvapesale.com\/sk\/product\/elf-box-digital-12000-puffs-led-display-disposable-vape\/","title":{"rendered":"ELF BOX Digital 12000 \u0164ahov LED Displej Jednorazov\u00e1 Vape"},"content":{"rendered":"<div class=\"B2VR9 CJHX3e\">\n<div class=\"wyccme\">\n<h1 class=\"LC20lb MBeuO DKV0Md\">ELF BOX Digital 12000 \u0164ahov LED Displej Jednorazov\u00e9 Vape Hromadn\u00fd N\u00e1kup<\/h1>\n<div class=\"flex-shrink-0 flex flex-col relative items-end\">\n<div>\n<div class=\"pt-0\">\n<div class=\"gizmo-bot-avatar flex h-8 w-8 items-center justify-center overflow-hidden rounded-full\">\n<div class=\"relative p-1 rounded-sm flex items-center justify-center bg-token-main-surface-primary text-token-text-primary h-8 w-8\">\n<p>Pripravte sa pozdvihn\u00fa\u0165 svoju vapovaciu hru s <strong>ELF BOX Digital 12000 \u0164ahov LED Displej Jednorazov\u00e1 Vape<\/strong>! <strong>T\u00e1to vape pon\u00faka neuverite\u013en\u00fdch<\/strong>12 000 \u0165ahov<\/p>\n<p>, \u010do v\u00e1m poskytne dlhotrvaj\u00face uspokojenie bez potreby neust\u00e1lych v\u00fdmen. Ide\u00e1lne pre ka\u017edodenn\u00e9 pou\u017eitie, je navrhnut\u00e9 pre pohodlie aj v\u00fdkon. <strong>S<\/strong> kapacitou 23 ml e-liquidu <strong>a<\/strong>0,8ohmovou mesh \u0161pir\u00e1lkou <strong>, o\u010dak\u00e1vajte hladk\u00e9 a chutn\u00e9 z\u00e1sahy pri ka\u017edom vapovan\u00ed. Vyberte si z<\/strong> 0%, 2%, 3% alebo 5% nikot\u00ednov\u00fdch s\u00edl<\/p>\n<p>, aby ste si prisp\u00f4sobili svoje sk\u00fasenosti presne pod\u013ea svojich predst\u00e1v. <strong>Vstavan\u00fd<\/strong> LED digit\u00e1lny displej <strong>500mAh nab\u00edjate\u013en\u00e1 bat\u00e9ria<\/strong> a <strong>Nab\u00edjanie typu C<\/strong>, m\u00f4\u017eete sa r\u00fdchlo nabi\u0165 a vapova\u0165 cel\u00fd de\u0148.<\/p>\n<p>Ide\u00e1lne pre hromadn\u00fdch kupuj\u00facich, <strong>ELF BOX Digital 12000<\/strong> je ide\u00e1lny pre t\u00fdch, ktor\u00ed chc\u00fa \u0161pi\u010dkov\u00fd v\u00fdkon v elegantnom a \u013eahko pou\u017eite\u013enom balen\u00ed. Z\u00e1sobte sa teraz a doprajte svojim z\u00e1kazn\u00edkom vape, ktor\u00fd si zamiluj\u00fa!<\/p>\n<p>Objednajte si svoj <strong>ELF BOX Digital 12000 LED Displej Jednorazov\u00e1 Vape Hromadn\u00fd N\u00e1kup<\/strong> e\u0161te dnes a pridajte toto zariadenie, ktor\u00e9 mus\u00edte ma\u0165, do svojho invent\u00e1ra!<\/p>\n<p>&nbsp;<\/p>\n<\/div>\n<\/div>\n<\/div>\n<\/div>\n<\/div>\n<\/div>\n<\/div>\n<p><strong>Kontaktujte Amy a z\u00edskajte spr\u00e1vnu odpove\u010f a \u010fal\u0161ie vide\u00e1 o produktoch!<\/strong><\/p>\n<p><img loading=\"lazy\" decoding=\"async\" class=\"size-full wp-image-1978\" src=\"https:\/\/rmvapesale.com\/wp-content\/uploads\/2024\/09\/Disposable-Vape-Wholesale.jpg\" alt=\"Jednorazov\u00fd vape ve\u013ekoobchod\" width=\"229\" height=\"300\" \/><\/p>\n<h3><a href=\"https:\/\/wa.me\/8617776015835\" target=\"_blank\" rel=\"noopener\"><span style=\"color: #ff0000\"><strong>WhatsApp: +86 17776015835<\/strong><\/span><\/a><\/h3>\n<p>&nbsp;<\/p>\n<h2><\/h2>\n<h2><strong>ELF BOX Digital 12000 \u0164ahov Vape K\u013e\u00fa\u010dov\u00e9 Vlastnosti<\/strong><\/h2>\n<p>&nbsp;<\/p>\n<ul>\n<li><strong>Vysok\u00fd po\u010det \u0161lukov<\/strong>: Vychutnajte si a\u017e 12 000 \u0165ahov pre dlhotrvaj\u00faci a nepreru\u0161ovan\u00fd z\u00e1\u017eitok z vapovania.<\/li>\n<li><strong>Kapacita E-Liquidu<\/strong>: S 23ml n\u00e1dr\u017ekou m\u00f4\u017eete vapova\u0165 dlh\u0161ie bez potreby \u010dast\u00e9ho dop\u013a\u0148ania.<\/li>\n<li><strong>Nab\u00edjate\u013en\u00e1 bat\u00e9ria<\/strong>: Poh\u00e1\u0148an\u00e9 500mAh bat\u00e9riou, ktor\u00e1 zais\u0165uje trval\u00fd v\u00fdkon a jednoduch\u00e9 nab\u00edjanie.<\/li>\n<li><strong>Nab\u00edjanie cez Type-C<\/strong>: Nab\u00edjajte r\u00fdchlo a efekt\u00edvne pomocou modern\u00e9ho konektora typu C.<\/li>\n<li><strong>Technol\u00f3gia Mesh Coil<\/strong>: Za\u017eite vylep\u0161en\u00fa chu\u0165 a hladk\u00fa produkciu pary s 0,8ohmovou mesh coil.<\/li>\n<li><strong>Digit\u00e1lny Displej<\/strong>: Zosta\u0148te informovan\u00ed v\u010faka inteligentn\u00e9mu digit\u00e1lnemu displeju, ktor\u00fd zobrazuje \u00farove\u0148 bat\u00e9rie a e-liquidu.<\/li>\n<li><strong>Mo\u017enosti nikot\u00ednu<\/strong>: Dostupn\u00e9 v sil\u00e1ch nikot\u00ednu 0%, 2%, 3% a 5%, aby vyhovovali va\u0161im potreb\u00e1m vapovania.<\/li>\n<\/ul>\n<h2><\/h2>\n<h2><strong>\u0160pi\u010dkov\u00e1 pr\u00edchu\u0165 pre ELF BOX Digital 12000 Puffs E Cigarety\u00a0<\/strong><\/h2>\n<p>ELF BOX Digital 12000 Puffs LED Displej Jednorazov\u00e1 Vape pon\u00faka 12 lahodn\u00fdch pr\u00edchut\u00ed, vyberte si z r\u00f4znych pr\u00edchut\u00ed, vr\u00e1tane klasickej osvie\u017euj\u00facej chladivej m\u00e4ty a exotickej sladkosti hrozna, pri\u010dom ka\u017ed\u00e1 z nich s\u013eubuje bohat\u00fa a uspokojiv\u00fa cestu s ka\u017ed\u00fdm potiahnut\u00edm.<\/p>\n<p>1. Mel\u00f3nov\u00e1 \u013eadov\u00e1 <span style=\"color: #ff0000\"><strong>&gt;&gt;&gt;&gt; Hor\u00face!<\/strong><\/span><br \/>\n2. Jahodov\u00e1 \u013eadov\u00e1<br \/>\n3. Modr\u00e1 malinov\u00e1 \u013eadov\u00e1<br \/>\n4. \u010cere\u0161\u0148ov\u00e1 kola <span style=\"color: #ff0000\"><strong>&gt;&gt;&gt;&gt; Hor\u00face!<\/strong><\/span><br \/>\n5. Jahodov\u00e1 bomba<br \/>\n6. Kokosov\u00fd mel\u00f3n<br \/>\n7. Kiwi Marakuja<br \/>\n8. Zmie\u0161an\u00e9 ovocie <span style=\"color: #ff0000\"><strong>&gt;&gt;&gt;&gt; Najlep\u0161ie!<\/strong><\/span><br \/>\n9. \u010cu\u010doriedkov\u00e1 kysl\u00e1 malina<br \/>\n10. Dvojit\u00e9 jablko<br \/>\n11. Jahodov\u00fd mel\u00f3n<br \/>\n12.Watermelon Bubblegum<br \/>\n13. Brosky\u0148ov\u00fd \u013ead<br \/>\n14. Jahodov\u00fd ban\u00e1n<br \/>\n15. P\u00e1n Modr\u00fd<br \/>\n16. Ostru\u017einov\u00fd \u013ead<br \/>\n17. Mangov\u00fd \u013ead<br \/>\n18. Hroznov\u00fd \u013ead<br \/>\n19. Brosky\u0148ov\u00e9 bobule<br \/>\n20. Jahodov\u00e9 kiwi<\/p>\n<figure id=\"attachment_2327\" aria-describedby=\"caption-attachment-2327\" style=\"width: 300px\" class=\"wp-caption alignnone\"><img loading=\"lazy\" decoding=\"async\" class=\"size-medium wp-image-2327\" src=\"https:\/\/rmvapesale.com\/wp-content\/uploads\/2024\/10\/Vape-Elf-Box-12000-Puffs-12K-E-cigarette-300x225.jpg\" alt=\"Vape Elf Box 12000 \u0164ahov 12K E-cigareta\" width=\"300\" height=\"225\" srcset=\"https:\/\/rmvapesale.com\/wp-content\/uploads\/2024\/10\/Vape-Elf-Box-12000-Puffs-12K-E-cigarette-300x225.jpg 300w, https:\/\/rmvapesale.com\/wp-content\/uploads\/2024\/10\/Vape-Elf-Box-12000-Puffs-12K-E-cigarette-768x576.jpg 768w, https:\/\/rmvapesale.com\/wp-content\/uploads\/2024\/10\/Vape-Elf-Box-12000-Puffs-12K-E-cigarette-600x450.jpg 600w, https:\/\/rmvapesale.com\/wp-content\/uploads\/2024\/10\/Vape-Elf-Box-12000-Puffs-12K-E-cigarette.jpg 808w\" sizes=\"auto, (max-width: 300px) 100vw, 300px\" \/><figcaption id=\"caption-attachment-2327\" class=\"wp-caption-text\">Vape Elf Box 12000 \u0164ahov 12K E-cigareta<\/figcaption><\/figure>\n<p>&nbsp;<\/p>\n<h3>Pre\u010do si vybra\u0165 Rmvapesale pre v\u00e1\u0161 ELF BOX Digital 12000 \u0164ahov LED Displej Jednorazov\u00e1 Vape?<\/h3>\n<div class=\"flex-shrink-0 flex flex-col relative items-end\">\n<div>\n<div class=\"pt-0\">\n<div class=\"gizmo-bot-avatar flex h-8 w-8 items-center justify-center overflow-hidden rounded-full\">\n<div class=\"relative p-1 rounded-sm flex items-center justify-center bg-token-main-surface-primary text-token-text-primary h-8 w-8\">\n<p>&nbsp;<\/p>\n<p>Ke\u010f si vyberiete Rmvapesale pre va\u0161e ve\u013ekoobchodn\u00e9 potreby s jednorazov\u00fdmi vapmi, z\u00edskate:<\/p>\n<ul>\n<li><strong>Konkuren\u010dn\u00e1 cena<\/strong>: Z\u00edskajte pr\u00edstup k atrakt\u00edvnym ve\u013ekoobchodn\u00fdm cen\u00e1m, ktor\u00e9 zv\u00fd\u0161ia mar\u017ee v\u00e1\u0161ho podnikania.<\/li>\n<li><strong>Vysok\u00e1 kvalita<\/strong>: Na\u0161e vapy s\u00fa vyr\u00e1ban\u00e9 pod\u013ea najvy\u0161\u0161\u00edch \u0161tandardov a <span style=\"color: #ff0000\"><strong>zaru\u010dene 100% origin\u00e1lne a autentick\u00e9, alebo v\u00e1m poskytneme 10-n\u00e1sobn\u00fa kompenz\u00e1ciu za falo\u0161n\u00fd tovar!<\/strong><\/span><\/li>\n<li><strong>Vynikaj\u00faci z\u00e1kazn\u00edcky servis<\/strong>: N\u00e1\u0161 oddan\u00fd t\u00edm je v\u017edy pripraven\u00fd v\u00e1m pom\u00f4c\u0165, v\u010faka \u010domu bude v\u00e1\u0161 n\u00e1kupn\u00fd proces plynul\u00fd a bezprobl\u00e9mov\u00fd.<\/li>\n<li><strong>R\u00fdchle<\/strong>: O\u010dak\u00e1vajte r\u00fdchle a spo\u013eahliv\u00e9 doru\u010denie, ktor\u00e9 zaist\u00ed, \u017ee va\u0161e objedn\u00e1vky dorazia v\u017edy na\u010das.<\/li>\n<\/ul>\n<h3><\/h3>\n<h3><b>\u010cast\u00e9 ot\u00e1zky<\/b><\/h3>\n<p>&nbsp;<\/p>\n<\/div>\n<\/div>\n<\/div>\n<\/div>\n<\/div>\n<div class=\"group\/conversation-turn relative flex w-full min-w-0 flex-col agent-turn\">\n<div class=\"flex-col gap-1 md:gap-3\">\n<div class=\"flex max-w-full flex-col flex-grow\">\n<div class=\"min-h-8 text-message flex w-full flex-col items-end gap-2 whitespace-normal break-words [.text-message+&amp;]:mt-5\" dir=\"auto\" data-message-author-role=\"assistant\" data-message-id=\"f226d3fc-81f3-46d5-8c46-31787fff0357\">\n<div class=\"flex w-full flex-col gap-1 empty:hidden first:pt-[3px]\">\n<div class=\"markdown prose w-full break-words dark:prose-invert light\">\n<p><strong>Ot\u00e1zka 1: Ko\u013eko \u0165ahov m\u00f4\u017eem z\u00edska\u0165 z jednorazovej vape ELF Box Digital 12000 \u0164ahov?<\/strong><br \/>\nA1: The <strong>ELF Box Digital 12000 \u0164ahov Jednorazov\u00e1 Vape<\/strong> poskytuje a\u017e <strong>T\u00e1to vape pon\u00faka neuverite\u013en\u00fdch<\/strong>, pon\u00faka pred\u013a\u017een\u00fd z\u00e1\u017eitok z vapovania bez potreby \u010dastej v\u00fdmeny.<\/p>\n<p><strong>Ot\u00e1zka 2: Ak\u00e9 pr\u00edchute s\u00fa k dispoz\u00edcii pre ELF Box Digital 12k E Cigarette Wholesale?<\/strong><br \/>\nOdpove\u010f 2: M\u00f4\u017eete si vychutna\u0165 20 vzru\u0161uj\u00facich pr\u00edchut\u00ed, vr\u00e1tane <strong>Vodn\u00fd mel\u00f3n \u013dad<\/strong>, <strong>Jahodov\u00fd ban\u00e1n<\/strong>, <strong>Modr\u00e1 Malina \u013dad<\/strong>, <strong>Mango Ice<\/strong>, a <strong>Hroznov\u00fd \u013ead<\/strong>, aby sme vymenovali aspo\u0148 niektor\u00e9. Existuje pr\u00edchu\u0165 pre ka\u017ed\u00fa chu\u0165!<\/p>\n<p><strong>Ot\u00e1zka \u010d. 3: Ak\u00e1 je kapacita e-liquidu v jednorazovej vape ELF Box Digital Box 12000 Puffs?<\/strong><br \/>\nOdpove\u010f \u010d. 3: Toto zariadenie sa dod\u00e1va s ve\u013ekorys\u00fdm objemom <strong>S<\/strong>, \u010do zais\u0165uje dlhodob\u00e9 pou\u017e\u00edvanie bez \u010dast\u00e9ho dop\u013a\u0148ania.<\/p>\n<p><strong>Ot\u00e1zka \u010d. 4: Ak\u00e9 s\u00fa dostupn\u00e9 sily nikot\u00ednu v elektronickej cigarete ELF Box Digital 12000 Puffs?<\/strong><br \/>\nOdpove\u010f \u010d. 4: M\u00f4\u017eete si vybra\u0165 z <strong>\u00farovn\u00ed nikot\u00ednu 0%, 2%, 3% alebo 5%<\/strong>, v\u010faka \u010domu je \u013eahk\u00e9 n\u00e1js\u0165 spr\u00e1vnu silu pre v\u00e1\u0161 \u0161t\u00fdl vapovania.<\/p>\n<p><strong>Ot\u00e1zka \u010d. 5: Ako funguje digit\u00e1lny displej na jednorazovej vape ELF Box Digital Box 12k?<\/strong><br \/>\nOdpove\u010f \u010d. 5: The <strong>inteligentn\u00fd digit\u00e1lny displej<\/strong> v\u00e1m umo\u017e\u0148uje sledova\u0165 stav bat\u00e9rie aj hladinu e-liquidu, tak\u017ee v\u00e1s nikdy ni\u010d nezasko\u010d\u00ed.<\/p>\n<p><strong>Ot\u00e1zka \u010d. 6: Je elektronick\u00e1 cigareta ELF Box Digital 12k nab\u00edjate\u013en\u00e1?<\/strong><br \/>\nOdpove\u010f \u010d. 6: \u00c1no, zariadenie je vybaven\u00e9 <strong>500mAh nab\u00edjate\u013en\u00e1 bat\u00e9ria<\/strong> kapacitou 23 ml e-liquidu <strong>nab\u00edjac\u00edm portom typu C<\/strong> pre r\u00fdchle a efekt\u00edvne nab\u00edjanie.<\/p>\n<p><strong>Ot\u00e1zka \u010d. 7: M\u00f4\u017eem si k\u00fapi\u0165 jednorazov\u00fa vape ELF Box Digital 12000 Puffs vo ve\u013ekom?<\/strong><br \/>\nOdpove\u010f \u010d. 7: Absol\u00fatne! <strong>ELF Box Digital 12000 \u0164ahov Jednorazov\u00e9 Vape Ve\u013ekoobchod<\/strong> s\u00fa k dispoz\u00edcii mo\u017enosti pre t\u00fdch, ktor\u00ed sa chc\u00fa z\u00e1sobi\u0165 vo ve\u013ekom a u\u017e\u00edva\u0165 si konkurencieschopn\u00e9 ceny.<\/p>\n<p><strong>Ot\u00e1zka 8: Ak\u00fa technol\u00f3giu cievky pou\u017e\u00edva ELF Box Digital Box 12k?<\/strong><br \/>\nOdpove\u010f 8: Pou\u017e\u00edva <strong>a<\/strong> pre zv\u00fdraznenie chuti a hladk\u00fa produkciu pary, \u010d\u00edm zais\u0165uje uspokojiv\u00fd z\u00e1\u017eitok z vapovania.<\/p>\n<\/div>\n<\/div>\n<\/div>\n<\/div>\n<\/div>\n<\/div>\n<p>&nbsp;<\/p>\n<h3><\/h3>\n<h3>O doru\u010den\u00ed<\/h3>\n<div class=\"flex-shrink-0 flex flex-col relative items-end\">\n<div>\n<div class=\"pt-0\">\n<div class=\"gizmo-bot-avatar flex h-8 w-8 items-center justify-center overflow-hidden rounded-full\">\n<div><\/div>\n<div class=\"relative p-1 rounded-sm flex items-center justify-center bg-token-main-surface-primary text-token-text-primary h-8 w-8\"><strong>1. Ak\u00e9 sp\u00f4soby doru\u010denia pou\u017e\u00edvate?<\/strong><\/div>\n<\/div>\n<\/div>\n<\/div>\n<\/div>\n<div class=\"group\/conversation-turn relative flex w-full min-w-0 flex-col agent-turn\">\n<div class=\"flex-col gap-1 md:gap-3\">\n<div class=\"flex max-w-full flex-col flex-grow\">\n<div class=\"min-h-[20px] text-message flex w-full flex-col items-end gap-2 whitespace-normal break-words [.text-message+&amp;]:mt-5 overflow-x-auto\" dir=\"auto\" data-message-author-role=\"assistant\" data-message-id=\"22f8283b-3233-46ff-89a5-c7a41b33abda\">\n<div class=\"flex w-full flex-col gap-1 empty:hidden first:pt-[3px]\">\n<div class=\"markdown prose w-full break-words dark:prose-invert light\">\n<p>Spolupracujeme so spolo\u010dnos\u0165ami UPS, DHL, FedEx, DPD a \u010fal\u0161\u00edmi popredn\u00fdmi dopravcami. Vyberieme najlep\u0161\u00ed sp\u00f4sob doru\u010denia na z\u00e1klade va\u0161ej adresy, aby sme zaistili, \u017ee svoje produkty dostanete \u010do najr\u00fdchlej\u0161ie.<\/p>\n<\/div>\n<p><strong>2. Ako dlho trv\u00e1 doru\u010denie?<\/strong><\/p>\n<p>Bal\u00edky doru\u010dovan\u00e9 na Slovensko zvy\u010dajne dorazia do 10 pracovn\u00fdch dn\u00ed. Doru\u010denie do eur\u00f3pskych kraj\u00edn zvy\u010dajne trv\u00e1 asi 12-15 pracovn\u00fdch dn\u00ed. Budeme v\u00e1s informova\u0165 o stave doru\u010denia v re\u00e1lnom \u010dase.<\/p>\n<\/div>\n<\/div>\n<\/div>\n<\/div>\n<\/div>\n<p>&nbsp;<\/p>\n<p>\u010eal\u0161ie hor\u00face vapy, ktor\u00e9 by sa v\u00e1m mohli p\u00e1\u010di\u0165:<\/p>\n<p><a href=\"https:\/\/rmvapesale.com\/sk\/product\/waspe-12000-puffs-disposable-vape-pen\/\"><strong>WASPE 12000 Potiahnut\u00ed\u00a0 \u00a0<span style=\"color: #ff0000\">&gt;&gt;&gt;&gt; \u00eds\u0165!<\/span><\/strong><\/a><\/p>\n<p><strong><a href=\"https:\/\/rmvapesale.com\/sk\/product\/waspe-fihp-30000-puffs-led-display-disposable-vape-box\/\">WASPE FIHP 30000 potiahnut\u00ed <span style=\"color: #ff0000\">&gt;&gt;&gt;&gt; \u00eds\u0165!<\/span><\/a>\u00a0<\/strong><\/p>\n<h2 class=\"woocommerce-loop-product__title\"><a style=\"font-size: 16px\" href=\"https:\/\/rmvapesale.com\/sk\/product\/bang-box-30000-puff-double-taste-smart-screen-disposable-vape-wholesale\/\"><strong>Bang Box 30000 \u0164ahov Dvojit\u00e1 Chu\u0165 <span style=\"color: #ff0000\">&gt;&gt;&gt;&gt; \u00eds\u0165!<\/span><\/strong><\/a><\/h2>\n<p>&nbsp;<\/p>\n<p>&nbsp;<\/p>\n<p>N\u00e1jdite \u010fal\u0161ie vape produkty, ktor\u00e9 by sa v\u00e1m mohli p\u00e1\u010di\u0165:<strong><em><a href=\"https:\/\/rmvapesale.com\/sk\/shop-2\/\">nakupova\u0165 teraz &gt;&gt;&gt;<\/a><\/em><\/strong><\/p>","protected":false},"excerpt":{"rendered":"<p>ELF Box Digital 12000 \u0164ahov 0% 2% 3% 5% N\u00edzky Nikot\u00edn<br \/>\nELF BOX Digital Box 12000 \u0164ahov Jednorazov\u00e9 E Cigarety<br \/>\nELF Box Digital 12000 \u0164ahov Jednorazov\u00e9 Vape Ve\u013ekoobchod<\/p>\n<p><img loading=\"lazy\" decoding=\"async\" class=\"size-full wp-image-1978\" src=\"https:\/\/rmvapesale.com\/wp-content\/uploads\/2024\/09\/Disposable-Vape-Wholesale.jpg\" alt=\"Jednorazov\u00fd vape ve\u013ekoobchod\" width=\"229\" height=\"300\" \/><\/p>\n<h3><a href=\"https:\/\/wa.me\/8617776015835\"><span style=\"color: #ff0000\"><strong>WhatsApp: +86 17776015835<\/strong><\/span><\/a><\/h3>\n<p>&nbsp;<\/p>","protected":false},"featured_media":2325,"comment_status":"open","ping_status":"closed","template":"","meta":{"_uag_custom_page_level_css":"","_lmt_disableupdate":"","_lmt_disable":"","site-sidebar-layout":"default","site-content-layout":"content-boxed-container","ast-site-content-layout":"normal-width-container","site-content-style":"boxed","site-sidebar-style":"unboxed","ast-global-header-display":"","ast-banner-title-visibility":"","ast-main-header-display":"","ast-hfb-above-header-display":"","ast-hfb-below-header-display":"","ast-hfb-mobile-header-display":"","site-post-title":"","ast-breadcrumbs-content":"","ast-featured-img":"","footer-sml-layout":"","ast-disable-related-posts":"","theme-transparent-header-meta":"default","adv-header-id-meta":"","stick-header-meta":"","header-above-stick-meta":"","header-main-stick-meta":"","header-below-stick-meta":"","astra-migrate-meta-layouts":"set","ast-page-background-enabled":"default","ast-page-background-meta":{"desktop":{"background-color":"var(--ast-global-color-4)","background-image":"","background-repeat":"repeat","background-position":"center center","background-size":"auto","background-attachment":"scroll","background-type":"","background-media":"","overlay-type":"","overlay-color":"","overlay-opacity":"","overlay-gradient":""},"tablet":{"background-color":"","background-image":"","background-repeat":"repeat","background-position":"center center","background-size":"auto","background-attachment":"scroll","background-type":"","background-media":"","overlay-type":"","overlay-color":"","overlay-opacity":"","overlay-gradient":""},"mobile":{"background-color":"","background-image":"","background-repeat":"repeat","background-position":"center center","background-size":"auto","background-attachment":"scroll","background-type":"","background-media":"","overlay-type":"","overlay-color":"","overlay-opacity":"","overlay-gradient":""}},"ast-content-background-meta":{"desktop":{"background-color":"var(--ast-global-color-5)","background-image":"","background-repeat":"repeat","background-position":"center center","background-size":"auto","background-attachment":"scroll","background-type":"","background-media":"","overlay-type":"","overlay-color":"","overlay-opacity":"","overlay-gradient":""},"tablet":{"background-color":"var(--ast-global-color-5)","background-image":"","background-repeat":"repeat","background-position":"center center","background-size":"auto","background-attachment":"scroll","background-type":"","background-media":"","overlay-type":"","overlay-color":"","overlay-opacity":"","overlay-gradient":""},"mobile":{"background-color":"var(--ast-global-color-5)","background-image":"","background-repeat":"repeat","background-position":"center center","background-size":"auto","background-attachment":"scroll","background-type":"","background-media":"","overlay-type":"","overlay-color":"","overlay-opacity":"","overlay-gradient":""}},"_joinchat":[]},"product_brand":[],"product_cat":[15,60,128,27,25,123,30,26,28],"product_tag":[66,125,126,129,101,105,120],"class_list":{"0":"post-2320","1":"product","2":"type-product","3":"status-publish","4":"has-post-thumbnail","6":"product_cat-new-vape-this-week","7":"product_cat-bang-vapes","8":"product_cat-elf-box-disposable-vapes","9":"product_cat-fance-hot-sale-vape","10":"product_cat-germany-best-selling-vape","11":"product_cat-italy-wholesale-vape","12":"product_cat-minimum-order-quantity-50pcs","13":"product_cat-netherlands-hot-sale-vape","14":"product_cat-poland-hot-sale-vape","15":"product_tag-disposable-vape","16":"product_tag-disposable-vape-italy","17":"product_tag-e-cigarettes","18":"product_tag-elf-box-vape","19":"product_tag-led-display-vape","20":"product_tag-nicotine-free-disposable-vape","21":"product_tag-vape-wholesale","22":"desktop-align-left","23":"tablet-align-left","24":"mobile-align-left","26":"first","27":"instock","28":"sale","29":"shipping-taxable","30":"purchasable","31":"product-type-simple"},"uagb_featured_image_src":{"full":["https:\/\/rmvapesale.com\/wp-content\/uploads\/2024\/10\/ELF-Box-Digital-12000-Puffs-Disposable.jpg",808,808,false],"thumbnail":["https:\/\/rmvapesale.com\/wp-content\/uploads\/2024\/10\/ELF-Box-Digital-12000-Puffs-Disposable-150x150.jpg",150,150,true],"medium":["https:\/\/rmvapesale.com\/wp-content\/uploads\/2024\/10\/ELF-Box-Digital-12000-Puffs-Disposable-300x300.jpg",300,300,true],"medium_large":["https:\/\/rmvapesale.com\/wp-content\/uploads\/2024\/10\/ELF-Box-Digital-12000-Puffs-Disposable-768x768.jpg",768,768,true],"large":["https:\/\/rmvapesale.com\/wp-content\/uploads\/2024\/10\/ELF-Box-Digital-12000-Puffs-Disposable.jpg",808,808,false],"1536x1536":["https:\/\/rmvapesale.com\/wp-content\/uploads\/2024\/10\/ELF-Box-Digital-12000-Puffs-Disposable.jpg",808,808,false],"2048x2048":["https:\/\/rmvapesale.com\/wp-content\/uploads\/2024\/10\/ELF-Box-Digital-12000-Puffs-Disposable.jpg",808,808,false],"trp-custom-language-flag":["https:\/\/rmvapesale.com\/wp-content\/uploads\/2024\/10\/ELF-Box-Digital-12000-Puffs-Disposable.jpg",12,12,false],"woocommerce_thumbnail":["https:\/\/rmvapesale.com\/wp-content\/uploads\/2024\/10\/ELF-Box-Digital-12000-Puffs-Disposable-300x300.jpg",300,300,true],"woocommerce_single":["https:\/\/rmvapesale.com\/wp-content\/uploads\/2024\/10\/ELF-Box-Digital-12000-Puffs-Disposable-600x600.jpg",600,600,true],"woocommerce_gallery_thumbnail":["https:\/\/rmvapesale.com\/wp-content\/uploads\/2024\/10\/ELF-Box-Digital-12000-Puffs-Disposable-100x100.jpg",100,100,true],"wcpr-photo-reviews":["https:\/\/rmvapesale.com\/wp-content\/uploads\/2024\/10\/ELF-Box-Digital-12000-Puffs-Disposable.jpg",500,500,false]},"uagb_author_info":{"display_name":"AMY","author_link":"https:\/\/rmvapesale.com\/sk\/author\/"},"uagb_comment_info":0,"uagb_excerpt":"ELF Box Digital 12000 Puffs 0% 2% 3% 5% Low Nicotine ELF BOX Digital Box 12000 Puffs Disposable E Cigarettes ELF Box Digital 12000 Puffs Disposable Vape Wholesale WhatsApp: +86 17776015835 &nbsp;","_links":{"self":[{"href":"https:\/\/rmvapesale.com\/sk\/wp-json\/wp\/v2\/product\/2320","targetHints":{"allow":["GET"]}}],"collection":[{"href":"https:\/\/rmvapesale.com\/sk\/wp-json\/wp\/v2\/product"}],"about":[{"href":"https:\/\/rmvapesale.com\/sk\/wp-json\/wp\/v2\/types\/product"}],"replies":[{"embeddable":true,"href":"https:\/\/rmvapesale.com\/sk\/wp-json\/wp\/v2\/comments?post=2320"}],"wp:featuredmedia":[{"embeddable":true,"href":"https:\/\/rmvapesale.com\/sk\/wp-json\/wp\/v2\/media\/2325"}],"wp:attachment":[{"href":"https:\/\/rmvapesale.com\/sk\/wp-json\/wp\/v2\/media?parent=2320"}],"wp:term":[{"taxonomy":"product_brand","embeddable":true,"href":"https:\/\/rmvapesale.com\/sk\/wp-json\/wp\/v2\/product_brand?post=2320"},{"taxonomy":"product_cat","embeddable":true,"href":"https:\/\/rmvapesale.com\/sk\/wp-json\/wp\/v2\/product_cat?post=2320"},{"taxonomy":"product_tag","embeddable":true,"href":"https:\/\/rmvapesale.com\/sk\/wp-json\/wp\/v2\/product_tag?post=2320"}],"curies":[{"name":"wp","href":"https:\/\/api.w.org\/{rel}","templated":true}]}}