{"id":2336,"date":"2024-10-11T01:37:04","date_gmt":"2024-10-11T01:37:04","guid":{"rendered":"https:\/\/rmvapesale.com\/?post_type=product&#038;p=2336"},"modified":"2024-10-11T02:17:52","modified_gmt":"2024-10-11T02:17:52","slug":"elf-box-rgb-14000-puffs-low-nicotine-disposable-vape","status":"publish","type":"product","link":"https:\/\/rmvapesale.com\/sk\/product\/elf-box-rgb-14000-puffs-low-nicotine-disposable-vape\/","title":{"rendered":"ELF BOX RGB 14000 \u0164ahov Jednorazov\u00e1 Vape s N\u00edzkym Obsahom Nikot\u00ednu"},"content":{"rendered":"<div class=\"B2VR9 CJHX3e\">\n<div class=\"wyccme\">\n<h1 class=\"LC20lb MBeuO DKV0Md\">ELF BOX RGB 14000 \u0164ahov Jednorazov\u00e1 Vape s N\u00edzkym Obsahom Nikot\u00ednu<\/h1>\n<div class=\"flex-shrink-0 flex flex-col relative items-end\">\n<div class=\"pt-0\">\n<div class=\"gizmo-bot-avatar flex h-8 w-8 items-center justify-center overflow-hidden rounded-full\">\n<div class=\"relative p-1 rounded-sm flex items-center justify-center bg-token-main-surface-primary text-token-text-primary h-8 w-8\">\n<p>H\u013ead\u00e1te vaporiz\u00e9r, ktor\u00fd kombinuje \u0161t\u00fdl, v\u00fdkon a chu\u0165? ELF BOX RGB 14000 pro Puffs Jednor\u00e1zov\u00fd vaporiz\u00e9r s n\u00edzkym obsahom nikot\u00ednu m\u00e1 v\u0161etko! S impozantn\u00fdmi 14 000 potiahnutiami je tento pr\u00edstroj ide\u00e1lny pre vap\u00e9rov, ktor\u00ed chc\u00fa dlhodob\u00fa spokojnos\u0165 bez neust\u00e1lej v\u00fdmeny.<\/p>\n<p>Vybaven\u00fd mesh cievkou s odporom 1,0 ohmu a ve\u013ekorysou kapacitou e-liquidu 25 ml, ELF BOX poskytuje hladk\u00e9, chutn\u00e9 \u0165ahy zaka\u017ed\u00fdm. Vyberte si z mo\u017enost\u00ed bez nikot\u00ednu 0%, n\u00edzkeho nikot\u00ednu 2%, 3% alebo 5%, \u010do ho rob\u00ed ide\u00e1lnym pre t\u00fdch, ktor\u00ed chc\u00fa zn\u00ed\u017ei\u0165 pr\u00edjem nikot\u00ednu alebo si vychutna\u0165 silnej\u0161\u00ed \u0165ah.<\/p>\n<p>Dob\u00edjate\u013en\u00e1 bat\u00e9ria s kapacitou 600 mAh a nab\u00edjanie cez Type-C zabezpe\u010duj\u00fa, \u017ee v\u00e1\u0161 vaporiz\u00e9r je v\u017edy pripraven\u00fd na pou\u017eitie, a tento vaporiz\u00e9r s LED displejom v\u00e1m umo\u017e\u0148uje ma\u0165 preh\u013ead o stave bat\u00e9rie a hladine e-liquidu. Navy\u0161e, s cool RGB osvetlen\u00edm a praktick\u00fdm lanyardom, ELF BOX RGB14000 nie je len vaporiz\u00e9r \u2013 je to \u0161t\u00fdlov\u00fd doplnok!<\/p>\n<p>Pripravte sa na osvetlenie v\u00e1\u0161ho z\u00e1\u017eitku s vaporiz\u00e9rom ELF BOX RGB 14000 Puffs Jednor\u00e1zov\u00fd vaporiz\u00e9r s n\u00edzkym obsahom nikot\u00ednu \u2013 dokonal\u00e1 kombin\u00e1cia v\u00fdkonu a \u0161t\u00fdlu! Ide\u00e1lny pre t\u00fdch, ktor\u00ed chc\u00fa nakupova\u0165 vo ve\u013ekom a z\u00e1sobi\u0165 sa najhor\u00facej\u0161\u00edm zariaden\u00edm na vapovanie.<\/p>\n<p>&nbsp;<\/p>\n<\/div>\n<\/div>\n<\/div>\n<\/div>\n<\/div>\n<\/div>\n<p><strong>Kontaktujte Amy a z\u00edskajte spr\u00e1vnu odpove\u010f a \u010fal\u0161ie vide\u00e1 o produktoch!<\/strong><\/p>\n<p><img loading=\"lazy\" decoding=\"async\" class=\"size-full wp-image-1978\" src=\"https:\/\/rmvapesale.com\/wp-content\/uploads\/2024\/09\/Disposable-Vape-Wholesale.jpg\" alt=\"Jednorazov\u00fd vape ve\u013ekoobchod\" width=\"229\" height=\"300\" \/><\/p>\n<h3><a href=\"https:\/\/wa.me\/8617776015835\" target=\"_blank\" rel=\"noopener\"><span style=\"color: #ff0000\"><strong>WhatsApp: +86 17776015835<\/strong><\/span><\/a><\/h3>\n<p>&nbsp;<\/p>\n<h2><\/h2>\n<h2><strong>K\u013e\u00fa\u010dov\u00e9 vlastnosti vaporiz\u00e9ra ELF BOX RGB 14000 Puffs<\/strong><\/h2>\n<ul>\n<li><strong>Vysok\u00fd po\u010det \u0161lukov<\/strong>: Dosiahnite a\u017e <strong>14 000 potiahnut\u00ed<\/strong>, \u010do zabezpe\u010duje dlhodob\u00e9, nepreru\u0161ovan\u00e9 vapovanie.<\/li>\n<li><strong>Ve\u013ek\u00e1 kapacita e-liquidu<\/strong>: Zaru\u010duje, \u017ee m\u00f4\u017eete vapova\u0165 dlh\u0161ie s r\u00fdchlym dob\u00edjan\u00edm. <strong>25 ml n\u00e1dr\u017eka<\/strong> zni\u017euje potrebu \u010dast\u00fdch dopl\u0148an\u00ed, \u010d\u00edm umo\u017e\u0148uje dlh\u0161ie pou\u017e\u00edvanie.<\/li>\n<li><strong>Technol\u00f3gia Mesh Coil<\/strong>: U\u017e\u00edvajte si zv\u00fd\u0161en\u00fa chu\u0165 a hladk\u00fa produkciu pary s <strong>mesh cievkou s odporom 1,0 ohmu<\/strong>.<\/li>\n<li><strong>Nab\u00edjate\u013en\u00e1 bat\u00e9ria<\/strong>: Vybaven\u00fd s <strong>bat\u00e9riou s kapacitou 600 mAh<\/strong>, ktor\u00e1 poskytuje dlh\u00fa v\u00fddr\u017e a jednoduch\u00e9 dob\u00edjanie.<\/li>\n<li><strong>Nab\u00edjanie cez Type-C<\/strong>: R\u00fdchle a pohodln\u00e9 dobitie s modern\u00fdm <strong>Typ-C konektor<\/strong>.<\/li>\n<li><strong>LED displej<\/strong>: Majte preh\u013ead v\u010faka <strong>LED displeji<\/strong> ktor\u00fd zobrazuje \u00farove\u0148 bat\u00e9rie a hladinu e-liquidu.<\/li>\n<li><strong>RGB svetlo a \u0161n\u00farka na krk<\/strong>: Pridajte \u0161t\u00fdl svojmu vapingu s \u017eiv\u00fdmi <strong>RGB osvetlen\u00edm<\/strong> kapacitou 23 ml e-liquidu <strong>\u0161n\u00farka na krk<\/strong> pre jednoduch\u00e9 pren\u00e1\u0161anie.<\/li>\n<li><strong>Mo\u017enosti nikot\u00ednu<\/strong>: Dostupn\u00e9 v sil\u00e1ch nikot\u00ednu <strong>0%, 2%, 3% a 5%<\/strong> sily nikot\u00ednu, ktor\u00e9 vyhovuj\u00fa va\u0161im preferenci\u00e1m.<\/li>\n<\/ul>\n<figure id=\"attachment_2332\" aria-describedby=\"caption-attachment-2332\" style=\"width: 800px\" class=\"wp-caption alignnone\"><img loading=\"lazy\" decoding=\"async\" class=\"wp-image-2332 size-full\" src=\"https:\/\/rmvapesale.com\/wp-content\/uploads\/2024\/10\/ELF-BOX-RGB14000-pro-Disposable-Vape-Cheape-Price.png\" alt=\"ELF BOX RGB 14000 pro Jednorazov\u00fd vaporiz\u00e9r za n\u00edzku cenu\" width=\"800\" height=\"800\" srcset=\"https:\/\/rmvapesale.com\/wp-content\/uploads\/2024\/10\/ELF-BOX-RGB14000-pro-Disposable-Vape-Cheape-Price.png 800w, https:\/\/rmvapesale.com\/wp-content\/uploads\/2024\/10\/ELF-BOX-RGB14000-pro-Disposable-Vape-Cheape-Price-300x300.png 300w, https:\/\/rmvapesale.com\/wp-content\/uploads\/2024\/10\/ELF-BOX-RGB14000-pro-Disposable-Vape-Cheape-Price-150x150.png 150w, https:\/\/rmvapesale.com\/wp-content\/uploads\/2024\/10\/ELF-BOX-RGB14000-pro-Disposable-Vape-Cheape-Price-768x768.png 768w, https:\/\/rmvapesale.com\/wp-content\/uploads\/2024\/10\/ELF-BOX-RGB14000-pro-Disposable-Vape-Cheape-Price-600x600.png 600w, https:\/\/rmvapesale.com\/wp-content\/uploads\/2024\/10\/ELF-BOX-RGB14000-pro-Disposable-Vape-Cheape-Price-100x100.png 100w\" sizes=\"auto, (max-width: 800px) 100vw, 800px\" \/><figcaption id=\"caption-attachment-2332\" class=\"wp-caption-text\">ELF BOX RGB 14000 pro Jednorazov\u00fd vaporiz\u00e9r za n\u00edzku cenu<\/figcaption><\/figure>\n<h2><strong>Najlep\u0161ia chu\u0165 pre ELF BOX RGB 14000 Pufov E cigaretami\u00a0<\/strong><\/h2>\n<p>S 10 \u00fa\u017easn\u00fdmi pr\u00edchu\u0165ami na v\u00fdber, vr\u00e1tane ovocn\u00fdch a \u013eadov\u00fdch mo\u017enost\u00ed, ELF BOX RGB 14000 Pufov pon\u00faka nie\u010do pre ka\u017ed\u00fd vkus.<\/p>\n<p>1. Jahodov\u00fd vodn\u00fd mel\u00f3n <span style=\"color: #ff0000\"><strong>&gt;&gt;&gt;&gt; Hor\u00face!<\/strong><\/span><br \/>\n2. Modr\u00fd Razz Ice<span style=\"color: #ff0000\"><strong>&gt;&gt;&gt;&gt; Najlep\u0161ie!<\/strong><\/span><br \/>\n3. Jahodov\u00fd Ice<br \/>\n4. Hroznov\u00fd \u013ead<br \/>\n5. M\u00e4ta Ice<br \/>\n6. Red Bull <span style=\"color: #ff0000\"><strong>&gt;&gt;&gt;&gt; Hor\u00face!<\/strong><\/span><br \/>\n7. Dvojit\u00e1 jablko<br \/>\n8. Lush Ice<br \/>\n9. Brosky\u0148a Mango<br \/>\n10. \u010cere\u0161\u0148ov\u00e1 soda<\/p>\n<p>&nbsp;<\/p>\n<h3><strong>Pre\u010do si vybra\u0165 Rmvapesale pre v\u00e1\u0161 ELF BOX Vape RGB 14000 pro Puffs?<\/strong><\/h3>\n<div class=\"flex-shrink-0 flex flex-col relative items-end\">\n<div class=\"pt-0\">\n<div class=\"gizmo-bot-avatar flex h-8 w-8 items-center justify-center overflow-hidden rounded-full\">\n<div class=\"relative p-1 rounded-sm flex items-center justify-center bg-token-main-surface-primary text-token-text-primary h-8 w-8\">\n<p>&nbsp;<\/p>\n<p>Ke\u010f si vyberiete Rmvapesale pre va\u0161e ve\u013ekoobchodn\u00e9 potreby s jednorazov\u00fdmi vapmi, z\u00edskate:<\/p>\n<ul>\n<li><strong>Konkuren\u010dn\u00e1 cena<\/strong>: Z\u00edskajte pr\u00edstup k atrakt\u00edvnym ve\u013ekoobchodn\u00fdm cen\u00e1m, ktor\u00e9 zv\u00fd\u0161ia mar\u017ee v\u00e1\u0161ho podnikania.<\/li>\n<li><strong>Vysok\u00e1 kvalita<\/strong>: Na\u0161e vapy s\u00fa vyr\u00e1ban\u00e9 pod\u013ea najvy\u0161\u0161\u00edch \u0161tandardov a <span style=\"color: #ff0000\"><strong>zaru\u010dene 100% origin\u00e1lne a autentick\u00e9, alebo v\u00e1m poskytneme 10-n\u00e1sobn\u00fa kompenz\u00e1ciu za falo\u0161n\u00fd tovar!<\/strong><\/span><\/li>\n<li><strong>Vynikaj\u00faci z\u00e1kazn\u00edcky servis<\/strong>: N\u00e1\u0161 oddan\u00fd t\u00edm je v\u017edy pripraven\u00fd v\u00e1m pom\u00f4c\u0165, v\u010faka \u010domu bude v\u00e1\u0161 n\u00e1kupn\u00fd proces plynul\u00fd a bezprobl\u00e9mov\u00fd.<\/li>\n<li><strong>R\u00fdchle<\/strong>: O\u010dak\u00e1vajte r\u00fdchle a spo\u013eahliv\u00e9 doru\u010denie, ktor\u00e9 zaist\u00ed, \u017ee va\u0161e objedn\u00e1vky dorazia v\u017edy na\u010das.<\/li>\n<\/ul>\n<h3><\/h3>\n<h3><b>\u010cast\u00e9 ot\u00e1zky<\/b><\/h3>\n<p><strong>Ot\u00e1zka 1: Ko\u013eko pufov poskytuje Elf Box RGB 14000 Pufov E cigareta?<\/strong><br \/>\nA1: The <strong>Elf Box RGB 14000 Puffs Jednorazov\u00e1 vaporiz\u00e9r<\/strong> prin\u00e1\u0161a p\u00f4sobiv\u00fd <strong>14 000 potiahnut\u00ed<\/strong>, ide\u00e1lny pre dlhodob\u00e9 pote\u0161enie bez \u010dast\u00fdch v\u00fdmen.<\/p>\n<p><strong>Q2: Ak\u00e9 pr\u00edchute s\u00fa dostupn\u00e9 pre Elf Box RGB 14000 Pro Jednorazov\u00fa vaporiz\u00e9r?<\/strong><br \/>\nA2: Vychutnajte si r\u00f4zne lahodn\u00e9 pr\u00edchute, vr\u00e1tane <strong>Jahoda Vodn\u00fd mel\u00f3n<\/strong>, <strong>Modr\u00e1 Malina \u013dad<\/strong>, <strong>Hroznov\u00fd \u013ead<\/strong>, <strong>Brosky\u0148a Mango<\/strong>, a <strong>M\u00e4tov\u00fd \u013ead<\/strong>\u2014pre ka\u017ed\u00e9ho nie\u010do!<\/p>\n<p><strong>Q3: Ak\u00e1 je kapacita e-liquidu v Elf Box RGB 14000 Pro Vape Pod?<\/strong><br \/>\nA3: Pr\u00edstroj m\u00e1 <strong>25 ml kapacitu e-liquidu<\/strong>, minimalizuje potrebu neust\u00e1lych dopl\u0148ovan\u00ed a maximalizuje v\u00e1\u0161 z\u00e1\u017eitok z vapovania.<\/p>\n<p><strong>Q4: Ak\u00e9 \u00farovne nikot\u00ednu s\u00fa dostupn\u00e9 v jednorazovom vaporiz\u00e9ri Elf Box VAPE RGB 14000 Pufov?<\/strong><br \/>\nOdpove\u010f \u010d. 4: M\u00f4\u017eete si vybra\u0165 z <strong>0%, 2%, 3% a 5% nikot\u00ednov\u00fdch \u00farovniach<\/strong>, \u010do v\u00e1m umo\u017e\u0148uje n\u00e1js\u0165 dokonal\u00fa silu pre va\u0161e potreby vapovania.<\/p>\n<p><strong>Q5: Ako funkcia RGB svetla zlep\u0161uje Elf Box RGB 14000 Pufov Vape Pod?<\/strong><br \/>\nA5: \u017div\u00e9 <strong>RGB osvetlen\u00edm<\/strong> prid\u00e1va z\u00e1bavn\u00fd a \u0161t\u00fdlov\u00fd n\u00e1dych v\u00e1\u0161mu vaporiz\u00e9ru, v\u010faka \u010domu vynikne kdeko\u013evek p\u00f4jdete!<\/p>\n<p><strong>Q6: Je jednorazov\u00fd vaporiz\u00e9r Elf Box RGB 14000 Pro dob\u00edjate\u013en\u00fd?<\/strong><br \/>\nA6: \u00c1no, zariadenie je vybaven\u00e9 <strong>Dob\u00edjate\u013en\u00e1 bat\u00e9ria 600mAh<\/strong> a funkcie <strong>Nab\u00edjanie typu C<\/strong> pre r\u00fdchle a jednoduch\u00e9 nab\u00edjanie.<\/p>\n<p><strong>Q7: M\u00f4\u017eem k\u00fapi\u0165 Elf Box RGB 14000 Pufov E cigarety vo ve\u013ekom?<\/strong><br \/>\nA7: Ur\u010dite! Pon\u00fakame ve\u013ekoobchodn\u00e9 mo\u017enosti pre <strong>Elf Box RGB 14000 Pufov E cigarety<\/strong>, ide\u00e1lne pre predajcov, ktor\u00ed chc\u00fa z\u00e1sobi\u0165 tento popul\u00e1rny vaporiz\u00e9r.<\/p>\n<\/div>\n<\/div>\n<\/div>\n<\/div>\n<div class=\"group\/conversation-turn relative flex w-full min-w-0 flex-col agent-turn\">\n<div class=\"flex-col gap-1 md:gap-3\">\n<div class=\"flex max-w-full flex-col flex-grow\">\n<div class=\"min-h-8 text-message flex w-full flex-col items-end gap-2 whitespace-normal break-words [.text-message+&amp;]:mt-5\" dir=\"auto\" data-message-author-role=\"assistant\" data-message-id=\"f226d3fc-81f3-46d5-8c46-31787fff0357\">\n<div class=\"flex w-full flex-col gap-1 empty:hidden first:pt-[3px]\">\n<div class=\"markdown prose w-full break-words dark:prose-invert light\">\n<p>&nbsp;<\/p>\n<\/div>\n<\/div>\n<\/div>\n<\/div>\n<\/div>\n<\/div>\n<h3>O doru\u010den\u00ed<\/h3>\n<div class=\"flex-shrink-0 flex flex-col relative items-end\">\n<div>\n<div class=\"pt-0\">\n<div class=\"gizmo-bot-avatar flex h-8 w-8 items-center justify-center overflow-hidden rounded-full\">\n<div><\/div>\n<div class=\"relative p-1 rounded-sm flex items-center justify-center bg-token-main-surface-primary text-token-text-primary h-8 w-8\"><strong>1. Ak\u00e9 sp\u00f4soby doru\u010denia pou\u017e\u00edvate?<\/strong><\/div>\n<\/div>\n<\/div>\n<\/div>\n<\/div>\n<div class=\"group\/conversation-turn relative flex w-full min-w-0 flex-col agent-turn\">\n<div class=\"flex-col gap-1 md:gap-3\">\n<div class=\"flex max-w-full flex-col flex-grow\">\n<div class=\"min-h-[20px] text-message flex w-full flex-col items-end gap-2 whitespace-normal break-words [.text-message+&amp;]:mt-5 overflow-x-auto\" dir=\"auto\" data-message-author-role=\"assistant\" data-message-id=\"22f8283b-3233-46ff-89a5-c7a41b33abda\">\n<div class=\"flex w-full flex-col gap-1 empty:hidden first:pt-[3px]\">\n<div class=\"markdown prose w-full break-words dark:prose-invert light\">\n<p>Spolupracujeme so spolo\u010dnos\u0165ami UPS, DHL, FedEx, DPD a \u010fal\u0161\u00edmi popredn\u00fdmi dopravcami. Vyberieme najlep\u0161\u00ed sp\u00f4sob doru\u010denia na z\u00e1klade va\u0161ej adresy, aby sme zaistili, \u017ee svoje produkty dostanete \u010do najr\u00fdchlej\u0161ie.<\/p>\n<\/div>\n<p><strong>2. Ako dlho trv\u00e1 doru\u010denie?<\/strong><\/p>\n<p>Bal\u00edky doru\u010dovan\u00e9 na Slovensko zvy\u010dajne dorazia do 10 pracovn\u00fdch dn\u00ed. Doru\u010denie do eur\u00f3pskych kraj\u00edn zvy\u010dajne trv\u00e1 asi 12-15 pracovn\u00fdch dn\u00ed. Budeme v\u00e1s informova\u0165 o stave doru\u010denia v re\u00e1lnom \u010dase.<\/p>\n<\/div>\n<\/div>\n<\/div>\n<\/div>\n<\/div>\n<p>&nbsp;<\/p>\n<p>\u010eal\u0161ie hor\u00face vapy, ktor\u00e9 by sa v\u00e1m mohli p\u00e1\u010di\u0165:<\/p>\n<p><a href=\"https:\/\/rmvapesale.com\/sk\/product\/waspe-12000-puffs-disposable-vape-pen\/\"><strong>WASPE 12000 Potiahnut\u00ed\u00a0 \u00a0<span style=\"color: #ff0000\">&gt;&gt;&gt;&gt; \u00eds\u0165!<\/span><\/strong><\/a><\/p>\n<p><strong><a href=\"https:\/\/rmvapesale.com\/sk\/product\/waspe-fihp-30000-puffs-led-display-disposable-vape-box\/\">WASPE FIHP 30000 potiahnut\u00ed <span style=\"color: #ff0000\">&gt;&gt;&gt;&gt; \u00eds\u0165!<\/span><\/a>\u00a0<\/strong><\/p>\n<h2 class=\"woocommerce-loop-product__title\"><a style=\"font-size: 16px\" href=\"https:\/\/rmvapesale.com\/sk\/product\/bang-box-30000-puff-double-taste-smart-screen-disposable-vape-wholesale\/\"><strong>Bang Box 30000 \u0164ahov Dvojit\u00e1 Chu\u0165 <span style=\"color: #ff0000\">&gt;&gt;&gt;&gt; \u00eds\u0165!<\/span><\/strong><\/a><\/h2>\n<p>&nbsp;<\/p>\n<p>&nbsp;<\/p>\n<p>N\u00e1jdite \u010fal\u0161ie vape produkty, ktor\u00e9 by sa v\u00e1m mohli p\u00e1\u010di\u0165:<strong><em><a href=\"https:\/\/rmvapesale.com\/sk\/shop-2\/\">nakupova\u0165 teraz &gt;&gt;&gt;<\/a><\/em><\/strong><\/p>","protected":false},"excerpt":{"rendered":"<p>Elf Box RGB14000 Puff Jednor\u00e1zov\u00fd vaporiz\u00e9r s n\u00edzkym obsahom nikot\u00ednu na ve\u013ekoobchodn\u00fd n\u00e1kup<br \/>\nElf Box Vape RGB 14000 Pro Puffs Jednor\u00e1zov\u00e9 e-cigarety s pr\u00edchu\u0165ou<br \/>\nELF Box RGB 14000 Puffs Ve\u013ekoobchod s jednor\u00e1zov\u00fdmi vaporiz\u00e9rmi<\/p>\n<p><img loading=\"lazy\" decoding=\"async\" class=\"size-full wp-image-1978\" src=\"https:\/\/rmvapesale.com\/wp-content\/uploads\/2024\/09\/Disposable-Vape-Wholesale.jpg\" alt=\"Jednorazov\u00fd vape ve\u013ekoobchod\" width=\"229\" height=\"300\" \/><\/p>\n<h3><a href=\"https:\/\/wa.me\/8617776015835\"><span style=\"color: #ff0000\"><strong>WhatsApp: +86 17776015835<\/strong><\/span><\/a><\/h3>\n<p>&nbsp;<\/p>","protected":false},"featured_media":2335,"comment_status":"open","ping_status":"closed","template":"","meta":{"_uag_custom_page_level_css":"","_lmt_disableupdate":"","_lmt_disable":"","site-sidebar-layout":"default","site-content-layout":"content-boxed-container","ast-site-content-layout":"normal-width-container","site-content-style":"boxed","site-sidebar-style":"unboxed","ast-global-header-display":"","ast-banner-title-visibility":"","ast-main-header-display":"","ast-hfb-above-header-display":"","ast-hfb-below-header-display":"","ast-hfb-mobile-header-display":"","site-post-title":"","ast-breadcrumbs-content":"","ast-featured-img":"","footer-sml-layout":"","ast-disable-related-posts":"","theme-transparent-header-meta":"default","adv-header-id-meta":"","stick-header-meta":"","header-above-stick-meta":"","header-main-stick-meta":"","header-below-stick-meta":"","astra-migrate-meta-layouts":"set","ast-page-background-enabled":"default","ast-page-background-meta":{"desktop":{"background-color":"var(--ast-global-color-4)","background-image":"","background-repeat":"repeat","background-position":"center center","background-size":"auto","background-attachment":"scroll","background-type":"","background-media":"","overlay-type":"","overlay-color":"","overlay-opacity":"","overlay-gradient":""},"tablet":{"background-color":"","background-image":"","background-repeat":"repeat","background-position":"center center","background-size":"auto","background-attachment":"scroll","background-type":"","background-media":"","overlay-type":"","overlay-color":"","overlay-opacity":"","overlay-gradient":""},"mobile":{"background-color":"","background-image":"","background-repeat":"repeat","background-position":"center center","background-size":"auto","background-attachment":"scroll","background-type":"","background-media":"","overlay-type":"","overlay-color":"","overlay-opacity":"","overlay-gradient":""}},"ast-content-background-meta":{"desktop":{"background-color":"var(--ast-global-color-5)","background-image":"","background-repeat":"repeat","background-position":"center center","background-size":"auto","background-attachment":"scroll","background-type":"","background-media":"","overlay-type":"","overlay-color":"","overlay-opacity":"","overlay-gradient":""},"tablet":{"background-color":"var(--ast-global-color-5)","background-image":"","background-repeat":"repeat","background-position":"center center","background-size":"auto","background-attachment":"scroll","background-type":"","background-media":"","overlay-type":"","overlay-color":"","overlay-opacity":"","overlay-gradient":""},"mobile":{"background-color":"var(--ast-global-color-5)","background-image":"","background-repeat":"repeat","background-position":"center center","background-size":"auto","background-attachment":"scroll","background-type":"","background-media":"","overlay-type":"","overlay-color":"","overlay-opacity":"","overlay-gradient":""}},"_joinchat":[]},"product_brand":[],"product_cat":[15,60,128,27,25,123,30,26,28],"product_tag":[131,66,125,126,130,129,101,105,120],"class_list":{"0":"post-2336","1":"product","2":"type-product","3":"status-publish","4":"has-post-thumbnail","6":"product_cat-new-vape-this-week","7":"product_cat-bang-vapes","8":"product_cat-elf-box-disposable-vapes","9":"product_cat-fance-hot-sale-vape","10":"product_cat-germany-best-selling-vape","11":"product_cat-italy-wholesale-vape","12":"product_cat-minimum-order-quantity-50pcs","13":"product_cat-netherlands-hot-sale-vape","14":"product_cat-poland-hot-sale-vape","15":"product_tag-big-puff-vape","16":"product_tag-disposable-vape","17":"product_tag-disposable-vape-italy","18":"product_tag-e-cigarettes","19":"product_tag-elf-box","20":"product_tag-elf-box-vape","21":"product_tag-led-display-vape","22":"product_tag-nicotine-free-disposable-vape","23":"product_tag-vape-wholesale","24":"desktop-align-left","25":"tablet-align-left","26":"mobile-align-left","28":"first","29":"instock","30":"sale","31":"shipping-taxable","32":"purchasable","33":"product-type-simple"},"uagb_featured_image_src":{"full":["https:\/\/rmvapesale.com\/wp-content\/uploads\/2024\/10\/ELF-BOX-Vape-RGB14000-pro.png",800,800,false],"thumbnail":["https:\/\/rmvapesale.com\/wp-content\/uploads\/2024\/10\/ELF-BOX-Vape-RGB14000-pro-150x150.png",150,150,true],"medium":["https:\/\/rmvapesale.com\/wp-content\/uploads\/2024\/10\/ELF-BOX-Vape-RGB14000-pro-300x300.png",300,300,true],"medium_large":["https:\/\/rmvapesale.com\/wp-content\/uploads\/2024\/10\/ELF-BOX-Vape-RGB14000-pro-768x768.png",768,768,true],"large":["https:\/\/rmvapesale.com\/wp-content\/uploads\/2024\/10\/ELF-BOX-Vape-RGB14000-pro.png",800,800,false],"1536x1536":["https:\/\/rmvapesale.com\/wp-content\/uploads\/2024\/10\/ELF-BOX-Vape-RGB14000-pro.png",800,800,false],"2048x2048":["https:\/\/rmvapesale.com\/wp-content\/uploads\/2024\/10\/ELF-BOX-Vape-RGB14000-pro.png",800,800,false],"trp-custom-language-flag":["https:\/\/rmvapesale.com\/wp-content\/uploads\/2024\/10\/ELF-BOX-Vape-RGB14000-pro.png",12,12,false],"woocommerce_thumbnail":["https:\/\/rmvapesale.com\/wp-content\/uploads\/2024\/10\/ELF-BOX-Vape-RGB14000-pro-300x300.png",300,300,true],"woocommerce_single":["https:\/\/rmvapesale.com\/wp-content\/uploads\/2024\/10\/ELF-BOX-Vape-RGB14000-pro-600x600.png",600,600,true],"woocommerce_gallery_thumbnail":["https:\/\/rmvapesale.com\/wp-content\/uploads\/2024\/10\/ELF-BOX-Vape-RGB14000-pro-100x100.png",100,100,true],"wcpr-photo-reviews":["https:\/\/rmvapesale.com\/wp-content\/uploads\/2024\/10\/ELF-BOX-Vape-RGB14000-pro.png",500,500,false]},"uagb_author_info":{"display_name":"AMY","author_link":"https:\/\/rmvapesale.com\/sk\/author\/"},"uagb_comment_info":0,"uagb_excerpt":"Elf Box RGB14000 Puff Low Nicotine Disposable Vape Bulk Buy Elf Box Vape RGB 14000 Pro Puffs Disposable E Cigarettes Flavor ELF Box RGB 14000 Puffs Disposable Vape Wholesale WhatsApp: +86 17776015835 &nbsp;","_links":{"self":[{"href":"https:\/\/rmvapesale.com\/sk\/wp-json\/wp\/v2\/product\/2336","targetHints":{"allow":["GET"]}}],"collection":[{"href":"https:\/\/rmvapesale.com\/sk\/wp-json\/wp\/v2\/product"}],"about":[{"href":"https:\/\/rmvapesale.com\/sk\/wp-json\/wp\/v2\/types\/product"}],"replies":[{"embeddable":true,"href":"https:\/\/rmvapesale.com\/sk\/wp-json\/wp\/v2\/comments?post=2336"}],"wp:featuredmedia":[{"embeddable":true,"href":"https:\/\/rmvapesale.com\/sk\/wp-json\/wp\/v2\/media\/2335"}],"wp:attachment":[{"href":"https:\/\/rmvapesale.com\/sk\/wp-json\/wp\/v2\/media?parent=2336"}],"wp:term":[{"taxonomy":"product_brand","embeddable":true,"href":"https:\/\/rmvapesale.com\/sk\/wp-json\/wp\/v2\/product_brand?post=2336"},{"taxonomy":"product_cat","embeddable":true,"href":"https:\/\/rmvapesale.com\/sk\/wp-json\/wp\/v2\/product_cat?post=2336"},{"taxonomy":"product_tag","embeddable":true,"href":"https:\/\/rmvapesale.com\/sk\/wp-json\/wp\/v2\/product_tag?post=2336"}],"curies":[{"name":"wp","href":"https:\/\/api.w.org\/{rel}","templated":true}]}}