{"id":2344,"date":"2024-10-11T03:13:13","date_gmt":"2024-10-11T03:13:13","guid":{"rendered":"https:\/\/rmvapesale.com\/?post_type=product&#038;p=2344"},"modified":"2024-10-11T04:01:54","modified_gmt":"2024-10-11T04:01:54","slug":"mrvi-puffing-15000-puff-disposable-vape-box","status":"publish","type":"product","link":"https:\/\/rmvapesale.com\/sk\/product\/mrvi-puffing-15000-puff-disposable-vape-box\/","title":{"rendered":"MRVI PUFFING 15000 \u0164ahov Jednorazov\u00e1 Vape Krabi\u010dka"},"content":{"rendered":"<div class=\"B2VR9 CJHX3e\">\n<div class=\"wyccme\">\n<h1 class=\"LC20lb MBeuO DKV0Md\">MRVI PUFFING 15000 \u0164ahov Jednorazov\u00e1 Vape Krabi\u010dka<\/h1>\n<div class=\"flex-shrink-0 flex flex-col relative items-end\">\n<div class=\"pt-0\">\n<div class=\"gizmo-bot-avatar flex h-8 w-8 items-center justify-center overflow-hidden rounded-full\">\n<div class=\"relative p-1 rounded-sm flex items-center justify-center bg-token-main-surface-primary text-token-text-primary h-8 w-8\">\n<p>Pripravte sa na vynikaj\u00faci z\u00e1\u017eitok z vapovania s MRVI PUFFING 15000 Puf Jednorazov\u00e1 Vape Krabica! Navrhnut\u00e9 pre t\u00fdch, ktor\u00ed t\u00fa\u017eia po dlhotrvaj\u00facom v\u00fdkone, t\u00e1to vape poskytuje 15 000 pufov, \u010do v\u00e1m umo\u017en\u00ed si ju u\u017e\u00edva\u0165 cel\u00e9 dni bez ob\u00e1v.<\/p>\n<p>Vybaven\u00e1 v\u00fdkonnou 750mAh nab\u00edjate\u013enou bat\u00e9riou a portom Type-C na nab\u00edjanie, nikdy nezostanete bez energie. Kapacita 25ml e-tekutiny a technol\u00f3gia dvojit\u00e9ho mrie\u017ekov\u00e9ho cievky zabezpe\u010duj\u00fa bohat\u00e9, pln\u00e9 chuti pri ka\u017edom \u0165ahu. Navy\u0161e m\u00f4\u017eete sledova\u0165 svoje pou\u017e\u00edvanie pomocou praktick\u00e9ho displeja na e-tekutinu a nap\u00e1janie.<\/p>\n<p>Vyberte si medzi nikot\u00ednovou silou 2% alebo 5%, pod\u013ea va\u0161ich preferenci\u00ed. A na z\u00e1ver, MRVI Puffing prich\u00e1dza s elegantn\u00fdm lanyardom, ktor\u00fd u\u013eah\u010duje pren\u00e1\u0161anie kamko\u013evek p\u00f4jdete!<\/p>\n<p>Perfektn\u00e9 pre t\u00fdch, ktor\u00ed miluj\u00fa kombin\u00e1ciu pohodlia a v\u00fdkonu, MRVI PUFFING 15000 Puf Jednorazov\u00e1 Vape Krabica udr\u017e\u00ed va\u0161ich z\u00e1kazn\u00edkov vraca\u0165 sa po viacMRVI PUFFING 15000 Puf Jednorazov\u00e1 Vape Krabica<\/p>\n<p>&nbsp;<\/p>\n<\/div>\n<\/div>\n<\/div>\n<\/div>\n<\/div>\n<\/div>\n<p><strong>Kontaktujte Amy a z\u00edskajte spr\u00e1vnu odpove\u010f a \u010fal\u0161ie vide\u00e1 o produktoch!<\/strong><\/p>\n<p><img loading=\"lazy\" decoding=\"async\" class=\"size-full wp-image-1978\" src=\"https:\/\/rmvapesale.com\/wp-content\/uploads\/2024\/09\/Disposable-Vape-Wholesale.jpg\" alt=\"Jednorazov\u00fd vape ve\u013ekoobchod\" width=\"229\" height=\"300\" \/><\/p>\n<h3><a href=\"https:\/\/wa.me\/8617776015835\" target=\"_blank\" rel=\"noopener\"><span style=\"color: #ff0000\"><strong>WhatsApp: +86 17776015835<\/strong><\/span><\/a><\/h3>\n<p>&nbsp;<\/p>\n<h2><\/h2>\n<h2><strong>K\u013e\u00fa\u010dov\u00e9 vlastnosti MRVI PUFFING 15000 Puf<\/strong><\/h2>\n<ul>\n<li><strong>Vysok\u00fd po\u010det \u0161lukov<\/strong>: U\u017eite si a\u017e <strong>15 000 potiahnut\u00ed<\/strong>, zabezpe\u010duj\u00face dlhodob\u00fd z\u00e1\u017eitok z vapovania bez \u010dast\u00fdch v\u00fdmen.<\/li>\n<li><strong>Kapacita E-Liquidu<\/strong>: Zaru\u010duje, \u017ee m\u00f4\u017eete vapova\u0165 dlh\u0161ie s r\u00fdchlym dob\u00edjan\u00edm. <strong>25ml n\u00e1dr\u017e na e-tekutinu<\/strong> poskytuje dlh\u0161ie pou\u017e\u00edvanie, minimalizuj\u00fac potrebu dop\u013a\u0148ania.<\/li>\n<li><strong>Nab\u00edjate\u013en\u00e1 bat\u00e9ria<\/strong>: Poh\u00e1\u0148an\u00e9 <strong>750mAh bat\u00e9ria<\/strong>, ktor\u00e1 poskytuje spo\u013eahliv\u00fd v\u00fdkon s mo\u017enos\u0165ou nab\u00edjania.<\/li>\n<li><strong>Nab\u00edjanie cez Type-C<\/strong>: R\u00fdchle a efekt\u00edvne nab\u00edjanie s modern\u00fdm <strong>Port typu C<\/strong>, ktor\u00fd v\u00e1s udr\u017e\u00ed nabit\u00fdch v kr\u00e1tkom \u010dase.<\/li>\n<li><strong>Technol\u00f3gia du\u00e1lnej sie\u0165ovanej cievky (Dual Mesh Coil)<\/strong>: Zlep\u0161ite svoj z\u00e1\u017eitok z vapovania s <strong>dvojit\u00fdmi mrie\u017ekov\u00fdmi cievkami<\/strong>, ktor\u00e9 pon\u00fakaj\u00fa bohat\u00fa chu\u0165 a hladk\u00fa produkciu pary.<\/li>\n<li><strong>Inteligentn\u00fd displej obrazovky<\/strong>: Zosta\u0148 informovan\u00fd s <strong>digit\u00e1lnym displejom<\/strong> ktor\u00fd zobrazuje \u00farovne e-liquidu aj \u017eivotnos\u0165 bat\u00e9rie na prv\u00fd poh\u013ead.<\/li>\n<li><strong>Mo\u017enosti nikot\u00ednu<\/strong>: Dostupn\u00e9 v sil\u00e1ch nikot\u00ednu <strong>2% a 5%<\/strong> silou nikot\u00ednu, vyhovuj\u00facou r\u00f4znym preferenci\u00e1m.<\/li>\n<li><strong>Praktick\u00fd n\u00e1kr\u010dn\u00edk<\/strong>: S\u00fa\u010das\u0165ou je <strong>\u0161n\u00farka na krk<\/strong> pre jednoduch\u00e9 nosenie, \u010do z neho rob\u00ed dokonal\u00e9ho spolo\u010dn\u00edka na vapovanie na cest\u00e1ch.<\/li>\n<\/ul>\n<figure id=\"attachment_2345\" aria-describedby=\"caption-attachment-2345\" style=\"width: 808px\" class=\"wp-caption alignnone\"><img loading=\"lazy\" decoding=\"async\" class=\"wp-image-2345 size-full\" src=\"https:\/\/rmvapesale.com\/wp-content\/uploads\/2024\/10\/Mrvi-Puffing-15k-Price.jpg\" alt=\"Mrvi Puffing 15k Cena\" width=\"808\" height=\"808\" srcset=\"https:\/\/rmvapesale.com\/wp-content\/uploads\/2024\/10\/Mrvi-Puffing-15k-Price.jpg 808w, https:\/\/rmvapesale.com\/wp-content\/uploads\/2024\/10\/Mrvi-Puffing-15k-Price-300x300.jpg 300w, https:\/\/rmvapesale.com\/wp-content\/uploads\/2024\/10\/Mrvi-Puffing-15k-Price-150x150.jpg 150w, https:\/\/rmvapesale.com\/wp-content\/uploads\/2024\/10\/Mrvi-Puffing-15k-Price-768x768.jpg 768w, https:\/\/rmvapesale.com\/wp-content\/uploads\/2024\/10\/Mrvi-Puffing-15k-Price-600x600.jpg 600w, https:\/\/rmvapesale.com\/wp-content\/uploads\/2024\/10\/Mrvi-Puffing-15k-Price-100x100.jpg 100w\" sizes=\"auto, (max-width: 808px) 100vw, 808px\" \/><figcaption id=\"caption-attachment-2345\" class=\"wp-caption-text\">Mrvi Puffing 15k Cena<\/figcaption><\/figure>\n<h2><strong>Najob\u013e\u00fabenej\u0161ia pr\u00edchu\u0165 pre MRVI PUFFING 15000 Pufov ECig<\/strong><\/h2>\n<p>S 10 \u00fa\u017easn\u00fdmi pr\u00edchu\u0165ami na v\u00fdber, vr\u00e1tane ovocn\u00fdch a \u013eadov\u00fdch mo\u017enost\u00ed, sada MRVI PUFFING 15000 Pufov pon\u00faka nie\u010do pre ka\u017ed\u00fd vkus.<\/p>\n<p>1. \u010cu\u010doriedka na \u013eade<span style=\"color: #ff0000\"><strong>&gt;&gt;&gt;&gt; Hor\u00face!<\/strong><\/span><br \/>\n2. Ban\u00e1nov\u00fd milkshake<br \/>\n3. Jahoda s mel\u00f3nom<br \/>\n4. Medov\u00fd mel\u00f3n s \u013eadom<br \/>\n5. \u010cerven\u00e9 jablko s \u013eadom<br \/>\n6. Brosky\u0148a mango<br \/>\n7. \u010cu\u010doriedka \u017euva\u010dka<span style=\"color: #ff0000\"><strong>&gt;&gt;&gt;&gt; Najlep\u0161ie!<\/strong><\/span><br \/>\n8. Lush Ice<br \/>\n9. Anan\u00e1s s \u013eadom<br \/>\n10. Ru\u017eov\u00e1 expl\u00f3zia<span style=\"color: #ff0000\"><strong>&gt;&gt;&gt;&gt; Hor\u00face!<\/strong><\/span><\/p>\n<p>&nbsp;<\/p>\n<h3><strong>Pre\u010do si vybra\u0165 Rmvapesale pre va\u0161u MRVI PUFFING 15000 Pufov Jednorazov\u00fa vapovaciu krabi\u010dku?<\/strong><\/h3>\n<div class=\"flex-shrink-0 flex flex-col relative items-end\">\n<div class=\"pt-0\">\n<div class=\"gizmo-bot-avatar flex h-8 w-8 items-center justify-center overflow-hidden rounded-full\">\n<div class=\"relative p-1 rounded-sm flex items-center justify-center bg-token-main-surface-primary text-token-text-primary h-8 w-8\">\n<p>&nbsp;<\/p>\n<p>Ke\u010f si vyberiete Rmvapesale pre va\u0161e ve\u013ekoobchodn\u00e9 potreby s jednorazov\u00fdmi vapmi, z\u00edskate:<\/p>\n<ul>\n<li><strong>Konkuren\u010dn\u00e1 cena<\/strong>: Z\u00edskajte pr\u00edstup k atrakt\u00edvnym ve\u013ekoobchodn\u00fdm cen\u00e1m, ktor\u00e9 zv\u00fd\u0161ia mar\u017ee v\u00e1\u0161ho podnikania.<\/li>\n<li><strong>Vysok\u00e1 kvalita<\/strong>: Na\u0161e vapy s\u00fa vyr\u00e1ban\u00e9 pod\u013ea najvy\u0161\u0161\u00edch \u0161tandardov a <span style=\"color: #ff0000\"><strong>zaru\u010dene 100% origin\u00e1lne a autentick\u00e9, alebo v\u00e1m poskytneme 10-n\u00e1sobn\u00fa kompenz\u00e1ciu za falo\u0161n\u00fd tovar!<\/strong><\/span><\/li>\n<li><strong>Vynikaj\u00faci z\u00e1kazn\u00edcky servis<\/strong>: N\u00e1\u0161 oddan\u00fd t\u00edm je v\u017edy pripraven\u00fd v\u00e1m pom\u00f4c\u0165, v\u010faka \u010domu bude v\u00e1\u0161 n\u00e1kupn\u00fd proces plynul\u00fd a bezprobl\u00e9mov\u00fd.<\/li>\n<li><strong>R\u00fdchle<\/strong>: O\u010dak\u00e1vajte r\u00fdchle a spo\u013eahliv\u00e9 doru\u010denie, ktor\u00e9 zaist\u00ed, \u017ee va\u0161e objedn\u00e1vky dorazia v\u017edy na\u010das.<\/li>\n<\/ul>\n<h3><\/h3>\n<h3><b>\u010cast\u00e9 ot\u00e1zky<\/b><\/h3>\n<p><strong>Q1: Ko\u013eko pufov m\u00f4\u017eem z\u00edska\u0165 z MRVI PUFFING 15000 Pufov Jednorazovej vapovacej elektronickej cigarety?<\/strong><br \/>\n<strong>A1:<\/strong> MRVI PUFFING pon\u00faka p\u00f4sobiv\u00fd <strong>15 000 potiahnut\u00ed<\/strong>, v\u010faka \u010domu si m\u00f4\u017eete vychutna\u0165 dlhodob\u00e9 vapovanie bez potreby \u010dast\u00fdch v\u00fdmen.<\/p>\n<p><strong>Q2: Je MRVI PUFFING 15000 Puffs dob\u00edjate\u013en\u00fd?<\/strong><br \/>\n<strong>A2:<\/strong> \u00c1no! Tento vaporiz\u00e9r m\u00e1 <strong>dob\u00edjate\u013en\u00fa bat\u00e9riu s kapacitou 750mAh<\/strong>, ktor\u00e1 v\u00e1m umo\u017e\u0148uje \u013eahko ho nabi\u0165 cez <strong>Port typu C<\/strong> pre pohodlie a dlh\u0161ie pou\u017e\u00edvanie.<\/p>\n<\/div>\n<\/div>\n<\/div>\n<\/div>\n<div class=\"group\/conversation-turn relative flex w-full min-w-0 flex-col agent-turn\">\n<div class=\"flex-col gap-1 md:gap-3\">\n<div class=\"flex max-w-full flex-col flex-grow\">\n<div class=\"min-h-8 text-message flex w-full flex-col items-end gap-2 whitespace-normal break-words [.text-message+&amp;]:mt-5\" dir=\"auto\" data-message-author-role=\"assistant\" data-message-id=\"f226d3fc-81f3-46d5-8c46-31787fff0357\">\n<div class=\"flex w-full flex-col gap-1 empty:hidden first:pt-[3px]\">\n<div class=\"markdown prose w-full break-words dark:prose-invert light\">\n<p><strong>Q3: M\u00f4\u017eem si prisp\u00f4sobi\u0165 silu nikot\u00ednu v jednorazovom vaporiz\u00e9ri MRVI 15000 Puffs?<\/strong><br \/>\n<strong>A3:<\/strong> \u00c1no, m\u00f4\u017eete si vybra\u0165 medzi <strong>silami nikot\u00ednu 2% a 5%<\/strong> aby vyhovovali va\u0161im preferenci\u00e1m vapovania.<\/p>\n<p><strong>Q4: Ako zlep\u0161uje MRVI PUFFING 15000 Puffs Vape Bar m\u00f4j z\u00e1\u017eitok z vapovania?<\/strong><br \/>\n<strong>A4:<\/strong> S jeho <strong>technol\u00f3giou du\u00e1lnej sie\u0165ovej cievky<\/strong>, m\u00f4\u017eete si vychutna\u0165 bohat\u00fa chu\u0165 a hladk\u00fa produkciu pary, \u010do rob\u00ed ka\u017ed\u00fd n\u00e1dych uspokojiv\u00fdm.<\/p>\n<p><strong>Q5: M\u00e1 MRVI vape PUFFING displejov\u00fa funkciu?<\/strong><br \/>\n<strong>A5:<\/strong> Ur\u010dite! Obsahuje to <strong>displej na e-liquid a nap\u00e1janie<\/strong> aby ste mohli \u013eahko sledova\u0165 zvy\u0161ok e-liquidu a \u017eivotnos\u0165 bat\u00e9rie.<\/p>\n<p><strong>Q6: Je MRVI 15000 Puffs Dob\u00edjate\u013en\u00fd Vaporiz\u00e9r \u013eahko prenosn\u00fd?<\/strong><br \/>\n<strong>A6:<\/strong> \u00c1no, kompaktn\u00fd dizajn ho rob\u00ed prenosn\u00fdm a je ide\u00e1lny na vapovanie na cest\u00e1ch, \u010di u\u017e ste doma alebo mimo neho.<\/p>\n<p><strong>Q7: Kde si m\u00f4\u017eem zak\u00fapi\u0165 MRVI 15000 Puffs Jednorazov\u00fd Vaporiz\u00e9r?<\/strong><br \/>\n<strong>A7:<\/strong> MRVI PUFFING 15000 Puffs Jednorazov\u00fd Vaporiz\u00e9r n\u00e1jdete u r\u00f4znych predajcov a online platforiem, \u010do zabezpe\u010duje jednoduch\u00fd pr\u00edstup ku v\u0161etk\u00fdm va\u0161im potreb\u00e1m vapovania.<\/p>\n<\/div>\n<\/div>\n<\/div>\n<\/div>\n<\/div>\n<\/div>\n<h3>O doru\u010den\u00ed<\/h3>\n<div class=\"flex-shrink-0 flex flex-col relative items-end\">\n<div>\n<div class=\"pt-0\">\n<div class=\"gizmo-bot-avatar flex h-8 w-8 items-center justify-center overflow-hidden rounded-full\">\n<div><\/div>\n<div class=\"relative p-1 rounded-sm flex items-center justify-center bg-token-main-surface-primary text-token-text-primary h-8 w-8\"><strong>1. Ak\u00e9 sp\u00f4soby doru\u010denia pou\u017e\u00edvate?<\/strong><\/div>\n<\/div>\n<\/div>\n<\/div>\n<\/div>\n<div class=\"group\/conversation-turn relative flex w-full min-w-0 flex-col agent-turn\">\n<div class=\"flex-col gap-1 md:gap-3\">\n<div class=\"flex max-w-full flex-col flex-grow\">\n<div class=\"min-h-[20px] text-message flex w-full flex-col items-end gap-2 whitespace-normal break-words [.text-message+&amp;]:mt-5 overflow-x-auto\" dir=\"auto\" data-message-author-role=\"assistant\" data-message-id=\"22f8283b-3233-46ff-89a5-c7a41b33abda\">\n<div class=\"flex w-full flex-col gap-1 empty:hidden first:pt-[3px]\">\n<div class=\"markdown prose w-full break-words dark:prose-invert light\">\n<p>Spolupracujeme so spolo\u010dnos\u0165ami UPS, DHL, FedEx, DPD a \u010fal\u0161\u00edmi popredn\u00fdmi dopravcami. Vyberieme najlep\u0161\u00ed sp\u00f4sob doru\u010denia na z\u00e1klade va\u0161ej adresy, aby sme zaistili, \u017ee svoje produkty dostanete \u010do najr\u00fdchlej\u0161ie.<\/p>\n<\/div>\n<p><strong>2. Ako dlho trv\u00e1 doru\u010denie?<\/strong><\/p>\n<p>Bal\u00edky doru\u010dovan\u00e9 na Slovensko zvy\u010dajne dorazia do 10 pracovn\u00fdch dn\u00ed. Doru\u010denie do eur\u00f3pskych kraj\u00edn zvy\u010dajne trv\u00e1 asi 12-15 pracovn\u00fdch dn\u00ed. Budeme v\u00e1s informova\u0165 o stave doru\u010denia v re\u00e1lnom \u010dase.<\/p>\n<\/div>\n<\/div>\n<\/div>\n<\/div>\n<\/div>\n<p>&nbsp;<\/p>\n<p>\u010eal\u0161ie hor\u00face vapy, ktor\u00e9 by sa v\u00e1m mohli p\u00e1\u010di\u0165:<\/p>\n<p><a href=\"https:\/\/rmvapesale.com\/sk\/product\/elf-box-vape-bk12000-puff-disposable-pod-wholesale\/\"><strong>ELF BOX BK12000 Puff <span style=\"color: #ff0000\">&gt;&gt;&gt;&gt; \u00eds\u0165!<\/span><\/strong><\/a><\/p>\n<p><strong><a href=\"https:\/\/rmvapesale.com\/sk\/product\/waspe-fihp-30000-puffs-led-display-disposable-vape-box\/\">WASPE FIHP 30000 potiahnut\u00ed <span style=\"color: #ff0000\">&gt;&gt;&gt;&gt; \u00eds\u0165!<\/span><\/a>\u00a0<\/strong><\/p>\n<h2 class=\"woocommerce-loop-product__title\"><a style=\"font-size: 16px\" href=\"https:\/\/rmvapesale.com\/sk\/product\/randm-tornado-15000-puffs-vape-wholesale\/\"><strong>RandM Tornado 15000 <span style=\"color: #ff0000\">&gt;&gt;&gt;&gt; \u00eds\u0165!<\/span><\/strong><\/a><\/h2>\n<p>&nbsp;<\/p>\n<p>&nbsp;<\/p>\n<p>N\u00e1jdite \u010fal\u0161ie vape produkty, ktor\u00e9 by sa v\u00e1m mohli p\u00e1\u010di\u0165:<strong><em><a href=\"https:\/\/rmvapesale.com\/sk\/shop-2\/\">nakupova\u0165 teraz &gt;&gt;&gt;<\/a><\/em><\/strong><\/p>","protected":false},"excerpt":{"rendered":"<p>P\u00f4vodn\u00e1 tov\u00e1re\u0148 MRVI PUFFING 15000 PUFOV Vape Krabica<br \/>\nMRVI 15000 Pufov 2% 5% 25ml E-tekutina Nab\u00edjate\u013en\u00e1<br \/>\nMRVI PUFFING 1500015K Pufov Ve\u013ekoobchodn\u00e1 cena vape<\/p>\n<p><img loading=\"lazy\" decoding=\"async\" class=\"size-full wp-image-1978\" src=\"https:\/\/rmvapesale.com\/wp-content\/uploads\/2024\/09\/Disposable-Vape-Wholesale.jpg\" alt=\"Jednorazov\u00fd vape ve\u013ekoobchod\" width=\"229\" height=\"300\" \/><\/p>\n<h3><a href=\"https:\/\/wa.me\/8617776015835\"><span style=\"color: #ff0000\"><strong>WhatsApp: +86 17776015835<\/strong><\/span><\/a><\/h3>\n<p>&nbsp;<\/p>","protected":false},"featured_media":2349,"comment_status":"open","ping_status":"closed","template":"","meta":{"_uag_custom_page_level_css":"","_lmt_disableupdate":"","_lmt_disable":"","site-sidebar-layout":"default","site-content-layout":"content-boxed-container","ast-site-content-layout":"normal-width-container","site-content-style":"boxed","site-sidebar-style":"unboxed","ast-global-header-display":"","ast-banner-title-visibility":"","ast-main-header-display":"","ast-hfb-above-header-display":"","ast-hfb-below-header-display":"","ast-hfb-mobile-header-display":"","site-post-title":"","ast-breadcrumbs-content":"","ast-featured-img":"","footer-sml-layout":"","theme-transparent-header-meta":"default","adv-header-id-meta":"","stick-header-meta":"","header-above-stick-meta":"","header-main-stick-meta":"","header-below-stick-meta":"","astra-migrate-meta-layouts":"set","ast-page-background-enabled":"default","ast-page-background-meta":{"desktop":{"background-color":"var(--ast-global-color-4)","background-image":"","background-repeat":"repeat","background-position":"center center","background-size":"auto","background-attachment":"scroll","background-type":"","background-media":"","overlay-type":"","overlay-color":"","overlay-opacity":"","overlay-gradient":""},"tablet":{"background-color":"","background-image":"","background-repeat":"repeat","background-position":"center center","background-size":"auto","background-attachment":"scroll","background-type":"","background-media":"","overlay-type":"","overlay-color":"","overlay-opacity":"","overlay-gradient":""},"mobile":{"background-color":"","background-image":"","background-repeat":"repeat","background-position":"center center","background-size":"auto","background-attachment":"scroll","background-type":"","background-media":"","overlay-type":"","overlay-color":"","overlay-opacity":"","overlay-gradient":""}},"ast-content-background-meta":{"desktop":{"background-color":"var(--ast-global-color-5)","background-image":"","background-repeat":"repeat","background-position":"center center","background-size":"auto","background-attachment":"scroll","background-type":"","background-media":"","overlay-type":"","overlay-color":"","overlay-opacity":"","overlay-gradient":""},"tablet":{"background-color":"var(--ast-global-color-5)","background-image":"","background-repeat":"repeat","background-position":"center center","background-size":"auto","background-attachment":"scroll","background-type":"","background-media":"","overlay-type":"","overlay-color":"","overlay-opacity":"","overlay-gradient":""},"mobile":{"background-color":"var(--ast-global-color-5)","background-image":"","background-repeat":"repeat","background-position":"center center","background-size":"auto","background-attachment":"scroll","background-type":"","background-media":"","overlay-type":"","overlay-color":"","overlay-opacity":"","overlay-gradient":""}},"_joinchat":[]},"product_brand":[],"product_cat":[15,25,123,26,28,27,60,30],"product_tag":[131,66,125,126,134,132,133],"class_list":{"0":"post-2344","1":"product","2":"type-product","3":"status-publish","4":"has-post-thumbnail","6":"product_cat-new-vape-this-week","7":"product_cat-germany-best-selling-vape","8":"product_cat-italy-wholesale-vape","9":"product_cat-netherlands-hot-sale-vape","10":"product_cat-poland-hot-sale-vape","11":"product_cat-fance-hot-sale-vape","12":"product_cat-bang-vapes","13":"product_cat-minimum-order-quantity-50pcs","14":"product_tag-big-puff-vape","15":"product_tag-disposable-vape","16":"product_tag-disposable-vape-italy","17":"product_tag-e-cigarettes","18":"product_tag-mrvi-puffing-15k-price","19":"product_tag-rechargeable-vape","20":"product_tag-vape-bar","21":"desktop-align-left","22":"tablet-align-left","23":"mobile-align-left","25":"first","26":"instock","27":"sale","28":"shipping-taxable","29":"purchasable","30":"product-type-simple"},"uagb_featured_image_src":{"full":["https:\/\/rmvapesale.com\/wp-content\/uploads\/2024\/10\/MRVI-PUFFING-15000.jpg",808,808,false],"thumbnail":["https:\/\/rmvapesale.com\/wp-content\/uploads\/2024\/10\/MRVI-PUFFING-15000-150x150.jpg",150,150,true],"medium":["https:\/\/rmvapesale.com\/wp-content\/uploads\/2024\/10\/MRVI-PUFFING-15000-300x300.jpg",300,300,true],"medium_large":["https:\/\/rmvapesale.com\/wp-content\/uploads\/2024\/10\/MRVI-PUFFING-15000-768x768.jpg",768,768,true],"large":["https:\/\/rmvapesale.com\/wp-content\/uploads\/2024\/10\/MRVI-PUFFING-15000.jpg",808,808,false],"1536x1536":["https:\/\/rmvapesale.com\/wp-content\/uploads\/2024\/10\/MRVI-PUFFING-15000.jpg",808,808,false],"2048x2048":["https:\/\/rmvapesale.com\/wp-content\/uploads\/2024\/10\/MRVI-PUFFING-15000.jpg",808,808,false],"trp-custom-language-flag":["https:\/\/rmvapesale.com\/wp-content\/uploads\/2024\/10\/MRVI-PUFFING-15000.jpg",12,12,false],"woocommerce_thumbnail":["https:\/\/rmvapesale.com\/wp-content\/uploads\/2024\/10\/MRVI-PUFFING-15000-300x300.jpg",300,300,true],"woocommerce_single":["https:\/\/rmvapesale.com\/wp-content\/uploads\/2024\/10\/MRVI-PUFFING-15000-600x600.jpg",600,600,true],"woocommerce_gallery_thumbnail":["https:\/\/rmvapesale.com\/wp-content\/uploads\/2024\/10\/MRVI-PUFFING-15000-100x100.jpg",100,100,true],"wcpr-photo-reviews":["https:\/\/rmvapesale.com\/wp-content\/uploads\/2024\/10\/MRVI-PUFFING-15000.jpg",500,500,false]},"uagb_author_info":{"display_name":"AMY","author_link":"https:\/\/rmvapesale.com\/sk\/author\/"},"uagb_comment_info":0,"uagb_excerpt":"Factory Original MRVI PUFFING 15000 PUFFS Vape Box MRVI 15000 Puffs 2% 5% 25mL E-liquid Rechargeable MRVI PUFFING 1500015K Puffs Wholesale Price vape WhatsApp: +86 17776015835 &nbsp;","_links":{"self":[{"href":"https:\/\/rmvapesale.com\/sk\/wp-json\/wp\/v2\/product\/2344","targetHints":{"allow":["GET"]}}],"collection":[{"href":"https:\/\/rmvapesale.com\/sk\/wp-json\/wp\/v2\/product"}],"about":[{"href":"https:\/\/rmvapesale.com\/sk\/wp-json\/wp\/v2\/types\/product"}],"replies":[{"embeddable":true,"href":"https:\/\/rmvapesale.com\/sk\/wp-json\/wp\/v2\/comments?post=2344"}],"wp:featuredmedia":[{"embeddable":true,"href":"https:\/\/rmvapesale.com\/sk\/wp-json\/wp\/v2\/media\/2349"}],"wp:attachment":[{"href":"https:\/\/rmvapesale.com\/sk\/wp-json\/wp\/v2\/media?parent=2344"}],"wp:term":[{"taxonomy":"product_brand","embeddable":true,"href":"https:\/\/rmvapesale.com\/sk\/wp-json\/wp\/v2\/product_brand?post=2344"},{"taxonomy":"product_cat","embeddable":true,"href":"https:\/\/rmvapesale.com\/sk\/wp-json\/wp\/v2\/product_cat?post=2344"},{"taxonomy":"product_tag","embeddable":true,"href":"https:\/\/rmvapesale.com\/sk\/wp-json\/wp\/v2\/product_tag?post=2344"}],"curies":[{"name":"wp","href":"https:\/\/api.w.org\/{rel}","templated":true}]}}