{"id":2365,"date":"2024-10-12T07:48:28","date_gmt":"2024-10-12T07:48:28","guid":{"rendered":"https:\/\/rmvapesale.com\/?post_type=product&#038;p=2365"},"modified":"2024-10-12T08:13:12","modified_gmt":"2024-10-12T08:13:12","slug":"fihp-shisha-hookah-12000-puffs-monster-low-nicotine-vape-pen","status":"publish","type":"product","link":"https:\/\/rmvapesale.com\/sk\/product\/fihp-shisha-hookah-12000-puffs-monster-low-nicotine-vape-pen\/","title":{"rendered":"FIHP Shisha Vodn\u00e1 fajka 12000 \u0164ahov Monster Vape Pen s N\u00edzkym Obsahom Nikot\u00ednu"},"content":{"rendered":"<div class=\"B2VR9 CJHX3e\">\n<div class=\"wyccme\">\n<h1 class=\"LC20lb MBeuO DKV0Md\">FIHP Shisha Hookah 12000 \u0164ahov Monster N\u00edzky Nikot\u00edn Jednorazov\u00e9 Vape Pero<\/h1>\n<div class=\"flex-shrink-0 flex flex-col relative items-end\">\n<div class=\"pt-0\">\n<div class=\"gizmo-bot-avatar flex h-8 w-8 items-center justify-center overflow-hidden rounded-full\">\n<div class=\"relative p-1 rounded-sm flex items-center justify-center bg-token-main-surface-primary text-token-text-primary h-8 w-8\">\n<p>FIHP Shisha Hookah 12000 \u0164ahov Monster N\u00edzky Nikot\u00edn Jednorazov\u00e9 Vape Pero je navrhnut\u00e9 pre vaperov, ktor\u00ed h\u013eadaj\u00fa pred\u013a\u017een\u00fd v\u00fdkon a bohat\u00fa chu\u0165. S neuverite\u013enou kapacitou 12 000 \u0165ahov a ve\u013ekorysou 22 ml n\u00e1dr\u017ekou na e-liquid zais\u0165uje dlhotrvaj\u00faci p\u00f4\u017eitok. Poh\u00e1\u0148an\u00e9 650mAh nab\u00edjate\u013enou bat\u00e9riou a 0,6\u03a9 mesh cievkou, toto zariadenie poskytuje hladk\u00fa, hust\u00fa paru pri ka\u017edom \u0165ahu. Elegantn\u00fd LED displej v\u00e1s informuje o v\u00fddr\u017ei bat\u00e9rie a e-liquide, zatia\u013e \u010do nab\u00edjac\u00ed port typu C umo\u017e\u0148uje r\u00fdchle a efekt\u00edvne nab\u00edjanie.<\/p>\n<p>Ide\u00e1lne pre ve\u013ekoobchodn\u00fdch kupuj\u00facich, toto hor\u00face predajn\u00e9 vape pero sa dod\u00e1va za konkurencieschopn\u00fa cenu pri hromadnom n\u00e1kupe, \u010do maloobchodn\u00edkom poskytuje vysoko kvalitn\u00fa a dlhotrvaj\u00facu mo\u017enos\u0165 vapovania.<\/p>\n<p>Za\u017eite pr\u00e9miov\u00e9 vapovanie s FIHP Shisha Hookah 12000 \u2013 top vo\u013eba pre vaperov a maloobchodn\u00edkov.<\/p>\n<p>&nbsp;<\/p>\n<\/div>\n<\/div>\n<\/div>\n<\/div>\n<\/div>\n<\/div>\n<p><strong>Kontaktujte Amy a z\u00edskajte spr\u00e1vnu odpove\u010f a \u010fal\u0161ie vide\u00e1 o produktoch!<\/strong><\/p>\n<p><img loading=\"lazy\" decoding=\"async\" class=\"size-full wp-image-1978\" src=\"https:\/\/rmvapesale.com\/wp-content\/uploads\/2024\/09\/Disposable-Vape-Wholesale.jpg\" alt=\"Jednorazov\u00fd vape ve\u013ekoobchod\" width=\"229\" height=\"300\" \/><\/p>\n<h3><a href=\"https:\/\/wa.me\/8617776015835\" target=\"_blank\" rel=\"noopener\"><span style=\"color: #ff0000\"><strong>WhatsApp: +86 17776015835<\/strong><\/span><\/a><\/h3>\n<p>&nbsp;<\/p>\n<h2><\/h2>\n<h2><strong>FIHP Shisha Hookah 12000 Jednorazov\u00e9 Vape K\u013e\u00fa\u010dov\u00e9 Vlastnosti<\/strong><\/h2>\n<p>&nbsp;<\/p>\n<ul>\n<li><strong>Vysok\u00fd po\u010det \u0161lukov<\/strong>: U\u017eite si a\u017e <strong>T\u00e1to vape pon\u00faka neuverite\u013en\u00fdch<\/strong> pre dlhotrvaj\u00face a nepretr\u017eit\u00e9 pote\u0161enie z vapovania.<\/li>\n<li><strong>Ve\u013ekorys\u00e1 Kapacita E-Liquidu<\/strong>: Obsahuje <strong>22 ml n\u00e1dr\u017eku na e-liquid<\/strong>, toto zariadenie umo\u017e\u0148uje dlh\u0161ie pou\u017e\u00edvanie s men\u0161\u00edm po\u010dtom doplnen\u00ed.<\/li>\n<li><strong>Spo\u013eahliv\u00e1 Bat\u00e9ria<\/strong>: Poh\u00e1\u0148an\u00e9 <strong>650mAh nab\u00edjate\u013enou bat\u00e9riou<\/strong>, zais\u0165uje konzistentn\u00fd a spo\u013eahliv\u00fd v\u00fdkon.<\/li>\n<li><strong>Sila Nikot\u00ednu<\/strong>: Pon\u00faka <strong>0,6% nikot\u00edn (6mg)<\/strong>, ktor\u00fd poskytuje uspokojiv\u00fd a hladk\u00fd z\u00e1\u017eitok z vapovania.<\/li>\n<li><strong>Technol\u00f3gia Mesh Coil<\/strong>: Vybaven\u00fd s <strong>0,6\u03a9 mesh cievkou<\/strong> pre zv\u00fdraznen\u00fa chu\u0165 a produkciu pary.<\/li>\n<li><strong>LED displej<\/strong>: Majte preh\u013ead v\u010faka <strong>LED displeji<\/strong> ktor\u00fd poskytuje aktualiz\u00e1cie o v\u00fddr\u017ei bat\u00e9rie a pou\u017e\u00edvan\u00ed v re\u00e1lnom \u010dase.<\/li>\n<\/ul>\n<h2><\/h2>\n<h2><strong>\u0160pi\u010dkov\u00e1 pr\u00edchu\u0165 pre FIHP Shisha 12000 \u0164ahov Vape Bar<\/strong><\/h2>\n<p>FIHP Shisha Hookah 12000 \u0164ahov<strong>\u00a0Jednorazov\u00e1 e-cigareta<\/strong> k dispoz\u00edcii v 10 l\u00e1kav\u00fdch pr\u00edchutiach, od ovocn\u00fdch po chladiv\u00e9, uspokoj\u00ed v\u0161etky chu\u0165ov\u00e9 preferencie a zabezpe\u010d\u00ed uspokojiv\u00fd z\u00e1\u017eitok pre ka\u017ed\u00e9ho pou\u017e\u00edvate\u013ea.<\/p>\n<p>01. Mel\u00f3nov\u00fd \u013ead <span style=\"color: #ff0000\"><strong>&gt;&gt;&gt;&gt; Hor\u00face!<\/strong><\/span><br \/>\n02. \u013dad z \u010dierneho draka<br \/>\n03. \u010cu\u010doriedkov\u00e1 malina<br \/>\n04. Jahodov\u00e9 kiwi <span style=\"color: #ff0000\"><strong>&gt;&gt;&gt;&gt; Hor\u00face!<\/strong><\/span><br \/>\n05. Zmie\u0161an\u00e9 bobule<br \/>\n06. Jahodov\u00fd mel\u00f3n<br \/>\n07. Pina Colada<br \/>\n08. Brosky\u0148ov\u00e9 mango anan\u00e1s<br \/>\n09. Kiwi mu\u010denka guava<br \/>\n10. Jahoda Malina \u010cere\u0161\u0148a<span style=\"color: #ff0000\"><strong>&gt;&gt;&gt;&gt; Najlep\u0161ie!<\/strong><\/span><\/p>\n<figure id=\"attachment_2360\" aria-describedby=\"caption-attachment-2360\" style=\"width: 808px\" class=\"wp-caption alignnone\"><img loading=\"lazy\" decoding=\"async\" class=\"wp-image-2360 size-full\" src=\"https:\/\/rmvapesale.com\/wp-content\/uploads\/2024\/10\/Fihp-Shisha-Hookah-12000-Puffs-Flavour.png\" alt=\"Fihp Shisha Hookah 12000 \u0164ahov Pr\u00edchu\u0165\" width=\"808\" height=\"808\" srcset=\"https:\/\/rmvapesale.com\/wp-content\/uploads\/2024\/10\/Fihp-Shisha-Hookah-12000-Puffs-Flavour.png 808w, https:\/\/rmvapesale.com\/wp-content\/uploads\/2024\/10\/Fihp-Shisha-Hookah-12000-Puffs-Flavour-300x300.png 300w, https:\/\/rmvapesale.com\/wp-content\/uploads\/2024\/10\/Fihp-Shisha-Hookah-12000-Puffs-Flavour-150x150.png 150w, https:\/\/rmvapesale.com\/wp-content\/uploads\/2024\/10\/Fihp-Shisha-Hookah-12000-Puffs-Flavour-768x768.png 768w, https:\/\/rmvapesale.com\/wp-content\/uploads\/2024\/10\/Fihp-Shisha-Hookah-12000-Puffs-Flavour-600x600.png 600w, https:\/\/rmvapesale.com\/wp-content\/uploads\/2024\/10\/Fihp-Shisha-Hookah-12000-Puffs-Flavour-100x100.png 100w\" sizes=\"auto, (max-width: 808px) 100vw, 808px\" \/><figcaption id=\"caption-attachment-2360\" class=\"wp-caption-text\">Fihp Shisha Hookah 12000 \u0164ahov Pr\u00edchu\u0165<\/figcaption><\/figure>\n<h3><\/h3>\n<h3><strong>Pre\u010do si vybra\u0165 Rmvapesale pre FIHP Shisha Hookah 12000 <\/strong><strong>Vape?<\/strong><\/h3>\n<div class=\"flex-shrink-0 flex flex-col relative items-end\">\n<div>\n<div class=\"pt-0\">\n<div class=\"gizmo-bot-avatar flex h-8 w-8 items-center justify-center overflow-hidden rounded-full\">\n<div class=\"relative p-1 rounded-sm flex items-center justify-center bg-token-main-surface-primary text-token-text-primary h-8 w-8\">\n<p>&nbsp;<\/p>\n<p>Ke\u010f si vyberiete Rmvapesale pre va\u0161e ve\u013ekoobchodn\u00e9 potreby s jednorazov\u00fdmi vapmi, z\u00edskate:<\/p>\n<ul>\n<li><strong>Konkuren\u010dn\u00e1 cena<\/strong>: Z\u00edskajte pr\u00edstup k atrakt\u00edvnym ve\u013ekoobchodn\u00fdm cen\u00e1m, ktor\u00e9 zv\u00fd\u0161ia mar\u017ee v\u00e1\u0161ho podnikania.<\/li>\n<li><strong>Vysok\u00e1 kvalita<\/strong>: Na\u0161e vapy s\u00fa vyr\u00e1ban\u00e9 pod\u013ea najvy\u0161\u0161\u00edch \u0161tandardov a <span style=\"color: #ff0000\"><strong>zaru\u010dene 100% origin\u00e1lne a autentick\u00e9, alebo v\u00e1m poskytneme 10-n\u00e1sobn\u00fa kompenz\u00e1ciu za falo\u0161n\u00fd tovar!<\/strong><\/span><\/li>\n<li><strong>Vynikaj\u00faci z\u00e1kazn\u00edcky servis<\/strong>: N\u00e1\u0161 oddan\u00fd t\u00edm je v\u017edy pripraven\u00fd v\u00e1m pom\u00f4c\u0165, v\u010faka \u010domu bude v\u00e1\u0161 n\u00e1kupn\u00fd proces plynul\u00fd a bezprobl\u00e9mov\u00fd.<\/li>\n<li><strong>R\u00fdchle<\/strong>: O\u010dak\u00e1vajte r\u00fdchle a spo\u013eahliv\u00e9 doru\u010denie, ktor\u00e9 zaist\u00ed, \u017ee va\u0161e objedn\u00e1vky dorazia v\u017edy na\u010das.<\/li>\n<\/ul>\n<h3><\/h3>\n<h3><b>\u010cast\u00e9 ot\u00e1zky<\/b><\/h3>\n<p>&nbsp;<\/p>\n<\/div>\n<\/div>\n<\/div>\n<\/div>\n<\/div>\n<div class=\"group\/conversation-turn relative flex w-full min-w-0 flex-col agent-turn\">\n<div class=\"flex-col gap-1 md:gap-3\">\n<div class=\"flex max-w-full flex-col flex-grow\">\n<div class=\"min-h-8 text-message flex w-full flex-col items-end gap-2 whitespace-normal break-words [.text-message+&amp;]:mt-5\" dir=\"auto\" data-message-author-role=\"assistant\" data-message-id=\"f226d3fc-81f3-46d5-8c46-31787fff0357\">\n<div class=\"flex w-full flex-col gap-1 empty:hidden first:pt-[3px]\">\n<div class=\"markdown prose w-full break-words dark:prose-invert light\">\n<p><strong>1. Ko\u013eko \u0165ahov pon\u00faka jednorazov\u00e1 vape FIHP Shisha Hookah 12k Puffs?<\/strong><br \/>\nJednorazov\u00e1 vape FIHP Shisha Hookah 12k Puffs s n\u00edzkym obsahom nikot\u00ednu poskytuje a\u017e 12 000 \u0165ahov, \u010d\u00edm zais\u0165uje dlh\u0161ie uspokojenie z vapovania bez \u010dastej v\u00fdmeny.<\/p>\n<p><strong>2. Ak\u00e9 sily nikot\u00ednu s\u00fa k dispoz\u00edcii v jednorazovej vape FIHP Shisha 12000 Puffs?<\/strong><br \/>\nJednorazov\u00e9 vape pero FIHP Shisha 12000 Puffs s n\u00edzkym obsahom nikot\u00ednu pon\u00faka n\u00edzku silu nikot\u00ednu 0,6% (6mg), \u010do vyhovuje pou\u017e\u00edvate\u013eom, ktor\u00ed uprednost\u0148uj\u00fa jemnej\u0161\u00ed a menej intenz\u00edvny nikot\u00ednov\u00fd z\u00e1sah. Pon\u00fakame aj mo\u017enosti bez nikot\u00ednu.<\/p>\n<p><strong>3. Ak\u00e9 pr\u00edchute s\u00fa k dispoz\u00edcii pre jednorazov\u00fa vape FIHP Shisha 12000 Puffs Free Nicotine?<\/strong><br \/>\nPon\u00fakame 10 lahodn\u00fdch pr\u00edchut\u00ed, vr\u00e1tane Watermelon Ice, Black Dragon Ice, Strawberry Kiwi a Pina Colada, \u010d\u00edm zais\u0165ujeme rozmanitos\u0165 chut\u00ed, ktor\u00e9 vyhovuj\u00fa v\u0161etk\u00fdm preferenci\u00e1m.<\/p>\n<p><strong>4. M\u00e1 jednorazov\u00e1 vape FIHP Shisha Hookah Monster s n\u00edzkym obsahom nikot\u00ednu nab\u00edjate\u013en\u00fa bat\u00e9riu?<\/strong><br \/>\n\u00c1no, jednorazov\u00e9 vape pero FIHP Shisha Hookah Monster s n\u00edzkym obsahom nikot\u00ednu sa dod\u00e1va s nab\u00edjate\u013enou bat\u00e9riou s kapacitou 650 mAh, ktor\u00e1 pon\u00faka spo\u013eahliv\u00fd v\u00fdkon pre dlhodob\u00e9 pou\u017e\u00edvanie.<\/p>\n<p><strong>5. Ak\u00fd typ cievky pou\u017e\u00edva jednorazov\u00e1 vape FIHP Shisha Hookah?<\/strong><br \/>\nToto vape pero je vybaven\u00e9 0,6\u03a9 mesh cievkou, ktor\u00e1 je navrhnut\u00e1 na zv\u00fdraznenie chuti a produkcie pary, \u010d\u00edm zais\u0165uje hladk\u00fd a uspokojiv\u00fd z\u00e1\u017eitok z vapovania, \u010di u\u017e si vyberiete Blueberry Raspberry alebo Peachy Mango Pineapple.<\/p>\n<p><strong>6. Ako m\u00f4\u017eem sledova\u0165 bat\u00e9riu a pou\u017e\u00edvanie na jednorazovej vape FIHP Shisha Hookah 12000 Puffs?<\/strong><br \/>\nJednorazov\u00e1 vape FIHP Shisha Hookah 12000 Puffs Free Nicotine je vybaven\u00e1 LED displejom, ktor\u00fd zobrazuje aktu\u00e1lne inform\u00e1cie o v\u00fddr\u017ei bat\u00e9rie a pou\u017e\u00edvan\u00ed, v\u010faka \u010domu m\u00f4\u017eete \u013eahko sledova\u0165 svoje zariadenie.<\/p>\n<p><strong>7. Je FIHP Shisha Hookah 12000 Puffs k dispoz\u00edcii pre ve\u013ekoobchod?<\/strong><br \/>\n\u00c1no, jednorazov\u00e9 vape pero FIHP Shisha Hookah Monster s n\u00edzkym obsahom nikot\u00ednu je k dispoz\u00edcii pre hromadn\u00e9 n\u00e1kupy, v\u010faka \u010domu je ide\u00e1lne pre maloobchodn\u00edkov, ktor\u00ed chc\u00fa ma\u0165 na sklade kvalitn\u00fd a dlhotrvaj\u00faci produkt na vapovanie.<\/p>\n<\/div>\n<\/div>\n<\/div>\n<\/div>\n<\/div>\n<\/div>\n<p>&nbsp;<\/p>\n<h3><\/h3>\n<h3>O doru\u010den\u00ed<\/h3>\n<div class=\"flex-shrink-0 flex flex-col relative items-end\">\n<div>\n<div class=\"pt-0\">\n<div class=\"gizmo-bot-avatar flex h-8 w-8 items-center justify-center overflow-hidden rounded-full\">\n<div><\/div>\n<div class=\"relative p-1 rounded-sm flex items-center justify-center bg-token-main-surface-primary text-token-text-primary h-8 w-8\"><strong>1. Ak\u00e9 sp\u00f4soby doru\u010denia pou\u017e\u00edvate?<\/strong><\/div>\n<\/div>\n<\/div>\n<\/div>\n<\/div>\n<div class=\"group\/conversation-turn relative flex w-full min-w-0 flex-col agent-turn\">\n<div class=\"flex-col gap-1 md:gap-3\">\n<div class=\"flex max-w-full flex-col flex-grow\">\n<div class=\"min-h-[20px] text-message flex w-full flex-col items-end gap-2 whitespace-normal break-words [.text-message+&amp;]:mt-5 overflow-x-auto\" dir=\"auto\" data-message-author-role=\"assistant\" data-message-id=\"22f8283b-3233-46ff-89a5-c7a41b33abda\">\n<div class=\"flex w-full flex-col gap-1 empty:hidden first:pt-[3px]\">\n<div class=\"markdown prose w-full break-words dark:prose-invert light\">\n<p>Spolupracujeme so spolo\u010dnos\u0165ami UPS, DHL, FedEx, DPD a \u010fal\u0161\u00edmi popredn\u00fdmi dopravcami. Vyberieme najlep\u0161\u00ed sp\u00f4sob doru\u010denia na z\u00e1klade va\u0161ej adresy, aby sme zaistili, \u017ee svoje produkty dostanete \u010do najr\u00fdchlej\u0161ie.<\/p>\n<\/div>\n<p><strong>2. Ako dlho trv\u00e1 doru\u010denie?<\/strong><\/p>\n<p>Bal\u00edky doru\u010dovan\u00e9 na Slovensko zvy\u010dajne dorazia do 10 pracovn\u00fdch dn\u00ed. Doru\u010denie do eur\u00f3pskych kraj\u00edn zvy\u010dajne trv\u00e1 asi 12-15 pracovn\u00fdch dn\u00ed. Budeme v\u00e1s informova\u0165 o stave doru\u010denia v re\u00e1lnom \u010dase.<\/p>\n<\/div>\n<\/div>\n<\/div>\n<\/div>\n<\/div>\n<p>&nbsp;<\/p>\n<p>\u010eal\u0161ie hor\u00face vapy, ktor\u00e9 by sa v\u00e1m mohli p\u00e1\u010di\u0165:<\/p>\n<p><a href=\"https:\/\/rmvapesale.com\/sk\/product\/bang-beach-20000-puffs-vape-smart-screen-disposable-e-cig\/\"><strong>bang beach 20000 \u0164ahov\u00a0 \u00a0<span style=\"color: #ff0000\">&gt;&gt;&gt;&gt; \u00eds\u0165!<\/span><\/strong><\/a><\/p>\n<p><strong><a href=\"https:\/\/rmvapesale.com\/sk\/product\/uwin-crystal-10000-puff-disposable-vape-wholesale-price\/\">UWIN Crystal 10000 \u0164ahov <span style=\"color: #ff0000\">&gt;&gt;&gt;&gt; \u00eds\u0165!<\/span><\/a>\u00a0<\/strong><\/p>\n<p><a href=\"https:\/\/rmvapesale.com\/sk\/product\/bang-box-30000-puff-smart-screen-disposable-vape-wholesale\/\"><strong>Bang Box 30000 potiahnut\u00ed inteligentn\u00e1 obrazovka <span style=\"color: #ff0000\">&gt;&gt;&gt;&gt; \u00eds\u0165!<\/span><\/strong><\/a><\/p>\n<p>&nbsp;<\/p>\n<p>&nbsp;<\/p>\n<p>N\u00e1jdite \u010fal\u0161ie vape produkty, ktor\u00e9 by sa v\u00e1m mohli p\u00e1\u010di\u0165:<strong><em><a href=\"https:\/\/rmvapesale.com\/sk\/shop-2\/\">nakupova\u0165 teraz &gt;&gt;&gt;<\/a><\/em><\/strong><\/p>","protected":false},"excerpt":{"rendered":"<p>12000 \u0164ahov Shisha Hookah Hor\u00faci Predaj Vape Pero Cena<br \/>\nFIHP Shisha Hookah 12000 \u0164ahov Monster N\u00edzky Nikot\u00edn<br \/>\nFIHP Shisha Hookah 12000 \u0164ahov Jednorazov\u00e1 Vape Hromadn\u00fd N\u00e1kup<\/p>\n<p><img loading=\"lazy\" decoding=\"async\" class=\"size-full wp-image-1978\" src=\"https:\/\/rmvapesale.com\/wp-content\/uploads\/2024\/09\/Disposable-Vape-Wholesale.jpg\" alt=\"Jednorazov\u00fd vape ve\u013ekoobchod\" width=\"229\" height=\"300\" \/><\/p>\n<h3><a href=\"https:\/\/wa.me\/8617776015835\"><span style=\"color: #ff0000\"><strong>WhatsApp: +86 17776015835<\/strong><\/span><\/a><\/h3>\n<p>&nbsp;<\/p>","protected":false},"featured_media":2362,"comment_status":"open","ping_status":"closed","template":"","meta":{"_uag_custom_page_level_css":"","_lmt_disableupdate":"","_lmt_disable":"","site-sidebar-layout":"default","site-content-layout":"content-boxed-container","ast-site-content-layout":"normal-width-container","site-content-style":"boxed","site-sidebar-style":"unboxed","ast-global-header-display":"","ast-banner-title-visibility":"","ast-main-header-display":"","ast-hfb-above-header-display":"","ast-hfb-below-header-display":"","ast-hfb-mobile-header-display":"","site-post-title":"","ast-breadcrumbs-content":"","ast-featured-img":"","footer-sml-layout":"","theme-transparent-header-meta":"default","adv-header-id-meta":"","stick-header-meta":"","header-above-stick-meta":"","header-main-stick-meta":"","header-below-stick-meta":"","astra-migrate-meta-layouts":"set","ast-page-background-enabled":"default","ast-page-background-meta":{"desktop":{"background-color":"var(--ast-global-color-4)","background-image":"","background-repeat":"repeat","background-position":"center center","background-size":"auto","background-attachment":"scroll","background-type":"","background-media":"","overlay-type":"","overlay-color":"","overlay-opacity":"","overlay-gradient":""},"tablet":{"background-color":"","background-image":"","background-repeat":"repeat","background-position":"center center","background-size":"auto","background-attachment":"scroll","background-type":"","background-media":"","overlay-type":"","overlay-color":"","overlay-opacity":"","overlay-gradient":""},"mobile":{"background-color":"","background-image":"","background-repeat":"repeat","background-position":"center center","background-size":"auto","background-attachment":"scroll","background-type":"","background-media":"","overlay-type":"","overlay-color":"","overlay-opacity":"","overlay-gradient":""}},"ast-content-background-meta":{"desktop":{"background-color":"var(--ast-global-color-5)","background-image":"","background-repeat":"repeat","background-position":"center center","background-size":"auto","background-attachment":"scroll","background-type":"","background-media":"","overlay-type":"","overlay-color":"","overlay-opacity":"","overlay-gradient":""},"tablet":{"background-color":"var(--ast-global-color-5)","background-image":"","background-repeat":"repeat","background-position":"center center","background-size":"auto","background-attachment":"scroll","background-type":"","background-media":"","overlay-type":"","overlay-color":"","overlay-opacity":"","overlay-gradient":""},"mobile":{"background-color":"var(--ast-global-color-5)","background-image":"","background-repeat":"repeat","background-position":"center center","background-size":"auto","background-attachment":"scroll","background-type":"","background-media":"","overlay-type":"","overlay-color":"","overlay-opacity":"","overlay-gradient":""}},"_joinchat":[]},"product_brand":[],"product_cat":[15,25,123,26,28,135,27,60,138,137,136,30],"product_tag":[66,125,126,111,105,120],"class_list":{"0":"post-2365","1":"product","2":"type-product","3":"status-publish","4":"has-post-thumbnail","6":"product_cat-new-vape-this-week","7":"product_cat-germany-best-selling-vape","8":"product_cat-italy-wholesale-vape","9":"product_cat-netherlands-hot-sale-vape","10":"product_cat-poland-hot-sale-vape","11":"product_cat-spain-best-hot-sale-vape","12":"product_cat-fance-hot-sale-vape","13":"product_cat-bang-vapes","14":"product_cat-fihp-disposable-vapes","15":"product_cat-rechargeable-vapes","16":"product_cat-smart-screen-vapes","17":"product_cat-minimum-order-quantity-50pcs","18":"product_tag-disposable-vape","19":"product_tag-disposable-vape-italy","20":"product_tag-e-cigarettes","21":"product_tag-low-nicotine-disposable-vape","22":"product_tag-nicotine-free-disposable-vape","23":"product_tag-vape-wholesale","24":"desktop-align-left","25":"tablet-align-left","26":"mobile-align-left","28":"first","29":"instock","30":"sale","31":"shipping-taxable","32":"purchasable","33":"product-type-simple"},"uagb_featured_image_src":{"full":["https:\/\/rmvapesale.com\/wp-content\/uploads\/2024\/10\/Fihp-Shisha-Hookah-12000-Puffs-Wholesale.jpg",808,808,false],"thumbnail":["https:\/\/rmvapesale.com\/wp-content\/uploads\/2024\/10\/Fihp-Shisha-Hookah-12000-Puffs-Wholesale-150x150.jpg",150,150,true],"medium":["https:\/\/rmvapesale.com\/wp-content\/uploads\/2024\/10\/Fihp-Shisha-Hookah-12000-Puffs-Wholesale-300x300.jpg",300,300,true],"medium_large":["https:\/\/rmvapesale.com\/wp-content\/uploads\/2024\/10\/Fihp-Shisha-Hookah-12000-Puffs-Wholesale-768x768.jpg",768,768,true],"large":["https:\/\/rmvapesale.com\/wp-content\/uploads\/2024\/10\/Fihp-Shisha-Hookah-12000-Puffs-Wholesale.jpg",808,808,false],"1536x1536":["https:\/\/rmvapesale.com\/wp-content\/uploads\/2024\/10\/Fihp-Shisha-Hookah-12000-Puffs-Wholesale.jpg",808,808,false],"2048x2048":["https:\/\/rmvapesale.com\/wp-content\/uploads\/2024\/10\/Fihp-Shisha-Hookah-12000-Puffs-Wholesale.jpg",808,808,false],"trp-custom-language-flag":["https:\/\/rmvapesale.com\/wp-content\/uploads\/2024\/10\/Fihp-Shisha-Hookah-12000-Puffs-Wholesale.jpg",12,12,false],"woocommerce_thumbnail":["https:\/\/rmvapesale.com\/wp-content\/uploads\/2024\/10\/Fihp-Shisha-Hookah-12000-Puffs-Wholesale-300x300.jpg",300,300,true],"woocommerce_single":["https:\/\/rmvapesale.com\/wp-content\/uploads\/2024\/10\/Fihp-Shisha-Hookah-12000-Puffs-Wholesale-600x600.jpg",600,600,true],"woocommerce_gallery_thumbnail":["https:\/\/rmvapesale.com\/wp-content\/uploads\/2024\/10\/Fihp-Shisha-Hookah-12000-Puffs-Wholesale-100x100.jpg",100,100,true],"wcpr-photo-reviews":["https:\/\/rmvapesale.com\/wp-content\/uploads\/2024\/10\/Fihp-Shisha-Hookah-12000-Puffs-Wholesale.jpg",500,500,false]},"uagb_author_info":{"display_name":"AMY","author_link":"https:\/\/rmvapesale.com\/sk\/author\/"},"uagb_comment_info":0,"uagb_excerpt":"12000 Puffs Shisha Hookah Hot Sale Vape Pen Price FIHP Shisha Hookah 12000 Puffs Monster Low Nicotine FIHP Shisha Hookah 12000 Puff Disposable Vape Bulk Buy WhatsApp: +86 17776015835 &nbsp;","_links":{"self":[{"href":"https:\/\/rmvapesale.com\/sk\/wp-json\/wp\/v2\/product\/2365","targetHints":{"allow":["GET"]}}],"collection":[{"href":"https:\/\/rmvapesale.com\/sk\/wp-json\/wp\/v2\/product"}],"about":[{"href":"https:\/\/rmvapesale.com\/sk\/wp-json\/wp\/v2\/types\/product"}],"replies":[{"embeddable":true,"href":"https:\/\/rmvapesale.com\/sk\/wp-json\/wp\/v2\/comments?post=2365"}],"wp:featuredmedia":[{"embeddable":true,"href":"https:\/\/rmvapesale.com\/sk\/wp-json\/wp\/v2\/media\/2362"}],"wp:attachment":[{"href":"https:\/\/rmvapesale.com\/sk\/wp-json\/wp\/v2\/media?parent=2365"}],"wp:term":[{"taxonomy":"product_brand","embeddable":true,"href":"https:\/\/rmvapesale.com\/sk\/wp-json\/wp\/v2\/product_brand?post=2365"},{"taxonomy":"product_cat","embeddable":true,"href":"https:\/\/rmvapesale.com\/sk\/wp-json\/wp\/v2\/product_cat?post=2365"},{"taxonomy":"product_tag","embeddable":true,"href":"https:\/\/rmvapesale.com\/sk\/wp-json\/wp\/v2\/product_tag?post=2365"}],"curies":[{"name":"wp","href":"https:\/\/api.w.org\/{rel}","templated":true}]}}