{"id":2372,"date":"2024-10-12T09:01:19","date_gmt":"2024-10-12T09:01:19","guid":{"rendered":"https:\/\/rmvapesale.com\/?post_type=product&#038;p=2372"},"modified":"2024-10-12T09:20:35","modified_gmt":"2024-10-12T09:20:35","slug":"fihp-digital-box-12000-puffs-hot-sale-vape-bulk-buy","status":"publish","type":"product","link":"https:\/\/rmvapesale.com\/sk\/product\/fihp-digital-box-12000-puffs-hot-sale-vape-bulk-buy\/","title":{"rendered":"FIHP Digital Box 12000 Puffs Hor\u00faci v\u00fdpredaj Vape Hromadn\u00fd n\u00e1kup"},"content":{"rendered":"<div class=\"B2VR9 CJHX3e\">\n<div class=\"wyccme\">\n<h1 class=\"LC20lb MBeuO DKV0Md\">FIHP Digital Box 12000 Puffs Hor\u00faci v\u00fdpredaj Vape Hromadn\u00fd n\u00e1kup<\/h1>\n<div class=\"flex-shrink-0 flex flex-col relative items-end\">\n<div class=\"pt-0\">\n<div class=\"gizmo-bot-avatar flex h-8 w-8 items-center justify-center overflow-hidden rounded-full\">\n<div class=\"relative p-1 rounded-sm flex items-center justify-center bg-token-main-surface-primary text-token-text-primary h-8 w-8\">\n<p>FIHP Digital Box 12000 \u0164ahov je dobrou vo\u013ebou pre t\u00fdch, ktor\u00ed h\u013eadaj\u00fa pr\u00e9miov\u00fa, dlhotrvaj\u00facu jednorazov\u00fa Vape, teraz k dispoz\u00edcii na hromadn\u00fd n\u00e1kup! V\u010faka svojmu \u0161t\u00fdlov\u00e9mu dizajnu a pokro\u010dil\u00fdm funkci\u00e1m je toto vape pero navrhnut\u00e9 pre v\u00fdkon aj pohodlie.<\/p>\n<p>FIHP Digital Box s p\u00f4sobiv\u00fdmi 12 000 \u0165ahmi zais\u0165uje nepretr\u017eit\u00e9 a uspokojiv\u00e9 vapovanie bez \u010dast\u00fdch v\u00fdmen. Toto zariadenie Vape Bar sa dod\u00e1va predplnen\u00e9 20 ml e-liquidu, ktor\u00fd je k dispoz\u00edcii v 2% a 5% s n\u00edzkou silou nikot\u00ednu, \u010do v\u00e1m umo\u017en\u00ed prisp\u00f4sobi\u0165 si vapovanie va\u0161im preferenci\u00e1m, \u010di u\u017e uprednost\u0148ujete mierny alebo intenz\u00edvnej\u0161\u00ed nikot\u00ednov\u00fd z\u00e1sah.<\/p>\n<p>Nab\u00edjate\u013en\u00e1 bat\u00e9ria s kapacitou 650 mAh poskytuje spo\u013eahliv\u00fd a konzistentn\u00fd v\u00fdkon po\u010das ka\u017edej rel\u00e1cie, zatia\u013e \u010do 1,0\u03a9 Mesh Coil a nastavite\u013en\u00fd prietok vzduchu zais\u0165uj\u00fa hladk\u00fa a chutn\u00fa produkciu pary, ktor\u00fa si m\u00f4\u017eete \u013eahko prisp\u00f4sobi\u0165 pod\u013ea svojich predst\u00e1v. Navy\u0161e, nab\u00edjac\u00ed port typu C umo\u017e\u0148uje r\u00fdchle a pohodln\u00e9 nab\u00edjanie, tak\u017ee nikdy nebudete \u010daka\u0165.<\/p>\n<p>Ide\u00e1lne pre t\u00fdch, ktor\u00ed chc\u00fa doplni\u0165 z\u00e1soby alebo z\u00e1sobova\u0165 svoje podnikanie, FIHP Digital Box 12000 \u0164ahov vo ve\u013ekom poskytuje v\u00fdnimo\u010dn\u00fa hodnotu a z\u00e1rove\u0148 poskytuje \u0161pi\u010dkov\u00fd z\u00e1\u017eitok z vapovania.<\/p>\n<p>&nbsp;<\/p>\n<\/div>\n<\/div>\n<\/div>\n<\/div>\n<\/div>\n<\/div>\n<p><strong>Kontaktujte Amy a z\u00edskajte spr\u00e1vnu odpove\u010f a \u010fal\u0161ie vide\u00e1 o produktoch!<\/strong><\/p>\n<p><img loading=\"lazy\" decoding=\"async\" class=\"size-full wp-image-1978\" src=\"https:\/\/rmvapesale.com\/wp-content\/uploads\/2024\/09\/Disposable-Vape-Wholesale.jpg\" alt=\"Jednorazov\u00fd vape ve\u013ekoobchod\" width=\"229\" height=\"300\" \/><\/p>\n<h3><a href=\"https:\/\/wa.me\/8617776015835\" target=\"_blank\" rel=\"noopener\"><span style=\"color: #ff0000\"><strong>WhatsApp: +86 17776015835<\/strong><\/span><\/a><\/h3>\n<p>&nbsp;<\/p>\n<h2><\/h2>\n<h2><strong>FIHP Digital Box 12000 \u0164ahov Jednorazov\u00e1 Vape K\u013e\u00fa\u010dov\u00e9 vlastnosti<\/strong><\/h2>\n<p>&nbsp;<\/p>\n<ul>\n<li><strong>Vysok\u00fd po\u010det \u0161lukov<\/strong>: U\u017eite si a\u017e <strong>T\u00e1to vape pon\u00faka neuverite\u013en\u00fdch<\/strong> pre dlhotrvaj\u00face a nepretr\u017eit\u00e9 pote\u0161enie z vapovania.<\/li>\n<li><strong>Ve\u013ekorys\u00e1 Kapacita E-Liquidu<\/strong>: Obsahuje <strong>22 ml n\u00e1dr\u017eku na e-liquid<\/strong>, toto zariadenie umo\u017e\u0148uje dlh\u0161ie pou\u017e\u00edvanie s men\u0161\u00edm po\u010dtom doplnen\u00ed.<\/li>\n<li><strong>Spo\u013eahliv\u00e1 Bat\u00e9ria<\/strong>: Poh\u00e1\u0148an\u00e9 <strong>650mAh nab\u00edjate\u013enou bat\u00e9riou<\/strong>, zais\u0165uje konzistentn\u00fd a spo\u013eahliv\u00fd v\u00fdkon.<\/li>\n<li><strong>Sila Nikot\u00ednu<\/strong>: Pon\u00faka <strong>0,6% nikot\u00edn (6mg)<\/strong>, ktor\u00fd poskytuje uspokojiv\u00fd a hladk\u00fd z\u00e1\u017eitok z vapovania.<\/li>\n<li><strong>Technol\u00f3gia Mesh Coil<\/strong>: Vybaven\u00fd s <strong>0,6\u03a9 mesh cievkou<\/strong> pre zv\u00fdraznen\u00fa chu\u0165 a produkciu pary.<\/li>\n<li><strong>LED displej<\/strong>: Majte preh\u013ead v\u010faka <strong>LED displeji<\/strong> ktor\u00fd poskytuje aktualiz\u00e1cie o v\u00fddr\u017ei bat\u00e9rie a pou\u017e\u00edvan\u00ed v re\u00e1lnom \u010dase.<\/li>\n<\/ul>\n<h2><\/h2>\n<h2><strong>Najlep\u0161ia pr\u00edchu\u0165 pre FIHP Digital Box 12000 \u0164ahov Vape Bar<\/strong><\/h2>\n<p>S 10 lahodn\u00fdmi pr\u00edchu\u0165ami, ako s\u00fa Strawberry Kiwi, Blueberry Raspberry a Peach Mango, pon\u00faka FIHP Digital Box chu\u0165 pre ka\u017ed\u00e9ho, \u010do zais\u0165uje, \u017ee budete ma\u0165 v\u017edy pr\u00edjemn\u00fd z\u00e1\u017eitok z vapovania.<\/p>\n<p>01. Lush Ice<span style=\"color: #ff0000\"><strong>&gt;&gt;&gt;&gt; Hor\u00face!<\/strong><\/span><br \/>\n02. Grape Ice<br \/>\n03. Cherry<br \/>\n04. Blueberry Raspberry<span style=\"color: #ff0000\"><strong>&gt;&gt;&gt;&gt; Hor\u00face!<\/strong><\/span><br \/>\n05. Strawberry Kiwi<br \/>\n06. Mixed Berries<span style=\"color: #ff0000\"><strong>&gt;&gt;&gt;&gt; Najlep\u0161ie!<\/strong><\/span><br \/>\n07. Strawberry Watermelon<br \/>\n08. Watermelon Bubblegum<br \/>\n09. Peachy Mango Pineapple<br \/>\n10. Kiwi Marakuja Guava<\/p>\n<figure id=\"attachment_2366\" aria-describedby=\"caption-attachment-2366\" style=\"width: 808px\" class=\"wp-caption alignnone\"><img loading=\"lazy\" decoding=\"async\" class=\"wp-image-2366 size-full\" src=\"https:\/\/rmvapesale.com\/wp-content\/uploads\/2024\/10\/FIHP-Digital-12000-Puffs-Flavor.jpg\" alt=\"FIHP Digital 12000 Potiahnut\u00ed Pr\u00edchu\u0165\" width=\"808\" height=\"808\" srcset=\"https:\/\/rmvapesale.com\/wp-content\/uploads\/2024\/10\/FIHP-Digital-12000-Puffs-Flavor.jpg 808w, https:\/\/rmvapesale.com\/wp-content\/uploads\/2024\/10\/FIHP-Digital-12000-Puffs-Flavor-300x300.jpg 300w, https:\/\/rmvapesale.com\/wp-content\/uploads\/2024\/10\/FIHP-Digital-12000-Puffs-Flavor-150x150.jpg 150w, https:\/\/rmvapesale.com\/wp-content\/uploads\/2024\/10\/FIHP-Digital-12000-Puffs-Flavor-768x768.jpg 768w, https:\/\/rmvapesale.com\/wp-content\/uploads\/2024\/10\/FIHP-Digital-12000-Puffs-Flavor-600x600.jpg 600w, https:\/\/rmvapesale.com\/wp-content\/uploads\/2024\/10\/FIHP-Digital-12000-Puffs-Flavor-100x100.jpg 100w\" sizes=\"auto, (max-width: 808px) 100vw, 808px\" \/><figcaption id=\"caption-attachment-2366\" class=\"wp-caption-text\">FIHP Digital 12000 Potiahnut\u00ed Pr\u00edchu\u0165<\/figcaption><\/figure>\n<h3><\/h3>\n<h3><strong>Pre\u010do si vybra\u0165 Rmvapesale pre FIHP Digital Box 12000 Potiahnut\u00ed Hor\u00faci V\u00fdpredaj Vape<\/strong><strong>?<\/strong><\/h3>\n<div class=\"flex-shrink-0 flex flex-col relative items-end\">\n<div>\n<div class=\"pt-0\">\n<div class=\"gizmo-bot-avatar flex h-8 w-8 items-center justify-center overflow-hidden rounded-full\">\n<div class=\"relative p-1 rounded-sm flex items-center justify-center bg-token-main-surface-primary text-token-text-primary h-8 w-8\">\n<p>&nbsp;<\/p>\n<p>Ke\u010f si vyberiete Rmvapesale pre va\u0161e ve\u013ekoobchodn\u00e9 potreby s jednorazov\u00fdmi vapmi, z\u00edskate:<\/p>\n<ul>\n<li><strong>Konkuren\u010dn\u00e1 cena<\/strong>: Z\u00edskajte pr\u00edstup k atrakt\u00edvnym ve\u013ekoobchodn\u00fdm cen\u00e1m, ktor\u00e9 zv\u00fd\u0161ia mar\u017ee v\u00e1\u0161ho podnikania.<\/li>\n<li><strong>Vysok\u00e1 kvalita<\/strong>: Na\u0161e vapy s\u00fa vyr\u00e1ban\u00e9 pod\u013ea najvy\u0161\u0161\u00edch \u0161tandardov a <span style=\"color: #ff0000\"><strong>zaru\u010dene 100% origin\u00e1lne a autentick\u00e9, alebo v\u00e1m poskytneme 10-n\u00e1sobn\u00fa kompenz\u00e1ciu za falo\u0161n\u00fd tovar!<\/strong><\/span><\/li>\n<li><strong>Vynikaj\u00faci z\u00e1kazn\u00edcky servis<\/strong>: N\u00e1\u0161 oddan\u00fd t\u00edm je v\u017edy pripraven\u00fd v\u00e1m pom\u00f4c\u0165, v\u010faka \u010domu bude v\u00e1\u0161 n\u00e1kupn\u00fd proces plynul\u00fd a bezprobl\u00e9mov\u00fd.<\/li>\n<li><strong>R\u00fdchle<\/strong>: O\u010dak\u00e1vajte r\u00fdchle a spo\u013eahliv\u00e9 doru\u010denie, ktor\u00e9 zaist\u00ed, \u017ee va\u0161e objedn\u00e1vky dorazia v\u017edy na\u010das.<\/li>\n<\/ul>\n<h3><\/h3>\n<h3><b>\u010cast\u00e9 ot\u00e1zky<\/b><\/h3>\n<p>&nbsp;<\/p>\n<\/div>\n<\/div>\n<\/div>\n<\/div>\n<\/div>\n<div class=\"group\/conversation-turn relative flex w-full min-w-0 flex-col agent-turn\">\n<div class=\"flex-col gap-1 md:gap-3\">\n<div class=\"flex max-w-full flex-col flex-grow\">\n<div class=\"min-h-8 text-message flex w-full flex-col items-end gap-2 whitespace-normal break-words [.text-message+&amp;]:mt-5\" dir=\"auto\" data-message-author-role=\"assistant\" data-message-id=\"f226d3fc-81f3-46d5-8c46-31787fff0357\">\n<div class=\"flex w-full flex-col gap-1 empty:hidden first:pt-[3px]\">\n<div class=\"markdown prose w-full break-words dark:prose-invert light\">\n<p>1. Ako dlho vydr\u017e\u00ed jednorazov\u00e1 vape FIHP 12000 Potiahnut\u00ed?<br \/>\nJednorazov\u00e1 vape FIHP 12000 Potiahnut\u00ed poskytuje a\u017e 12 000 potiahnut\u00ed, \u010d\u00edm zais\u0165uje dlhotrvaj\u00faci z\u00e1\u017eitok z vapovania bez potreby \u010dastej v\u00fdmeny.<\/p>\n<p>2. Ak\u00e9 s\u00fa dostupn\u00e9 pr\u00edchute pre vape FIHP 12000 Potiahnut\u00ed?<br \/>\nT\u00e1to jednorazov\u00e1 vape sa dod\u00e1va v r\u00f4znych 10 lahodn\u00fdch pr\u00edchutiach, vr\u00e1tane popul\u00e1rnych mo\u017enost\u00ed ako Lush Ice, Grape Ice, Cherry, Blueberry Raspberry a \u010fal\u0161ie. Pre ka\u017ed\u00e9ho je tu pr\u00edchu\u0165!<\/p>\n<p>3. Ak\u00e9 s\u00fa dostupn\u00e9 sily nikot\u00ednu?<br \/>\nJednorazov\u00e1 vape FIHP 12000 Potiahnut\u00ed pon\u00faka sily nikot\u00ednu 2% a 5%, \u010d\u00edm uspokojuje pou\u017e\u00edvate\u013eov, ktor\u00ed preferuj\u00fa bu\u010f mierne alebo silnej\u0161ie hladiny nikot\u00ednu.<\/p>\n<p>4. Ak\u00e1 je kvalita pary jednorazovej vape FIHP 12000 Potiahnut\u00ed?<br \/>\nT\u00e1to jednorazov\u00e1 vape, vybaven\u00e1 1,0ohmovou mesh \u0161pir\u00e1lkou, zlep\u0161uje produkciu pary a podanie chuti, \u010d\u00edm poskytuje hladk\u00fd a uspokojiv\u00fd z\u00e1\u017eitok z vapovania.<\/p>\n<p>5. Ako nabijem vape FIHP 12000 Potiahnut\u00ed?<br \/>\nFIHP 12000 sa dod\u00e1va s 650mAh nab\u00edjate\u013enou bat\u00e9riou a nab\u00edjac\u00edm portom USB typu C pre r\u00fdchle a pohodln\u00e9 nab\u00edjanie, \u010d\u00edm sa zabezpe\u010d\u00ed, \u017ee va\u0161a vape bude v\u017edy pripraven\u00e1.<\/p>\n<p>6. Ko\u013eko e-liquidu obsahuje FIHP 12000?<br \/>\nT\u00e1to jednorazov\u00e1 vape je predplnen\u00e1 \u0161tedr\u00fdmi 20 ml e-liquidu, \u010do poskytuje dlhotrvaj\u00faci p\u00f4\u017eitok bez \u010dast\u00e9ho dop\u013a\u0148ania.<\/p>\n<p>7. M\u00e1 jednorazov\u00e1 vape FIHP 12000 Potiahnut\u00ed nejak\u00e9 indik\u00e1tory?<br \/>\n\u00c1no, obsahuje LED displej, ktor\u00fd zobrazuje \u00fadaje v re\u00e1lnom \u010dase, vr\u00e1tane \u017eivotnosti bat\u00e9rie a po\u010dtu potiahnut\u00ed, tak\u017ee m\u00f4\u017eete \u013eahko sledova\u0165 stav svojho zariadenia.<\/p>\n<\/div>\n<\/div>\n<\/div>\n<\/div>\n<\/div>\n<\/div>\n<p>&nbsp;<\/p>\n<h3><\/h3>\n<h3>O doru\u010den\u00ed<\/h3>\n<div class=\"flex-shrink-0 flex flex-col relative items-end\">\n<div>\n<div class=\"pt-0\">\n<div class=\"gizmo-bot-avatar flex h-8 w-8 items-center justify-center overflow-hidden rounded-full\">\n<div><\/div>\n<div class=\"relative p-1 rounded-sm flex items-center justify-center bg-token-main-surface-primary text-token-text-primary h-8 w-8\"><strong>1. Ak\u00e9 sp\u00f4soby doru\u010denia pou\u017e\u00edvate?<\/strong><\/div>\n<\/div>\n<\/div>\n<\/div>\n<\/div>\n<div class=\"group\/conversation-turn relative flex w-full min-w-0 flex-col agent-turn\">\n<div class=\"flex-col gap-1 md:gap-3\">\n<div class=\"flex max-w-full flex-col flex-grow\">\n<div class=\"min-h-[20px] text-message flex w-full flex-col items-end gap-2 whitespace-normal break-words [.text-message+&amp;]:mt-5 overflow-x-auto\" dir=\"auto\" data-message-author-role=\"assistant\" data-message-id=\"22f8283b-3233-46ff-89a5-c7a41b33abda\">\n<div class=\"flex w-full flex-col gap-1 empty:hidden first:pt-[3px]\">\n<div class=\"markdown prose w-full break-words dark:prose-invert light\">\n<p>Spolupracujeme so spolo\u010dnos\u0165ami UPS, DHL, FedEx, DPD a \u010fal\u0161\u00edmi popredn\u00fdmi dopravcami. Vyberieme najlep\u0161\u00ed sp\u00f4sob doru\u010denia na z\u00e1klade va\u0161ej adresy, aby sme zaistili, \u017ee svoje produkty dostanete \u010do najr\u00fdchlej\u0161ie.<\/p>\n<\/div>\n<p><strong>2. Ako dlho trv\u00e1 doru\u010denie?<\/strong><\/p>\n<p>Bal\u00edky doru\u010dovan\u00e9 na Slovensko zvy\u010dajne dorazia do 10 pracovn\u00fdch dn\u00ed. Doru\u010denie do eur\u00f3pskych kraj\u00edn zvy\u010dajne trv\u00e1 asi 12-15 pracovn\u00fdch dn\u00ed. Budeme v\u00e1s informova\u0165 o stave doru\u010denia v re\u00e1lnom \u010dase.<\/p>\n<\/div>\n<\/div>\n<\/div>\n<\/div>\n<\/div>\n<p>&nbsp;<\/p>\n<p>\u010eal\u0161ie hor\u00face vapy, ktor\u00e9 by sa v\u00e1m mohli p\u00e1\u010di\u0165:<\/p>\n<p><a href=\"https:\/\/rmvapesale.com\/sk\/product\/bang-beach-20000-puffs-vape-smart-screen-disposable-e-cig\/\"><strong>bang beach 20000 \u0164ahov\u00a0 \u00a0<span style=\"color: #ff0000\">&gt;&gt;&gt;&gt; \u00eds\u0165!<\/span><\/strong><\/a><\/p>\n<p><strong><a href=\"https:\/\/rmvapesale.com\/sk\/product\/uwin-crystal-10000-puff-disposable-vape-wholesale-price\/\">UWIN Crystal 10000 \u0164ahov <span style=\"color: #ff0000\">&gt;&gt;&gt;&gt; \u00eds\u0165!<\/span><\/a>\u00a0<\/strong><\/p>\n<p><a href=\"https:\/\/rmvapesale.com\/sk\/product\/uzy-crystal-pro-max-10k-puffs-disposable-vape-pen-wholesale\/\"><strong>UZY Crystal Pro Max 10000 Potiahnut\u00ed <span style=\"color: #ff0000\">&gt;&gt;&gt;&gt; \u00eds\u0165!<\/span><\/strong><\/a><\/p>\n<p>&nbsp;<\/p>\n<p>&nbsp;<\/p>\n<p>N\u00e1jdite \u010fal\u0161ie vape produkty, ktor\u00e9 by sa v\u00e1m mohli p\u00e1\u010di\u0165:<strong><em><a href=\"https:\/\/rmvapesale.com\/sk\/shop-2\/\">nakupova\u0165 teraz &gt;&gt;&gt;<\/a><\/em><\/strong><\/p>","protected":false},"excerpt":{"rendered":"<p>Origin\u00e1lny FIHP Digital Box 12K \u0164ahov Jednorazov\u00e1 Vape<br \/>\nDigital Box 12000 \u0164ahov FIHP Jednorazov\u00e1 Vape 2% 5%<br \/>\nFIHP Digital 12000 \u0164ahov Fumot Ve\u013ekoobchodn\u00e1 Cena N\u00edzky Nikot\u00edn<\/p>\n<p><img loading=\"lazy\" decoding=\"async\" class=\"size-full wp-image-1978\" src=\"https:\/\/rmvapesale.com\/wp-content\/uploads\/2024\/09\/Disposable-Vape-Wholesale.jpg\" alt=\"Jednorazov\u00fd vape ve\u013ekoobchod\" width=\"229\" height=\"300\" \/><\/p>\n<h3><a href=\"https:\/\/wa.me\/8617776015835\"><span style=\"color: #ff0000\"><strong>WhatsApp: +86 17776015835<\/strong><\/span><\/a><\/h3>\n<p>&nbsp;<\/p>","protected":false},"featured_media":2369,"comment_status":"open","ping_status":"closed","template":"","meta":{"_uag_custom_page_level_css":"","_lmt_disableupdate":"","_lmt_disable":"","site-sidebar-layout":"default","site-content-layout":"content-boxed-container","ast-site-content-layout":"normal-width-container","site-content-style":"boxed","site-sidebar-style":"unboxed","ast-global-header-display":"","ast-banner-title-visibility":"","ast-main-header-display":"","ast-hfb-above-header-display":"","ast-hfb-below-header-display":"","ast-hfb-mobile-header-display":"","site-post-title":"","ast-breadcrumbs-content":"","ast-featured-img":"","footer-sml-layout":"","theme-transparent-header-meta":"default","adv-header-id-meta":"","stick-header-meta":"","header-above-stick-meta":"","header-main-stick-meta":"","header-below-stick-meta":"","astra-migrate-meta-layouts":"set","ast-page-background-enabled":"default","ast-page-background-meta":{"desktop":{"background-color":"var(--ast-global-color-4)","background-image":"","background-repeat":"repeat","background-position":"center center","background-size":"auto","background-attachment":"scroll","background-type":"","background-media":"","overlay-type":"","overlay-color":"","overlay-opacity":"","overlay-gradient":""},"tablet":{"background-color":"","background-image":"","background-repeat":"repeat","background-position":"center center","background-size":"auto","background-attachment":"scroll","background-type":"","background-media":"","overlay-type":"","overlay-color":"","overlay-opacity":"","overlay-gradient":""},"mobile":{"background-color":"","background-image":"","background-repeat":"repeat","background-position":"center center","background-size":"auto","background-attachment":"scroll","background-type":"","background-media":"","overlay-type":"","overlay-color":"","overlay-opacity":"","overlay-gradient":""}},"ast-content-background-meta":{"desktop":{"background-color":"var(--ast-global-color-5)","background-image":"","background-repeat":"repeat","background-position":"center center","background-size":"auto","background-attachment":"scroll","background-type":"","background-media":"","overlay-type":"","overlay-color":"","overlay-opacity":"","overlay-gradient":""},"tablet":{"background-color":"var(--ast-global-color-5)","background-image":"","background-repeat":"repeat","background-position":"center center","background-size":"auto","background-attachment":"scroll","background-type":"","background-media":"","overlay-type":"","overlay-color":"","overlay-opacity":"","overlay-gradient":""},"mobile":{"background-color":"var(--ast-global-color-5)","background-image":"","background-repeat":"repeat","background-position":"center center","background-size":"auto","background-attachment":"scroll","background-type":"","background-media":"","overlay-type":"","overlay-color":"","overlay-opacity":"","overlay-gradient":""}},"_joinchat":[]},"product_brand":[],"product_cat":[15,25,123,26,28,135,27,60,138,137,136,30],"product_tag":[66,139,126,40,111,105,120],"class_list":{"0":"post-2372","1":"product","2":"type-product","3":"status-publish","4":"has-post-thumbnail","6":"product_cat-new-vape-this-week","7":"product_cat-germany-best-selling-vape","8":"product_cat-italy-wholesale-vape","9":"product_cat-netherlands-hot-sale-vape","10":"product_cat-poland-hot-sale-vape","11":"product_cat-spain-best-hot-sale-vape","12":"product_cat-fance-hot-sale-vape","13":"product_cat-bang-vapes","14":"product_cat-fihp-disposable-vapes","15":"product_cat-rechargeable-vapes","16":"product_cat-smart-screen-vapes","17":"product_cat-minimum-order-quantity-50pcs","18":"product_tag-disposable-vape","19":"product_tag-disposable-vape-pen","20":"product_tag-e-cigarettes","21":"product_tag-hot-sale-vape","22":"product_tag-low-nicotine-disposable-vape","23":"product_tag-nicotine-free-disposable-vape","24":"product_tag-vape-wholesale","25":"desktop-align-left","26":"tablet-align-left","27":"mobile-align-left","29":"first","30":"instock","31":"sale","32":"shipping-taxable","33":"purchasable","34":"product-type-simple"},"uagb_featured_image_src":{"full":["https:\/\/rmvapesale.com\/wp-content\/uploads\/2024\/10\/FIHP-Digital-12000-Puffs-Wholesale-Price.jpg",808,808,false],"thumbnail":["https:\/\/rmvapesale.com\/wp-content\/uploads\/2024\/10\/FIHP-Digital-12000-Puffs-Wholesale-Price-150x150.jpg",150,150,true],"medium":["https:\/\/rmvapesale.com\/wp-content\/uploads\/2024\/10\/FIHP-Digital-12000-Puffs-Wholesale-Price-300x300.jpg",300,300,true],"medium_large":["https:\/\/rmvapesale.com\/wp-content\/uploads\/2024\/10\/FIHP-Digital-12000-Puffs-Wholesale-Price-768x768.jpg",768,768,true],"large":["https:\/\/rmvapesale.com\/wp-content\/uploads\/2024\/10\/FIHP-Digital-12000-Puffs-Wholesale-Price.jpg",808,808,false],"1536x1536":["https:\/\/rmvapesale.com\/wp-content\/uploads\/2024\/10\/FIHP-Digital-12000-Puffs-Wholesale-Price.jpg",808,808,false],"2048x2048":["https:\/\/rmvapesale.com\/wp-content\/uploads\/2024\/10\/FIHP-Digital-12000-Puffs-Wholesale-Price.jpg",808,808,false],"trp-custom-language-flag":["https:\/\/rmvapesale.com\/wp-content\/uploads\/2024\/10\/FIHP-Digital-12000-Puffs-Wholesale-Price.jpg",12,12,false],"woocommerce_thumbnail":["https:\/\/rmvapesale.com\/wp-content\/uploads\/2024\/10\/FIHP-Digital-12000-Puffs-Wholesale-Price-300x300.jpg",300,300,true],"woocommerce_single":["https:\/\/rmvapesale.com\/wp-content\/uploads\/2024\/10\/FIHP-Digital-12000-Puffs-Wholesale-Price-600x600.jpg",600,600,true],"woocommerce_gallery_thumbnail":["https:\/\/rmvapesale.com\/wp-content\/uploads\/2024\/10\/FIHP-Digital-12000-Puffs-Wholesale-Price-100x100.jpg",100,100,true],"wcpr-photo-reviews":["https:\/\/rmvapesale.com\/wp-content\/uploads\/2024\/10\/FIHP-Digital-12000-Puffs-Wholesale-Price.jpg",500,500,false]},"uagb_author_info":{"display_name":"AMY","author_link":"https:\/\/rmvapesale.com\/sk\/author\/"},"uagb_comment_info":0,"uagb_excerpt":"Original FIHP Digital Box 12K Puffs Disposable vape Digital Box 12000 Puffs FIHP Disposable Vape 2% 5% FIHP Digital 12000 Puffs Fumot Wholesale Price Low Nicotine WhatsApp: +86 17776015835 &nbsp;","_links":{"self":[{"href":"https:\/\/rmvapesale.com\/sk\/wp-json\/wp\/v2\/product\/2372","targetHints":{"allow":["GET"]}}],"collection":[{"href":"https:\/\/rmvapesale.com\/sk\/wp-json\/wp\/v2\/product"}],"about":[{"href":"https:\/\/rmvapesale.com\/sk\/wp-json\/wp\/v2\/types\/product"}],"replies":[{"embeddable":true,"href":"https:\/\/rmvapesale.com\/sk\/wp-json\/wp\/v2\/comments?post=2372"}],"wp:featuredmedia":[{"embeddable":true,"href":"https:\/\/rmvapesale.com\/sk\/wp-json\/wp\/v2\/media\/2369"}],"wp:attachment":[{"href":"https:\/\/rmvapesale.com\/sk\/wp-json\/wp\/v2\/media?parent=2372"}],"wp:term":[{"taxonomy":"product_brand","embeddable":true,"href":"https:\/\/rmvapesale.com\/sk\/wp-json\/wp\/v2\/product_brand?post=2372"},{"taxonomy":"product_cat","embeddable":true,"href":"https:\/\/rmvapesale.com\/sk\/wp-json\/wp\/v2\/product_cat?post=2372"},{"taxonomy":"product_tag","embeddable":true,"href":"https:\/\/rmvapesale.com\/sk\/wp-json\/wp\/v2\/product_tag?post=2372"}],"curies":[{"name":"wp","href":"https:\/\/api.w.org\/{rel}","templated":true}]}}