{"id":2398,"date":"2024-10-14T07:57:57","date_gmt":"2024-10-14T07:57:57","guid":{"rendered":"https:\/\/rmvapesale.com\/?post_type=product&#038;p=2398"},"modified":"2024-10-14T08:58:13","modified_gmt":"2024-10-14T08:58:13","slug":"bang-36000-puffs-full-display-smart-vape-bulk-price","status":"publish","type":"product","link":"https:\/\/rmvapesale.com\/sk\/product\/bang-36000-puffs-full-display-smart-vape-bulk-price\/","title":{"rendered":"Bang 36000 \u0164ahov Plne Displejov\u00fd Inteligentn\u00fd Vape Hromadn\u00e1 Cena"},"content":{"rendered":"<div class=\"B2VR9 CJHX3e\">\n<div class=\"wyccme\">\n<h1 class=\"LC20lb MBeuO DKV0Md\">Bang 36000 \u0164ahov Plne Displejov\u00fd Inteligentn\u00fd Vape Hromadn\u00e1 Cena<\/h1>\n<div class=\"flex-shrink-0 flex flex-col relative items-end\">\n<div class=\"pt-0\">\n<div class=\"gizmo-bot-avatar flex h-8 w-8 items-center justify-center overflow-hidden rounded-full\">\n<div class=\"relative p-1 rounded-sm flex items-center justify-center bg-token-main-surface-primary text-token-text-primary h-8 w-8\">\n<p>Predstavujeme Bang 36000 Puffs Pln\u00e1 obrazovka inteligentn\u00e1 vape, prelomov\u00e1 jednorazov\u00e1 vape navrhnut\u00e1 na zv\u00fd\u0161enie v\u00e1\u0161ho vapingov\u00e9ho z\u00e1\u017eitku s najmodernej\u0161ou technol\u00f3giou a vynikaj\u00facim v\u00fdkonom. S p\u00f4sobiv\u00fdmi 36 000 potiahnutiami a ve\u013ek\u00fdm objemom e-liquidu 36 ml, toto zariadenie pon\u00faka dlhodob\u00e9 pou\u017e\u00edvanie bez potreby \u010dast\u00fdch dop\u013a\u0148an\u00ed, \u010do ho rob\u00ed ide\u00e1lnym pre vapery h\u013eadaj\u00facich v\u00fddr\u017e a pohodlie.<\/p>\n<p>Bang 36000 Puffs je vybaven\u00fd v\u00fdkonnou dob\u00edjate\u013enou bat\u00e9riou 850mAh, ktor\u00e1 zabezpe\u010duje konzistentn\u00fd v\u00fdkon a dlh\u00e9 vapingov\u00e9 rel\u00e1cie. Dob\u00edjanie je r\u00fdchle a jednoduch\u00e9 s rozhran\u00edm Type-C, poskytuj\u00fac r\u00fdchle a spo\u013eahliv\u00e9 nab\u00edjanie, aby va\u0161e zariadenie fungovalo hladko.<\/p>\n<p>Jednou z hlavn\u00fdch vlastnost\u00ed tohto zariadenia je pln\u00e1 obrazovka, ktor\u00e1 poskytuje aktu\u00e1lne inform\u00e1cie o \u00farovni oleja a bat\u00e9rie, \u010do v\u00e1m d\u00e1va \u00fapln\u00fa kontrolu a preh\u013ead o va\u0161om vapingovom z\u00e1\u017eitku. Navy\u0161e, inovat\u00edvna funkcia odomykania odtla\u010dkom prsta zabezpe\u010duje, \u017ee va\u0161a vape zost\u00e1va bezpe\u010dn\u00e1 a osobn\u00e1, prid\u00e1vaj\u00fac \u010fal\u0161iu vrstvu sofistikovanosti a pou\u017eite\u013enosti.<\/p>\n<p>Bang 36000 Puffs vyu\u017e\u00edva mesh cievku 1.0\u03a9, ktor\u00e1 zlep\u0161uje dod\u00e1vku chuti a produkciu pary, pon\u00fakaj\u00fac hladk\u00fd a uspokojiv\u00fd z\u00e1\u017eitok pri ka\u017edom potiahnut\u00ed. \u010ci u\u017e preferujete nikot\u00edn 0%, 2%, 3% alebo 5%, t\u00e1to vape vyhovuje v\u0161etk\u00fdm typom vaperov s mo\u017enos\u0165ou prisp\u00f4sobenia \u00farovne nikot\u00ednu.<\/p>\n<\/div>\n<\/div>\n<\/div>\n<\/div>\n<\/div>\n<\/div>\n<p><strong>Kontaktujte Amy a z\u00edskajte spr\u00e1vnu odpove\u010f a \u010fal\u0161ie vide\u00e1 o produktoch!<\/strong><\/p>\n<p><img loading=\"lazy\" decoding=\"async\" class=\"size-full wp-image-1978\" src=\"https:\/\/rmvapesale.com\/wp-content\/uploads\/2024\/09\/Disposable-Vape-Wholesale.jpg\" alt=\"Jednorazov\u00fd vape ve\u013ekoobchod\" width=\"229\" height=\"300\" \/><\/p>\n<h3><a href=\"https:\/\/wa.me\/8617776015835\" target=\"_blank\" rel=\"noopener\"><span style=\"color: #ff0000\"><strong>WhatsApp: +86 17776015835<\/strong><\/span><\/a><\/h3>\n<p>&nbsp;<\/p>\n<h2><\/h2>\n<h2><strong>K\u013e\u00fa\u010dov\u00e9 vlastnosti Bang 36000 Puffs Vape<\/strong><\/h2>\n<p>&nbsp;<\/p>\n<ul>\n<li><strong>Potiahnutia: 36 000 potiahnut\u00ed<\/strong><\/li>\n<li><strong>kapacitou na e-liquid 36 ml<\/strong><\/li>\n<li><strong>850 mAh nab\u00edjate\u013en\u00e1 bat\u00e9ria<\/strong><\/li>\n<li><strong>Pln\u00e1 obrazovka<\/strong> zobrazuje \u00farove\u0148 oleja a bat\u00e9rie<\/li>\n<li><strong>Odomykanie odtla\u010dkom prsta<\/strong> pre zv\u00fd\u0161en\u00fa bezpe\u010dnos\u0165<\/li>\n<li><strong>1.0\u03a9 sie\u0165ov\u00e1 cievka<\/strong> pre hladk\u00fa a chutn\u00fa produkciu pary<\/li>\n<li>Dostupn\u00fd v <strong>12 pr\u00edchut\u00ed<\/strong><\/li>\n<li>\u00darovne nikot\u00ednu: <strong>0%, 2%, 3% a 5%<\/strong><\/li>\n<\/ul>\n<h2><\/h2>\n<h2><strong>Hlavn\u00e1 pr\u00edchu\u0165 pre Bang 36000 Puffs Pln\u00e1 obrazovka inteligentn\u00e1 vape<\/strong><\/h2>\n<p>Bang 36000 Puffs vyu\u017e\u00edva mesh cievku 1.0\u03a9, ktor\u00e1 zlep\u0161uje dod\u00e1vku chuti a produkciu pary, pon\u00fakaj\u00fac hladk\u00fd a uspokojiv\u00fd z\u00e1\u017eitok pri ka\u017edom potiahnut\u00ed. \u010ci u\u017e preferujete nikot\u00edn 0%, 2%, 3% alebo 5%, t\u00e1to vape vyhovuje v\u0161etk\u00fdm typom vaperov s mo\u017enos\u0165ou prisp\u00f4sobenia \u00farovne nikot\u00ednu.<\/p>\n<p>&nbsp;<\/p>\n<p>1. Zmie\u0161an\u00e9 ovocie<br \/>\n2. Trojzrnkov\u00e1 bobu\u013ea<span style=\"color: #ff0000\"><strong>&gt;&gt;&gt;&gt; Hor\u00face!<\/strong><\/span><br \/>\n3. Brosky\u0148a Mango Mel\u00f3n<br \/>\n4. \u010cu\u010doriedka malina<br \/>\n5. \u010cierny drak \u013ead<span style=\"color: #ff0000\"><strong>&gt;&gt;&gt;&gt; Hor\u00face!<\/strong><\/span><br \/>\n6. Hroznov\u00fd \u013ead<br \/>\n7. \u010cu\u010doriedkov\u00fd \u013ead<br \/>\n8. Jahodovo-mel\u00f3nov\u00e1 voda<br \/>\n9. Jahoda a ban\u00e1n<br \/>\n10. Jahoda Kiwi<br \/>\n11. Jahoda Mango<br \/>\n12. Mel\u00f3nov\u00fd \u013ead<span style=\"color: #ff0000\"><strong>&gt;&gt;&gt;&gt; Najlep\u0161ie!<\/strong><\/span><\/p>\n<figure id=\"attachment_2397\" aria-describedby=\"caption-attachment-2397\" style=\"width: 500px\" class=\"wp-caption alignnone\"><img loading=\"lazy\" decoding=\"async\" class=\"wp-image-2397 size-full\" src=\"https:\/\/rmvapesale.com\/wp-content\/uploads\/2024\/10\/Bang-Vape-36000-Puffs-Disposable-Flavor.jpg\" alt=\"Bang Vape 36000 Pufov Jednorazov\u00e1 Chu\u0165\" width=\"500\" height=\"826\" srcset=\"https:\/\/rmvapesale.com\/wp-content\/uploads\/2024\/10\/Bang-Vape-36000-Puffs-Disposable-Flavor.jpg 500w, https:\/\/rmvapesale.com\/wp-content\/uploads\/2024\/10\/Bang-Vape-36000-Puffs-Disposable-Flavor-182x300.jpg 182w\" sizes=\"auto, (max-width: 500px) 100vw, 500px\" \/><figcaption id=\"caption-attachment-2397\" class=\"wp-caption-text\">Bang Vape 36000 Pufov Jednorazov\u00e1 Chu\u0165<\/figcaption><\/figure>\n<h3><\/h3>\n<h3><strong>Pre\u010do si vybra\u0165 Rmvapesale pre Bang Vape Puff 36000 Dob\u00edjate\u013en\u00fd Vape<\/strong><strong>?<\/strong><\/h3>\n<div class=\"flex-shrink-0 flex flex-col relative items-end\">\n<div class=\"pt-0\">\n<div class=\"gizmo-bot-avatar flex h-8 w-8 items-center justify-center overflow-hidden rounded-full\">\n<div class=\"relative p-1 rounded-sm flex items-center justify-center bg-token-main-surface-primary text-token-text-primary h-8 w-8\">\n<p>&nbsp;<\/p>\n<p>Ke\u010f si vyberiete Rmvapesale pre va\u0161e ve\u013ekoobchodn\u00e9 potreby s jednorazov\u00fdmi vapmi, z\u00edskate:<\/p>\n<ul>\n<li><strong>Konkuren\u010dn\u00e1 cena<\/strong>: Z\u00edskajte pr\u00edstup k atrakt\u00edvnym ve\u013ekoobchodn\u00fdm cen\u00e1m, ktor\u00e9 zv\u00fd\u0161ia mar\u017ee v\u00e1\u0161ho podnikania.<\/li>\n<li><strong>Vysok\u00e1 kvalita<\/strong>: Na\u0161e vapy s\u00fa vyr\u00e1ban\u00e9 pod\u013ea najvy\u0161\u0161\u00edch \u0161tandardov a <span style=\"color: #ff0000\"><strong>zaru\u010dene 100% origin\u00e1lne a autentick\u00e9, alebo v\u00e1m poskytneme 10-n\u00e1sobn\u00fa kompenz\u00e1ciu za falo\u0161n\u00fd tovar!<\/strong><\/span><\/li>\n<li><strong>Vynikaj\u00faci z\u00e1kazn\u00edcky servis<\/strong>: N\u00e1\u0161 oddan\u00fd t\u00edm je v\u017edy pripraven\u00fd v\u00e1m pom\u00f4c\u0165, v\u010faka \u010domu bude v\u00e1\u0161 n\u00e1kupn\u00fd proces plynul\u00fd a bezprobl\u00e9mov\u00fd.<\/li>\n<li><strong>R\u00fdchle<\/strong>: O\u010dak\u00e1vajte r\u00fdchle a spo\u013eahliv\u00e9 doru\u010denie, ktor\u00e9 zaist\u00ed, \u017ee va\u0161e objedn\u00e1vky dorazia v\u017edy na\u010das.<\/li>\n<\/ul>\n<\/div>\n<h3><\/h3>\n<div class=\"relative p-1 rounded-sm flex items-center justify-center bg-token-main-surface-primary text-token-text-primary h-8 w-8\">\n<h3><b>\u010cast\u00e9 ot\u00e1zky<\/b><\/h3>\n<p><strong>1. Ko\u013eko pufov poskytuje Bang 36000 Pufov?<\/strong><br \/>\nThe <strong>Bang 36000 Pufov<\/strong> pon\u00faka neuverite\u013en\u00e9 <strong>36 000 potiahnut\u00ed<\/strong>, \u010do z neho rob\u00ed jeden z najdlh\u0161ie trvaj\u00facich jednorazov\u00fdch vapov na trhu.<\/p>\n<p><strong>2. Ak\u00e9 mo\u017enosti nikot\u00ednu s\u00fa dostupn\u00e9 pre tento vap?<\/strong><br \/>\nThe <strong>Bang 36000 Pufov Pln\u00e1 Displej Inteligentn\u00fd Vap<\/strong> je dostupn\u00fd v \u0161tyroch mo\u017enostiach sily nikot\u00ednu: <strong>0%, 2%, 3% a 5%<\/strong>, \u010do umo\u017e\u0148uje pou\u017e\u00edvate\u013eom vybra\u0165 si preferovan\u00fa \u00farove\u0148 nikot\u00ednu.<\/p>\n<p><strong>3. Ak\u00e1 je kapacita bat\u00e9rie a je dob\u00edjate\u013en\u00e1?<\/strong><br \/>\nT\u00e1to vaporiz\u00e9r je poh\u00e1\u0148an\u00fd <strong>850 mAh nab\u00edjate\u013en\u00e1 bat\u00e9ria<\/strong>. M\u00e1 tie\u017e <strong>Type-C<\/strong> nab\u00edjac\u00ed port pre r\u00fdchle a efekt\u00edvne nab\u00edjanie.<\/p>\n<p><strong>4. Ak\u00e9 funkcie poskytuje displej na cel\u00fa obrazovku?<\/strong><br \/>\nThe <strong>displej na cel\u00fa obrazovku<\/strong> na Bang 36000 Puffs zobrazuje obe <strong>\u00farovne oleja<\/strong> a <strong>stav bat\u00e9rie<\/strong> v re\u00e1lnom \u010dase, \u010do v\u00e1m umo\u017e\u0148uje \u00fapln\u00fa kontrolu nad va\u0161\u00edm vapingov\u00fdm z\u00e1\u017eitkom.<\/p>\n<p><strong>5. Ako funguje funkcia odomykania odtla\u010dkom prsta?<\/strong><br \/>\nThe <strong>funkcia odomykania odtla\u010dkom prsta<\/strong> zabezpe\u010duje, \u017ee iba vy m\u00f4\u017eete odomkn\u00fa\u0165 a pou\u017e\u00edva\u0165 svoje zariadenie, \u010d\u00edm prid\u00e1va vrstvu bezpe\u010dnosti v\u00e1\u0161mu vapingu.<\/p>\n<p><strong>6. Ak\u00e9 pr\u00edchute s\u00fa dostupn\u00e9 pre Bang 36000 Puffs?<\/strong><br \/>\nThe <strong>Bang 36000 Pufov<\/strong> prich\u00e1dza v <strong>12 r\u00f4znych pr\u00edchutiach<\/strong>, ktor\u00e9 vyhovuj\u00fa \u0161irok\u00e9mu spektru chut\u00ed a preferenci\u00ed. Ob\u013e\u00faben\u00e9 pr\u00edchute zah\u0155\u0148aj\u00fa ovocn\u00e9, sladk\u00e9 a chladiv\u00e9 mo\u017enosti pre ka\u017ed\u00e9ho vapera.<\/p>\n<\/div>\n<\/div>\n<\/div>\n<\/div>\n<div class=\"group\/conversation-turn relative flex w-full min-w-0 flex-col agent-turn\">\n<div class=\"flex-col gap-1 md:gap-3\">\n<div class=\"flex max-w-full flex-col flex-grow\">\n<div class=\"min-h-8 text-message flex w-full flex-col items-end gap-2 whitespace-normal break-words [.text-message+&amp;]:mt-5\" dir=\"auto\" data-message-author-role=\"assistant\" data-message-id=\"f226d3fc-81f3-46d5-8c46-31787fff0357\">\n<div class=\"flex w-full flex-col gap-1 empty:hidden first:pt-[3px]\">\n<div class=\"markdown prose w-full break-words dark:prose-invert light\">\n<p>&nbsp;<\/p>\n<\/div>\n<\/div>\n<\/div>\n<\/div>\n<\/div>\n<\/div>\n<h3>O doru\u010den\u00ed<\/h3>\n<div class=\"flex-shrink-0 flex flex-col relative items-end\">\n<div>\n<div class=\"pt-0\">\n<div class=\"gizmo-bot-avatar flex h-8 w-8 items-center justify-center overflow-hidden rounded-full\">\n<div><\/div>\n<div class=\"relative p-1 rounded-sm flex items-center justify-center bg-token-main-surface-primary text-token-text-primary h-8 w-8\"><strong>1. Ak\u00e9 sp\u00f4soby doru\u010denia pou\u017e\u00edvate?<\/strong><\/div>\n<\/div>\n<\/div>\n<\/div>\n<\/div>\n<div class=\"group\/conversation-turn relative flex w-full min-w-0 flex-col agent-turn\">\n<div class=\"flex-col gap-1 md:gap-3\">\n<div class=\"flex max-w-full flex-col flex-grow\">\n<div class=\"min-h-[20px] text-message flex w-full flex-col items-end gap-2 whitespace-normal break-words [.text-message+&amp;]:mt-5 overflow-x-auto\" dir=\"auto\" data-message-author-role=\"assistant\" data-message-id=\"22f8283b-3233-46ff-89a5-c7a41b33abda\">\n<div class=\"flex w-full flex-col gap-1 empty:hidden first:pt-[3px]\">\n<div class=\"markdown prose w-full break-words dark:prose-invert light\">\n<p>Spolupracujeme so spolo\u010dnos\u0165ami UPS, DHL, FedEx, DPD a \u010fal\u0161\u00edmi popredn\u00fdmi dopravcami. Vyberieme najlep\u0161\u00ed sp\u00f4sob doru\u010denia na z\u00e1klade va\u0161ej adresy, aby sme zaistili, \u017ee svoje produkty dostanete \u010do najr\u00fdchlej\u0161ie.<\/p>\n<\/div>\n<p><strong>2. Ako dlho trv\u00e1 doru\u010denie?<\/strong><\/p>\n<p>Bal\u00edky doru\u010dovan\u00e9 na Slovensko zvy\u010dajne dorazia do 10 pracovn\u00fdch dn\u00ed. Doru\u010denie do eur\u00f3pskych kraj\u00edn zvy\u010dajne trv\u00e1 asi 12-15 pracovn\u00fdch dn\u00ed. Budeme v\u00e1s informova\u0165 o stave doru\u010denia v re\u00e1lnom \u010dase.<\/p>\n<\/div>\n<\/div>\n<\/div>\n<\/div>\n<\/div>\n<p>&nbsp;<\/p>\n<p>\u010eal\u0161ie hor\u00face vapy, ktor\u00e9 by sa v\u00e1m mohli p\u00e1\u010di\u0165:<\/p>\n<p><a href=\"https:\/\/rmvapesale.com\/sk\/product\/bang-vape-30000-pro-disposables-wholesale\/\"><strong>Bang King 30000 Potiahnut\u00ed Vap\u00a0 \u00a0<span style=\"color: #ff0000\">&gt;&gt;&gt;&gt; \u00eds\u0165!<\/span><\/strong><\/a><\/p>\n<p><strong><a href=\"https:\/\/rmvapesale.com\/sk\/product\/faivono-bang-maxi-15000-puffs-disposable-vape-bulk-wholesale\/\">AIVONO Aim Bang Maxi 15000 \u0165ahov <span style=\"color: #ff0000\">&gt;&gt;&gt;&gt; \u00eds\u0165!<\/span><\/a>\u00a0<\/strong><\/p>\n<p><a href=\"https:\/\/rmvapesale.com\/sk\/product\/bang-box-30000-puff-double-taste-smart-screen-disposable-vape\/\"><strong>Bang Vape Box 30000 Potiahnut\u00ed <span style=\"color: #ff0000\">&gt;&gt;&gt;&gt; \u00eds\u0165!<\/span><\/strong><\/a><\/p>\n<p>&nbsp;<\/p>\n<p>&nbsp;<\/p>\n<p>N\u00e1jdite \u010fal\u0161ie vape produkty, ktor\u00e9 by sa v\u00e1m mohli p\u00e1\u010di\u0165:<strong><em><a href=\"https:\/\/rmvapesale.com\/sk\/shop-2\/\">nakupova\u0165 teraz &gt;&gt;&gt;<\/a><\/em><\/strong><\/p>","protected":false},"excerpt":{"rendered":"<p>Bang Vape 36k Jednorazov\u00e1 vape ve\u013ekoobchodn\u00e1 k\u00fapa ve\u013ekoobchodn\u00e1 cena<br \/>\nVape Bang Puff 36000 Box v\u0161etky pr\u00edchute na sklade<br \/>\nBang 36000 Puffs Dob\u00edjate\u013en\u00e1 jednorazov\u00e1 vape<\/p>\n<p><img loading=\"lazy\" decoding=\"async\" class=\"size-full wp-image-1978\" src=\"https:\/\/rmvapesale.com\/wp-content\/uploads\/2024\/09\/Disposable-Vape-Wholesale.jpg\" alt=\"Jednorazov\u00fd vape ve\u013ekoobchod\" width=\"229\" height=\"300\" \/><\/p>\n<h3><a href=\"https:\/\/wa.me\/8617776015835\"><span style=\"color: #ff0000\"><strong>WhatsApp: +86 17776015835<\/strong><\/span><\/a><\/h3>\n<p>&nbsp;<\/p>","protected":false},"featured_media":2393,"comment_status":"open","ping_status":"closed","template":"","meta":{"_uag_custom_page_level_css":"","_lmt_disableupdate":"","_lmt_disable":"","site-sidebar-layout":"default","site-content-layout":"content-boxed-container","ast-site-content-layout":"normal-width-container","site-content-style":"boxed","site-sidebar-style":"unboxed","ast-global-header-display":"","ast-banner-title-visibility":"","ast-main-header-display":"","ast-hfb-above-header-display":"","ast-hfb-below-header-display":"","ast-hfb-mobile-header-display":"","site-post-title":"","ast-breadcrumbs-content":"","ast-featured-img":"","footer-sml-layout":"","theme-transparent-header-meta":"default","adv-header-id-meta":"","stick-header-meta":"","header-above-stick-meta":"","header-main-stick-meta":"","header-below-stick-meta":"","astra-migrate-meta-layouts":"set","ast-page-background-enabled":"default","ast-page-background-meta":{"desktop":{"background-color":"var(--ast-global-color-4)","background-image":"","background-repeat":"repeat","background-position":"center center","background-size":"auto","background-attachment":"scroll","background-type":"","background-media":"","overlay-type":"","overlay-color":"","overlay-opacity":"","overlay-gradient":""},"tablet":{"background-color":"","background-image":"","background-repeat":"repeat","background-position":"center center","background-size":"auto","background-attachment":"scroll","background-type":"","background-media":"","overlay-type":"","overlay-color":"","overlay-opacity":"","overlay-gradient":""},"mobile":{"background-color":"","background-image":"","background-repeat":"repeat","background-position":"center center","background-size":"auto","background-attachment":"scroll","background-type":"","background-media":"","overlay-type":"","overlay-color":"","overlay-opacity":"","overlay-gradient":""}},"ast-content-background-meta":{"desktop":{"background-color":"var(--ast-global-color-5)","background-image":"","background-repeat":"repeat","background-position":"center center","background-size":"auto","background-attachment":"scroll","background-type":"","background-media":"","overlay-type":"","overlay-color":"","overlay-opacity":"","overlay-gradient":""},"tablet":{"background-color":"var(--ast-global-color-5)","background-image":"","background-repeat":"repeat","background-position":"center center","background-size":"auto","background-attachment":"scroll","background-type":"","background-media":"","overlay-type":"","overlay-color":"","overlay-opacity":"","overlay-gradient":""},"mobile":{"background-color":"var(--ast-global-color-5)","background-image":"","background-repeat":"repeat","background-position":"center center","background-size":"auto","background-attachment":"scroll","background-type":"","background-media":"","overlay-type":"","overlay-color":"","overlay-opacity":"","overlay-gradient":""}},"_joinchat":[]},"product_brand":[],"product_cat":[15,25,123,26,28,135,27,60,137,136,30],"product_tag":[148,150,146,126,151,111,132,85],"class_list":{"0":"post-2398","1":"product","2":"type-product","3":"status-publish","4":"has-post-thumbnail","6":"product_cat-new-vape-this-week","7":"product_cat-germany-best-selling-vape","8":"product_cat-italy-wholesale-vape","9":"product_cat-netherlands-hot-sale-vape","10":"product_cat-poland-hot-sale-vape","11":"product_cat-spain-best-hot-sale-vape","12":"product_cat-fance-hot-sale-vape","13":"product_cat-bang-vapes","14":"product_cat-rechargeable-vapes","15":"product_cat-smart-screen-vapes","16":"product_cat-minimum-order-quantity-50pcs","17":"product_tag-bang-disposable-vape","18":"product_tag-bang-vape-bar","19":"product_tag-best-hot-sale-vape","20":"product_tag-e-cigarettes","21":"product_tag-full-display-vape","22":"product_tag-low-nicotine-disposable-vape","23":"product_tag-rechargeable-vape","24":"product_tag-smart-disposable-vape","25":"desktop-align-left","26":"tablet-align-left","27":"mobile-align-left","29":"first","30":"instock","31":"sale","32":"shipping-taxable","33":"purchasable","34":"product-type-simple"},"uagb_featured_image_src":{"full":["https:\/\/rmvapesale.com\/wp-content\/uploads\/2024\/10\/Bang-36000-Puffs-Disposable-Vape-Bulk.jpg",808,808,false],"thumbnail":["https:\/\/rmvapesale.com\/wp-content\/uploads\/2024\/10\/Bang-36000-Puffs-Disposable-Vape-Bulk-150x150.jpg",150,150,true],"medium":["https:\/\/rmvapesale.com\/wp-content\/uploads\/2024\/10\/Bang-36000-Puffs-Disposable-Vape-Bulk-300x300.jpg",300,300,true],"medium_large":["https:\/\/rmvapesale.com\/wp-content\/uploads\/2024\/10\/Bang-36000-Puffs-Disposable-Vape-Bulk-768x768.jpg",768,768,true],"large":["https:\/\/rmvapesale.com\/wp-content\/uploads\/2024\/10\/Bang-36000-Puffs-Disposable-Vape-Bulk.jpg",808,808,false],"1536x1536":["https:\/\/rmvapesale.com\/wp-content\/uploads\/2024\/10\/Bang-36000-Puffs-Disposable-Vape-Bulk.jpg",808,808,false],"2048x2048":["https:\/\/rmvapesale.com\/wp-content\/uploads\/2024\/10\/Bang-36000-Puffs-Disposable-Vape-Bulk.jpg",808,808,false],"trp-custom-language-flag":["https:\/\/rmvapesale.com\/wp-content\/uploads\/2024\/10\/Bang-36000-Puffs-Disposable-Vape-Bulk.jpg",12,12,false],"woocommerce_thumbnail":["https:\/\/rmvapesale.com\/wp-content\/uploads\/2024\/10\/Bang-36000-Puffs-Disposable-Vape-Bulk-300x300.jpg",300,300,true],"woocommerce_single":["https:\/\/rmvapesale.com\/wp-content\/uploads\/2024\/10\/Bang-36000-Puffs-Disposable-Vape-Bulk-600x600.jpg",600,600,true],"woocommerce_gallery_thumbnail":["https:\/\/rmvapesale.com\/wp-content\/uploads\/2024\/10\/Bang-36000-Puffs-Disposable-Vape-Bulk-100x100.jpg",100,100,true],"wcpr-photo-reviews":["https:\/\/rmvapesale.com\/wp-content\/uploads\/2024\/10\/Bang-36000-Puffs-Disposable-Vape-Bulk.jpg",500,500,false]},"uagb_author_info":{"display_name":"AMY","author_link":"https:\/\/rmvapesale.com\/sk\/author\/"},"uagb_comment_info":0,"uagb_excerpt":"Bang Vape 36k Disposable Vape Bulk Buy Wholesale price Vape Bang Puff 36000 Box All Flavors in Stock Bang 36000 Puffs Rechargeable Disposable Vape WhatsApp: +86 17776015835 &nbsp;","_links":{"self":[{"href":"https:\/\/rmvapesale.com\/sk\/wp-json\/wp\/v2\/product\/2398","targetHints":{"allow":["GET"]}}],"collection":[{"href":"https:\/\/rmvapesale.com\/sk\/wp-json\/wp\/v2\/product"}],"about":[{"href":"https:\/\/rmvapesale.com\/sk\/wp-json\/wp\/v2\/types\/product"}],"replies":[{"embeddable":true,"href":"https:\/\/rmvapesale.com\/sk\/wp-json\/wp\/v2\/comments?post=2398"}],"wp:featuredmedia":[{"embeddable":true,"href":"https:\/\/rmvapesale.com\/sk\/wp-json\/wp\/v2\/media\/2393"}],"wp:attachment":[{"href":"https:\/\/rmvapesale.com\/sk\/wp-json\/wp\/v2\/media?parent=2398"}],"wp:term":[{"taxonomy":"product_brand","embeddable":true,"href":"https:\/\/rmvapesale.com\/sk\/wp-json\/wp\/v2\/product_brand?post=2398"},{"taxonomy":"product_cat","embeddable":true,"href":"https:\/\/rmvapesale.com\/sk\/wp-json\/wp\/v2\/product_cat?post=2398"},{"taxonomy":"product_tag","embeddable":true,"href":"https:\/\/rmvapesale.com\/sk\/wp-json\/wp\/v2\/product_tag?post=2398"}],"curies":[{"name":"wp","href":"https:\/\/api.w.org\/{rel}","templated":true}]}}