{"id":2410,"date":"2024-10-15T03:28:17","date_gmt":"2024-10-15T03:28:17","guid":{"rendered":"https:\/\/rmvapesale.com\/?post_type=product&#038;p=2410"},"modified":"2024-10-15T08:43:04","modified_gmt":"2024-10-15T08:43:04","slug":"bang-box-20000-puffs-vape-0-2-5-nicotine","status":"publish","type":"product","link":"https:\/\/rmvapesale.com\/sk\/product\/bang-box-20000-puffs-vape-0-2-5-nicotine\/","title":{"rendered":"Bang Box 20000 \u0164ahov Vape 0% 2% 5% Nikot\u00edn"},"content":{"rendered":"<div class=\"B2VR9 CJHX3e\">\n<div class=\"wyccme\">\n<h1 class=\"LC20lb MBeuO DKV0Md\">Bang Box 20000 \u0164ahov Vape 0% 2% 5% Nikot\u00edn<\/h1>\n<div class=\"flex-shrink-0 flex flex-col relative items-end\">\n<div class=\"pt-0\">\n<div class=\"gizmo-bot-avatar flex h-8 w-8 items-center justify-center overflow-hidden rounded-full\">\n<div class=\"relative p-1 rounded-sm flex items-center justify-center bg-token-main-surface-primary text-token-text-primary h-8 w-8\">\n<p>Bang Box 20000 Puffs Vape je v\u00fdnimo\u010dn\u00fd produkt na trhu vapingu, navrhnut\u00fd pre be\u017en\u00fdch aj v\u00e1\u0161niv\u00fdch vap\u00e9rov. Poskytuje a\u017e 20 000 pufov, pon\u00faka dlhodob\u00fd z\u00e1\u017eitok z vapingu, ktor\u00fd je z\u00e1rove\u0148 pohodln\u00fd a ekonomick\u00fd. Tento vape per\u00e1 je dostupn\u00fd v r\u00f4znych koncentr\u00e1ci\u00e1ch nikot\u00ednu, vr\u00e1tane 0%, 2%, 3% a 5%, \u010do umo\u017e\u0148uje pou\u017e\u00edvate\u013eom vybra\u0165 si preferovan\u00fa \u00farove\u0148.<\/p>\n<p>Jednou z k\u013e\u00fa\u010dov\u00fdch vlastnost\u00ed Bang Box 20k puff je jeho dob\u00edjate\u013en\u00e1 bat\u00e9ria, ktor\u00e1 zvy\u0161uje jeho udr\u017eate\u013enos\u0165 v porovnan\u00ed s tradi\u010dn\u00fdmi jednorazov\u00fdmi vaporiz\u00e9rmi. Tento bang vape je vybaven\u00fd kapacitou 25 ml e-liquidu, \u010do zabezpe\u010duje dlh\u00e9 rel\u00e1cie vapingu.<\/p>\n<p>Okrem toho je Bang 20000 bar navrhnut\u00fd s dvojit\u00fdm mrie\u017ekov\u00fdm \u0161pir\u00e1lov\u00fdm syst\u00e9mom, ktor\u00fd zlep\u0161uje chu\u0165 a produkciu pary, \u010d\u00edm ka\u017ed\u00fd puf je uspokojiv\u00fd. Elegantn\u00fd a prenosn\u00fd dizajn u\u013eah\u010duje jeho pren\u00e1\u0161anie, \u010do vyhovuje potreb\u00e1m pou\u017e\u00edvate\u013eov, ktor\u00ed s\u00fa st\u00e1le na cest\u00e1ch.<\/p>\n<p>Celkovo je Bang Box 20000 Puffs Jednorazov\u00fd vaporiz\u00e9r vynikaj\u00facou vo\u013ebou pre t\u00fdch, ktor\u00ed h\u013eadaj\u00fa spo\u013eahliv\u00fa a ve\u013ek\u00fa d\u00e1vku vapingu.<\/p>\n<\/div>\n<\/div>\n<\/div>\n<\/div>\n<\/div>\n<\/div>\n<p><strong>Kontaktujte Amy a z\u00edskajte spr\u00e1vnu odpove\u010f a \u010fal\u0161ie vide\u00e1 o produktoch!<\/strong><\/p>\n<p><img loading=\"lazy\" decoding=\"async\" class=\"size-full wp-image-1978\" src=\"https:\/\/rmvapesale.com\/wp-content\/uploads\/2024\/09\/Disposable-Vape-Wholesale.jpg\" alt=\"Jednorazov\u00fd vape ve\u013ekoobchod\" width=\"229\" height=\"300\" \/><\/p>\n<h3><a href=\"https:\/\/wa.me\/8617776015835\" target=\"_blank\" rel=\"noopener\"><span style=\"color: #ff0000\"><strong>WhatsApp: +86 17776015835<\/strong><\/span><\/a><\/h3>\n<p>&nbsp;<\/p>\n<h2><\/h2>\n<h2><strong>Bang Jednorazov\u00fd vaporiz\u00e9r 20000 K\u013e\u00fa\u010dov\u00e9 vlastnosti<\/strong><\/h2>\n<p>Pufy: A\u017e 20000 pufov<br \/>\nTekutina: 35 ml predplnen\u00e9<br \/>\nNikot\u00edn: 0% 2% 3% 5%<br \/>\nJadro: Mrie\u017ekov\u00e1 \u0161pir\u00e1lka 1.0\u03a9<br \/>\nBat\u00e9ria: 850mAh dob\u00edjate\u013en\u00e1 typ-C<br \/>\nInteligentn\u00fd displej pre olej a e-liquid<\/p>\n<h2><\/h2>\n<h2><strong>Hlavn\u00e1 chu\u0165 pre Bang 20000 Puffs Displej Smart Vape<\/strong><\/h2>\n<p>Bang Box 20000 Puffs Vape pon\u00faka rozmanit\u00fd v\u00fdber chut\u00ed navrhnut\u00fdch tak, aby vyhovovali r\u00f4znym preferenci\u00e1m. Ka\u017ed\u00e1 chu\u0165 je vytvoren\u00e1 tak, aby poskytovala jedine\u010dn\u00fd z\u00e1\u017eitok z vapingu, \u010do zaru\u010duje, \u017ee si ka\u017ed\u00fd n\u00e1jde nie\u010do pod\u013ea svojho gusta. Ob\u013e\u00faben\u00e9 mo\u017enosti zah\u0155\u0148aj\u00fa ovocn\u00e9 chute ako mel\u00f3n, mango a zmie\u0161an\u00e9 bobule, ktor\u00e9 prin\u00e1\u0161aj\u00fa osvie\u017euj\u00faci a sladk\u00fd pocit.<\/p>\n<p>1. Jahodovo-kiwi<br \/>\n2.Kiwi marakuja guava<span style=\"color: #ff0000\"><strong>&gt;&gt;&gt;&gt; Hor\u00face!<\/strong><\/span><br \/>\n3.Jahoda Mel\u00f3n<span style=\"color: #ff0000\"><strong>&gt;&gt;&gt;&gt; Hor\u00face!<\/strong><\/span><br \/>\n4. Malina-mel\u00f3n<br \/>\n5. \u010cu\u010doriedkov\u00e1 kysl\u00e1 malinov\u00e1 \u013eadov\u00e1<br \/>\n6. Mel\u00f3nov\u00e1 \u013eadov\u00e1<br \/>\n7. Ban\u00e1nov\u00e1 \u013eadov\u00e1<br \/>\n8. Mango brosky\u0148a<br \/>\n9. Modr\u00e1 malina \u013ead<span style=\"color: #ff0000\"><strong>&gt;&gt;&gt;&gt; Najlep\u0161ie!<\/strong><\/span><br \/>\n10. Mr. Blue<br \/>\n11. Hroznov\u00e1 \u013eadov\u00e1<br \/>\n12. Mango s \u013eadom<\/p>\n<figure id=\"attachment_2404\" aria-describedby=\"caption-attachment-2404\" style=\"width: 800px\" class=\"wp-caption alignnone\"><img loading=\"lazy\" decoding=\"async\" class=\"wp-image-2404 size-full\" src=\"https:\/\/rmvapesale.com\/wp-content\/uploads\/2024\/10\/Bang-box-20000-Puffs-Disposable-Vape-Bulk-Buy.jpg\" alt=\"Bang box 20000 \u0164ahov Jednorazov\u00e1 Vape Ve\u013ekoobchodn\u00fd N\u00e1kup\" width=\"800\" height=\"504\" srcset=\"https:\/\/rmvapesale.com\/wp-content\/uploads\/2024\/10\/Bang-box-20000-Puffs-Disposable-Vape-Bulk-Buy.jpg 800w, https:\/\/rmvapesale.com\/wp-content\/uploads\/2024\/10\/Bang-box-20000-Puffs-Disposable-Vape-Bulk-Buy-300x189.jpg 300w, https:\/\/rmvapesale.com\/wp-content\/uploads\/2024\/10\/Bang-box-20000-Puffs-Disposable-Vape-Bulk-Buy-768x484.jpg 768w, https:\/\/rmvapesale.com\/wp-content\/uploads\/2024\/10\/Bang-box-20000-Puffs-Disposable-Vape-Bulk-Buy-600x378.jpg 600w\" sizes=\"auto, (max-width: 800px) 100vw, 800px\" \/><figcaption id=\"caption-attachment-2404\" class=\"wp-caption-text\">Bang box 20000 \u0164ahov Jednorazov\u00e1 Vape Ve\u013ekoobchodn\u00fd N\u00e1kup<\/figcaption><\/figure>\n<h3><\/h3>\n<h3><strong>Pre\u010do si vybra\u0165 Rmvapesale pre Bang Vape Puff 20000 Nab\u00edjate\u013en\u00fa Vape<\/strong><strong>?<\/strong><\/h3>\n<div class=\"flex-shrink-0 flex flex-col relative items-end\">\n<div class=\"pt-0\">\n<div class=\"gizmo-bot-avatar flex h-8 w-8 items-center justify-center overflow-hidden rounded-full\">\n<div class=\"relative p-1 rounded-sm flex items-center justify-center bg-token-main-surface-primary text-token-text-primary h-8 w-8\">\n<p>&nbsp;<\/p>\n<p>Ke\u010f si vyberiete Rmvapesale pre va\u0161e ve\u013ekoobchodn\u00e9 potreby s jednorazov\u00fdmi vapmi, z\u00edskate:<\/p>\n<ul>\n<li><strong>Konkuren\u010dn\u00e1 cena<\/strong>: Z\u00edskajte pr\u00edstup k atrakt\u00edvnym ve\u013ekoobchodn\u00fdm cen\u00e1m, ktor\u00e9 zv\u00fd\u0161ia mar\u017ee v\u00e1\u0161ho podnikania.<\/li>\n<li><strong>Vysok\u00e1 kvalita<\/strong>: Na\u0161e vapy s\u00fa vyr\u00e1ban\u00e9 pod\u013ea najvy\u0161\u0161\u00edch \u0161tandardov a <span style=\"color: #ff0000\"><strong>zaru\u010dene 100% origin\u00e1lne a autentick\u00e9, alebo v\u00e1m poskytneme 10-n\u00e1sobn\u00fa kompenz\u00e1ciu za falo\u0161n\u00fd tovar!<\/strong><\/span><\/li>\n<li><strong>Vynikaj\u00faci z\u00e1kazn\u00edcky servis<\/strong>: N\u00e1\u0161 oddan\u00fd t\u00edm je v\u017edy pripraven\u00fd v\u00e1m pom\u00f4c\u0165, v\u010faka \u010domu bude v\u00e1\u0161 n\u00e1kupn\u00fd proces plynul\u00fd a bezprobl\u00e9mov\u00fd.<\/li>\n<li><strong>R\u00fdchle<\/strong>: O\u010dak\u00e1vajte r\u00fdchle a spo\u013eahliv\u00e9 doru\u010denie, ktor\u00e9 zaist\u00ed, \u017ee va\u0161e objedn\u00e1vky dorazia v\u017edy na\u010das.<\/li>\n<\/ul>\n<\/div>\n<h3><\/h3>\n<div class=\"relative p-1 rounded-sm flex items-center justify-center bg-token-main-surface-primary text-token-text-primary h-8 w-8\">\n<h3><b>\u010cast\u00e9 ot\u00e1zky<\/b><\/h3>\n<p>&nbsp;<\/p>\n<\/div>\n<\/div>\n<\/div>\n<\/div>\n<div class=\"group\/conversation-turn relative flex w-full min-w-0 flex-col agent-turn\">\n<div class=\"flex-col gap-1 md:gap-3\">\n<div class=\"flex max-w-full flex-col flex-grow\">\n<div class=\"min-h-8 text-message flex w-full flex-col items-end gap-2 whitespace-normal break-words [.text-message+&amp;]:mt-5\" dir=\"auto\" data-message-author-role=\"assistant\" data-message-id=\"f226d3fc-81f3-46d5-8c46-31787fff0357\">\n<div class=\"flex w-full flex-col gap-1 empty:hidden first:pt-[3px]\">\n<div class=\"markdown prose w-full break-words dark:prose-invert light\">\n<p>1. Ak\u00fd je po\u010det \u0165ahov Bang Box 20 000 Puffs Vape?<br \/>\nJednorazov\u00e1 vape Bang Box pon\u00faka a\u017e 20 000 \u0165ahov na jedno zariadenie, \u010do z nej rob\u00ed dlhotrvaj\u00facu mo\u017enos\u0165 pre pou\u017e\u00edvate\u013eov, ktor\u00ed h\u013eadaj\u00fa dlh\u0161ie pou\u017e\u00edvanie bez \u010dastej v\u00fdmeny.<\/p>\n<p>2. Ak\u00e9 s\u00fa dostupn\u00e9 sily nikot\u00ednu pre Bang Box 20000 Vape?<br \/>\nT\u00e1to vape sa dod\u00e1va so \u0161tyrmi mo\u017enos\u0165ami koncentr\u00e1cie nikot\u00ednu: 0%, 2%, 3% a 5%. Pou\u017e\u00edvatelia si m\u00f4\u017eu vybra\u0165 na z\u00e1klade svojich osobn\u00fdch preferenci\u00ed alebo tolerancie nikot\u00ednu.<\/p>\n<p>3. Je Bang Vape 20 000 nab\u00edjate\u013en\u00e1?<br \/>\n\u00c1no, zariadenie je nab\u00edjate\u013en\u00e9, \u010do pou\u017e\u00edvate\u013eom umo\u017e\u0148uje vy\u0165a\u017ei\u0165 maximum z vysok\u00e9ho po\u010dtu \u0165ahov bez ob\u00e1v, \u017ee sa bat\u00e9ria vybije sk\u00f4r, ako sa e-liquid spotrebuje.<\/p>\n<p>4. Ak\u00e9 pr\u00edchute s\u00fa dostupn\u00e9 pre Bang Box 20 000 Nab\u00edjate\u013en\u00fa Vape?<br \/>\nZariadenie je dostupn\u00e9 v r\u00f4znych pr\u00edchutiach. Konkr\u00e9tne pr\u00edchute sa v\u0161ak m\u00f4\u017eu l\u00ed\u0161i\u0165 v z\u00e1vislosti od v\u00fdberu maloobchodn\u00edka alebo v\u00fdrobcu. Medzi typick\u00e9 mo\u017enosti patria ob\u013e\u00faben\u00e9 ovocn\u00e9, mentolov\u00e9 a dezertn\u00e9 pr\u00edchute.<\/p>\n<p>5. M\u00f4\u017eem si k\u00fapi\u0165 Bang Jednorazov\u00fa 20 000 Puffs vo ve\u013ekom?<br \/>\n\u00c1no, zariadenie je k dispoz\u00edcii na hromadn\u00fd n\u00e1kup, \u010do ho rob\u00ed ide\u00e1lnym pre ve\u013ekoobchodn\u00fdch kupuj\u00facich alebo jednotlivcov, ktor\u00ed si chc\u00fa z\u00e1sobi\u0165 ve\u013ek\u00e9 mno\u017estvo jednorazov\u00fdch vapes.<\/p>\n<p>6. Je Bang Box 20 000 Puffs Vape vhodn\u00e1 pre za\u010diato\u010dn\u00edkov?<br \/>\nVape Bang Box je navrhnut\u00fd tak, aby bol jednoduch\u00fd na pou\u017e\u00edvanie, bez potreby \u00fadr\u017eby. Je vhodn\u00fd pre za\u010diato\u010dn\u00edkov aj sk\u00fasen\u00fdch vap\u00e9rov v\u010faka svojmu pou\u017e\u00edvate\u013esky pr\u00edvetiv\u00e9mu dizajnu a vysok\u00e9mu po\u010dtu potiahnut\u00ed.<\/p>\n<\/div>\n<\/div>\n<\/div>\n<\/div>\n<\/div>\n<\/div>\n<h3>O doru\u010den\u00ed<\/h3>\n<div class=\"flex-shrink-0 flex flex-col relative items-end\">\n<div>\n<div class=\"pt-0\">\n<div class=\"gizmo-bot-avatar flex h-8 w-8 items-center justify-center overflow-hidden rounded-full\">\n<div><\/div>\n<div class=\"relative p-1 rounded-sm flex items-center justify-center bg-token-main-surface-primary text-token-text-primary h-8 w-8\"><strong>1. Ak\u00e9 sp\u00f4soby doru\u010denia pou\u017e\u00edvate?<\/strong><\/div>\n<\/div>\n<\/div>\n<\/div>\n<\/div>\n<div class=\"group\/conversation-turn relative flex w-full min-w-0 flex-col agent-turn\">\n<div class=\"flex-col gap-1 md:gap-3\">\n<div class=\"flex max-w-full flex-col flex-grow\">\n<div class=\"min-h-[20px] text-message flex w-full flex-col items-end gap-2 whitespace-normal break-words [.text-message+&amp;]:mt-5 overflow-x-auto\" dir=\"auto\" data-message-author-role=\"assistant\" data-message-id=\"22f8283b-3233-46ff-89a5-c7a41b33abda\">\n<div class=\"flex w-full flex-col gap-1 empty:hidden first:pt-[3px]\">\n<div class=\"markdown prose w-full break-words dark:prose-invert light\">\n<p>Spolupracujeme so spolo\u010dnos\u0165ami UPS, DHL, FedEx, DPD a \u010fal\u0161\u00edmi popredn\u00fdmi dopravcami. Vyberieme najlep\u0161\u00ed sp\u00f4sob doru\u010denia na z\u00e1klade va\u0161ej adresy, aby sme zaistili, \u017ee svoje produkty dostanete \u010do najr\u00fdchlej\u0161ie.<\/p>\n<\/div>\n<p><strong>2. Ako dlho trv\u00e1 doru\u010denie?<\/strong><\/p>\n<p>Bal\u00edky doru\u010dovan\u00e9 na Slovensko zvy\u010dajne dorazia do 10 pracovn\u00fdch dn\u00ed. Doru\u010denie do eur\u00f3pskych kraj\u00edn zvy\u010dajne trv\u00e1 asi 12-15 pracovn\u00fdch dn\u00ed. Budeme v\u00e1s informova\u0165 o stave doru\u010denia v re\u00e1lnom \u010dase.<\/p>\n<\/div>\n<\/div>\n<\/div>\n<\/div>\n<\/div>\n<p>&nbsp;<\/p>\n<p>\u010eal\u0161ie hor\u00face vapy, ktor\u00e9 by sa v\u00e1m mohli p\u00e1\u010di\u0165:<\/p>\n<p><a href=\"https:\/\/rmvapesale.com\/sk\/product\/bang-vape-30000-pro-disposables-wholesale\/\"><strong>Bang King 30000 Potiahnut\u00ed Vap\u00a0 \u00a0<span style=\"color: #ff0000\">&gt;&gt;&gt;&gt; \u00eds\u0165!<\/span><\/strong><\/a><\/p>\n<p><strong><a href=\"https:\/\/rmvapesale.com\/sk\/product\/faivono-bang-maxi-15000-puffs-disposable-vape-bulk-wholesale\/\">AIVONO Aim Bang Maxi 15000 \u0165ahov <span style=\"color: #ff0000\">&gt;&gt;&gt;&gt; \u00eds\u0165!<\/span><\/a>\u00a0<\/strong><\/p>\n<p><a href=\"https:\/\/rmvapesale.com\/sk\/product\/bang-box-30000-puff-double-taste-smart-screen-disposable-vape\/\"><strong>Bang Vape Box 30000 Potiahnut\u00ed <span style=\"color: #ff0000\">&gt;&gt;&gt;&gt; \u00eds\u0165!<\/span><\/strong><\/a><\/p>\n<p>&nbsp;<\/p>\n<p>&nbsp;<\/p>\n<p>N\u00e1jdite \u010fal\u0161ie vape produkty, ktor\u00e9 by sa v\u00e1m mohli p\u00e1\u010di\u0165:<strong><em><a href=\"https:\/\/rmvapesale.com\/sk\/shop-2\/\">nakupova\u0165 teraz &gt;&gt;&gt;<\/a><\/em><\/strong><\/p>","protected":false},"excerpt":{"rendered":"<p>Bang Box 20000 Puffs Jednorazov\u00fd vaporiz\u00e9r<br \/>\nBang 20000 Puffs LED displej Jednorazov\u00fd vaporiz\u00e9r<br \/>\nBang Box 20000 Pufov Jednorazov\u00fd vaporiz\u00e9r<\/p>\n<p><img loading=\"lazy\" decoding=\"async\" class=\"size-full wp-image-1978\" src=\"https:\/\/rmvapesale.com\/wp-content\/uploads\/2024\/09\/Disposable-Vape-Wholesale.jpg\" alt=\"Jednorazov\u00fd vape ve\u013ekoobchod\" width=\"229\" height=\"300\" \/><\/p>\n<h3><a href=\"https:\/\/wa.me\/8617776015835\"><span style=\"color: #ff0000\"><strong>WhatsApp: +86 17776015835<\/strong><\/span><\/a><\/h3>\n<p>&nbsp;<\/p>","protected":false},"featured_media":2407,"comment_status":"open","ping_status":"closed","template":"","meta":{"_uag_custom_page_level_css":"","_lmt_disableupdate":"","_lmt_disable":"","site-sidebar-layout":"default","site-content-layout":"content-boxed-container","ast-site-content-layout":"normal-width-container","site-content-style":"boxed","site-sidebar-style":"unboxed","ast-global-header-display":"","ast-banner-title-visibility":"","ast-main-header-display":"","ast-hfb-above-header-display":"","ast-hfb-below-header-display":"","ast-hfb-mobile-header-display":"","site-post-title":"","ast-breadcrumbs-content":"","ast-featured-img":"","footer-sml-layout":"","theme-transparent-header-meta":"default","adv-header-id-meta":"","stick-header-meta":"","header-above-stick-meta":"","header-main-stick-meta":"","header-below-stick-meta":"","astra-migrate-meta-layouts":"set","ast-page-background-enabled":"default","ast-page-background-meta":{"desktop":{"background-color":"var(--ast-global-color-4)","background-image":"","background-repeat":"repeat","background-position":"center center","background-size":"auto","background-attachment":"scroll","background-type":"","background-media":"","overlay-type":"","overlay-color":"","overlay-opacity":"","overlay-gradient":""},"tablet":{"background-color":"","background-image":"","background-repeat":"repeat","background-position":"center center","background-size":"auto","background-attachment":"scroll","background-type":"","background-media":"","overlay-type":"","overlay-color":"","overlay-opacity":"","overlay-gradient":""},"mobile":{"background-color":"","background-image":"","background-repeat":"repeat","background-position":"center center","background-size":"auto","background-attachment":"scroll","background-type":"","background-media":"","overlay-type":"","overlay-color":"","overlay-opacity":"","overlay-gradient":""}},"ast-content-background-meta":{"desktop":{"background-color":"var(--ast-global-color-5)","background-image":"","background-repeat":"repeat","background-position":"center center","background-size":"auto","background-attachment":"scroll","background-type":"","background-media":"","overlay-type":"","overlay-color":"","overlay-opacity":"","overlay-gradient":""},"tablet":{"background-color":"var(--ast-global-color-5)","background-image":"","background-repeat":"repeat","background-position":"center center","background-size":"auto","background-attachment":"scroll","background-type":"","background-media":"","overlay-type":"","overlay-color":"","overlay-opacity":"","overlay-gradient":""},"mobile":{"background-color":"var(--ast-global-color-5)","background-image":"","background-repeat":"repeat","background-position":"center center","background-size":"auto","background-attachment":"scroll","background-type":"","background-media":"","overlay-type":"","overlay-color":"","overlay-opacity":"","overlay-gradient":""}},"_joinchat":[]},"product_brand":[],"product_cat":[15,25,123,26,28,135,27,60,137,136,30],"product_tag":[152,148,150,146,126,111,132,85],"class_list":{"0":"post-2410","1":"product","2":"type-product","3":"status-publish","4":"has-post-thumbnail","6":"product_cat-new-vape-this-week","7":"product_cat-germany-best-selling-vape","8":"product_cat-italy-wholesale-vape","9":"product_cat-netherlands-hot-sale-vape","10":"product_cat-poland-hot-sale-vape","11":"product_cat-spain-best-hot-sale-vape","12":"product_cat-fance-hot-sale-vape","13":"product_cat-bang-vapes","14":"product_cat-rechargeable-vapes","15":"product_cat-smart-screen-vapes","16":"product_cat-minimum-order-quantity-50pcs","17":"product_tag-bang-20000-puff","18":"product_tag-bang-disposable-vape","19":"product_tag-bang-vape-bar","20":"product_tag-best-hot-sale-vape","21":"product_tag-e-cigarettes","22":"product_tag-low-nicotine-disposable-vape","23":"product_tag-rechargeable-vape","24":"product_tag-smart-disposable-vape","25":"desktop-align-left","26":"tablet-align-left","27":"mobile-align-left","29":"first","30":"instock","31":"sale","32":"shipping-taxable","33":"purchasable","34":"product-type-simple"},"uagb_featured_image_src":{"full":["https:\/\/rmvapesale.com\/wp-content\/uploads\/2024\/10\/Bang-box-20000-Puffs-Disposable-Vape-Rechargeable.jpg",800,800,false],"thumbnail":["https:\/\/rmvapesale.com\/wp-content\/uploads\/2024\/10\/Bang-box-20000-Puffs-Disposable-Vape-Rechargeable-150x150.jpg",150,150,true],"medium":["https:\/\/rmvapesale.com\/wp-content\/uploads\/2024\/10\/Bang-box-20000-Puffs-Disposable-Vape-Rechargeable-300x300.jpg",300,300,true],"medium_large":["https:\/\/rmvapesale.com\/wp-content\/uploads\/2024\/10\/Bang-box-20000-Puffs-Disposable-Vape-Rechargeable-768x768.jpg",768,768,true],"large":["https:\/\/rmvapesale.com\/wp-content\/uploads\/2024\/10\/Bang-box-20000-Puffs-Disposable-Vape-Rechargeable.jpg",800,800,false],"1536x1536":["https:\/\/rmvapesale.com\/wp-content\/uploads\/2024\/10\/Bang-box-20000-Puffs-Disposable-Vape-Rechargeable.jpg",800,800,false],"2048x2048":["https:\/\/rmvapesale.com\/wp-content\/uploads\/2024\/10\/Bang-box-20000-Puffs-Disposable-Vape-Rechargeable.jpg",800,800,false],"trp-custom-language-flag":["https:\/\/rmvapesale.com\/wp-content\/uploads\/2024\/10\/Bang-box-20000-Puffs-Disposable-Vape-Rechargeable.jpg",12,12,false],"woocommerce_thumbnail":["https:\/\/rmvapesale.com\/wp-content\/uploads\/2024\/10\/Bang-box-20000-Puffs-Disposable-Vape-Rechargeable-300x300.jpg",300,300,true],"woocommerce_single":["https:\/\/rmvapesale.com\/wp-content\/uploads\/2024\/10\/Bang-box-20000-Puffs-Disposable-Vape-Rechargeable-600x600.jpg",600,600,true],"woocommerce_gallery_thumbnail":["https:\/\/rmvapesale.com\/wp-content\/uploads\/2024\/10\/Bang-box-20000-Puffs-Disposable-Vape-Rechargeable-100x100.jpg",100,100,true],"wcpr-photo-reviews":["https:\/\/rmvapesale.com\/wp-content\/uploads\/2024\/10\/Bang-box-20000-Puffs-Disposable-Vape-Rechargeable.jpg",500,500,false]},"uagb_author_info":{"display_name":"AMY","author_link":"https:\/\/rmvapesale.com\/sk\/author\/"},"uagb_comment_info":0,"uagb_excerpt":"Bang Box 20000 Puffs Disposable Vape Bang 20000 Puffs LED Display Disposable Vape Bang Box 20000 Puff Vapes Disposable Vape WhatsApp: +86 17776015835 &nbsp;","_links":{"self":[{"href":"https:\/\/rmvapesale.com\/sk\/wp-json\/wp\/v2\/product\/2410","targetHints":{"allow":["GET"]}}],"collection":[{"href":"https:\/\/rmvapesale.com\/sk\/wp-json\/wp\/v2\/product"}],"about":[{"href":"https:\/\/rmvapesale.com\/sk\/wp-json\/wp\/v2\/types\/product"}],"replies":[{"embeddable":true,"href":"https:\/\/rmvapesale.com\/sk\/wp-json\/wp\/v2\/comments?post=2410"}],"wp:featuredmedia":[{"embeddable":true,"href":"https:\/\/rmvapesale.com\/sk\/wp-json\/wp\/v2\/media\/2407"}],"wp:attachment":[{"href":"https:\/\/rmvapesale.com\/sk\/wp-json\/wp\/v2\/media?parent=2410"}],"wp:term":[{"taxonomy":"product_brand","embeddable":true,"href":"https:\/\/rmvapesale.com\/sk\/wp-json\/wp\/v2\/product_brand?post=2410"},{"taxonomy":"product_cat","embeddable":true,"href":"https:\/\/rmvapesale.com\/sk\/wp-json\/wp\/v2\/product_cat?post=2410"},{"taxonomy":"product_tag","embeddable":true,"href":"https:\/\/rmvapesale.com\/sk\/wp-json\/wp\/v2\/product_tag?post=2410"}],"curies":[{"name":"wp","href":"https:\/\/api.w.org\/{rel}","templated":true}]}}