{"id":2421,"date":"2024-10-16T03:58:38","date_gmt":"2024-10-16T03:58:38","guid":{"rendered":"https:\/\/rmvapesale.com\/?post_type=product&#038;p=2421"},"modified":"2024-10-16T06:38:24","modified_gmt":"2024-10-16T06:38:24","slug":"bang-tornado-13000-puffs-disposable-vape-pen-wholesale-price","status":"publish","type":"product","link":"https:\/\/rmvapesale.com\/sk\/product\/bang-tornado-13000-puffs-disposable-vape-pen-wholesale-price\/","title":{"rendered":"Bang Tornado 13000 Puffs Jednorazov\u00e9 Vape Pero Ve\u013ekoobchodn\u00e1 Cena"},"content":{"rendered":"<div class=\"B2VR9 CJHX3e\">\n<div class=\"wyccme\">\n<h1 class=\"LC20lb MBeuO DKV0Md\">Bang Tornado 13000 Puffs Jednorazov\u00e9 Vape Pero Ve\u013ekoobchodn\u00e1 Cena<\/h1>\n<div class=\"flex-shrink-0 flex flex-col relative items-end\">\n<div class=\"pt-0\">\n<div class=\"gizmo-bot-avatar flex h-8 w-8 items-center justify-center overflow-hidden rounded-full\">\n<div class=\"relative p-1 rounded-sm flex items-center justify-center bg-token-main-surface-primary text-token-text-primary h-8 w-8\">\n<p>Bang Tornado 13000 Pufov Jednorazov\u00e9 Vape Pero je prelomov\u00e9 v odvetv\u00ed vapingu, navrhnut\u00e9 pre t\u00fdch, ktor\u00ed h\u013eadaj\u00fa dlhodob\u00fd a chutn\u00fd z\u00e1\u017eitok. Toto inovat\u00edvne zariadenie sa p\u00fd\u0161i impozantnou kapacitou a\u017e do 13 000 pufov, \u010do zabezpe\u010duje, \u017ee si m\u00f4\u017eete vychutna\u0165 svoje ob\u013e\u00faben\u00e9 chute bez starost\u00ed s \u010dastou v\u00fdmenou. S ve\u013ek\u00fdm 23 ml predplnen\u00fdm z\u00e1sobn\u00edkom na e-\u0161\u0165avu si m\u00f4\u017eete dopria\u0165 r\u00f4zne chute, od ovocn\u00fdch po osvie\u017euj\u00face, v\u0161etky navrhnut\u00e9 tak, aby poskytli uspokojiv\u00fd vapingov\u00fd z\u00e1\u017eitok.<\/p>\n<p>Jednou z najv\u00fdraznej\u0161\u00edch vlastnost\u00ed Bang Tornado je mo\u017enos\u0165 prisp\u00f4sobi\u0165 si \u00farove\u0148 nikot\u00ednu, ktor\u00e1 sa pohybuje od 0%, 2% po 5%. To umo\u017e\u0148uje pou\u017e\u00edvate\u013eom prisp\u00f4sobi\u0165 si svoj vapingov\u00fd z\u00e1\u017eitok pod\u013ea osobn\u00fdch preferenci\u00ed, \u010di u\u017e uprednost\u0148uj\u00fa beznikot\u00ednov\u00fa mo\u017enos\u0165 alebo silnej\u0161\u00ed z\u00e1\u017eitok. Nikot\u00ednov\u00e9 vape zariadenie Bang je vybaven\u00e9 sie\u0165ovou cievkou, ktor\u00e1 zlep\u0161uje dod\u00e1vku chuti a produkciu pary, \u010d\u00edm rob\u00ed ka\u017ed\u00fd puf e\u0161te pr\u00edjemnej\u0161\u00edm.<\/p>\n<\/div>\n<\/div>\n<\/div>\n<\/div>\n<\/div>\n<\/div>\n<p><strong>Kontaktujte Amy a z\u00edskajte spr\u00e1vnu odpove\u010f a \u010fal\u0161ie vide\u00e1 o produktoch!<\/strong><\/p>\n<p><img loading=\"lazy\" decoding=\"async\" class=\"size-full wp-image-1978\" src=\"https:\/\/rmvapesale.com\/wp-content\/uploads\/2024\/09\/Disposable-Vape-Wholesale.jpg\" alt=\"Jednorazov\u00fd vape ve\u013ekoobchod\" width=\"229\" height=\"300\" \/><\/p>\n<h3><a href=\"https:\/\/wa.me\/8617776015835\" target=\"_blank\" rel=\"noopener\"><span style=\"color: #ff0000\"><strong>WhatsApp: +86 17776015835<\/strong><\/span><\/a><\/h3>\n<p>&nbsp;<\/p>\n<h2><\/h2>\n<h2><strong>K\u013e\u00fa\u010dov\u00e9 vlastnosti Bang Tornado 13000<\/strong><\/h2>\n<p>Po\u0165ahy: 13000 po\u0165ahov<br \/>\nNikot\u00edn: 0\/2\/3\/5%<br \/>\n23 ml e-liquidu.<br \/>\nMesh Coil (sie\u0165ov\u00e1 \u0161pir\u00e1lka)<br \/>\nNab\u00edjate\u013en\u00e1 Bat\u00e9ria<br \/>\nRGB LED Farby<br \/>\nIntegrovan\u00e1 650mAh Bat\u00e9ria.<br \/>\n16 Pr\u00edchut\u00ed K Dispoz\u00edcii.<\/p>\n<h2><\/h2>\n<h2><strong>Najlep\u0161ia chu\u0165 pre Bang Tornado 13000 Vape<\/strong><\/h2>\n<p>Dostupn\u00e9 v r\u00f4znych 16 chutiach, vr\u00e1tane Blue Razz Ice, Cherry Cola a Strawberry Kiwi, Bang Tornado uspokoj\u00ed r\u00f4zne chute. S konkurencieschopn\u00fdmi ve\u013ekoobchodn\u00fdmi cenami toto zariadenie kombinuje kvalitu a dostupnos\u0165, \u010do z neho rob\u00ed vynikaj\u00facu vo\u013ebu pre jednotlivcov aj predajcov. Zv\u00fd\u0161te svoj vapingov\u00fd z\u00e1\u017eitok s Bang Tornado 13000 Pufov Jednorazov\u00fdm Vape Perom, kde sa stret\u00e1va pohodlie s v\u00fdnimo\u010dnou chu\u0165ou.<\/p>\n<p>&nbsp;<\/p>\n<p>01. Blue Razz Ice<span style=\"color: #ff0000\"><strong>&gt;&gt;&gt;&gt; Hor\u00face!<\/strong><\/span><br \/>\n02. Cherry Cola<span style=\"color: #ff0000\"><strong>&gt;&gt;&gt;&gt; Hor\u00face!<\/strong><\/span><br \/>\n03. Bavlnen\u00e1 cukrov\u00e1 vata<br \/>\n04. Kiwi Passion Fruit<br \/>\n05. Lush Ice<br \/>\n06. Mie\u0161an\u00e9 bobule<span style=\"color: #ff0000\"><strong>&gt;&gt;&gt;&gt; Najlep\u0161ie!<\/strong><\/span><br \/>\n07. Peach Ice<br \/>\n08. Passion Kiss<br \/>\n09. Peach Mango<br \/>\n10. Peach Blue Berry<br \/>\n11. Royal Grape<br \/>\n12. Raspberry Watermelon<br \/>\n13.Jahoda a \u013ead<br \/>\n14. Jahodovo-kiwi<br \/>\n15. Jahodovo-ban\u00e1nov\u00e9<br \/>\n16. Jahodovo-mel\u00f3nov\u00e1 voda<\/p>\n<figure id=\"attachment_2414\" aria-describedby=\"caption-attachment-2414\" style=\"width: 800px\" class=\"wp-caption alignnone\"><img loading=\"lazy\" decoding=\"async\" class=\"wp-image-2414 size-full\" src=\"https:\/\/rmvapesale.com\/wp-content\/uploads\/2024\/10\/Bang-13000-Puffs-Disposable-Vape-Flavor.jpg\" alt=\"Bang 13000 Pufov Jednorazov\u00fd Vapovac\u00ed Pr\u00edvesok Chute\" width=\"800\" height=\"800\" srcset=\"https:\/\/rmvapesale.com\/wp-content\/uploads\/2024\/10\/Bang-13000-Puffs-Disposable-Vape-Flavor.jpg 800w, https:\/\/rmvapesale.com\/wp-content\/uploads\/2024\/10\/Bang-13000-Puffs-Disposable-Vape-Flavor-300x300.jpg 300w, https:\/\/rmvapesale.com\/wp-content\/uploads\/2024\/10\/Bang-13000-Puffs-Disposable-Vape-Flavor-150x150.jpg 150w, https:\/\/rmvapesale.com\/wp-content\/uploads\/2024\/10\/Bang-13000-Puffs-Disposable-Vape-Flavor-768x768.jpg 768w, https:\/\/rmvapesale.com\/wp-content\/uploads\/2024\/10\/Bang-13000-Puffs-Disposable-Vape-Flavor-600x600.jpg 600w, https:\/\/rmvapesale.com\/wp-content\/uploads\/2024\/10\/Bang-13000-Puffs-Disposable-Vape-Flavor-100x100.jpg 100w\" sizes=\"auto, (max-width: 800px) 100vw, 800px\" \/><figcaption id=\"caption-attachment-2414\" class=\"wp-caption-text\">Bang 13000 Pufov Jednorazov\u00fd Vapovac\u00ed Pr\u00edvesok Chute<\/figcaption><\/figure>\n<h3><\/h3>\n<h3><strong>Pre\u010do si vybra\u0165 Rmvapesale pre nab\u00edjate\u013en\u00fd vape Bang Tornado 13000<\/strong><strong>?<\/strong><\/h3>\n<div class=\"flex-shrink-0 flex flex-col relative items-end\">\n<div class=\"pt-0\">\n<div class=\"gizmo-bot-avatar flex h-8 w-8 items-center justify-center overflow-hidden rounded-full\">\n<div class=\"relative p-1 rounded-sm flex items-center justify-center bg-token-main-surface-primary text-token-text-primary h-8 w-8\">\n<p>&nbsp;<\/p>\n<p>Ke\u010f si vyberiete Rmvapesale pre va\u0161e ve\u013ekoobchodn\u00e9 potreby s jednorazov\u00fdmi vapmi, z\u00edskate:<\/p>\n<ul>\n<li><strong>Konkuren\u010dn\u00e1 cena<\/strong>: Z\u00edskajte pr\u00edstup k atrakt\u00edvnym ve\u013ekoobchodn\u00fdm cen\u00e1m, ktor\u00e9 zv\u00fd\u0161ia mar\u017ee v\u00e1\u0161ho podnikania.<\/li>\n<li><strong>Vysok\u00e1 kvalita<\/strong>: Na\u0161e vapy s\u00fa vyr\u00e1ban\u00e9 pod\u013ea najvy\u0161\u0161\u00edch \u0161tandardov a <span style=\"color: #ff0000\"><strong>zaru\u010dene 100% origin\u00e1lne a autentick\u00e9, alebo v\u00e1m poskytneme 10-n\u00e1sobn\u00fa kompenz\u00e1ciu za falo\u0161n\u00fd tovar!<\/strong><\/span><\/li>\n<li><strong>Vynikaj\u00faci z\u00e1kazn\u00edcky servis<\/strong>: N\u00e1\u0161 oddan\u00fd t\u00edm je v\u017edy pripraven\u00fd v\u00e1m pom\u00f4c\u0165, v\u010faka \u010domu bude v\u00e1\u0161 n\u00e1kupn\u00fd proces plynul\u00fd a bezprobl\u00e9mov\u00fd.<\/li>\n<li><strong>R\u00fdchle<\/strong>: O\u010dak\u00e1vajte r\u00fdchle a spo\u013eahliv\u00e9 doru\u010denie, ktor\u00e9 zaist\u00ed, \u017ee va\u0161e objedn\u00e1vky dorazia v\u017edy na\u010das.<\/li>\n<\/ul>\n<\/div>\n<h3><\/h3>\n<div class=\"relative p-1 rounded-sm flex items-center justify-center bg-token-main-surface-primary text-token-text-primary h-8 w-8\">\n<h3><b>\u010cast\u00e9 ot\u00e1zky<\/b><\/h3>\n<p>&nbsp;<\/p>\n<\/div>\n<\/div>\n<\/div>\n<\/div>\n<div class=\"group\/conversation-turn relative flex w-full min-w-0 flex-col agent-turn\">\n<div class=\"flex-col gap-1 md:gap-3\">\n<div class=\"flex max-w-full flex-col flex-grow\">\n<div class=\"min-h-8 text-message flex w-full flex-col items-end gap-2 whitespace-normal break-words [.text-message+&amp;]:mt-5\" dir=\"auto\" data-message-author-role=\"assistant\" data-message-id=\"f226d3fc-81f3-46d5-8c46-31787fff0357\">\n<div class=\"flex w-full flex-col gap-1 empty:hidden first:pt-[3px]\">\n<div class=\"markdown prose w-full break-words dark:prose-invert light\">\n<p>1. Ko\u013eko pufov pon\u00faka Jednorazov\u00fd Vapovac\u00ed Pr\u00edvesok Bang Tornado 13 000 Pufov?<br \/>\nJednorazov\u00fd vapovac\u00ed pr\u00edstroj Bang Tornado je navrhnut\u00fd tak, aby poskytoval a\u017e 13 000 pufov, \u010d\u00edm pou\u017e\u00edvate\u013eom zabezpe\u010duje dlh\u0161\u00ed z\u00e1\u017eitok z vapovania pred potrebou v\u00fdmeny.<br \/>\n2. Ak\u00e1 je kapacita bat\u00e9rie Jednorazov\u00e9ho Vapovacieho Pr\u00edvesku Bang Tornado?<br \/>\nTento jednorazov\u00fd vapovac\u00ed pr\u00edstroj m\u00e1 nab\u00edjate\u013en\u00fa bat\u00e9riu s kapacitou 650mAh, ktor\u00e1 zabezpe\u010duje, \u017ee zariadenie vydr\u017e\u00ed cel\u00fd objem e-liquidu 23 ml, s mo\u017enos\u0165ou dob\u00edjania pod\u013ea potreby.<br \/>\n3. Ak\u00e1 je kapacita e-liquidu v Bang Tornado?<br \/>\nZariadenie je vybaven\u00e9 z\u00e1sobn\u00edkom s objemom 23 ml, \u010do mu umo\u017e\u0148uje podporova\u0165 dlh\u00fd po\u010det pufov a poskytuje dostatok e-liquidu pre dlh\u00e9 vapovanie.<br \/>\n4. M\u00e1 Jednorazov\u00fd Vapovac\u00ed Pr\u00edvesok Bang Tornado sie\u0165ov\u00fa cievku?<br \/>\n\u00c1no, Bang Tornado pou\u017e\u00edva sie\u0165ov\u00fa cievku, ktor\u00e1 zlep\u0161uje z\u00e1\u017eitok z vapovania t\u00fdm, \u017ee produkuje hlad\u0161\u00ed paru a lep\u0161iu zachovanie chuti.<br \/>\n5. Je Jednorazov\u00fd Vapovac\u00ed Pr\u00edvesok Bang Tornado dob\u00edjate\u013en\u00fd?<br \/>\n\u00c1no, zariadenie je dob\u00edjate\u013en\u00e9, \u010do umo\u017e\u0148uje pou\u017e\u00edvate\u013eom dob\u00edja\u0165 bat\u00e9riu s kapacitou 650mAh pod\u013ea potreby, aby mohli pokra\u010dova\u0165 v pou\u017e\u00edvan\u00ed vapovacieho zariadenia, k\u00fdm sa e-liquid nevy\u010derp\u00e1.<\/p>\n<\/div>\n<\/div>\n<\/div>\n<\/div>\n<\/div>\n<\/div>\n<h3>O doru\u010den\u00ed<\/h3>\n<div class=\"flex-shrink-0 flex flex-col relative items-end\">\n<div>\n<div class=\"pt-0\">\n<div class=\"gizmo-bot-avatar flex h-8 w-8 items-center justify-center overflow-hidden rounded-full\">\n<div><\/div>\n<div class=\"relative p-1 rounded-sm flex items-center justify-center bg-token-main-surface-primary text-token-text-primary h-8 w-8\"><strong>1. Ak\u00e9 sp\u00f4soby doru\u010denia pou\u017e\u00edvate?<\/strong><\/div>\n<\/div>\n<\/div>\n<\/div>\n<\/div>\n<div class=\"group\/conversation-turn relative flex w-full min-w-0 flex-col agent-turn\">\n<div class=\"flex-col gap-1 md:gap-3\">\n<div class=\"flex max-w-full flex-col flex-grow\">\n<div class=\"min-h-[20px] text-message flex w-full flex-col items-end gap-2 whitespace-normal break-words [.text-message+&amp;]:mt-5 overflow-x-auto\" dir=\"auto\" data-message-author-role=\"assistant\" data-message-id=\"22f8283b-3233-46ff-89a5-c7a41b33abda\">\n<div class=\"flex w-full flex-col gap-1 empty:hidden first:pt-[3px]\">\n<div class=\"markdown prose w-full break-words dark:prose-invert light\">\n<p>Spolupracujeme so spolo\u010dnos\u0165ami UPS, DHL, FedEx, DPD a \u010fal\u0161\u00edmi popredn\u00fdmi dopravcami. Vyberieme najlep\u0161\u00ed sp\u00f4sob doru\u010denia na z\u00e1klade va\u0161ej adresy, aby sme zaistili, \u017ee svoje produkty dostanete \u010do najr\u00fdchlej\u0161ie.<\/p>\n<\/div>\n<p><strong>2. Ako dlho trv\u00e1 doru\u010denie?<\/strong><\/p>\n<p>Bal\u00edky doru\u010dovan\u00e9 na Slovensko zvy\u010dajne dorazia do 10 pracovn\u00fdch dn\u00ed. Doru\u010denie do eur\u00f3pskych kraj\u00edn zvy\u010dajne trv\u00e1 asi 12-15 pracovn\u00fdch dn\u00ed. Budeme v\u00e1s informova\u0165 o stave doru\u010denia v re\u00e1lnom \u010dase.<\/p>\n<\/div>\n<\/div>\n<\/div>\n<\/div>\n<\/div>\n<p>&nbsp;<\/p>\n<p>\u010eal\u0161ie hor\u00face vapy, ktor\u00e9 by sa v\u00e1m mohli p\u00e1\u010di\u0165:<\/p>\n<p><a href=\"https:\/\/rmvapesale.com\/sk\/product\/bang-box-20000-puffs-vape-0-2-5-nicotine\/\"><strong>Bang Box 20000 potiahnut\u00ed\u00a0 \u00a0<span style=\"color: #ff0000\">&gt;&gt;&gt;&gt; \u00eds\u0165!<\/span><\/strong><\/a><\/p>\n<p><strong><a href=\"https:\/\/rmvapesale.com\/sk\/product\/faivono-bang-maxi-15000-puffs-disposable-vape-bulk-wholesale\/\">AIVONO Aim Bang Maxi 15000 \u0165ahov <span style=\"color: #ff0000\">&gt;&gt;&gt;&gt; \u00eds\u0165!<\/span><\/a>\u00a0<\/strong><\/p>\n<p><a href=\"https:\/\/rmvapesale.com\/sk\/product\/bang-36000-puffs-full-display-smart-vape-bulk-price\/\"><strong>Bang 36000 \u0165ahov nab\u00edjate\u013en\u00e9<span style=\"color: #ff0000\">&gt;&gt;&gt;&gt; \u00eds\u0165!<\/span><\/strong><\/a><\/p>\n<p>&nbsp;<\/p>\n<p>&nbsp;<\/p>\n<p>N\u00e1jdite \u010fal\u0161ie vape produkty, ktor\u00e9 by sa v\u00e1m mohli p\u00e1\u010di\u0165:<strong><em><a href=\"https:\/\/rmvapesale.com\/sk\/shop-2\/\">nakupova\u0165 teraz &gt;&gt;&gt;<\/a><\/em><\/strong><\/p>","protected":false},"excerpt":{"rendered":"<p>Bang Jednorazov\u00e1 Vape Krabica 13000 Pufov Ve\u013ekoobchodn\u00e1 Cena<br \/>\nBang Tornado 13000 Puffs Jednorazov\u00e9 Vape Pero<br \/>\nBang 13000 Pufov Vape Jednorazov\u00e9 0% 2% 5%<\/p>\n<p><img loading=\"lazy\" decoding=\"async\" class=\"size-full wp-image-2375\" src=\"https:\/\/rmvapesale.com\/wp-content\/uploads\/2024\/10\/image.png\" alt=\"Najlep\u0161\u00ed jednorazov\u00fd vape\" width=\"229\" height=\"300\" \/><\/p>\n<h3><a href=\"https:\/\/wa.me\/8617776015835\"><span style=\"color: #ff0000\"><strong>WhatsApp: +86 17776015835<\/strong><\/span><\/a><\/h3>\n<p>&nbsp;<\/p>","protected":false},"featured_media":2417,"comment_status":"open","ping_status":"closed","template":"","meta":{"_uag_custom_page_level_css":"","_lmt_disableupdate":"","_lmt_disable":"","site-sidebar-layout":"default","site-content-layout":"content-boxed-container","ast-site-content-layout":"normal-width-container","site-content-style":"boxed","site-sidebar-style":"unboxed","ast-global-header-display":"","ast-banner-title-visibility":"","ast-main-header-display":"","ast-hfb-above-header-display":"","ast-hfb-below-header-display":"","ast-hfb-mobile-header-display":"","site-post-title":"","ast-breadcrumbs-content":"","ast-featured-img":"","footer-sml-layout":"","theme-transparent-header-meta":"default","adv-header-id-meta":"","stick-header-meta":"","header-above-stick-meta":"","header-main-stick-meta":"","header-below-stick-meta":"","astra-migrate-meta-layouts":"set","ast-page-background-enabled":"default","ast-page-background-meta":{"desktop":{"background-color":"var(--ast-global-color-4)","background-image":"","background-repeat":"repeat","background-position":"center center","background-size":"auto","background-attachment":"scroll","background-type":"","background-media":"","overlay-type":"","overlay-color":"","overlay-opacity":"","overlay-gradient":""},"tablet":{"background-color":"","background-image":"","background-repeat":"repeat","background-position":"center center","background-size":"auto","background-attachment":"scroll","background-type":"","background-media":"","overlay-type":"","overlay-color":"","overlay-opacity":"","overlay-gradient":""},"mobile":{"background-color":"","background-image":"","background-repeat":"repeat","background-position":"center center","background-size":"auto","background-attachment":"scroll","background-type":"","background-media":"","overlay-type":"","overlay-color":"","overlay-opacity":"","overlay-gradient":""}},"ast-content-background-meta":{"desktop":{"background-color":"var(--ast-global-color-5)","background-image":"","background-repeat":"repeat","background-position":"center center","background-size":"auto","background-attachment":"scroll","background-type":"","background-media":"","overlay-type":"","overlay-color":"","overlay-opacity":"","overlay-gradient":""},"tablet":{"background-color":"var(--ast-global-color-5)","background-image":"","background-repeat":"repeat","background-position":"center center","background-size":"auto","background-attachment":"scroll","background-type":"","background-media":"","overlay-type":"","overlay-color":"","overlay-opacity":"","overlay-gradient":""},"mobile":{"background-color":"var(--ast-global-color-5)","background-image":"","background-repeat":"repeat","background-position":"center center","background-size":"auto","background-attachment":"scroll","background-type":"","background-media":"","overlay-type":"","overlay-color":"","overlay-opacity":"","overlay-gradient":""}},"_joinchat":[]},"product_brand":[],"product_cat":[15,25,123,26,28,135,27,60,137,136,30],"product_tag":[148,150,146,126,111,132],"class_list":{"0":"post-2421","1":"product","2":"type-product","3":"status-publish","4":"has-post-thumbnail","6":"product_cat-new-vape-this-week","7":"product_cat-germany-best-selling-vape","8":"product_cat-italy-wholesale-vape","9":"product_cat-netherlands-hot-sale-vape","10":"product_cat-poland-hot-sale-vape","11":"product_cat-spain-best-hot-sale-vape","12":"product_cat-fance-hot-sale-vape","13":"product_cat-bang-vapes","14":"product_cat-rechargeable-vapes","15":"product_cat-smart-screen-vapes","16":"product_cat-minimum-order-quantity-50pcs","17":"product_tag-bang-disposable-vape","18":"product_tag-bang-vape-bar","19":"product_tag-best-hot-sale-vape","20":"product_tag-e-cigarettes","21":"product_tag-low-nicotine-disposable-vape","22":"product_tag-rechargeable-vape","23":"desktop-align-left","24":"tablet-align-left","25":"mobile-align-left","27":"first","28":"instock","29":"sale","30":"shipping-taxable","31":"purchasable","32":"product-type-simple"},"uagb_featured_image_src":{"full":["https:\/\/rmvapesale.com\/wp-content\/uploads\/2024\/10\/Bang-Tornado-13000-Puffs-Disposable-Vape-Pen.jpg",808,808,false],"thumbnail":["https:\/\/rmvapesale.com\/wp-content\/uploads\/2024\/10\/Bang-Tornado-13000-Puffs-Disposable-Vape-Pen-150x150.jpg",150,150,true],"medium":["https:\/\/rmvapesale.com\/wp-content\/uploads\/2024\/10\/Bang-Tornado-13000-Puffs-Disposable-Vape-Pen-300x300.jpg",300,300,true],"medium_large":["https:\/\/rmvapesale.com\/wp-content\/uploads\/2024\/10\/Bang-Tornado-13000-Puffs-Disposable-Vape-Pen-768x768.jpg",768,768,true],"large":["https:\/\/rmvapesale.com\/wp-content\/uploads\/2024\/10\/Bang-Tornado-13000-Puffs-Disposable-Vape-Pen.jpg",808,808,false],"1536x1536":["https:\/\/rmvapesale.com\/wp-content\/uploads\/2024\/10\/Bang-Tornado-13000-Puffs-Disposable-Vape-Pen.jpg",808,808,false],"2048x2048":["https:\/\/rmvapesale.com\/wp-content\/uploads\/2024\/10\/Bang-Tornado-13000-Puffs-Disposable-Vape-Pen.jpg",808,808,false],"trp-custom-language-flag":["https:\/\/rmvapesale.com\/wp-content\/uploads\/2024\/10\/Bang-Tornado-13000-Puffs-Disposable-Vape-Pen.jpg",12,12,false],"woocommerce_thumbnail":["https:\/\/rmvapesale.com\/wp-content\/uploads\/2024\/10\/Bang-Tornado-13000-Puffs-Disposable-Vape-Pen-300x300.jpg",300,300,true],"woocommerce_single":["https:\/\/rmvapesale.com\/wp-content\/uploads\/2024\/10\/Bang-Tornado-13000-Puffs-Disposable-Vape-Pen-600x600.jpg",600,600,true],"woocommerce_gallery_thumbnail":["https:\/\/rmvapesale.com\/wp-content\/uploads\/2024\/10\/Bang-Tornado-13000-Puffs-Disposable-Vape-Pen-100x100.jpg",100,100,true],"wcpr-photo-reviews":["https:\/\/rmvapesale.com\/wp-content\/uploads\/2024\/10\/Bang-Tornado-13000-Puffs-Disposable-Vape-Pen.jpg",500,500,false]},"uagb_author_info":{"display_name":"AMY","author_link":"https:\/\/rmvapesale.com\/sk\/author\/"},"uagb_comment_info":0,"uagb_excerpt":"Bang Disposable Vape Box 13000 Puffs Bulk Price Bang Tornado 13000 Puffs Disposable Vape Pen Bang\u00a0 13000 Puff Vapes Disposable 0% 2% 5% WhatsApp: +86 17776015835 &nbsp;","_links":{"self":[{"href":"https:\/\/rmvapesale.com\/sk\/wp-json\/wp\/v2\/product\/2421","targetHints":{"allow":["GET"]}}],"collection":[{"href":"https:\/\/rmvapesale.com\/sk\/wp-json\/wp\/v2\/product"}],"about":[{"href":"https:\/\/rmvapesale.com\/sk\/wp-json\/wp\/v2\/types\/product"}],"replies":[{"embeddable":true,"href":"https:\/\/rmvapesale.com\/sk\/wp-json\/wp\/v2\/comments?post=2421"}],"wp:featuredmedia":[{"embeddable":true,"href":"https:\/\/rmvapesale.com\/sk\/wp-json\/wp\/v2\/media\/2417"}],"wp:attachment":[{"href":"https:\/\/rmvapesale.com\/sk\/wp-json\/wp\/v2\/media?parent=2421"}],"wp:term":[{"taxonomy":"product_brand","embeddable":true,"href":"https:\/\/rmvapesale.com\/sk\/wp-json\/wp\/v2\/product_brand?post=2421"},{"taxonomy":"product_cat","embeddable":true,"href":"https:\/\/rmvapesale.com\/sk\/wp-json\/wp\/v2\/product_cat?post=2421"},{"taxonomy":"product_tag","embeddable":true,"href":"https:\/\/rmvapesale.com\/sk\/wp-json\/wp\/v2\/product_tag?post=2421"}],"curies":[{"name":"wp","href":"https:\/\/api.w.org\/{rel}","templated":true}]}}