{"id":2441,"date":"2024-10-17T02:49:33","date_gmt":"2024-10-17T02:49:33","guid":{"rendered":"https:\/\/rmvapesale.com\/?post_type=product&#038;p=2441"},"modified":"2024-10-17T03:31:24","modified_gmt":"2024-10-17T03:31:24","slug":"elf-box-pulse-x-25000-disposable-vape-wholesale-germany","status":"publish","type":"product","link":"https:\/\/rmvapesale.com\/sk\/product\/elf-box-pulse-x-25000-disposable-vape-wholesale-germany\/","title":{"rendered":"ELF Box Pulse X 25000 Jednorazov\u00e1 vape Ve\u013ekoobchod Nemecko"},"content":{"rendered":"<div class=\"B2VR9 CJHX3e\">\n<div class=\"wyccme\">\n<h1 class=\"LC20lb MBeuO DKV0Md\">ELF Box Pulse X 25000 Jednorazov\u00e1 vape Ve\u013ekoobchod Nemecko<\/h1>\n<div class=\"flex-shrink-0 flex flex-col relative items-end\">\n<div class=\"pt-0\">\n<div class=\"gizmo-bot-avatar flex h-8 w-8 items-center justify-center overflow-hidden rounded-full\">\n<div class=\"relative p-1 rounded-sm flex items-center justify-center bg-token-main-surface-primary text-token-text-primary h-8 w-8\">\n<p>Jednorazov\u00fd vape ELF Box Pulse X 25000 je \u0161pi\u010dkov\u00e9 zariadenie, ktor\u00e9 pon\u00faka p\u00f4sobiv\u00fdch 25 000 potiahnut\u00ed v be\u017enom re\u017eime a 15 000 potiahnut\u00ed v pulznom re\u017eime. Ako jeden z <strong>najlep\u0161\u00edch jednorazov\u00fdch vaporiz\u00e9rov<\/strong> na trhu je toto zariadenie navrhnut\u00e9 pre za\u010diato\u010dn\u00edkov aj sk\u00fasen\u00fdch vaperov a obsahuje syst\u00e9m Dual Mesh Coil (0.8ohm + 0.8ohm), ktor\u00fd zvy\u0161uje chu\u0165 a produkciu pary. S kapacitou 18 ml e-liquidu a viacer\u00fdmi mo\u017enos\u0165ami nikot\u00ednu (0%, 2%, 3% a 5%), vr\u00e1tane <strong>0 nikot\u00edn jednorazov\u00fd vape<\/strong> mo\u017enosti, si pou\u017e\u00edvatelia m\u00f4\u017eu prisp\u00f4sobi\u0165 svoje vapovanie pod\u013ea svojich preferenci\u00ed. Zariadenie ELF Box 25000 je nap\u00e1jan\u00e9 dob\u00edjate\u013enou 750mAh bat\u00e9riou, \u010do zais\u0165uje dlh\u00fa \u017eivotnos\u0165 a pohodlie.<\/p>\n<p>Dostupn\u00fd v desiatich r\u00f4znych pr\u00edchutiach, jednorazov\u00fd vape ELF Box Pulse X je ide\u00e1lny pre t\u00fdch, ktor\u00ed h\u013eadaj\u00fa rozmanitos\u0165 a kvalitu vo svojom z\u00e1\u017eitku z vapingu. S konkurencieschopn\u00fdmi ve\u013ekoobchodn\u00fdmi cenami je tento <strong>jednorazov\u00fd vape<\/strong> ide\u00e1lny pre maloobchodn\u00edkov a hromadn\u00fdch kupcov, ktor\u00ed chc\u00fa svojim z\u00e1kazn\u00edkom pon\u00faknu\u0165 pr\u00e9miov\u00fd produkt. Pre z\u00e1kazn\u00edkov v Eur\u00f3pe je to jedna z najlep\u0161\u00edch mo\u017enost\u00ed medzi <strong>jednorazov\u00fd vape Slovensko<\/strong> mo\u017enos\u0165ami, a so svojou <strong>25000 jednorazov\u00fd vape<\/strong> kapacitou ur\u010dite zap\u00f4sob\u00ed.<\/p>\n<\/div>\n<\/div>\n<\/div>\n<\/div>\n<\/div>\n<\/div>\n<p><strong>Kontaktujte Amy a z\u00edskajte spr\u00e1vnu odpove\u010f a \u010fal\u0161ie vide\u00e1 o produktoch!<\/strong><\/p>\n<p><img loading=\"lazy\" decoding=\"async\" class=\"size-full wp-image-1978\" src=\"https:\/\/rmvapesale.com\/wp-content\/uploads\/2024\/09\/Disposable-Vape-Wholesale.jpg\" alt=\"Jednorazov\u00fd vape ve\u013ekoobchod\" width=\"229\" height=\"300\" \/><\/p>\n<h3><a href=\"https:\/\/wa.me\/8617776015835\" target=\"_blank\" rel=\"noopener\"><span style=\"color: #ff0000\"><strong>WhatsApp: +86 17776015835<\/strong><\/span><\/a><\/h3>\n<p>&nbsp;<\/p>\n<h2><\/h2>\n<h2><strong>Vape <\/strong><strong>Jednorazov\u00fd <\/strong><strong>ELF Box Pulse 25000 <\/strong><strong>K\u013e\u00fa\u010dov\u00e9 vlastnosti<\/strong><\/h2>\n<p>Po\u0165ahy: 13000 po\u0165ahov<br \/>\nNikot\u00edn: 0\/2\/3\/5%<br \/>\n23 ml e-liquidu.<br \/>\nMesh Coil (sie\u0165ov\u00e1 \u0161pir\u00e1lka)<br \/>\nNab\u00edjate\u013en\u00e1 Bat\u00e9ria<br \/>\nRGB LED Farby<br \/>\nIntegrovan\u00e1 650mAh Bat\u00e9ria.<br \/>\n16 Pr\u00edchut\u00ed K Dispoz\u00edcii.<\/p>\n<h2><\/h2>\n<h2><strong>Najlep\u0161ia pr\u00edchu\u0165 pre <\/strong><strong>ELF Box Pulse X 25000<\/strong><strong>\u00a0<\/strong><strong>Jednorazov\u00fd<\/strong><\/h2>\n<h2><\/h2>\n<p>Dostupn\u00fd v desiatich r\u00f4znych pr\u00edchutiach, ELF Box Pulse X je ide\u00e1lny pre t\u00fdch, ktor\u00ed h\u013eadaj\u00fa rozmanitos\u0165 a kvalitu vo svojom z\u00e1\u017eitku z vapingu. S konkurencieschopn\u00fdmi ve\u013ekoobchodn\u00fdmi cenami je tento jednorazov\u00fd vape ide\u00e1lny pre maloobchodn\u00edkov a hromadn\u00fdch kupcov, ktor\u00ed chc\u00fa svojim z\u00e1kazn\u00edkom pon\u00faknu\u0165 pr\u00e9miov\u00fd produkt.<\/p>\n<p>1. Jahodov\u00fd vodn\u00fd mel\u00f3n<br \/>\n2. \u010cere\u0161\u0148ov\u00e1 s\u00f3da<br \/>\n3. Brosky\u0148ov\u00fd \u013ead<br \/>\n4. Kivi a mu\u010denka <span style=\"color: #ff0000\"><strong>&gt;&gt;&gt;&gt; Hor\u00face!<\/strong><\/span><br \/>\n5. Svie\u017ei \u013ead<br \/>\n6. Red Bull<br \/>\n7. Hroznov\u00fd \u013ead<br \/>\n8. Modr\u00e1 malina s \u013eadom <span style=\"color: #ff0000\"><strong>&gt;&gt;&gt;&gt; Najlep\u0161ie!<\/strong><\/span><br \/>\n9. Jahoda a ban\u00e1n<br \/>\n10. Jahodov\u00fd \u013ead <span style=\"color: #ff0000\"><strong>&gt;&gt;&gt;&gt; Hor\u00face!<\/strong><\/span><\/p>\n<figure id=\"attachment_2448\" aria-describedby=\"caption-attachment-2448\" style=\"width: 600px\" class=\"wp-caption alignnone\"><img loading=\"lazy\" decoding=\"async\" class=\"wp-image-2448\" src=\"https:\/\/rmvapesale.com\/wp-content\/uploads\/2024\/10\/Elf-Box-Pusle-X-25000-Wholesale.png\" alt=\"Ve\u013ekoobchod Elf Box Pusle X 25000\" width=\"600\" height=\"600\" srcset=\"https:\/\/rmvapesale.com\/wp-content\/uploads\/2024\/10\/Elf-Box-Pusle-X-25000-Wholesale.png 805w, https:\/\/rmvapesale.com\/wp-content\/uploads\/2024\/10\/Elf-Box-Pusle-X-25000-Wholesale-300x300.png 300w, https:\/\/rmvapesale.com\/wp-content\/uploads\/2024\/10\/Elf-Box-Pusle-X-25000-Wholesale-150x150.png 150w, https:\/\/rmvapesale.com\/wp-content\/uploads\/2024\/10\/Elf-Box-Pusle-X-25000-Wholesale-768x768.png 768w, https:\/\/rmvapesale.com\/wp-content\/uploads\/2024\/10\/Elf-Box-Pusle-X-25000-Wholesale-600x600.png 600w, https:\/\/rmvapesale.com\/wp-content\/uploads\/2024\/10\/Elf-Box-Pusle-X-25000-Wholesale-100x100.png 100w\" sizes=\"auto, (max-width: 600px) 100vw, 600px\" \/><figcaption id=\"caption-attachment-2448\" class=\"wp-caption-text\">Ve\u013ekoobchod Elf Box Pusle X 25000<\/figcaption><\/figure>\n<p>&nbsp;<\/p>\n<h3><strong>Pre\u010do si vybra\u0165 Rmvapesale pre jednorazov\u00fa Elf Box Pulse X 25000<\/strong><strong>?<\/strong><\/h3>\n<div class=\"flex-shrink-0 flex flex-col relative items-end\">\n<div class=\"pt-0\">\n<div class=\"gizmo-bot-avatar flex h-8 w-8 items-center justify-center overflow-hidden rounded-full\">\n<div class=\"relative p-1 rounded-sm flex items-center justify-center bg-token-main-surface-primary text-token-text-primary h-8 w-8\">\n<p>&nbsp;<\/p>\n<p>Ke\u010f si vyberiete Rmvapesale pre va\u0161e ve\u013ekoobchodn\u00e9 potreby s jednorazov\u00fdmi vapmi, z\u00edskate:<\/p>\n<ul>\n<li><strong>Konkuren\u010dn\u00e1 cena<\/strong>: Z\u00edskajte pr\u00edstup k atrakt\u00edvnym ve\u013ekoobchodn\u00fdm cen\u00e1m, ktor\u00e9 zv\u00fd\u0161ia mar\u017ee v\u00e1\u0161ho podnikania.<\/li>\n<li><strong>Vysok\u00e1 kvalita<\/strong>: Na\u0161e vapy s\u00fa vyr\u00e1ban\u00e9 pod\u013ea najvy\u0161\u0161\u00edch \u0161tandardov a <span style=\"color: #ff0000\"><strong>zaru\u010dene 100% origin\u00e1lne a autentick\u00e9, alebo v\u00e1m poskytneme 10-n\u00e1sobn\u00fa kompenz\u00e1ciu za falo\u0161n\u00fd tovar!<\/strong><\/span><\/li>\n<li><strong>Vynikaj\u00faci z\u00e1kazn\u00edcky servis<\/strong>: N\u00e1\u0161 oddan\u00fd t\u00edm je v\u017edy pripraven\u00fd v\u00e1m pom\u00f4c\u0165, v\u010faka \u010domu bude v\u00e1\u0161 n\u00e1kupn\u00fd proces plynul\u00fd a bezprobl\u00e9mov\u00fd.<\/li>\n<li><strong>R\u00fdchle<\/strong>: O\u010dak\u00e1vajte r\u00fdchle a spo\u013eahliv\u00e9 doru\u010denie, ktor\u00e9 zaist\u00ed, \u017ee va\u0161e objedn\u00e1vky dorazia v\u017edy na\u010das.<\/li>\n<\/ul>\n<\/div>\n<h3><\/h3>\n<div class=\"relative p-1 rounded-sm flex items-center justify-center bg-token-main-surface-primary text-token-text-primary h-8 w-8\">\n<h3><b>\u010cast\u00e9 ot\u00e1zky<\/b><\/h3>\n<p>&nbsp;<\/p>\n<\/div>\n<\/div>\n<\/div>\n<\/div>\n<div class=\"group\/conversation-turn relative flex w-full min-w-0 flex-col agent-turn\">\n<div class=\"flex-col gap-1 md:gap-3\">\n<div class=\"flex max-w-full flex-col flex-grow\">\n<div class=\"min-h-8 text-message flex w-full flex-col items-end gap-2 whitespace-normal break-words [.text-message+&amp;]:mt-5\" dir=\"auto\" data-message-author-role=\"assistant\" data-message-id=\"f226d3fc-81f3-46d5-8c46-31787fff0357\">\n<div class=\"flex w-full flex-col gap-1 empty:hidden first:pt-[3px]\">\n<div class=\"markdown prose w-full break-words dark:prose-invert light\">\n<div class=\"group\/conversation-turn relative flex w-full min-w-0 flex-col agent-turn\">\n<div class=\"flex-col gap-1 md:gap-3\">\n<div class=\"flex max-w-full flex-col flex-grow\">\n<div class=\"min-h-8 text-message flex w-full flex-col items-end gap-2 whitespace-normal break-words [.text-message+&amp;]:mt-5\" dir=\"auto\" data-message-author-role=\"assistant\" data-message-id=\"91d2b73b-9149-4888-a964-4b8464e0e6e3\" data-message-model-slug=\"gpt-4o\">\n<div class=\"flex w-full flex-col gap-1 empty:hidden first:pt-[3px]\">\n<div class=\"markdown prose w-full break-words dark:prose-invert light\">\n<ul>\n<li><strong>Ak\u00e1 je kapacita vdychov jednorazovej ELF Box Pulse X 25000?<\/strong>\n<ul>\n<li>Jednorazov\u00e1 ELF Box Pulse X pon\u00faka p\u00f4sobiv\u00fdch 25 000 vdychov v be\u017enom re\u017eime a 15 000 vdychov v pulznom re\u017eime, \u010do z nej rob\u00ed jednu z najdlh\u0161ie trvaj\u00facich jednorazov\u00fdch v\u00e1piek na trhu.<\/li>\n<\/ul>\n<\/li>\n<li><strong>Ak\u00e9 s\u00fa dostupn\u00e9 mo\u017enosti nikot\u00ednu pre jednorazov\u00fa vapu ELF BOX 25000?<\/strong>\n<ul>\n<li>ELF Box Pulse X je k dispoz\u00edcii vo viacer\u00fdch sil\u00e1ch nikot\u00ednu, vr\u00e1tane 0 %, 2 %, 3 % a 5 %. To zah\u0155\u0148a aj mo\u017enos\u0165 pre <strong>0 nikot\u00edn jednorazov\u00fd vape<\/strong> pre t\u00fdch, ktor\u00ed uprednost\u0148uj\u00fa z\u00e1\u017eitok bez nikot\u00ednu.<\/li>\n<\/ul>\n<\/li>\n<li><strong>Ako syst\u00e9m du\u00e1lnej sie\u0165ovej cievky zlep\u0161uje z\u00e1\u017eitok z vapovania?<\/strong>\n<ul>\n<li>Syst\u00e9m du\u00e1lnej sie\u0165ovej cievky (0,8 ohm + 0,8 ohm) v\u00fdrazne zvy\u0161uje produkciu chuti a pary, \u010d\u00edm poskytuje hlad\u0161\u00ed a uspokojivej\u0161\u00ed z\u00e1\u017eitok z vapovania.<\/li>\n<\/ul>\n<\/li>\n<li><strong>Je ELF Box Pulse X nab\u00edjate\u013en\u00fd?<\/strong>\n<ul>\n<li>\u00c1no, ELF Box 25000 je poh\u00e1\u0148an\u00fd nab\u00edjate\u013enou 750mAh bat\u00e9riou, \u010do zais\u0165uje dlh\u00fa \u017eivotnos\u0165 a pohodlie pri pou\u017e\u00edvan\u00ed.<\/li>\n<\/ul>\n<\/li>\n<li><strong>Kde si m\u00f4\u017eem k\u00fapi\u0165 ELF Box Pulse X?<\/strong>\n<ul>\n<li>ELF Box Pulse X m\u00e1 konkurencieschopn\u00fa cenu za ve\u013ekoobchodn\u00e9 sadzby, \u010do z neho rob\u00ed vynikaj\u00facu vo\u013ebu pre maloobchodn\u00edkov a hromadn\u00fdch kupuj\u00facich. Je tie\u017e popul\u00e1rnou mo\u017enos\u0165ou medzi <strong>jednorazov\u00fd vape Slovensko<\/strong> mo\u017enos\u0165ami, \u010do zais\u0165uje dostupnos\u0165 pre z\u00e1kazn\u00edkov na Slovensku.<\/li>\n<\/ul>\n<\/li>\n<\/ul>\n<p>&nbsp;<\/p>\n<\/div>\n<\/div>\n<\/div>\n<\/div>\n<\/div>\n<\/div>\n<\/div>\n<\/div>\n<\/div>\n<\/div>\n<\/div>\n<\/div>\n<h3>O doru\u010den\u00ed<\/h3>\n<div class=\"flex-shrink-0 flex flex-col relative items-end\">\n<div>\n<div class=\"pt-0\">\n<div class=\"gizmo-bot-avatar flex h-8 w-8 items-center justify-center overflow-hidden rounded-full\">\n<div><\/div>\n<div class=\"relative p-1 rounded-sm flex items-center justify-center bg-token-main-surface-primary text-token-text-primary h-8 w-8\"><strong>1. Ak\u00e9 sp\u00f4soby doru\u010denia pou\u017e\u00edvate?<\/strong><\/div>\n<\/div>\n<\/div>\n<\/div>\n<\/div>\n<div class=\"group\/conversation-turn relative flex w-full min-w-0 flex-col agent-turn\">\n<div class=\"flex-col gap-1 md:gap-3\">\n<div class=\"flex max-w-full flex-col flex-grow\">\n<div class=\"min-h-[20px] text-message flex w-full flex-col items-end gap-2 whitespace-normal break-words [.text-message+&amp;]:mt-5 overflow-x-auto\" dir=\"auto\" data-message-author-role=\"assistant\" data-message-id=\"22f8283b-3233-46ff-89a5-c7a41b33abda\">\n<div class=\"flex w-full flex-col gap-1 empty:hidden first:pt-[3px]\">\n<div class=\"markdown prose w-full break-words dark:prose-invert light\">\n<p>Spolupracujeme so spolo\u010dnos\u0165ami UPS, DHL, FedEx, DPD a \u010fal\u0161\u00edmi popredn\u00fdmi dopravcami. Vyberieme najlep\u0161\u00ed sp\u00f4sob doru\u010denia na z\u00e1klade va\u0161ej adresy, aby sme zaistili, \u017ee svoje produkty dostanete \u010do najr\u00fdchlej\u0161ie.<\/p>\n<\/div>\n<p><strong>2. Ako dlho trv\u00e1 doru\u010denie?<\/strong><\/p>\n<p>Bal\u00edky doru\u010dovan\u00e9 na Slovensko zvy\u010dajne dorazia do 10 pracovn\u00fdch dn\u00ed. Doru\u010denie do eur\u00f3pskych kraj\u00edn zvy\u010dajne trv\u00e1 asi 12-15 pracovn\u00fdch dn\u00ed. Budeme v\u00e1s informova\u0165 o stave doru\u010denia v re\u00e1lnom \u010dase.<\/p>\n<\/div>\n<\/div>\n<\/div>\n<\/div>\n<\/div>\n<p>&nbsp;<\/p>\n<p>\u010eal\u0161ie hor\u00face vapy, ktor\u00e9 by sa v\u00e1m mohli p\u00e1\u010di\u0165:<\/p>\n<p><a href=\"https:\/\/rmvapesale.com\/sk\/product\/bang-box-20000-puffs-vape-0-2-5-nicotine\/\"><strong>Bang Box 20000 potiahnut\u00ed\u00a0 \u00a0<span style=\"color: #ff0000\">&gt;&gt;&gt;&gt; \u00eds\u0165!<\/span><\/strong><\/a><\/p>\n<p><strong><a href=\"https:\/\/rmvapesale.com\/sk\/product\/faivono-bang-maxi-15000-puffs-disposable-vape-bulk-wholesale\/\">AIVONO Aim Bang Maxi 15000 \u0165ahov <span style=\"color: #ff0000\">&gt;&gt;&gt;&gt; \u00eds\u0165!<\/span><\/a>\u00a0<\/strong><\/p>\n<p><a href=\"https:\/\/rmvapesale.com\/sk\/product\/bang-tornado-13000-puffs-disposable-vape-pen-wholesale-price\/\"><strong>Bang Tornado 13000 <span style=\"color: #ff0000\">&gt;&gt;&gt;&gt; \u00eds\u0165!<\/span><\/strong><\/a><\/p>\n<p>&nbsp;<\/p>\n<p>&nbsp;<\/p>\n<p>N\u00e1jdite \u010fal\u0161ie vape produkty, ktor\u00e9 by sa v\u00e1m mohli p\u00e1\u010di\u0165:<strong><em><a href=\"https:\/\/rmvapesale.com\/sk\/shop-2\/\">nakupova\u0165 teraz &gt;&gt;&gt;<\/a><\/em><\/strong><\/p>","protected":false},"excerpt":{"rendered":"<p>Elf Box Pulse X 25000 Potiahnut\u00ed 2% N\u00edzky Nikot\u00edn Jednorazov\u00fd Vape<br \/>\nELF BOX Pulse X 25000 Potiahnut\u00ed Jednorazov\u00fd Vape ve\u013ekoobchod<br \/>\nVape Jednorazov\u00fd ELF BOX PULSE X 25000 Potiahnut\u00ed Hromadn\u00fd n\u00e1kup<\/p>\n<p><img loading=\"lazy\" decoding=\"async\" class=\"size-full wp-image-2375\" src=\"https:\/\/rmvapesale.com\/wp-content\/uploads\/2024\/10\/image.png\" alt=\"Najlep\u0161\u00ed jednorazov\u00fd vape\" width=\"229\" height=\"300\" \/><\/p>\n<h3><a href=\"https:\/\/wa.me\/8617776015835\"><span style=\"color: #ff0000\"><strong>WhatsApp: +86 17776015835<\/strong><\/span><\/a><\/h3>\n<p>&nbsp;<\/p>","protected":false},"featured_media":2442,"comment_status":"open","ping_status":"closed","template":"","meta":{"_uag_custom_page_level_css":"","_lmt_disableupdate":"","_lmt_disable":"","site-sidebar-layout":"default","site-content-layout":"content-boxed-container","ast-site-content-layout":"normal-width-container","site-content-style":"boxed","site-sidebar-style":"unboxed","ast-global-header-display":"","ast-banner-title-visibility":"","ast-main-header-display":"","ast-hfb-above-header-display":"","ast-hfb-below-header-display":"","ast-hfb-mobile-header-display":"","site-post-title":"","ast-breadcrumbs-content":"","ast-featured-img":"","footer-sml-layout":"","theme-transparent-header-meta":"default","adv-header-id-meta":"","stick-header-meta":"","header-above-stick-meta":"","header-main-stick-meta":"","header-below-stick-meta":"","astra-migrate-meta-layouts":"set","ast-page-background-enabled":"default","ast-page-background-meta":{"desktop":{"background-color":"var(--ast-global-color-4)","background-image":"","background-repeat":"repeat","background-position":"center center","background-size":"auto","background-attachment":"scroll","background-type":"","background-media":"","overlay-type":"","overlay-color":"","overlay-opacity":"","overlay-gradient":""},"tablet":{"background-color":"","background-image":"","background-repeat":"repeat","background-position":"center center","background-size":"auto","background-attachment":"scroll","background-type":"","background-media":"","overlay-type":"","overlay-color":"","overlay-opacity":"","overlay-gradient":""},"mobile":{"background-color":"","background-image":"","background-repeat":"repeat","background-position":"center center","background-size":"auto","background-attachment":"scroll","background-type":"","background-media":"","overlay-type":"","overlay-color":"","overlay-opacity":"","overlay-gradient":""}},"ast-content-background-meta":{"desktop":{"background-color":"var(--ast-global-color-5)","background-image":"","background-repeat":"repeat","background-position":"center center","background-size":"auto","background-attachment":"scroll","background-type":"","background-media":"","overlay-type":"","overlay-color":"","overlay-opacity":"","overlay-gradient":""},"tablet":{"background-color":"var(--ast-global-color-5)","background-image":"","background-repeat":"repeat","background-position":"center center","background-size":"auto","background-attachment":"scroll","background-type":"","background-media":"","overlay-type":"","overlay-color":"","overlay-opacity":"","overlay-gradient":""},"mobile":{"background-color":"var(--ast-global-color-5)","background-image":"","background-repeat":"repeat","background-position":"center center","background-size":"auto","background-attachment":"scroll","background-type":"","background-media":"","overlay-type":"","overlay-color":"","overlay-opacity":"","overlay-gradient":""}},"_joinchat":[]},"product_brand":[],"product_cat":[15,25,123,26,28,135,27,60,137,136,30],"product_tag":[156,146,155,158,132,154,157],"class_list":{"0":"post-2441","1":"product","2":"type-product","3":"status-publish","4":"has-post-thumbnail","6":"product_cat-new-vape-this-week","7":"product_cat-germany-best-selling-vape","8":"product_cat-italy-wholesale-vape","9":"product_cat-netherlands-hot-sale-vape","10":"product_cat-poland-hot-sale-vape","11":"product_cat-spain-best-hot-sale-vape","12":"product_cat-fance-hot-sale-vape","13":"product_cat-bang-vapes","14":"product_cat-rechargeable-vapes","15":"product_cat-smart-screen-vapes","16":"product_cat-minimum-order-quantity-50pcs","17":"product_tag-0-nicotine-disposable-vape","18":"product_tag-best-hot-sale-vape","19":"product_tag-digital-display-box","20":"product_tag-elf-box-disposable-vape","21":"product_tag-rechargeable-vape","22":"product_tag-smart-vape","23":"product_tag-vape-disposable","24":"desktop-align-left","25":"tablet-align-left","26":"mobile-align-left","28":"first","29":"instock","30":"sale","31":"shipping-taxable","32":"purchasable","33":"product-type-simple"},"uagb_featured_image_src":{"full":["https:\/\/rmvapesale.com\/wp-content\/uploads\/2024\/10\/Best-Disposable-Vape-Elf-Box.png",805,805,false],"thumbnail":["https:\/\/rmvapesale.com\/wp-content\/uploads\/2024\/10\/Best-Disposable-Vape-Elf-Box-150x150.png",150,150,true],"medium":["https:\/\/rmvapesale.com\/wp-content\/uploads\/2024\/10\/Best-Disposable-Vape-Elf-Box-300x300.png",300,300,true],"medium_large":["https:\/\/rmvapesale.com\/wp-content\/uploads\/2024\/10\/Best-Disposable-Vape-Elf-Box-768x768.png",768,768,true],"large":["https:\/\/rmvapesale.com\/wp-content\/uploads\/2024\/10\/Best-Disposable-Vape-Elf-Box.png",805,805,false],"1536x1536":["https:\/\/rmvapesale.com\/wp-content\/uploads\/2024\/10\/Best-Disposable-Vape-Elf-Box.png",805,805,false],"2048x2048":["https:\/\/rmvapesale.com\/wp-content\/uploads\/2024\/10\/Best-Disposable-Vape-Elf-Box.png",805,805,false],"trp-custom-language-flag":["https:\/\/rmvapesale.com\/wp-content\/uploads\/2024\/10\/Best-Disposable-Vape-Elf-Box.png",12,12,false],"woocommerce_thumbnail":["https:\/\/rmvapesale.com\/wp-content\/uploads\/2024\/10\/Best-Disposable-Vape-Elf-Box-300x300.png",300,300,true],"woocommerce_single":["https:\/\/rmvapesale.com\/wp-content\/uploads\/2024\/10\/Best-Disposable-Vape-Elf-Box-600x600.png",600,600,true],"woocommerce_gallery_thumbnail":["https:\/\/rmvapesale.com\/wp-content\/uploads\/2024\/10\/Best-Disposable-Vape-Elf-Box-100x100.png",100,100,true],"wcpr-photo-reviews":["https:\/\/rmvapesale.com\/wp-content\/uploads\/2024\/10\/Best-Disposable-Vape-Elf-Box.png",500,500,false]},"uagb_author_info":{"display_name":"AMY","author_link":"https:\/\/rmvapesale.com\/sk\/author\/"},"uagb_comment_info":0,"uagb_excerpt":"Elf Box Pulse X 25000 Puffs 2% Low Nicotine Disposable Vape ELF BOX Pulse X 25000 Puffs Disposable Vape wholesale Vape Disposable ELF BOX PULSE X 25000 Puff Bulk Buy WhatsApp: +86 17776015835 &nbsp;","_links":{"self":[{"href":"https:\/\/rmvapesale.com\/sk\/wp-json\/wp\/v2\/product\/2441","targetHints":{"allow":["GET"]}}],"collection":[{"href":"https:\/\/rmvapesale.com\/sk\/wp-json\/wp\/v2\/product"}],"about":[{"href":"https:\/\/rmvapesale.com\/sk\/wp-json\/wp\/v2\/types\/product"}],"replies":[{"embeddable":true,"href":"https:\/\/rmvapesale.com\/sk\/wp-json\/wp\/v2\/comments?post=2441"}],"wp:featuredmedia":[{"embeddable":true,"href":"https:\/\/rmvapesale.com\/sk\/wp-json\/wp\/v2\/media\/2442"}],"wp:attachment":[{"href":"https:\/\/rmvapesale.com\/sk\/wp-json\/wp\/v2\/media?parent=2441"}],"wp:term":[{"taxonomy":"product_brand","embeddable":true,"href":"https:\/\/rmvapesale.com\/sk\/wp-json\/wp\/v2\/product_brand?post=2441"},{"taxonomy":"product_cat","embeddable":true,"href":"https:\/\/rmvapesale.com\/sk\/wp-json\/wp\/v2\/product_cat?post=2441"},{"taxonomy":"product_tag","embeddable":true,"href":"https:\/\/rmvapesale.com\/sk\/wp-json\/wp\/v2\/product_tag?post=2441"}],"curies":[{"name":"wp","href":"https:\/\/api.w.org\/{rel}","templated":true}]}}