{"id":2449,"date":"2024-10-17T06:25:44","date_gmt":"2024-10-17T06:25:44","guid":{"rendered":"https:\/\/rmvapesale.com\/?post_type=product&#038;p=2449"},"modified":"2024-10-18T09:00:26","modified_gmt":"2024-10-18T09:00:26","slug":"aivono-aim-gun-7000-puffs-disposable-vape-cheap-price","status":"publish","type":"product","link":"https:\/\/rmvapesale.com\/sk\/product\/aivono-aim-gun-7000-puffs-disposable-vape-cheap-price\/","title":{"rendered":"Aivono Aim Gun 7000 potiahnut\u00ed Jednorazov\u00e1 vape za n\u00edzku cenu"},"content":{"rendered":"<div class=\"B2VR9 CJHX3e\">\n<div class=\"wyccme\">\n<h1 class=\"LC20lb MBeuO DKV0Md\">Aivono Aim Gun 7000 potiahnut\u00ed Jednorazov\u00e1 vape za n\u00edzku cenu<\/h1>\n<div class=\"flex-shrink-0 flex flex-col relative items-end\">\n<div class=\"pt-0\">\n<div class=\"gizmo-bot-avatar flex h-8 w-8 items-center justify-center overflow-hidden rounded-full\">\n<div class=\"relative p-1 rounded-sm flex items-center justify-center bg-token-main-surface-primary text-token-text-primary h-8 w-8\">\n<p>Aivono Aim Gun 7000 Pufov Jednorazov\u00fd Vaporiz\u00e9r je pr\u00e9miov\u00fd podov\u00fd vaporiz\u00e9r navrhnut\u00fd tak, aby poskytoval v\u00fdnimo\u010dn\u00fd z\u00e1\u017eitok z vapovania s ve\u013ek\u00fdm v\u00fdkonem pufov. Tento jednorazov\u00fd vaporiz\u00e9r je vybaven\u00fd kapacitou 12 ml e-liquidu, pon\u00faka mo\u017enosti nikot\u00ednovej sily 0%, 2%, 3% a 5%, \u010d\u00edm vyhovuje r\u00f4znym preferenci\u00e1m pou\u017e\u00edvate\u013eov. S 1.2\u03a9 sie\u0165ovou cievkou a v\u00fdkonnou 500mAh dob\u00edjate\u013enou bat\u00e9riou zabezpe\u010duje zariadenie kon\u0161tantn\u00fa produkciu pary a hladk\u00e9 \u0165ahy pri ka\u017edom pufnut\u00ed.<\/p>\n<p>Vybaven\u00fd pohodln\u00fdm nab\u00edjac\u00edm portom na spodnej strane, Aivono Aim Gun zabezpe\u010duje, \u017ee m\u00f4\u017eete vyu\u017ei\u0165 ka\u017ed\u00fd posledn\u00fd kvapku e-liquidu, \u010d\u00edm maximalizujete \u017eivotnos\u0165 zariadenia.<\/p>\n<p>S elegantn\u00fdm dizajnom a spo\u013eahliv\u00fdm v\u00fdkonom je Aivono Aim Gun 7000 Pufov ide\u00e1lny pre be\u017en\u00fdch aj sk\u00fasen\u00fdch vap\u00e9rov. \u010ci u\u017e h\u013ead\u00e1te siln\u00fd so\u013en\u00fd vapov\u00fd z\u00e1\u017eitok alebo len kvalitn\u00fa mo\u017enos\u0165 vapovania, toto zariadenie je ide\u00e1lne na vapovanie na cest\u00e1ch.<\/p>\n<\/div>\n<\/div>\n<\/div>\n<\/div>\n<\/div>\n<\/div>\n<p><strong>Kontaktujte Amy a z\u00edskajte spr\u00e1vnu odpove\u010f a \u010fal\u0161ie vide\u00e1 o produktoch!<\/strong><\/p>\n<p><img loading=\"lazy\" decoding=\"async\" class=\"size-full wp-image-1978\" src=\"https:\/\/rmvapesale.com\/wp-content\/uploads\/2024\/09\/Disposable-Vape-Wholesale.jpg\" alt=\"Jednorazov\u00fd vape ve\u013ekoobchod\" width=\"229\" height=\"300\" \/><\/p>\n<h3><a href=\"https:\/\/wa.me\/8617776015835\" target=\"_blank\" rel=\"noopener\"><span style=\"color: #ff0000\"><strong>WhatsApp: +86 17776015835<\/strong><\/span><\/a><\/h3>\n<p>&nbsp;<\/p>\n<h2><\/h2>\n<h2><strong>Aivono Gun 7000 Pufov Jednorazov\u00fd<\/strong><strong>\u00a0<\/strong><strong>K\u013e\u00fa\u010dov\u00e9 vlastnosti<\/strong><\/h2>\n<p>Nikot\u00edn: 0% 2% 3% 5%<br \/>\nPufy: 7000<br \/>\nKapacita: 12ml<br \/>\nDostupn\u00fdch 10 pr\u00edchut\u00ed<br \/>\n500 mAh Nab\u00edjate\u013en\u00e1<br \/>\n1.2\u03a9 Sie\u0165ov\u00e1 cievka<\/p>\n<h2><\/h2>\n<h2><strong>Najlep\u0161ia pr\u00edchu\u0165 pre <\/strong><strong>Aivono Gun 7000 Pufov Jednorazov\u00fd Pod<\/strong><\/h2>\n<h2><\/h2>\n<p>Vyberte si z 10 chut\u00ed a u\u017e\u00edvajte si uspokojiv\u00fd z\u00e1\u017eitok, ktor\u00fd ocenia vap\u00e9ri v\u0161etk\u00fdch \u00farovn\u00ed. Tento vaporiz\u00e9r pon\u00faka dokonal\u00fa rovnov\u00e1hu medzi chu\u0165ou a parou, \u010do z neho rob\u00ed \u0161pi\u010dkov\u00fa vo\u013ebu pre t\u00fdch, ktor\u00ed h\u013eadaj\u00fa najlep\u0161\u00ed vaporiz\u00e9r na trhu.<\/p>\n<p>1. Anan\u00e1s Kokosov\u00e1 \u013dadov\u00e1<span style=\"color: #ff0000\"><strong>&gt;&gt;&gt;&gt; Hor\u00face!<\/strong><\/span><br \/>\n2. Jahodov\u00e1 Zmrzlina<br \/>\n3. Jahoda Mel\u00f3n Brosky\u0148a<br \/>\n4. \u010cu\u010doriedka Malina Citr\u00f3n<br \/>\n5. Mel\u00f3n \u013dad<br \/>\n6. Zmie\u0161an\u00e9 bobu\u013eov\u00e9 ovocie <span style=\"color: #ff0000\"><strong>&gt;&gt;&gt;&gt; Najlep\u0161ie!<\/strong><\/span><br \/>\n7. \u010cu\u010doriedka Na \u013dade<span style=\"color: #ff0000\"><strong>&gt;&gt;&gt;&gt; Hor\u00face!<\/strong><\/span><br \/>\n8. Brosky\u0148a \u013dadov\u00e1<br \/>\n9. Hrozno \u013dadov\u00e9<br \/>\n10.Jahoda s ban\u00e1nom<\/p>\n<figure id=\"attachment_2456\" aria-describedby=\"caption-attachment-2456\" style=\"width: 800px\" class=\"wp-caption alignnone\"><img loading=\"lazy\" decoding=\"async\" class=\"wp-image-2456 size-full\" src=\"https:\/\/rmvapesale.com\/wp-content\/uploads\/2024\/10\/AIVONO-AIM-GUN-7000Puffs-Disposable-Vape.png\" alt=\"AIVONO AIM GUN 7000 Puff Jednor\u00e1zov\u00e9 vape pods\" width=\"800\" height=\"639\" srcset=\"https:\/\/rmvapesale.com\/wp-content\/uploads\/2024\/10\/AIVONO-AIM-GUN-7000Puffs-Disposable-Vape.png 800w, https:\/\/rmvapesale.com\/wp-content\/uploads\/2024\/10\/AIVONO-AIM-GUN-7000Puffs-Disposable-Vape-300x240.png 300w, https:\/\/rmvapesale.com\/wp-content\/uploads\/2024\/10\/AIVONO-AIM-GUN-7000Puffs-Disposable-Vape-768x613.png 768w, https:\/\/rmvapesale.com\/wp-content\/uploads\/2024\/10\/AIVONO-AIM-GUN-7000Puffs-Disposable-Vape-600x479.png 600w\" sizes=\"auto, (max-width: 800px) 100vw, 800px\" \/><figcaption id=\"caption-attachment-2456\" class=\"wp-caption-text\">AIVONO AIM GUN 7000 Puff Jednor\u00e1zov\u00e9 vape pods<\/figcaption><\/figure>\n<p>&nbsp;<\/p>\n<h3><strong>Pre\u010do si vybra\u0165 Rmvapesale pre Aivono Aim Gun 7000 Puffs<\/strong><strong>?<\/strong><\/h3>\n<div class=\"flex-shrink-0 flex flex-col relative items-end\">\n<div class=\"pt-0\">\n<div class=\"gizmo-bot-avatar flex h-8 w-8 items-center justify-center overflow-hidden rounded-full\">\n<div class=\"relative p-1 rounded-sm flex items-center justify-center bg-token-main-surface-primary text-token-text-primary h-8 w-8\">\n<p>&nbsp;<\/p>\n<p>Ke\u010f si vyberiete Rmvapesale pre va\u0161e ve\u013ekoobchodn\u00e9 potreby s jednorazov\u00fdmi vapmi, z\u00edskate:<\/p>\n<ul>\n<li><strong>Konkuren\u010dn\u00e1 cena<\/strong>: Z\u00edskajte pr\u00edstup k atrakt\u00edvnym ve\u013ekoobchodn\u00fdm cen\u00e1m, ktor\u00e9 zv\u00fd\u0161ia mar\u017ee v\u00e1\u0161ho podnikania.<\/li>\n<li><strong>Vysok\u00e1 kvalita<\/strong>: Na\u0161e vapy s\u00fa vyr\u00e1ban\u00e9 pod\u013ea najvy\u0161\u0161\u00edch \u0161tandardov a <span style=\"color: #ff0000\"><strong>zaru\u010dene 100% origin\u00e1lne a autentick\u00e9, alebo v\u00e1m poskytneme 10-n\u00e1sobn\u00fa kompenz\u00e1ciu za falo\u0161n\u00fd tovar!<\/strong><\/span><\/li>\n<li><strong>Vynikaj\u00faci z\u00e1kazn\u00edcky servis<\/strong>: N\u00e1\u0161 oddan\u00fd t\u00edm je v\u017edy pripraven\u00fd v\u00e1m pom\u00f4c\u0165, v\u010faka \u010domu bude v\u00e1\u0161 n\u00e1kupn\u00fd proces plynul\u00fd a bezprobl\u00e9mov\u00fd.<\/li>\n<li><strong>R\u00fdchle<\/strong>: O\u010dak\u00e1vajte r\u00fdchle a spo\u013eahliv\u00e9 doru\u010denie, ktor\u00e9 zaist\u00ed, \u017ee va\u0161e objedn\u00e1vky dorazia v\u017edy na\u010das.<\/li>\n<\/ul>\n<\/div>\n<h3><\/h3>\n<div class=\"relative p-1 rounded-sm flex items-center justify-center bg-token-main-surface-primary text-token-text-primary h-8 w-8\">\n<h3><b>\u010cast\u00e9 ot\u00e1zky<\/b><\/h3>\n<p>&nbsp;<\/p>\n<ul>\n<li><strong>Ak\u00e1 je kapacita e-liquidu u Aivono Aim Gun 7000 Puffs Jednor\u00e1zov\u00e9ho vapingu?<\/strong>\n<ul>\n<li>Aivono Aim Gun 7000 Puffs Jednor\u00e1zov\u00fd vaping obsahuje kapacitu e-liquidu 12 ml, \u010do poskytuje dlhodob\u00fd z\u00e1\u017eitok z vapingu s a\u017e 7000 potiahnutiami na zariadenie.<\/li>\n<\/ul>\n<\/li>\n<li><strong>Ak\u00e9 silnosti nikot\u00ednu s\u00fa dostupn\u00e9 pre Aivono Aim Gun 7000 Puffs?<\/strong>\n<ul>\n<li>Aivono 7000 pon\u00faka mo\u017enosti silnosti nikot\u00ednu 0%, 2%, 3% a 5%, \u010do ho rob\u00ed vhodn\u00fdm pre pou\u017e\u00edvate\u013eov s r\u00f4znymi preferenciami nikot\u00ednu.<\/li>\n<\/ul>\n<\/li>\n<li><strong>M\u00f4\u017eem nab\u00edja\u0165 Aivono Aim Gun 7000 Puffs Jednor\u00e1zov\u00fd vaping?<\/strong>\n<ul>\n<li>\u00c1no, Aivono Aim Gun je vybaven\u00fd nab\u00edjate\u013enou bat\u00e9riou s kapacitou 500mAh a m\u00e1 nab\u00edjac\u00ed port na spodnej strane, aby ste mohli vyu\u017ei\u0165 v\u0161etok e-liquid v tanku.<\/li>\n<\/ul>\n<\/li>\n<li><strong>Ak\u00fd typ \u0161pir\u00e1lky sa pou\u017e\u00edva v Aivono Aim Gun 7000 Puffs?<\/strong>\n<ul>\n<li>Tento jednor\u00e1zov\u00fd vaping pou\u017e\u00edva mesh \u0161pir\u00e1lku s odporom 1.2\u03a9, ktor\u00e1 zvy\u0161uje produkciu pary a chu\u0165 pre hladk\u00fd a uspokojiv\u00fd z\u00e1\u017eitok z vapingu.<\/li>\n<\/ul>\n<\/li>\n<li><strong>Ak\u00e9 chute s\u00fa dostupn\u00e9 pre Aivono Aim Gun 7000 Puffs Jednor\u00e1zov\u00fd vaping?<\/strong>\n<ul>\n<li>Aivono Aim Gun pon\u00faka 10 r\u00f4znych chut\u00ed, \u010do poskytuje r\u00f4znorod\u00e9 mo\u017enosti na prisp\u00f4sobenie va\u0161im chu\u0165ov\u00fdm preferenci\u00e1m a zabezpe\u010duje jedine\u010dn\u00fd z\u00e1\u017eitok z vapingu pri ka\u017edej chuti.<\/li>\n<\/ul>\n<\/li>\n<\/ul>\n<\/div>\n<\/div>\n<\/div>\n<\/div>\n<div class=\"group\/conversation-turn relative flex w-full min-w-0 flex-col agent-turn\">\n<div class=\"flex-col gap-1 md:gap-3\">\n<div class=\"flex max-w-full flex-col flex-grow\">\n<div class=\"min-h-8 text-message flex w-full flex-col items-end gap-2 whitespace-normal break-words [.text-message+&amp;]:mt-5\" dir=\"auto\" data-message-author-role=\"assistant\" data-message-id=\"f226d3fc-81f3-46d5-8c46-31787fff0357\">\n<div class=\"flex w-full flex-col gap-1 empty:hidden first:pt-[3px]\">\n<div class=\"markdown prose w-full break-words dark:prose-invert light\">\n<div class=\"group\/conversation-turn relative flex w-full min-w-0 flex-col agent-turn\">\n<div class=\"flex-col gap-1 md:gap-3\">\n<div class=\"flex max-w-full flex-col flex-grow\">\n<div class=\"min-h-8 text-message flex w-full flex-col items-end gap-2 whitespace-normal break-words [.text-message+&amp;]:mt-5\" dir=\"auto\" data-message-author-role=\"assistant\" data-message-id=\"91d2b73b-9149-4888-a964-4b8464e0e6e3\" data-message-model-slug=\"gpt-4o\">\n<div class=\"flex w-full flex-col gap-1 empty:hidden first:pt-[3px]\">\n<div class=\"markdown prose w-full break-words dark:prose-invert light\">\n<p>&nbsp;<\/p>\n<p>&nbsp;<\/p>\n<\/div>\n<\/div>\n<\/div>\n<\/div>\n<\/div>\n<\/div>\n<\/div>\n<\/div>\n<\/div>\n<\/div>\n<\/div>\n<\/div>\n<h3>O doru\u010den\u00ed<\/h3>\n<div class=\"flex-shrink-0 flex flex-col relative items-end\">\n<div>\n<div class=\"pt-0\">\n<div class=\"gizmo-bot-avatar flex h-8 w-8 items-center justify-center overflow-hidden rounded-full\">\n<div><\/div>\n<div class=\"relative p-1 rounded-sm flex items-center justify-center bg-token-main-surface-primary text-token-text-primary h-8 w-8\"><strong>1. Ak\u00e9 sp\u00f4soby doru\u010denia pou\u017e\u00edvate?<\/strong><\/div>\n<\/div>\n<\/div>\n<\/div>\n<\/div>\n<div class=\"group\/conversation-turn relative flex w-full min-w-0 flex-col agent-turn\">\n<div class=\"flex-col gap-1 md:gap-3\">\n<div class=\"flex max-w-full flex-col flex-grow\">\n<div class=\"min-h-[20px] text-message flex w-full flex-col items-end gap-2 whitespace-normal break-words [.text-message+&amp;]:mt-5 overflow-x-auto\" dir=\"auto\" data-message-author-role=\"assistant\" data-message-id=\"22f8283b-3233-46ff-89a5-c7a41b33abda\">\n<div class=\"flex w-full flex-col gap-1 empty:hidden first:pt-[3px]\">\n<div class=\"markdown prose w-full break-words dark:prose-invert light\">\n<p>Spolupracujeme so spolo\u010dnos\u0165ami UPS, DHL, FedEx, DPD a \u010fal\u0161\u00edmi popredn\u00fdmi dopravcami. Vyberieme najlep\u0161\u00ed sp\u00f4sob doru\u010denia na z\u00e1klade va\u0161ej adresy, aby sme zaistili, \u017ee svoje produkty dostanete \u010do najr\u00fdchlej\u0161ie.<\/p>\n<\/div>\n<p><strong>2. Ako dlho trv\u00e1 doru\u010denie?<\/strong><\/p>\n<p>Bal\u00edky doru\u010dovan\u00e9 na Slovensko zvy\u010dajne dorazia do 10 pracovn\u00fdch dn\u00ed. Doru\u010denie do eur\u00f3pskych kraj\u00edn zvy\u010dajne trv\u00e1 asi 12-15 pracovn\u00fdch dn\u00ed. Budeme v\u00e1s informova\u0165 o stave doru\u010denia v re\u00e1lnom \u010dase.<\/p>\n<\/div>\n<\/div>\n<\/div>\n<\/div>\n<\/div>\n<p>&nbsp;<\/p>\n<p>\u010eal\u0161ie hor\u00face vapy, ktor\u00e9 by sa v\u00e1m mohli p\u00e1\u010di\u0165:<\/p>\n<p><a href=\"https:\/\/rmvapesale.com\/sk\/product\/bang-box-20000-puffs-vape-0-2-5-nicotine\/\"><strong>Bang Box 20000 potiahnut\u00ed\u00a0 \u00a0<span style=\"color: #ff0000\">&gt;&gt;&gt;&gt; \u00eds\u0165!<\/span><\/strong><\/a><\/p>\n<p><strong><a href=\"https:\/\/rmvapesale.com\/sk\/product\/faivono-bang-maxi-15000-puffs-disposable-vape-bulk-wholesale\/\">AIVONO Aim Bang Maxi 15000 \u0165ahov <span style=\"color: #ff0000\">&gt;&gt;&gt;&gt; \u00eds\u0165!<\/span><\/a>\u00a0<\/strong><\/p>\n<p><a href=\"https:\/\/rmvapesale.com\/sk\/product\/bang-tornado-13000-puffs-disposable-vape-pen-wholesale-price\/\"><strong>Bang Tornado 13000 <span style=\"color: #ff0000\">&gt;&gt;&gt;&gt; \u00eds\u0165!<\/span><\/strong><\/a><\/p>\n<p>&nbsp;<\/p>\n<p>&nbsp;<\/p>\n<p>N\u00e1jdite \u010fal\u0161ie vape produkty, ktor\u00e9 by sa v\u00e1m mohli p\u00e1\u010di\u0165:<strong><em><a href=\"https:\/\/rmvapesale.com\/sk\/shop-2\/\">nakupova\u0165 teraz &gt;&gt;&gt;<\/a><\/em><\/strong><\/p>","protected":false},"excerpt":{"rendered":"<p>AIVONO AIM GUN 7000 Pufov Jednorazov\u00fd Vaporiz\u00e9r Ve\u013ekoobchod<br \/>\nAivono Aim Jednorazov\u00fd Vaporiz\u00e9r Pod 7000 Pufov Ve\u013ekoobchod<br \/>\nAIVONO AIM GUN Jednorazov\u00fd VAPE 7000 Pufov 10 Chut\u00ed<\/p>\n<p><img loading=\"lazy\" decoding=\"async\" class=\"size-full wp-image-2375\" src=\"https:\/\/rmvapesale.com\/wp-content\/uploads\/2024\/10\/image.png\" alt=\"Najlep\u0161\u00ed jednorazov\u00fd vape\" width=\"229\" height=\"300\" \/><\/p>\n<h3><a href=\"https:\/\/wa.me\/8617776015835\"><span style=\"color: #ff0000\"><strong>WhatsApp: +86 17776015835<\/strong><\/span><\/a><\/h3>\n<p>&nbsp;<\/p>","protected":false},"featured_media":2458,"comment_status":"open","ping_status":"closed","template":"","meta":{"_uag_custom_page_level_css":"","_lmt_disableupdate":"","_lmt_disable":"","site-sidebar-layout":"default","site-content-layout":"content-boxed-container","ast-site-content-layout":"normal-width-container","site-content-style":"boxed","site-sidebar-style":"unboxed","ast-global-header-display":"","ast-banner-title-visibility":"","ast-main-header-display":"","ast-hfb-above-header-display":"","ast-hfb-below-header-display":"","ast-hfb-mobile-header-display":"","site-post-title":"","ast-breadcrumbs-content":"","ast-featured-img":"","footer-sml-layout":"","theme-transparent-header-meta":"default","adv-header-id-meta":"","stick-header-meta":"","header-above-stick-meta":"","header-main-stick-meta":"","header-below-stick-meta":"","astra-migrate-meta-layouts":"set","ast-page-background-enabled":"default","ast-page-background-meta":{"desktop":{"background-color":"var(--ast-global-color-4)","background-image":"","background-repeat":"repeat","background-position":"center center","background-size":"auto","background-attachment":"scroll","background-type":"","background-media":"","overlay-type":"","overlay-color":"","overlay-opacity":"","overlay-gradient":""},"tablet":{"background-color":"","background-image":"","background-repeat":"repeat","background-position":"center center","background-size":"auto","background-attachment":"scroll","background-type":"","background-media":"","overlay-type":"","overlay-color":"","overlay-opacity":"","overlay-gradient":""},"mobile":{"background-color":"","background-image":"","background-repeat":"repeat","background-position":"center center","background-size":"auto","background-attachment":"scroll","background-type":"","background-media":"","overlay-type":"","overlay-color":"","overlay-opacity":"","overlay-gradient":""}},"ast-content-background-meta":{"desktop":{"background-color":"var(--ast-global-color-5)","background-image":"","background-repeat":"repeat","background-position":"center center","background-size":"auto","background-attachment":"scroll","background-type":"","background-media":"","overlay-type":"","overlay-color":"","overlay-opacity":"","overlay-gradient":""},"tablet":{"background-color":"var(--ast-global-color-5)","background-image":"","background-repeat":"repeat","background-position":"center center","background-size":"auto","background-attachment":"scroll","background-type":"","background-media":"","overlay-type":"","overlay-color":"","overlay-opacity":"","overlay-gradient":""},"mobile":{"background-color":"var(--ast-global-color-5)","background-image":"","background-repeat":"repeat","background-position":"center center","background-size":"auto","background-attachment":"scroll","background-type":"","background-media":"","overlay-type":"","overlay-color":"","overlay-opacity":"","overlay-gradient":""}},"_joinchat":[]},"product_brand":[],"product_cat":[15,25,123,26,28,135,27,137,30],"product_tag":[156,146,155,132,157],"class_list":{"0":"post-2449","1":"product","2":"type-product","3":"status-publish","4":"has-post-thumbnail","6":"product_cat-new-vape-this-week","7":"product_cat-germany-best-selling-vape","8":"product_cat-italy-wholesale-vape","9":"product_cat-netherlands-hot-sale-vape","10":"product_cat-poland-hot-sale-vape","11":"product_cat-spain-best-hot-sale-vape","12":"product_cat-fance-hot-sale-vape","13":"product_cat-rechargeable-vapes","14":"product_cat-minimum-order-quantity-50pcs","15":"product_tag-0-nicotine-disposable-vape","16":"product_tag-best-hot-sale-vape","17":"product_tag-digital-display-box","18":"product_tag-rechargeable-vape","19":"product_tag-vape-disposable","20":"desktop-align-left","21":"tablet-align-left","22":"mobile-align-left","24":"first","25":"instock","26":"sale","27":"shipping-taxable","28":"purchasable","29":"product-type-simple"},"uagb_featured_image_src":{"full":["https:\/\/rmvapesale.com\/wp-content\/uploads\/2024\/10\/AIVONO-AIM-GUN-7000Puffs-Vape.png",800,800,false],"thumbnail":["https:\/\/rmvapesale.com\/wp-content\/uploads\/2024\/10\/AIVONO-AIM-GUN-7000Puffs-Vape-150x150.png",150,150,true],"medium":["https:\/\/rmvapesale.com\/wp-content\/uploads\/2024\/10\/AIVONO-AIM-GUN-7000Puffs-Vape-300x300.png",300,300,true],"medium_large":["https:\/\/rmvapesale.com\/wp-content\/uploads\/2024\/10\/AIVONO-AIM-GUN-7000Puffs-Vape-768x768.png",768,768,true],"large":["https:\/\/rmvapesale.com\/wp-content\/uploads\/2024\/10\/AIVONO-AIM-GUN-7000Puffs-Vape.png",800,800,false],"1536x1536":["https:\/\/rmvapesale.com\/wp-content\/uploads\/2024\/10\/AIVONO-AIM-GUN-7000Puffs-Vape.png",800,800,false],"2048x2048":["https:\/\/rmvapesale.com\/wp-content\/uploads\/2024\/10\/AIVONO-AIM-GUN-7000Puffs-Vape.png",800,800,false],"trp-custom-language-flag":["https:\/\/rmvapesale.com\/wp-content\/uploads\/2024\/10\/AIVONO-AIM-GUN-7000Puffs-Vape.png",12,12,false],"woocommerce_thumbnail":["https:\/\/rmvapesale.com\/wp-content\/uploads\/2024\/10\/AIVONO-AIM-GUN-7000Puffs-Vape-300x300.png",300,300,true],"woocommerce_single":["https:\/\/rmvapesale.com\/wp-content\/uploads\/2024\/10\/AIVONO-AIM-GUN-7000Puffs-Vape-600x600.png",600,600,true],"woocommerce_gallery_thumbnail":["https:\/\/rmvapesale.com\/wp-content\/uploads\/2024\/10\/AIVONO-AIM-GUN-7000Puffs-Vape-100x100.png",100,100,true],"wcpr-photo-reviews":["https:\/\/rmvapesale.com\/wp-content\/uploads\/2024\/10\/AIVONO-AIM-GUN-7000Puffs-Vape.png",500,500,false]},"uagb_author_info":{"display_name":"AMY","author_link":"https:\/\/rmvapesale.com\/sk\/author\/"},"uagb_comment_info":0,"uagb_excerpt":"AIVONO AIM GUN 7000 Puff Disposable Vape Wholesale Aivono Aim Disposable Vape Pod 7000 Puffs Wholesale AIVONO AIM GUN Disposable VAPE 7000 Puffs 10 Flavors WhatsApp: +86 17776015835 &nbsp;","_links":{"self":[{"href":"https:\/\/rmvapesale.com\/sk\/wp-json\/wp\/v2\/product\/2449","targetHints":{"allow":["GET"]}}],"collection":[{"href":"https:\/\/rmvapesale.com\/sk\/wp-json\/wp\/v2\/product"}],"about":[{"href":"https:\/\/rmvapesale.com\/sk\/wp-json\/wp\/v2\/types\/product"}],"replies":[{"embeddable":true,"href":"https:\/\/rmvapesale.com\/sk\/wp-json\/wp\/v2\/comments?post=2449"}],"wp:featuredmedia":[{"embeddable":true,"href":"https:\/\/rmvapesale.com\/sk\/wp-json\/wp\/v2\/media\/2458"}],"wp:attachment":[{"href":"https:\/\/rmvapesale.com\/sk\/wp-json\/wp\/v2\/media?parent=2449"}],"wp:term":[{"taxonomy":"product_brand","embeddable":true,"href":"https:\/\/rmvapesale.com\/sk\/wp-json\/wp\/v2\/product_brand?post=2449"},{"taxonomy":"product_cat","embeddable":true,"href":"https:\/\/rmvapesale.com\/sk\/wp-json\/wp\/v2\/product_cat?post=2449"},{"taxonomy":"product_tag","embeddable":true,"href":"https:\/\/rmvapesale.com\/sk\/wp-json\/wp\/v2\/product_tag?post=2449"}],"curies":[{"name":"wp","href":"https:\/\/api.w.org\/{rel}","templated":true}]}}