{"id":2472,"date":"2024-10-21T03:19:00","date_gmt":"2024-10-21T03:19:00","guid":{"rendered":"https:\/\/rmvapesale.com\/?post_type=product&#038;p=2472"},"modified":"2024-10-21T07:09:46","modified_gmt":"2024-10-21T07:09:46","slug":"fumot-digital-box-12000-disposable-vape-pink-lemonade-flavor","status":"publish","type":"product","link":"https:\/\/rmvapesale.com\/sk\/product\/fumot-digital-box-12000-disposable-vape-pink-lemonade-flavor\/","title":{"rendered":"Fumot Digital Box 12000 Jednorazov\u00fd vape Pr\u00edchu\u0165 ru\u017eovej limon\u00e1dy"},"content":{"rendered":"<div class=\"B2VR9 CJHX3e\">\n<div class=\"wyccme\">\n<h1 class=\"LC20lb MBeuO DKV0Md\">Fumot Digital Box 12000 Jednorazov\u00fd vape Pr\u00edchu\u0165 ru\u017eovej limon\u00e1dy<\/h1>\n<div class=\"flex-shrink-0 flex flex-col relative items-end\">\n<div class=\"pt-0\">\n<div class=\"gizmo-bot-avatar flex h-8 w-8 items-center justify-center overflow-hidden rounded-full\">\n<div class=\"relative p-1 rounded-sm flex items-center justify-center bg-token-main-surface-primary text-token-text-primary h-8 w-8\">\n<p>Pink Lemonade, ob\u013e\u00faben\u00e1 v Fumot Digital Box 12000 Jednorazov\u00fd vaporiz\u00e9r, prin\u00e1\u0161a neodolate\u013en\u00fa zmes kysl\u00fdch citrusov a sladk\u00fdch bobu\u013eov\u00fdch t\u00f3nov. T\u00e1to \u017eiv\u00e1 zmes citr\u00f3nov a bob\u00fa\u013e vytv\u00e1ra osvie\u017euj\u00faci, \u017eiv\u00fd chu\u0165ov\u00fd profil, ktor\u00fd premie\u0148a ka\u017ed\u00fd n\u00e1dych na p\u00f4\u017eitok. Prirodzen\u00e1 \u0161\u0165ava citrusov\u00fdch plodov, doplnen\u00e1 jemn\u00fdmi bobu\u013eov\u00fdmi podt\u00f3nmi, zabezpe\u010duje dokonale vyv\u00e1\u017een\u00e9 a harmonick\u00e9 vapovanie.<\/p>\n<p>S ka\u017ed\u00fdm n\u00e1dychom sa v\u00fdrazn\u00e1 chu\u0165 zosil\u0148uje, zanech\u00e1vaj\u00fac za sebou chrumkav\u00fa, osvie\u017euj\u00facu dochu\u0165 pripom\u00ednaj\u00facu tepl\u00e9 letn\u00e9 dni. V\u010faka najmodernej\u0161ej technol\u00f3gii Fumot Vape 12000 pufov zost\u00e1va chu\u0165 konzistentn\u00e1 a bohat\u00e1 po\u010das celej rel\u00e1cie, \u010d\u00edm zvy\u0161uje z\u00e1\u017eitok z vapovania na chv\u00ed\u013eu \u010dist\u00e9ho pote\u0161enia.<\/p>\n<p>Fumot Digital Randm 12000 Jednorazov\u00fd vaporiz\u00e9r Pink Lemonade je ide\u00e1lnou vo\u013ebou pre t\u00fdch, ktor\u00ed maj\u00fa radi ovocn\u00fd a osvie\u017euj\u00faci vaporiz\u00e9r. \u010ci u\u017e si chcete odd\u00fdchnu\u0165 po dlhom dni alebo h\u013ead\u00e1te osvie\u017euj\u00faci za\u010diatok r\u00e1na, t\u00e1to pr\u00edchu\u0165 pon\u00faka dokonal\u00fa kombin\u00e1ciu ovocnosti a svie\u017eosti. Je to vynikaj\u00faca vo\u013eba pre vap\u00e9rikov, ktor\u00ed h\u013eadaj\u00fa zmenu v chuti bez obetovania intenzity alebo spokojnosti.<\/p>\n<p>&nbsp;<\/p>\n<\/div>\n<\/div>\n<\/div>\n<\/div>\n<\/div>\n<\/div>\n<p><strong>Kontaktujte Amy pre spr\u00e1vnu odpove\u010f a vape kup\u00f3n!<\/strong><\/p>\n<p><img loading=\"lazy\" decoding=\"async\" class=\"size-full wp-image-1978\" src=\"https:\/\/rmvapesale.com\/wp-content\/uploads\/2024\/09\/Disposable-Vape-Wholesale.jpg\" alt=\"Jednorazov\u00fd vape ve\u013ekoobchod\" width=\"229\" height=\"300\" \/><\/p>\n<h3><a href=\"https:\/\/wa.me\/8617776015835\" target=\"_blank\" rel=\"noopener\"><span style=\"color: #ff0000\"><strong>WhatsApp: +86 17776015835<\/strong><\/span><\/a><\/h3>\n<p>&nbsp;<\/p>\n<h2><\/h2>\n<h2><strong>Fumot 12k vaporiz\u00e9r Jednorazov\u00fd<\/strong><strong>\u00a0<\/strong><strong>K\u013e\u00fa\u010dov\u00e9 vlastnosti<\/strong><\/h2>\n<p>&nbsp;<\/p>\n<p>Zna\u010dka: TORNADO 25000<br \/>\nPr\u00edchu\u0165: Ru\u017eov\u00e1 limon\u00e1da<br \/>\nPotiahnut\u00ed: 12000<br \/>\nNikot\u00edn: 0\/2\/3\/5%<br \/>\n20 ML E-\u0161\u0165avy.<br \/>\nDob\u00edjate\u013en\u00e1 bat\u00e9ria<br \/>\nIntegrovan\u00e1 bat\u00e9ria 850mAh.<br \/>\nDostupn\u00fdch 40 pr\u00edchut\u00ed.<br \/>\nDisplej pre E-liquid a Bat\u00e9riu<\/p>\n<h2><\/h2>\n<h2><strong>Najlep\u0161ia pr\u00edchu\u0165 pre RandM Fumot Digital Box 12000 Vaporiz\u00e9r<\/strong><\/h2>\n<p>S 24 jedine\u010dn\u00fdmi pr\u00edchu\u0165ami, RandM Tornado 25000 uspokoj\u00ed \u0161irok\u00fa \u0161k\u00e1lu preferenci\u00ed a zais\u0165uje, \u017ee ka\u017ed\u00fd u\u017e\u00edvate\u013e m\u00f4\u017ee n\u00e1js\u0165 pr\u00edchu\u0165, ktor\u00e1 vyhovuje jeho vkusu. Zariadenie je vyroben\u00e9 z vysokokvalitn\u00fdch materi\u00e1lov, \u010do zais\u0165uje odolnos\u0165 a uspokojuj\u00faci z\u00e1\u017eitok z vapovania<\/p>\n<p>1. Chladn\u00e1 m\u00e4ta<br \/>\n2. Mel\u00f3n s \u013eadom<br \/>\n3. Hroznov\u00fd \u013ead<br \/>\n4. \u010cu\u010doriedka malina <span style=\"color: #ff0000\"><strong>&gt;&gt;&gt;&gt; Hor\u00face!<\/strong><\/span><br \/>\n5. Jahoda s mel\u00f3nom<br \/>\n6. Jahoda s ban\u00e1nom<br \/>\n7. Lush Ice<br \/>\n8. \u010cere\u0161\u0148a<br \/>\n9. Jahodov\u00e1 zmrzlina<br \/>\n10. \u013dadov\u00e1 \u0161\u0165ava<br \/>\n11. Ru\u017eov\u00e1 limon\u00e1da <span style=\"color: #ff0000\"><strong>&gt;&gt;&gt;&gt; Najlep\u0161ie!<\/strong><\/span><br \/>\n12. Mango na \u013eade<br \/>\n13. Zmie\u0161an\u00e9 bobule <span style=\"color: #ff0000\"><strong>&gt;&gt;&gt;&gt; Hor\u00face!<\/strong><\/span><br \/>\n14. Jahodov\u00fd donut<br \/>\n15. Jahoda hrozno<br \/>\n16. \u010cere\u0161\u0148ov\u00e1 cola<br \/>\n17. Dr blue<br \/>\n18. \u010cu\u010doriedka na \u013eade<br \/>\n19. Kiwi passion fruit guava<br \/>\n20. Jahoda kiwi<br \/>\n21. Marhu\u013ea mango<br \/>\n22. Marhu\u013eov\u00e1 zmrzlina <span style=\"color: #ff0000\"><strong>&gt;&gt;&gt;&gt; Hor\u00face!<\/strong><\/span><br \/>\n23. \u010cerven\u00e9 jablko na \u013eade<br \/>\n24. \u010cu\u010doriedkov\u00fd \u017euva\u010dka<br \/>\n25. Bobu\u013eov\u00e1 limon\u00e1da<br \/>\n26. Modr\u00e1 razz limon\u00e1da<br \/>\n27. Bluesour malina<br \/>\n28. Jahodov\u00fd Red Bull<br \/>\n29. Jablko bobu\u013eov\u00fd v\u00fdbuch<br \/>\n30. Mel\u00f3nov\u00e1 \u017euva\u010dka s bublinkami<br \/>\n31. Malina s mel\u00f3nom<br \/>\n32. \u010cierny \u013ead<br \/>\n33. \u010cu\u010doriedka s \u010dere\u0161\u0148ou a brusnicou<br \/>\n34. Jahodov\u00e1 pompka (gran\u00e1tov\u00e9 jablko)<br \/>\n35. Vimto <span style=\"color: #ff0000\"><strong>&gt;&gt;&gt;&gt; Hor\u00face!<\/strong><\/span><br \/>\n36. \u010cere\u0161\u0148ovo-ovocn\u00e1 bobu\u013ea <span style=\"color: #ff0000\"><strong>&gt;&gt;&gt;&gt; Hor\u00face!<\/strong><\/span><br \/>\n37. Citr\u00f3n a Limeta<br \/>\n38. Bingo Zr\u00fatenie<br \/>\n39. \u010cu\u010doriedka kiwi<br \/>\n40. Jablko \u0160korica<\/p>\n<figure id=\"attachment_2481\" aria-describedby=\"caption-attachment-2481\" style=\"width: 600px\" class=\"wp-caption alignnone\"><img loading=\"lazy\" decoding=\"async\" class=\"wp-image-2481 size-full\" src=\"https:\/\/rmvapesale.com\/wp-content\/uploads\/2024\/10\/Fumot-Vape-12000-Puffs-RandM-Flavor.jpg\" alt=\"Fumot Vape 12000 Pufov RandM Pr\u00edchu\u0165\" width=\"600\" height=\"600\" srcset=\"https:\/\/rmvapesale.com\/wp-content\/uploads\/2024\/10\/Fumot-Vape-12000-Puffs-RandM-Flavor.jpg 600w, https:\/\/rmvapesale.com\/wp-content\/uploads\/2024\/10\/Fumot-Vape-12000-Puffs-RandM-Flavor-300x300.jpg 300w, https:\/\/rmvapesale.com\/wp-content\/uploads\/2024\/10\/Fumot-Vape-12000-Puffs-RandM-Flavor-150x150.jpg 150w, https:\/\/rmvapesale.com\/wp-content\/uploads\/2024\/10\/Fumot-Vape-12000-Puffs-RandM-Flavor-100x100.jpg 100w\" sizes=\"auto, (max-width: 600px) 100vw, 600px\" \/><figcaption id=\"caption-attachment-2481\" class=\"wp-caption-text\">Fumot Vape 12000 Pufov RandM Pr\u00edchu\u0165<\/figcaption><\/figure>\n<h3><strong>Pre\u010do si vybra\u0165 Rmvapesale pre Randm Vape 12000 Pufov<\/strong><strong>?<\/strong><\/h3>\n<div class=\"flex-shrink-0 flex flex-col relative items-end\">\n<div class=\"pt-0\">\n<div class=\"gizmo-bot-avatar flex h-8 w-8 items-center justify-center overflow-hidden rounded-full\">\n<div class=\"relative p-1 rounded-sm flex items-center justify-center bg-token-main-surface-primary text-token-text-primary h-8 w-8\">\n<p>&nbsp;<\/p>\n<p>Ke\u010f si vyberiete Rmvapesale pre va\u0161e ve\u013ekoobchodn\u00e9 potreby s jednorazov\u00fdmi vapmi, z\u00edskate:<\/p>\n<ul>\n<li><strong>Konkuren\u010dn\u00e1 cena<\/strong>: Z\u00edskajte pr\u00edstup k atrakt\u00edvnym ve\u013ekoobchodn\u00fdm cen\u00e1m, ktor\u00e9 zv\u00fd\u0161ia mar\u017ee v\u00e1\u0161ho podnikania.<\/li>\n<li><strong>Vysok\u00e1 kvalita<\/strong>: Na\u0161e vapy s\u00fa vyr\u00e1ban\u00e9 pod\u013ea najvy\u0161\u0161\u00edch \u0161tandardov a <span style=\"color: #ff0000\"><strong>zaru\u010dene 100% origin\u00e1lne a autentick\u00e9, alebo v\u00e1m poskytneme 10-n\u00e1sobn\u00fa kompenz\u00e1ciu za falo\u0161n\u00fd tovar!<\/strong><\/span><\/li>\n<li><strong>Vynikaj\u00faci z\u00e1kazn\u00edcky servis<\/strong>: N\u00e1\u0161 oddan\u00fd t\u00edm je v\u017edy pripraven\u00fd v\u00e1m pom\u00f4c\u0165, v\u010faka \u010domu bude v\u00e1\u0161 n\u00e1kupn\u00fd proces plynul\u00fd a bezprobl\u00e9mov\u00fd.<\/li>\n<li><strong>R\u00fdchle<\/strong>: O\u010dak\u00e1vajte r\u00fdchle a spo\u013eahliv\u00e9 doru\u010denie, ktor\u00e9 zaist\u00ed, \u017ee va\u0161e objedn\u00e1vky dorazia v\u017edy na\u010das.<\/li>\n<\/ul>\n<\/div>\n<h3><\/h3>\n<div class=\"relative p-1 rounded-sm flex items-center justify-center bg-token-main-surface-primary text-token-text-primary h-8 w-8\">\n<h3><b>\u010cast\u00e9 ot\u00e1zky<\/b><\/h3>\n<p>&nbsp;<\/p>\n<ul>\n<li><strong>Ako si vybra\u0165 spr\u00e1vnu jednorazov\u00fa e-cigaretu?<\/strong><br \/>\nV\u00fdber najlep\u0161ej jednorazovej e-cigarety z\u00e1vis\u00ed od va\u0161ich preferenci\u00ed. Ak chcete zariadenie s dlhou v\u00fddr\u017eou, zvo\u013ete modely ako RandM Tornado 25000 Puffs, ktor\u00e9 pon\u00fakaj\u00fa tis\u00edce potiahnut\u00ed. Pre nad\u0161encov pr\u00edchut\u00ed pon\u00fakaj\u00fa zna\u010dky ako Bang vapes alebo Waspe vape \u0161irok\u00fa \u0161k\u00e1lu ovocn\u00fdch a dezertn\u00fdch pr\u00edchut\u00ed. K\u013e\u00fa\u010dov\u00e9 je uprednostni\u0165 to, na \u010dom v\u00e1m z\u00e1le\u017e\u00ed najviac: v\u00fddr\u017e bat\u00e9rie, rozmanitos\u0165 pr\u00edchut\u00ed alebo prenosnos\u0165.<\/li>\n<li><strong>Ktor\u00e1 jednorazov\u00e1 e-cigareta pon\u00faka najlep\u0161iu pr\u00edchu\u0165?<\/strong><br \/>\nPre v\u00fdnimo\u010dn\u00fa pr\u00edchu\u0165 je Fumot RandM vape 25000 hor\u00facim kandid\u00e1tom, ktor\u00fd prin\u00e1\u0161a hladk\u00e9 potiahnutia s dlhotrvaj\u00facou chu\u0165ou, najm\u00e4 v ovocn\u00fdch variantoch \u010cere\u0161\u0148ov\u00fd cukr\u00edk, Dvojit\u00e9 jablko, RU\u017dOV\u00c1 LIMON\u00c1DA, at\u010f.<\/li>\n<li><strong>Ako zist\u00edte, \u017ee je va\u0161a e-cigareta pr\u00e1zdna?\u00a0<\/strong><br \/>\nV\u0161imnete si, \u017ee va\u0161a jednorazov\u00e1 e-cigareta doch\u00e1dza, ke\u010f sa pr\u00edchu\u0165 oslab\u00ed alebo sa zn\u00ed\u017ei produkcia pary. Niektor\u00e9 nov\u00e9 jednorazov\u00e9 e-cigarety s obrazovkou, ako napr\u00edklad RandM Tornado 12000, RandM Tornado 25000, Waspe 30000 puffs, maj\u00fa indik\u00e1tor na obrazovke.<\/li>\n<li><strong>Ako dlho trv\u00e1 nab\u00edjanie Randm Tornado?<\/strong><br \/>\nNab\u00edjanie v\u00e4\u010d\u0161iny bat\u00e9ri\u00ed e-cigariet zvy\u010dajne trv\u00e1 3 a\u017e 4 hodiny, k\u00fdm sa plne nabij\u00fa, v z\u00e1vislosti od ve\u013ekosti bat\u00e9rie. Najlep\u0161ie je po\u010dka\u0165, k\u00fdm sa bat\u00e9ria \u00faplne nevybije, a a\u017e potom ju nabi\u0165. Ke\u010f\u017ee je v\u0161ak ka\u017ed\u00e9 zariadenie jedine\u010dn\u00e9, v\u017edy si pre\u0161tudujte n\u00e1vod k produktu, kde n\u00e1jdete \u0161pecifick\u00e9 pokyny a indik\u00e1tory nab\u00edjania, aby ste zaistili optim\u00e1lny v\u00fdkon.<\/li>\n<\/ul>\n<\/div>\n<\/div>\n<\/div>\n<\/div>\n<div class=\"group\/conversation-turn relative flex w-full min-w-0 flex-col agent-turn\">\n<div class=\"flex-col gap-1 md:gap-3\">\n<div class=\"flex max-w-full flex-col flex-grow\">\n<div class=\"min-h-8 text-message flex w-full flex-col items-end gap-2 whitespace-normal break-words [.text-message+&amp;]:mt-5\" dir=\"auto\" data-message-author-role=\"assistant\" data-message-id=\"f226d3fc-81f3-46d5-8c46-31787fff0357\">\n<div class=\"flex w-full flex-col gap-1 empty:hidden first:pt-[3px]\">\n<div class=\"markdown prose w-full break-words dark:prose-invert light\">\n<div class=\"group\/conversation-turn relative flex w-full min-w-0 flex-col agent-turn\">\n<div class=\"flex-col gap-1 md:gap-3\">\n<div class=\"flex max-w-full flex-col flex-grow\">\n<div class=\"min-h-8 text-message flex w-full flex-col items-end gap-2 whitespace-normal break-words [.text-message+&amp;]:mt-5\" dir=\"auto\" data-message-author-role=\"assistant\" data-message-id=\"91d2b73b-9149-4888-a964-4b8464e0e6e3\" data-message-model-slug=\"gpt-4o\">\n<div class=\"flex w-full flex-col gap-1 empty:hidden first:pt-[3px]\">\n<div class=\"markdown prose w-full break-words dark:prose-invert light\">\n<p>&nbsp;<\/p>\n<\/div>\n<\/div>\n<\/div>\n<\/div>\n<\/div>\n<\/div>\n<\/div>\n<\/div>\n<\/div>\n<\/div>\n<\/div>\n<\/div>\n<h3>O doru\u010den\u00ed<\/h3>\n<div class=\"flex-shrink-0 flex flex-col relative items-end\">\n<div>\n<div class=\"pt-0\">\n<div class=\"gizmo-bot-avatar flex h-8 w-8 items-center justify-center overflow-hidden rounded-full\">\n<div><\/div>\n<div class=\"relative p-1 rounded-sm flex items-center justify-center bg-token-main-surface-primary text-token-text-primary h-8 w-8\"><strong>1. Ak\u00e9 sp\u00f4soby doru\u010denia pou\u017e\u00edvate?<\/strong><\/div>\n<\/div>\n<\/div>\n<\/div>\n<\/div>\n<div class=\"group\/conversation-turn relative flex w-full min-w-0 flex-col agent-turn\">\n<div class=\"flex-col gap-1 md:gap-3\">\n<div class=\"flex max-w-full flex-col flex-grow\">\n<div class=\"min-h-[20px] text-message flex w-full flex-col items-end gap-2 whitespace-normal break-words [.text-message+&amp;]:mt-5 overflow-x-auto\" dir=\"auto\" data-message-author-role=\"assistant\" data-message-id=\"22f8283b-3233-46ff-89a5-c7a41b33abda\">\n<div class=\"flex w-full flex-col gap-1 empty:hidden first:pt-[3px]\">\n<div class=\"markdown prose w-full break-words dark:prose-invert light\">\n<p>Spolupracujeme so spolo\u010dnos\u0165ami UPS, DHL, FedEx, DPD a \u010fal\u0161\u00edmi popredn\u00fdmi dopravcami. Vyberieme najlep\u0161\u00ed sp\u00f4sob doru\u010denia na z\u00e1klade va\u0161ej adresy, aby sme zaistili, \u017ee svoje produkty dostanete \u010do najr\u00fdchlej\u0161ie.<\/p>\n<\/div>\n<p><strong>2. Ako dlho trv\u00e1 doru\u010denie?<\/strong><\/p>\n<p>Bal\u00edky doru\u010dovan\u00e9 na Slovensko zvy\u010dajne dorazia do 10 pracovn\u00fdch dn\u00ed. Doru\u010denie do eur\u00f3pskych kraj\u00edn zvy\u010dajne trv\u00e1 asi 12-15 pracovn\u00fdch dn\u00ed. Budeme v\u00e1s informova\u0165 o stave doru\u010denia v re\u00e1lnom \u010dase.<\/p>\n<\/div>\n<\/div>\n<\/div>\n<\/div>\n<\/div>\n<p>&nbsp;<\/p>\n<p>\u010eal\u0161ie hor\u00face vapy, ktor\u00e9 by sa v\u00e1m mohli p\u00e1\u010di\u0165:<\/p>\n<p><a href=\"https:\/\/rmvapesale.com\/sk\/product\/randm-tornado-15000-puffs-15k-vape-recharge-fumot-original-vape-factory-price\/\"><strong>Randm Vape 15000 potiahnut\u00ed\u00a0 \u00a0<span style=\"color: #ff0000\">&gt;&gt;&gt;&gt; \u00eds\u0165!<\/span><\/strong><\/a><\/p>\n<p><strong><a href=\"https:\/\/rmvapesale.com\/sk\/product\/faivono-bang-maxi-15000-puffs-disposable-vape-bulk-wholesale\/\">AIVONO Aim Bang Maxi 15000 \u0165ahov <span style=\"color: #ff0000\">&gt;&gt;&gt;&gt; \u00eds\u0165!<\/span><\/a>\u00a0<\/strong><\/p>\n<p><a href=\"https:\/\/rmvapesale.com\/sk\/product\/randm-tornado-25000-puffs-disposable-vape-wholesale\/\"><strong>Fumot Vape RandM Tornado 25000 potiahnut\u00ed <span style=\"color: #ff0000\">&gt;&gt;&gt;&gt; \u00eds\u0165!<\/span><\/strong><\/a><\/p>\n<p>&nbsp;<\/p>\n<p>&nbsp;<\/p>\n<p>N\u00e1jdite \u010fal\u0161ie vape produkty, ktor\u00e9 by sa v\u00e1m mohli p\u00e1\u010di\u0165:<strong><em><a href=\"https:\/\/rmvapesale.com\/sk\/shop-2\/\">nakupova\u0165 teraz &gt;&gt;&gt;<\/a><\/em><\/strong><\/p>","protected":false},"excerpt":{"rendered":"<p>Fumot Vape RandM Digital Box 12000 R\u00fdchla cena Pink Lemonade<br \/>\nRandM Digital Box 12000 Pufov dob\u00edjate\u013en\u00e9 vaporiz\u00e9ry Hromadn\u00fd n\u00e1kup<br \/>\nRandM Vape 12000 Pufov s inteligentnou obrazovkou Ve\u013ekoobchod<\/p>\n<p><img loading=\"lazy\" decoding=\"async\" class=\"size-full wp-image-2375\" src=\"https:\/\/rmvapesale.com\/wp-content\/uploads\/2024\/10\/image.png\" alt=\"Najlep\u0161\u00ed jednorazov\u00fd vape\" width=\"229\" height=\"300\" \/><\/p>\n<h3><a href=\"https:\/\/wa.me\/8617776015835\"><span style=\"color: #ff0000\"><strong>WhatsApp: +86 17776015835<\/strong><\/span><\/a><\/h3>\n<p>&nbsp;<\/p>","protected":false},"featured_media":2486,"comment_status":"open","ping_status":"closed","template":"","meta":{"_uag_custom_page_level_css":"","_lmt_disableupdate":"no","_lmt_disable":"","site-sidebar-layout":"default","site-content-layout":"content-boxed-container","ast-site-content-layout":"normal-width-container","site-content-style":"boxed","site-sidebar-style":"unboxed","ast-global-header-display":"","ast-banner-title-visibility":"","ast-main-header-display":"","ast-hfb-above-header-display":"","ast-hfb-below-header-display":"","ast-hfb-mobile-header-display":"","site-post-title":"","ast-breadcrumbs-content":"","ast-featured-img":"","footer-sml-layout":"","ast-disable-related-posts":"","theme-transparent-header-meta":"default","adv-header-id-meta":"","stick-header-meta":"","header-above-stick-meta":"","header-main-stick-meta":"","header-below-stick-meta":"","astra-migrate-meta-layouts":"set","ast-page-background-enabled":"default","ast-page-background-meta":{"desktop":{"background-color":"var(--ast-global-color-4)","background-image":"","background-repeat":"repeat","background-position":"center center","background-size":"auto","background-attachment":"scroll","background-type":"","background-media":"","overlay-type":"","overlay-color":"","overlay-opacity":"","overlay-gradient":""},"tablet":{"background-color":"","background-image":"","background-repeat":"repeat","background-position":"center center","background-size":"auto","background-attachment":"scroll","background-type":"","background-media":"","overlay-type":"","overlay-color":"","overlay-opacity":"","overlay-gradient":""},"mobile":{"background-color":"","background-image":"","background-repeat":"repeat","background-position":"center center","background-size":"auto","background-attachment":"scroll","background-type":"","background-media":"","overlay-type":"","overlay-color":"","overlay-opacity":"","overlay-gradient":""}},"ast-content-background-meta":{"desktop":{"background-color":"var(--ast-global-color-5)","background-image":"","background-repeat":"repeat","background-position":"center center","background-size":"auto","background-attachment":"scroll","background-type":"","background-media":"","overlay-type":"","overlay-color":"","overlay-opacity":"","overlay-gradient":""},"tablet":{"background-color":"var(--ast-global-color-5)","background-image":"","background-repeat":"repeat","background-position":"center center","background-size":"auto","background-attachment":"scroll","background-type":"","background-media":"","overlay-type":"","overlay-color":"","overlay-opacity":"","overlay-gradient":""},"mobile":{"background-color":"var(--ast-global-color-5)","background-image":"","background-repeat":"repeat","background-position":"center center","background-size":"auto","background-attachment":"scroll","background-type":"","background-media":"","overlay-type":"","overlay-color":"","overlay-opacity":"","overlay-gradient":""}},"_joinchat":[]},"product_brand":[],"product_cat":[15,27,51,25,123,30,26,28,31,137,136,135],"product_tag":[169,155,167,170,165,166,120],"class_list":{"0":"post-2472","1":"product","2":"type-product","3":"status-publish","4":"has-post-thumbnail","6":"product_cat-new-vape-this-week","7":"product_cat-fance-hot-sale-vape","8":"product_cat-fumot-vape","9":"product_cat-germany-best-selling-vape","10":"product_cat-italy-wholesale-vape","11":"product_cat-minimum-order-quantity-50pcs","12":"product_cat-netherlands-hot-sale-vape","13":"product_cat-poland-hot-sale-vape","14":"product_cat-randm-fumot-vape","15":"product_cat-rechargeable-vapes","16":"product_cat-smart-screen-vapes","17":"product_cat-spain-best-hot-sale-vape","18":"product_tag-best-disposable-vape-2024","19":"product_tag-digital-display-box","20":"product_tag-disposable-vape-with-screen","21":"product_tag-randm-12000-puff","22":"product_tag-rechargeable-vapes","23":"product_tag-tornado-vape","24":"product_tag-vape-wholesale","25":"desktop-align-left","26":"tablet-align-left","27":"mobile-align-left","29":"first","30":"instock","31":"sale","32":"shipping-taxable","33":"purchasable","34":"product-type-simple"},"uagb_featured_image_src":{"full":["https:\/\/rmvapesale.com\/wp-content\/uploads\/2024\/10\/RandM-Tornado-Digital-12000-Pink-Lemonade.jpg",606,606,false],"thumbnail":["https:\/\/rmvapesale.com\/wp-content\/uploads\/2024\/10\/RandM-Tornado-Digital-12000-Pink-Lemonade-150x150.jpg",150,150,true],"medium":["https:\/\/rmvapesale.com\/wp-content\/uploads\/2024\/10\/RandM-Tornado-Digital-12000-Pink-Lemonade-300x300.jpg",300,300,true],"medium_large":["https:\/\/rmvapesale.com\/wp-content\/uploads\/2024\/10\/RandM-Tornado-Digital-12000-Pink-Lemonade.jpg",606,606,false],"large":["https:\/\/rmvapesale.com\/wp-content\/uploads\/2024\/10\/RandM-Tornado-Digital-12000-Pink-Lemonade.jpg",606,606,false],"1536x1536":["https:\/\/rmvapesale.com\/wp-content\/uploads\/2024\/10\/RandM-Tornado-Digital-12000-Pink-Lemonade.jpg",606,606,false],"2048x2048":["https:\/\/rmvapesale.com\/wp-content\/uploads\/2024\/10\/RandM-Tornado-Digital-12000-Pink-Lemonade.jpg",606,606,false],"trp-custom-language-flag":["https:\/\/rmvapesale.com\/wp-content\/uploads\/2024\/10\/RandM-Tornado-Digital-12000-Pink-Lemonade.jpg",12,12,false],"woocommerce_thumbnail":["https:\/\/rmvapesale.com\/wp-content\/uploads\/2024\/10\/RandM-Tornado-Digital-12000-Pink-Lemonade-300x300.jpg",300,300,true],"woocommerce_single":["https:\/\/rmvapesale.com\/wp-content\/uploads\/2024\/10\/RandM-Tornado-Digital-12000-Pink-Lemonade-600x600.jpg",600,600,true],"woocommerce_gallery_thumbnail":["https:\/\/rmvapesale.com\/wp-content\/uploads\/2024\/10\/RandM-Tornado-Digital-12000-Pink-Lemonade-100x100.jpg",100,100,true],"wcpr-photo-reviews":["https:\/\/rmvapesale.com\/wp-content\/uploads\/2024\/10\/RandM-Tornado-Digital-12000-Pink-Lemonade.jpg",500,500,false]},"uagb_author_info":{"display_name":"AMY","author_link":"https:\/\/rmvapesale.com\/sk\/author\/"},"uagb_comment_info":0,"uagb_excerpt":"Fumot Vape RandM Digital Box 12000 Pink Lemonade Cheap Price RandM Digital Box 12000 Puffs rechargeable vapes Bulk Buy RandM Vape 12000 Puffs with Smart Screen Wholesale WhatsApp: +86 17776015835 &nbsp;","_links":{"self":[{"href":"https:\/\/rmvapesale.com\/sk\/wp-json\/wp\/v2\/product\/2472","targetHints":{"allow":["GET"]}}],"collection":[{"href":"https:\/\/rmvapesale.com\/sk\/wp-json\/wp\/v2\/product"}],"about":[{"href":"https:\/\/rmvapesale.com\/sk\/wp-json\/wp\/v2\/types\/product"}],"replies":[{"embeddable":true,"href":"https:\/\/rmvapesale.com\/sk\/wp-json\/wp\/v2\/comments?post=2472"}],"wp:featuredmedia":[{"embeddable":true,"href":"https:\/\/rmvapesale.com\/sk\/wp-json\/wp\/v2\/media\/2486"}],"wp:attachment":[{"href":"https:\/\/rmvapesale.com\/sk\/wp-json\/wp\/v2\/media?parent=2472"}],"wp:term":[{"taxonomy":"product_brand","embeddable":true,"href":"https:\/\/rmvapesale.com\/sk\/wp-json\/wp\/v2\/product_brand?post=2472"},{"taxonomy":"product_cat","embeddable":true,"href":"https:\/\/rmvapesale.com\/sk\/wp-json\/wp\/v2\/product_cat?post=2472"},{"taxonomy":"product_tag","embeddable":true,"href":"https:\/\/rmvapesale.com\/sk\/wp-json\/wp\/v2\/product_tag?post=2472"}],"curies":[{"name":"wp","href":"https:\/\/api.w.org\/{rel}","templated":true}]}}