{"id":2499,"date":"2024-10-22T03:06:41","date_gmt":"2024-10-22T03:06:41","guid":{"rendered":"https:\/\/rmvapesale.com\/?post_type=product&#038;p=2499"},"modified":"2024-10-22T07:03:42","modified_gmt":"2024-10-22T07:03:42","slug":"vapme-shisha-hookah-pro-max-20000-puffs-disposable-vape-bar","status":"publish","type":"product","link":"https:\/\/rmvapesale.com\/sk\/product\/vapme-shisha-hookah-pro-max-20000-puffs-disposable-vape-bar\/","title":{"rendered":"Vapme Vodn\u00e1 fajka Pro Max 20000 potiahnut\u00ed jednorazov\u00e1 e-cigareta Bar"},"content":{"rendered":"<div class=\"B2VR9 CJHX3e\">\n<div class=\"wyccme\">\n<div class=\"flex-shrink-0 flex flex-col relative items-end\">\n<div>\n<div class=\"pt-0\">\n<div class=\"gizmo-bot-avatar flex h-8 w-8 items-center justify-center overflow-hidden rounded-full\"><\/div>\n<\/div>\n<\/div>\n<\/div>\n<div class=\"group\/conversation-turn relative flex w-full min-w-0 flex-col agent-turn\">\n<div class=\"flex-col gap-1 md:gap-3\">\n<div class=\"flex max-w-full flex-col flex-grow\">\n<div class=\"min-h-8 text-message flex w-full flex-col items-end gap-2 whitespace-normal break-words [.text-message+&amp;]:mt-5\" dir=\"auto\" data-message-author-role=\"assistant\" data-message-id=\"601ef074-f473-428a-ad27-1d4d88bbe859\" data-message-model-slug=\"gpt-4o\">\n<div class=\"flex w-full flex-col gap-1 empty:hidden first:pt-[3px]\">\n<div class=\"markdown prose w-full break-words dark:prose-invert light\">\n<p><span style=\"font-size: 2em;font-weight: bold\">Vapme Vodn\u00e1 fajka Pro Max 20000 potiahnut\u00ed jednorazov\u00e1 e-cigareta Bar<\/span><\/p>\n<\/div>\n<\/div>\n<\/div>\n<\/div>\n<\/div>\n<\/div>\n<div class=\"flex-shrink-0 flex flex-col relative items-end\">\n<div class=\"pt-0\">\n<div class=\"gizmo-bot-avatar flex h-8 w-8 items-center justify-center overflow-hidden rounded-full\">\n<div class=\"relative p-1 rounded-sm flex items-center justify-center bg-token-main-surface-primary text-token-text-primary h-8 w-8\">\n<p><strong>Vapme Shisha Hookah Pro Max 20000 Pufov <\/strong>je pr\u00e9miov\u00fd <strong>Shisha Bar<\/strong> navrhnut\u00fd tak, aby poskytoval v\u00fdnimo\u010dn\u00fd a dlhotrvaj\u00faci z\u00e1\u017eitok z vapovania. S obrovsk\u00fdm po\u010dtom 20 000 pufov je toto zariadenie ide\u00e1lne pre t\u00fdch, ktor\u00ed chc\u00fa dlhodob\u00e9 pou\u017e\u00edvanie bez neust\u00e1leho dop\u013a\u0148ania alebo nab\u00edjania. Jeho kapacita 28 ml e-cievky zni\u017euje potrebu \u010dast\u00fdch v\u00fdmen, \u010d\u00edm vyhovuje ako pr\u00edle\u017eitostn\u00fdm vapova\u010dom, tak aj zanieten\u00fdm nad\u0161encom. Vybaven\u00fd v\u00fdkonnou 650mAh dob\u00edjate\u013enou bat\u00e9riou, <strong>Vapme Shisha Hookah 20000<\/strong> zabezpe\u010duje konzistentn\u00fd v\u00fdkon, poskytuj\u00fac pou\u017e\u00edvate\u013eom spo\u013eahlivos\u0165 po\u010das celej \u017eivotnosti.<\/p>\n<p>Pre t\u00fdch, ktor\u00ed h\u013eadaj\u00fa cenovo dostupn\u00e9 rie\u0161enie, <strong>Vapme Shisha Hookah<\/strong>\u00a0je k dispoz\u00edcii na ve\u013ekoobchodn\u00e9 n\u00e1kupy, \u010do z neho rob\u00ed ide\u00e1lnu vo\u013ebu pre predajcov a obchody s vaporiz\u00e9rmi. \u010ci u\u017e h\u013ead\u00e1te <strong>najlep\u0161\u00ed jednorazov\u00fd vaporiz\u00e9r<\/strong> alebo chcete z\u00e1sobi\u0165 z\u00e1soby na <strong>vaporiz\u00e9ry vo ve\u013ekom<\/strong>, tento produkt pon\u00faka vynikaj\u00facu hodnotu. Vo\u013eba <strong>jednorazov\u00fd vape s n\u00edzkym obsahom nikot\u00ednu<\/strong> ho rob\u00ed vhodn\u00fdm pre \u0161ir\u0161iu \u0161k\u00e1lu preferenci\u00ed, zatia\u013e \u010do jeho <strong>nab\u00edjate\u013en\u00e9 vapy<\/strong> funkcia prid\u00e1va pohodlie pre dlhodob\u00e9 pou\u017e\u00edvanie.<\/p>\n<p>S rast\u00facou popularitou <strong>beznikot\u00ednov\u00e1 shisha hookah<\/strong>, Vapme Shisha 20000 pon\u00faka mo\u017enosti pre t\u00fdch, ktor\u00ed si u\u017e\u00edvaj\u00fa vaping bez nikot\u00ednu. \u0160irok\u00e1 \u0161k\u00e1la <strong>pr\u00edchut\u00ed Shisha Hookah<\/strong> zaru\u010duje, \u017ee ka\u017ed\u00fd \u0165ah poskytne \u00fa\u017easn\u00fd, pln\u00fd z\u00e1\u017eitok, pripom\u00ednaj\u00faci tradi\u010dn\u00e9 vodn\u00e9 fajky.<\/p>\n<p>V\u010faka kombin\u00e1cii odolnosti, rozmanitosti pr\u00edchut\u00ed a u\u017e\u00edvate\u013esky pr\u00edvetiv\u00fdch funkci\u00ed, <strong>Vapme Shisha Hookah 20000 <\/strong>skuto\u010dne vynik\u00e1 na <strong>jednorazov\u00e9 vaporiz\u00e9ry online<\/strong> trhu.<\/p>\n<p>&nbsp;<\/p>\n<\/div>\n<\/div>\n<\/div>\n<\/div>\n<\/div>\n<\/div>\n<p><strong>Kontaktujte Amy pre spr\u00e1vnu odpove\u010f a vape kup\u00f3n!<\/strong><\/p>\n<p><img loading=\"lazy\" decoding=\"async\" class=\"size-full wp-image-1978\" src=\"https:\/\/rmvapesale.com\/wp-content\/uploads\/2024\/09\/Disposable-Vape-Wholesale.jpg\" alt=\"Jednorazov\u00fd vape ve\u013ekoobchod\" width=\"229\" height=\"300\" \/><\/p>\n<h3><a href=\"https:\/\/wa.me\/8617776015835\" target=\"_blank\" rel=\"noopener\"><span style=\"color: #ff0000\"><strong>WhatsApp: +86 17776015835<\/strong><\/span><\/a><\/h3>\n<p>&nbsp;<\/p>\n<h2><\/h2>\n<h2><strong>Jednorazov\u00e1 Vapme Shisha Pro Max 20000<\/strong><strong>\u00a0<\/strong><strong>K\u013e\u00fa\u010dov\u00e9 vlastnosti<\/strong><\/h2>\n<p><strong>20 000 po\u0165ahov:<\/strong> Navrhnut\u00e1 pre rozsiahle pou\u017eitie, pon\u00faka a\u017e 20 000 po\u0165ahov na jedno zariadenie.<\/p>\n<p><strong>Objem e-liquidu 28 ml:<\/strong> Vybaven\u00e1 ve\u013ek\u00fdm 28 ml z\u00e1sobn\u00edkom e-liquidu pre dlhodob\u00e9 vapovanie bez \u010dast\u00e9ho dop\u013a\u0148ania.<\/p>\n<p><strong>Nab\u00edjate\u013en\u00e1 650 mAh bat\u00e9ria:<\/strong> Obsahuje robustn\u00fa nab\u00edjate\u013en\u00fa bat\u00e9riu, ktor\u00e1 poskytuje konzistentn\u00fd v\u00fdkon a spo\u013eahlivos\u0165.<\/p>\n<p><strong>Rozmanitos\u0165 pr\u00edchut\u00ed:<\/strong> K dispoz\u00edcii v 24 r\u00f4znych pr\u00edchutiach, ktor\u00e9 uspokoja r\u00f4zne chu\u0165ov\u00e9 preferencie od ovocn\u00fdch a\u017e po mentolov\u00e9.<\/p>\n<p><strong>Elegantn\u00fd dizajn:<\/strong> Modern\u00fd a \u0161t\u00fdlov\u00fd dizajn, ktor\u00fd sa \u013eahko dr\u017e\u00ed a pren\u00e1\u0161a, \u010do zvy\u0161uje pohodlie pre u\u017e\u00edvate\u013ea.<\/p>\n<p><strong>Displej pre E-liquid a Bat\u00e9riu<\/strong><\/p>\n<figure id=\"attachment_2492\" aria-describedby=\"caption-attachment-2492\" style=\"width: 800px\" class=\"wp-caption alignnone\"><img loading=\"lazy\" decoding=\"async\" class=\"wp-image-2492 size-full\" src=\"https:\/\/rmvapesale.com\/wp-content\/uploads\/2024\/10\/Shisha-Bar-Vapme-Shisha-Pro-Max-20000.jpg\" alt=\"Shisha Bar Vapme Shisha Pro Max 20000\" width=\"800\" height=\"800\" srcset=\"https:\/\/rmvapesale.com\/wp-content\/uploads\/2024\/10\/Shisha-Bar-Vapme-Shisha-Pro-Max-20000.jpg 800w, https:\/\/rmvapesale.com\/wp-content\/uploads\/2024\/10\/Shisha-Bar-Vapme-Shisha-Pro-Max-20000-300x300.jpg 300w, https:\/\/rmvapesale.com\/wp-content\/uploads\/2024\/10\/Shisha-Bar-Vapme-Shisha-Pro-Max-20000-150x150.jpg 150w, https:\/\/rmvapesale.com\/wp-content\/uploads\/2024\/10\/Shisha-Bar-Vapme-Shisha-Pro-Max-20000-768x768.jpg 768w, https:\/\/rmvapesale.com\/wp-content\/uploads\/2024\/10\/Shisha-Bar-Vapme-Shisha-Pro-Max-20000-600x600.jpg 600w, https:\/\/rmvapesale.com\/wp-content\/uploads\/2024\/10\/Shisha-Bar-Vapme-Shisha-Pro-Max-20000-100x100.jpg 100w\" sizes=\"auto, (max-width: 800px) 100vw, 800px\" \/><figcaption id=\"caption-attachment-2492\" class=\"wp-caption-text\">Shisha Bar Vapme Shisha Pro Max 20000<\/figcaption><\/figure>\n<h2><strong>Najlep\u0161ia pr\u00edchu\u0165 pre Vapme Shisha <\/strong><strong>Bar<\/strong><strong>\u00a020000 Pufov\u00a0<\/strong><\/h2>\n<p>Elegantn\u00fd, modern\u00fd dizajn zariadenia je spojen\u00fd s v\u00fdberom 24 jedine\u010dn\u00fdch <strong>pr\u00edchut\u00ed Shisha Hookah<\/strong>, od ovocn\u00fdch ob\u013e\u00fabenost\u00ed ako Jahodov\u00e1 Mel\u00f3n a\u017e po osvie\u017euj\u00face mo\u017enosti ako Blueberry On Ice, poskytuj\u00fac nie\u010do pre ka\u017ed\u00e9ho.<\/p>\n<p>1. Blueberry \u017euva\u010dka <span style=\"color: #ff0000\"><strong>&gt;&gt;&gt;&gt; Hor\u00face!<\/strong><\/span><br \/>\n2.Kiwi marakuja guava<br \/>\n3.Modr\u00e1 malinov\u00e1 limon\u00e1da<br \/>\n4.Jahoda kiwi<br \/>\n5.Zmie\u0161an\u00e9 bobule <span style=\"color: #ff0000\"><strong>&gt;&gt;&gt;&gt; Najlep\u0161ie!<\/strong><\/span><br \/>\n6.Jahoda vodn\u00fd mel\u00f3n<br \/>\n7. Hroznov\u00fd Punch<br \/>\n8.Vodn\u00fd mel\u00f3n \u013ead<br \/>\n9.Brosky\u0148a mango anan\u00e1s<br \/>\n10.Jahodov\u00fd \u013ead<br \/>\n11. \u0160\u0165avnat\u00e1 Marhu\u013ea<br \/>\n12. Lady Killa<br \/>\n13.\u010cere\u0161\u0148ov\u00e9 bobule<br \/>\n14.\u010cu\u010doriedka malina <span style=\"color: #ff0000\"><strong>&gt;&gt;&gt;&gt; Hor\u00face!<\/strong><\/span><br \/>\n15.L\u00e1ska 66 <span style=\"color: #ff0000\"><strong>&gt;&gt;&gt;&gt; Hor\u00face!<\/strong><\/span><br \/>\n16.Vodn\u00fd mel\u00f3n bull<br \/>\n17.Jahoda hrozno<br \/>\n18.Jahodov\u00e1 malinov\u00e1 cukr\u00edk<br \/>\n19. Biela Mamba<br \/>\n20.Vodn\u00fd mel\u00f3n \u010dere\u0161\u0148a<br \/>\n21.Mrazen\u00e9 jablko<br \/>\n22.Citr\u00f3nov\u00e1 m\u00e4ta<br \/>\n23.\u010ciernor\u00edbez\u013eov\u00fd \u013ead<br \/>\n24.Anan\u00e1sov\u00fd koktail<\/p>\n<p>&nbsp;<\/p>\n<h3><strong>Pre\u010do si vybra\u0165 Rmvapesale pre Hookah Shisha Vapme 20000 Pufov<\/strong><strong>?<\/strong><\/h3>\n<div class=\"flex-shrink-0 flex flex-col relative items-end\">\n<div class=\"pt-0\">\n<div class=\"gizmo-bot-avatar flex h-8 w-8 items-center justify-center overflow-hidden rounded-full\">\n<div class=\"relative p-1 rounded-sm flex items-center justify-center bg-token-main-surface-primary text-token-text-primary h-8 w-8\">\n<p>&nbsp;<\/p>\n<p>Ke\u010f si vyberiete Rmvapesale pre va\u0161e ve\u013ekoobchodn\u00e9 potreby s jednorazov\u00fdmi vapmi, z\u00edskate:<\/p>\n<ul>\n<li><strong>Konkuren\u010dn\u00e1 cena<\/strong>: Z\u00edskajte pr\u00edstup k atrakt\u00edvnym ve\u013ekoobchodn\u00fdm cen\u00e1m, ktor\u00e9 zv\u00fd\u0161ia mar\u017ee v\u00e1\u0161ho podnikania.<\/li>\n<li><strong>Vysok\u00e1 kvalita<\/strong>: Na\u0161e vapy s\u00fa vyr\u00e1ban\u00e9 pod\u013ea najvy\u0161\u0161\u00edch \u0161tandardov a <span style=\"color: #ff0000\"><strong>zaru\u010dene 100% origin\u00e1lne a autentick\u00e9, alebo v\u00e1m poskytneme 10-n\u00e1sobn\u00fa kompenz\u00e1ciu za falo\u0161n\u00fd tovar!<\/strong><\/span><\/li>\n<li><strong>Vynikaj\u00faci z\u00e1kazn\u00edcky servis<\/strong>: N\u00e1\u0161 oddan\u00fd t\u00edm je v\u017edy pripraven\u00fd v\u00e1m pom\u00f4c\u0165, v\u010faka \u010domu bude v\u00e1\u0161 n\u00e1kupn\u00fd proces plynul\u00fd a bezprobl\u00e9mov\u00fd.<\/li>\n<li><strong>R\u00fdchle<\/strong>: O\u010dak\u00e1vajte r\u00fdchle a spo\u013eahliv\u00e9 doru\u010denie, ktor\u00e9 zaist\u00ed, \u017ee va\u0161e objedn\u00e1vky dorazia v\u017edy na\u010das.<\/li>\n<\/ul>\n<\/div>\n<h3><\/h3>\n<div class=\"relative p-1 rounded-sm flex items-center justify-center bg-token-main-surface-primary text-token-text-primary h-8 w-8\">\n<h3><b>\u010cast\u00e9 ot\u00e1zky<\/b><\/h3>\n<div class=\"flex-shrink-0 flex flex-col relative items-end\">\n<div>\n<div class=\"pt-0\">\n<div class=\"gizmo-bot-avatar flex h-8 w-8 items-center justify-center overflow-hidden rounded-full\">\n<div class=\"relative p-1 rounded-sm flex items-center justify-center bg-token-main-surface-primary text-token-text-primary h-8 w-8\"><\/div>\n<\/div>\n<\/div>\n<\/div>\n<\/div>\n<div class=\"group\/conversation-turn relative flex w-full min-w-0 flex-col agent-turn\">\n<div class=\"flex-col gap-1 md:gap-3\">\n<div class=\"flex max-w-full flex-col flex-grow\">\n<div class=\"min-h-8 text-message flex w-full flex-col items-end gap-2 whitespace-normal break-words [.text-message+&amp;]:mt-5\" dir=\"auto\" data-message-author-role=\"assistant\" data-message-id=\"3a019841-c00e-477f-baad-0bb23e48af2d\" data-message-model-slug=\"gpt-4o\">\n<div class=\"flex w-full flex-col gap-1 empty:hidden first:pt-[3px]\">\n<div class=\"markdown prose w-full break-words dark:prose-invert light\">\n<p><strong>1. \u010co je to Shisha Hookah Jednorazov\u00fd Bar?<\/strong><br \/>\nA <strong>jednor\u00e1zov\u00e1 shisha fajka na bar<\/strong> je typ <strong>jednorazov\u00fd vape<\/strong> navrhnut\u00fd tak, aby napodob\u0148oval z\u00e1\u017eitok z faj\u010denia tradi\u010dnej shishy. Obsahuje bat\u00e9riu, komoru naplnen\u00fa ochuten\u00fdm vape kvapalinou (\u010dasto naz\u00fdvanou <strong>shisha shisha pr\u00edchute<\/strong>), a vykurovac\u00ed prvok. Bat\u00e9ria poh\u00e1\u0148a vykurovaciu cievku, ktor\u00e1 zohrieva kvapalinu na vytvorenie pary na inhal\u00e1ciu.<\/p>\n<p><strong>2. Ak\u00fd je rozdiel medzi jednor\u00e1zovou shisha vapkou a tradi\u010dnou shishou?<\/strong><br \/>\nTradi\u010dn\u00e1 shisha pou\u017e\u00edva uhlie na spa\u013eovanie shisha tabaku a dym sa filtruje cez vodu pred inhal\u00e1ciou. Naopak, <strong>jednor\u00e1zov\u00e1 shisha vapka<\/strong> pou\u017e\u00edva elektrick\u00fa vykurovaciu cievku na vaporiz\u00e1ciu e-liquid, \u010d\u00edm vytv\u00e1ra paru, ktor\u00fa sa inhaluje priamo bez potreby uhlia alebo vody.<\/p>\n<p><strong>3. Ak\u00e9 s\u00fa najlep\u0161ie zna\u010dky jednor\u00e1zov\u00fdch shisha vapiek?<\/strong><br \/>\nPopul\u00e1rne zna\u010dky pre <strong>jednor\u00e1zov\u00e9 shisha vapky<\/strong> zah\u0155\u0148aj\u00fa <strong>Vapme Shisha Hookah<\/strong>, FIHP Shisha Hookah 15000 pro, a AIVONO Shisha FATMAN 15000.<\/p>\n<\/div>\n<\/div>\n<\/div>\n<\/div>\n<\/div>\n<\/div>\n<p><strong>4. Ako zist\u00edte, \u017ee va\u0161a Vapme Shisha Hookah vapka je pr\u00e1zdna?\u00a0<\/strong><br \/>\nV\u0161imnete si, \u017ee va\u0161a jednorazov\u00e1 e-cigareta doch\u00e1dza, ke\u010f sa pr\u00edchu\u0165 oslab\u00ed alebo sa zn\u00ed\u017ei produkcia pary. Niektor\u00e9 nov\u00e9 jednorazov\u00e9 e-cigarety s obrazovkou, ako napr\u00edklad RandM Tornado 12000, RandM Tornado 25000, Waspe 30000 puffs, maj\u00fa indik\u00e1tor na obrazovke.<\/p>\n<p><strong>5. Ako dlho trv\u00e1 nab\u00edjanie Vapme Shisha Disposable Vape?<\/strong><br \/>\nNab\u00edjanie v\u00e4\u010d\u0161iny bat\u00e9ri\u00ed e-cigariet zvy\u010dajne trv\u00e1 3 a\u017e 4 hodiny, k\u00fdm sa plne nabij\u00fa, v z\u00e1vislosti od ve\u013ekosti bat\u00e9rie. Najlep\u0161ie je po\u010dka\u0165, k\u00fdm sa bat\u00e9ria \u00faplne nevybije, a a\u017e potom ju nabi\u0165. Ke\u010f\u017ee je v\u0161ak ka\u017ed\u00e9 zariadenie jedine\u010dn\u00e9, v\u017edy si pre\u0161tudujte n\u00e1vod k produktu, kde n\u00e1jdete \u0161pecifick\u00e9 pokyny a indik\u00e1tory nab\u00edjania, aby ste zaistili optim\u00e1lny v\u00fdkon.<\/p>\n<\/div>\n<\/div>\n<\/div>\n<\/div>\n<div class=\"group\/conversation-turn relative flex w-full min-w-0 flex-col agent-turn\">\n<div class=\"flex-col gap-1 md:gap-3\">\n<div class=\"flex max-w-full flex-col flex-grow\">\n<div class=\"min-h-8 text-message flex w-full flex-col items-end gap-2 whitespace-normal break-words [.text-message+&amp;]:mt-5\" dir=\"auto\" data-message-author-role=\"assistant\" data-message-id=\"f226d3fc-81f3-46d5-8c46-31787fff0357\">\n<div class=\"flex w-full flex-col gap-1 empty:hidden first:pt-[3px]\">\n<div class=\"markdown prose w-full break-words dark:prose-invert light\">\n<div class=\"group\/conversation-turn relative flex w-full min-w-0 flex-col agent-turn\">\n<div class=\"flex-col gap-1 md:gap-3\">\n<div class=\"flex max-w-full flex-col flex-grow\">\n<div class=\"min-h-8 text-message flex w-full flex-col items-end gap-2 whitespace-normal break-words [.text-message+&amp;]:mt-5\" dir=\"auto\" data-message-author-role=\"assistant\" data-message-id=\"91d2b73b-9149-4888-a964-4b8464e0e6e3\" data-message-model-slug=\"gpt-4o\">\n<div class=\"flex w-full flex-col gap-1 empty:hidden first:pt-[3px]\">\n<div class=\"markdown prose w-full break-words dark:prose-invert light\">\n<p>&nbsp;<\/p>\n<\/div>\n<\/div>\n<\/div>\n<\/div>\n<\/div>\n<\/div>\n<\/div>\n<\/div>\n<\/div>\n<\/div>\n<\/div>\n<\/div>\n<h3>O doru\u010den\u00ed<\/h3>\n<div class=\"flex-shrink-0 flex flex-col relative items-end\">\n<div>\n<div class=\"pt-0\">\n<div class=\"gizmo-bot-avatar flex h-8 w-8 items-center justify-center overflow-hidden rounded-full\">\n<div><\/div>\n<div class=\"relative p-1 rounded-sm flex items-center justify-center bg-token-main-surface-primary text-token-text-primary h-8 w-8\"><strong>1. Ak\u00e9 sp\u00f4soby doru\u010denia pou\u017e\u00edvate?<\/strong><\/div>\n<\/div>\n<\/div>\n<\/div>\n<\/div>\n<div class=\"group\/conversation-turn relative flex w-full min-w-0 flex-col agent-turn\">\n<div class=\"flex-col gap-1 md:gap-3\">\n<div class=\"flex max-w-full flex-col flex-grow\">\n<div class=\"min-h-[20px] text-message flex w-full flex-col items-end gap-2 whitespace-normal break-words [.text-message+&amp;]:mt-5 overflow-x-auto\" dir=\"auto\" data-message-author-role=\"assistant\" data-message-id=\"22f8283b-3233-46ff-89a5-c7a41b33abda\">\n<div class=\"flex w-full flex-col gap-1 empty:hidden first:pt-[3px]\">\n<div class=\"markdown prose w-full break-words dark:prose-invert light\">\n<p>Spolupracujeme so spolo\u010dnos\u0165ami UPS, DHL, FedEx, DPD a \u010fal\u0161\u00edmi popredn\u00fdmi dopravcami. Vyberieme najlep\u0161\u00ed sp\u00f4sob doru\u010denia na z\u00e1klade va\u0161ej adresy, aby sme zaistili, \u017ee svoje produkty dostanete \u010do najr\u00fdchlej\u0161ie.<\/p>\n<\/div>\n<p><strong>2. Ako dlho trv\u00e1 doru\u010denie?<\/strong><\/p>\n<p>Bal\u00edky doru\u010dovan\u00e9 na Slovensko zvy\u010dajne dorazia do 10 pracovn\u00fdch dn\u00ed. Doru\u010denie do eur\u00f3pskych kraj\u00edn zvy\u010dajne trv\u00e1 asi 12-15 pracovn\u00fdch dn\u00ed. Budeme v\u00e1s informova\u0165 o stave doru\u010denia v re\u00e1lnom \u010dase.<\/p>\n<\/div>\n<\/div>\n<\/div>\n<\/div>\n<\/div>\n<p>&nbsp;<\/p>\n<p>\u010eal\u0161ie hor\u00face vapy, ktor\u00e9 by sa v\u00e1m mohli p\u00e1\u010di\u0165:<\/p>\n<p><a href=\"https:\/\/rmvapesale.com\/sk\/product\/randm-tornado-15000-puffs-15k-vape-recharge-fumot-original-vape-factory-price\/\"><strong>Randm Vape 15000 potiahnut\u00ed\u00a0 \u00a0<span style=\"color: #ff0000\">&gt;&gt;&gt;&gt; \u00eds\u0165!<\/span><\/strong><\/a><\/p>\n<p><strong><a href=\"https:\/\/rmvapesale.com\/sk\/product\/fumot-digital-box-12000-disposable-vape-pink-lemonade-flavor\/\">Fumot Digital Box 12000 jednorazov\u00e1 vape<\/a><\/strong><strong><a href=\"https:\/\/rmvapesale.com\/sk\/product\/faivono-bang-maxi-15000-puffs-disposable-vape-bulk-wholesale\/\">\u00a0<span style=\"color: #ff0000\">&gt;&gt;&gt;&gt; \u00eds\u0165!<\/span><\/a>\u00a0<\/strong><\/p>\n<p><a href=\"https:\/\/rmvapesale.com\/sk\/product\/randm-tornado-25000-puffs-disposable-vape-wholesale\/\"><strong>Fumot Vape RandM Tornado 25000 potiahnut\u00ed <span style=\"color: #ff0000\">&gt;&gt;&gt;&gt; \u00eds\u0165!<\/span><\/strong><\/a><\/p>\n<p>&nbsp;<\/p>\n<p>&nbsp;<\/p>\n<p>N\u00e1jdite \u010fal\u0161ie vape produkty, ktor\u00e9 by sa v\u00e1m mohli p\u00e1\u010di\u0165:<strong><em><a href=\"https:\/\/rmvapesale.com\/sk\/shop-2\/\">nakupova\u0165 teraz &gt;&gt;&gt;<\/a><\/em><\/strong><\/p>","protected":false},"excerpt":{"rendered":"<p>Vapme Shisha Hookah 20000 Pufov Jednorazov\u00fd Bar Ve\u013ekoobchod<br \/>\nVapme Shisha Hookah 20000 Pufov 24 Pr\u00edchut\u00ed na sklade<br \/>\nVapme Shisha Pro Max 20000 Pufov LED Displej 2% N\u00edzko Nikot\u00ednov\u00fd Jednorazov\u00fd Vaporiz\u00e9r<\/p>\n<p><img loading=\"lazy\" decoding=\"async\" class=\"size-full wp-image-2375\" src=\"https:\/\/rmvapesale.com\/wp-content\/uploads\/2024\/10\/image.png\" alt=\"Najlep\u0161\u00ed jednorazov\u00fd vape\" width=\"229\" height=\"300\" \/><\/p>\n<h3><a href=\"https:\/\/wa.me\/8617776015835\"><span style=\"color: #ff0000\"><strong>WhatsApp: +86 17776015835<\/strong><\/span><\/a><\/h3>\n<p>&nbsp;<\/p>","protected":false},"featured_media":2496,"comment_status":"open","ping_status":"closed","template":"","meta":{"_uag_custom_page_level_css":"","_lmt_disableupdate":"no","_lmt_disable":"","site-sidebar-layout":"default","site-content-layout":"content-boxed-container","ast-site-content-layout":"normal-width-container","site-content-style":"boxed","site-sidebar-style":"unboxed","ast-global-header-display":"","ast-banner-title-visibility":"","ast-main-header-display":"","ast-hfb-above-header-display":"","ast-hfb-below-header-display":"","ast-hfb-mobile-header-display":"","site-post-title":"","ast-breadcrumbs-content":"","ast-featured-img":"","footer-sml-layout":"","theme-transparent-header-meta":"default","adv-header-id-meta":"","stick-header-meta":"","header-above-stick-meta":"","header-main-stick-meta":"","header-below-stick-meta":"","astra-migrate-meta-layouts":"set","ast-page-background-enabled":"default","ast-page-background-meta":{"desktop":{"background-color":"var(--ast-global-color-4)","background-image":"","background-repeat":"repeat","background-position":"center center","background-size":"auto","background-attachment":"scroll","background-type":"","background-media":"","overlay-type":"","overlay-color":"","overlay-opacity":"","overlay-gradient":""},"tablet":{"background-color":"","background-image":"","background-repeat":"repeat","background-position":"center center","background-size":"auto","background-attachment":"scroll","background-type":"","background-media":"","overlay-type":"","overlay-color":"","overlay-opacity":"","overlay-gradient":""},"mobile":{"background-color":"","background-image":"","background-repeat":"repeat","background-position":"center center","background-size":"auto","background-attachment":"scroll","background-type":"","background-media":"","overlay-type":"","overlay-color":"","overlay-opacity":"","overlay-gradient":""}},"ast-content-background-meta":{"desktop":{"background-color":"var(--ast-global-color-5)","background-image":"","background-repeat":"repeat","background-position":"center center","background-size":"auto","background-attachment":"scroll","background-type":"","background-media":"","overlay-type":"","overlay-color":"","overlay-opacity":"","overlay-gradient":""},"tablet":{"background-color":"var(--ast-global-color-5)","background-image":"","background-repeat":"repeat","background-position":"center center","background-size":"auto","background-attachment":"scroll","background-type":"","background-media":"","overlay-type":"","overlay-color":"","overlay-opacity":"","overlay-gradient":""},"mobile":{"background-color":"var(--ast-global-color-5)","background-image":"","background-repeat":"repeat","background-position":"center center","background-size":"auto","background-attachment":"scroll","background-type":"","background-media":"","overlay-type":"","overlay-color":"","overlay-opacity":"","overlay-gradient":""}},"_joinchat":[]},"product_brand":[],"product_cat":[15,25,123,26,28,135,27,137,136,30],"product_tag":[169,167,165,180,103,120,179],"class_list":{"0":"post-2499","1":"product","2":"type-product","3":"status-publish","4":"has-post-thumbnail","6":"product_cat-new-vape-this-week","7":"product_cat-germany-best-selling-vape","8":"product_cat-italy-wholesale-vape","9":"product_cat-netherlands-hot-sale-vape","10":"product_cat-poland-hot-sale-vape","11":"product_cat-spain-best-hot-sale-vape","12":"product_cat-fance-hot-sale-vape","13":"product_cat-rechargeable-vapes","14":"product_cat-smart-screen-vapes","15":"product_cat-minimum-order-quantity-50pcs","16":"product_tag-best-disposable-vape-2024","17":"product_tag-disposable-vape-with-screen","18":"product_tag-rechargeable-vapes","19":"product_tag-shisha-bar","20":"product_tag-shisha-hookah","21":"product_tag-vape-wholesale","22":"product_tag-vapme-shisha-hookah","23":"desktop-align-left","24":"tablet-align-left","25":"mobile-align-left","27":"first","28":"instock","29":"sale","30":"shipping-taxable","31":"purchasable","32":"product-type-simple"},"uagb_featured_image_src":{"full":["https:\/\/rmvapesale.com\/wp-content\/uploads\/2024\/10\/Vapme-Shisha-Hookah-Vape-20000.jpg",800,800,false],"thumbnail":["https:\/\/rmvapesale.com\/wp-content\/uploads\/2024\/10\/Vapme-Shisha-Hookah-Vape-20000-150x150.jpg",150,150,true],"medium":["https:\/\/rmvapesale.com\/wp-content\/uploads\/2024\/10\/Vapme-Shisha-Hookah-Vape-20000-300x300.jpg",300,300,true],"medium_large":["https:\/\/rmvapesale.com\/wp-content\/uploads\/2024\/10\/Vapme-Shisha-Hookah-Vape-20000-768x768.jpg",768,768,true],"large":["https:\/\/rmvapesale.com\/wp-content\/uploads\/2024\/10\/Vapme-Shisha-Hookah-Vape-20000.jpg",800,800,false],"1536x1536":["https:\/\/rmvapesale.com\/wp-content\/uploads\/2024\/10\/Vapme-Shisha-Hookah-Vape-20000.jpg",800,800,false],"2048x2048":["https:\/\/rmvapesale.com\/wp-content\/uploads\/2024\/10\/Vapme-Shisha-Hookah-Vape-20000.jpg",800,800,false],"trp-custom-language-flag":["https:\/\/rmvapesale.com\/wp-content\/uploads\/2024\/10\/Vapme-Shisha-Hookah-Vape-20000.jpg",12,12,false],"woocommerce_thumbnail":["https:\/\/rmvapesale.com\/wp-content\/uploads\/2024\/10\/Vapme-Shisha-Hookah-Vape-20000-300x300.jpg",300,300,true],"woocommerce_single":["https:\/\/rmvapesale.com\/wp-content\/uploads\/2024\/10\/Vapme-Shisha-Hookah-Vape-20000-600x600.jpg",600,600,true],"woocommerce_gallery_thumbnail":["https:\/\/rmvapesale.com\/wp-content\/uploads\/2024\/10\/Vapme-Shisha-Hookah-Vape-20000-100x100.jpg",100,100,true],"wcpr-photo-reviews":["https:\/\/rmvapesale.com\/wp-content\/uploads\/2024\/10\/Vapme-Shisha-Hookah-Vape-20000.jpg",500,500,false]},"uagb_author_info":{"display_name":"AMY","author_link":"https:\/\/rmvapesale.com\/sk\/author\/"},"uagb_comment_info":0,"uagb_excerpt":"Vapme Shisha Hookah 20000 Puffs Disposable Bar Wholesale Vapme Shisha Hookah 20000 Puffs 24 Flavor in Stock Vapme Shisha Pro Max 20000 Puffs LED Display 2% Low Nicotine Disposable Vape WhatsApp: +86 17776015835 &nbsp;","_links":{"self":[{"href":"https:\/\/rmvapesale.com\/sk\/wp-json\/wp\/v2\/product\/2499","targetHints":{"allow":["GET"]}}],"collection":[{"href":"https:\/\/rmvapesale.com\/sk\/wp-json\/wp\/v2\/product"}],"about":[{"href":"https:\/\/rmvapesale.com\/sk\/wp-json\/wp\/v2\/types\/product"}],"replies":[{"embeddable":true,"href":"https:\/\/rmvapesale.com\/sk\/wp-json\/wp\/v2\/comments?post=2499"}],"wp:featuredmedia":[{"embeddable":true,"href":"https:\/\/rmvapesale.com\/sk\/wp-json\/wp\/v2\/media\/2496"}],"wp:attachment":[{"href":"https:\/\/rmvapesale.com\/sk\/wp-json\/wp\/v2\/media?parent=2499"}],"wp:term":[{"taxonomy":"product_brand","embeddable":true,"href":"https:\/\/rmvapesale.com\/sk\/wp-json\/wp\/v2\/product_brand?post=2499"},{"taxonomy":"product_cat","embeddable":true,"href":"https:\/\/rmvapesale.com\/sk\/wp-json\/wp\/v2\/product_cat?post=2499"},{"taxonomy":"product_tag","embeddable":true,"href":"https:\/\/rmvapesale.com\/sk\/wp-json\/wp\/v2\/product_tag?post=2499"}],"curies":[{"name":"wp","href":"https:\/\/api.w.org\/{rel}","templated":true}]}}