{"id":2509,"date":"2024-10-22T09:45:54","date_gmt":"2024-10-22T09:45:54","guid":{"rendered":"https:\/\/rmvapesale.com\/?post_type=product&#038;p=2509"},"modified":"2024-10-23T01:25:33","modified_gmt":"2024-10-23T01:25:33","slug":"elf-box-crystal-bar-600-puffs-disposable-vape-wholesale","status":"publish","type":"product","link":"https:\/\/rmvapesale.com\/sk\/product\/elf-box-crystal-bar-600-puffs-disposable-vape-wholesale\/","title":{"rendered":"Elf Box Crystal Bar 600 \u0164ahov Jednorazov\u00e1 Vape Ve\u013ekoobchod"},"content":{"rendered":"<div class=\"B2VR9 CJHX3e\">\n<div class=\"wyccme\">\n<div class=\"flex-shrink-0 flex flex-col relative items-end\">\n<div>\n<div class=\"pt-0\">\n<div class=\"gizmo-bot-avatar flex h-8 w-8 items-center justify-center overflow-hidden rounded-full\"><\/div>\n<\/div>\n<\/div>\n<\/div>\n<div class=\"group\/conversation-turn relative flex w-full min-w-0 flex-col agent-turn\">\n<div class=\"flex-col gap-1 md:gap-3\">\n<div class=\"flex max-w-full flex-col flex-grow\">\n<div class=\"min-h-8 text-message flex w-full flex-col items-end gap-2 whitespace-normal break-words [.text-message+&amp;]:mt-5\" dir=\"auto\" data-message-author-role=\"assistant\" data-message-id=\"601ef074-f473-428a-ad27-1d4d88bbe859\" data-message-model-slug=\"gpt-4o\">\n<div class=\"flex w-full flex-col gap-1 empty:hidden first:pt-[3px]\">\n<div class=\"markdown prose w-full break-words dark:prose-invert light\">\n<p><span style=\"font-size: 2em;font-weight: bold\">Elf Box Crystal Bar 600 \u0164ahov Jednorazov\u00e1 Vape Ve\u013ekoobchod<\/span><\/p>\n<\/div>\n<\/div>\n<\/div>\n<\/div>\n<\/div>\n<\/div>\n<div class=\"flex-shrink-0 flex flex-col relative items-end\">\n<div class=\"pt-0\">\n<div class=\"gizmo-bot-avatar flex h-8 w-8 items-center justify-center overflow-hidden rounded-full\">\n<div class=\"relative p-1 rounded-sm flex items-center justify-center bg-token-main-surface-primary text-token-text-primary h-8 w-8\">\n<p>Jednorazov\u00e1 vaporiz\u00e9r ELF BOX CRYSTAL BAR 600 Puffs je navrhnut\u00e1 tak, aby poskytovala pr\u00e9miov\u00fd z\u00e1\u017eitok z vapovania, pon\u00fakaj\u00fac a\u017e 600 potiahnut\u00ed na zariadenie. M\u00e1 tri \u00farovne nikot\u00ednu: 0%, 2% a 5%, \u010d\u00edm vyhovuje \u0161irok\u00e9mu spektru preferenci\u00ed medzi vap\u00e9rmi. Zariadenie je kompaktn\u00e9 a \u013eahk\u00e9, v\u00e1\u017ei iba 38 g, \u010do ho rob\u00ed \u013eahko prenosn\u00fdm a ide\u00e1lnym na pou\u017eitie na cest\u00e1ch. Ka\u017ed\u00e1 jednorazov\u00e1 vape pero obsahuje 2 ml e-liquidu a je poh\u00e1\u0148an\u00e1 robustnou bat\u00e9riou s kapacitou 500 mAh, \u010do zabezpe\u010duje, \u017ee pou\u017e\u00edvatelia si m\u00f4\u017eu vychutn\u00e1va\u0165 vapovanie po\u010das cel\u00e9ho d\u0148a.<\/p>\n<p>Tento produkt je obzvl\u00e1\u0161\u0165 atrakt\u00edvny pre ve\u013ekoobchodn\u00e9 n\u00e1kupy, \u010do ho rob\u00ed vhodn\u00fdm pre ve\u013ekoobchodn\u00edkov a predajcov, ktor\u00ed chc\u00fa skladova\u0165 kvalitn\u00e9 jednorazov\u00e9 vaporiz\u00e9ry. S elegantn\u00fdm dizajnom a efekt\u00edvnym v\u00fdkonom vynik\u00e1 ELF BOX CRYSTAL BAR ako prv\u00e1 vo\u013eba pre jednotliv\u00fdch pou\u017e\u00edvate\u013eov aj podniky.<\/p>\n<p>&nbsp;<\/p>\n<\/div>\n<\/div>\n<\/div>\n<\/div>\n<\/div>\n<\/div>\n<p><strong>Kontaktujte Amy pre spr\u00e1vnu odpove\u010f a vape kup\u00f3n!<\/strong><\/p>\n<p><img loading=\"lazy\" decoding=\"async\" class=\"size-full wp-image-1978\" src=\"https:\/\/rmvapesale.com\/wp-content\/uploads\/2024\/09\/Disposable-Vape-Wholesale.jpg\" alt=\"Jednorazov\u00fd vape ve\u013ekoobchod\" width=\"229\" height=\"300\" \/><\/p>\n<h3><a href=\"https:\/\/wa.me\/8617776015835\" target=\"_blank\" rel=\"noopener\"><span style=\"color: #ff0000\"><strong>WhatsApp: +86 17776015835<\/strong><\/span><\/a><\/h3>\n<p>&nbsp;<\/p>\n<h2><\/h2>\n<h2><strong>ELF BOX CRYSTAL BAR 600 Puffs <\/strong><strong>K\u013e\u00fa\u010dov\u00e9 vlastnosti<\/strong><\/h2>\n<div class=\"flex-shrink-0 flex flex-col relative items-end\">\n<div>\n<div class=\"pt-0\">\n<div class=\"gizmo-bot-avatar flex h-8 w-8 items-center justify-center overflow-hidden rounded-full\">\n<div class=\"relative p-1 rounded-sm flex items-center justify-center bg-token-main-surface-primary text-token-text-primary h-8 w-8\"><\/div>\n<\/div>\n<\/div>\n<\/div>\n<\/div>\n<div class=\"group\/conversation-turn relative flex w-full min-w-0 flex-col agent-turn\">\n<div class=\"flex-col gap-1 md:gap-3\">\n<div class=\"flex max-w-full flex-col flex-grow\">\n<div class=\"min-h-8 text-message flex w-full flex-col items-end gap-2 whitespace-normal break-words [.text-message+&amp;]:mt-5\" dir=\"auto\" data-message-author-role=\"assistant\" data-message-id=\"0d28757f-3029-419a-97bc-5c073d54a71e\" data-message-model-slug=\"gpt-4o\">\n<div class=\"flex w-full flex-col gap-1 empty:hidden first:pt-[3px]\">\n<div class=\"result-streaming markdown prose w-full break-words dark:prose-invert light\">\n<ul>\n<li><strong>Po\u010det potiahnut\u00ed<\/strong>: Poskytuje a\u017e <strong>600 potiahnut\u00ed<\/strong> pre dlh\u0161ie pote\u0161enie z vapovania.<\/li>\n<li><strong>Cievka<\/strong>: M\u00e1 <strong>1,6 ohmov\u00fa cievku<\/strong>, ktor\u00e1 zabezpe\u010duje hladk\u00fa a konzistentn\u00fa produkciu pary pri ka\u017edom potiahnut\u00ed.<\/li>\n<li><strong>Kapacita e-liquidu<\/strong>: Obsahuje <strong>2 ml<\/strong> kvalitn\u00e9ho e-liquidu, dokonale vyv\u00e1\u017een\u00e9ho pre bohat\u00fa chu\u0165 a uspokojiv\u00fd v\u00fdstup pary.<\/li>\n<li><strong>Mo\u017enosti nikot\u00ednu<\/strong>: Dostupn\u00e9 v sil\u00e1ch nikot\u00ednu <strong>Nikot\u00edn 0%, 2% alebo 5%<\/strong>, vyhovuj\u00faci r\u00f4znym preferenci\u00e1m vapovania.<\/li>\n<li><strong>Bat\u00e9ria<\/strong>: Vybaven\u00fd s <strong>Bat\u00e9ria 500mAh<\/strong>, ktor\u00e1 zabezpe\u010duje celodenn\u00e9 vapovanie bez potreby nab\u00edjania.<\/li>\n<li><strong>Hmotnos\u0165<\/strong>: Ultra-prenosn\u00e1 a \u013eahk\u00e1 s hmotnos\u0165ou iba <strong>38g<\/strong>, \u010do u\u013eah\u010duje nosenie kamko\u013evek p\u00f4jdete.<\/li>\n<\/ul>\n<\/div>\n<\/div>\n<\/div>\n<\/div>\n<\/div>\n<\/div>\n<h2><\/h2>\n<h2><strong>Hlavn\u00e1 chu\u0165 pre Elf Box Crystal Bar 600<\/strong><strong>\u00a0<\/strong><\/h2>\n<p>ELF BOX CRYSTAL BAR je dostupn\u00fd v r\u00f4znych osvie\u017euj\u00facich pr\u00edchutiach, vr\u00e1tane Zmie\u0161an\u00e9ho bobu\u013ea, \u010cere\u0161\u0148ov\u00e9ho \u013eadu a Mel\u00f3nov\u00e9ho \u013eadu, medzi in\u00fdmi, poskytuj\u00facich p\u00f4\u017eitok z chuti.<\/p>\n<p>1.Modr\u00fd Razz<span style=\"color: #ff0000\"><strong>&gt;&gt;&gt;&gt; Hor\u00face!<\/strong><\/span><br \/>\n2.Anan\u00e1sovo-citr\u00f3nov\u00e1<br \/>\n3.Jahodovo-bananov\u00e1<br \/>\n4.M\u00e4ta Ice<br \/>\n5.Cere\u0161\u0148ov\u00fd kvet Hrozno<br \/>\n6.Ban\u00e1nov\u00e9 \u013eadov\u00e9<br \/>\n7.Mel\u00f3nov\u00e1 \u017euva\u010dka<br \/>\n8.Kivi kysl\u00e1 slivka<br \/>\n9.Orange Vodka<br \/>\n10. Brosky\u0148ov\u00e1 zmrzlina<br \/>\n11.Cola Ice<br \/>\n12. \u010cu\u010doriedka \u013ead<span style=\"color: #ff0000\"><strong>&gt;&gt;&gt;&gt; Najlep\u0161ie!<\/strong><\/span><\/p>\n<figure id=\"attachment_2507\" aria-describedby=\"caption-attachment-2507\" style=\"width: 800px\" class=\"wp-caption alignnone\"><img loading=\"lazy\" decoding=\"async\" class=\"wp-image-2507 size-full\" src=\"https:\/\/rmvapesale.com\/wp-content\/uploads\/2024\/10\/ELF-BOX-CRYSTAL-BAR-600-Puffs-Flavor.jpg\" alt=\"Pr\u00edchu\u0165 ELF BOX CRYSTAL BAR 600 Pufov\" width=\"800\" height=\"450\" srcset=\"https:\/\/rmvapesale.com\/wp-content\/uploads\/2024\/10\/ELF-BOX-CRYSTAL-BAR-600-Puffs-Flavor.jpg 800w, https:\/\/rmvapesale.com\/wp-content\/uploads\/2024\/10\/ELF-BOX-CRYSTAL-BAR-600-Puffs-Flavor-300x169.jpg 300w, https:\/\/rmvapesale.com\/wp-content\/uploads\/2024\/10\/ELF-BOX-CRYSTAL-BAR-600-Puffs-Flavor-768x432.jpg 768w, https:\/\/rmvapesale.com\/wp-content\/uploads\/2024\/10\/ELF-BOX-CRYSTAL-BAR-600-Puffs-Flavor-600x338.jpg 600w\" sizes=\"auto, (max-width: 800px) 100vw, 800px\" \/><figcaption id=\"caption-attachment-2507\" class=\"wp-caption-text\">Pr\u00edchu\u0165 ELF BOX CRYSTAL BAR 600 Pufov<\/figcaption><\/figure>\n<h3><strong>Pre\u010do si vybra\u0165 Rmvapesale pre ELF BOX CRYSTAL 600<\/strong><strong>?<\/strong><\/h3>\n<div class=\"flex-shrink-0 flex flex-col relative items-end\">\n<div class=\"pt-0\">\n<div class=\"gizmo-bot-avatar flex h-8 w-8 items-center justify-center overflow-hidden rounded-full\">\n<div class=\"relative p-1 rounded-sm flex items-center justify-center bg-token-main-surface-primary text-token-text-primary h-8 w-8\">\n<p>&nbsp;<\/p>\n<p>Ke\u010f si vyberiete Rmvapesale pre va\u0161e ve\u013ekoobchodn\u00e9 potreby s jednorazov\u00fdmi vapmi, z\u00edskate:<\/p>\n<ul>\n<li><strong>Konkuren\u010dn\u00e1 cena<\/strong>: Z\u00edskajte pr\u00edstup k atrakt\u00edvnym ve\u013ekoobchodn\u00fdm cen\u00e1m, ktor\u00e9 zv\u00fd\u0161ia mar\u017ee v\u00e1\u0161ho podnikania.<\/li>\n<li><strong>Vysok\u00e1 kvalita<\/strong>: Na\u0161e vapy s\u00fa vyr\u00e1ban\u00e9 pod\u013ea najvy\u0161\u0161\u00edch \u0161tandardov a <span style=\"color: #ff0000\"><strong>zaru\u010dene 100% origin\u00e1lne a autentick\u00e9, alebo v\u00e1m poskytneme 10-n\u00e1sobn\u00fa kompenz\u00e1ciu za falo\u0161n\u00fd tovar!<\/strong><\/span><\/li>\n<li><strong>Vynikaj\u00faci z\u00e1kazn\u00edcky servis<\/strong>: N\u00e1\u0161 oddan\u00fd t\u00edm je v\u017edy pripraven\u00fd v\u00e1m pom\u00f4c\u0165, v\u010faka \u010domu bude v\u00e1\u0161 n\u00e1kupn\u00fd proces plynul\u00fd a bezprobl\u00e9mov\u00fd.<\/li>\n<li><strong>R\u00fdchle<\/strong>: O\u010dak\u00e1vajte r\u00fdchle a spo\u013eahliv\u00e9 doru\u010denie, ktor\u00e9 zaist\u00ed, \u017ee va\u0161e objedn\u00e1vky dorazia v\u017edy na\u010das.<\/li>\n<\/ul>\n<\/div>\n<h3><\/h3>\n<div class=\"relative p-1 rounded-sm flex items-center justify-center bg-token-main-surface-primary text-token-text-primary h-8 w-8\">\n<h3><b>\u010cast\u00e9 ot\u00e1zky<\/b><\/h3>\n<div class=\"flex-shrink-0 flex flex-col relative items-end\">\n<div>\n<div class=\"pt-0\">\n<div class=\"gizmo-bot-avatar flex h-8 w-8 items-center justify-center overflow-hidden rounded-full\">\n<div class=\"relative p-1 rounded-sm flex items-center justify-center bg-token-main-surface-primary text-token-text-primary h-8 w-8\"><\/div>\n<\/div>\n<\/div>\n<\/div>\n<\/div>\n<div class=\"group\/conversation-turn relative flex w-full min-w-0 flex-col agent-turn\">\n<div class=\"flex-col gap-1 md:gap-3\">\n<div class=\"flex max-w-full flex-col flex-grow\">\n<div class=\"min-h-8 text-message flex w-full flex-col items-end gap-2 whitespace-normal break-words [.text-message+&amp;]:mt-5\" dir=\"auto\" data-message-author-role=\"assistant\" data-message-id=\"3a019841-c00e-477f-baad-0bb23e48af2d\" data-message-model-slug=\"gpt-4o\">\n<div class=\"flex w-full flex-col gap-1 empty:hidden first:pt-[3px]\">\n<div class=\"markdown prose w-full break-words dark:prose-invert light\">\n<ul>\n<li><strong>Ako pou\u017e\u00edva\u0165 jednorazov\u00e9 vape pero<\/strong><br \/>\nPou\u017eitie jednorazov\u00e9ho vaporiz\u00e9ra ako CRYSTAL BAR 600 je jednoduch\u00e9. Pred pou\u017eit\u00edm ho nemus\u00edte nab\u00edja\u0165. Sta\u010d\u00ed vybra\u0165 vaporiz\u00e9r z obalu a d\u00fdcha\u0165 cez \u00fastnik. Pr\u00edstroj sa automaticky aktivuje pri n\u00e1dychu a dod\u00e1va paru.<\/li>\n<li><strong>Ko\u013eko nikot\u00ednu je v Elf Box Crystal 600 Pufov<\/strong><br \/>\nELF CRYSTAL BAR 600 pon\u00faka tri mo\u017enosti \u00farovne nikot\u00ednu: 0%, 2% a 5%, \u010do umo\u017e\u0148uje pou\u017e\u00edvate\u013eom vybra\u0165 si pod\u013ea ich preferencie.<\/li>\n<li><strong>Ako zisti\u0165, kedy je vape pr\u00e1zdny<\/strong><br \/>\nV\u00e1\u0161 jednorazov\u00fd vaporiz\u00e9r je pr\u00e1zdny, ke\u010f prestanete dost\u00e1va\u0165 paru pri n\u00e1dychu alebo za\u010d\u00edna mizn\u00fa\u0165 chu\u0165. Okrem toho, ak sa produkcia pary v\u00fdrazne zn\u00ed\u017ei alebo pr\u00edstroj prestane fungova\u0165, pravdepodobne je vybit\u00e1 bat\u00e9ria alebo e-liquid.<\/li>\n<li><strong>Kde si m\u00f4\u017eem k\u00fapi\u0165 Elf Box Crystal Bar 600<\/strong><br \/>\nM\u00f4\u017eete zak\u00fapi\u0165 ELF BOX CRYSTAL BAR 600 od predajcov alebo ve\u013ekoobchodn\u00edkov, ktor\u00ed maj\u00fa skladom jednorazov\u00e9 vaporiz\u00e9ry. Skontrolujte miestne obchody s vapami alebo online obchody, ktor\u00e9 pred\u00e1vaj\u00fa vapovanie, rmvapesale je popul\u00e1rny online obchod s hor\u00facimi predajmi vaporiz\u00e9rov, kontaktujte n\u00e1s a vyu\u017eite ve\u013ekoobchodn\u00fa cenu.<\/li>\n<\/ul>\n<\/div>\n<\/div>\n<\/div>\n<\/div>\n<\/div>\n<\/div>\n<p>&nbsp;<\/p>\n<\/div>\n<\/div>\n<\/div>\n<\/div>\n<h3>O doru\u010den\u00ed<\/h3>\n<div class=\"flex-shrink-0 flex flex-col relative items-end\">\n<div>\n<div class=\"pt-0\">\n<div class=\"gizmo-bot-avatar flex h-8 w-8 items-center justify-center overflow-hidden rounded-full\">\n<div><\/div>\n<div class=\"relative p-1 rounded-sm flex items-center justify-center bg-token-main-surface-primary text-token-text-primary h-8 w-8\"><strong>1. Ak\u00e9 sp\u00f4soby doru\u010denia pou\u017e\u00edvate?<\/strong><\/div>\n<\/div>\n<\/div>\n<\/div>\n<\/div>\n<div class=\"group\/conversation-turn relative flex w-full min-w-0 flex-col agent-turn\">\n<div class=\"flex-col gap-1 md:gap-3\">\n<div class=\"flex max-w-full flex-col flex-grow\">\n<div class=\"min-h-[20px] text-message flex w-full flex-col items-end gap-2 whitespace-normal break-words [.text-message+&amp;]:mt-5 overflow-x-auto\" dir=\"auto\" data-message-author-role=\"assistant\" data-message-id=\"22f8283b-3233-46ff-89a5-c7a41b33abda\">\n<div class=\"flex w-full flex-col gap-1 empty:hidden first:pt-[3px]\">\n<div class=\"markdown prose w-full break-words dark:prose-invert light\">\n<p>Spolupracujeme so spolo\u010dnos\u0165ami UPS, DHL, FedEx, DPD a \u010fal\u0161\u00edmi popredn\u00fdmi dopravcami. Vyberieme najlep\u0161\u00ed sp\u00f4sob doru\u010denia na z\u00e1klade va\u0161ej adresy, aby sme zaistili, \u017ee svoje produkty dostanete \u010do najr\u00fdchlej\u0161ie.<\/p>\n<\/div>\n<p><strong>2. Ako dlho trv\u00e1 doru\u010denie?<\/strong><\/p>\n<p>Bal\u00edky doru\u010dovan\u00e9 na Slovensko zvy\u010dajne dorazia do 10 pracovn\u00fdch dn\u00ed. Doru\u010denie do eur\u00f3pskych kraj\u00edn zvy\u010dajne trv\u00e1 asi 12-15 pracovn\u00fdch dn\u00ed. Budeme v\u00e1s informova\u0165 o stave doru\u010denia v re\u00e1lnom \u010dase.<\/p>\n<\/div>\n<\/div>\n<\/div>\n<\/div>\n<\/div>\n<p>&nbsp;<\/p>\n<p>\u010eal\u0161ie hor\u00face vapy, ktor\u00e9 by sa v\u00e1m mohli p\u00e1\u010di\u0165:<\/p>\n<p><a href=\"https:\/\/rmvapesale.com\/sk\/product\/randm-tornado-15000-puffs-15k-vape-recharge-fumot-original-vape-factory-price\/\"><strong>Randm Vape 15000 potiahnut\u00ed\u00a0 \u00a0<span style=\"color: #ff0000\">&gt;&gt;&gt;&gt; \u00eds\u0165!<\/span><\/strong><\/a><\/p>\n<p><strong><a href=\"https:\/\/rmvapesale.com\/sk\/product\/fumot-digital-box-12000-disposable-vape-pink-lemonade-flavor\/\">Fumot Digital Box 12000 jednorazov\u00e1 vape<\/a><\/strong><strong><a href=\"https:\/\/rmvapesale.com\/sk\/product\/faivono-bang-maxi-15000-puffs-disposable-vape-bulk-wholesale\/\">\u00a0<span style=\"color: #ff0000\">&gt;&gt;&gt;&gt; \u00eds\u0165!<\/span><\/a>\u00a0<\/strong><\/p>\n<p><a href=\"https:\/\/rmvapesale.com\/sk\/product\/randm-tornado-25000-puffs-disposable-vape-wholesale\/\"><strong>Fumot Vape RandM Tornado 25000 potiahnut\u00ed <span style=\"color: #ff0000\">&gt;&gt;&gt;&gt; \u00eds\u0165!<\/span><\/strong><\/a><\/p>\n<p>&nbsp;<\/p>\n<p>&nbsp;<\/p>\n<p>N\u00e1jdite \u010fal\u0161ie vape produkty, ktor\u00e9 by sa v\u00e1m mohli p\u00e1\u010di\u0165:<strong><em><a href=\"https:\/\/rmvapesale.com\/sk\/shop-2\/\">nakupova\u0165 teraz &gt;&gt;&gt;<\/a><\/em><\/strong><\/p>","protected":false},"excerpt":{"rendered":"<p>Vape Elf Box Crystal Bar E-cigareta ve\u013ekoobchod k\u00fapi\u0165<br \/>\nElf BOX Crystal CR600 Jednorazov\u00fd vaporiz\u00e9r ve\u013ekoobchod<br \/>\nELF BOX CRYSTAL BAR 600 Puffs 0% 2% 5% N\u00edzkotu\u010dn\u00fd nikot\u00ednov\u00fd jednorazov\u00fd vaporiz\u00e9r<\/p>\n<p><img loading=\"lazy\" decoding=\"async\" class=\"size-full wp-image-2375\" src=\"https:\/\/rmvapesale.com\/wp-content\/uploads\/2024\/10\/image.png\" alt=\"Najlep\u0161\u00ed jednorazov\u00fd vape\" width=\"229\" height=\"300\" \/><\/p>\n<h3><a href=\"https:\/\/wa.me\/8617776015835\"><span style=\"color: #ff0000\"><strong>WhatsApp: +86 17776015835<\/strong><\/span><\/a><\/h3>\n<p>&nbsp;<\/p>","protected":false},"featured_media":2506,"comment_status":"open","ping_status":"closed","template":"","meta":{"_uag_custom_page_level_css":"","_lmt_disableupdate":"no","_lmt_disable":"","site-sidebar-layout":"default","site-content-layout":"content-boxed-container","ast-site-content-layout":"normal-width-container","site-content-style":"boxed","site-sidebar-style":"unboxed","ast-global-header-display":"","ast-banner-title-visibility":"","ast-main-header-display":"","ast-hfb-above-header-display":"","ast-hfb-below-header-display":"","ast-hfb-mobile-header-display":"","site-post-title":"","ast-breadcrumbs-content":"","ast-featured-img":"","footer-sml-layout":"","theme-transparent-header-meta":"default","adv-header-id-meta":"","stick-header-meta":"","header-above-stick-meta":"","header-main-stick-meta":"","header-below-stick-meta":"","astra-migrate-meta-layouts":"set","ast-page-background-enabled":"default","ast-page-background-meta":{"desktop":{"background-color":"var(--ast-global-color-4)","background-image":"","background-repeat":"repeat","background-position":"center center","background-size":"auto","background-attachment":"scroll","background-type":"","background-media":"","overlay-type":"","overlay-color":"","overlay-opacity":"","overlay-gradient":""},"tablet":{"background-color":"","background-image":"","background-repeat":"repeat","background-position":"center center","background-size":"auto","background-attachment":"scroll","background-type":"","background-media":"","overlay-type":"","overlay-color":"","overlay-opacity":"","overlay-gradient":""},"mobile":{"background-color":"","background-image":"","background-repeat":"repeat","background-position":"center center","background-size":"auto","background-attachment":"scroll","background-type":"","background-media":"","overlay-type":"","overlay-color":"","overlay-opacity":"","overlay-gradient":""}},"ast-content-background-meta":{"desktop":{"background-color":"var(--ast-global-color-5)","background-image":"","background-repeat":"repeat","background-position":"center center","background-size":"auto","background-attachment":"scroll","background-type":"","background-media":"","overlay-type":"","overlay-color":"","overlay-opacity":"","overlay-gradient":""},"tablet":{"background-color":"var(--ast-global-color-5)","background-image":"","background-repeat":"repeat","background-position":"center center","background-size":"auto","background-attachment":"scroll","background-type":"","background-media":"","overlay-type":"","overlay-color":"","overlay-opacity":"","overlay-gradient":""},"mobile":{"background-color":"var(--ast-global-color-5)","background-image":"","background-repeat":"repeat","background-position":"center center","background-size":"auto","background-attachment":"scroll","background-type":"","background-media":"","overlay-type":"","overlay-color":"","overlay-opacity":"","overlay-gradient":""}},"_joinchat":[]},"product_brand":[],"product_cat":[15,25,123,26,28,135,27,137,136,30],"product_tag":[169,167,165,180,103,120,179],"class_list":{"0":"post-2509","1":"product","2":"type-product","3":"status-publish","4":"has-post-thumbnail","6":"product_cat-new-vape-this-week","7":"product_cat-germany-best-selling-vape","8":"product_cat-italy-wholesale-vape","9":"product_cat-netherlands-hot-sale-vape","10":"product_cat-poland-hot-sale-vape","11":"product_cat-spain-best-hot-sale-vape","12":"product_cat-fance-hot-sale-vape","13":"product_cat-rechargeable-vapes","14":"product_cat-smart-screen-vapes","15":"product_cat-minimum-order-quantity-50pcs","16":"product_tag-best-disposable-vape-2024","17":"product_tag-disposable-vape-with-screen","18":"product_tag-rechargeable-vapes","19":"product_tag-shisha-bar","20":"product_tag-shisha-hookah","21":"product_tag-vape-wholesale","22":"product_tag-vapme-shisha-hookah","23":"desktop-align-left","24":"tablet-align-left","25":"mobile-align-left","27":"first","28":"instock","29":"sale","30":"shipping-taxable","31":"purchasable","32":"product-type-simple"},"uagb_featured_image_src":{"full":["https:\/\/rmvapesale.com\/wp-content\/uploads\/2024\/10\/ELF-BOX-CRYSTAL-BAR-600-Puffs-Disposable-Vape.jpg",800,800,false],"thumbnail":["https:\/\/rmvapesale.com\/wp-content\/uploads\/2024\/10\/ELF-BOX-CRYSTAL-BAR-600-Puffs-Disposable-Vape-150x150.jpg",150,150,true],"medium":["https:\/\/rmvapesale.com\/wp-content\/uploads\/2024\/10\/ELF-BOX-CRYSTAL-BAR-600-Puffs-Disposable-Vape-300x300.jpg",300,300,true],"medium_large":["https:\/\/rmvapesale.com\/wp-content\/uploads\/2024\/10\/ELF-BOX-CRYSTAL-BAR-600-Puffs-Disposable-Vape-768x768.jpg",768,768,true],"large":["https:\/\/rmvapesale.com\/wp-content\/uploads\/2024\/10\/ELF-BOX-CRYSTAL-BAR-600-Puffs-Disposable-Vape.jpg",800,800,false],"1536x1536":["https:\/\/rmvapesale.com\/wp-content\/uploads\/2024\/10\/ELF-BOX-CRYSTAL-BAR-600-Puffs-Disposable-Vape.jpg",800,800,false],"2048x2048":["https:\/\/rmvapesale.com\/wp-content\/uploads\/2024\/10\/ELF-BOX-CRYSTAL-BAR-600-Puffs-Disposable-Vape.jpg",800,800,false],"trp-custom-language-flag":["https:\/\/rmvapesale.com\/wp-content\/uploads\/2024\/10\/ELF-BOX-CRYSTAL-BAR-600-Puffs-Disposable-Vape.jpg",12,12,false],"woocommerce_thumbnail":["https:\/\/rmvapesale.com\/wp-content\/uploads\/2024\/10\/ELF-BOX-CRYSTAL-BAR-600-Puffs-Disposable-Vape-300x300.jpg",300,300,true],"woocommerce_single":["https:\/\/rmvapesale.com\/wp-content\/uploads\/2024\/10\/ELF-BOX-CRYSTAL-BAR-600-Puffs-Disposable-Vape-600x600.jpg",600,600,true],"woocommerce_gallery_thumbnail":["https:\/\/rmvapesale.com\/wp-content\/uploads\/2024\/10\/ELF-BOX-CRYSTAL-BAR-600-Puffs-Disposable-Vape-100x100.jpg",100,100,true],"wcpr-photo-reviews":["https:\/\/rmvapesale.com\/wp-content\/uploads\/2024\/10\/ELF-BOX-CRYSTAL-BAR-600-Puffs-Disposable-Vape.jpg",500,500,false]},"uagb_author_info":{"display_name":"AMY","author_link":"https:\/\/rmvapesale.com\/sk\/author\/"},"uagb_comment_info":0,"uagb_excerpt":"Vape Elf Box Crystal Bar E-cigarette bulk Buy Elf BOX Crystal CR600 Disposable Vape Whoelsale ELF BOX CRYSTAL BAR 600 Puffs 0% 2% 5% Low Nicotine Disposable Vape WhatsApp: +86 17776015835 &nbsp;","_links":{"self":[{"href":"https:\/\/rmvapesale.com\/sk\/wp-json\/wp\/v2\/product\/2509","targetHints":{"allow":["GET"]}}],"collection":[{"href":"https:\/\/rmvapesale.com\/sk\/wp-json\/wp\/v2\/product"}],"about":[{"href":"https:\/\/rmvapesale.com\/sk\/wp-json\/wp\/v2\/types\/product"}],"replies":[{"embeddable":true,"href":"https:\/\/rmvapesale.com\/sk\/wp-json\/wp\/v2\/comments?post=2509"}],"wp:featuredmedia":[{"embeddable":true,"href":"https:\/\/rmvapesale.com\/sk\/wp-json\/wp\/v2\/media\/2506"}],"wp:attachment":[{"href":"https:\/\/rmvapesale.com\/sk\/wp-json\/wp\/v2\/media?parent=2509"}],"wp:term":[{"taxonomy":"product_brand","embeddable":true,"href":"https:\/\/rmvapesale.com\/sk\/wp-json\/wp\/v2\/product_brand?post=2509"},{"taxonomy":"product_cat","embeddable":true,"href":"https:\/\/rmvapesale.com\/sk\/wp-json\/wp\/v2\/product_cat?post=2509"},{"taxonomy":"product_tag","embeddable":true,"href":"https:\/\/rmvapesale.com\/sk\/wp-json\/wp\/v2\/product_tag?post=2509"}],"curies":[{"name":"wp","href":"https:\/\/api.w.org\/{rel}","templated":true}]}}