{"id":2518,"date":"2024-10-23T02:32:46","date_gmt":"2024-10-23T02:32:46","guid":{"rendered":"https:\/\/rmvapesale.com\/?post_type=product&#038;p=2518"},"modified":"2024-10-23T03:34:28","modified_gmt":"2024-10-23T03:34:28","slug":"aivono-22000-rechargeable-vapes-with-display-screen","status":"publish","type":"product","link":"https:\/\/rmvapesale.com\/sk\/product\/aivono-22000-rechargeable-vapes-with-display-screen\/","title":{"rendered":"Aivono 22000 Nab\u00edjate\u013en\u00e9 vapy s displejom"},"content":{"rendered":"<div class=\"B2VR9 CJHX3e\">\n<div class=\"wyccme\">\n<div class=\"flex-shrink-0 flex flex-col relative items-end\">\n<div>\n<h1 class=\"pt-0\">Aivono Fatpro 22000 potiahnut\u00ed nab\u00edjacie jednorazov\u00e9 vaporiz\u00e9ry s obrazovkou<\/h1>\n<\/div>\n<\/div>\n<div class=\"flex-shrink-0 flex flex-col relative items-end\">\n<div class=\"pt-0\">\n<div class=\"gizmo-bot-avatar flex h-8 w-8 items-center justify-center overflow-hidden rounded-full\">\n<div class=\"relative p-1 rounded-sm flex items-center justify-center bg-token-main-surface-primary text-token-text-primary h-8 w-8\">\n<p>The <strong>Aivono 22000<\/strong> je najmodernej\u0161\u00ed <strong>nab\u00edjacie vaporiz\u00e9ry s obrazovkou<\/strong> pon\u00fakaj\u00face p\u00f4sobiv\u00e9 <strong>22 000 po\u0165ahov<\/strong>, \u010do z neho rob\u00ed jeden z <strong>najpopul\u00e1rnej\u0161ie vaporiz\u00e9ry<\/strong> pre dlhodob\u00e9 pou\u017e\u00edvanie na trhu. Jeho <strong>28ml kapacita e-liquidu<\/strong> zais\u0165uje nepreru\u0161ovan\u00e9 vapovacie sedenia, ide\u00e1lne pre pr\u00edle\u017eitostn\u00fdch pou\u017e\u00edvate\u013eov aj nad\u0161encov. Toto zariadenie umo\u017e\u0148uje pou\u017e\u00edvate\u013eom vybra\u0165 si z <strong>koncentr\u00e1ci\u00ed nikot\u00ednu 0%, 2%, 3% a 5%<\/strong>, ur\u010den\u00e9 pre t\u00fdch, ktor\u00ed uprednost\u0148uj\u00fa <strong>jednorazov\u00fd vape s n\u00edzkym obsahom nikot\u00ednu<\/strong> alebo mo\u017enosti vy\u0161\u0161ej sily.<\/p>\n<p>Poh\u00e1\u0148an\u00fd a <strong>650mAh nab\u00edjate\u013enou bat\u00e9riou<\/strong>, Aivono 22000 zaru\u010duje vynikaj\u00faci v\u00fdkon a funkcie <strong>Type-C<\/strong>, \u010do zais\u0165uje, \u017ee m\u00f4\u017eete r\u00fdchlo dobi\u0165 a vr\u00e1ti\u0165 sa k u\u017e\u00edvaniu v\u00e1\u0161ho vapu. Jeho <strong>0.6 sie\u0165ovan\u00e1 \u0161pir\u00e1lka<\/strong> zlep\u0161uje podanie chuti a produkciu pary, \u010d\u00edm pou\u017e\u00edvate\u013eom poskytuje konzistentne bohat\u00fd a uspokojiv\u00fd z\u00e1\u017eitok. Okrem toho <strong>nastavite\u013en\u00fd prietok vzduchu<\/strong> umo\u017e\u0148uje vap\u00e9rom prisp\u00f4sobi\u0165 si po\u0165ah, \u010di u\u017e preferuj\u00fa tesn\u00fd, koncentrovan\u00fd po\u0165ah alebo vo\u013enej\u0161\u00ed, vzdu\u0161nej\u0161\u00ed n\u00e1dych.<\/p>\n<p>Tento <strong>jednorazov\u00fd vape s displejom<\/strong> tie\u017e poskytuje aktu\u00e1lne inform\u00e1cie o stave e-liquidu a bat\u00e9rie, \u010do ho rob\u00ed praktick\u00fdm a pohodln\u00fdm. \u010ci u\u017e h\u013ead\u00e1te <strong>k\u00fapi\u0165 vapy<\/strong> na osobn\u00fa spotrebu, alebo h\u013ead\u00e1te <strong>ve\u013ekoobchodn\u00e9 jednorazov\u00e9 vapy<\/strong> , <strong>Aivono Fatpro 22000<\/strong> vynik\u00e1 ako najlep\u0161ia vo\u013eba.<\/p>\n<p>Ide\u00e1lne pre t\u00fdch, ktor\u00ed h\u013eadaj\u00fa <strong>zna\u010dky jednorazov\u00fdch vapov<\/strong> , ktor\u00e9 uprednost\u0148uj\u00fa kvalitu aj pohodlie, <strong>Aivono Fatpro dob\u00edjacie vapy<\/strong> s\u00fa k dispoz\u00edcii na online n\u00e1kup a pon\u00fakaj\u00fa spo\u013eahliv\u00fd, vysoko v\u00fdkonn\u00fd <strong>22000 potiahnut\u00ed vape<\/strong> rie\u0161enie.<\/p>\n<p>&nbsp;<\/p>\n<\/div>\n<\/div>\n<\/div>\n<\/div>\n<\/div>\n<\/div>\n<p><strong>Kontaktujte Amy pre spr\u00e1vnu odpove\u010f a vape kup\u00f3n!<\/strong><\/p>\n<p><img loading=\"lazy\" decoding=\"async\" class=\"size-full wp-image-1978\" src=\"https:\/\/rmvapesale.com\/wp-content\/uploads\/2024\/09\/Disposable-Vape-Wholesale.jpg\" alt=\"Jednorazov\u00fd vape ve\u013ekoobchod\" width=\"229\" height=\"300\" \/><\/p>\n<h3><a href=\"https:\/\/wa.me\/8617776015835\" target=\"_blank\" rel=\"noopener\"><span style=\"color: #ff0000\"><strong>WhatsApp: +86 17776015835<\/strong><\/span><\/a><\/h3>\n<p>&nbsp;<\/p>\n<h2><\/h2>\n<h2><strong>Aivono 22000 dob\u00edjate\u013en\u00e9 vapy <\/strong><strong>K\u013e\u00fa\u010dov\u00e9 vlastnosti<\/strong><\/h2>\n<div class=\"flex-shrink-0 flex flex-col relative items-end\">\n<div>\n<div class=\"pt-0\">\n<div class=\"gizmo-bot-avatar flex h-8 w-8 items-center justify-center overflow-hidden rounded-full\">\n<div class=\"relative p-1 rounded-sm flex items-center justify-center bg-token-main-surface-primary text-token-text-primary h-8 w-8\"><\/div>\n<\/div>\n<\/div>\n<\/div>\n<\/div>\n<div class=\"group\/conversation-turn relative flex w-full min-w-0 flex-col agent-turn\">\n<div class=\"flex-col gap-1 md:gap-3\">\n<div class=\"flex max-w-full flex-col flex-grow\">\n<div class=\"min-h-8 text-message flex w-full flex-col items-end gap-2 whitespace-normal break-words [.text-message+&amp;]:mt-5\" dir=\"auto\" data-message-author-role=\"assistant\" data-message-id=\"0d28757f-3029-419a-97bc-5c073d54a71e\" data-message-model-slug=\"gpt-4o\">\n<div class=\"flex w-full flex-col gap-1 empty:hidden first:pt-[3px]\">\n<div class=\"result-streaming markdown prose w-full break-words dark:prose-invert light\">\n<p>Zna\u010dka: AIVONO Vapes<br \/>\nNikot\u00edn: 0% 2% 3% 5%<br \/>\nPotiahnut\u00ed:22000<br \/>\nKapacita:28ml<br \/>\nDostupn\u00fdch 10 pr\u00edchut\u00ed<br \/>\n600mAh dob\u00edjate\u013en\u00e1 bat\u00e9ria<br \/>\nLuxusn\u00e1 ko\u017een\u00e1 ed\u00edcia<br \/>\nDu\u00e1lne re\u017eimy: Eko\/Boost<\/p>\n<p>\u2611 Funkcia:<br \/>\n1. Displej e-liquidu<br \/>\n2. Displej bat\u00e9rie<br \/>\n3. Pr\u00edchu\u0165 vodnej fajky<br \/>\n4. Nastavite\u013en\u00fd prietok vzduchu<\/p>\n<\/div>\n<\/div>\n<\/div>\n<\/div>\n<\/div>\n<\/div>\n<h2><\/h2>\n<h2><strong>Najlep\u0161ia pr\u00edchu\u0165 pre nab\u00edjate\u013en\u00e9 vape Aivono 22000<\/strong><strong>\u00a0<\/strong><\/h2>\n<p>S desiatimi r\u00f4znymi pr\u00edchu\u0165ami, vr\u00e1tane Two Apple, Grape Mint a Lush Ice, pon\u00faka vape Aivono Aim Fatpro 22000 \u0161irok\u00fa \u0161k\u00e1lu mo\u017enost\u00ed, ktor\u00e9 vyhovej\u00fa r\u00f4znym chutiam. T\u00e1to kombin\u00e1cia vysokej kapacity, prisp\u00f4sobite\u013enej \u00farovne nikot\u00ednu a chutn\u00fdch mo\u017enost\u00ed rob\u00ed z Aivono Aim Fatpro vynikaj\u00facu vo\u013ebu pre ka\u017ed\u00e9ho, kto chce pozdvihn\u00fa\u0165 svoj z\u00e1\u017eitok z vapovania.<\/p>\n<p>1.Dvojit\u00e9 jablko <span style=\"color: #ff0000\"><strong>&gt;&gt;&gt;&gt; Hor\u00face!<\/strong><\/span><br \/>\n2.Hroznov\u00e1 m\u00e4ta<br \/>\n3.Svie\u017ei \u013ead<br \/>\n4.\u010cere\u0161\u0148a malina <span style=\"color: #ff0000\"><strong>&gt;&gt;&gt;&gt; Najlep\u0161ie!<\/strong><\/span><br \/>\n5.Brosky\u0148ov\u00fd \u013ead<br \/>\n6.L\u00e1ska 66<span style=\"color: #ff0000\"><strong>&gt;&gt;&gt;&gt; Hor\u00face!<\/strong><\/span><br \/>\n7.Jasn\u00fd sen<br \/>\n8.Jahodov\u00fd pun\u010d<br \/>\n9.\u010cu\u010doriedkov\u00e1 \u017euva\u010dka<br \/>\n10. Berry Ice<\/p>\n<p>&nbsp;<\/p>\n<figure id=\"attachment_2519\" aria-describedby=\"caption-attachment-2519\" style=\"width: 800px\" class=\"wp-caption alignnone\"><img loading=\"lazy\" decoding=\"async\" class=\"wp-image-2519 size-full\" src=\"https:\/\/rmvapesale.com\/wp-content\/uploads\/2024\/10\/AIM-AIVONO-FATPRO-22000.jpg\" alt=\"AIM AIVONO FATPRO 22000\" width=\"800\" height=\"800\" srcset=\"https:\/\/rmvapesale.com\/wp-content\/uploads\/2024\/10\/AIM-AIVONO-FATPRO-22000.jpg 800w, https:\/\/rmvapesale.com\/wp-content\/uploads\/2024\/10\/AIM-AIVONO-FATPRO-22000-300x300.jpg 300w, https:\/\/rmvapesale.com\/wp-content\/uploads\/2024\/10\/AIM-AIVONO-FATPRO-22000-150x150.jpg 150w, https:\/\/rmvapesale.com\/wp-content\/uploads\/2024\/10\/AIM-AIVONO-FATPRO-22000-768x768.jpg 768w, https:\/\/rmvapesale.com\/wp-content\/uploads\/2024\/10\/AIM-AIVONO-FATPRO-22000-600x600.jpg 600w, https:\/\/rmvapesale.com\/wp-content\/uploads\/2024\/10\/AIM-AIVONO-FATPRO-22000-100x100.jpg 100w\" sizes=\"auto, (max-width: 800px) 100vw, 800px\" \/><figcaption id=\"caption-attachment-2519\" class=\"wp-caption-text\">AIM AIVONO FATPRO 22000<\/figcaption><\/figure>\n<h3><strong>Pre\u010do si vybra\u0165 Rmvapesale pre Aivono Fatpro 22000 Puffs<\/strong><strong>?<\/strong><\/h3>\n<div class=\"flex-shrink-0 flex flex-col relative items-end\">\n<div class=\"pt-0\">\n<div class=\"gizmo-bot-avatar flex h-8 w-8 items-center justify-center overflow-hidden rounded-full\">\n<div class=\"relative p-1 rounded-sm flex items-center justify-center bg-token-main-surface-primary text-token-text-primary h-8 w-8\">\n<p>&nbsp;<\/p>\n<p>Ke\u010f si vyberiete Rmvapesale pre va\u0161e ve\u013ekoobchodn\u00e9 potreby s jednorazov\u00fdmi vapmi, z\u00edskate:<\/p>\n<ul>\n<li><strong>Konkuren\u010dn\u00e1 cena<\/strong>: Z\u00edskajte pr\u00edstup k atrakt\u00edvnym ve\u013ekoobchodn\u00fdm cen\u00e1m, ktor\u00e9 zv\u00fd\u0161ia mar\u017ee v\u00e1\u0161ho podnikania.<\/li>\n<li><strong>Vysok\u00e1 kvalita<\/strong>: Na\u0161e vapy s\u00fa vyr\u00e1ban\u00e9 pod\u013ea najvy\u0161\u0161\u00edch \u0161tandardov a <span style=\"color: #ff0000\"><strong>zaru\u010dene 100% origin\u00e1lne a autentick\u00e9, alebo v\u00e1m poskytneme 10-n\u00e1sobn\u00fa kompenz\u00e1ciu za falo\u0161n\u00fd tovar!<\/strong><\/span><\/li>\n<li><strong>Vynikaj\u00faci z\u00e1kazn\u00edcky servis<\/strong>: N\u00e1\u0161 oddan\u00fd t\u00edm je v\u017edy pripraven\u00fd v\u00e1m pom\u00f4c\u0165, v\u010faka \u010domu bude v\u00e1\u0161 n\u00e1kupn\u00fd proces plynul\u00fd a bezprobl\u00e9mov\u00fd.<\/li>\n<li><strong>R\u00fdchle<\/strong>: O\u010dak\u00e1vajte r\u00fdchle a spo\u013eahliv\u00e9 doru\u010denie, ktor\u00e9 zaist\u00ed, \u017ee va\u0161e objedn\u00e1vky dorazia v\u017edy na\u010das.<\/li>\n<\/ul>\n<\/div>\n<h3><\/h3>\n<div class=\"relative p-1 rounded-sm flex items-center justify-center bg-token-main-surface-primary text-token-text-primary h-8 w-8\">\n<h3><b>\u010cast\u00e9 ot\u00e1zky<\/b><\/h3>\n<div class=\"flex-shrink-0 flex flex-col relative items-end\">\n<div>\n<div class=\"pt-0\">\n<div class=\"gizmo-bot-avatar flex h-8 w-8 items-center justify-center overflow-hidden rounded-full\">\n<div class=\"relative p-1 rounded-sm flex items-center justify-center bg-token-main-surface-primary text-token-text-primary h-8 w-8\"><\/div>\n<\/div>\n<\/div>\n<\/div>\n<\/div>\n<div class=\"group\/conversation-turn relative flex w-full min-w-0 flex-col agent-turn\">\n<div class=\"flex-col gap-1 md:gap-3\">\n<div class=\"flex max-w-full flex-col flex-grow\">\n<div class=\"min-h-8 text-message flex w-full flex-col items-end gap-2 whitespace-normal break-words [.text-message+&amp;]:mt-5\" dir=\"auto\" data-message-author-role=\"assistant\" data-message-id=\"3a019841-c00e-477f-baad-0bb23e48af2d\" data-message-model-slug=\"gpt-4o\">\n<div class=\"flex w-full flex-col gap-1 empty:hidden first:pt-[3px]\">\n<div class=\"markdown prose w-full break-words dark:prose-invert light\">\n<ul>\n<li><strong>Ako pou\u017e\u00edva\u0165 jednorazov\u00e9 vape pero<\/strong><br \/>\nAk chcete pou\u017ei\u0165 jednorazov\u00e9 vape pero Aivono Fatpro, jednoducho ho vyberte z obalu, vd\u00fdchnite cez n\u00e1ustok a zariadenie sa automaticky aktivuje a bude dod\u00e1va\u0165 paru. Upravte pr\u00fadenie vzduchu pod\u013ea svojich preferenci\u00ed, ak chcete tesnej\u0161\u00ed alebo vo\u013enej\u0161\u00ed \u0165ah.<\/li>\n<li><strong>Ako nab\u00edja\u0165 jednorazov\u00fd vape Aivono Fatpro 22000 Puffs<\/strong><br \/>\nAivono Fatpro je nab\u00edjate\u013en\u00fd a je vybaven\u00fd 650 mAh kobaltovou bat\u00e9riou. Na jeho nab\u00edjanie pou\u017eite nab\u00edjac\u00ed k\u00e1bel typu C, ktor\u00fd je dod\u00e1van\u00fd so zariaden\u00edm. Zapojte ho do zdroja nap\u00e1jania a vape sa v\u010faka mo\u017enosti r\u00fdchleho nab\u00edjania r\u00fdchlo nabije.<\/li>\n<li><strong>Ko\u013eko nikot\u00ednu je v Aivono 22000 Puffs<\/strong><br \/>\nAivono Fatpro pon\u00faka viacero \u00farovn\u00ed nikot\u00ednu: 0 %, 2 %, 3 % a 5 %, tak\u017ee si pou\u017e\u00edvatelia m\u00f4\u017eu vybra\u0165 pod\u013ea svojich preferenci\u00ed, \u010di u\u017e uprednost\u0148uj\u00fa z\u00e1\u017eitok bez nikot\u00ednu alebo vy\u0161\u0161iu \u00farove\u0148 nikot\u00ednu.<\/li>\n<li><strong>Ako zisti\u0165, kedy je vape pr\u00e1zdny<\/strong><br \/>\nAivono Fatpro m\u00e1 zabudovan\u00fd displej, ktor\u00fd zobrazuje \u00farove\u0148 e-liquidu. Na obrazovke m\u00f4\u017eete sledova\u0165 hladinu e-liquidu, aby ste vedeli, kedy doch\u00e1dza. Okrem toho, ak chu\u0165 zoslabne alebo sa zn\u00ed\u017ei produkcia pary, m\u00f4\u017ee to znamena\u0165, \u017ee e-liquid sa bl\u00ed\u017ei k vypr\u00e1zdneniu.<\/li>\n<li><strong>Ako dlho m\u00e1m nab\u00edja\u0165 svoj Aivono AIM 22000 Puffs?<\/strong><br \/>\nDoba nab\u00edjania Aivono Fatpro bude z\u00e1visie\u0165 od zdroja energie, ale v\u010faka technol\u00f3gii r\u00fdchleho nab\u00edjania typu C by sa mal nabi\u0165 pomerne r\u00fdchlo. Obrazovka v\u00e1m pom\u00f4\u017ee sledova\u0165 stav bat\u00e9rie, tak\u017ee uvid\u00edte, kedy je plne nabit\u00e1.<\/li>\n<li><strong>Kde si m\u00f4\u017eem k\u00fapi\u0165 jednorazov\u00fd vape Aivono AIM 22000 Puffs<\/strong><br \/>\nAivono Fatpro je mo\u017en\u00e9 zak\u00fapi\u0165 u predajcov alebo ve\u013ekoobchodn\u00edkov, ktor\u00ed maj\u00fa na sklade pr\u00e9miov\u00e9 jednorazov\u00e9 vape. Je k dispoz\u00edcii pre individu\u00e1lnych kupuj\u00facich aj pre hromadn\u00e9 n\u00e1kupy, v\u010faka \u010domu je vhodn\u00fd na osobn\u00e9 pou\u017eitie alebo pre firmy. Skontrolujte online vape obchody alebo miestne obchody, ktor\u00e9 sa \u0161pecializuj\u00fa na vapingov\u00e9 produkty.<\/li>\n<\/ul>\n<\/div>\n<\/div>\n<\/div>\n<\/div>\n<\/div>\n<\/div>\n<p>&nbsp;<\/p>\n<\/div>\n<\/div>\n<\/div>\n<\/div>\n<h3>O doru\u010den\u00ed<\/h3>\n<div class=\"flex-shrink-0 flex flex-col relative items-end\">\n<div>\n<div class=\"pt-0\">\n<div class=\"gizmo-bot-avatar flex h-8 w-8 items-center justify-center overflow-hidden rounded-full\">\n<div><\/div>\n<div class=\"relative p-1 rounded-sm flex items-center justify-center bg-token-main-surface-primary text-token-text-primary h-8 w-8\"><strong>1. Ak\u00e9 sp\u00f4soby doru\u010denia pou\u017e\u00edvate?<\/strong><\/div>\n<\/div>\n<\/div>\n<\/div>\n<\/div>\n<div class=\"group\/conversation-turn relative flex w-full min-w-0 flex-col agent-turn\">\n<div class=\"flex-col gap-1 md:gap-3\">\n<div class=\"flex max-w-full flex-col flex-grow\">\n<div class=\"min-h-[20px] text-message flex w-full flex-col items-end gap-2 whitespace-normal break-words [.text-message+&amp;]:mt-5 overflow-x-auto\" dir=\"auto\" data-message-author-role=\"assistant\" data-message-id=\"22f8283b-3233-46ff-89a5-c7a41b33abda\">\n<div class=\"flex w-full flex-col gap-1 empty:hidden first:pt-[3px]\">\n<div class=\"markdown prose w-full break-words dark:prose-invert light\">\n<p>Spolupracujeme so spolo\u010dnos\u0165ami UPS, DHL, FedEx, DPD a \u010fal\u0161\u00edmi popredn\u00fdmi dopravcami. Vyberieme najlep\u0161\u00ed sp\u00f4sob doru\u010denia na z\u00e1klade va\u0161ej adresy, aby sme zaistili, \u017ee svoje produkty dostanete \u010do najr\u00fdchlej\u0161ie.<\/p>\n<\/div>\n<p><strong>2. Ako dlho trv\u00e1 doru\u010denie?<\/strong><\/p>\n<p>Bal\u00edky doru\u010dovan\u00e9 na Slovensko zvy\u010dajne dorazia do 10 pracovn\u00fdch dn\u00ed. Doru\u010denie do eur\u00f3pskych kraj\u00edn zvy\u010dajne trv\u00e1 asi 12-15 pracovn\u00fdch dn\u00ed. Budeme v\u00e1s informova\u0165 o stave doru\u010denia v re\u00e1lnom \u010dase.<\/p>\n<\/div>\n<\/div>\n<\/div>\n<\/div>\n<\/div>\n<p>&nbsp;<\/p>\n<p>\u010eal\u0161ie hor\u00face vapy, ktor\u00e9 by sa v\u00e1m mohli p\u00e1\u010di\u0165:<\/p>\n<p><a href=\"https:\/\/rmvapesale.com\/sk\/product\/elf-box-crystal-bar-600-puffs-disposable-vape-wholesale\/\"><strong>ELF BOX CRYSTAL BAR 600 potiahnut\u00ed\u00a0 \u00a0<span style=\"color: #ff0000\">&gt;&gt;&gt;&gt; \u00eds\u0165!<\/span><\/strong><\/a><\/p>\n<p><strong><a href=\"https:\/\/rmvapesale.com\/sk\/product\/fumot-digital-box-12000-disposable-vape-pink-lemonade-flavor\/\">Fumot Digital Box 12000 jednorazov\u00e1 vape<\/a><\/strong><strong><a href=\"https:\/\/rmvapesale.com\/sk\/product\/faivono-bang-maxi-15000-puffs-disposable-vape-bulk-wholesale\/\">\u00a0<span style=\"color: #ff0000\">&gt;&gt;&gt;&gt; \u00eds\u0165!<\/span><\/a>\u00a0<\/strong><\/p>\n<p><a href=\"https:\/\/rmvapesale.com\/sk\/product\/vapme-shisha-hookah-pro-max-20000-puffs-disposable-vape-bar\/\"><strong>Vapme Shisha Hookah 20000 potiahnut\u00ed <span style=\"color: #ff0000\">&gt;&gt;&gt;&gt; \u00eds\u0165!<\/span><\/strong><\/a><\/p>\n<p>&nbsp;<\/p>\n<p>&nbsp;<\/p>\n<p>N\u00e1jdite \u010fal\u0161ie vape produkty, ktor\u00e9 by sa v\u00e1m mohli p\u00e1\u010di\u0165:<strong><em><a href=\"https:\/\/rmvapesale.com\/sk\/shop-2\/\">nakupova\u0165 teraz &gt;&gt;&gt;<\/a><\/em><\/strong><\/p>","protected":false},"excerpt":{"rendered":"<p>Aivono 22000 potiahnut\u00ed LED obrazovka Puff 22k nab\u00edjate\u013en\u00e9 vaporiz\u00e9ry<br \/>\nAivono Aim Fatpro 22000 potiahnut\u00ed jednorazov\u00fd vape lacn\u00e1 cena<br \/>\nVe\u013ekoobchodn\u00e1 elektronick\u00e1 cigareta Aivono Aim Fatpro 22000 potiahnut\u00ed<\/p>\n<p><img loading=\"lazy\" decoding=\"async\" class=\"size-full wp-image-2375\" src=\"https:\/\/rmvapesale.com\/wp-content\/uploads\/2024\/10\/image.png\" alt=\"Najlep\u0161\u00ed jednorazov\u00fd vape\" width=\"229\" height=\"300\" \/><\/p>\n<h3><a href=\"https:\/\/wa.me\/8617776015835\"><span style=\"color: #ff0000\"><strong>WhatsApp: +86 17776015835<\/strong><\/span><\/a><\/h3>\n<p>&nbsp;<\/p>","protected":false},"featured_media":2521,"comment_status":"open","ping_status":"closed","template":"","meta":{"_uag_custom_page_level_css":"","_lmt_disableupdate":"no","_lmt_disable":"","site-sidebar-layout":"default","site-content-layout":"content-boxed-container","ast-site-content-layout":"normal-width-container","site-content-style":"boxed","site-sidebar-style":"unboxed","ast-global-header-display":"","ast-banner-title-visibility":"","ast-main-header-display":"","ast-hfb-above-header-display":"","ast-hfb-below-header-display":"","ast-hfb-mobile-header-display":"","site-post-title":"","ast-breadcrumbs-content":"","ast-featured-img":"","footer-sml-layout":"","theme-transparent-header-meta":"default","adv-header-id-meta":"","stick-header-meta":"","header-above-stick-meta":"","header-main-stick-meta":"","header-below-stick-meta":"","astra-migrate-meta-layouts":"set","ast-page-background-enabled":"default","ast-page-background-meta":{"desktop":{"background-color":"var(--ast-global-color-4)","background-image":"","background-repeat":"repeat","background-position":"center center","background-size":"auto","background-attachment":"scroll","background-type":"","background-media":"","overlay-type":"","overlay-color":"","overlay-opacity":"","overlay-gradient":""},"tablet":{"background-color":"","background-image":"","background-repeat":"repeat","background-position":"center center","background-size":"auto","background-attachment":"scroll","background-type":"","background-media":"","overlay-type":"","overlay-color":"","overlay-opacity":"","overlay-gradient":""},"mobile":{"background-color":"","background-image":"","background-repeat":"repeat","background-position":"center center","background-size":"auto","background-attachment":"scroll","background-type":"","background-media":"","overlay-type":"","overlay-color":"","overlay-opacity":"","overlay-gradient":""}},"ast-content-background-meta":{"desktop":{"background-color":"var(--ast-global-color-5)","background-image":"","background-repeat":"repeat","background-position":"center center","background-size":"auto","background-attachment":"scroll","background-type":"","background-media":"","overlay-type":"","overlay-color":"","overlay-opacity":"","overlay-gradient":""},"tablet":{"background-color":"var(--ast-global-color-5)","background-image":"","background-repeat":"repeat","background-position":"center center","background-size":"auto","background-attachment":"scroll","background-type":"","background-media":"","overlay-type":"","overlay-color":"","overlay-opacity":"","overlay-gradient":""},"mobile":{"background-color":"var(--ast-global-color-5)","background-image":"","background-repeat":"repeat","background-position":"center center","background-size":"auto","background-attachment":"scroll","background-type":"","background-media":"","overlay-type":"","overlay-color":"","overlay-opacity":"","overlay-gradient":""}},"_joinchat":[]},"product_brand":[],"product_cat":[15,25,123,26,28,135,27,137,136,30],"product_tag":[184,169,167,185,165,120],"class_list":{"0":"post-2518","1":"product","2":"type-product","3":"status-publish","4":"has-post-thumbnail","6":"product_cat-new-vape-this-week","7":"product_cat-germany-best-selling-vape","8":"product_cat-italy-wholesale-vape","9":"product_cat-netherlands-hot-sale-vape","10":"product_cat-poland-hot-sale-vape","11":"product_cat-spain-best-hot-sale-vape","12":"product_cat-fance-hot-sale-vape","13":"product_cat-rechargeable-vapes","14":"product_cat-smart-screen-vapes","15":"product_cat-minimum-order-quantity-50pcs","16":"product_tag-ainovo-vape","17":"product_tag-best-disposable-vape-2024","18":"product_tag-disposable-vape-with-screen","19":"product_tag-puff-22k","20":"product_tag-rechargeable-vapes","21":"product_tag-vape-wholesale","22":"desktop-align-left","23":"tablet-align-left","24":"mobile-align-left","26":"first","27":"instock","28":"sale","29":"shipping-taxable","30":"purchasable","31":"product-type-simple"},"uagb_featured_image_src":{"full":["https:\/\/rmvapesale.com\/wp-content\/uploads\/2024\/10\/Aivono-Aim-22000-Puffs-Smart-Screen-Disposable-Vape.jpg",800,800,false],"thumbnail":["https:\/\/rmvapesale.com\/wp-content\/uploads\/2024\/10\/Aivono-Aim-22000-Puffs-Smart-Screen-Disposable-Vape-150x150.jpg",150,150,true],"medium":["https:\/\/rmvapesale.com\/wp-content\/uploads\/2024\/10\/Aivono-Aim-22000-Puffs-Smart-Screen-Disposable-Vape-300x300.jpg",300,300,true],"medium_large":["https:\/\/rmvapesale.com\/wp-content\/uploads\/2024\/10\/Aivono-Aim-22000-Puffs-Smart-Screen-Disposable-Vape-768x768.jpg",768,768,true],"large":["https:\/\/rmvapesale.com\/wp-content\/uploads\/2024\/10\/Aivono-Aim-22000-Puffs-Smart-Screen-Disposable-Vape.jpg",800,800,false],"1536x1536":["https:\/\/rmvapesale.com\/wp-content\/uploads\/2024\/10\/Aivono-Aim-22000-Puffs-Smart-Screen-Disposable-Vape.jpg",800,800,false],"2048x2048":["https:\/\/rmvapesale.com\/wp-content\/uploads\/2024\/10\/Aivono-Aim-22000-Puffs-Smart-Screen-Disposable-Vape.jpg",800,800,false],"trp-custom-language-flag":["https:\/\/rmvapesale.com\/wp-content\/uploads\/2024\/10\/Aivono-Aim-22000-Puffs-Smart-Screen-Disposable-Vape.jpg",12,12,false],"woocommerce_thumbnail":["https:\/\/rmvapesale.com\/wp-content\/uploads\/2024\/10\/Aivono-Aim-22000-Puffs-Smart-Screen-Disposable-Vape-300x300.jpg",300,300,true],"woocommerce_single":["https:\/\/rmvapesale.com\/wp-content\/uploads\/2024\/10\/Aivono-Aim-22000-Puffs-Smart-Screen-Disposable-Vape-600x600.jpg",600,600,true],"woocommerce_gallery_thumbnail":["https:\/\/rmvapesale.com\/wp-content\/uploads\/2024\/10\/Aivono-Aim-22000-Puffs-Smart-Screen-Disposable-Vape-100x100.jpg",100,100,true],"wcpr-photo-reviews":["https:\/\/rmvapesale.com\/wp-content\/uploads\/2024\/10\/Aivono-Aim-22000-Puffs-Smart-Screen-Disposable-Vape.jpg",500,500,false]},"uagb_author_info":{"display_name":"AMY","author_link":"https:\/\/rmvapesale.com\/sk\/author\/"},"uagb_comment_info":0,"uagb_excerpt":"Aivono 22000 Puffs LED Screen Puff 22k rechargeable vapes Aivono Aim Fatpro 22000 Puffs Disposable Vape Cheap Price Wholesale Aivono Aim Fatpro 22000 Puffs Electronic Cigarette WhatsApp: +86 17776015835 &nbsp;","_links":{"self":[{"href":"https:\/\/rmvapesale.com\/sk\/wp-json\/wp\/v2\/product\/2518","targetHints":{"allow":["GET"]}}],"collection":[{"href":"https:\/\/rmvapesale.com\/sk\/wp-json\/wp\/v2\/product"}],"about":[{"href":"https:\/\/rmvapesale.com\/sk\/wp-json\/wp\/v2\/types\/product"}],"replies":[{"embeddable":true,"href":"https:\/\/rmvapesale.com\/sk\/wp-json\/wp\/v2\/comments?post=2518"}],"wp:featuredmedia":[{"embeddable":true,"href":"https:\/\/rmvapesale.com\/sk\/wp-json\/wp\/v2\/media\/2521"}],"wp:attachment":[{"href":"https:\/\/rmvapesale.com\/sk\/wp-json\/wp\/v2\/media?parent=2518"}],"wp:term":[{"taxonomy":"product_brand","embeddable":true,"href":"https:\/\/rmvapesale.com\/sk\/wp-json\/wp\/v2\/product_brand?post=2518"},{"taxonomy":"product_cat","embeddable":true,"href":"https:\/\/rmvapesale.com\/sk\/wp-json\/wp\/v2\/product_cat?post=2518"},{"taxonomy":"product_tag","embeddable":true,"href":"https:\/\/rmvapesale.com\/sk\/wp-json\/wp\/v2\/product_tag?post=2518"}],"curies":[{"name":"wp","href":"https:\/\/api.w.org\/{rel}","templated":true}]}}