{"id":2532,"date":"2024-10-23T09:07:59","date_gmt":"2024-10-23T09:07:59","guid":{"rendered":"https:\/\/rmvapesale.com\/?post_type=product&#038;p=2532"},"modified":"2024-10-23T09:52:00","modified_gmt":"2024-10-23T09:52:00","slug":"fumot-randm-tornado-30000-puffs-30k-music-disposable-vape","status":"publish","type":"product","link":"https:\/\/rmvapesale.com\/sk\/product\/fumot-randm-tornado-30000-puffs-30k-music-disposable-vape\/","title":{"rendered":"Fumot RandM Tornado 30000 potiahnut\u00ed 30K hudobn\u00fd jednorazov\u00fd vape"},"content":{"rendered":"<div class=\"B2VR9 CJHX3e\">\n<div class=\"wyccme\">\n<h1 class=\"LC20lb MBeuO DKV0Md\">Fumot RandM Tornado 30000 potiahnut\u00ed 30K hudobn\u00fd jednorazov\u00fd vape<\/h1>\n<div class=\"flex-shrink-0 flex flex-col relative items-end\">\n<div class=\"pt-0\">\n<div class=\"gizmo-bot-avatar flex h-8 w-8 items-center justify-center overflow-hidden rounded-full\">\n<div class=\"relative p-1 rounded-sm flex items-center justify-center bg-token-main-surface-primary text-token-text-primary h-8 w-8\">\n<p>The <strong>Fumot RandM Tornado 30000 potiahnut\u00ed 30K hudobn\u00fd jednorazov\u00fd vape<\/strong> je \u0161pi\u010dkov\u00e9 zariadenie navrhnut\u00e9 pre t\u00fdch, ktor\u00ed h\u013eadaj\u00fa dlh\u00fd a dynamick\u00fd z\u00e1\u017eitok z vapovania. S p\u00f4sobivou kapacitou a\u017e do <strong>30 000 potiahnut\u00ed<\/strong>, toto zariadenie vynik\u00e1 na trhu svojou dlhou \u017eivotnos\u0165ou, \u010do z neho rob\u00ed <strong>hor\u00faci predaj vape<\/strong> pre pr\u00edle\u017eitostn\u00fdch aj pravideln\u00fdch vaperov. Jeho 85<strong>0mAh nab\u00edjate\u013en\u00e1 bat\u00e9ria<\/strong> a <strong>nab\u00edjac\u00edm portom typu C<\/strong> zais\u0165uje r\u00fdchle a efekt\u00edvne dob\u00edjanie, v\u010faka \u010domu m\u00f4\u017eete vapova\u0165 dlh\u0161ie s minim\u00e1lnymi prestojmi.<\/p>\n<p>\u010co odli\u0161uje <strong>RandM Tornado 30000<\/strong> od ostatn\u00fdch, je jeho <strong>technol\u00f3gia mesh coil<\/strong>, ktor\u00fd poskytuje v\u00fdnimo\u010dn\u00fa <strong>chu\u0165 a produkciu pary<\/strong>, zais\u0165uje, \u017ee ka\u017ed\u00fd \u0165ah je bohat\u00fd a uspokojuj\u00faci. Okrem toho, zariadenie pon\u00faka z\u00e1bavn\u00fa a interakt\u00edvnu funkciu so <strong>synchroniz\u00e1ciou hudby<\/strong>, kde <strong>RGB svetl\u00e1 pulzuj\u00fa do rytmu va\u0161ich ob\u013e\u00faben\u00fdch mel\u00f3di\u00ed<\/strong>, \u010d\u00edm vytv\u00e1raj\u00fa pohlcuj\u00faci z\u00e1\u017eitok z vapovania, ktor\u00fd je ide\u00e1lny na ve\u010dierky alebo osobn\u00e9 pote\u0161enie.<\/p>\n<p>Dostupn\u00fd v <strong>jednorazov\u00fd vape s n\u00edzkym obsahom nikot\u00ednu<\/strong> mo\u017enosti, tento <strong>Fumot Tornado 30000<\/strong> uspokojuje r\u00f4zne preferencie, vr\u00e1tane t\u00fdch, ktor\u00ed h\u013eadaj\u00fa <strong>nab\u00edjate\u013en\u00e9 vapy<\/strong> s ni\u017e\u0161\u00edm obsahom nikot\u00ednu. V\u010faka kombin\u00e1cii vysok\u00e9ho po\u010dtu \u0165ahov, integr\u00e1cie hudby a pohodln\u00e9ho nab\u00edjania je <strong>Fumot Tornado 30K Music jednorazov\u00fd vape<\/strong> v\u00fdnimo\u010dn\u00fd na trhu, \u010do z neho rob\u00ed najlep\u0161iu vo\u013ebu pre vaperov na <strong>Slovensku.<\/strong><\/p>\n<p>Ide\u00e1lne pre t\u00fdch, ktor\u00ed si chc\u00fa <strong>k\u00fapi\u0165 Fumot vape 30000 \u0165ahov\u00e9 vapy<\/strong>, toto zariadenie pon\u00faka inov\u00e1ciu, chu\u0165 a z\u00e1bavu v jednom kompaktnom balen\u00ed.<\/p>\n<\/div>\n<\/div>\n<\/div>\n<\/div>\n<\/div>\n<\/div>\n<p><strong>Kontaktujte Amy pre spr\u00e1vnu odpove\u010f a vape kup\u00f3n!<\/strong><\/p>\n<p><img loading=\"lazy\" decoding=\"async\" class=\"size-full wp-image-1978\" src=\"https:\/\/rmvapesale.com\/wp-content\/uploads\/2024\/09\/Disposable-Vape-Wholesale.jpg\" alt=\"Jednorazov\u00fd vape ve\u013ekoobchod\" width=\"229\" height=\"300\" \/><\/p>\n<h3><a href=\"https:\/\/wa.me\/8617776015835\" target=\"_blank\" rel=\"noopener\"><span style=\"color: #ff0000\"><strong>WhatsApp: +86 17776015835<\/strong><\/span><\/a><\/h3>\n<p>&nbsp;<\/p>\n<h2><\/h2>\n<h2><strong>Fumot Tornado 30000 jednorazov\u00fd<\/strong><strong>\u00a0<\/strong><strong>K\u013e\u00fa\u010dov\u00e9 vlastnosti<\/strong><\/h2>\n<p>Zna\u010dka: RandM TORNADO 30000<br \/>\nE-liquid: 25ml<br \/>\nPo\u010det \u0165ahov: 30000<br \/>\n\u0160pir\u00e1lka: Mesh \u0161pir\u00e1lka<br \/>\nBat\u00e9ria: 850 mAh<br \/>\nPort: Typ-C<br \/>\nNikot\u00edn (obsah soli): Dostupn\u00fd v 0% 2% 3% 5%<br \/>\nPr\u00edchute: K dispoz\u00edcii v 30 r\u00f4znych pr\u00edchutiach<br \/>\nIn\u00e9: LED displej tancuj\u00faci s hudbou<\/p>\n<figure id=\"attachment_2526\" aria-describedby=\"caption-attachment-2526\" style=\"width: 808px\" class=\"wp-caption alignnone\"><img loading=\"lazy\" decoding=\"async\" class=\"wp-image-2526 size-full\" src=\"https:\/\/rmvapesale.com\/wp-content\/uploads\/2024\/10\/Fumot-RandM-Tornado-30000-Puffs-Vape.jpg\" alt=\"Fumot RandM Tornado 30000 Puffs Vape\" width=\"808\" height=\"808\" srcset=\"https:\/\/rmvapesale.com\/wp-content\/uploads\/2024\/10\/Fumot-RandM-Tornado-30000-Puffs-Vape.jpg 808w, https:\/\/rmvapesale.com\/wp-content\/uploads\/2024\/10\/Fumot-RandM-Tornado-30000-Puffs-Vape-300x300.jpg 300w, https:\/\/rmvapesale.com\/wp-content\/uploads\/2024\/10\/Fumot-RandM-Tornado-30000-Puffs-Vape-150x150.jpg 150w, https:\/\/rmvapesale.com\/wp-content\/uploads\/2024\/10\/Fumot-RandM-Tornado-30000-Puffs-Vape-768x768.jpg 768w, https:\/\/rmvapesale.com\/wp-content\/uploads\/2024\/10\/Fumot-RandM-Tornado-30000-Puffs-Vape-600x600.jpg 600w, https:\/\/rmvapesale.com\/wp-content\/uploads\/2024\/10\/Fumot-RandM-Tornado-30000-Puffs-Vape-100x100.jpg 100w\" sizes=\"auto, (max-width: 808px) 100vw, 808px\" \/><figcaption id=\"caption-attachment-2526\" class=\"wp-caption-text\">Fumot RandM Tornado 30000 Puffs Vape<\/figcaption><\/figure>\n<h2><strong>Najlep\u0161ia pr\u00edchu\u0165 pre Fumot RandM Tornado 30000<\/strong><\/h2>\n<p>T\u00e1to jednorazov\u00e1 e-cigareta RandM Tornado 30000 je navrhnut\u00e1 tak, aby s ka\u017ed\u00fdm \u0165ahom poskytla v\u00fdbuch ovocnej sladkosti, vr\u00e1tane pikantn\u00fdch citrusov, \u0161\u0165avnat\u00e9ho bobu\u013eov\u00e9ho ovocia a tropick\u00fdch t\u00f3nov<\/p>\n<p>1. Ban\u00e1nov\u00fd \u013ead<br \/>\n2. \u010cierny \u013ead<br \/>\n3. Modr\u00e1 malina s \u013eadomV<br \/>\n4. \u010cu\u010doriedka na \u013eade<br \/>\n5. \u010cu\u010doriedka Malina<span style=\"color: #ff0000\"><strong>&gt;&gt;&gt;&gt; Hor\u00face!<\/strong><\/span><br \/>\n6. Kysl\u00e1 \u010du\u010doriedka s malinou <span style=\"color: #ff0000\"><strong>&gt;&gt;&gt;&gt; Hor\u00face!<\/strong><\/span><br \/>\n7. \u010cere\u0161\u0148ov\u00fd \u013ead<br \/>\n8. \u010cere\u0161\u0148ov\u00e1 kola<br \/>\n9. Kolov\u00fd \u013ead<br \/>\n10. Chladiv\u00e1 m\u00e4ta<br \/>\n11. Dvojit\u00e9 jablko<br \/>\n12. Dr. Modr\u00e1 <span style=\"color: #ff0000\"><strong>&gt;&gt;&gt;&gt; Najlep\u0161ie!<\/strong><\/span><br \/>\n13. Hroznov\u00fd \u013ead<br \/>\n14. Nanuk<br \/>\n15. Kiwi Marakuja Guava<br \/>\n16. L\u00e1ska 66<br \/>\n17. Svie\u017ei \u013ead<br \/>\n18. Zmie\u0161an\u00e9 bobule<br \/>\n19. Brosky\u0148a a bobu\u013eov\u00e9 ovocie<br \/>\n20. Brosky\u0148a s \u013eadom<br \/>\n21. Brosky\u0148a, Mango a Anan\u00e1s<br \/>\n22. Anan\u00e1s s \u013eadom<br \/>\n23. Ru\u017eov\u00e1 limon\u00e1da<br \/>\n24. Skittles<br \/>\n25. Jahoda a Ban\u00e1n<br \/>\n26. Jahoda a Hrozno<br \/>\n27. Jahoda s \u013eadom<br \/>\n28. Jahoda a Vodn\u00fd mel\u00f3n<br \/>\n29. Trojit\u00e9 Mango<br \/>\n30. Vimto<span style=\"color: #ff0000\"><strong>&gt;&gt;&gt;&gt; Hor\u00face!<\/strong><\/span><\/p>\n<p>&nbsp;<\/p>\n<p>&nbsp;<\/p>\n<h3><strong>Pre\u010do si vybra\u0165 Rmvapesale pre RandM Tornado 30000<\/strong><strong>?<\/strong><\/h3>\n<div class=\"flex-shrink-0 flex flex-col relative items-end\">\n<div class=\"pt-0\">\n<div class=\"gizmo-bot-avatar flex h-8 w-8 items-center justify-center overflow-hidden rounded-full\">\n<div class=\"relative p-1 rounded-sm flex items-center justify-center bg-token-main-surface-primary text-token-text-primary h-8 w-8\">\n<p>&nbsp;<\/p>\n<p>Ke\u010f si vyberiete Rmvapesale pre va\u0161e ve\u013ekoobchodn\u00e9 potreby s jednorazov\u00fdmi vapmi, z\u00edskate:<\/p>\n<ul>\n<li><strong>Konkuren\u010dn\u00e1 cena<\/strong>: Z\u00edskajte pr\u00edstup k atrakt\u00edvnym ve\u013ekoobchodn\u00fdm cen\u00e1m, ktor\u00e9 zv\u00fd\u0161ia mar\u017ee v\u00e1\u0161ho podnikania.<\/li>\n<li><strong>Vysok\u00e1 kvalita<\/strong>: Na\u0161e vapy s\u00fa vyr\u00e1ban\u00e9 pod\u013ea najvy\u0161\u0161\u00edch \u0161tandardov a <span style=\"color: #ff0000\"><strong>zaru\u010dene 100% origin\u00e1lne a autentick\u00e9, alebo v\u00e1m poskytneme 10-n\u00e1sobn\u00fa kompenz\u00e1ciu za falo\u0161n\u00fd tovar!<\/strong><\/span><\/li>\n<li><strong>Vynikaj\u00faci z\u00e1kazn\u00edcky servis<\/strong>: N\u00e1\u0161 oddan\u00fd t\u00edm je v\u017edy pripraven\u00fd v\u00e1m pom\u00f4c\u0165, v\u010faka \u010domu bude v\u00e1\u0161 n\u00e1kupn\u00fd proces plynul\u00fd a bezprobl\u00e9mov\u00fd.<\/li>\n<li><strong>R\u00fdchle<\/strong>: O\u010dak\u00e1vajte r\u00fdchle a spo\u013eahliv\u00e9 doru\u010denie, ktor\u00e9 zaist\u00ed, \u017ee va\u0161e objedn\u00e1vky dorazia v\u017edy na\u010das.<\/li>\n<\/ul>\n<\/div>\n<h3><\/h3>\n<div class=\"relative p-1 rounded-sm flex items-center justify-center bg-token-main-surface-primary text-token-text-primary h-8 w-8\">\n<h3><b>\u010cast\u00e9 ot\u00e1zky<\/b><\/h3>\n<p>&nbsp;<\/p>\n<ul>\n<li><strong>Ako pou\u017e\u00edva\u0165 jednorazov\u00e9 vape pero Fumot 30k?<\/strong><br \/>\nAk chcete pou\u017ei\u0165 jednorazov\u00fd vape Fumot RandM Tornado 30000 Puffs, jednoducho vyberte zariadenie z obalu, vd\u00fdchnite cez n\u00e1ustok a automaticky sa aktivuje. Vychutnajte si bohat\u00fa paru produkovan\u00fa technol\u00f3giou mesh coil. Zariadenie je tie\u017e vybaven\u00e9 RGB svetlami, ktor\u00e9 sa synchronizuj\u00fa s hudbou, \u010do umoc\u0148uje z\u00e1\u017eitok z vapovania.<\/li>\n<li><strong>Ako nab\u00edja\u0165 jednorazov\u00fd vape Fumot RandM Tornado 30000 Puffs<\/strong><br \/>\nFumot RandM Tornado 30000 je nab\u00edjate\u013en\u00fd. Dod\u00e1va sa s 850mAh bat\u00e9riou a je vybaven\u00fd nab\u00edjac\u00edm portom typu C. Ak chcete zariadenie nabi\u0165, pripojte ho k zdroju nap\u00e1jania pomocou k\u00e1bla typu C a bat\u00e9ria sa r\u00fdchlo a efekt\u00edvne nabije.<\/li>\n<li><strong>Ko\u013eko nikot\u00ednu je vo Fumot Vape RandM Tornado 30000<\/strong><br \/>\nFumot RandM Tornado 30000 je k dispoz\u00edcii v mo\u017enostiach jednorazov\u00fdch vapov s n\u00edzkym obsahom nikot\u00ednu, 0 %, 2 %, 5 %.<\/li>\n<li><strong>Ako zisti\u0165, kedy je vape pr\u00e1zdny<\/strong><br \/>\nFumot RandM Tornado 30000 nem\u00e1 displej na zobrazenie hladiny e-liquidu, ale m\u00f4\u017eete zisti\u0165, kedy je pr\u00e1zdny, pod\u013ea zn\u00ed\u017eenia chuti a produkcie pary. Ke\u010f para zoslabne alebo chu\u0165 vybledne, pravdepodobne to znamen\u00e1, \u017ee e-liquid doch\u00e1dza, aj ke\u010f je bat\u00e9ria st\u00e1le nabit\u00e1.<\/li>\n<li><strong>Ako dlho m\u00e1m nab\u00edja\u0165 svoj RandM Tornado 30000?<\/strong><br \/>\nPresn\u00e1 doba nab\u00edjania z\u00e1vis\u00ed od zdroja energie, ale v\u010faka mo\u017enosti nab\u00edjania Type-C by sa mal Fumot RandM Tornado 30000 nab\u00edja\u0165 pomerne r\u00fdchlo. Najlep\u0161ie je sledova\u0165 indik\u00e1tor nab\u00edjania (ak je k dispoz\u00edcii) alebo monitorova\u0165 zariadenie po\u010das nab\u00edjania, aby sa predi\u0161lo preb\u00edjaniu.<\/li>\n<li><strong>Kde si m\u00f4\u017eem k\u00fapi\u0165 jednorazov\u00fd vape Fumot RandM Tornado 30000<\/strong><br \/>\nJednorazov\u00fd vape Fumot RandM Tornado 30000 Puffs je mo\u017en\u00e9 zak\u00fapi\u0165 u predajcov a v online vape shopoch, ktor\u00e9 pon\u00fakaj\u00fa pr\u00e9miov\u00e9 jednorazov\u00e9 vapy.<\/li>\n<\/ul>\n<\/div>\n<\/div>\n<\/div>\n<\/div>\n<h3>O doru\u010den\u00ed<\/h3>\n<div class=\"flex-shrink-0 flex flex-col relative items-end\">\n<div>\n<div class=\"pt-0\">\n<div class=\"gizmo-bot-avatar flex h-8 w-8 items-center justify-center overflow-hidden rounded-full\">\n<div><\/div>\n<div class=\"relative p-1 rounded-sm flex items-center justify-center bg-token-main-surface-primary text-token-text-primary h-8 w-8\"><strong>1. Ak\u00e9 sp\u00f4soby doru\u010denia pou\u017e\u00edvate?<\/strong><\/div>\n<\/div>\n<\/div>\n<\/div>\n<\/div>\n<div class=\"group\/conversation-turn relative flex w-full min-w-0 flex-col agent-turn\">\n<div class=\"flex-col gap-1 md:gap-3\">\n<div class=\"flex max-w-full flex-col flex-grow\">\n<div class=\"min-h-[20px] text-message flex w-full flex-col items-end gap-2 whitespace-normal break-words [.text-message+&amp;]:mt-5 overflow-x-auto\" dir=\"auto\" data-message-author-role=\"assistant\" data-message-id=\"22f8283b-3233-46ff-89a5-c7a41b33abda\">\n<div class=\"flex w-full flex-col gap-1 empty:hidden first:pt-[3px]\">\n<div class=\"markdown prose w-full break-words dark:prose-invert light\">\n<p>Spolupracujeme so spolo\u010dnos\u0165ami UPS, DHL, FedEx, DPD a \u010fal\u0161\u00edmi popredn\u00fdmi dopravcami. Vyberieme najlep\u0161\u00ed sp\u00f4sob doru\u010denia na z\u00e1klade va\u0161ej adresy, aby sme zaistili, \u017ee svoje produkty dostanete \u010do najr\u00fdchlej\u0161ie.<\/p>\n<\/div>\n<p><strong>2. Ako dlho trv\u00e1 doru\u010denie?<\/strong><\/p>\n<p>Bal\u00edky doru\u010dovan\u00e9 na Slovensko zvy\u010dajne dorazia do 10 pracovn\u00fdch dn\u00ed. Doru\u010denie do eur\u00f3pskych kraj\u00edn zvy\u010dajne trv\u00e1 asi 12-15 pracovn\u00fdch dn\u00ed. Budeme v\u00e1s informova\u0165 o stave doru\u010denia v re\u00e1lnom \u010dase.<\/p>\n<\/div>\n<\/div>\n<\/div>\n<\/div>\n<\/div>\n<p>&nbsp;<\/p>\n<p>\u010eal\u0161ie hor\u00face vapy, ktor\u00e9 by sa v\u00e1m mohli p\u00e1\u010di\u0165:<\/p>\n<p><a href=\"https:\/\/rmvapesale.com\/sk\/product\/randm-tornado-15000-puffs-15k-vape-recharge-fumot-original-vape-factory-price\/\"><strong>Randm Vape 15000 potiahnut\u00ed\u00a0 \u00a0<span style=\"color: #ff0000\">&gt;&gt;&gt;&gt; \u00eds\u0165!<\/span><\/strong><\/a><\/p>\n<p><strong><a href=\"https:\/\/rmvapesale.com\/sk\/product\/aivono-22000-rechargeable-vapes-with-display-screen\/\">Aivono Aim Fatpro 22000 potiahnut\u00ed <span style=\"color: #ff0000\">&gt;&gt;&gt;&gt; \u00eds\u0165!<\/span><\/a>\u00a0<\/strong><\/p>\n<p><a href=\"https:\/\/rmvapesale.com\/sk\/product\/original-randm-vape-digital-puff-12000-fumot-factory-price\/\"><strong>Fumot Vape 12000 potiahnut\u00ed <span style=\"color: #ff0000\">&gt;&gt;&gt;&gt; \u00eds\u0165!<\/span><\/strong><\/a><\/p>\n<p>&nbsp;<\/p>\n<p>&nbsp;<\/p>\n<p>N\u00e1jdite \u010fal\u0161ie vape produkty, ktor\u00e9 by sa v\u00e1m mohli p\u00e1\u010di\u0165:<strong><em><a href=\"https:\/\/rmvapesale.com\/sk\/shop-2\/\">nakupova\u0165 teraz &gt;&gt;&gt;<\/a><\/em><\/strong><\/p>","protected":false},"excerpt":{"rendered":"<p>Fumot RandM Tornado 30000 Puffs Jednorazov\u00fd vape Ve\u013ekoobchod<br \/>\nRandM Tornado 30000 hudobn\u00fd 30k Nab\u00edjate\u013en\u00fd vape pr\u00edchu\u0165<br \/>\nRandm Fumot Tornado 30000 Puffs Hudobn\u00fd 0% 2% 5%<\/p>\n<p><img loading=\"lazy\" decoding=\"async\" class=\"size-full wp-image-2375\" src=\"https:\/\/rmvapesale.com\/wp-content\/uploads\/2024\/10\/image.png\" alt=\"Najlep\u0161\u00ed jednorazov\u00fd vape\" width=\"229\" height=\"300\" \/><\/p>\n<h3><a href=\"https:\/\/wa.me\/8617776015835\"><span style=\"color: #ff0000\"><strong>WhatsApp: +86 17776015835<\/strong><\/span><\/a><\/h3>\n<p>&nbsp;<\/p>","protected":false},"featured_media":2531,"comment_status":"open","ping_status":"closed","template":"","meta":{"_uag_custom_page_level_css":"","_lmt_disableupdate":"no","_lmt_disable":"","site-sidebar-layout":"default","site-content-layout":"content-boxed-container","ast-site-content-layout":"normal-width-container","site-content-style":"boxed","site-sidebar-style":"unboxed","ast-global-header-display":"","ast-banner-title-visibility":"","ast-main-header-display":"","ast-hfb-above-header-display":"","ast-hfb-below-header-display":"","ast-hfb-mobile-header-display":"","site-post-title":"","ast-breadcrumbs-content":"","ast-featured-img":"","footer-sml-layout":"","ast-disable-related-posts":"","theme-transparent-header-meta":"default","adv-header-id-meta":"","stick-header-meta":"","header-above-stick-meta":"","header-main-stick-meta":"","header-below-stick-meta":"","astra-migrate-meta-layouts":"set","ast-page-background-enabled":"default","ast-page-background-meta":{"desktop":{"background-color":"var(--ast-global-color-4)","background-image":"","background-repeat":"repeat","background-position":"center center","background-size":"auto","background-attachment":"scroll","background-type":"","background-media":"","overlay-type":"","overlay-color":"","overlay-opacity":"","overlay-gradient":""},"tablet":{"background-color":"","background-image":"","background-repeat":"repeat","background-position":"center center","background-size":"auto","background-attachment":"scroll","background-type":"","background-media":"","overlay-type":"","overlay-color":"","overlay-opacity":"","overlay-gradient":""},"mobile":{"background-color":"","background-image":"","background-repeat":"repeat","background-position":"center center","background-size":"auto","background-attachment":"scroll","background-type":"","background-media":"","overlay-type":"","overlay-color":"","overlay-opacity":"","overlay-gradient":""}},"ast-content-background-meta":{"desktop":{"background-color":"var(--ast-global-color-5)","background-image":"","background-repeat":"repeat","background-position":"center center","background-size":"auto","background-attachment":"scroll","background-type":"","background-media":"","overlay-type":"","overlay-color":"","overlay-opacity":"","overlay-gradient":""},"tablet":{"background-color":"var(--ast-global-color-5)","background-image":"","background-repeat":"repeat","background-position":"center center","background-size":"auto","background-attachment":"scroll","background-type":"","background-media":"","overlay-type":"","overlay-color":"","overlay-opacity":"","overlay-gradient":""},"mobile":{"background-color":"var(--ast-global-color-5)","background-image":"","background-repeat":"repeat","background-position":"center center","background-size":"auto","background-attachment":"scroll","background-type":"","background-media":"","overlay-type":"","overlay-color":"","overlay-opacity":"","overlay-gradient":""}},"_joinchat":[]},"product_brand":[],"product_cat":[15,27,51,25,123,30,26,28,31,137,136,135],"product_tag":[146,155,186,38,165,166,120],"class_list":{"0":"post-2532","1":"product","2":"type-product","3":"status-publish","4":"has-post-thumbnail","6":"product_cat-new-vape-this-week","7":"product_cat-fance-hot-sale-vape","8":"product_cat-fumot-vape","9":"product_cat-germany-best-selling-vape","10":"product_cat-italy-wholesale-vape","11":"product_cat-minimum-order-quantity-50pcs","12":"product_cat-netherlands-hot-sale-vape","13":"product_cat-poland-hot-sale-vape","14":"product_cat-randm-fumot-vape","15":"product_cat-rechargeable-vapes","16":"product_cat-smart-screen-vapes","17":"product_cat-spain-best-hot-sale-vape","18":"product_tag-best-hot-sale-vape","19":"product_tag-digital-display-box","20":"product_tag-fumot-30k","21":"product_tag-randm-vape","22":"product_tag-rechargeable-vapes","23":"product_tag-tornado-vape","24":"product_tag-vape-wholesale","25":"desktop-align-left","26":"tablet-align-left","27":"mobile-align-left","29":"first","30":"instock","31":"sale","32":"shipping-taxable","33":"purchasable","34":"product-type-simple"},"uagb_featured_image_src":{"full":["https:\/\/rmvapesale.com\/wp-content\/uploads\/2024\/10\/RandM-Tornado-30000-Puffs-Vape.jpg",808,808,false],"thumbnail":["https:\/\/rmvapesale.com\/wp-content\/uploads\/2024\/10\/RandM-Tornado-30000-Puffs-Vape-150x150.jpg",150,150,true],"medium":["https:\/\/rmvapesale.com\/wp-content\/uploads\/2024\/10\/RandM-Tornado-30000-Puffs-Vape-300x300.jpg",300,300,true],"medium_large":["https:\/\/rmvapesale.com\/wp-content\/uploads\/2024\/10\/RandM-Tornado-30000-Puffs-Vape-768x768.jpg",768,768,true],"large":["https:\/\/rmvapesale.com\/wp-content\/uploads\/2024\/10\/RandM-Tornado-30000-Puffs-Vape.jpg",808,808,false],"1536x1536":["https:\/\/rmvapesale.com\/wp-content\/uploads\/2024\/10\/RandM-Tornado-30000-Puffs-Vape.jpg",808,808,false],"2048x2048":["https:\/\/rmvapesale.com\/wp-content\/uploads\/2024\/10\/RandM-Tornado-30000-Puffs-Vape.jpg",808,808,false],"trp-custom-language-flag":["https:\/\/rmvapesale.com\/wp-content\/uploads\/2024\/10\/RandM-Tornado-30000-Puffs-Vape.jpg",12,12,false],"woocommerce_thumbnail":["https:\/\/rmvapesale.com\/wp-content\/uploads\/2024\/10\/RandM-Tornado-30000-Puffs-Vape-300x300.jpg",300,300,true],"woocommerce_single":["https:\/\/rmvapesale.com\/wp-content\/uploads\/2024\/10\/RandM-Tornado-30000-Puffs-Vape-600x600.jpg",600,600,true],"woocommerce_gallery_thumbnail":["https:\/\/rmvapesale.com\/wp-content\/uploads\/2024\/10\/RandM-Tornado-30000-Puffs-Vape-100x100.jpg",100,100,true],"wcpr-photo-reviews":["https:\/\/rmvapesale.com\/wp-content\/uploads\/2024\/10\/RandM-Tornado-30000-Puffs-Vape.jpg",500,500,false]},"uagb_author_info":{"display_name":"AMY","author_link":"https:\/\/rmvapesale.com\/sk\/author\/"},"uagb_comment_info":0,"uagb_excerpt":"Fumot RandM Tornado 30000 Puffs Disposable Vape Wholesale RandM Tornado 30000 music 30k Rechargeable Vape Flavor Randm Fumot Tornado 30000 Puffs Music 0% 2% 5% WhatsApp: +86 17776015835 &nbsp;","_links":{"self":[{"href":"https:\/\/rmvapesale.com\/sk\/wp-json\/wp\/v2\/product\/2532","targetHints":{"allow":["GET"]}}],"collection":[{"href":"https:\/\/rmvapesale.com\/sk\/wp-json\/wp\/v2\/product"}],"about":[{"href":"https:\/\/rmvapesale.com\/sk\/wp-json\/wp\/v2\/types\/product"}],"replies":[{"embeddable":true,"href":"https:\/\/rmvapesale.com\/sk\/wp-json\/wp\/v2\/comments?post=2532"}],"wp:featuredmedia":[{"embeddable":true,"href":"https:\/\/rmvapesale.com\/sk\/wp-json\/wp\/v2\/media\/2531"}],"wp:attachment":[{"href":"https:\/\/rmvapesale.com\/sk\/wp-json\/wp\/v2\/media?parent=2532"}],"wp:term":[{"taxonomy":"product_brand","embeddable":true,"href":"https:\/\/rmvapesale.com\/sk\/wp-json\/wp\/v2\/product_brand?post=2532"},{"taxonomy":"product_cat","embeddable":true,"href":"https:\/\/rmvapesale.com\/sk\/wp-json\/wp\/v2\/product_cat?post=2532"},{"taxonomy":"product_tag","embeddable":true,"href":"https:\/\/rmvapesale.com\/sk\/wp-json\/wp\/v2\/product_tag?post=2532"}],"curies":[{"name":"wp","href":"https:\/\/api.w.org\/{rel}","templated":true}]}}