{"id":2547,"date":"2024-10-25T02:22:52","date_gmt":"2024-10-25T02:22:52","guid":{"rendered":"https:\/\/rmvapesale.com\/?post_type=product&#038;p=2547"},"modified":"2024-10-25T03:03:28","modified_gmt":"2024-10-25T03:03:28","slug":"rechargeable-vape-vapme-spacex-22000-puff-wholesale","status":"publish","type":"product","link":"https:\/\/rmvapesale.com\/sk\/product\/rechargeable-vape-vapme-spacex-22000-puff-wholesale\/","title":{"rendered":"Nab\u00edjate\u013en\u00e1 vape Vapme Spacex 22000 potiahnut\u00ed Ve\u013ekoobchod"},"content":{"rendered":"<div class=\"B2VR9 CJHX3e\">\n<div class=\"wyccme\">\n<h1 class=\"LC20lb MBeuO DKV0Md\">Nab\u00edjate\u013en\u00e1 vape Vapme Spacex 22000 potiahnut\u00ed Ve\u013ekoobchod<\/h1>\n<div class=\"flex-shrink-0 flex flex-col relative items-end\">\n<div class=\"pt-0\">\n<div class=\"gizmo-bot-avatar flex h-8 w-8 items-center justify-center overflow-hidden rounded-full\">\n<div class=\"relative p-1 rounded-sm flex items-center justify-center bg-token-main-surface-primary text-token-text-primary h-8 w-8\">\n<p>Nab\u00edjate\u013en\u00e1 Vape <strong>Vapme Spacex 22000 potiahnut\u00ed<\/strong> je pr\u00e9miov\u00fd<strong> smart\u00a0jednorazov\u00e1 vape<\/strong> navrhnut\u00e1 pre pou\u017e\u00edvate\u013eov h\u013eadaj\u00facich dlh\u00e9 vapingov\u00e9 sedenia a pohodlie. S p\u00f4sobiv\u00fdm <strong>30mL kapacitou vape \u0161\u0165avy<\/strong> a schopnos\u0165ou doda\u0165 viac ako <strong>22 000 po\u0165ahov<\/strong>, toto zariadenie je postaven\u00e9 na dlh\u00fa \u017eivotnos\u0165 a spokojnos\u0165. Jeho <strong>850mAh bat\u00e9riou<\/strong>, nab\u00edjate\u013en\u00e9 cez <strong>Port typu C<\/strong>, zabezpe\u010duje, \u017ee si m\u00f4\u017eete vychutna\u0165 svoje ob\u013e\u00faben\u00e9 pr\u00edchute bez preru\u0161enia, \u010do ho rob\u00ed ide\u00e1lnym pre be\u017en\u00fdch vaperov aj intenz\u00edvnych pou\u017e\u00edvate\u013eov. Vybaven\u00e9 s <strong>0,8 ohmovou sie\u0165ovou cievkou<\/strong>, tento <strong>dob\u00edjac\u00ed vaporiz\u00e9r<\/strong>\u00a0poskytuje optim\u00e1lnu produkciu pary, zabezpe\u010duje, \u017ee ka\u017ed\u00fd \u0165ah je bohat\u00fd na chu\u0165 a hladk\u00fd pri n\u00e1dychu.<\/p>\n<p>The <strong>LED displeji<\/strong> je \u010fal\u0161ou v\u00fdnimo\u010dnou vlastnos\u0165ou, ktor\u00e1 umo\u017e\u0148uje pou\u017e\u00edvate\u013eom \u013eahko sledova\u0165 \u017eivotnos\u0165 bat\u00e9rie a \u00farove\u0148 e-\u0161\u0165avy na prv\u00fd poh\u013ead, s vysokokvalitnou technol\u00f3giou, ktor\u00e1 ju odli\u0161uje od in\u00fdch <strong>jednorazov\u00fd vape s obrazovkou<\/strong>. Tento <strong>jednorazov\u00fd vape s n\u00edzkym obsahom nikot\u00ednu <\/strong>\u00a0prich\u00e1dzaj\u00fa s 2% nikot\u00ednovou silou pre pou\u017e\u00edvate\u013eov h\u013eadaj\u00facich jemnej\u0161\u00ed z\u00e1\u017eitok, a mo\u017enos\u0165\u00a0<strong>5% nikot\u00edn <\/strong>vyhovie vaperom, ktor\u00ed chc\u00fa silnej\u0161\u00ed z\u00e1\u017eitok.<\/p>\n<p>The <strong>Vapme 22000<\/strong> je ide\u00e1lny pre <strong>ve\u013ekoobchodn\u00e9 vapes<\/strong>, \u010do z neho rob\u00ed perfektn\u00fa vo\u013ebu pre predajcov, ktor\u00ed chc\u00fa z\u00e1sobi\u0165 sa produktmi s vysokou dopytom. Jeho ve\u013ek\u00e1 kapacita, nab\u00edjate\u013en\u00e1 bat\u00e9ria a rozmanitos\u0165 pr\u00edchut\u00ed ho robia <strong>ob\u013e\u00fabenou vape<\/strong> v vn\u00fatri <strong>jednorazov\u00fd vape<\/strong> trh, poskytuj\u00faci kvalitu aj pohodlie v jednom elegantnom balen\u00ed.<\/p>\n<\/div>\n<\/div>\n<\/div>\n<\/div>\n<\/div>\n<\/div>\n<p><strong>Kontaktujte Amy pre spr\u00e1vnu odpove\u010f a vape kup\u00f3n!<\/strong><\/p>\n<p><img loading=\"lazy\" decoding=\"async\" class=\"size-full wp-image-1978\" src=\"https:\/\/rmvapesale.com\/wp-content\/uploads\/2024\/09\/Disposable-Vape-Wholesale.jpg\" alt=\"Jednorazov\u00fd vape ve\u013ekoobchod\" width=\"229\" height=\"300\" \/><\/p>\n<h3><a href=\"https:\/\/wa.me\/8617776015835\" target=\"_blank\" rel=\"noopener\"><span style=\"color: #ff0000\"><strong>WhatsApp: +86 17776015835<\/strong><\/span><\/a><\/h3>\n<p>&nbsp;<\/p>\n<h2><\/h2>\n<h2><strong>Vapme 22000 <\/strong><strong>Nab\u00edjate\u013en\u00e1 Vapa<\/strong><strong>\u00a0<\/strong><strong>K\u013e\u00fa\u010dov\u00e9 vlastnosti<\/strong><\/h2>\n<p>Zna\u010dka: Vapme Vape<br \/>\nBat\u00e9ria: 850mAh, port typu C<br \/>\nKapacita: 30 ml e-liquid<br \/>\nCievka: 0,8 ohmov\u00e1 sie\u0165ov\u00e1 cievka<br \/>\nPufy: viac ako 22000 pufov<br \/>\nNikot\u00edn:2%\/5%<br \/>\nLED displej pre bat\u00e9riu a ejuice<\/p>\n<h2><strong>Najlep\u0161ia pr\u00edchu\u0165 pre <\/strong><strong>Nab\u00edjate\u013en\u00e1 Vapa <\/strong><strong>Vapme 22000 <\/strong><strong>Po\u010det \u0165ahov\u00a0<\/strong><\/h2>\n<p>Tento <strong>box vape<\/strong> pon\u00faka <strong>12 zauj\u00edmav\u00fdch pr\u00edchutiach<\/strong>, od v\u00fdraznej chuti <strong>Modr\u00e1 malinov\u00e1 limon\u00e1da<\/strong> po osvie\u017euj\u00facu chladivos\u0165 <strong>Vodn\u00fd mel\u00f3n \u013dad<\/strong> a tropick\u00fa zmes <strong>Mango Brosky\u0148a Anan\u00e1s<\/strong>. \u010ci u\u017e d\u00e1vate prednos\u0165 sladk\u00fdm, ovocn\u00fdm alebo \u013eadov\u00fdm pr\u00edchutiam, Vapme Spacex m\u00e1 nie\u010do pre ka\u017ed\u00e9ho.<\/p>\n<p>Modr\u00e1 malinov\u00e1 limon\u00e1da<span style=\"color: #ff0000\"><strong>&gt;&gt;&gt;&gt; Hor\u00face!<\/strong><\/span><br \/>\n2.Brosky\u0148a \u013ead<br \/>\n3.Mel\u00f3nov\u00fd \u013ead <span style=\"color: #ff0000\"><strong>&gt;&gt;&gt;&gt; Hor\u00face!<\/strong><\/span><br \/>\n4. \u010cu\u010doriedka malinov\u00e1<br \/>\n\u010cere\u0161\u0148ov\u00e1 zmrzlina<br \/>\n6.Jahodov\u00fd \u013ead<br \/>\n7. Jahodovo-mel\u00f3nov\u00e1<br \/>\nMango, brosky\u0148a, anan\u00e1s <span style=\"color: #ff0000\"><strong>&gt;&gt;&gt;&gt; Najlep\u0161ie!<\/strong><\/span><br \/>\n9.Jahoda kivi<br \/>\n10. Kiwi, marakuja, guava<br \/>\nEnergetick\u00fd n\u00e1poj<br \/>\n12. Love 66<\/p>\n<figure id=\"attachment_2542\" aria-describedby=\"caption-attachment-2542\" style=\"width: 800px\" class=\"wp-caption alignnone\"><img loading=\"lazy\" decoding=\"async\" class=\"wp-image-2542 size-full\" src=\"https:\/\/rmvapesale.com\/wp-content\/uploads\/2024\/10\/Disposable-Vape-Vapme-22000-Puffs-Price.jpg\" alt=\"Jednorazov\u00e1 vapka Vapme 22000 potiahnut\u00ed Cena\" width=\"800\" height=\"800\" srcset=\"https:\/\/rmvapesale.com\/wp-content\/uploads\/2024\/10\/Disposable-Vape-Vapme-22000-Puffs-Price.jpg 800w, https:\/\/rmvapesale.com\/wp-content\/uploads\/2024\/10\/Disposable-Vape-Vapme-22000-Puffs-Price-300x300.jpg 300w, https:\/\/rmvapesale.com\/wp-content\/uploads\/2024\/10\/Disposable-Vape-Vapme-22000-Puffs-Price-150x150.jpg 150w, https:\/\/rmvapesale.com\/wp-content\/uploads\/2024\/10\/Disposable-Vape-Vapme-22000-Puffs-Price-768x768.jpg 768w, https:\/\/rmvapesale.com\/wp-content\/uploads\/2024\/10\/Disposable-Vape-Vapme-22000-Puffs-Price-600x600.jpg 600w, https:\/\/rmvapesale.com\/wp-content\/uploads\/2024\/10\/Disposable-Vape-Vapme-22000-Puffs-Price-100x100.jpg 100w\" sizes=\"auto, (max-width: 800px) 100vw, 800px\" \/><figcaption id=\"caption-attachment-2542\" class=\"wp-caption-text\">Jednorazov\u00e1 vapka Vapme 22000 potiahnut\u00ed Cena<\/figcaption><\/figure>\n<p>&nbsp;<\/p>\n<h3><strong>Pre\u010do si vybra\u0165 Rmvapesale pre Vapme 22000 Pufov<\/strong><strong>?<\/strong><\/h3>\n<div class=\"flex-shrink-0 flex flex-col relative items-end\">\n<div class=\"pt-0\">\n<div class=\"gizmo-bot-avatar flex h-8 w-8 items-center justify-center overflow-hidden rounded-full\">\n<div class=\"relative p-1 rounded-sm flex items-center justify-center bg-token-main-surface-primary text-token-text-primary h-8 w-8\">\n<p>&nbsp;<\/p>\n<p>Ke\u010f si vyberiete Rmvapesale pre va\u0161e ve\u013ekoobchodn\u00e9 potreby s jednorazov\u00fdmi vapmi, z\u00edskate:<\/p>\n<ul>\n<li><strong>Konkuren\u010dn\u00e1 cena<\/strong>: Z\u00edskajte pr\u00edstup k atrakt\u00edvnym ve\u013ekoobchodn\u00fdm cen\u00e1m, ktor\u00e9 zv\u00fd\u0161ia mar\u017ee v\u00e1\u0161ho podnikania.<\/li>\n<li><strong>Vysok\u00e1 kvalita<\/strong>: Na\u0161e vapy s\u00fa vyr\u00e1ban\u00e9 pod\u013ea najvy\u0161\u0161\u00edch \u0161tandardov a <span style=\"color: #ff0000\"><strong>zaru\u010dene 100% origin\u00e1lne a autentick\u00e9, alebo v\u00e1m poskytneme 10-n\u00e1sobn\u00fa kompenz\u00e1ciu za falo\u0161n\u00fd tovar!<\/strong><\/span><\/li>\n<li><strong>Vynikaj\u00faci z\u00e1kazn\u00edcky servis<\/strong>: N\u00e1\u0161 oddan\u00fd t\u00edm je v\u017edy pripraven\u00fd v\u00e1m pom\u00f4c\u0165, v\u010faka \u010domu bude v\u00e1\u0161 n\u00e1kupn\u00fd proces plynul\u00fd a bezprobl\u00e9mov\u00fd.<\/li>\n<li><strong>R\u00fdchle<\/strong>: O\u010dak\u00e1vajte r\u00fdchle a spo\u013eahliv\u00e9 doru\u010denie, ktor\u00e9 zaist\u00ed, \u017ee va\u0161e objedn\u00e1vky dorazia v\u017edy na\u010das.<\/li>\n<\/ul>\n<\/div>\n<h3><\/h3>\n<div class=\"relative p-1 rounded-sm flex items-center justify-center bg-token-main-surface-primary text-token-text-primary h-8 w-8\">\n<h3><b>Dob\u00edjate\u013en\u00e1 vaporiz\u00e9r Vapme 22000 \u010cASTO KLADEN\u00c9 OT\u00c1ZKY<\/b><\/h3>\n<ul>\n<li><strong>Ako nab\u00edja\u0165 Vapme Spacex 22000 dob\u00edjate\u013en\u00fa jednorazov\u00fa vape<\/strong><br \/>\nVapme Spacex 22000 je vybaven\u00fd nab\u00edjate\u013enou bat\u00e9riou s kapacitou 850mAh, ktor\u00fa je mo\u017en\u00e9 nab\u00edja\u0165 prostredn\u00edctvom nab\u00edjacieho portu Type-C. Jednoducho pripojte k\u00e1bel Type-C k zdroju nap\u00e1jania a nabite zariadenie.<\/li>\n<li><strong>Ko\u013eko nikot\u00ednu je v Vapme Spacex 22000 Puff?<\/strong><br \/>\nVapme Spacex 22000 Puffs je dostupn\u00fd v dvoch mo\u017enostiach s obsahom nikot\u00ednu: 2% (20mg) pre jemnej\u0161\u00ed z\u00e1\u017eitok a 5% (50mg) pre pou\u017e\u00edvate\u013eov, ktor\u00ed h\u013eadaj\u00fa silnej\u0161\u00ed z\u00e1\u017eitok.<\/li>\n<li><strong>Ako dlho by som mal nab\u00edja\u0165 svoju Vapme Spacex 22000 Vape Box?<\/strong><br \/>\nPresn\u00fd \u010das nab\u00edjania z\u00e1vis\u00ed od zdroja nap\u00e1jania, no r\u00fdchle nab\u00edjanie cez Type-C umo\u017e\u0148uje relat\u00edvne r\u00fdchle dobitie. Sledujte LED displej, aby ste zistili, kedy je bat\u00e9ria \u00faplne nabit\u00e1, preto\u017ee displej poskytne inform\u00e1cie o stave bat\u00e9rie.<\/li>\n<li><strong>Kde m\u00f4\u017eem k\u00fapi\u0165 jednorazov\u00e9 vaporiz\u00e9ry Vapme Spacex 22000?<\/strong><br \/>\nJednorazov\u00fd vaporiz\u00e9r Vapme Spacex 22000 Puffs je mo\u017en\u00e9 zak\u00fapi\u0165 u predajcov, v vape obchodoch alebo na online platform\u00e1ch \u0161pecializuj\u00facich sa na predaj vapovac\u00edch produktov. Je tie\u017e dostupn\u00fd na ve\u013ekoobchod, \u010do ho rob\u00ed ob\u013e\u00fabenou vo\u013ebou pre podniky, ktor\u00e9 chc\u00fa skladova\u0165 jednorazov\u00e9 vaporiz\u00e9ry.<\/li>\n<li><strong>Ak\u00e9 s\u00fa najlep\u0161ie jednorazov\u00e9 vapy roku 2024?<\/strong><br \/>\nMedzi najlep\u0161ie jednorazov\u00e9 vapy roku 2024 patria:<\/p>\n<ul>\n<li><strong>Vapme Spacex 22000 potiahnut\u00ed<\/strong>: Zn\u00e1m\u00fd svojou ve\u013ekou kapacitou, LED displejom a nab\u00edjate\u013enou bat\u00e9riou.<\/li>\n<li><strong>Vapme Crystal 20000 Puffs<\/strong>: Ob\u013e\u00faben\u00fd pre svoju funkciu Dvojit\u00e1 Chu\u0165 a pohodln\u00e9 nab\u00edjanie.<\/li>\n<li><strong>Aivono Fatpro 22000 potiahnut\u00ed<\/strong>: Pon\u00faka dlhodob\u00fd z\u00e1\u017eitok z vapovania s technol\u00f3giou sie\u0165ovej \u0161pir\u00e1ly a mo\u017enos\u0165ou prisp\u00f4sobenia pr\u00fadenia vzduchu.<\/li>\n<li><strong>Fumot RandM Tornado 30000 Puffs<\/strong>: Funkcie synchroniz\u00e1cie hudby a RGB svetiel, ide\u00e1lne pre interakt\u00edvne vapovanie.<\/li>\n<\/ul>\n<\/li>\n<\/ul>\n<\/div>\n<\/div>\n<\/div>\n<\/div>\n<h3>O doru\u010den\u00ed<\/h3>\n<div class=\"flex-shrink-0 flex flex-col relative items-end\">\n<div>\n<div class=\"pt-0\">\n<div class=\"gizmo-bot-avatar flex h-8 w-8 items-center justify-center overflow-hidden rounded-full\">\n<div><\/div>\n<div class=\"relative p-1 rounded-sm flex items-center justify-center bg-token-main-surface-primary text-token-text-primary h-8 w-8\"><strong>1. Ak\u00e9 sp\u00f4soby doru\u010denia pou\u017e\u00edvate?<\/strong><\/div>\n<\/div>\n<\/div>\n<\/div>\n<\/div>\n<div class=\"group\/conversation-turn relative flex w-full min-w-0 flex-col agent-turn\">\n<div class=\"flex-col gap-1 md:gap-3\">\n<div class=\"flex max-w-full flex-col flex-grow\">\n<div class=\"min-h-[20px] text-message flex w-full flex-col items-end gap-2 whitespace-normal break-words [.text-message+&amp;]:mt-5 overflow-x-auto\" dir=\"auto\" data-message-author-role=\"assistant\" data-message-id=\"22f8283b-3233-46ff-89a5-c7a41b33abda\">\n<div class=\"flex w-full flex-col gap-1 empty:hidden first:pt-[3px]\">\n<div class=\"markdown prose w-full break-words dark:prose-invert light\">\n<p>Spolupracujeme so spolo\u010dnos\u0165ami UPS, DHL, FedEx, DPD a \u010fal\u0161\u00edmi popredn\u00fdmi dopravcami. Vyberieme najlep\u0161\u00ed sp\u00f4sob doru\u010denia na z\u00e1klade va\u0161ej adresy, aby sme zaistili, \u017ee svoje produkty dostanete \u010do najr\u00fdchlej\u0161ie.<\/p>\n<\/div>\n<p><strong>2. Ako dlho trv\u00e1 doru\u010denie?<\/strong><\/p>\n<p>Bal\u00edky doru\u010dovan\u00e9 na Slovensko zvy\u010dajne dorazia do 10 pracovn\u00fdch dn\u00ed. Doru\u010denie do eur\u00f3pskych kraj\u00edn zvy\u010dajne trv\u00e1 asi 12-15 pracovn\u00fdch dn\u00ed. Budeme v\u00e1s informova\u0165 o stave doru\u010denia v re\u00e1lnom \u010dase.<\/p>\n<\/div>\n<\/div>\n<\/div>\n<\/div>\n<\/div>\n<p>&nbsp;<\/p>\n<p>\u010eal\u0161ie hor\u00face vapy, ktor\u00e9 by sa v\u00e1m mohli p\u00e1\u010di\u0165:<\/p>\n<p><a href=\"https:\/\/rmvapesale.com\/sk\/product\/fumot-randm-tornado-30000-puffs-30k-music-disposable-vape\/\"><strong>RandM Tornado 30000 potiahnut\u00ed\u00a0 \u00a0<span style=\"color: #ff0000\">&gt;&gt;&gt;&gt; \u00eds\u0165!<\/span><\/strong><\/a><\/p>\n<p><strong><a href=\"https:\/\/rmvapesale.com\/sk\/product\/vapme-crystal-20000-puffs-20k-double-flavor-rechargeable-vapes\/\">Vapme Crystal 20000 Puffs <span style=\"color: #ff0000\">&gt;&gt;&gt;&gt; \u00eds\u0165!<\/span><\/a>\u00a0<\/strong><\/p>\n<p><a href=\"https:\/\/rmvapesale.com\/sk\/product\/original-randm-vape-digital-puff-12000-fumot-factory-price\/\"><strong>Fumot Vape 12000 potiahnut\u00ed <span style=\"color: #ff0000\">&gt;&gt;&gt;&gt; \u00eds\u0165!<\/span><\/strong><\/a><\/p>\n<p>&nbsp;<\/p>\n<p>&nbsp;<\/p>\n<p>N\u00e1jdite \u010fal\u0161ie vape produkty, ktor\u00e9 by sa v\u00e1m mohli p\u00e1\u010di\u0165:<strong><em><a href=\"https:\/\/rmvapesale.com\/sk\/shop-2\/\">nakupova\u0165 teraz &gt;&gt;&gt;<\/a><\/em><\/strong><\/p>","protected":false},"excerpt":{"rendered":"<p>Nab\u00edjate\u013en\u00e1 vape Vapme Spacex 22000 potiahnut\u00ed Ve\u013ekoobchod<br \/>\nVapme 22000 Pufov Jednorazov\u00e1 Vape Box v\u0161etky pr\u00edchute<br \/>\nVapme Spacex 22000 Puf Jednorazov\u00e1 Vape s displejom<\/p>\n<p><img loading=\"lazy\" decoding=\"async\" class=\"size-full wp-image-2375\" src=\"https:\/\/rmvapesale.com\/wp-content\/uploads\/2024\/10\/image.png\" alt=\"Najlep\u0161\u00ed jednorazov\u00fd vape\" width=\"229\" height=\"300\" \/><\/p>\n<h3><a href=\"https:\/\/wa.me\/8617776015835\"><span style=\"color: #ff0000\"><strong>WhatsApp: +86 17776015835<\/strong><\/span><\/a><\/h3>\n<p>&nbsp;<\/p>","protected":false},"featured_media":2541,"comment_status":"open","ping_status":"closed","template":"","meta":{"_uag_custom_page_level_css":"","_lmt_disableupdate":"no","_lmt_disable":"","site-sidebar-layout":"default","site-content-layout":"content-boxed-container","ast-site-content-layout":"normal-width-container","site-content-style":"boxed","site-sidebar-style":"unboxed","ast-global-header-display":"","ast-banner-title-visibility":"","ast-main-header-display":"","ast-hfb-above-header-display":"","ast-hfb-below-header-display":"","ast-hfb-mobile-header-display":"","site-post-title":"","ast-breadcrumbs-content":"","ast-featured-img":"","footer-sml-layout":"","theme-transparent-header-meta":"default","adv-header-id-meta":"","stick-header-meta":"","header-above-stick-meta":"","header-main-stick-meta":"","header-below-stick-meta":"","astra-migrate-meta-layouts":"set","ast-page-background-enabled":"default","ast-page-background-meta":{"desktop":{"background-color":"var(--ast-global-color-4)","background-image":"","background-repeat":"repeat","background-position":"center center","background-size":"auto","background-attachment":"scroll","background-type":"","background-media":"","overlay-type":"","overlay-color":"","overlay-opacity":"","overlay-gradient":""},"tablet":{"background-color":"","background-image":"","background-repeat":"repeat","background-position":"center center","background-size":"auto","background-attachment":"scroll","background-type":"","background-media":"","overlay-type":"","overlay-color":"","overlay-opacity":"","overlay-gradient":""},"mobile":{"background-color":"","background-image":"","background-repeat":"repeat","background-position":"center center","background-size":"auto","background-attachment":"scroll","background-type":"","background-media":"","overlay-type":"","overlay-color":"","overlay-opacity":"","overlay-gradient":""}},"ast-content-background-meta":{"desktop":{"background-color":"var(--ast-global-color-5)","background-image":"","background-repeat":"repeat","background-position":"center center","background-size":"auto","background-attachment":"scroll","background-type":"","background-media":"","overlay-type":"","overlay-color":"","overlay-opacity":"","overlay-gradient":""},"tablet":{"background-color":"var(--ast-global-color-5)","background-image":"","background-repeat":"repeat","background-position":"center center","background-size":"auto","background-attachment":"scroll","background-type":"","background-media":"","overlay-type":"","overlay-color":"","overlay-opacity":"","overlay-gradient":""},"mobile":{"background-color":"var(--ast-global-color-5)","background-image":"","background-repeat":"repeat","background-position":"center center","background-size":"auto","background-attachment":"scroll","background-type":"","background-media":"","overlay-type":"","overlay-color":"","overlay-opacity":"","overlay-gradient":""}},"_joinchat":[]},"product_brand":[],"product_cat":[15,25,123,26,28,135,27,137,136,30],"product_tag":[146,188,155,167,165,120],"class_list":{"0":"post-2547","1":"product","2":"type-product","3":"status-publish","4":"has-post-thumbnail","6":"product_cat-new-vape-this-week","7":"product_cat-germany-best-selling-vape","8":"product_cat-italy-wholesale-vape","9":"product_cat-netherlands-hot-sale-vape","10":"product_cat-poland-hot-sale-vape","11":"product_cat-spain-best-hot-sale-vape","12":"product_cat-fance-hot-sale-vape","13":"product_cat-rechargeable-vapes","14":"product_cat-smart-screen-vapes","15":"product_cat-minimum-order-quantity-50pcs","16":"product_tag-best-hot-sale-vape","17":"product_tag-buy-vapes-online","18":"product_tag-digital-display-box","19":"product_tag-disposable-vape-with-screen","20":"product_tag-rechargeable-vapes","21":"product_tag-vape-wholesale","22":"desktop-align-left","23":"tablet-align-left","24":"mobile-align-left","26":"first","27":"instock","28":"sale","29":"shipping-taxable","30":"purchasable","31":"product-type-simple"},"uagb_featured_image_src":{"full":["https:\/\/rmvapesale.com\/wp-content\/uploads\/2024\/10\/Disposable-Vape-Pen-Vapme-Spacex-22000.jpg",800,800,false],"thumbnail":["https:\/\/rmvapesale.com\/wp-content\/uploads\/2024\/10\/Disposable-Vape-Pen-Vapme-Spacex-22000-150x150.jpg",150,150,true],"medium":["https:\/\/rmvapesale.com\/wp-content\/uploads\/2024\/10\/Disposable-Vape-Pen-Vapme-Spacex-22000-300x300.jpg",300,300,true],"medium_large":["https:\/\/rmvapesale.com\/wp-content\/uploads\/2024\/10\/Disposable-Vape-Pen-Vapme-Spacex-22000-768x768.jpg",768,768,true],"large":["https:\/\/rmvapesale.com\/wp-content\/uploads\/2024\/10\/Disposable-Vape-Pen-Vapme-Spacex-22000.jpg",800,800,false],"1536x1536":["https:\/\/rmvapesale.com\/wp-content\/uploads\/2024\/10\/Disposable-Vape-Pen-Vapme-Spacex-22000.jpg",800,800,false],"2048x2048":["https:\/\/rmvapesale.com\/wp-content\/uploads\/2024\/10\/Disposable-Vape-Pen-Vapme-Spacex-22000.jpg",800,800,false],"trp-custom-language-flag":["https:\/\/rmvapesale.com\/wp-content\/uploads\/2024\/10\/Disposable-Vape-Pen-Vapme-Spacex-22000.jpg",12,12,false],"woocommerce_thumbnail":["https:\/\/rmvapesale.com\/wp-content\/uploads\/2024\/10\/Disposable-Vape-Pen-Vapme-Spacex-22000-300x300.jpg",300,300,true],"woocommerce_single":["https:\/\/rmvapesale.com\/wp-content\/uploads\/2024\/10\/Disposable-Vape-Pen-Vapme-Spacex-22000-600x600.jpg",600,600,true],"woocommerce_gallery_thumbnail":["https:\/\/rmvapesale.com\/wp-content\/uploads\/2024\/10\/Disposable-Vape-Pen-Vapme-Spacex-22000-100x100.jpg",100,100,true],"wcpr-photo-reviews":["https:\/\/rmvapesale.com\/wp-content\/uploads\/2024\/10\/Disposable-Vape-Pen-Vapme-Spacex-22000.jpg",500,500,false]},"uagb_author_info":{"display_name":"AMY","author_link":"https:\/\/rmvapesale.com\/sk\/author\/"},"uagb_comment_info":0,"uagb_excerpt":"Wholesale\u00a0Rechargeable Vapes Vapme Spacex 22000 Puff Vapme 22000 Puffs Disposable Vape Box all Flavor Vapme Spacex 22000 Puff Disposable Vape with Screen WhatsApp: +86 17776015835 &nbsp;","_links":{"self":[{"href":"https:\/\/rmvapesale.com\/sk\/wp-json\/wp\/v2\/product\/2547","targetHints":{"allow":["GET"]}}],"collection":[{"href":"https:\/\/rmvapesale.com\/sk\/wp-json\/wp\/v2\/product"}],"about":[{"href":"https:\/\/rmvapesale.com\/sk\/wp-json\/wp\/v2\/types\/product"}],"replies":[{"embeddable":true,"href":"https:\/\/rmvapesale.com\/sk\/wp-json\/wp\/v2\/comments?post=2547"}],"wp:featuredmedia":[{"embeddable":true,"href":"https:\/\/rmvapesale.com\/sk\/wp-json\/wp\/v2\/media\/2541"}],"wp:attachment":[{"href":"https:\/\/rmvapesale.com\/sk\/wp-json\/wp\/v2\/media?parent=2547"}],"wp:term":[{"taxonomy":"product_brand","embeddable":true,"href":"https:\/\/rmvapesale.com\/sk\/wp-json\/wp\/v2\/product_brand?post=2547"},{"taxonomy":"product_cat","embeddable":true,"href":"https:\/\/rmvapesale.com\/sk\/wp-json\/wp\/v2\/product_cat?post=2547"},{"taxonomy":"product_tag","embeddable":true,"href":"https:\/\/rmvapesale.com\/sk\/wp-json\/wp\/v2\/product_tag?post=2547"}],"curies":[{"name":"wp","href":"https:\/\/api.w.org\/{rel}","templated":true}]}}