{"id":2562,"date":"2024-10-25T07:04:35","date_gmt":"2024-10-25T07:04:35","guid":{"rendered":"https:\/\/rmvapesale.com\/?post_type=product&#038;p=2562"},"modified":"2024-10-25T07:28:33","modified_gmt":"2024-10-25T07:28:33","slug":"elf-world-i15-pro-12000-rechargeable-disposable-vape-pod","status":"publish","type":"product","link":"https:\/\/rmvapesale.com\/sk\/product\/elf-world-i15-pro-12000-rechargeable-disposable-vape-pod\/","title":{"rendered":"Elf World i15 Pro 12000 Nab\u00edjate\u013en\u00fd Jednorazov\u00fd Vape Pod"},"content":{"rendered":"<div class=\"B2VR9 CJHX3e\">\n<div class=\"wyccme\">\n<h1 class=\"LC20lb MBeuO DKV0Md\">Elf World i15 Pro 12000 Nab\u00edjate\u013en\u00fd Jednorazov\u00fd Vape Pod<\/h1>\n<div class=\"flex-shrink-0 flex flex-col relative items-end\">\n<div class=\"pt-0\">\n<div class=\"gizmo-bot-avatar flex h-8 w-8 items-center justify-center overflow-hidden rounded-full\">\n<div class=\"relative p-1 rounded-sm flex items-center justify-center bg-token-main-surface-primary text-token-text-primary h-8 w-8\">\n<p>The <strong>Elf World i15 Pro 12000 Nab\u00edjate\u013en\u00fd Jednorazov\u00fd Vape Pod<\/strong> stanovuje nov\u00fd \u0161tandard pre MTL vapovanie so svojou pokro\u010dilou technol\u00f3giou, elegantn\u00fdm dizajnom a p\u00f4sobivou v\u00fddr\u017eou. Vyroben\u00fd s ergonomick\u00fdm tvarom, tento pr\u00edstroj sa pohodlne zmest\u00ed do va\u0161ej ruky, \u010d\u00edm je nielen vape, ale aj rafinovan\u00fdm doplnkom. Navrhnut\u00fd pre sk\u00fasen\u00fdch vap\u00e9rov aj za\u010diato\u010dn\u00edkov, tento puff 12 vape kombinuje \u0161t\u00fdl a funk\u010dnos\u0165 v jednom kompaktnom balen\u00ed.<\/p>\n<p>S <strong>12000 pufov<\/strong> na zariadenie, <strong>Elf World <\/strong>i15 Pro pon\u00faka dlh\u00fa \u017eivotnos\u0165, konkuruje in\u00fdm \u0161pi\u010dkov\u00fdm mo\u017enostiam na trhu.<strong> jednorazov\u00fd vape<\/strong> Nap\u00e1jan\u00fd <strong>integrovanou bat\u00e9riou 650mAh<\/strong> a vybaven\u00fd <strong>nab\u00edjac\u00edm portom typu C<\/strong>, tento <strong>nab\u00edjate\u013en\u00fd jednorazov\u00fd vape<\/strong> je navrhnut\u00fd pre bezprobl\u00e9mov\u00e9, konzistentn\u00e9 pou\u017e\u00edvanie. Pr\u00edstroj sa r\u00fdchlo zohrieva pre hladk\u00fd, konzistentn\u00fd p\u00e1r s ka\u017ed\u00fdm potiahnut\u00edm, \u010do rob\u00ed va\u0161e vapovanie pr\u00edjemn\u00fdm a pohodln\u00fdm.<\/p>\n<p>The <strong>Elf World 12000 pufov vape<\/strong> tie\u017e sa p\u00fd\u0161i <strong>syst\u00e9m aktivovan\u00fd \u0165ahan\u00edm<\/strong>, zjednodu\u0161uj\u00fac proces vapovania, a jeho \u017eiv\u00fd displej umo\u017e\u0148uje \u013eahk\u00e9 sledovanie stavu bat\u00e9rie. S jeho odolnou kon\u0161trukciou je tento vape pod navrhnut\u00fd tak, aby vydr\u017eal ka\u017edodenn\u00e9 pou\u017e\u00edvanie a z\u00e1rove\u0148 si zachoval elegantn\u00fd vzh\u013ead, ktor\u00fd prid\u00e1va na sofistikovanosti v\u00e1\u0161ho vapovacieho z\u00e1\u017eitku.<\/p>\n<\/div>\n<\/div>\n<\/div>\n<\/div>\n<\/div>\n<\/div>\n<p><strong>Kontaktujte Amy pre spr\u00e1vnu odpove\u010f a vape kup\u00f3n!<\/strong><\/p>\n<p><img loading=\"lazy\" decoding=\"async\" class=\"size-full wp-image-1978\" src=\"https:\/\/rmvapesale.com\/wp-content\/uploads\/2024\/09\/Disposable-Vape-Wholesale.jpg\" alt=\"Jednorazov\u00fd vape ve\u013ekoobchod\" width=\"229\" height=\"300\" \/><\/p>\n<h3><a href=\"https:\/\/wa.me\/8617776015835\" target=\"_blank\" rel=\"noopener\"><span style=\"color: #ff0000\"><strong>WhatsApp: +86 17776015835<\/strong><\/span><\/a><\/h3>\n<p>&nbsp;<\/p>\n<h2><\/h2>\n<h2><strong>Elf World i15 Pro 12000 Dob\u00edjate\u013en\u00e1 Jednorazov\u00e1 Vape <\/strong><strong>K\u013e\u00fa\u010dov\u00e9 vlastnosti<\/strong><\/h2>\n<p>Typ produktu: Jednorazov\u00e1 Vape<br \/>\nPufy: 12000 Pufov<br \/>\nKapacita E-Liquidu: 18mL<br \/>\nObsah nikot\u00ednu: 5%<br \/>\n\u0160trukt\u00fara cievky: Sie\u0165ov\u00e1 cievka<br \/>\nKapacita bat\u00e9rie: 650mAh<br \/>\nNab\u00edjac\u00ed port: Typ-C<br \/>\nLED displej zobrazuje \u00farove\u0148 e-\u0161\u0165avy a bat\u00e9rie<\/p>\n<p>&nbsp;<\/p>\n<h2><strong>Najlep\u0161ia pr\u00edchu\u0165 pre <\/strong><strong>Dob\u00edjate\u013en\u00fd vaporiz\u00e9r Elf World 12000 potiahnut\u00ed<\/strong><\/h2>\n<p>&nbsp;<\/p>\n<p>1. Brosky\u0148a Mango<br \/>\n2. Hrozno s \u013eadom<br \/>\n3. Vanilkov\u00e1 Casta Tabak<br \/>\n4. Mel\u00f3nov\u00e1 \u017euva\u010dka <span style=\"color: #ff0000\"><strong>&gt;&gt;&gt;&gt; Hor\u00face!<\/strong><\/span><br \/>\n5. Jahodov\u00e1 zmrzlina<br \/>\n6. Kiwi Passionfruit Guava<br \/>\n7. Vodn\u00fd Mel\u00f3n s \u013dadom<br \/>\n8. Malina Mel\u00f3n<br \/>\n9. Zmie\u0161an\u00e9 bobule <span style=\"color: #ff0000\"><strong>&gt;&gt;&gt;&gt; Najlep\u0161ie!<\/strong><\/span><br \/>\n10. Jahodov\u00fd \u013ead <span style=\"color: #ff0000\"><strong>&gt;&gt;&gt;&gt; Hor\u00face!<\/strong><\/span><\/p>\n<figure id=\"attachment_2560\" aria-describedby=\"caption-attachment-2560\" style=\"width: 800px\" class=\"wp-caption alignnone\"><img loading=\"lazy\" decoding=\"async\" class=\"wp-image-2560 size-full\" src=\"https:\/\/rmvapesale.com\/wp-content\/uploads\/2024\/10\/ELFWORLD-I15-Pro-Disposable-Vape-Kit-12000-Puffs.jpg\" alt=\"ELFWORLD I15 Pro Jednorazov\u00e1 Vape Sada 12000 Pufov\" width=\"800\" height=\"800\" srcset=\"https:\/\/rmvapesale.com\/wp-content\/uploads\/2024\/10\/ELFWORLD-I15-Pro-Disposable-Vape-Kit-12000-Puffs.jpg 800w, https:\/\/rmvapesale.com\/wp-content\/uploads\/2024\/10\/ELFWORLD-I15-Pro-Disposable-Vape-Kit-12000-Puffs-300x300.jpg 300w, https:\/\/rmvapesale.com\/wp-content\/uploads\/2024\/10\/ELFWORLD-I15-Pro-Disposable-Vape-Kit-12000-Puffs-150x150.jpg 150w, https:\/\/rmvapesale.com\/wp-content\/uploads\/2024\/10\/ELFWORLD-I15-Pro-Disposable-Vape-Kit-12000-Puffs-768x768.jpg 768w, https:\/\/rmvapesale.com\/wp-content\/uploads\/2024\/10\/ELFWORLD-I15-Pro-Disposable-Vape-Kit-12000-Puffs-600x600.jpg 600w, https:\/\/rmvapesale.com\/wp-content\/uploads\/2024\/10\/ELFWORLD-I15-Pro-Disposable-Vape-Kit-12000-Puffs-100x100.jpg 100w\" sizes=\"auto, (max-width: 800px) 100vw, 800px\" \/><figcaption id=\"caption-attachment-2560\" class=\"wp-caption-text\">ELFWORLD I15 Pro Jednorazov\u00e1 Vape Sada 12000 Pufov<\/figcaption><\/figure>\n<h3><strong>Pre\u010do si vybra\u0165 Rmvapesale pre Elf World i15 Pro 12000 Dob\u00edjate\u013en\u00fd jednorazov\u00fd vaporiz\u00e9r<\/strong><strong>?<\/strong><\/h3>\n<div class=\"flex-shrink-0 flex flex-col relative items-end\">\n<div class=\"pt-0\">\n<div class=\"gizmo-bot-avatar flex h-8 w-8 items-center justify-center overflow-hidden rounded-full\">\n<div class=\"relative p-1 rounded-sm flex items-center justify-center bg-token-main-surface-primary text-token-text-primary h-8 w-8\">\n<p>&nbsp;<\/p>\n<p>Ke\u010f si vyberiete Rmvapesale pre va\u0161e ve\u013ekoobchodn\u00e9 potreby s jednorazov\u00fdmi vapmi, z\u00edskate:<\/p>\n<ul>\n<li><strong>Konkuren\u010dn\u00e1 cena<\/strong>: Z\u00edskajte pr\u00edstup k atrakt\u00edvnym ve\u013ekoobchodn\u00fdm cen\u00e1m, ktor\u00e9 zv\u00fd\u0161ia mar\u017ee v\u00e1\u0161ho podnikania.<\/li>\n<li><strong>Vysok\u00e1 kvalita<\/strong>: Na\u0161e vapy s\u00fa vyr\u00e1ban\u00e9 pod\u013ea najvy\u0161\u0161\u00edch \u0161tandardov a <span style=\"color: #ff0000\"><strong>zaru\u010dene 100% origin\u00e1lne a autentick\u00e9, alebo v\u00e1m poskytneme 10-n\u00e1sobn\u00fa kompenz\u00e1ciu za falo\u0161n\u00fd tovar!<\/strong><\/span><\/li>\n<li><strong>Vynikaj\u00faci z\u00e1kazn\u00edcky servis<\/strong>: N\u00e1\u0161 oddan\u00fd t\u00edm je v\u017edy pripraven\u00fd v\u00e1m pom\u00f4c\u0165, v\u010faka \u010domu bude v\u00e1\u0161 n\u00e1kupn\u00fd proces plynul\u00fd a bezprobl\u00e9mov\u00fd.<\/li>\n<li><strong>R\u00fdchle<\/strong>: O\u010dak\u00e1vajte r\u00fdchle a spo\u013eahliv\u00e9 doru\u010denie, ktor\u00e9 zaist\u00ed, \u017ee va\u0161e objedn\u00e1vky dorazia v\u017edy na\u010das.<\/li>\n<\/ul>\n<\/div>\n<h3><\/h3>\n<div class=\"relative p-1 rounded-sm flex items-center justify-center bg-token-main-surface-primary text-token-text-primary h-8 w-8\">\n<h3><b>\u010casto kladen\u00e9 ot\u00e1zky k dob\u00edjate\u013en\u00e9mu vaporiz\u00e9ru Elf World i15 Pro 12000<\/b><\/h3>\n<ul>\n<li><strong>Ako nab\u00edja\u0165 Elf World Bar i15 Pro 12000 dob\u00edjate\u013en\u00fd jednorazov\u00fd vaporiz\u00e9r<\/strong><br \/>\nElf World i15 Pro 12000 je vybaven\u00fd 650mAh dob\u00edjate\u013enou bat\u00e9riou. Na nab\u00edjanie pripojte zariadenie k zdroju nap\u00e1jania pomocou nab\u00edjacieho portu Typ-C. T\u00e1to r\u00fdchlonab\u00edjacia funkcia zabezpe\u010duje jednoduch\u00e9 dobitie a r\u00fdchly n\u00e1vrat k vapovaniu.<\/li>\n<li><strong>Ko\u013eko nikot\u00ednu je v Elf World Bar 12000 potiahnut\u00ed<\/strong><br \/>\nObsah nikot\u00ednu v Elf World i15 Pro 12000 nie je v obsahu \u0161pecifikovan\u00fd. Jednorazov\u00e9 vaporiz\u00e9ry zvy\u010dajne prich\u00e1dzaj\u00fa s r\u00f4znymi \u00farov\u0148ami nikot\u00ednu, ako s\u00fa 2% (20 mg) alebo 5% (50 mg). Skontrolujte obal produktu alebo sa op\u00fdtajte predajcu na presn\u00e9 inform\u00e1cie o nikot\u00edne.<\/li>\n<li><strong>Ako dlho by som mal nab\u00edja\u0165 svoj Elf World 12000 Jednorazov\u00fd vaporiz\u00e9r?<\/strong><br \/>\nPresn\u00fd \u010das nab\u00edjania z\u00e1vis\u00ed od zdroja nap\u00e1jania, ale s r\u00fdchlonab\u00edjan\u00edm Typ-C by sa mal nab\u00edja\u0165 r\u00fdchlo. Stav bat\u00e9rie m\u00f4\u017eete sledova\u0165 na displeji, ktor\u00fd ukazuje, ke\u010f je bat\u00e9ria \u00faplne nabit\u00e1.<\/li>\n<li><strong>Kde m\u00f4\u017eem k\u00fapi\u0165 Elf World Bar i15 Pro 12000 Jednorazov\u00fa Vape?<\/strong><br \/>\nElf World i15 Pro 12000 je mo\u017en\u00e9 zak\u00fapi\u0165 v vape obchodoch, online predajcoch, ktor\u00ed pon\u00fakaj\u00fa <strong>jednorazov\u00e9 vapy<\/strong>, alebo <strong>ve\u013ekoobchodn\u00fdch dod\u00e1vate\u013eov vapiek<\/strong> dod\u00e1vate\u013eoch. Pre dostupnos\u0165 skontrolujte online vape obchody alebo miestne vape obchody.<\/li>\n<li><strong>Ak\u00e9 s\u00fa najlep\u0161ie jednorazov\u00e9 vapy roku 2024?<\/strong><br \/>\nMedzi najlep\u0161ie jednorazov\u00e9 vapy roku 2024 patria:<\/p>\n<ul>\n<li><strong>Elf World i15 Pro 12000<\/strong>: Zn\u00e1m\u00fd svojou kapacitou 12000 potiahnut\u00ed, dob\u00edjate\u013enou bat\u00e9riou a dizajnom zameran\u00fdm na MTL.<\/li>\n<li><strong>AIVONO Lost Mary 6500 Puff<\/strong>: Vlastnosti nastavite\u013en\u00e9ho pr\u00fadenia vzduchu a kompaktn\u00fd dizajn pre vysok\u00fa prenosnos\u0165.<\/li>\n<li><strong>Vapme Crystal 20000 Puffs<\/strong>: Pon\u00faka funkciu Dvojit\u00e1 Chu\u0165 a nab\u00edjanie cez Type-C.<\/li>\n<li><strong>Fumot RandM Tornado 30000 Puffs<\/strong>: Jedine\u010dn\u00fd s RGB svetlami synchronizovan\u00fdmi s hudbou a ve\u013ekou kapacitou potiahnut\u00ed.<\/li>\n<\/ul>\n<\/li>\n<\/ul>\n<\/div>\n<\/div>\n<\/div>\n<\/div>\n<h3>O doru\u010den\u00ed<\/h3>\n<div class=\"flex-shrink-0 flex flex-col relative items-end\">\n<div>\n<div class=\"pt-0\">\n<div class=\"gizmo-bot-avatar flex h-8 w-8 items-center justify-center overflow-hidden rounded-full\">\n<div><\/div>\n<div class=\"relative p-1 rounded-sm flex items-center justify-center bg-token-main-surface-primary text-token-text-primary h-8 w-8\"><strong>1. Ak\u00e9 sp\u00f4soby doru\u010denia pou\u017e\u00edvate?<\/strong><\/div>\n<\/div>\n<\/div>\n<\/div>\n<\/div>\n<div class=\"group\/conversation-turn relative flex w-full min-w-0 flex-col agent-turn\">\n<div class=\"flex-col gap-1 md:gap-3\">\n<div class=\"flex max-w-full flex-col flex-grow\">\n<div class=\"min-h-[20px] text-message flex w-full flex-col items-end gap-2 whitespace-normal break-words [.text-message+&amp;]:mt-5 overflow-x-auto\" dir=\"auto\" data-message-author-role=\"assistant\" data-message-id=\"22f8283b-3233-46ff-89a5-c7a41b33abda\">\n<div class=\"flex w-full flex-col gap-1 empty:hidden first:pt-[3px]\">\n<div class=\"markdown prose w-full break-words dark:prose-invert light\">\n<p>Spolupracujeme so spolo\u010dnos\u0165ami UPS, DHL, FedEx, DPD a \u010fal\u0161\u00edmi popredn\u00fdmi dopravcami. Vyberieme najlep\u0161\u00ed sp\u00f4sob doru\u010denia na z\u00e1klade va\u0161ej adresy, aby sme zaistili, \u017ee svoje produkty dostanete \u010do najr\u00fdchlej\u0161ie.<\/p>\n<\/div>\n<p><strong>2. Ako dlho trv\u00e1 doru\u010denie?<\/strong><\/p>\n<p>Bal\u00edky doru\u010dovan\u00e9 na Slovensko zvy\u010dajne dorazia do 10 pracovn\u00fdch dn\u00ed. Doru\u010denie do eur\u00f3pskych kraj\u00edn zvy\u010dajne trv\u00e1 asi 12-15 pracovn\u00fdch dn\u00ed. Budeme v\u00e1s informova\u0165 o stave doru\u010denia v re\u00e1lnom \u010dase.<\/p>\n<\/div>\n<\/div>\n<\/div>\n<\/div>\n<\/div>\n<p>&nbsp;<\/p>\n<p>\u010eal\u0161ie hor\u00face vapy, ktor\u00e9 by sa v\u00e1m mohli p\u00e1\u010di\u0165:<\/p>\n<p><a href=\"https:\/\/rmvapesale.com\/sk\/product\/fumot-randm-tornado-30000-puffs-30k-music-disposable-vape\/\"><strong>RandM Tornado 30000 potiahnut\u00ed\u00a0 \u00a0<span style=\"color: #ff0000\">&gt;&gt;&gt;&gt; \u00eds\u0165!<\/span><\/strong><\/a><\/p>\n<p><strong><a href=\"https:\/\/rmvapesale.com\/sk\/product\/rechargeable-vape-vapme-spacex-22000-puff-wholesale\/\">Vapme Spacex 22000 potiahnut\u00ed <span style=\"color: #ff0000\">&gt;&gt;&gt;&gt; \u00eds\u0165!<\/span><\/a>\u00a0<\/strong><\/p>\n<p><a href=\"https:\/\/rmvapesale.com\/sk\/product\/original-randm-vape-digital-puff-12000-fumot-factory-price\/\"><strong>Fumot Vape 12000 potiahnut\u00ed <span style=\"color: #ff0000\">&gt;&gt;&gt;&gt; \u00eds\u0165!<\/span><\/strong><\/a><\/p>\n<p>&nbsp;<\/p>\n<p>&nbsp;<\/p>\n<p>N\u00e1jdite \u010fal\u0161ie vape produkty, ktor\u00e9 by sa v\u00e1m mohli p\u00e1\u010di\u0165:<strong><em><a href=\"https:\/\/rmvapesale.com\/sk\/shop-2\/\">nakupova\u0165 teraz &gt;&gt;&gt;<\/a><\/em><\/strong><\/p>","protected":false},"excerpt":{"rendered":"<p>ELFWORLD i15 Pro 12000 Pufov Jednorazov\u00e1 Vape Ve\u013ekoobchod<br \/>\nElf World i15 Pro Ultra Slim Jednorazov\u00e1 Vape 12K Pufov<br \/>\nELFWORLD I15 Pro Jednorazov\u00e1 Vape Sada 12000 Pufov<\/p>\n<p><img loading=\"lazy\" decoding=\"async\" class=\"size-full wp-image-2375\" src=\"https:\/\/rmvapesale.com\/wp-content\/uploads\/2024\/10\/image.png\" alt=\"Najlep\u0161\u00ed jednorazov\u00fd vape\" width=\"229\" height=\"300\" \/><\/p>\n<h3><a href=\"https:\/\/wa.me\/8617776015835\"><span style=\"color: #ff0000\"><strong>WhatsApp: +86 17776015835<\/strong><\/span><\/a><\/h3>\n<p>&nbsp;<\/p>","protected":false},"featured_media":2558,"comment_status":"open","ping_status":"closed","template":"","meta":{"_uag_custom_page_level_css":"","_lmt_disableupdate":"no","_lmt_disable":"","site-sidebar-layout":"default","site-content-layout":"content-boxed-container","ast-site-content-layout":"normal-width-container","site-content-style":"boxed","site-sidebar-style":"unboxed","ast-global-header-display":"","ast-banner-title-visibility":"","ast-main-header-display":"","ast-hfb-above-header-display":"","ast-hfb-below-header-display":"","ast-hfb-mobile-header-display":"","site-post-title":"","ast-breadcrumbs-content":"","ast-featured-img":"","footer-sml-layout":"","ast-disable-related-posts":"","theme-transparent-header-meta":"default","adv-header-id-meta":"","stick-header-meta":"","header-above-stick-meta":"","header-main-stick-meta":"","header-below-stick-meta":"","astra-migrate-meta-layouts":"set","ast-page-background-enabled":"default","ast-page-background-meta":{"desktop":{"background-color":"var(--ast-global-color-4)","background-image":"","background-repeat":"repeat","background-position":"center center","background-size":"auto","background-attachment":"scroll","background-type":"","background-media":"","overlay-type":"","overlay-color":"","overlay-opacity":"","overlay-gradient":""},"tablet":{"background-color":"","background-image":"","background-repeat":"repeat","background-position":"center center","background-size":"auto","background-attachment":"scroll","background-type":"","background-media":"","overlay-type":"","overlay-color":"","overlay-opacity":"","overlay-gradient":""},"mobile":{"background-color":"","background-image":"","background-repeat":"repeat","background-position":"center center","background-size":"auto","background-attachment":"scroll","background-type":"","background-media":"","overlay-type":"","overlay-color":"","overlay-opacity":"","overlay-gradient":""}},"ast-content-background-meta":{"desktop":{"background-color":"var(--ast-global-color-5)","background-image":"","background-repeat":"repeat","background-position":"center center","background-size":"auto","background-attachment":"scroll","background-type":"","background-media":"","overlay-type":"","overlay-color":"","overlay-opacity":"","overlay-gradient":""},"tablet":{"background-color":"var(--ast-global-color-5)","background-image":"","background-repeat":"repeat","background-position":"center center","background-size":"auto","background-attachment":"scroll","background-type":"","background-media":"","overlay-type":"","overlay-color":"","overlay-opacity":"","overlay-gradient":""},"mobile":{"background-color":"var(--ast-global-color-5)","background-image":"","background-repeat":"repeat","background-position":"center center","background-size":"auto","background-attachment":"scroll","background-type":"","background-media":"","overlay-type":"","overlay-color":"","overlay-opacity":"","overlay-gradient":""}},"_joinchat":[]},"product_brand":[],"product_cat":[15,27,25,123,30,26,28,137,136,135],"product_tag":[146,188,167,165,191,120],"class_list":{"0":"post-2562","1":"product","2":"type-product","3":"status-publish","4":"has-post-thumbnail","6":"product_cat-new-vape-this-week","7":"product_cat-fance-hot-sale-vape","8":"product_cat-germany-best-selling-vape","9":"product_cat-italy-wholesale-vape","10":"product_cat-minimum-order-quantity-50pcs","11":"product_cat-netherlands-hot-sale-vape","12":"product_cat-poland-hot-sale-vape","13":"product_cat-rechargeable-vapes","14":"product_cat-smart-screen-vapes","15":"product_cat-spain-best-hot-sale-vape","16":"product_tag-best-hot-sale-vape","17":"product_tag-buy-vapes-online","18":"product_tag-disposable-vape-with-screen","19":"product_tag-rechargeable-vapes","20":"product_tag-vape-box","21":"product_tag-vape-wholesale","22":"desktop-align-left","23":"tablet-align-left","24":"mobile-align-left","26":"first","27":"instock","28":"sale","29":"shipping-taxable","30":"purchasable","31":"product-type-simple"},"uagb_featured_image_src":{"full":["https:\/\/rmvapesale.com\/wp-content\/uploads\/2024\/10\/ELFWORLD-I15-Pro-12000-Puffs.png",800,800,false],"thumbnail":["https:\/\/rmvapesale.com\/wp-content\/uploads\/2024\/10\/ELFWORLD-I15-Pro-12000-Puffs-150x150.png",150,150,true],"medium":["https:\/\/rmvapesale.com\/wp-content\/uploads\/2024\/10\/ELFWORLD-I15-Pro-12000-Puffs-300x300.png",300,300,true],"medium_large":["https:\/\/rmvapesale.com\/wp-content\/uploads\/2024\/10\/ELFWORLD-I15-Pro-12000-Puffs-768x768.png",768,768,true],"large":["https:\/\/rmvapesale.com\/wp-content\/uploads\/2024\/10\/ELFWORLD-I15-Pro-12000-Puffs.png",800,800,false],"1536x1536":["https:\/\/rmvapesale.com\/wp-content\/uploads\/2024\/10\/ELFWORLD-I15-Pro-12000-Puffs.png",800,800,false],"2048x2048":["https:\/\/rmvapesale.com\/wp-content\/uploads\/2024\/10\/ELFWORLD-I15-Pro-12000-Puffs.png",800,800,false],"trp-custom-language-flag":["https:\/\/rmvapesale.com\/wp-content\/uploads\/2024\/10\/ELFWORLD-I15-Pro-12000-Puffs.png",12,12,false],"woocommerce_thumbnail":["https:\/\/rmvapesale.com\/wp-content\/uploads\/2024\/10\/ELFWORLD-I15-Pro-12000-Puffs-300x300.png",300,300,true],"woocommerce_single":["https:\/\/rmvapesale.com\/wp-content\/uploads\/2024\/10\/ELFWORLD-I15-Pro-12000-Puffs-600x600.png",600,600,true],"woocommerce_gallery_thumbnail":["https:\/\/rmvapesale.com\/wp-content\/uploads\/2024\/10\/ELFWORLD-I15-Pro-12000-Puffs-100x100.png",100,100,true],"wcpr-photo-reviews":["https:\/\/rmvapesale.com\/wp-content\/uploads\/2024\/10\/ELFWORLD-I15-Pro-12000-Puffs.png",500,500,false]},"uagb_author_info":{"display_name":"AMY","author_link":"https:\/\/rmvapesale.com\/sk\/author\/"},"uagb_comment_info":0,"uagb_excerpt":"ELFWORLD i15 Pro 12000 Puffs Disposable Vape Wholesale Elf World i15 Pro Ultra Slim Disposable Vape 12K Puffs ELFWORLD I15 Pro Disposable Vape Kit 12000 Puffs WhatsApp: +86 17776015835 &nbsp;","_links":{"self":[{"href":"https:\/\/rmvapesale.com\/sk\/wp-json\/wp\/v2\/product\/2562","targetHints":{"allow":["GET"]}}],"collection":[{"href":"https:\/\/rmvapesale.com\/sk\/wp-json\/wp\/v2\/product"}],"about":[{"href":"https:\/\/rmvapesale.com\/sk\/wp-json\/wp\/v2\/types\/product"}],"replies":[{"embeddable":true,"href":"https:\/\/rmvapesale.com\/sk\/wp-json\/wp\/v2\/comments?post=2562"}],"wp:featuredmedia":[{"embeddable":true,"href":"https:\/\/rmvapesale.com\/sk\/wp-json\/wp\/v2\/media\/2558"}],"wp:attachment":[{"href":"https:\/\/rmvapesale.com\/sk\/wp-json\/wp\/v2\/media?parent=2562"}],"wp:term":[{"taxonomy":"product_brand","embeddable":true,"href":"https:\/\/rmvapesale.com\/sk\/wp-json\/wp\/v2\/product_brand?post=2562"},{"taxonomy":"product_cat","embeddable":true,"href":"https:\/\/rmvapesale.com\/sk\/wp-json\/wp\/v2\/product_cat?post=2562"},{"taxonomy":"product_tag","embeddable":true,"href":"https:\/\/rmvapesale.com\/sk\/wp-json\/wp\/v2\/product_tag?post=2562"}],"curies":[{"name":"wp","href":"https:\/\/api.w.org\/{rel}","templated":true}]}}