{"id":2572,"date":"2024-10-25T08:57:44","date_gmt":"2024-10-25T08:57:44","guid":{"rendered":"https:\/\/rmvapesale.com\/?post_type=product&#038;p=2572"},"modified":"2024-10-31T02:50:17","modified_gmt":"2024-10-31T02:50:17","slug":"elfworld-mx25000-puffs-rechargeable-disposable-vape-0-2-5-nicotine","status":"publish","type":"product","link":"https:\/\/rmvapesale.com\/sk\/product\/elfworld-mx25000-puffs-rechargeable-disposable-vape-0-2-5-nicotine\/","title":{"rendered":"ELFWORLD MX25000 \u0164ahov Nab\u00edjate\u013en\u00e1 Jednorazov\u00e1 Vape 0% 2% 5% Nikot\u00edn"},"content":{"rendered":"<div class=\"B2VR9 CJHX3e\">\n<div class=\"wyccme\">\n<h1 class=\"LC20lb MBeuO DKV0Md\">ELFWORLD MX25000 \u0164ahov Nab\u00edjate\u013en\u00e1 Jednorazov\u00e1 Vape 0% 2% 5% Nikot\u00edn<\/h1>\n<div class=\"flex-shrink-0 flex flex-col relative items-end\">\n<div class=\"pt-0\">\n<div class=\"gizmo-bot-avatar flex h-8 w-8 items-center justify-center overflow-hidden rounded-full\">\n<div class=\"relative p-1 rounded-sm flex items-center justify-center bg-token-main-surface-primary text-token-text-primary h-8 w-8\">\n<p>The <strong>ELFWORLD MX25000 Potiahnut\u00ed Jednorazov\u00e1 Vape<\/strong> je vytvoren\u00fd pre dlh\u0161ie vapovanie a prisp\u00f4sobite\u013en\u00e9 preferencie, \u010do z neho rob\u00ed v\u00fdnimo\u010dn\u00fd produkt vo svete <strong>popul\u00e1rne zna\u010dky e-cigariet<\/strong>. S mas\u00edvnou <strong>25 000 potiahnut\u00ed vape<\/strong> kapacitou a zna\u010dn\u00fdm <strong>25 ml z\u00e1sobn\u00edkom e-liquidu<\/strong>, toto zariadenie pon\u00faka dlhotrvaj\u00facu spokojnos\u0165 bez \u010dast\u00e9ho dop\u013a\u0148ania. Ide\u00e1lne pre pr\u00edle\u017eitostn\u00fdch aj sk\u00fasen\u00fdch vaperov, MX poskytuje pr\u00e9miov\u00fd z\u00e1\u017eitok pri ka\u017edom potiahnut\u00ed.<\/p>\n<p>Navrhnut\u00fd pre pohodlie a efektivitu, <strong>ELFWORLD MX25000<\/strong> je poh\u00e1\u0148an\u00fd spo\u013eahlivou <strong>850 mAh nab\u00edjate\u013en\u00e1 bat\u00e9ria<\/strong> a vyu\u017e\u00edva <strong>Nab\u00edjanie typu C<\/strong>, \u010d\u00edm zais\u0165uje r\u00fdchle a pohodln\u00e9 nab\u00edjanie. Nikot\u00ednov\u00e9 soli zah\u0155\u0148aj\u00fa 0%, 2%, 3% a 5%, ktor\u00e9 vyhovuj\u00fa \u0161irok\u00e9mu spektru potrieb, vr\u00e1tane <strong>najlep\u0161ieho vape s n\u00edzkym obsahom nikot\u00ednu<\/strong> pre z\u00e1ujemcov. Technol\u00f3gia <strong>mesh cievkou<\/strong> zais\u0165uje optim\u00e1lnu chu\u0165 a produkciu pary, zatia\u013e \u010do nastavite\u013en\u00fd prietok vzduchu a <strong>digit\u00e1lny displej<\/strong> poskytuj\u00fa lep\u0161iu kontrolu nad va\u0161im z\u00e1\u017eitkom.<\/p>\n<p>Dostupn\u00fd v <strong>vaporiz\u00e9ry vo ve\u013ekom<\/strong>, ten <strong>ELFWORLD MX 25000<\/strong> je ide\u00e1lny pre ve\u013ekoobchodn\u00fdch kupuj\u00facich alebo kohoko\u013evek, kto h\u013ead\u00e1 <strong>inteligentn\u00fd vaporiz\u00e9r<\/strong> s pokro\u010dil\u00fdmi funkciami. N\u00e1jdite tento <strong>jednorazov\u00fd vape<\/strong> online alebo vo va\u0161om ob\u013e\u00fabenom <strong>majite\u013eov obchodov s vapingom<\/strong>, a zv\u00fd\u0161te svoj z\u00e1\u017eitok z vapovania s prvotriednym v\u00fdkonom a pohodl\u00edm.<\/p>\n<\/div>\n<\/div>\n<\/div>\n<\/div>\n<\/div>\n<\/div>\n<p><strong>Kontaktujte Amy pre spr\u00e1vnu odpove\u010f a vape kup\u00f3n!<\/strong><\/p>\n<p><img loading=\"lazy\" decoding=\"async\" class=\"size-full wp-image-1978\" src=\"https:\/\/rmvapesale.com\/wp-content\/uploads\/2024\/09\/Disposable-Vape-Wholesale.jpg\" alt=\"Jednorazov\u00fd vape ve\u013ekoobchod\" width=\"229\" height=\"300\" \/><\/p>\n<h3><a href=\"https:\/\/wa.me\/8617776015835\" target=\"_blank\" rel=\"noopener\"><span style=\"color: #ff0000\"><strong>WhatsApp: +86 17776015835<\/strong><\/span><\/a><\/h3>\n<p>&nbsp;<\/p>\n<h2><\/h2>\n<h2><strong>ELFWORLD MX25000 Po\u010det potiahnut\u00ed: pribli\u017ene 25000 potiahnut\u00ed <\/strong><strong>K\u013e\u00fa\u010dov\u00e9 vlastnosti<\/strong><\/h2>\n<p>Predplnen\u00e1 28 ml E-\u0161\u0165ava<br \/>\nDob\u00edjacia 850 mAh bat\u00e9ria<br \/>\nDvojit\u00e9 re\u017eimy vapovania: be\u017en\u00fd re\u017eim (12W)\/turbo re\u017eim (25W)<br \/>\nDob\u00edjate\u013en\u00fd vaporiz\u00e9r ELFWORLD MX 25000 potiahnut\u00ed<br \/>\n0% 2% 5% Obsah nikot\u00ednu<br \/>\nDob\u00edjanie cez USB Type-C (neobsahuje)<br \/>\nAktivovan\u00e9 potiahnut\u00edm<br \/>\nMTL Vaping<\/p>\n<p>&nbsp;<\/p>\n<h2><strong>Najlep\u0161ia pr\u00edchu\u0165 pre <\/strong><strong>1. Jahodov\u00e1 \u013eadov\u00e1<\/strong><\/h2>\n<p>2. Mel\u00f3nov\u00e1 \u013eadov\u00e1 <span style=\"color: #ff0000\"><strong>&gt;&gt;&gt;&gt; Hor\u00face!<\/strong><\/span><br \/>\n4. M\u00e4ta<br \/>\n3. Hroznov\u00fd \u013ead<br \/>\n5. Dvojit\u00e1 jablko<br \/>\n6. \u0160\u0165avnat\u00e1 brosky\u0148a s \u013eadom<br \/>\n10. \u010cu\u010doriedka s vodn\u00fdm mel\u00f3nom<br \/>\n7. Modr\u00fd Razz s \u013eadom <span style=\"color: #ff0000\"><strong>&gt;&gt;&gt;&gt; Hor\u00face!<\/strong><\/span><br \/>\n8.Ru\u017eov\u00e1 limon\u00e1da <span style=\"color: #ff0000\"><strong>&gt;&gt;&gt;&gt; Najlep\u0161ie!<\/strong><\/span><br \/>\n9.Zmie\u0161an\u00e9 bobu\u013eov\u00e9 ovocie<br \/>\n11. Limetka s bobu\u013eov\u00fdm ovoc\u00edm a pomaran\u010dom<br \/>\n12. \u010cu\u010doriedka B Pop<br \/>\n13. Malina s brosky\u0148ou a limetkou<br \/>\n14. Kysl\u00e9 mango s anan\u00e1som<br \/>\n15. Brosky\u0148ov\u00fd modr\u00fd slushy<\/p>\n<figure id=\"attachment_2608\" aria-describedby=\"caption-attachment-2608\" style=\"width: 600px\" class=\"wp-caption alignnone\"><img loading=\"lazy\" decoding=\"async\" class=\"wp-image-2608 size-full\" src=\"https:\/\/rmvapesale.com\/wp-content\/uploads\/2024\/10\/Rechargeable-Disposable-Vape-ELFWORLD-MX-25000-Puffs.jpg\" alt=\"Dob\u00edjate\u013en\u00fd jednorazov\u00fd vaporiz\u00e9r ELFWORLD MX 25000 potiahnut\u00ed\" width=\"600\" height=\"849\" srcset=\"https:\/\/rmvapesale.com\/wp-content\/uploads\/2024\/10\/Rechargeable-Disposable-Vape-ELFWORLD-MX-25000-Puffs.jpg 600w, https:\/\/rmvapesale.com\/wp-content\/uploads\/2024\/10\/Rechargeable-Disposable-Vape-ELFWORLD-MX-25000-Puffs-212x300.jpg 212w\" sizes=\"auto, (max-width: 600px) 100vw, 600px\" \/><figcaption id=\"caption-attachment-2608\" class=\"wp-caption-text\">Dob\u00edjate\u013en\u00fd jednorazov\u00fd vaporiz\u00e9r ELFWORLD MX 25000 potiahnut\u00ed<\/figcaption><\/figure>\n<h3><strong>Pre\u010do si vybra\u0165 Rmvapesale pre ELFWORLD MX25000 Puffs Jednorazov\u00e1 vaporiz\u00e9r<\/strong><strong>?<\/strong><\/h3>\n<div class=\"flex-shrink-0 flex flex-col relative items-end\">\n<div class=\"pt-0\">\n<div class=\"gizmo-bot-avatar flex h-8 w-8 items-center justify-center overflow-hidden rounded-full\">\n<div class=\"relative p-1 rounded-sm flex items-center justify-center bg-token-main-surface-primary text-token-text-primary h-8 w-8\">\n<p>Vitajte v Rmvapesale, va\u0161om d\u00f4veryhodnom obchode s vape pre pr\u00e9miov\u00e9 jednorazov\u00e9 vapy. S viac ako 5 ro\u010dn\u00fdmi sk\u00fasenos\u0165ami v\u00e1m prin\u00e1\u0161ame popul\u00e1rne zna\u010dky jednorazov\u00fdch vape ako Al Fakher, Vapme Vape, <a href=\"https:\/\/rmvapesale.com\/sk\/product\/vapme-crystal-7000-puffs-rechargeable-disposable-vape-price\/\">Vapme<\/a>, <a href=\"https:\/\/rmvapesale.com\/sk\/product-category\/bang-vapes\/\">Bang Vape<\/a>, Waspe, <a href=\"https:\/\/rmvapesale.com\/sk\/product\/wga-crystal-pro-max-extra-15k-puffs-disposable-vape-wholesale\/\">WGA<\/a> Vape a<a href=\"https:\/\/rmvapesale.com\/sk\/product-category\/randm-fumot-vape\/\"> RandM Vape<\/a>.<\/p>\n<p>N\u00e1\u0161 sortiment zah\u0155\u0148a popul\u00e1rne jednorazov\u00e9 vapky ako <a href=\"https:\/\/rmvapesale.com\/sk\/product\/fumot-digital-box-12000-disposable-vape-pink-lemonade-flavor\/\">RandM 12k<\/a> a vo\u013eby bohat\u00e9 na chu\u0165 ako napr\u00edklad <a href=\"https:\/\/rmvapesale.com\/sk\/product\/wga-crystal-plus-20000-puff-dual-flavour-disposable-vape\/\">WGA 20K Pufov<\/a>. Ka\u017ed\u00fd produkt je vybran\u00fd so zameran\u00edm na kvalitu, hodnotu a rozmanitos\u0165, \u010do zais\u0165uje, \u017ee n\u00e1jdete perfektn\u00fa vo\u013ebu pre va\u0161e potreby. Objavte v\u00fdnimo\u010dn\u00e9 slu\u017eby a \u0161irok\u00fa \u0161k\u00e1lu \u0161pi\u010dkov\u00fdch produktov v Rmvapesale.<\/p>\n<\/div>\n<h3><\/h3>\n<div class=\"relative p-1 rounded-sm flex items-center justify-center bg-token-main-surface-primary text-token-text-primary h-8 w-8\">\n<h3><b>\u010casto kladen\u00e9 ot\u00e1zky k ELFWORLD MX25000 Vaporiz\u00e9ru<\/b><\/h3>\n<ul>\n<li><strong>Ako nab\u00edjam ELFWORLD MX 25000 Puffs Dob\u00edjate\u013en\u00fd Jednorazov\u00fd vaporiz\u00e9r?<\/strong><br \/>\nNa nab\u00edjanie v\u00e1\u0161ho <strong>ELFWORLD MX 25000<\/strong> jednorazov\u00e9ho vaporiz\u00e9ra pou\u017eite <strong>nab\u00edjac\u00edm portom typu C<\/strong> nach\u00e1dzaj\u00faci sa na spodnej \u010dasti zariadenia. Pripojte ho k kompatibiln\u00e9mu zdroju nap\u00e1jania pre r\u00fdchle a efekt\u00edvne nab\u00edjanie a sledujte \u00farove\u0148 bat\u00e9rie prostredn\u00edctvom digit\u00e1lneho displeja.<\/li>\n<li><strong>Ak\u00e9 \u00farovne nikot\u00ednu s\u00fa dostupn\u00e9 v ELFWORLD MX 25000 Puffs Jednorazovom vaporiz\u00e9ri?<\/strong><br \/>\nThe <strong>ELFWORLD MX 25000<\/strong> pon\u00faka r\u00f4zne <strong>nikot\u00ednov\u00e9 soli<\/strong> mo\u017enosti: 0%, 2%, 3% a 5%, \u010do umo\u017e\u0148uje pou\u017e\u00edvate\u013eom vybra\u0165 si silu, ktor\u00e1 najviac vyhovuje ich preferenci\u00e1m, vr\u00e1tane mo\u017enost\u00ed pre t\u00fdch, ktor\u00ed h\u013eadaj\u00fa <strong>najlep\u0161ieho vape s n\u00edzkym obsahom nikot\u00ednu<\/strong> rie\u0161enia.<\/li>\n<li><strong>Ako dlho vydr\u017e\u00ed jednorazov\u00fd vaporiz\u00e9r ELFWORLD 25000 Puffs?<\/strong><br \/>\n, \u010do v\u00e1m poskytne dlhotrvaj\u00face uspokojenie bez potreby neust\u00e1lych v\u00fdmen. Ide\u00e1lne pre ka\u017edodenn\u00e9 pou\u017eitie, je navrhnut\u00e9 pre pohodlie aj v\u00fdkon. <strong>Kapacita 25 000 potiahnut\u00ed<\/strong> a <strong>25 ml z\u00e1sobn\u00edkom e-liquidu<\/strong>, ten <strong>ELFWORLD 25000<\/strong> je navrhnut\u00fd na dlhodob\u00e9 pou\u017e\u00edvanie, \u010do ho rob\u00ed ide\u00e1lnym pre dlh\u00e9 vapingov\u00e9 rel\u00e1cie bez potreby \u010dast\u00fdch dopl\u0148an\u00ed alebo v\u00fdmen.<\/li>\n<li><strong>Kde m\u00f4\u017eem k\u00fapi\u0165 jednorazov\u00fd vaporiz\u00e9r ELFWORLD MX25000 Puffs online?<\/strong><br \/>\nThe <strong>ELFWORLD MX25000<\/strong> je dostupn\u00fd prostredn\u00edctvom r\u00f4znych <strong>jednorazov\u00e9 vaporiz\u00e9ry online<\/strong> predajcov a <strong>majite\u013eov obchodov s vapingom<\/strong> predajn\u00fdch miest. Je to popul\u00e1rna vo\u013eba medzi <strong>vaporiz\u00e9ry vo ve\u013ekom<\/strong> n\u00e1kupmi a ve\u013ekoobchodn\u00fdmi mo\u017enos\u0165ami.<\/li>\n<li><strong>\u010co rob\u00ed z ELFWORLD MX 25000 Puffs jednorazov\u00e9ho vaporiz\u00e9ra m\u00fadru vo\u013ebu?<\/strong><br \/>\nThe <strong>ELFWORLD MX 25000<\/strong> vynik\u00e1 v\u010faka svojmu <strong>digit\u00e1lny displej<\/strong> na sledovanie bat\u00e9rie a e-liquidu, <strong>nastavite\u013en\u00fd prietok vzduchu<\/strong>, a <strong>mesh cievkou<\/strong> technol\u00f3gii. T\u00e1to <strong>inteligentn\u00fd vaporiz\u00e9r<\/strong> poskytuje vysokokvalitn\u00fd z\u00e1\u017eitok s vylep\u0161enou kontrolou, \u010do z neho rob\u00ed jeden z <strong>najlep\u0161\u00edch jednorazov\u00fdch vaporiz\u00e9rov<\/strong> na trhu.<\/li>\n<\/ul>\n<\/div>\n<\/div>\n<\/div>\n<\/div>\n<h3>O doru\u010den\u00ed<\/h3>\n<div class=\"flex-shrink-0 flex flex-col relative items-end\">\n<div>\n<div class=\"pt-0\">\n<div class=\"gizmo-bot-avatar flex h-8 w-8 items-center justify-center overflow-hidden rounded-full\">\n<div><\/div>\n<div class=\"relative p-1 rounded-sm flex items-center justify-center bg-token-main-surface-primary text-token-text-primary h-8 w-8\"><strong>1. Ak\u00e9 sp\u00f4soby doru\u010denia pou\u017e\u00edvate?<\/strong><\/div>\n<\/div>\n<\/div>\n<\/div>\n<\/div>\n<div class=\"group\/conversation-turn relative flex w-full min-w-0 flex-col agent-turn\">\n<div class=\"flex-col gap-1 md:gap-3\">\n<div class=\"flex max-w-full flex-col flex-grow\">\n<div class=\"min-h-[20px] text-message flex w-full flex-col items-end gap-2 whitespace-normal break-words [.text-message+&amp;]:mt-5 overflow-x-auto\" dir=\"auto\" data-message-author-role=\"assistant\" data-message-id=\"22f8283b-3233-46ff-89a5-c7a41b33abda\">\n<div class=\"flex w-full flex-col gap-1 empty:hidden first:pt-[3px]\">\n<div class=\"markdown prose w-full break-words dark:prose-invert light\">\n<p>Spolupracujeme so spolo\u010dnos\u0165ami UPS, DHL, FedEx, DPD a \u010fal\u0161\u00edmi popredn\u00fdmi dopravcami. Vyberieme najlep\u0161\u00ed sp\u00f4sob doru\u010denia na z\u00e1klade va\u0161ej adresy, aby sme zaistili, \u017ee svoje produkty dostanete \u010do najr\u00fdchlej\u0161ie.<\/p>\n<\/div>\n<p><strong>2. Ako dlho trv\u00e1 doru\u010denie?<\/strong><\/p>\n<p>Bal\u00edky doru\u010dovan\u00e9 na Slovensko zvy\u010dajne dorazia do 10 pracovn\u00fdch dn\u00ed. Doru\u010denie do eur\u00f3pskych kraj\u00edn zvy\u010dajne trv\u00e1 asi 12-15 pracovn\u00fdch dn\u00ed. Budeme v\u00e1s informova\u0165 o stave doru\u010denia v re\u00e1lnom \u010dase.<\/p>\n<\/div>\n<\/div>\n<\/div>\n<\/div>\n<\/div>\n<p>&nbsp;<\/p>\n<p>N\u00e1jdite \u010fal\u0161ie vape produkty, ktor\u00e9 by sa v\u00e1m mohli p\u00e1\u010di\u0165:<strong><em><a href=\"https:\/\/rmvapesale.com\/sk\/shop-2\/\">nakupova\u0165 teraz &gt;&gt;&gt;<\/a><\/em><\/strong><\/p>","protected":false},"excerpt":{"rendered":"<p>ELFWORLD MX 25000 Potiahnut\u00ed Nemecko Hor\u00faci V\u00fdpredaj Vape<br \/>\nElfworld MX25000 25K Potiahnut\u00ed Jednorazov\u00e1 Vape Ve\u013ekoobchod<br \/>\nVe\u013ek\u00e9 Potiahnutia Elfworld MX25000 Jednorazov\u00e1 Vape Ve\u013ekoobchod<\/p>\n<p><img loading=\"lazy\" decoding=\"async\" class=\"size-full wp-image-2375\" src=\"https:\/\/rmvapesale.com\/wp-content\/uploads\/2024\/10\/image.png\" alt=\"Najlep\u0161\u00ed jednorazov\u00fd vape\" width=\"229\" height=\"300\" \/><\/p>\n<h3><a href=\"https:\/\/wa.me\/8617776015835\"><span style=\"color: #ff0000\"><strong>WhatsApp: +86 17776015835<\/strong><\/span><\/a><\/h3>\n<p>&nbsp;<\/p>","protected":false},"featured_media":2604,"comment_status":"open","ping_status":"closed","template":"","meta":{"_uag_custom_page_level_css":"","_lmt_disableupdate":"no","_lmt_disable":"","site-sidebar-layout":"default","site-content-layout":"content-boxed-container","ast-site-content-layout":"normal-width-container","site-content-style":"boxed","site-sidebar-style":"unboxed","ast-global-header-display":"","ast-banner-title-visibility":"","ast-main-header-display":"","ast-hfb-above-header-display":"","ast-hfb-below-header-display":"","ast-hfb-mobile-header-display":"","site-post-title":"","ast-breadcrumbs-content":"","ast-featured-img":"","footer-sml-layout":"","ast-disable-related-posts":"","theme-transparent-header-meta":"default","adv-header-id-meta":"","stick-header-meta":"","header-above-stick-meta":"","header-main-stick-meta":"","header-below-stick-meta":"","astra-migrate-meta-layouts":"set","ast-page-background-enabled":"default","ast-page-background-meta":{"desktop":{"background-color":"var(--ast-global-color-4)","background-image":"","background-repeat":"repeat","background-position":"center center","background-size":"auto","background-attachment":"scroll","background-type":"","background-media":"","overlay-type":"","overlay-color":"","overlay-opacity":"","overlay-gradient":""},"tablet":{"background-color":"","background-image":"","background-repeat":"repeat","background-position":"center center","background-size":"auto","background-attachment":"scroll","background-type":"","background-media":"","overlay-type":"","overlay-color":"","overlay-opacity":"","overlay-gradient":""},"mobile":{"background-color":"","background-image":"","background-repeat":"repeat","background-position":"center center","background-size":"auto","background-attachment":"scroll","background-type":"","background-media":"","overlay-type":"","overlay-color":"","overlay-opacity":"","overlay-gradient":""}},"ast-content-background-meta":{"desktop":{"background-color":"var(--ast-global-color-5)","background-image":"","background-repeat":"repeat","background-position":"center center","background-size":"auto","background-attachment":"scroll","background-type":"","background-media":"","overlay-type":"","overlay-color":"","overlay-opacity":"","overlay-gradient":""},"tablet":{"background-color":"var(--ast-global-color-5)","background-image":"","background-repeat":"repeat","background-position":"center center","background-size":"auto","background-attachment":"scroll","background-type":"","background-media":"","overlay-type":"","overlay-color":"","overlay-opacity":"","overlay-gradient":""},"mobile":{"background-color":"var(--ast-global-color-5)","background-image":"","background-repeat":"repeat","background-position":"center center","background-size":"auto","background-attachment":"scroll","background-type":"","background-media":"","overlay-type":"","overlay-color":"","overlay-opacity":"","overlay-gradient":""}},"_joinchat":[]},"product_brand":[],"product_cat":[15,27,25,195,123,30,26,28,137,136,135],"product_tag":[146,188,167,165,191,120],"class_list":{"0":"post-2572","1":"product","2":"type-product","3":"status-publish","4":"has-post-thumbnail","6":"product_cat-new-vape-this-week","7":"product_cat-fance-hot-sale-vape","8":"product_cat-germany-best-selling-vape","9":"product_cat-germany-warehouse","10":"product_cat-italy-wholesale-vape","11":"product_cat-minimum-order-quantity-50pcs","12":"product_cat-netherlands-hot-sale-vape","13":"product_cat-poland-hot-sale-vape","14":"product_cat-rechargeable-vapes","15":"product_cat-smart-screen-vapes","16":"product_cat-spain-best-hot-sale-vape","17":"product_tag-best-hot-sale-vape","18":"product_tag-buy-vapes-online","19":"product_tag-disposable-vape-with-screen","20":"product_tag-rechargeable-vapes","21":"product_tag-vape-box","22":"product_tag-vape-wholesale","23":"desktop-align-left","24":"tablet-align-left","25":"mobile-align-left","27":"first","28":"instock","29":"sale","30":"shipping-taxable","31":"purchasable","32":"product-type-simple"},"uagb_featured_image_src":{"full":["https:\/\/rmvapesale.com\/wp-content\/uploads\/2024\/10\/ELFWORLD-25000-Rechargeable-Disposable-Vape.jpg",800,800,false],"thumbnail":["https:\/\/rmvapesale.com\/wp-content\/uploads\/2024\/10\/ELFWORLD-25000-Rechargeable-Disposable-Vape-150x150.jpg",150,150,true],"medium":["https:\/\/rmvapesale.com\/wp-content\/uploads\/2024\/10\/ELFWORLD-25000-Rechargeable-Disposable-Vape-300x300.jpg",300,300,true],"medium_large":["https:\/\/rmvapesale.com\/wp-content\/uploads\/2024\/10\/ELFWORLD-25000-Rechargeable-Disposable-Vape-768x768.jpg",768,768,true],"large":["https:\/\/rmvapesale.com\/wp-content\/uploads\/2024\/10\/ELFWORLD-25000-Rechargeable-Disposable-Vape.jpg",800,800,false],"1536x1536":["https:\/\/rmvapesale.com\/wp-content\/uploads\/2024\/10\/ELFWORLD-25000-Rechargeable-Disposable-Vape.jpg",800,800,false],"2048x2048":["https:\/\/rmvapesale.com\/wp-content\/uploads\/2024\/10\/ELFWORLD-25000-Rechargeable-Disposable-Vape.jpg",800,800,false],"trp-custom-language-flag":["https:\/\/rmvapesale.com\/wp-content\/uploads\/2024\/10\/ELFWORLD-25000-Rechargeable-Disposable-Vape.jpg",12,12,false],"woocommerce_thumbnail":["https:\/\/rmvapesale.com\/wp-content\/uploads\/2024\/10\/ELFWORLD-25000-Rechargeable-Disposable-Vape-300x300.jpg",300,300,true],"woocommerce_single":["https:\/\/rmvapesale.com\/wp-content\/uploads\/2024\/10\/ELFWORLD-25000-Rechargeable-Disposable-Vape-600x600.jpg",600,600,true],"woocommerce_gallery_thumbnail":["https:\/\/rmvapesale.com\/wp-content\/uploads\/2024\/10\/ELFWORLD-25000-Rechargeable-Disposable-Vape-100x100.jpg",100,100,true],"wcpr-photo-reviews":["https:\/\/rmvapesale.com\/wp-content\/uploads\/2024\/10\/ELFWORLD-25000-Rechargeable-Disposable-Vape.jpg",500,500,false]},"uagb_author_info":{"display_name":"AMY","author_link":"https:\/\/rmvapesale.com\/sk\/author\/"},"uagb_comment_info":0,"uagb_excerpt":"ELFWORLD MX 25000 Puff Germany Hot Slale Vape Elfworld MX25000 25K Puffs Disposable Vape Wholesale Big Puffs Elfworld MX25000 Disposable Vape Wholesale WhatsApp: +86 17776015835 &nbsp;","_links":{"self":[{"href":"https:\/\/rmvapesale.com\/sk\/wp-json\/wp\/v2\/product\/2572","targetHints":{"allow":["GET"]}}],"collection":[{"href":"https:\/\/rmvapesale.com\/sk\/wp-json\/wp\/v2\/product"}],"about":[{"href":"https:\/\/rmvapesale.com\/sk\/wp-json\/wp\/v2\/types\/product"}],"replies":[{"embeddable":true,"href":"https:\/\/rmvapesale.com\/sk\/wp-json\/wp\/v2\/comments?post=2572"}],"wp:featuredmedia":[{"embeddable":true,"href":"https:\/\/rmvapesale.com\/sk\/wp-json\/wp\/v2\/media\/2604"}],"wp:attachment":[{"href":"https:\/\/rmvapesale.com\/sk\/wp-json\/wp\/v2\/media?parent=2572"}],"wp:term":[{"taxonomy":"product_brand","embeddable":true,"href":"https:\/\/rmvapesale.com\/sk\/wp-json\/wp\/v2\/product_brand?post=2572"},{"taxonomy":"product_cat","embeddable":true,"href":"https:\/\/rmvapesale.com\/sk\/wp-json\/wp\/v2\/product_cat?post=2572"},{"taxonomy":"product_tag","embeddable":true,"href":"https:\/\/rmvapesale.com\/sk\/wp-json\/wp\/v2\/product_tag?post=2572"}],"curies":[{"name":"wp","href":"https:\/\/api.w.org\/{rel}","templated":true}]}}