{"id":2582,"date":"2024-10-28T06:44:31","date_gmt":"2024-10-28T06:44:31","guid":{"rendered":"https:\/\/rmvapesale.com\/?post_type=product&#038;p=2582"},"modified":"2024-10-28T07:36:05","modified_gmt":"2024-10-28T07:36:05","slug":"elfworld-plus-20000-puff-smart-disposable-vape-bulk-buy","status":"publish","type":"product","link":"https:\/\/rmvapesale.com\/sk\/product\/elfworld-plus-20000-puff-smart-disposable-vape-bulk-buy\/","title":{"rendered":"ELFWORLD Plus 20000 \u0164ahov Inteligentn\u00e1 Jednorazov\u00e1 Vape Hromadn\u00fd N\u00e1kup"},"content":{"rendered":"<div class=\"B2VR9 CJHX3e\">\n<div class=\"wyccme\">\n<h1 class=\"LC20lb MBeuO DKV0Md\">ELFWORLD Plus 20000 \u0164ahov Inteligentn\u00e1 Jednorazov\u00e1 Vape Hromadn\u00fd N\u00e1kup<\/h1>\n<div class=\"flex-shrink-0 flex flex-col relative items-end\">\n<div class=\"pt-0\">\n<div class=\"gizmo-bot-avatar flex h-8 w-8 items-center justify-center overflow-hidden rounded-full\">\n<div class=\"relative p-1 rounded-sm flex items-center justify-center bg-token-main-surface-primary text-token-text-primary h-8 w-8\">\n<p>The <strong>ELFWORLD Plus 20000 Puff Inteligentn\u00e1 jednorazov\u00e1 e-cigareta<\/strong> je \u0161pi\u010dkov\u00e1 vo\u013eba pre t\u00fdch, ktor\u00ed h\u013eadaj\u00fa pokro\u010dil\u00e9 funkcie a prisp\u00f4sobite\u013en\u00fd z\u00e1\u017eitok z vapovania. T\u00e1to vysokokapacitn\u00e1 <strong>e-cigareta na 20 000 potiahnut\u00ed<\/strong> pon\u00faka bezkonkuren\u010dn\u00fa \u017eivotnos\u0165 a je navrhnut\u00e1 s inov\u00e1ciou a \u0161t\u00fdlom, \u010do z nej rob\u00ed jednu z <strong>najlep\u0161ie jednorazov\u00e9 vapy roku 2024<\/strong> pre <strong>ve\u013ekoobchodn\u00e9 vapes<\/strong> aj pre individu\u00e1lne n\u00e1kupy.<\/p>\n<p>&nbsp;<\/p>\n<p>Tento <strong>E-cigarety ELFWORLD pulse<\/strong> pon\u00fakaj\u00fa du\u00e1lny re\u017eim, ktor\u00fd umo\u017e\u0148uje vaperom prisp\u00f4sobi\u0165 si ka\u017ed\u00e9 sedenie, maximalizova\u0165 spokojnos\u0165 a vylep\u0161i\u0165 ka\u017ed\u00fd n\u00e1dych. <strong>Konven\u010dn\u00fd re\u017eim<\/strong>: Poskytuje \u00fa\u017easn\u00fdch 20 000 cyklov pre pred\u013a\u017een\u00e9 pote\u0161enie. <strong>Pulzn\u00fd re\u017eim<\/strong>: Poskytuje 10 000 intenz\u00edvnych potiahnut\u00ed, ide\u00e1lne pre vaperov, ktor\u00ed chc\u00fa zosilnen\u00fa chu\u0165 a produkciu pary.<\/p>\n<p>Tento\u00a0<strong>jednorazov\u00fd vape s obrazovkou<\/strong> sa dod\u00e1va s displejom v re\u00e1lnom \u010dase, ktor\u00fd zobrazuje <strong>percento bat\u00e9rie<\/strong> a zost\u00e1vaj\u00faci v\u00fdkon, tak\u017ee m\u00e1te v\u017edy kontrolu nad svojim z\u00e1\u017eitkom z vapovania. T\u00e1to funkcia je ide\u00e1lna pre pou\u017e\u00edvate\u013eov, ktor\u00ed chc\u00fa presnos\u0165 a spo\u013eahlivos\u0165 pri ka\u017edom potiahnut\u00ed.<\/p>\n<p>Navrhnut\u00e9 tak, aby boli <strong>elegantn\u00fd a funk\u010dn\u00fd<\/strong>, ELF WORLD Plus 20K bezprobl\u00e9movo sp\u00e1ja elegantn\u00fa estetiku s robustn\u00fdm v\u00fdkonom. T\u00e1to jednorazov\u00e1 e-cigareta, navrhnut\u00e1 tak, aby vyhovovala vaperom v\u0161etk\u00fdch \u00farovn\u00ed, je k dispoz\u00edcii pre <strong>vaporiz\u00e9ry vo ve\u013ekom<\/strong>, v\u010faka \u010domu sa perfektne hod\u00ed pre <strong>predajniach s vaporiz\u00e9rmi<\/strong> a <strong>ve\u013ekoobchodn\u00e9 vapes<\/strong> dod\u00e1vate\u013eov.<\/p>\n<p>Pre t\u00fdch, ktor\u00ed h\u013eadaj\u00fa <strong>popul\u00e1rne zna\u010dky e-cigariet<\/strong> alebo jednoducho chc\u00fa <strong>k\u00fapi\u0165 vape online<\/strong>, ELFWORLD Plus 20K stanovuje nov\u00fd \u0161tandard v jednorazovom vapovan\u00ed v\u010faka svojej kombin\u00e1cii \u0161t\u00fdlu, v\u0161estrannosti a pokro\u010dil\u00fdch funkci\u00ed.<\/p>\n<\/div>\n<\/div>\n<\/div>\n<\/div>\n<\/div>\n<\/div>\n<p><strong>Kontaktujte Amy pre spr\u00e1vnu odpove\u010f a vape kup\u00f3n!<\/strong><\/p>\n<p><img loading=\"lazy\" decoding=\"async\" class=\"size-full wp-image-1978\" src=\"https:\/\/rmvapesale.com\/wp-content\/uploads\/2024\/09\/Disposable-Vape-Wholesale.jpg\" alt=\"Jednorazov\u00fd vape ve\u013ekoobchod\" width=\"229\" height=\"300\" \/><\/p>\n<h3><a href=\"https:\/\/wa.me\/8617776015835\" target=\"_blank\" rel=\"noopener\"><span style=\"color: #ff0000\"><strong>WhatsApp: +86 17776015835<\/strong><\/span><\/a><\/h3>\n<p>&nbsp;<\/p>\n<h2><\/h2>\n<h2><strong>ELFWORLD Plus 20000 Puff Inteligentn\u00e1 jednorazov\u00e1 e-cigareta <\/strong><strong>K\u013e\u00fa\u010dov\u00e9 vlastnosti<\/strong><\/h2>\n<p>Vopred naplnen\u00fd 22ml E-d\u017e\u00fas<br \/>\nVstavan\u00e1 nab\u00edjate\u013en\u00e1 bat\u00e9ria s kapacitou 650 mAh<br \/>\nPo\u010det \u0165ahov: pribli\u017ene 20000 \u0165ahov<br \/>\nHD obrazovka<br \/>\n2 re\u017eimy vapovania: Normal\/Boost<br \/>\nNastavenie prietoku vzduchu<br \/>\nDu\u00e1lne sie\u0165ov\u00e9 \u0161pir\u00e1lky<br \/>\n2% 5% Sila nikot\u00ednu<br \/>\nNab\u00edjanie cez Type-C (nie je s\u00fa\u010das\u0165ou balenia)<br \/>\nAktivovan\u00e9 potiahnut\u00edm<br \/>\nMTL Vaping<\/p>\n<figure id=\"attachment_2576\" aria-describedby=\"caption-attachment-2576\" style=\"width: 600px\" class=\"wp-caption alignnone\"><img loading=\"lazy\" decoding=\"async\" class=\"wp-image-2576 size-full\" src=\"https:\/\/rmvapesale.com\/wp-content\/uploads\/2024\/10\/ELFWORLD-ELF-WORLD-Plus-20K-20000-Puffs-Disposable.jpg\" alt=\"ELFWORLD ELF WORLD Plus+ 20K 20000 \u0165ahov Jednorazov\u00e1\" width=\"600\" height=\"600\" srcset=\"https:\/\/rmvapesale.com\/wp-content\/uploads\/2024\/10\/ELFWORLD-ELF-WORLD-Plus-20K-20000-Puffs-Disposable.jpg 600w, https:\/\/rmvapesale.com\/wp-content\/uploads\/2024\/10\/ELFWORLD-ELF-WORLD-Plus-20K-20000-Puffs-Disposable-300x300.jpg 300w, https:\/\/rmvapesale.com\/wp-content\/uploads\/2024\/10\/ELFWORLD-ELF-WORLD-Plus-20K-20000-Puffs-Disposable-150x150.jpg 150w, https:\/\/rmvapesale.com\/wp-content\/uploads\/2024\/10\/ELFWORLD-ELF-WORLD-Plus-20K-20000-Puffs-Disposable-100x100.jpg 100w\" sizes=\"auto, (max-width: 600px) 100vw, 600px\" \/><figcaption id=\"caption-attachment-2576\" class=\"wp-caption-text\">ELFWORLD ELF WORLD Plus+ 20K 20000 \u0165ahov Jednorazov\u00e1<\/figcaption><\/figure>\n<h2><strong>Najlep\u0161ia pr\u00edchu\u0165 pre ELFWORLD Plus 20000 \u0165ahov Smart Jednorazov\u00fd Vape<\/strong><\/h2>\n<p>1.Hrozno Citr\u00f3n<br \/>\n2.Fcuking Fab<br \/>\n3.\u010cere\u0161\u0148ov\u00e1 bomba <span style=\"color: #ff0000\"><strong>&gt;&gt;&gt;&gt; Hor\u00face!<\/strong><\/span><br \/>\n4.\u0160\u0165avnat\u00e1 brosky\u0148a s \u013eadom<br \/>\n5.Bobu\u013eov\u00e9 blaho<br \/>\n6.Modr\u00e1 malina s \u013eadom <span style=\"color: #ff0000\"><strong>&gt;&gt;&gt;&gt; Hor\u00face!<\/strong><\/span><br \/>\n7.Dra\u010d\u00ed mel\u00f3n<br \/>\n8. \u010cu\u010doriedkov\u00fd mel\u00f3n<span style=\"color: #ff0000\"><strong>&gt;&gt;&gt;&gt; Najlep\u0161ie!<\/strong><\/span><br \/>\n9.Ru\u017eov\u00e1 limon\u00e1da<br \/>\n10.Mexick\u00e9 mango<br \/>\n11.Jahoda a ban\u00e1n<br \/>\n12.Vodov\u00fd mel\u00f3n s \u013eadom<br \/>\n13.Biele gumov\u00e9 cukr\u00edky s \u013eadom<br \/>\n14.Jahoda a mango<br \/>\n15. Miami Mint<\/p>\n<figure id=\"attachment_2581\" aria-describedby=\"caption-attachment-2581\" style=\"width: 1024px\" class=\"wp-caption alignnone\"><img loading=\"lazy\" decoding=\"async\" class=\"wp-image-2581 size-large\" src=\"https:\/\/rmvapesale.com\/wp-content\/uploads\/2024\/10\/ELFWORLD-Plus-20K-Disposable-Vape-Pod-Wholesale-1024x716.jpg\" alt=\"ELFWORLD Plus+ 20K Jednorazov\u00e1 e-cigareta Ve\u013ekoobchod\" width=\"1024\" height=\"716\" srcset=\"https:\/\/rmvapesale.com\/wp-content\/uploads\/2024\/10\/ELFWORLD-Plus-20K-Disposable-Vape-Pod-Wholesale-1024x716.jpg 1024w, https:\/\/rmvapesale.com\/wp-content\/uploads\/2024\/10\/ELFWORLD-Plus-20K-Disposable-Vape-Pod-Wholesale-300x210.jpg 300w, https:\/\/rmvapesale.com\/wp-content\/uploads\/2024\/10\/ELFWORLD-Plus-20K-Disposable-Vape-Pod-Wholesale-768x537.jpg 768w, https:\/\/rmvapesale.com\/wp-content\/uploads\/2024\/10\/ELFWORLD-Plus-20K-Disposable-Vape-Pod-Wholesale-1536x1074.jpg 1536w, https:\/\/rmvapesale.com\/wp-content\/uploads\/2024\/10\/ELFWORLD-Plus-20K-Disposable-Vape-Pod-Wholesale-600x419.jpg 600w, https:\/\/rmvapesale.com\/wp-content\/uploads\/2024\/10\/ELFWORLD-Plus-20K-Disposable-Vape-Pod-Wholesale.jpg 1920w\" sizes=\"auto, (max-width: 1024px) 100vw, 1024px\" \/><figcaption id=\"caption-attachment-2581\" class=\"wp-caption-text\">ELFWORLD Plus+ 20K Jednorazov\u00e1 e-cigareta Ve\u013ekoobchod<\/figcaption><\/figure>\n<h3><strong>Pre\u010do si vybra\u0165 Rmvapesale pre ELF WORLD Plus 20000 Puff dob\u00edjaciu jednorazov\u00fa vapku<\/strong><strong>?<\/strong><\/h3>\n<div class=\"flex-shrink-0 flex flex-col relative items-end\">\n<div class=\"pt-0\">\n<div class=\"gizmo-bot-avatar flex h-8 w-8 items-center justify-center overflow-hidden rounded-full\">\n<div class=\"relative p-1 rounded-sm flex items-center justify-center bg-token-main-surface-primary text-token-text-primary h-8 w-8\">\n<p>&nbsp;<\/p>\n<p>Ke\u010f si vyberiete Rmvapesale pre va\u0161e ve\u013ekoobchodn\u00e9 potreby s jednorazov\u00fdmi vapmi, z\u00edskate:<\/p>\n<ul>\n<li><strong>Konkuren\u010dn\u00e1 cena<\/strong>: Z\u00edskajte pr\u00edstup k atrakt\u00edvnym ve\u013ekoobchodn\u00fdm cen\u00e1m, ktor\u00e9 zv\u00fd\u0161ia mar\u017ee v\u00e1\u0161ho podnikania.<\/li>\n<li><strong>Vysok\u00e1 kvalita<\/strong>: Na\u0161e vapy s\u00fa vyr\u00e1ban\u00e9 pod\u013ea najvy\u0161\u0161\u00edch \u0161tandardov a <span style=\"color: #ff0000\"><strong>zaru\u010dene 100% origin\u00e1lne a autentick\u00e9, alebo v\u00e1m poskytneme 10-n\u00e1sobn\u00fa kompenz\u00e1ciu za falo\u0161n\u00fd tovar!<\/strong><\/span><\/li>\n<li><strong>Vynikaj\u00faci z\u00e1kazn\u00edcky servis<\/strong>: N\u00e1\u0161 oddan\u00fd t\u00edm je v\u017edy pripraven\u00fd v\u00e1m pom\u00f4c\u0165, v\u010faka \u010domu bude v\u00e1\u0161 n\u00e1kupn\u00fd proces plynul\u00fd a bezprobl\u00e9mov\u00fd.<\/li>\n<li><strong>R\u00fdchle<\/strong>: O\u010dak\u00e1vajte r\u00fdchle a spo\u013eahliv\u00e9 doru\u010denie, ktor\u00e9 zaist\u00ed, \u017ee va\u0161e objedn\u00e1vky dorazia v\u017edy na\u010das.<\/li>\n<\/ul>\n<\/div>\n<h3><\/h3>\n<div class=\"relative p-1 rounded-sm flex items-center justify-center bg-token-main-surface-primary text-token-text-primary h-8 w-8\">\n<h3><b>Naj\u010dastej\u0161ie ot\u00e1zky o ELFWORLD Plus 20000 Puff<\/b><\/h3>\n<ul>\n<li><strong>Ako nab\u00edja\u0165 dob\u00edjaciu jednorazov\u00fa vapku ELFWORLD Plus 20000 Puff<\/strong><br \/>\nELFWORLD Plus 20K je vybaven\u00fd dob\u00edjacou bat\u00e9riou, ktor\u00fa mo\u017eno nab\u00edja\u0165 cez ur\u010den\u00fd nab\u00edjac\u00ed port. Jednoducho ho pripojte k nab\u00edja\u010dke kompatibilnej s Type-C pre r\u00fdchle a efekt\u00edvne nab\u00edjanie, \u010do pom\u00e1ha zaisti\u0165 nepreru\u0161ovan\u00e9 vapovacie sedenia.<\/li>\n<li><strong>Ko\u013eko nikot\u00ednu je v ELFWORLD Plus 20000 Puff Smart jednorazovej vapke<\/strong><br \/>\nELFWORLD Plus 20K pon\u00faka mo\u017enos\u0165 s n\u00edzkym obsahom nikot\u00ednu, hoci \u0161pecifick\u00e1 sila nikot\u00ednu (napr\u00edklad 0 %, 2 % alebo 5 %) nie je podrobne uveden\u00e1 v poskytnutom obsahu. Pre presn\u00e9 \u00farovne nikot\u00ednu si skontrolujte obal produktu alebo inform\u00e1cie od predajcu.<\/li>\n<li><strong>Ako dlho by som mal nab\u00edja\u0165 svoj ELFWORLD Plus 20000 Puff jednorazov\u00fd vape box?<\/strong><br \/>\n\u010cas nab\u00edjania sa m\u00f4\u017ee l\u00ed\u0161i\u0165 v z\u00e1vislosti od zdroja nap\u00e1jania. S technol\u00f3giou r\u00fdchleho nab\u00edjania Type-C bude zariadenie pravdepodobne pripraven\u00e9 za kr\u00e1tky \u010das. Sledujte displej na zariaden\u00ed, ktor\u00fd zobrazuje percento bat\u00e9rie, aby ste monitorovali priebeh nab\u00edjania a vedeli, kedy je \u00faplne nabit\u00e9.<\/li>\n<li><strong>Kde si m\u00f4\u017eem k\u00fapi\u0165 vapku ELFWORLD Plus 20000 Puff?<\/strong><br \/>\nJednorazov\u00fa smart vapku ELFWORLD Plus 20K si m\u00f4\u017eete k\u00fapi\u0165 vo vape obchodoch, <strong>vape baroch<\/strong>, a <strong>ve\u013ekoobchodn\u00e9 vapes<\/strong> u dod\u00e1vate\u013eov. Je tie\u017e k dispoz\u00edcii na n\u00e1kup online prostredn\u00edctvom r\u00f4znych platforiem vape shopov, \u010do u\u013eah\u010duje <strong>k\u00fapi\u0165 vape online<\/strong>.<\/li>\n<li><strong>Ak\u00e9 s\u00fa najlep\u0161ie jednorazov\u00e9 vapy roku 2024?<\/strong><br \/>\nMedzi najlep\u0161ie jednorazov\u00e9 vapky roku 2024 patria:<\/p>\n<ul>\n<li><strong>ELFWORLD Plus 20K<\/strong>: S 20 000 po\u0165ahmi, du\u00e1lnymi re\u017eimami sania a displejom v re\u00e1lnom \u010dase.<\/li>\n<li><strong>Elf World i15 Pro 12000<\/strong>: Vysok\u00fd po\u010det po\u0165ahov a dob\u00edjacia s elegantn\u00fdm dizajnom.<\/li>\n<li><strong>AIVONO Lost Mary 6500 Puff<\/strong>: Nastavite\u013en\u00fd prietok vzduchu a kompaktn\u00fd dizajn.<\/li>\n<li><strong>Fumot RandM Tornado 30000 Puffs<\/strong>: Unik\u00e1tne RGB osvetlenie a dlhotrvaj\u00faci v\u00fdkon.<\/li>\n<\/ul>\n<\/li>\n<\/ul>\n<p>&nbsp;<\/p>\n<\/div>\n<\/div>\n<\/div>\n<\/div>\n<h3>O doru\u010den\u00ed<\/h3>\n<div class=\"flex-shrink-0 flex flex-col relative items-end\">\n<div>\n<div class=\"pt-0\">\n<div class=\"gizmo-bot-avatar flex h-8 w-8 items-center justify-center overflow-hidden rounded-full\">\n<div><\/div>\n<div class=\"relative p-1 rounded-sm flex items-center justify-center bg-token-main-surface-primary text-token-text-primary h-8 w-8\"><strong>1. Ak\u00e9 sp\u00f4soby doru\u010denia pou\u017e\u00edvate?<\/strong><\/div>\n<\/div>\n<\/div>\n<\/div>\n<\/div>\n<div class=\"group\/conversation-turn relative flex w-full min-w-0 flex-col agent-turn\">\n<div class=\"flex-col gap-1 md:gap-3\">\n<div class=\"flex max-w-full flex-col flex-grow\">\n<div class=\"min-h-[20px] text-message flex w-full flex-col items-end gap-2 whitespace-normal break-words [.text-message+&amp;]:mt-5 overflow-x-auto\" dir=\"auto\" data-message-author-role=\"assistant\" data-message-id=\"22f8283b-3233-46ff-89a5-c7a41b33abda\">\n<div class=\"flex w-full flex-col gap-1 empty:hidden first:pt-[3px]\">\n<div class=\"markdown prose w-full break-words dark:prose-invert light\">\n<p>Spolupracujeme so spolo\u010dnos\u0165ami UPS, DHL, FedEx, DPD a \u010fal\u0161\u00edmi popredn\u00fdmi dopravcami. Vyberieme najlep\u0161\u00ed sp\u00f4sob doru\u010denia na z\u00e1klade va\u0161ej adresy, aby sme zaistili, \u017ee svoje produkty dostanete \u010do najr\u00fdchlej\u0161ie.<\/p>\n<\/div>\n<p><strong>2. Ako dlho trv\u00e1 doru\u010denie?<\/strong><\/p>\n<p>Bal\u00edky doru\u010dovan\u00e9 na Slovensko zvy\u010dajne dorazia do 10 pracovn\u00fdch dn\u00ed. Doru\u010denie do eur\u00f3pskych kraj\u00edn zvy\u010dajne trv\u00e1 asi 12-15 pracovn\u00fdch dn\u00ed. Budeme v\u00e1s informova\u0165 o stave doru\u010denia v re\u00e1lnom \u010dase.<\/p>\n<\/div>\n<\/div>\n<\/div>\n<\/div>\n<\/div>\n<p>&nbsp;<\/p>\n<p>\u010eal\u0161ie hor\u00face vapy, ktor\u00e9 by sa v\u00e1m mohli p\u00e1\u010di\u0165:<\/p>\n<p><a href=\"https:\/\/rmvapesale.com\/sk\/product\/fumot-randm-tornado-30000-puffs-30k-music-disposable-vape\/\"><strong>RandM Tornado 30000 potiahnut\u00ed\u00a0 \u00a0<span style=\"color: #ff0000\">&gt;&gt;&gt;&gt; \u00eds\u0165!<\/span><\/strong><\/a><\/p>\n<p><strong><a href=\"https:\/\/rmvapesale.com\/sk\/product\/rechargeable-vape-vapme-spacex-22000-puff-wholesale\/\">Vapme Spacex 22000 potiahnut\u00ed <span style=\"color: #ff0000\">&gt;&gt;&gt;&gt; \u00eds\u0165!<\/span><\/a>\u00a0<\/strong><\/p>\n<p><a href=\"https:\/\/rmvapesale.com\/sk\/product\/disposable-vape-poco-bl10000-puffs-wholesale\/\"><strong>Jednorazov\u00e1 vapa POCO BL10000 potiahnut\u00ed <span style=\"color: #ff0000\">&gt;&gt;&gt;&gt; \u00eds\u0165!<\/span><\/strong><\/a><\/p>\n<p>&nbsp;<\/p>\n<p>&nbsp;<\/p>\n<p>N\u00e1jdite \u010fal\u0161ie vape produkty, ktor\u00e9 by sa v\u00e1m mohli p\u00e1\u010di\u0165:<strong><em><a href=\"https:\/\/rmvapesale.com\/sk\/shop-2\/\">nakupova\u0165 teraz &gt;&gt;&gt;<\/a><\/em><\/strong><\/p>","protected":false},"excerpt":{"rendered":"<p>Elf World Plus 20000 Puffs Jednorazov\u00e1 e-cigareta s LED displejom<br \/>\nELFWORLD Plus 20000 Puff Nab\u00edjate\u013en\u00e1 e-cigareta Tov\u00e1rensk\u00e1 cena<br \/>\nELFWORLD Plus+ 20K Jednorazov\u00e1 e-cigareta Ve\u013ekoobchod<br \/>\n<span style=\"color: #ff0000\">(Odoslanie zo skladu v E\u00da, doru\u010denie do v\u00e4\u010d\u0161iny eur\u00f3pskych kraj\u00edn trv\u00e1 pribli\u017ene 3-7 dn\u00ed, napr. Holandsko, Franc\u00fazsko, Taliansko, \u0160panielsko, \u0160vaj\u010diarsko, \u0160v\u00e9dsko, Po\u013esko, at\u010f.)<\/span><\/p>\n<p><img loading=\"lazy\" decoding=\"async\" class=\"size-full wp-image-2375\" src=\"https:\/\/rmvapesale.com\/wp-content\/uploads\/2024\/10\/image.png\" alt=\"Najlep\u0161\u00ed jednorazov\u00fd vape\" width=\"229\" height=\"300\" \/><\/p>\n<h3><a href=\"https:\/\/wa.me\/8617776015835\"><span style=\"color: #ff0000\"><strong>WhatsApp: +86 17776015835<\/strong><\/span><\/a><\/h3>\n<p>&nbsp;<\/p>","protected":false},"featured_media":2580,"comment_status":"open","ping_status":"closed","template":"","meta":{"_uag_custom_page_level_css":"","_lmt_disableupdate":"no","_lmt_disable":"","site-sidebar-layout":"default","site-content-layout":"content-boxed-container","ast-site-content-layout":"normal-width-container","site-content-style":"boxed","site-sidebar-style":"unboxed","ast-global-header-display":"","ast-banner-title-visibility":"","ast-main-header-display":"","ast-hfb-above-header-display":"","ast-hfb-below-header-display":"","ast-hfb-mobile-header-display":"","site-post-title":"","ast-breadcrumbs-content":"","ast-featured-img":"","footer-sml-layout":"","ast-disable-related-posts":"","theme-transparent-header-meta":"default","adv-header-id-meta":"","stick-header-meta":"","header-above-stick-meta":"","header-main-stick-meta":"","header-below-stick-meta":"","astra-migrate-meta-layouts":"set","ast-page-background-enabled":"default","ast-page-background-meta":{"desktop":{"background-color":"var(--ast-global-color-4)","background-image":"","background-repeat":"repeat","background-position":"center center","background-size":"auto","background-attachment":"scroll","background-type":"","background-media":"","overlay-type":"","overlay-color":"","overlay-opacity":"","overlay-gradient":""},"tablet":{"background-color":"","background-image":"","background-repeat":"repeat","background-position":"center center","background-size":"auto","background-attachment":"scroll","background-type":"","background-media":"","overlay-type":"","overlay-color":"","overlay-opacity":"","overlay-gradient":""},"mobile":{"background-color":"","background-image":"","background-repeat":"repeat","background-position":"center center","background-size":"auto","background-attachment":"scroll","background-type":"","background-media":"","overlay-type":"","overlay-color":"","overlay-opacity":"","overlay-gradient":""}},"ast-content-background-meta":{"desktop":{"background-color":"var(--ast-global-color-5)","background-image":"","background-repeat":"repeat","background-position":"center center","background-size":"auto","background-attachment":"scroll","background-type":"","background-media":"","overlay-type":"","overlay-color":"","overlay-opacity":"","overlay-gradient":""},"tablet":{"background-color":"var(--ast-global-color-5)","background-image":"","background-repeat":"repeat","background-position":"center center","background-size":"auto","background-attachment":"scroll","background-type":"","background-media":"","overlay-type":"","overlay-color":"","overlay-opacity":"","overlay-gradient":""},"mobile":{"background-color":"var(--ast-global-color-5)","background-image":"","background-repeat":"repeat","background-position":"center center","background-size":"auto","background-attachment":"scroll","background-type":"","background-media":"","overlay-type":"","overlay-color":"","overlay-opacity":"","overlay-gradient":""}},"_joinchat":[]},"product_brand":[],"product_cat":[15,27,25,195,123,30,26,28,137,136,135],"product_tag":[146,188,167,194,165,191,120],"class_list":{"0":"post-2582","1":"product","2":"type-product","3":"status-publish","4":"has-post-thumbnail","6":"product_cat-new-vape-this-week","7":"product_cat-fance-hot-sale-vape","8":"product_cat-germany-best-selling-vape","9":"product_cat-germany-warehouse","10":"product_cat-italy-wholesale-vape","11":"product_cat-minimum-order-quantity-50pcs","12":"product_cat-netherlands-hot-sale-vape","13":"product_cat-poland-hot-sale-vape","14":"product_cat-rechargeable-vapes","15":"product_cat-smart-screen-vapes","16":"product_cat-spain-best-hot-sale-vape","17":"product_tag-best-hot-sale-vape","18":"product_tag-buy-vapes-online","19":"product_tag-disposable-vape-with-screen","20":"product_tag-elfworld","21":"product_tag-rechargeable-vapes","22":"product_tag-vape-box","23":"product_tag-vape-wholesale","24":"desktop-align-left","25":"tablet-align-left","26":"mobile-align-left","28":"first","29":"instock","30":"sale","31":"shipping-taxable","32":"purchasable","33":"product-type-simple"},"uagb_featured_image_src":{"full":["https:\/\/rmvapesale.com\/wp-content\/uploads\/2024\/10\/Elfworld-Plus-20000-puffs.jpg",800,800,false],"thumbnail":["https:\/\/rmvapesale.com\/wp-content\/uploads\/2024\/10\/Elfworld-Plus-20000-puffs-150x150.jpg",150,150,true],"medium":["https:\/\/rmvapesale.com\/wp-content\/uploads\/2024\/10\/Elfworld-Plus-20000-puffs-300x300.jpg",300,300,true],"medium_large":["https:\/\/rmvapesale.com\/wp-content\/uploads\/2024\/10\/Elfworld-Plus-20000-puffs-768x768.jpg",768,768,true],"large":["https:\/\/rmvapesale.com\/wp-content\/uploads\/2024\/10\/Elfworld-Plus-20000-puffs.jpg",800,800,false],"1536x1536":["https:\/\/rmvapesale.com\/wp-content\/uploads\/2024\/10\/Elfworld-Plus-20000-puffs.jpg",800,800,false],"2048x2048":["https:\/\/rmvapesale.com\/wp-content\/uploads\/2024\/10\/Elfworld-Plus-20000-puffs.jpg",800,800,false],"trp-custom-language-flag":["https:\/\/rmvapesale.com\/wp-content\/uploads\/2024\/10\/Elfworld-Plus-20000-puffs.jpg",12,12,false],"woocommerce_thumbnail":["https:\/\/rmvapesale.com\/wp-content\/uploads\/2024\/10\/Elfworld-Plus-20000-puffs-300x300.jpg",300,300,true],"woocommerce_single":["https:\/\/rmvapesale.com\/wp-content\/uploads\/2024\/10\/Elfworld-Plus-20000-puffs-600x600.jpg",600,600,true],"woocommerce_gallery_thumbnail":["https:\/\/rmvapesale.com\/wp-content\/uploads\/2024\/10\/Elfworld-Plus-20000-puffs-100x100.jpg",100,100,true],"wcpr-photo-reviews":["https:\/\/rmvapesale.com\/wp-content\/uploads\/2024\/10\/Elfworld-Plus-20000-puffs.jpg",500,500,false]},"uagb_author_info":{"display_name":"AMY","author_link":"https:\/\/rmvapesale.com\/sk\/author\/"},"uagb_comment_info":0,"uagb_excerpt":"Elf World Plus 20000 Puffs LED Display Screen Disposable ELFWORLD Plus 20000 Rechargeable Puff Vape Factory Price ELFWORLD Plus+ 20K Disposable Vape Pod Wholesale (Ship from most Germany warehouse and takes about 3-5 days\u00a0 to get arrive to most Europe countries like Netherlands, France, Italy, Spain, Switzerland, Sweden, Poland, etc. ) WhatsApp: +86 17776015835 &nbsp;","_links":{"self":[{"href":"https:\/\/rmvapesale.com\/sk\/wp-json\/wp\/v2\/product\/2582","targetHints":{"allow":["GET"]}}],"collection":[{"href":"https:\/\/rmvapesale.com\/sk\/wp-json\/wp\/v2\/product"}],"about":[{"href":"https:\/\/rmvapesale.com\/sk\/wp-json\/wp\/v2\/types\/product"}],"replies":[{"embeddable":true,"href":"https:\/\/rmvapesale.com\/sk\/wp-json\/wp\/v2\/comments?post=2582"}],"wp:featuredmedia":[{"embeddable":true,"href":"https:\/\/rmvapesale.com\/sk\/wp-json\/wp\/v2\/media\/2580"}],"wp:attachment":[{"href":"https:\/\/rmvapesale.com\/sk\/wp-json\/wp\/v2\/media?parent=2582"}],"wp:term":[{"taxonomy":"product_brand","embeddable":true,"href":"https:\/\/rmvapesale.com\/sk\/wp-json\/wp\/v2\/product_brand?post=2582"},{"taxonomy":"product_cat","embeddable":true,"href":"https:\/\/rmvapesale.com\/sk\/wp-json\/wp\/v2\/product_cat?post=2582"},{"taxonomy":"product_tag","embeddable":true,"href":"https:\/\/rmvapesale.com\/sk\/wp-json\/wp\/v2\/product_tag?post=2582"}],"curies":[{"name":"wp","href":"https:\/\/api.w.org\/{rel}","templated":true}]}}