{"id":2609,"date":"2024-10-30T08:06:20","date_gmt":"2024-10-30T08:06:20","guid":{"rendered":"https:\/\/rmvapesale.com\/?post_type=product&#038;p=2609"},"modified":"2024-10-31T03:48:31","modified_gmt":"2024-10-31T03:48:31","slug":"smart-disposable-vape-elfworld-ai-22000-puffs-led-display","status":"publish","type":"product","link":"https:\/\/rmvapesale.com\/sk\/product\/smart-disposable-vape-elfworld-ai-22000-puffs-led-display\/","title":{"rendered":"M\u00fadra jednorazov\u00e1 e-cigareta ELFWORLD AI 22000 potiahnut\u00ed s LED displejom"},"content":{"rendered":"<div class=\"B2VR9 CJHX3e\">\n<div class=\"wyccme\">\n<h1 class=\"LC20lb MBeuO DKV0Md\">M\u00fadra jednorazov\u00e1 e-cigareta ELFWORLD AI 22000 potiahnut\u00ed s LED displejom<\/h1>\n<div class=\"flex-shrink-0 flex flex-col relative items-end\">\n<div class=\"pt-0\">\n<div class=\"gizmo-bot-avatar flex h-8 w-8 items-center justify-center overflow-hidden rounded-full\">\n<div class=\"relative p-1 rounded-sm flex items-center justify-center bg-token-main-surface-primary text-token-text-primary h-8 w-8\">\n<p><strong>ELFWORLD AI 22000 potiahnut\u00ed inteligentn\u00fd jednorazov\u00fd vape s LED displejom<\/strong> je najlep\u0161ou vo\u013ebou pre vaperov, ktor\u00ed h\u013eadaj\u00fa inov\u00e1ciu, \u0161t\u00fdl a dlhodob\u00fd z\u00e1\u017eitok z vapovania. S obrovskou <strong>kapacitou 22000 potiahnut\u00ed<\/strong>, tento ve\u013ek\u00fd potiahnut\u00fd <strong>jednorazov\u00fd vape<\/strong> pon\u00faka dlhotrvaj\u00facu, bezprobl\u00e9mov\u00fa mo\u017enos\u0165 pre sk\u00fasen\u00fdch vaperov aj nov\u00e1\u010dikov.<\/p>\n<p><strong>Elegantn\u00fd dizajn a prenosnos\u0165<\/strong><br \/>\nThe <strong>Elf World AI 22000<\/strong> sa p\u00fd\u0161i elegantn\u00fdm, modern\u00fdm dizajnom s hladk\u00fdmi l\u00edniami a pr\u00e9miov\u00fdm povrchom, ktor\u00fd je rovnako pr\u00edjemn\u00fd na dotyk, ako aj na poh\u013ead. Tento <strong>box vape<\/strong> je kompaktn\u00fd a \u013eahk\u00fd, v\u010faka \u010domu sa \u013eahko pren\u00e1\u0161a. Napriek svojej \u013eahkej kon\u0161trukcii je vyroben\u00fd tak, aby vydr\u017eal ka\u017edodenn\u00e9 pou\u017e\u00edvanie, \u010do zaru\u010duje odolnos\u0165 bez obetovania svojho pr\u00e9miov\u00e9ho vzh\u013eadu.<\/p>\n<p><strong>Inteligentn\u00e1 technol\u00f3gia s nastavite\u013en\u00fdm pr\u00faden\u00edm vzduchu<\/strong><br \/>\nAko prav\u00fd <strong>Inteligentn\u00fd vaporiz\u00e9r<\/strong>, AI 22000 pon\u00faka prisp\u00f4sobite\u013en\u00fd z\u00e1\u017eitok v\u010faka funkcii nastavite\u013en\u00e9ho prietoku vzduchu, ktor\u00e1 pou\u017e\u00edvate\u013eom umo\u017e\u0148uje zvoli\u0165 si silu \u0165ahu, ktor\u00e1 najlep\u0161ie vyhovuje ich preferenci\u00e1m. Tento <strong>dob\u00edjac\u00ed vaporiz\u00e9r<\/strong> obsahuje v\u00fdkonn\u00fa bat\u00e9riu a LED displej, ktor\u00fd v\u00e1m v re\u00e1lnom \u010dase zobrazuje indik\u00e1tory \u017eivotnosti bat\u00e9rie a hladiny e-liquidu. T\u00e1to funkcia zais\u0165uje, \u017ee ste v\u017edy informovan\u00ed o tom, kedy je potrebn\u00e9 dobi\u0165 bat\u00e9riu a ste pripraven\u00ed u\u017e\u00edva\u0165 si nepreru\u0161ovan\u00e9 po\u0165ahy. Zariadenie s <strong>Nab\u00edjanie typu C<\/strong> portom poskytuje r\u00fdchle a pohodln\u00e9 nab\u00edjanie, ide\u00e1lne pre zanepr\u00e1zdnen\u00fdch pou\u017e\u00edvate\u013eov, ktor\u00ed chc\u00fa spo\u013eahliv\u00fd vaporiz\u00e9r.<\/p>\n<p><strong>Z\u00e1ver<\/strong><br \/>\nJednorazov\u00fd inteligentn\u00fd vaporiz\u00e9r ELFWORLD<strong> 22000 Puff<\/strong>\u00a0je dokonalou kombin\u00e1ciou \u0161t\u00fdlu, pokro\u010dilej technol\u00f3gie a dlhotrvaj\u00faceho v\u00fdkonu, v\u010faka \u010domu je jedn\u00fdm z <strong>najlep\u0161\u00edch jednorazov\u00fdch vaporiz\u00e9rov<\/strong> na trhu. Pre t\u00fdch, ktor\u00ed h\u013eadaj\u00fa vysokokapacitn\u00fa, odoln\u00fa a funkciami bohat\u00fa mo\u017enos\u0165, je ElfWorld AI 22000 ide\u00e1lnou vo\u013ebou. Objavte pohodlie a kvalitu tohto \u0161pi\u010dkov\u00e9ho vaporiz\u00e9ra, ktor\u00fd si m\u00f4\u017eete zak\u00fapi\u0165 v <strong>predajniach s vaporiz\u00e9rmi<\/strong>, <strong>jednorazov\u00e9 vaporiz\u00e9ry online<\/strong>alebo prostredn\u00edctvom <strong>vaporiz\u00e9ry vo ve\u013ekom<\/strong> na ve\u013ekoobchodn\u00e9 potreby.<\/p>\n<\/div>\n<\/div>\n<\/div>\n<\/div>\n<\/div>\n<\/div>\n<p><strong>Kontaktujte Amy pre spr\u00e1vnu odpove\u010f a vape kup\u00f3n!<\/strong><\/p>\n<p><img loading=\"lazy\" decoding=\"async\" class=\"size-full wp-image-1978\" src=\"https:\/\/rmvapesale.com\/wp-content\/uploads\/2024\/09\/Disposable-Vape-Wholesale.jpg\" alt=\"Jednorazov\u00fd vape ve\u013ekoobchod\" width=\"229\" height=\"300\" \/><\/p>\n<h3><a href=\"https:\/\/wa.me\/8617776015835\" target=\"_blank\" rel=\"noopener\"><span style=\"color: #ff0000\"><strong>WhatsApp: +86 17776015835<\/strong><\/span><\/a><\/h3>\n<p>&nbsp;<\/p>\n<h2><\/h2>\n<h2><strong>Jednorazov\u00fd inteligentn\u00fd vaporiz\u00e9r ELFWORLD AI 22000 <\/strong><strong>K\u013e\u00fa\u010dov\u00e9 vlastnosti<\/strong><\/h2>\n<ul class=\"wp-block-list\">\n<li>Potiahnut\u00ed: 22000 potiahnut\u00ed<\/li>\n<li>Sila nikot\u00ednu: 0 % 2 % 3 % 5 %<\/li>\n<li>Kapacita: 26 ml<\/li>\n<li>Bat\u00e9ria: 650mAh<\/li>\n<li>Materi\u00e1l \u0161pir\u00e1ly: 1.0*2 ohm du\u00e1lna sie\u0165ovan\u00e1 \u0161pir\u00e1la<\/li>\n<li>Displej: Digit\u00e1lny displej<\/li>\n<li>Nab\u00edjanie: Nab\u00edjate\u013en\u00e9 cez Type-C<\/li>\n<li>Nastavite\u013en\u00fd prietok vzduchu<\/li>\n<li>Dostupn\u00fdch 10 pr\u00edchut\u00ed<\/li>\n<\/ul>\n<figure id=\"attachment_2619\" aria-describedby=\"caption-attachment-2619\" style=\"width: 600px\" class=\"wp-caption alignnone\"><img loading=\"lazy\" decoding=\"async\" class=\"wp-image-2619 size-full\" src=\"https:\/\/rmvapesale.com\/wp-content\/uploads\/2024\/10\/Vape-22000-Puff-Rechargeable-Disposable-Vape.png\" alt=\"Vape 22000 potiahnut\u00ed nab\u00edjate\u013en\u00e1 jednorazov\u00e1 e-cigareta\" width=\"600\" height=\"849\" srcset=\"https:\/\/rmvapesale.com\/wp-content\/uploads\/2024\/10\/Vape-22000-Puff-Rechargeable-Disposable-Vape.png 600w, https:\/\/rmvapesale.com\/wp-content\/uploads\/2024\/10\/Vape-22000-Puff-Rechargeable-Disposable-Vape-212x300.png 212w\" sizes=\"auto, (max-width: 600px) 100vw, 600px\" \/><figcaption id=\"caption-attachment-2619\" class=\"wp-caption-text\">Vape 22000 potiahnut\u00ed nab\u00edjate\u013en\u00e1 jednorazov\u00e1 e-cigareta<\/figcaption><\/figure>\n<h2><strong>Najlep\u0161ia pr\u00edchu\u0165 pre <\/strong><strong>ELFWORLD AI 22000 potiahnut\u00ed inteligentn\u00e1 jednorazov\u00e1 e-cigareta<\/strong><\/h2>\n<p>S ka\u017ed\u00fdm potiahnut\u00edm <strong>Elf World AI 22000<\/strong> dod\u00e1va pln\u00e9, v\u00fdrazn\u00e9 pr\u00edchute, ktor\u00e9 zost\u00e1vaj\u00fa konzistentn\u00e9 od prv\u00e9ho do posledn\u00e9ho potiahnutia. Dostupn\u00e9 v \u0161irokej \u0161k\u00e1le mo\u017enost\u00ed, t\u00e1to <strong>n\u00edzkonicot\u00ednov\u00e1 elektronick\u00e1 cigareta<\/strong> pon\u00faka uspokojiv\u00fd a jemn\u00fd z\u00e1\u017eitok pre vaperov, ktor\u00ed uprednost\u0148uj\u00fa kvalitu aj chu\u0165.<\/p>\n<p>1.Mango jablko hru\u0161ka<br \/>\n2.Chladn\u00e9 mango<br \/>\n3.Zelen\u00e9 jablko<br \/>\n4.Tigria krv <span style=\"color: #ff0000\"><strong>&gt;&gt;&gt;&gt; Hor\u00face!<\/strong><\/span><br \/>\n5.\u010cu\u010doriedkov\u00fd \u013ead <span style=\"color: #ff0000\"><strong>&gt;&gt;&gt;&gt; Hor\u00face!<\/strong><\/span><br \/>\n6.M\u00e4ta<br \/>\n7.Mix bob\u00fa\u013e <span style=\"color: #ff0000\"><strong>&gt;&gt;&gt;&gt; Najlep\u0161ie!<\/strong><\/span><br \/>\n8.Hroznov\u00fd \u013ead<br \/>\n9.Mel\u00f3nov\u00fd \u013ead<br \/>\n10.\u010cu\u010doriedkov\u00e1 m\u00e4ta<br \/>\n11.Jahodov\u00fd \u013ead<br \/>\n12.\u0160\u0165avnat\u00fd brosky\u0148ov\u00fd \u013ead<br \/>\n13.Modr\u00fd Razz \u013ead<br \/>\n14.\u010cere\u0161\u0148ov\u00fd citr\u00f3n<br \/>\n15.Jahodov\u00fd mel\u00f3n<\/p>\n<p>&nbsp;<\/p>\n<h3><strong>Pre\u010do si vybra\u0165 Rmvapesale pre jednorazov\u00fa e-cigaretu ELFWORLD 22000 Puffs s LED displejom<\/strong><strong>?<\/strong><\/h3>\n<div class=\"flex-shrink-0 flex flex-col relative items-end\">\n<div class=\"pt-0\">\n<div class=\"gizmo-bot-avatar flex h-8 w-8 items-center justify-center overflow-hidden rounded-full\">\n<div class=\"relative p-1 rounded-sm flex items-center justify-center bg-token-main-surface-primary text-token-text-primary h-8 w-8\">\n<p>Vitajte v Rmvapesale, va\u0161om d\u00f4veryhodnom obchode s vape pre pr\u00e9miov\u00e9 jednorazov\u00e9 vapy. S viac ako 5 ro\u010dn\u00fdmi sk\u00fasenos\u0165ami v\u00e1m prin\u00e1\u0161ame popul\u00e1rne zna\u010dky jednorazov\u00fdch vape ako Al Fakher, Vapme Vape, <a href=\"https:\/\/rmvapesale.com\/sk\/product\/vapme-crystal-7000-puffs-rechargeable-disposable-vape-price\/\">Vapme<\/a>, <a href=\"https:\/\/rmvapesale.com\/sk\/product-category\/bang-vapes\/\">Bang Vape<\/a>, Waspe, <a href=\"https:\/\/rmvapesale.com\/sk\/product\/wga-crystal-pro-max-extra-15k-puffs-disposable-vape-wholesale\/\">WGA<\/a> Vape a<a href=\"https:\/\/rmvapesale.com\/sk\/product-category\/randm-fumot-vape\/\"> RandM Vape<\/a>.<\/p>\n<p>N\u00e1\u0161 sortiment zah\u0155\u0148a popul\u00e1rne jednorazov\u00e9 vapky ako <a href=\"https:\/\/rmvapesale.com\/sk\/product\/fumot-digital-box-12000-disposable-vape-pink-lemonade-flavor\/\">RandM 12k<\/a> a vo\u013eby bohat\u00e9 na chu\u0165 ako napr\u00edklad <a href=\"https:\/\/rmvapesale.com\/sk\/product\/wga-crystal-pro-max-extra-15k-puffs-disposable-vape-wholesale\/\">WGA Crystal Pro Max 15K Puffs<\/a>. Ka\u017ed\u00fd produkt je vybran\u00fd so zameran\u00edm na kvalitu, hodnotu a rozmanitos\u0165, \u010do zais\u0165uje, \u017ee n\u00e1jdete perfektn\u00fa vo\u013ebu pre va\u0161e potreby. Objavte v\u00fdnimo\u010dn\u00e9 slu\u017eby a \u0161irok\u00fa \u0161k\u00e1lu \u0161pi\u010dkov\u00fdch produktov v Rmvapesale.<\/p>\n<\/div>\n<h3><\/h3>\n<div class=\"relative p-1 rounded-sm flex items-center justify-center bg-token-main-surface-primary text-token-text-primary h-8 w-8\">\n<h3><b>\u010cast\u00e9 ot\u00e1zky o e-cigarete ELFWORLD 22000<\/b><\/h3>\n<\/div>\n<p><strong>M\u00f4\u017eem si vzia\u0165 jednorazov\u00fa elektronick\u00fa cigaretu do lietadla?<\/strong><br \/>\n\u00c1no, jednorazov\u00e9 vapy ako napr\u00edklad <strong>Elf World AI 22000 Puffs<\/strong> s\u00fa na palube lietadla povolen\u00e9, av\u0161ak len v pr\u00edru\u010dnej bato\u017eine kv\u00f4li predpisom o bat\u00e9ri\u00e1ch. Uistite sa, \u017ee je zariadenie vypnut\u00e9, a skontrolujte si podmienky leteckej spolo\u010dnosti, \u010di nemaj\u00fa obmedzenia pre vapovacie produkty.<\/p>\n<p><strong>Je jednorazov\u00fd inteligentn\u00fd vape Elf World AI 22000 Puffs vhodn\u00fd pre za\u010diato\u010dn\u00edkov?<\/strong><br \/>\n\u00c1no, <strong>Elf World AI 22000 Puffs<\/strong> je vhodn\u00fd pre za\u010diato\u010dn\u00edkov. M\u00e1 u\u017e\u00edvate\u013esky pr\u00edvetiv\u00fd a elegantn\u00fd dizajn, nastavite\u013en\u00fd prietok vzduchu a pohodln\u00fd <strong>LED displej<\/strong> pre sledovanie stavu bat\u00e9rie a e-liquidu, \u010do u\u013eah\u010duje za\u010diato\u010dn\u00edkom sledovanie pou\u017e\u00edvania.<\/p>\n<p><strong>Ktor\u00e9 jednorazov\u00e9 vapy s displejom s\u00fa ob\u013e\u00faben\u00e9?<\/strong><br \/>\nMedzi <strong>najpred\u00e1vanej\u0161\u00edmi jednorazov\u00fdmi vapmi<\/strong> s displejom vynik\u00e1 <strong>Elf World AI 22000 Puffs<\/strong> pre svoje pokro\u010dil\u00e9 funkcie, dlh\u00fa v\u00fddr\u017e a\u017e 22 000 po\u0165ahov a nastavite\u013en\u00fd prietok vzduchu, \u010do z neho rob\u00ed najlep\u0161iu vo\u013ebu pre vaperov, ktor\u00ed h\u013eadaj\u00fa technologicky vyspel\u00fd z\u00e1\u017eitok.<\/p>\n<p><strong>Ako zist\u00edm, \u017ee je m\u00f4j inteligentn\u00fd jednorazov\u00fd vape Elf World pr\u00e1zdny?<\/strong><br \/>\nThe <strong>LED displeji<\/strong> na <strong>Elf World AI 22000 Puffs<\/strong> poskytuje inform\u00e1cie o stave bat\u00e9rie a e-liquidu v re\u00e1lnom \u010dase, tak\u017ee si m\u00f4\u017eete \u013eahko skontrolova\u0165, kedy sa vapu m\u00ed\u0148a n\u00e1pl\u0148 alebo je pr\u00e1zdny.<\/p>\n<p><strong>Ako dlho by mal vydr\u017ea\u0165 Elf World AI 22000 Puffs vape?<\/strong><br \/>\nThe <strong>Elf World AI 22000 Puffs<\/strong> je navrhnut\u00fd tak, aby vydr\u017eal pribli\u017ene <strong>22 000 po\u0165ahov<\/strong>, \u010do z neho rob\u00ed dlhotrvaj\u00facu vo\u013ebu pre pr\u00edle\u017eitostn\u00fdch aj \u010dast\u00fdch vaperov. Pri miernom pou\u017e\u00edvan\u00ed m\u00f4\u017ee toto zariadenie vydr\u017ea\u0165 t\u00fd\u017edne, v z\u00e1vislosti od individu\u00e1lnych zvykov pou\u017e\u00edvania.<\/p>\n<div class=\"relative p-1 rounded-sm flex items-center justify-center bg-token-main-surface-primary text-token-text-primary h-8 w-8\">\n<p>&nbsp;<\/p>\n<\/div>\n<\/div>\n<\/div>\n<\/div>\n<h3>O doru\u010den\u00ed<\/h3>\n<div class=\"flex-shrink-0 flex flex-col relative items-end\">\n<div>\n<div class=\"pt-0\">\n<div class=\"gizmo-bot-avatar flex h-8 w-8 items-center justify-center overflow-hidden rounded-full\">\n<div><\/div>\n<div class=\"relative p-1 rounded-sm flex items-center justify-center bg-token-main-surface-primary text-token-text-primary h-8 w-8\"><strong>1. Ak\u00e9 sp\u00f4soby doru\u010denia pou\u017e\u00edvate?<\/strong><\/div>\n<\/div>\n<\/div>\n<\/div>\n<\/div>\n<div class=\"group\/conversation-turn relative flex w-full min-w-0 flex-col agent-turn\">\n<div class=\"flex-col gap-1 md:gap-3\">\n<div class=\"flex max-w-full flex-col flex-grow\">\n<div class=\"min-h-[20px] text-message flex w-full flex-col items-end gap-2 whitespace-normal break-words [.text-message+&amp;]:mt-5 overflow-x-auto\" dir=\"auto\" data-message-author-role=\"assistant\" data-message-id=\"22f8283b-3233-46ff-89a5-c7a41b33abda\">\n<div class=\"flex w-full flex-col gap-1 empty:hidden first:pt-[3px]\">\n<div class=\"markdown prose w-full break-words dark:prose-invert light\">\n<p>Spolupracujeme so spolo\u010dnos\u0165ami UPS, DHL, FedEx, DPD a \u010fal\u0161\u00edmi popredn\u00fdmi dopravcami. Vyberieme najlep\u0161\u00ed sp\u00f4sob doru\u010denia na z\u00e1klade va\u0161ej adresy, aby sme zaistili, \u017ee svoje produkty dostanete \u010do najr\u00fdchlej\u0161ie.<\/p>\n<\/div>\n<p><strong>2. Ako dlho trv\u00e1 doru\u010denie?<\/strong><\/p>\n<p>Bal\u00edky doru\u010dovan\u00e9 na Slovensko zvy\u010dajne dorazia do 10 pracovn\u00fdch dn\u00ed. Doru\u010denie do eur\u00f3pskych kraj\u00edn zvy\u010dajne trv\u00e1 asi 12-15 pracovn\u00fdch dn\u00ed. Budeme v\u00e1s informova\u0165 o stave doru\u010denia v re\u00e1lnom \u010dase.<\/p>\n<\/div>\n<\/div>\n<\/div>\n<\/div>\n<\/div>\n<p>&nbsp;<\/p>\n<p>N\u00e1jdite \u010fal\u0161ie vape produkty, ktor\u00e9 by sa v\u00e1m mohli p\u00e1\u010di\u0165:<strong><em><a href=\"https:\/\/rmvapesale.com\/sk\/shop-2\/\">nakupova\u0165 teraz &gt;&gt;&gt;<\/a><\/em><\/strong><\/p>","protected":false},"excerpt":{"rendered":"<p>Elf World AI 22000 potiahnut\u00ed jednorazov\u00fd vape s displejom<br \/>\nVape 22000 potiahnut\u00ed nab\u00edjate\u013en\u00e1 jednorazov\u00e1 e-cigareta<br \/>\nELFWORLD AI 22000 potiahnut\u00ed jednorazov\u00fd vape ve\u013ekoobchod<\/p>\n<p><img loading=\"lazy\" decoding=\"async\" class=\"size-full wp-image-2375\" src=\"https:\/\/rmvapesale.com\/wp-content\/uploads\/2024\/10\/image.png\" alt=\"Najlep\u0161\u00ed jednorazov\u00fd vape\" width=\"229\" height=\"300\" \/><\/p>\n<h3><a href=\"https:\/\/wa.me\/8617776015835\"><span style=\"color: #ff0000\"><strong>WhatsApp: +86 17776015835<\/strong><\/span><\/a><\/h3>\n<p>&nbsp;<\/p>","protected":false},"featured_media":2617,"comment_status":"open","ping_status":"closed","template":"","meta":{"_uag_custom_page_level_css":"","_lmt_disableupdate":"no","_lmt_disable":"","site-sidebar-layout":"default","site-content-layout":"content-boxed-container","ast-site-content-layout":"normal-width-container","site-content-style":"boxed","site-sidebar-style":"unboxed","ast-global-header-display":"","ast-banner-title-visibility":"","ast-main-header-display":"","ast-hfb-above-header-display":"","ast-hfb-below-header-display":"","ast-hfb-mobile-header-display":"","site-post-title":"","ast-breadcrumbs-content":"","ast-featured-img":"","footer-sml-layout":"","ast-disable-related-posts":"","theme-transparent-header-meta":"default","adv-header-id-meta":"","stick-header-meta":"","header-above-stick-meta":"","header-main-stick-meta":"","header-below-stick-meta":"","astra-migrate-meta-layouts":"set","ast-page-background-enabled":"default","ast-page-background-meta":{"desktop":{"background-color":"var(--ast-global-color-4)","background-image":"","background-repeat":"repeat","background-position":"center center","background-size":"auto","background-attachment":"scroll","background-type":"","background-media":"","overlay-type":"","overlay-color":"","overlay-opacity":"","overlay-gradient":""},"tablet":{"background-color":"","background-image":"","background-repeat":"repeat","background-position":"center center","background-size":"auto","background-attachment":"scroll","background-type":"","background-media":"","overlay-type":"","overlay-color":"","overlay-opacity":"","overlay-gradient":""},"mobile":{"background-color":"","background-image":"","background-repeat":"repeat","background-position":"center center","background-size":"auto","background-attachment":"scroll","background-type":"","background-media":"","overlay-type":"","overlay-color":"","overlay-opacity":"","overlay-gradient":""}},"ast-content-background-meta":{"desktop":{"background-color":"var(--ast-global-color-5)","background-image":"","background-repeat":"repeat","background-position":"center center","background-size":"auto","background-attachment":"scroll","background-type":"","background-media":"","overlay-type":"","overlay-color":"","overlay-opacity":"","overlay-gradient":""},"tablet":{"background-color":"var(--ast-global-color-5)","background-image":"","background-repeat":"repeat","background-position":"center center","background-size":"auto","background-attachment":"scroll","background-type":"","background-media":"","overlay-type":"","overlay-color":"","overlay-opacity":"","overlay-gradient":""},"mobile":{"background-color":"var(--ast-global-color-5)","background-image":"","background-repeat":"repeat","background-position":"center center","background-size":"auto","background-attachment":"scroll","background-type":"","background-media":"","overlay-type":"","overlay-color":"","overlay-opacity":"","overlay-gradient":""}},"_joinchat":[]},"product_brand":[],"product_cat":[15,27,25,195,123,30,26,28,137,136,135],"product_tag":[146,188,167,198,165,85,191,120],"class_list":{"0":"post-2609","1":"product","2":"type-product","3":"status-publish","4":"has-post-thumbnail","6":"product_cat-new-vape-this-week","7":"product_cat-fance-hot-sale-vape","8":"product_cat-germany-best-selling-vape","9":"product_cat-germany-warehouse","10":"product_cat-italy-wholesale-vape","11":"product_cat-minimum-order-quantity-50pcs","12":"product_cat-netherlands-hot-sale-vape","13":"product_cat-poland-hot-sale-vape","14":"product_cat-rechargeable-vapes","15":"product_cat-smart-screen-vapes","16":"product_cat-spain-best-hot-sale-vape","17":"product_tag-best-hot-sale-vape","18":"product_tag-buy-vapes-online","19":"product_tag-disposable-vape-with-screen","20":"product_tag-elfworld-vape","21":"product_tag-rechargeable-vapes","22":"product_tag-smart-disposable-vape","23":"product_tag-vape-box","24":"product_tag-vape-wholesale","25":"desktop-align-left","26":"tablet-align-left","27":"mobile-align-left","29":"first","30":"instock","31":"sale","32":"shipping-taxable","33":"purchasable","34":"product-type-simple"},"uagb_featured_image_src":{"full":["https:\/\/rmvapesale.com\/wp-content\/uploads\/2024\/10\/ELFWORLD-AI-22000-Puffs-Disposable-Vape.png",800,800,false],"thumbnail":["https:\/\/rmvapesale.com\/wp-content\/uploads\/2024\/10\/ELFWORLD-AI-22000-Puffs-Disposable-Vape-150x150.png",150,150,true],"medium":["https:\/\/rmvapesale.com\/wp-content\/uploads\/2024\/10\/ELFWORLD-AI-22000-Puffs-Disposable-Vape-300x300.png",300,300,true],"medium_large":["https:\/\/rmvapesale.com\/wp-content\/uploads\/2024\/10\/ELFWORLD-AI-22000-Puffs-Disposable-Vape-768x768.png",768,768,true],"large":["https:\/\/rmvapesale.com\/wp-content\/uploads\/2024\/10\/ELFWORLD-AI-22000-Puffs-Disposable-Vape.png",800,800,false],"1536x1536":["https:\/\/rmvapesale.com\/wp-content\/uploads\/2024\/10\/ELFWORLD-AI-22000-Puffs-Disposable-Vape.png",800,800,false],"2048x2048":["https:\/\/rmvapesale.com\/wp-content\/uploads\/2024\/10\/ELFWORLD-AI-22000-Puffs-Disposable-Vape.png",800,800,false],"trp-custom-language-flag":["https:\/\/rmvapesale.com\/wp-content\/uploads\/2024\/10\/ELFWORLD-AI-22000-Puffs-Disposable-Vape.png",12,12,false],"woocommerce_thumbnail":["https:\/\/rmvapesale.com\/wp-content\/uploads\/2024\/10\/ELFWORLD-AI-22000-Puffs-Disposable-Vape-300x300.png",300,300,true],"woocommerce_single":["https:\/\/rmvapesale.com\/wp-content\/uploads\/2024\/10\/ELFWORLD-AI-22000-Puffs-Disposable-Vape-600x600.png",600,600,true],"woocommerce_gallery_thumbnail":["https:\/\/rmvapesale.com\/wp-content\/uploads\/2024\/10\/ELFWORLD-AI-22000-Puffs-Disposable-Vape-100x100.png",100,100,true],"wcpr-photo-reviews":["https:\/\/rmvapesale.com\/wp-content\/uploads\/2024\/10\/ELFWORLD-AI-22000-Puffs-Disposable-Vape.png",500,500,false]},"uagb_author_info":{"display_name":"AMY","author_link":"https:\/\/rmvapesale.com\/sk\/author\/"},"uagb_comment_info":0,"uagb_excerpt":"Elf World AI 22000 Puffs Screen Display Disposable Vape Vape 22000 Puff Rechargeable Disposable E-Cigarette ELFWORLD AI 22000 Puffs Disposable Vape Wholesale WhatsApp: +86 17776015835 &nbsp;","_links":{"self":[{"href":"https:\/\/rmvapesale.com\/sk\/wp-json\/wp\/v2\/product\/2609","targetHints":{"allow":["GET"]}}],"collection":[{"href":"https:\/\/rmvapesale.com\/sk\/wp-json\/wp\/v2\/product"}],"about":[{"href":"https:\/\/rmvapesale.com\/sk\/wp-json\/wp\/v2\/types\/product"}],"replies":[{"embeddable":true,"href":"https:\/\/rmvapesale.com\/sk\/wp-json\/wp\/v2\/comments?post=2609"}],"wp:featuredmedia":[{"embeddable":true,"href":"https:\/\/rmvapesale.com\/sk\/wp-json\/wp\/v2\/media\/2617"}],"wp:attachment":[{"href":"https:\/\/rmvapesale.com\/sk\/wp-json\/wp\/v2\/media?parent=2609"}],"wp:term":[{"taxonomy":"product_brand","embeddable":true,"href":"https:\/\/rmvapesale.com\/sk\/wp-json\/wp\/v2\/product_brand?post=2609"},{"taxonomy":"product_cat","embeddable":true,"href":"https:\/\/rmvapesale.com\/sk\/wp-json\/wp\/v2\/product_cat?post=2609"},{"taxonomy":"product_tag","embeddable":true,"href":"https:\/\/rmvapesale.com\/sk\/wp-json\/wp\/v2\/product_tag?post=2609"}],"curies":[{"name":"wp","href":"https:\/\/api.w.org\/{rel}","templated":true}]}}