{"id":2628,"date":"2024-10-31T08:10:13","date_gmt":"2024-10-31T08:10:13","guid":{"rendered":"https:\/\/rmvapesale.com\/?post_type=product&#038;p=2628"},"modified":"2024-10-31T09:26:49","modified_gmt":"2024-10-31T09:26:49","slug":"bang-vape-12000-puff-rechargeable-disposable-vape-wholesale","status":"publish","type":"product","link":"https:\/\/rmvapesale.com\/sk\/product\/bang-vape-12000-puff-rechargeable-disposable-vape-wholesale\/","title":{"rendered":"Bang Vape 12000 \u0164ahov Nab\u00edjate\u013en\u00e1 Jednorazov\u00e1 Vape Ve\u013ekoobchod"},"content":{"rendered":"<div class=\"B2VR9 CJHX3e\">\n<div class=\"wyccme\">\n<h1 class=\"LC20lb MBeuO DKV0Md\">Bang Vape 12000 \u0164ahov Nab\u00edjate\u013en\u00e1 Jednorazov\u00e1 Vape Ve\u013ekoobchod<\/h1>\n<div class=\"flex-shrink-0 flex flex-col relative items-end\">\n<div class=\"pt-0\">\n<div class=\"gizmo-bot-avatar flex h-8 w-8 items-center justify-center overflow-hidden rounded-full\">\n<div class=\"relative p-1 rounded-sm flex items-center justify-center bg-token-main-surface-primary text-token-text-primary h-8 w-8\"><\/div>\n<p>The <strong>Bang Vape 12000 Pufov Dob\u00edjate\u013en\u00e1 Jednorazov\u00e1 Vape<\/strong> prin\u00e1\u0161a v\u00fdkonn\u00fd v\u00fdkon a rozmanitos\u0165 chut\u00ed, \u010do rob\u00ed z nej ob\u013e\u00faben\u00fa vape pre ka\u017ed\u00e9ho, kto h\u013ead\u00e1 pr\u00e9miov\u00fd z\u00e1\u017eitok z jednorazov\u00e9ho vapovania. S p\u00f4sobiv\u00fdm <strong>T\u00e1to vape pon\u00faka neuverite\u013en\u00fdch<\/strong> kapacitou 23 ml e-liquidu <strong>dob\u00edjate\u013en\u00e1 bat\u00e9ria 550mAh<\/strong>, tento <strong>Bang Vape<\/strong> je navrhnut\u00e1 pre pohodlie a dlhodob\u00e9 pote\u0161enie. The <strong>kapacita e-liquidu 18ml<\/strong> poskytuje konzistentn\u00fa chu\u0165 po\u010das cel\u00e9ho pou\u017e\u00edvania a \u00farovne nikot\u00ednu s\u00fa dostupn\u00e9 v <strong>0%, 2% a 5%<\/strong> pre prisp\u00f4sobite\u013en\u00fa spokojnos\u0165.<\/p>\n<p>S jednoduch\u00fdm na pou\u017e\u00edvanie, bez\u00fadr\u017ebov\u00fdm dizajnom, tento <strong>Bang Vape Jednorazov\u00e1<\/strong> je ide\u00e1lny pre za\u010diato\u010dn\u00edkov aj sk\u00fasen\u00fdch vap\u00e9rov. Za\u017eite kvalitu pri ka\u017edom potiahnut\u00ed a vychutnajte si jednoduchos\u0165 <strong>Bang Bars<\/strong> v praktickom <strong>\u0161lukov\u00e9 vapo<\/strong> form\u00e1te.<\/p>\n<p>Pre objavenie celej ponuky <strong>Bang Vape 12000 Pufov<\/strong>, nav\u0161t\u00edvte <strong>rmvapesale<\/strong>, d\u00f4veryhodn\u00fd <strong>majite\u013eov obchodov s vapingom<\/strong> pon\u00faka <strong>ve\u013ekoobchod s vapkami<\/strong> a skvel\u00e9 ponuky na <strong>Bang Box<\/strong> a in\u00e9 <strong>Jednorazov\u00e1 vapa Bang<\/strong> produkty.<\/p>\n<p>&nbsp;<\/p>\n<\/div>\n<\/div>\n<\/div>\n<\/div>\n<\/div>\n<p><strong>Kontaktujte Amy pre spr\u00e1vnu odpove\u010f a vape kup\u00f3n!<\/strong><\/p>\n<p><img loading=\"lazy\" decoding=\"async\" class=\"size-full wp-image-1978\" src=\"https:\/\/rmvapesale.com\/wp-content\/uploads\/2024\/09\/Disposable-Vape-Wholesale.jpg\" alt=\"Jednorazov\u00fd vape ve\u013ekoobchod\" width=\"229\" height=\"300\" \/><\/p>\n<h3><a href=\"https:\/\/wa.me\/8617776015835\" target=\"_blank\" rel=\"noopener\"><span style=\"color: #ff0000\"><strong>WhatsApp: +86 17776015835<\/strong><\/span><\/a><\/h3>\n<p>&nbsp;<\/p>\n<h2>K\u013e\u00fa\u010dov\u00e9 vlastnosti Bang Vape 12000 Puff:<\/h2>\n<ul>\n<li><strong>Obrovsk\u00fdch 12 000 potiahnut\u00ed<\/strong> s hladk\u00fdm, konzistentn\u00fdm dodan\u00edm<\/li>\n<li><strong>Dob\u00edjate\u013en\u00e1 bat\u00e9ria 550mAh<\/strong> s portom Type-C pre r\u00fdchle nab\u00edjanie<\/li>\n<li><strong>kapacita e-liquidu 18ml<\/strong> v ka\u017edom zariaden\u00ed, \u010do zabezpe\u010duje menej \u010dast\u00fa v\u00fdmenu<\/li>\n<li><strong>Mo\u017enosti nikot\u00ednu<\/strong>: Vyberte si medzi 2% alebo 5% pre ide\u00e1lny z\u00e1\u017eitok<\/li>\n<li><strong>12 lahodn\u00fdch pr\u00edchut\u00ed<\/strong>: U\u017eite si jedine\u010dn\u00e9 mo\u017enosti ako <strong>Blueberry Ice, Black Dragon Ice, Cherry Cola, Watermelon Bubblegum, a Peach Ice<\/strong><\/li>\n<\/ul>\n<h2><strong>Najlep\u0161ia pr\u00edchu\u0165 pre <\/strong><strong>Dob\u00edjate\u013en\u00e1 Bang Box Vape 12000<\/strong><\/h2>\n<p>The <strong>Bang Box Vape 12000<\/strong> je dostupn\u00e1 v 12 fantastick\u00fdch pr\u00edchutiach, ktor\u00e9 uspokoja \u0161irok\u00fa \u0161k\u00e1lu chut\u00ed, od osvie\u017euj\u00facej <strong>Brosky\u0148ov\u00fd \u013ead<\/strong> a sladkej <strong>Triple Berry<\/strong> a\u017e po kysl\u00fa <strong>\u010cu\u010doriedkov\u00fd citr\u00f3n<\/strong>. Medzi \u010fal\u0161ie ob\u013e\u00faben\u00e9 mo\u017enosti patr\u00ed:<\/p>\n<p>1. Mel\u00f3n <span style=\"color: #ff0000\"><strong>&gt;&gt;&gt;&gt; Hor\u00face!<\/strong><\/span><br \/>\n2.Strawberry Watermelon<br \/>\n3.Blueberry Ice<br \/>\n4. \u010cu\u010doriedkov\u00e1 malina <span style=\"color: #ff0000\"><strong>&gt;&gt;&gt;&gt; Hor\u00face!<\/strong><\/span><br \/>\n5. Jahoda mango<br \/>\n6. \u013dad \u010cierny drak<br \/>\n7. \u010cere\u0161\u0148ov\u00e1 cola<br \/>\n8. \u010cu\u010doriedka hrozno<br \/>\n9. Trojzrnkov\u00e1 zmes <span style=\"color: #ff0000\"><strong>&gt;&gt;&gt;&gt; Najlep\u0161ie!<\/strong><\/span><br \/>\n10. Jahoda kiwi<br \/>\n11.Brosky\u0148ov\u00fd \u013ead<br \/>\n12.Watermelon Bubblegum<\/p>\n<figure id=\"attachment_2635\" aria-describedby=\"caption-attachment-2635\" style=\"width: 600px\" class=\"wp-caption alignnone\"><img loading=\"lazy\" decoding=\"async\" class=\"wp-image-2635 size-full\" src=\"https:\/\/rmvapesale.com\/wp-content\/uploads\/2024\/10\/Bang-Vape-Dispsable-Wholesale.jpg\" alt=\"Ve\u013ekoobchod Bang Vape Dispsable\" width=\"600\" height=\"1050\" srcset=\"https:\/\/rmvapesale.com\/wp-content\/uploads\/2024\/10\/Bang-Vape-Dispsable-Wholesale.jpg 600w, https:\/\/rmvapesale.com\/wp-content\/uploads\/2024\/10\/Bang-Vape-Dispsable-Wholesale-171x300.jpg 171w, https:\/\/rmvapesale.com\/wp-content\/uploads\/2024\/10\/Bang-Vape-Dispsable-Wholesale-585x1024.jpg 585w\" sizes=\"auto, (max-width: 600px) 100vw, 600px\" \/><figcaption id=\"caption-attachment-2635\" class=\"wp-caption-text\">Ve\u013ekoobchod Bang Vape Dispsable<\/figcaption><\/figure>\n<h3><strong>Pre\u010do si vybra\u0165 Rmvapesale pre Bang 12000 Puffs Jednorazov\u00fd Vaporiz\u00e9r<\/strong><strong>?<\/strong><\/h3>\n<div class=\"flex-shrink-0 flex flex-col relative items-end\">\n<div class=\"pt-0\">\n<div class=\"gizmo-bot-avatar flex h-8 w-8 items-center justify-center overflow-hidden rounded-full\">\n<div class=\"relative p-1 rounded-sm flex items-center justify-center bg-token-main-surface-primary text-token-text-primary h-8 w-8\">\n<p>Vitajte v Rmvapesale, va\u0161om d\u00f4veryhodnom obchode s vape pre pr\u00e9miov\u00e9 jednorazov\u00e9 vapy. S viac ako 5 ro\u010dn\u00fdmi sk\u00fasenos\u0165ami v\u00e1m prin\u00e1\u0161ame popul\u00e1rne zna\u010dky jednorazov\u00fdch vape ako Al Fakher, Vapme Vape, <a href=\"https:\/\/rmvapesale.com\/sk\/product\/vapme-crystal-7000-puffs-rechargeable-disposable-vape-price\/\">Vapme<\/a>, <a href=\"https:\/\/rmvapesale.com\/sk\/product-category\/bang-vapes\/\">Bang Vape<\/a>, Waspe, <a href=\"https:\/\/rmvapesale.com\/sk\/product\/wga-crystal-pro-max-extra-15k-puffs-disposable-vape-wholesale\/\">WGA<\/a> Vape a<a href=\"https:\/\/rmvapesale.com\/sk\/product-category\/randm-fumot-vape\/\"> RandM Vape<\/a>.<\/p>\n<p>N\u00e1\u0161 sortiment zah\u0155\u0148a popul\u00e1rne jednorazov\u00e9 vapky ako <a href=\"https:\/\/rmvapesale.com\/sk\/product\/bang-box-vape-tornado-40000-puff-2-5-low-nicotine\/\">Bang Box Vape 40000 Pufov<\/a> a vo\u013eby bohat\u00e9 na chu\u0165 ako napr\u00edklad <a href=\"https:\/\/rmvapesale.com\/sk\/product\/randm-tornado-25000-puffs-disposable-vape-wholesale\/\">RandM 25000 Pufov<\/a>. Ka\u017ed\u00fd produkt je vybran\u00fd so zameran\u00edm na kvalitu, hodnotu a rozmanitos\u0165, \u010do zais\u0165uje, \u017ee n\u00e1jdete perfektn\u00fa vo\u013ebu pre va\u0161e potreby. Objavte v\u00fdnimo\u010dn\u00e9 slu\u017eby a \u0161irok\u00fa \u0161k\u00e1lu \u0161pi\u010dkov\u00fdch produktov v Rmvapesale.<\/p>\n<\/div>\n<h3><\/h3>\n<h3>\u010casto kladen\u00e9 ot\u00e1zky k Bang Vape 12000 Pufov Dob\u00edjate\u013en\u00e9mu Jednorazov\u00e9mu Vaporiz\u00e9ru<\/h3>\n<ol>\n<li><strong>Ako zist\u00edm, kedy je m\u00f4j jednorazov\u00fd vape pr\u00e1zdny?<\/strong> Ke\u010f v\u00e1\u0161 <strong>Bang Vape 12000 Pufov<\/strong> jednorazov\u00fd vaporiz\u00e9r je pr\u00e1zdny, m\u00f4\u017eete si v\u0161imn\u00fa\u0165 zn\u00ed\u017eenie intenzity chuti a produkcie pary. Okrem toho, ak zariadenie \u00faplne prestane produkova\u0165 paru, pravdepodobne to znamen\u00e1, \u017ee e-liquid bol \u00faplne spotrebovan\u00fd. Dob\u00edjate\u013en\u00fd, ale jednorazov\u00fd, je navrhnut\u00fd na v\u00fdmenu po vypr\u00e1zdnen\u00ed.<\/li>\n<li><strong>Ako dlho trv\u00e1 nab\u00edjanie Bang 12000 Pufov?<\/strong> The <strong>Bang 12000<\/strong> m\u00e1 <strong>bat\u00e9riu s kapacitou<\/strong> 550mAh <strong>a zvy\u010dajne trv\u00e1 pribli\u017ene<\/strong> 1\u20132 hodiny na \u00fapln\u00e9 nabitie<\/li>\n<li><strong>prostredn\u00edctvom jeho nab\u00edjacieho portu Type-C. T\u00e1to funkcia r\u00fdchleho nab\u00edjania zabezpe\u010duje, \u017ee sa r\u00fdchlo vr\u00e1tite k u\u017e\u00edvaniu vaporiz\u00e9ra.<\/strong> The <strong>Ko\u013eko nikot\u00ednu je v Bang Vape Tornado 12000?<\/strong> Bang Vape Tornado 12000 <strong>pon\u00faka nikot\u00ednov\u00e9 koncentr\u00e1cie v<\/strong> a <strong>2% (20mg)<\/strong>5% (50mg)<\/li>\n<li><strong>Kde k\u00fapi\u0165 Bang Vapes za ve\u013ekoobchodn\u00e9 ceny?<\/strong> M\u00f4\u017eete zak\u00fapi\u0165 Bang Vapes, vr\u00e1tane <strong>Bang Vape 12000 Puf, Bang 30k Puf <\/strong>a \u010fal\u0161\u00edch popul\u00e1rnych modelov, za ve\u013ekoobchodn\u00e9 ceny na <strong>rmvapesale<\/strong>. T\u00e1to d\u00f4veryhodn\u00e1 <strong>majite\u013eov obchodov s vapingom<\/strong> pon\u00faka \u0161irok\u00fd v\u00fdber <strong>Bang jednorazov\u00fdch vapov<\/strong> pre maloobchodn\u00fdch aj ve\u013ekoobchodn\u00fdch z\u00e1kazn\u00edkov.<\/li>\n<li><strong>M\u00f4\u017eem si vzia\u0165 jednorazov\u00fa elektronick\u00fa cigaretu do lietadla?<\/strong> \u00c1no, m\u00f4\u017eete si vzia\u0165 jednorazov\u00fd vap na lietadlo, ale mal by by\u0165 ulo\u017een\u00fd vo va\u0161ej pr\u00edru\u010dnej bato\u017eine, v s\u00falade s leteck\u00fdmi predpismi pre elektronick\u00e9 zariadenia. Nezabudnite si to overi\u0165 u leteckej spolo\u010dnosti vopred a po\u010das letu ho nepou\u017e\u00edvajte.<\/li>\n<\/ol>\n<\/div>\n<\/div>\n<\/div>\n<h3>O doru\u010den\u00ed<\/h3>\n<div class=\"flex-shrink-0 flex flex-col relative items-end\">\n<div>\n<div class=\"pt-0\">\n<div class=\"gizmo-bot-avatar flex h-8 w-8 items-center justify-center overflow-hidden rounded-full\">\n<div><\/div>\n<div class=\"relative p-1 rounded-sm flex items-center justify-center bg-token-main-surface-primary text-token-text-primary h-8 w-8\"><strong>1. Ak\u00e9 s\u00fa sp\u00f4soby doru\u010denia?<\/strong><\/div>\n<\/div>\n<\/div>\n<\/div>\n<\/div>\n<div class=\"group\/conversation-turn relative flex w-full min-w-0 flex-col agent-turn\">\n<div class=\"flex-col gap-1 md:gap-3\">\n<div class=\"flex max-w-full flex-col flex-grow\">\n<div class=\"min-h-[20px] text-message flex w-full flex-col items-end gap-2 whitespace-normal break-words [.text-message+&amp;]:mt-5 overflow-x-auto\" dir=\"auto\" data-message-author-role=\"assistant\" data-message-id=\"22f8283b-3233-46ff-89a5-c7a41b33abda\">\n<div class=\"flex w-full flex-col gap-1 empty:hidden first:pt-[3px]\">\n<div class=\"markdown prose w-full break-words dark:prose-invert light\">\n<p>Spolupracujeme so spolo\u010dnos\u0165ami UPS, DHL, FedEx, DPD a \u010fal\u0161\u00edmi popredn\u00fdmi dopravcami. Vyberieme najlep\u0161\u00ed sp\u00f4sob doru\u010denia na z\u00e1klade va\u0161ej adresy, aby sme zaistili, \u017ee svoje produkty dostanete \u010do najr\u00fdchlej\u0161ie.<\/p>\n<\/div>\n<p><strong>2. Ako dlho trv\u00e1 doru\u010denie?<\/strong><\/p>\n<p>Bal\u00edky doru\u010dovan\u00e9 na Slovensko zvy\u010dajne dorazia do 10 pracovn\u00fdch dn\u00ed. Doru\u010denie do eur\u00f3pskych kraj\u00edn zvy\u010dajne trv\u00e1 asi 12-15 pracovn\u00fdch dn\u00ed. Budeme v\u00e1s informova\u0165 o stave doru\u010denia v re\u00e1lnom \u010dase.<\/p>\n<\/div>\n<\/div>\n<\/div>\n<\/div>\n<\/div>\n<p>&nbsp;<\/p>\n<p>N\u00e1jdite \u010fal\u0161ie vape produkty, ktor\u00e9 by sa v\u00e1m mohli p\u00e1\u010di\u0165:<strong><em><a href=\"https:\/\/rmvapesale.com\/sk\/shop-2\/\">nakupova\u0165 teraz &gt;&gt;&gt;<\/a><\/em><\/strong><\/p>","protected":false},"excerpt":{"rendered":"<p>Origin\u00e1l Bang Vape 12000 Pufov Ve\u013ekoobchodn\u00e1 Cena<br \/>\nBang 12000 Pufov Dob\u00edjate\u013en\u00e1 Vape Hromadn\u00fd N\u00e1kup<br \/>\nK\u00fapte Bang Jednorazov\u00fa Vape 0% 2% 3% 5% Nikot\u00edn<\/p>\n<p><img loading=\"lazy\" decoding=\"async\" class=\"size-full wp-image-2375\" src=\"https:\/\/rmvapesale.com\/wp-content\/uploads\/2024\/10\/image.png\" alt=\"Najlep\u0161\u00ed jednorazov\u00fd vape\" width=\"229\" height=\"300\" \/><\/p>\n<h3><a href=\"https:\/\/wa.me\/8617776015835\"><span style=\"color: #ff0000\"><strong>WhatsApp: +86 17776015835<\/strong><\/span><\/a><\/h3>\n<p>&nbsp;<\/p>","protected":false},"featured_media":2633,"comment_status":"open","ping_status":"closed","template":"","meta":{"_uag_custom_page_level_css":"","_lmt_disableupdate":"no","_lmt_disable":"","site-sidebar-layout":"default","site-content-layout":"content-boxed-container","ast-site-content-layout":"normal-width-container","site-content-style":"boxed","site-sidebar-style":"unboxed","ast-global-header-display":"","ast-banner-title-visibility":"","ast-main-header-display":"","ast-hfb-above-header-display":"","ast-hfb-below-header-display":"","ast-hfb-mobile-header-display":"","site-post-title":"","ast-breadcrumbs-content":"","ast-featured-img":"","footer-sml-layout":"","theme-transparent-header-meta":"default","adv-header-id-meta":"","stick-header-meta":"","header-above-stick-meta":"","header-main-stick-meta":"","header-below-stick-meta":"","astra-migrate-meta-layouts":"set","ast-page-background-enabled":"default","ast-page-background-meta":{"desktop":{"background-color":"var(--ast-global-color-4)","background-image":"","background-repeat":"repeat","background-position":"center center","background-size":"auto","background-attachment":"scroll","background-type":"","background-media":"","overlay-type":"","overlay-color":"","overlay-opacity":"","overlay-gradient":""},"tablet":{"background-color":"","background-image":"","background-repeat":"repeat","background-position":"center center","background-size":"auto","background-attachment":"scroll","background-type":"","background-media":"","overlay-type":"","overlay-color":"","overlay-opacity":"","overlay-gradient":""},"mobile":{"background-color":"","background-image":"","background-repeat":"repeat","background-position":"center center","background-size":"auto","background-attachment":"scroll","background-type":"","background-media":"","overlay-type":"","overlay-color":"","overlay-opacity":"","overlay-gradient":""}},"ast-content-background-meta":{"desktop":{"background-color":"var(--ast-global-color-5)","background-image":"","background-repeat":"repeat","background-position":"center center","background-size":"auto","background-attachment":"scroll","background-type":"","background-media":"","overlay-type":"","overlay-color":"","overlay-opacity":"","overlay-gradient":""},"tablet":{"background-color":"var(--ast-global-color-5)","background-image":"","background-repeat":"repeat","background-position":"center center","background-size":"auto","background-attachment":"scroll","background-type":"","background-media":"","overlay-type":"","overlay-color":"","overlay-opacity":"","overlay-gradient":""},"mobile":{"background-color":"var(--ast-global-color-5)","background-image":"","background-repeat":"repeat","background-position":"center center","background-size":"auto","background-attachment":"scroll","background-type":"","background-media":"","overlay-type":"","overlay-color":"","overlay-opacity":"","overlay-gradient":""}},"_joinchat":[]},"product_brand":[],"product_cat":[15,25,123,26,28,135,27,60,137,136,30],"product_tag":[187,199,146,188,167,165,191,120],"class_list":{"0":"post-2628","1":"product","2":"type-product","3":"status-publish","4":"has-post-thumbnail","6":"product_cat-new-vape-this-week","7":"product_cat-germany-best-selling-vape","8":"product_cat-italy-wholesale-vape","9":"product_cat-netherlands-hot-sale-vape","10":"product_cat-poland-hot-sale-vape","11":"product_cat-spain-best-hot-sale-vape","12":"product_cat-fance-hot-sale-vape","13":"product_cat-bang-vapes","14":"product_cat-rechargeable-vapes","15":"product_cat-smart-screen-vapes","16":"product_cat-minimum-order-quantity-50pcs","17":"product_tag-bang-box-vape","18":"product_tag-bang-vape","19":"product_tag-best-hot-sale-vape","20":"product_tag-buy-vapes-online","21":"product_tag-disposable-vape-with-screen","22":"product_tag-rechargeable-vapes","23":"product_tag-vape-box","24":"product_tag-vape-wholesale","25":"desktop-align-left","26":"tablet-align-left","27":"mobile-align-left","29":"first","30":"instock","31":"sale","32":"shipping-taxable","33":"purchasable","34":"product-type-simple"},"uagb_featured_image_src":{"full":["https:\/\/rmvapesale.com\/wp-content\/uploads\/2024\/10\/Bang-Rechargeable-Vape-12000-Puff-Wholesale.jpg",600,634,false],"thumbnail":["https:\/\/rmvapesale.com\/wp-content\/uploads\/2024\/10\/Bang-Rechargeable-Vape-12000-Puff-Wholesale-150x150.jpg",150,150,true],"medium":["https:\/\/rmvapesale.com\/wp-content\/uploads\/2024\/10\/Bang-Rechargeable-Vape-12000-Puff-Wholesale-284x300.jpg",284,300,true],"medium_large":["https:\/\/rmvapesale.com\/wp-content\/uploads\/2024\/10\/Bang-Rechargeable-Vape-12000-Puff-Wholesale.jpg",600,634,false],"large":["https:\/\/rmvapesale.com\/wp-content\/uploads\/2024\/10\/Bang-Rechargeable-Vape-12000-Puff-Wholesale.jpg",600,634,false],"1536x1536":["https:\/\/rmvapesale.com\/wp-content\/uploads\/2024\/10\/Bang-Rechargeable-Vape-12000-Puff-Wholesale.jpg",600,634,false],"2048x2048":["https:\/\/rmvapesale.com\/wp-content\/uploads\/2024\/10\/Bang-Rechargeable-Vape-12000-Puff-Wholesale.jpg",600,634,false],"trp-custom-language-flag":["https:\/\/rmvapesale.com\/wp-content\/uploads\/2024\/10\/Bang-Rechargeable-Vape-12000-Puff-Wholesale.jpg",11,12,false],"woocommerce_thumbnail":["https:\/\/rmvapesale.com\/wp-content\/uploads\/2024\/10\/Bang-Rechargeable-Vape-12000-Puff-Wholesale-300x300.jpg",300,300,true],"woocommerce_single":["https:\/\/rmvapesale.com\/wp-content\/uploads\/2024\/10\/Bang-Rechargeable-Vape-12000-Puff-Wholesale.jpg",600,634,false],"woocommerce_gallery_thumbnail":["https:\/\/rmvapesale.com\/wp-content\/uploads\/2024\/10\/Bang-Rechargeable-Vape-12000-Puff-Wholesale-100x100.jpg",100,100,true],"wcpr-photo-reviews":["https:\/\/rmvapesale.com\/wp-content\/uploads\/2024\/10\/Bang-Rechargeable-Vape-12000-Puff-Wholesale.jpg",473,500,false]},"uagb_author_info":{"display_name":"AMY","author_link":"https:\/\/rmvapesale.com\/sk\/author\/"},"uagb_comment_info":0,"uagb_excerpt":"Original Bang Vape 12000 Puffs Wholesale Price Bang 12000 Puffs Rechargeable Vape Bulk Buy Buy Bang Disposable Vape 0% 2% 3% 5% Nicotine WhatsApp: +86 17776015835 &nbsp;","_links":{"self":[{"href":"https:\/\/rmvapesale.com\/sk\/wp-json\/wp\/v2\/product\/2628","targetHints":{"allow":["GET"]}}],"collection":[{"href":"https:\/\/rmvapesale.com\/sk\/wp-json\/wp\/v2\/product"}],"about":[{"href":"https:\/\/rmvapesale.com\/sk\/wp-json\/wp\/v2\/types\/product"}],"replies":[{"embeddable":true,"href":"https:\/\/rmvapesale.com\/sk\/wp-json\/wp\/v2\/comments?post=2628"}],"wp:featuredmedia":[{"embeddable":true,"href":"https:\/\/rmvapesale.com\/sk\/wp-json\/wp\/v2\/media\/2633"}],"wp:attachment":[{"href":"https:\/\/rmvapesale.com\/sk\/wp-json\/wp\/v2\/media?parent=2628"}],"wp:term":[{"taxonomy":"product_brand","embeddable":true,"href":"https:\/\/rmvapesale.com\/sk\/wp-json\/wp\/v2\/product_brand?post=2628"},{"taxonomy":"product_cat","embeddable":true,"href":"https:\/\/rmvapesale.com\/sk\/wp-json\/wp\/v2\/product_cat?post=2628"},{"taxonomy":"product_tag","embeddable":true,"href":"https:\/\/rmvapesale.com\/sk\/wp-json\/wp\/v2\/product_tag?post=2628"}],"curies":[{"name":"wp","href":"https:\/\/api.w.org\/{rel}","templated":true}]}}