{"id":2644,"date":"2024-11-01T03:33:21","date_gmt":"2024-11-01T03:33:21","guid":{"rendered":"https:\/\/rmvapesale.com\/?post_type=product&#038;p=2644"},"modified":"2024-11-01T07:28:51","modified_gmt":"2024-11-01T07:28:51","slug":"puff-vape-cold-mountain-alps-30000-shisha-hookah-bar-wholesale","status":"publish","type":"product","link":"https:\/\/rmvapesale.com\/sk\/product\/puff-vape-cold-mountain-alps-30000-shisha-hookah-bar-wholesale\/","title":{"rendered":"Puff Vape Cold Mountain ALPS 30000 Shisha Hookah Bar Ve\u013ekoobchod"},"content":{"rendered":"<div class=\"B2VR9 CJHX3e\">\n<div class=\"wyccme\">\n<h1 class=\"LC20lb MBeuO DKV0Md\">Puff Vape Cold Mountain ALPS 30000 Shisha Hookah Bar Ve\u013ekoobchodn\u00e1 cena<\/h1>\n<div class=\"flex-shrink-0 flex flex-col relative items-end\">\n<div class=\"pt-0\">\n<div class=\"gizmo-bot-avatar flex h-8 w-8 items-center justify-center overflow-hidden rounded-full\">\n<div class=\"relative p-1 rounded-sm flex items-center justify-center bg-token-main-surface-primary text-token-text-primary h-8 w-8\">\n<p>The <strong>Puff Vape Cold Mountain ALPS Shisha Hookah Bar\u00a0<\/strong>je pr\u00e9miov\u00e9 zariadenie, ktor\u00e9 prin\u00e1\u0161a pozoruhodn\u00fd z\u00e1\u017eitok z vapovania, ide\u00e1lne pre t\u00fdch, ktor\u00ed si cenia dlh\u00fa \u017eivotnos\u0165 a v\u00fdkon. S neuverite\u013en\u00fdm <strong>30 000 potiahnut\u00ed<\/strong>, tento <strong>jednorazov\u00fd vape<\/strong> je vyroben\u00fd tak, aby vydr\u017eal a poskytoval neust\u00e1lu spokojnos\u0165.<\/p>\n<p>The <strong>Cold Mountain ALPS<\/strong> je najnov\u0161ou inov\u00e1ciou v jednorazov\u00fdch e-cigaret\u00e1ch, ktor\u00e1 pon\u00faka efekt\u00edvnej\u0161ie a ekonomickej\u0161ie rie\u0161enie v porovnan\u00ed s in\u00fdmi zariadeniami, \u010d\u00edm \u0161etr\u00ed va\u0161e <strong>10-20%<\/strong> pri celkovom pou\u017e\u00edvan\u00ed. Navy\u0161e, integrovan\u00e1 <strong>LED obrazovka<\/strong> odstra\u0148uje dohady pri vapovan\u00ed, preto\u017ee jasne zobrazuje stav bat\u00e9rie a e-liquidu v re\u00e1lnom \u010dase. Vybaven\u00fd <strong>0,5-ohmovou sie\u0165ovou cievkou<\/strong>, Cold Mountain ALPS <strong>hookah shisha <\/strong>zlep\u0161uje chu\u0165 pri ka\u017edom \u0165ahu a poskytuje hladk\u00fa a bohat\u00fa paru. Jeho p\u00f4sobiv\u00e1 <strong>kapacitu e-liquidu 35 ml<\/strong> zni\u017euje potrebu \u010dastej v\u00fdmeny, \u010do je ide\u00e1lne pre dlhodob\u00e9 pou\u017e\u00edvanie. Vyberte si z n\u00edzkej sily nikot\u00ednu<strong> 2%<\/strong>, prisp\u00f4soben\u00e9 va\u0161im osobn\u00fdm preferenci\u00e1m.<\/p>\n<p>Tento <strong>vodn\u00e1 fajka vape<\/strong> zariadenie je vybaven\u00e9 spo\u013eahlivou <strong>850 mAh nab\u00edjate\u013en\u00e1 bat\u00e9ria<\/strong>, zais\u0165uje siln\u00fd v\u00fdkon po cel\u00fa dobu \u017eivotnosti. Technol\u00f3gia <strong>Nab\u00edjanie typu C<\/strong> poskytuje r\u00fdchle a efekt\u00edvne nab\u00edjanie, minimalizuje prestoje a udr\u017euje v\u00e1\u0161 vape pripraven\u00fd na pou\u017eitie. Pre v\u00e4\u010d\u0161ie pohodlie je vape dod\u00e1van\u00fd so sofistikovan\u00fdm <strong>LCD digit\u00e1lny displej<\/strong> ktor\u00fd ukazuje zost\u00e1vaj\u00facu \u017eivotnos\u0165 bat\u00e9rie a hladinu e-liquidu, \u010do u\u013eah\u010duje informovanos\u0165.<\/p>\n<p>Objavte luxusn\u00fd a plne nastavite\u013en\u00fd <strong>shisha bar<\/strong> z\u00e1\u017eitok s <strong>Cold Mountain ALPS Jednorazov\u00fd Vape<\/strong>. Pozdvihnite svoju hru na vaping s <strong>ve\u013ekoobchodn\u00e9 vapes<\/strong>, dostupn\u00fd pre hromadn\u00fd n\u00e1kup za konkurencieschopn\u00fa cenu. N\u00e1jdete ho a mnoho \u010fal\u0161ieho u svojho d\u00f4veryhodn\u00e9ho dod\u00e1vate\u013ea <strong>\u0161lukov\u00e9 vapo<\/strong> , kde sa kvalita a v\u00fdkon sp\u00e1jaj\u00fa s cenovou dostupnos\u0165ou.<\/p>\n<\/div>\n<\/div>\n<\/div>\n<\/div>\n<\/div>\n<\/div>\n<p><strong>Kontaktujte Amy pre spr\u00e1vnu odpove\u010f a vape kup\u00f3n!<\/strong><\/p>\n<p><img loading=\"lazy\" decoding=\"async\" class=\"size-full wp-image-1978\" src=\"https:\/\/rmvapesale.com\/wp-content\/uploads\/2024\/09\/Disposable-Vape-Wholesale.jpg\" alt=\"Jednorazov\u00fd vape ve\u013ekoobchod\" width=\"229\" height=\"300\" \/><\/p>\n<h3><a href=\"https:\/\/wa.me\/8617776015835\" target=\"_blank\" rel=\"noopener\"><span style=\"color: #ff0000\"><strong>WhatsApp: +86 17776015835<\/strong><\/span><\/a><\/h3>\n<p>&nbsp;<\/p>\n<h2><\/h2>\n<h2><strong>Puff Vape Cold Mountain ALPS 30000 <\/strong><strong>K\u013e\u00fa\u010dov\u00e9 vlastnosti<\/strong><\/h2>\n<p>Typ: Nab\u00edjac\u00ed Vape<br \/>\nE-liquid: 35ml<br \/>\nMesh Coil: Ve\u013ek\u00fd dym<br \/>\nPotiahnutia: 30000 potiahnut\u00ed<br \/>\nOdpor:0.5\u03a9<br \/>\nSo\u013e Nikot\u00edn:2%<br \/>\nSpodn\u00e9 nab\u00edjanie cez Type-C<br \/>\nObrazovka displeja<\/p>\n<figure id=\"attachment_2643\" aria-describedby=\"caption-attachment-2643\" style=\"width: 800px\" class=\"wp-caption alignnone\"><img loading=\"lazy\" decoding=\"async\" class=\"wp-image-2643 size-full\" src=\"https:\/\/rmvapesale.com\/wp-content\/uploads\/2024\/11\/Wholesale-COLD-MOUNTAIN-ALPS-30000-Disposable-Vape.jpg\" alt=\"Ve\u013ekoobchodn\u00fd jednorazov\u00fd vape COLD MOUNTAIN ALPS 30000\" width=\"800\" height=\"800\" srcset=\"https:\/\/rmvapesale.com\/wp-content\/uploads\/2024\/11\/Wholesale-COLD-MOUNTAIN-ALPS-30000-Disposable-Vape.jpg 800w, https:\/\/rmvapesale.com\/wp-content\/uploads\/2024\/11\/Wholesale-COLD-MOUNTAIN-ALPS-30000-Disposable-Vape-300x300.jpg 300w, https:\/\/rmvapesale.com\/wp-content\/uploads\/2024\/11\/Wholesale-COLD-MOUNTAIN-ALPS-30000-Disposable-Vape-150x150.jpg 150w, https:\/\/rmvapesale.com\/wp-content\/uploads\/2024\/11\/Wholesale-COLD-MOUNTAIN-ALPS-30000-Disposable-Vape-768x768.jpg 768w, https:\/\/rmvapesale.com\/wp-content\/uploads\/2024\/11\/Wholesale-COLD-MOUNTAIN-ALPS-30000-Disposable-Vape-600x600.jpg 600w, https:\/\/rmvapesale.com\/wp-content\/uploads\/2024\/11\/Wholesale-COLD-MOUNTAIN-ALPS-30000-Disposable-Vape-100x100.jpg 100w\" sizes=\"auto, (max-width: 800px) 100vw, 800px\" \/><figcaption id=\"caption-attachment-2643\" class=\"wp-caption-text\">Ve\u013ekoobchodn\u00fd jednorazov\u00fd vape COLD MOUNTAIN ALPS 30000<\/figcaption><\/figure>\n<h2><strong>Najlep\u0161ia pr\u00edchu\u0165 pre <\/strong><strong>Puff Vape Cold Mountain ALPS 30000 Puffs<\/strong><\/h2>\n<p>1. Dra\u010d\u00ed mel\u00f3n<br \/>\n2. Jahodov\u00fd vodn\u00fd mel\u00f3n\u00a0 <span style=\"color: #ff0000\"><strong>&gt;&gt;&gt;&gt; Hor\u00face!<\/strong><\/span><br \/>\n3. Ru\u017eov\u00e1 limon\u00e1da<br \/>\n4. \u010cierny \u013ead Dra\u010die ovocie Jahoda<br \/>\n5. Mu\u010denka kivi<br \/>\n6. Vodn\u00fd mel\u00f3n<br \/>\n7. Strawberry Banana<br \/>\n8. Aloe hrozno<br \/>\n9. \u010cu\u010doriedkov\u00e1 \u010dere\u0161\u0148ov\u00e1 kola <span style=\"color: #ff0000\"><strong>&gt;&gt;&gt;&gt; Najlep\u0161ie!<\/strong><\/span><br \/>\n10. Mango<\/p>\n<p>&nbsp;<\/p>\n<h3><strong>Pre\u010do si vybra\u0165 Rmvapesale pre <\/strong><strong>ALPY\u00a0<\/strong><strong>Nab\u00edjate\u013en\u00fd 30000 \u0165ahov\u00fd vape<\/strong><strong>?<\/strong><\/h3>\n<div class=\"flex-shrink-0 flex flex-col relative items-end\">\n<div class=\"pt-0\">\n<div class=\"gizmo-bot-avatar flex h-8 w-8 items-center justify-center overflow-hidden rounded-full\">\n<div class=\"relative p-1 rounded-sm flex items-center justify-center bg-token-main-surface-primary text-token-text-primary h-8 w-8\">\n<p>Ke\u010f si vyberiete Rmvapesale pre va\u0161e ve\u013ekoobchodn\u00e9 potreby s jednorazov\u00fdmi vapmi, z\u00edskate:<\/p>\n<ul>\n<li><strong>Konkuren\u010dn\u00e1 cena<\/strong>: Z\u00edskajte pr\u00edstup k atrakt\u00edvnym ve\u013ekoobchodn\u00fdm cen\u00e1m, ktor\u00e9 zv\u00fd\u0161ia mar\u017ee v\u00e1\u0161ho podnikania.<\/li>\n<li><strong>Vysok\u00e1 kvalita<\/strong>: Na\u0161e vapy s\u00fa vyr\u00e1ban\u00e9 pod\u013ea najvy\u0161\u0161\u00edch \u0161tandardov a <span style=\"color: #ff0000\"><strong>zaru\u010dene 100% origin\u00e1lne a autentick\u00e9, alebo v\u00e1m poskytneme 10-n\u00e1sobn\u00fa kompenz\u00e1ciu za falo\u0161n\u00fd tovar!<\/strong><\/span><\/li>\n<li><strong>Vynikaj\u00faci z\u00e1kazn\u00edcky servis<\/strong>: N\u00e1\u0161 oddan\u00fd t\u00edm je v\u017edy pripraven\u00fd v\u00e1m pom\u00f4c\u0165, v\u010faka \u010domu bude v\u00e1\u0161 n\u00e1kupn\u00fd proces plynul\u00fd a bezprobl\u00e9mov\u00fd.<\/li>\n<li><strong>R\u00fdchle<\/strong>: O\u010dak\u00e1vajte r\u00fdchle a spo\u013eahliv\u00e9 doru\u010denie, ktor\u00e9 zaist\u00ed, \u017ee va\u0161e objedn\u00e1vky dorazia v\u017edy na\u010das.<\/li>\n<\/ul>\n<\/div>\n<h3><\/h3>\n<div class=\"relative p-1 rounded-sm flex items-center justify-center bg-token-main-surface-primary text-token-text-primary h-8 w-8\">\n<h3><b>Cold Mountain ALPS 30000 Shisha FAQS\u00a0<\/b><\/h3>\n<\/div>\n<ol>\n<li><strong>Ako zist\u00edm, kedy je m\u00f4j jednorazov\u00fd vape pr\u00e1zdny?<\/strong>\n<ul>\n<li>The <strong>Cold Mountain ALPS 30000<\/strong> je vybaven\u00fd <strong>LCD digit\u00e1lny displej<\/strong> ktor\u00fd ukazuje zost\u00e1vaj\u00facu hladinu e-liquidu. Ke\u010f obrazovka signalizuje, \u017ee hladina e-liquidu je n\u00edzka, alebo zaznamen\u00e1te v\u00fdrazn\u00fd pokles produkcie pary a intenzity chuti, je \u010das vymeni\u0165 jednorazov\u00fd vape.<\/li>\n<\/ul>\n<\/li>\n<li><strong>Ako dlho trv\u00e1 nabitie Puff Vape Cold Mountain ALPS 30000?<\/strong>\n<ul>\n<li>The <strong>Cold Mountain ALPS 30000<\/strong> disponuje <strong>technol\u00f3giou nab\u00edjania Type-C<\/strong>, ktor\u00e1 zabezpe\u010duje r\u00fdchle a efekt\u00edvne nab\u00edjanie. V priemere trv\u00e1 pln\u00e9 nabitie zariadenia pribli\u017ene <strong>1-2 hodiny<\/strong> v z\u00e1vislosti od zdroja energie.<\/li>\n<\/ul>\n<\/li>\n<li><strong>Ko\u013eko nikot\u00ednu obsahuje Cold Mountain ALPS 30000 Shisha?<\/strong>\n<ul>\n<li>The <strong>Cold Mountain ALPS 30000 Shisha<\/strong> pon\u00faka r\u00f4zne mo\u017enosti sily nikot\u00ednu <strong>2%.<\/strong><\/li>\n<\/ul>\n<\/li>\n<li><strong>Kde k\u00fapi\u0165 Puff Vape za ve\u013ekoobchodn\u00fa cenu?<\/strong>\n<ul>\n<li>M\u00f4\u017eete si zak\u00fapi\u0165 <strong>Puff Vape Cold Mountain ALPS 30000<\/strong> a in\u00e9 <strong>ve\u013ekoobchodn\u00e9 vapes<\/strong> od d\u00f4veryhodn\u00fdch dod\u00e1vate\u013eov ako je <strong>rmvapesale<\/strong> alebo \u0161pecializovan\u00fdch <strong>predajniach s vaporiz\u00e9rmi<\/strong> ktor\u00e9 pon\u00fakaj\u00fa mo\u017enosti hromadn\u00e9ho n\u00e1kupu. Skontrolujte ich online platformy pre konkuren\u010dn\u00e9 ve\u013ekoobchodn\u00e9 ceny.<\/li>\n<\/ul>\n<\/li>\n<li><strong>M\u00f4\u017eem si vzia\u0165 jednorazov\u00fa elektronick\u00fa cigaretu do lietadla?<\/strong>\n<ul>\n<li>\u00c1no, m\u00f4\u017eete si vzia\u0165 <strong>jednorazov\u00fd vape<\/strong> do lietadla, ale mus\u00ed by\u0165 umiestnen\u00e1 vo va\u0161ej <strong>pr\u00edru\u010dnej bato\u017eine<\/strong>, nie v podanej bato\u017eine, kv\u00f4li bezpe\u010dnostn\u00fdm predpisom leteckej spolo\u010dnosti t\u00fdkaj\u00facim sa l\u00edtiov\u00fdch bat\u00e9ri\u00ed. Uistite sa, \u017ee je zariadenie vypnut\u00e9 a dodr\u017eiavajte v\u0161etky \u0161pecifick\u00e9 pokyny stanoven\u00e9 leteckou spolo\u010dnos\u0165ou. Pred cestou sa v\u017edy informujte u svojej leteckej spolo\u010dnosti.<\/li>\n<\/ul>\n<\/li>\n<\/ol>\n<\/div>\n<\/div>\n<\/div>\n<h3>O doru\u010den\u00ed<\/h3>\n<div class=\"flex-shrink-0 flex flex-col relative items-end\">\n<div>\n<div class=\"pt-0\">\n<div class=\"gizmo-bot-avatar flex h-8 w-8 items-center justify-center overflow-hidden rounded-full\">\n<div><\/div>\n<div class=\"relative p-1 rounded-sm flex items-center justify-center bg-token-main-surface-primary text-token-text-primary h-8 w-8\"><strong>1. Ak\u00e9 sp\u00f4soby doru\u010denia pou\u017e\u00edvate?<\/strong><\/div>\n<\/div>\n<\/div>\n<\/div>\n<\/div>\n<div class=\"group\/conversation-turn relative flex w-full min-w-0 flex-col agent-turn\">\n<div class=\"flex-col gap-1 md:gap-3\">\n<div class=\"flex max-w-full flex-col flex-grow\">\n<div class=\"min-h-[20px] text-message flex w-full flex-col items-end gap-2 whitespace-normal break-words [.text-message+&amp;]:mt-5 overflow-x-auto\" dir=\"auto\" data-message-author-role=\"assistant\" data-message-id=\"22f8283b-3233-46ff-89a5-c7a41b33abda\">\n<div class=\"flex w-full flex-col gap-1 empty:hidden first:pt-[3px]\">\n<div class=\"markdown prose w-full break-words dark:prose-invert light\">\n<p>Spolupracujeme so spolo\u010dnos\u0165ami UPS, DHL, FedEx, DPD a \u010fal\u0161\u00edmi popredn\u00fdmi dopravcami. Vyberieme najlep\u0161\u00ed sp\u00f4sob doru\u010denia na z\u00e1klade va\u0161ej adresy, aby sme zaistili, \u017ee svoje produkty dostanete \u010do najr\u00fdchlej\u0161ie.<\/p>\n<\/div>\n<p><strong>2. Ako dlho trv\u00e1 doru\u010denie?<\/strong><\/p>\n<p>Bal\u00edky doru\u010dovan\u00e9 na Slovensko zvy\u010dajne dorazia do 10 pracovn\u00fdch dn\u00ed. Doru\u010denie do eur\u00f3pskych kraj\u00edn zvy\u010dajne trv\u00e1 asi 12-15 pracovn\u00fdch dn\u00ed. Budeme v\u00e1s informova\u0165 o stave doru\u010denia v re\u00e1lnom \u010dase.<\/p>\n<\/div>\n<\/div>\n<\/div>\n<\/div>\n<\/div>\n<p>&nbsp;<\/p>\n<p>\u010eal\u0161ie hor\u00face vapy, ktor\u00e9 by sa v\u00e1m mohli p\u00e1\u010di\u0165:<\/p>\n<p><a href=\"https:\/\/rmvapesale.com\/sk\/product\/full-screen-disposable-vape-hzko-supernova-30000-puffs-wholesale\/\"><strong>HZKO Supernova 25000 Puff\u00a0 \u00a0<span style=\"color: #ff0000\">&gt;&gt;&gt;&gt; \u00eds\u0165!<\/span><\/strong><\/a><\/p>\n<p><strong><a href=\"https:\/\/rmvapesale.com\/sk\/product\/poco-sl15000-disposable-vape-5-nicotine-smart-vape\/\">POCO SL15000 Jednorazov\u00e1 vapa <span style=\"color: #ff0000\">&gt;&gt;&gt;&gt; \u00eds\u0165!<\/span><\/a>\u00a0<\/strong><\/p>\n<p><a href=\"https:\/\/rmvapesale.com\/sk\/product\/original-randm-vape-digital-puff-12000-fumot-factory-price\/\"><strong>Fumot Vape 12000 potiahnut\u00ed <span style=\"color: #ff0000\">&gt;&gt;&gt;&gt; \u00eds\u0165!<\/span><\/strong><\/a><\/p>\n<p>&nbsp;<\/p>\n<p>&nbsp;<\/p>\n<p>N\u00e1jdite \u010fal\u0161ie vape produkty, ktor\u00e9 by sa v\u00e1m mohli p\u00e1\u010di\u0165:<strong><em><a href=\"https:\/\/rmvapesale.com\/sk\/shop-2\/\">nakupova\u0165 teraz &gt;&gt;&gt;<\/a><\/em><\/strong><\/p>","protected":false},"excerpt":{"rendered":"<p>Jednorazov\u00fd vape Cold Mountain Alps s 30K \u0165ahmi<br \/>\nPod Cold Mountain Alps 30000 \u0165ahov Sklad E\u00da<br \/>\nVe\u013ekoobchod COLD MOUNTAIN ALPS 30000 \u0165ahov Jednorazov\u00fd<br \/>\n<span style=\"color: #ff0000\">(Odoslanie zo skladu v E\u00da, doru\u010denie do v\u00e4\u010d\u0161iny eur\u00f3pskych kraj\u00edn trv\u00e1 pribli\u017ene 3-7 dn\u00ed, napr. Holandsko, Franc\u00fazsko, Taliansko, \u0160panielsko, \u0160vaj\u010diarsko, \u0160v\u00e9dsko, Po\u013esko, at\u010f.)<\/span><\/p>\n<p><img loading=\"lazy\" decoding=\"async\" class=\"size-full wp-image-2375\" src=\"https:\/\/rmvapesale.com\/wp-content\/uploads\/2024\/10\/image.png\" alt=\"Najlep\u0161\u00ed jednorazov\u00fd vape\" width=\"229\" height=\"300\" \/><\/p>\n<h3><a href=\"https:\/\/wa.me\/8617776015835\"><span style=\"color: #ff0000\"><strong>WhatsApp: +86 17776015835<\/strong><\/span><\/a><\/h3>\n<p>&nbsp;<\/p>","protected":false},"featured_media":2641,"comment_status":"open","ping_status":"closed","template":"","meta":{"_uag_custom_page_level_css":"","_lmt_disableupdate":"no","_lmt_disable":"","site-sidebar-layout":"default","site-content-layout":"content-boxed-container","ast-site-content-layout":"normal-width-container","site-content-style":"boxed","site-sidebar-style":"unboxed","ast-global-header-display":"","ast-banner-title-visibility":"","ast-main-header-display":"","ast-hfb-above-header-display":"","ast-hfb-below-header-display":"","ast-hfb-mobile-header-display":"","site-post-title":"","ast-breadcrumbs-content":"","ast-featured-img":"","footer-sml-layout":"","theme-transparent-header-meta":"default","adv-header-id-meta":"","stick-header-meta":"","header-above-stick-meta":"","header-main-stick-meta":"","header-below-stick-meta":"","astra-migrate-meta-layouts":"set","ast-page-background-enabled":"default","ast-page-background-meta":{"desktop":{"background-color":"var(--ast-global-color-4)","background-image":"","background-repeat":"repeat","background-position":"center center","background-size":"auto","background-attachment":"scroll","background-type":"","background-media":"","overlay-type":"","overlay-color":"","overlay-opacity":"","overlay-gradient":""},"tablet":{"background-color":"","background-image":"","background-repeat":"repeat","background-position":"center center","background-size":"auto","background-attachment":"scroll","background-type":"","background-media":"","overlay-type":"","overlay-color":"","overlay-opacity":"","overlay-gradient":""},"mobile":{"background-color":"","background-image":"","background-repeat":"repeat","background-position":"center center","background-size":"auto","background-attachment":"scroll","background-type":"","background-media":"","overlay-type":"","overlay-color":"","overlay-opacity":"","overlay-gradient":""}},"ast-content-background-meta":{"desktop":{"background-color":"var(--ast-global-color-5)","background-image":"","background-repeat":"repeat","background-position":"center center","background-size":"auto","background-attachment":"scroll","background-type":"","background-media":"","overlay-type":"","overlay-color":"","overlay-opacity":"","overlay-gradient":""},"tablet":{"background-color":"var(--ast-global-color-5)","background-image":"","background-repeat":"repeat","background-position":"center center","background-size":"auto","background-attachment":"scroll","background-type":"","background-media":"","overlay-type":"","overlay-color":"","overlay-opacity":"","overlay-gradient":""},"mobile":{"background-color":"var(--ast-global-color-5)","background-image":"","background-repeat":"repeat","background-position":"center center","background-size":"auto","background-attachment":"scroll","background-type":"","background-media":"","overlay-type":"","overlay-color":"","overlay-opacity":"","overlay-gradient":""}},"_joinchat":[]},"product_brand":[],"product_cat":[15,195,25,123,26,28,135,27,137,136,30],"product_tag":[146,188,167,197,165,180,154,191,196,120],"class_list":{"0":"post-2644","1":"product","2":"type-product","3":"status-publish","4":"has-post-thumbnail","6":"product_cat-new-vape-this-week","7":"product_cat-germany-warehouse","8":"product_cat-germany-best-selling-vape","9":"product_cat-italy-wholesale-vape","10":"product_cat-netherlands-hot-sale-vape","11":"product_cat-poland-hot-sale-vape","12":"product_cat-spain-best-hot-sale-vape","13":"product_cat-fance-hot-sale-vape","14":"product_cat-rechargeable-vapes","15":"product_cat-smart-screen-vapes","16":"product_cat-minimum-order-quantity-50pcs","17":"product_tag-best-hot-sale-vape","18":"product_tag-buy-vapes-online","19":"product_tag-disposable-vape-with-screen","20":"product_tag-germany-hot-sale-vape","21":"product_tag-rechargeable-vapes","22":"product_tag-shisha-bar","23":"product_tag-smart-vape","24":"product_tag-vape-box","25":"product_tag-vape-shop","26":"product_tag-vape-wholesale","27":"desktop-align-left","28":"tablet-align-left","29":"mobile-align-left","31":"first","32":"instock","33":"sale","34":"shipping-taxable","35":"purchasable","36":"product-type-simple"},"uagb_featured_image_src":{"full":["https:\/\/rmvapesale.com\/wp-content\/uploads\/2024\/11\/Cold-Mountain-ALPS-Shisha-Hookah.jpg",800,800,false],"thumbnail":["https:\/\/rmvapesale.com\/wp-content\/uploads\/2024\/11\/Cold-Mountain-ALPS-Shisha-Hookah-150x150.jpg",150,150,true],"medium":["https:\/\/rmvapesale.com\/wp-content\/uploads\/2024\/11\/Cold-Mountain-ALPS-Shisha-Hookah-300x300.jpg",300,300,true],"medium_large":["https:\/\/rmvapesale.com\/wp-content\/uploads\/2024\/11\/Cold-Mountain-ALPS-Shisha-Hookah-768x768.jpg",768,768,true],"large":["https:\/\/rmvapesale.com\/wp-content\/uploads\/2024\/11\/Cold-Mountain-ALPS-Shisha-Hookah.jpg",800,800,false],"1536x1536":["https:\/\/rmvapesale.com\/wp-content\/uploads\/2024\/11\/Cold-Mountain-ALPS-Shisha-Hookah.jpg",800,800,false],"2048x2048":["https:\/\/rmvapesale.com\/wp-content\/uploads\/2024\/11\/Cold-Mountain-ALPS-Shisha-Hookah.jpg",800,800,false],"trp-custom-language-flag":["https:\/\/rmvapesale.com\/wp-content\/uploads\/2024\/11\/Cold-Mountain-ALPS-Shisha-Hookah.jpg",12,12,false],"woocommerce_thumbnail":["https:\/\/rmvapesale.com\/wp-content\/uploads\/2024\/11\/Cold-Mountain-ALPS-Shisha-Hookah-300x300.jpg",300,300,true],"woocommerce_single":["https:\/\/rmvapesale.com\/wp-content\/uploads\/2024\/11\/Cold-Mountain-ALPS-Shisha-Hookah-600x600.jpg",600,600,true],"woocommerce_gallery_thumbnail":["https:\/\/rmvapesale.com\/wp-content\/uploads\/2024\/11\/Cold-Mountain-ALPS-Shisha-Hookah-100x100.jpg",100,100,true],"wcpr-photo-reviews":["https:\/\/rmvapesale.com\/wp-content\/uploads\/2024\/11\/Cold-Mountain-ALPS-Shisha-Hookah.jpg",500,500,false]},"uagb_author_info":{"display_name":"AMY","author_link":"https:\/\/rmvapesale.com\/sk\/author\/"},"uagb_comment_info":0,"uagb_excerpt":"Cold Mountain Alps Disposable Vape With 30K Puffs Pod Cold Mountain Alps 30000 Puff EU Warehouse Wholesale COLD MOUNTAIN ALPS 30000 Puffs Disposable (Ship from EU warehouse and takes about 3-7 days\u00a0 to get arrive to most Europe countries like Netherlands, France, Italy, Spain, Switzerland, Sweden, Poland, etc. ) WhatsApp: +86 17776015835 &nbsp;","_links":{"self":[{"href":"https:\/\/rmvapesale.com\/sk\/wp-json\/wp\/v2\/product\/2644","targetHints":{"allow":["GET"]}}],"collection":[{"href":"https:\/\/rmvapesale.com\/sk\/wp-json\/wp\/v2\/product"}],"about":[{"href":"https:\/\/rmvapesale.com\/sk\/wp-json\/wp\/v2\/types\/product"}],"replies":[{"embeddable":true,"href":"https:\/\/rmvapesale.com\/sk\/wp-json\/wp\/v2\/comments?post=2644"}],"wp:featuredmedia":[{"embeddable":true,"href":"https:\/\/rmvapesale.com\/sk\/wp-json\/wp\/v2\/media\/2641"}],"wp:attachment":[{"href":"https:\/\/rmvapesale.com\/sk\/wp-json\/wp\/v2\/media?parent=2644"}],"wp:term":[{"taxonomy":"product_brand","embeddable":true,"href":"https:\/\/rmvapesale.com\/sk\/wp-json\/wp\/v2\/product_brand?post=2644"},{"taxonomy":"product_cat","embeddable":true,"href":"https:\/\/rmvapesale.com\/sk\/wp-json\/wp\/v2\/product_cat?post=2644"},{"taxonomy":"product_tag","embeddable":true,"href":"https:\/\/rmvapesale.com\/sk\/wp-json\/wp\/v2\/product_tag?post=2644"}],"curies":[{"name":"wp","href":"https:\/\/api.w.org\/{rel}","templated":true}]}}